{"id":65776,"date":"2025-01-15T17:10:18","date_gmt":"2025-01-15T14:10:18","guid":{"rendered":"https:\/\/gohike.lv\/?post_type=product&#038;p=65776"},"modified":"2026-01-02T07:34:15","modified_gmt":"2026-01-02T04:34:15","slug":"harchifood-xl-ukrainas-borscs-ar-cukgalu-100-liofilizets","status":"publish","type":"product","link":"https:\/\/gohike.lv\/ru\/produkts\/harchifood-xl-ukrainas-borscs-ar-cukgalu-100-liofilizets\/","title":{"rendered":"HARCHIFOOD &#8212; (XL) Ukrainas bor\u0161\u010ds ar c\u016bkga\u013cu. 100% Liofiliz\u0113ts."},"content":{"rendered":"<p>Uzturv\u0113rt\u012bba uz 60g:<br \/>\nKalorijas (kKal): 230<br \/>\nKalorijas (kJ): 962,5<br \/>\nTauki (g): 5<br \/>\nPies\u0101tin\u0101tie tauki (g): 1,2<br \/>\nTranstauki (g): 0<br \/>\nOg\u013chidr\u0101ti (g): 32<br \/>\nDi\u0113tisk\u0101s \u0161\u0137iedras (g): 2,4<br \/>\nCukuri (g): 10,7<br \/>\nOlbaltumvielas (g): 16,33<br \/>\nS\u0101ls (g): 2<br \/>\nUZTURA FAKTI uz 100g<br \/>\nKalorijas (kKal): 383,4<br \/>\nKalorijas (kJ): 1604,2<br \/>\nTauki (g): 8,3<br \/>\nPies\u0101tin\u0101tie tauki (g): 2,00<br \/>\nTranstauki (g): 0<br \/>\nOg\u013chidr\u0101ti (g): 53,24<br \/>\nDi\u0113tisk\u0101s \u0161\u0137iedras (g): 4,06<br \/>\nCukuri (g): 17,82<br \/>\nOlbaltumvielas (g): 27,22<br \/>\nS\u0101ls (g): 3,29<br \/>\nUzglab\u0101t v\u0113s\u0101, saus\u0101 viet\u0101 1 (vienu) gadu \u2013 bez sk\u0101bek\u013ca absorb\u0113t\u0101ja, 3 (tr\u012bs) gadus \u2013 ar sk\u0101bek\u013ca absorb\u0113t\u0101ju.<br \/>\nPagatavo\u0161ana: Ielejiet maisi\u0146\u0101 450ml verdo\u0161a \u016bdens vai l\u012bdz 8. l\u012bnijas atz\u012bmei,\u00a0maisot\u00a0saturu, samais\u012bt un aizv\u0113rt iepakojumu. Gatavs \u0113\u0161anai p\u0113c 20 min\u016bt\u0113m.<\/p>\n","protected":false},"excerpt":{"rendered":"<p>Sast\u0101vda\u013cas: v\u0101r\u012bta un liofiliz\u0113ta: c\u016bkga\u013ca (22%); kartupe\u013ci, k\u0101posti, s\u012bpoli, burk\u0101ni, bietes, tom\u0101tu pasta, \u0137iploki, dilles, p\u0113ters\u012b\u013ci (74%); s\u0101ls (4%).<\/p>\n","protected":false},"featured_media":65780,"template":"","meta":[],"product_brand":[615],"product_cat":[896],"product_tag":[],"class_list":{"0":"post-65776","1":"product","2":"type-product","3":"status-publish","4":"has-post-thumbnail","6":"product_brand-harchifood-lv","7":"product_cat-turistu-partika-un-dzerieni","8":"pa_izmeriscm-2115-55","9":"pa_neto-svars-60g","10":"pa_produkta-tips-zupas","11":"pa_produkta-veids-sublimeta-partika","13":"first","14":"outofstock","15":"taxable","16":"shipping-taxable","17":"purchasable","18":"product-type-simple"},"raw_content":{"name":"HARCHIFOOD - (XL) Ukrainas bor\u0161\u010ds ar c\u016bkga\u013cu. 100% Liofiliz\u0113ts.","description":"Uzturv\u0113rt\u012bba uz 60g:\nKalorijas (kKal): 230\nKalorijas (kJ): 962,5\nTauki (g): 5\nPies\u0101tin\u0101tie tauki (g): 1,2\nTranstauki (g): 0\nOg\u013chidr\u0101ti (g): 32\nDi\u0113tisk\u0101s \u0161\u0137iedras (g): 2,4\nCukuri (g): 10,7\nOlbaltumvielas (g): 16,33\nS\u0101ls (g): 2\nUZTURA FAKTI uz 100g\nKalorijas (kKal): 383,4\nKalorijas (kJ): 1604,2\nTauki (g): 8,3\nPies\u0101tin\u0101tie tauki (g): 2,00\nTranstauki (g): 0\nOg\u013chidr\u0101ti (g): 53,24\nDi\u0113tisk\u0101s \u0161\u0137iedras (g): 4,06\nCukuri (g): 17,82\nOlbaltumvielas (g): 27,22\nS\u0101ls (g): 3,29\nUzglab\u0101t v\u0113s\u0101, saus\u0101 viet\u0101 1 (vienu) gadu \u2013 bez sk\u0101bek\u013ca absorb\u0113t\u0101ja, 3 (tr\u012bs) gadus \u2013 ar sk\u0101bek\u013ca absorb\u0113t\u0101ju.\nPagatavo\u0161ana: Ielejiet maisi\u0146\u0101 450ml verdo\u0161a \u016bdens vai l\u012bdz 8. l\u012bnijas atz\u012bmei,\u00a0maisot\u00a0saturu, samais\u012bt un aizv\u0113rt iepakojumu. Gatavs \u0113\u0161anai p\u0113c 20 min\u016bt\u0113m.","short_description":"Sast\u0101vda\u013cas: v\u0101r\u012bta un liofiliz\u0113ta: c\u016bkga\u013ca (22%); kartupe\u013ci, k\u0101posti, s\u012bpoli, burk\u0101ni, bietes, tom\u0101tu pasta, \u0137iploki, dilles, p\u0113ters\u012b\u013ci (74%); s\u0101ls (4%).","status":"publish","sku":"4820225900420","original":65776},"wpml":{"translation_type":1,"has_translations":true,"original":65776,"duplicates":[],"translations":{"lv":65776,"en":66828,"ru":null}},"supplier_id":null,"supplier_sku":"","barcode":null,"atum_controlled":true,"out_stock_date":"2025-12-29 15:27:21","out_stock_threshold":null,"inheritable":false,"inbound_stock":0,"stock_on_hold":0,"sold_today":0,"sales_last_days":0,"reserved_stock":0,"customer_returns":0,"warehouse_damage":0,"lost_in_post":0,"other_logs":0,"out_stock_days":0,"lost_sales":0,"has_location":false,"update_date":"2026-01-02T04:34:16","atum_locations":[],"atum_stock_status":"outofstock","restock_status":false,"low_stock_amount":"","sales_update_date":"2025-11-13T14:08:25","calc_backorders":null,"yoast_head":"<!-- This site is optimized with the Yoast SEO plugin v27.3 - https:\/\/yoast.com\/product\/yoast-seo-wordpress\/ -->\n<title>HARCHIFOOD - Ukrainas bor\u0161\u010ds ar c\u016bkga\u013cu. 100% Liofiliz\u0113ts.<\/title>\n<meta name=\"description\" content=\"Sast\u0101vda\u013cas: v\u0101r\u012bta un liofiliz\u0113ta: c\u016bkga\u013ca (22%); kartupe\u013ci, k\u0101posti, s\u012bpoli, burk\u0101ni, bietes, tom\u0101tu pasta, \u0137iploki, dilles, p\u0113ters\u012b\u013ci (74%); s\u0101ls (4%).\" \/>\n<meta name=\"robots\" content=\"index, follow, max-snippet:-1, max-image-preview:large, max-video-preview:-1\" \/>\n<link rel=\"canonical\" href=\"https:\/\/gohike.lv\/ru\/produkts\/harchifood-xl-ukrainas-borscs-ar-cukgalu-100-liofilizets\/\" \/>\n<meta property=\"og:locale\" content=\"ru_RU\" \/>\n<meta property=\"og:type\" content=\"article\" \/>\n<meta property=\"og:title\" content=\"T\u016bristu p\u0101rtika Zupas HARCHIFOOD Ukrainas bor\u0161\u010ds ar c\u016bkga\u013cu. 100% Liofiliz\u0113ts.\" \/>\n<meta property=\"og:description\" content=\"Sast\u0101vda\u013cas: v\u0101r\u012bta un liofiliz\u0113ta: c\u016bkga\u013ca (22%); kartupe\u013ci, k\u0101posti, s\u012bpoli, burk\u0101ni, bietes, tom\u0101tu pasta, \u0137iploki, dilles, p\u0113ters\u012b\u013ci (74%); s\u0101ls (4%).\" \/>\n<meta property=\"og:url\" content=\"https:\/\/gohike.lv\/ru\/produkts\/harchifood-xl-ukrainas-borscs-ar-cukgalu-100-liofilizets\/\" \/>\n<meta property=\"og:site_name\" content=\"GoHike\" \/>\n<meta property=\"article:publisher\" content=\"https:\/\/www.facebook.com\/gohike.shop\/\" \/>\n<meta property=\"article:modified_time\" content=\"2026-01-02T04:34:15+00:00\" \/>\n<meta property=\"og:image\" content=\"https:\/\/gohike.lv\/wp-content\/uploads\/2025\/01\/XLborsh-768x768.png\" \/>\n\t<meta property=\"og:image:width\" content=\"768\" \/>\n\t<meta property=\"og:image:height\" content=\"768\" \/>\n\t<meta property=\"og:image:type\" content=\"image\/png\" \/>\n<meta name=\"twitter:card\" content=\"summary_large_image\" \/>\n<meta name=\"twitter:title\" content=\"T\u016bristu p\u0101rtika Zupas HARCHIFOOD Ukrainas bor\u0161\u010ds ar c\u016bkga\u013cu. 100% Liofiliz\u0113ts.\" \/>\n<meta name=\"twitter:label1\" content=\"\u041f\u0440\u0438\u043c\u0435\u0440\u043d\u043e\u0435 \u0432\u0440\u0435\u043c\u044f \u0434\u043b\u044f \u0447\u0442\u0435\u043d\u0438\u044f\" \/>\n\t<meta name=\"twitter:data1\" content=\"1 \u043c\u0438\u043d\u0443\u0442\u0430\" \/>\n<script type=\"application\/ld+json\" class=\"yoast-schema-graph\">{\"@context\":\"https:\\\/\\\/schema.org\",\"@graph\":[{\"@type\":[\"WebPage\",\"ItemPage\"],\"@id\":\"https:\\\/\\\/gohike.lv\\\/ru\\\/produkts\\\/harchifood-xl-ukrainas-borscs-ar-cukgalu-100-liofilizets\\\/\",\"url\":\"https:\\\/\\\/gohike.lv\\\/ru\\\/produkts\\\/harchifood-xl-ukrainas-borscs-ar-cukgalu-100-liofilizets\\\/\",\"name\":\"HARCHIFOOD - Ukrainas bor\u0161\u010ds ar c\u016bkga\u013cu. 100% Liofiliz\u0113ts.\",\"isPartOf\":{\"@id\":\"https:\\\/\\\/gohike.lv\\\/ru\\\/#website\"},\"primaryImageOfPage\":{\"@id\":\"https:\\\/\\\/gohike.lv\\\/ru\\\/produkts\\\/harchifood-xl-ukrainas-borscs-ar-cukgalu-100-liofilizets\\\/#primaryimage\"},\"image\":{\"@id\":\"https:\\\/\\\/gohike.lv\\\/ru\\\/produkts\\\/harchifood-xl-ukrainas-borscs-ar-cukgalu-100-liofilizets\\\/#primaryimage\"},\"thumbnailUrl\":\"https:\\\/\\\/gohike.lv\\\/wp-content\\\/uploads\\\/2025\\\/01\\\/XLborsh.png\",\"datePublished\":\"2025-01-15T14:10:18+00:00\",\"dateModified\":\"2026-01-02T04:34:15+00:00\",\"description\":\"Sast\u0101vda\u013cas: v\u0101r\u012bta un liofiliz\u0113ta: c\u016bkga\u013ca (22%); kartupe\u013ci, k\u0101posti, s\u012bpoli, burk\u0101ni, bietes, tom\u0101tu pasta, \u0137iploki, dilles, p\u0113ters\u012b\u013ci (74%); s\u0101ls (4%).\",\"breadcrumb\":{\"@id\":\"https:\\\/\\\/gohike.lv\\\/ru\\\/produkts\\\/harchifood-xl-ukrainas-borscs-ar-cukgalu-100-liofilizets\\\/#breadcrumb\"},\"inLanguage\":\"ru-RU\",\"potentialAction\":[{\"@type\":\"ReadAction\",\"target\":[\"https:\\\/\\\/gohike.lv\\\/ru\\\/produkts\\\/harchifood-xl-ukrainas-borscs-ar-cukgalu-100-liofilizets\\\/\"]}]},{\"@type\":\"ImageObject\",\"inLanguage\":\"ru-RU\",\"@id\":\"https:\\\/\\\/gohike.lv\\\/ru\\\/produkts\\\/harchifood-xl-ukrainas-borscs-ar-cukgalu-100-liofilizets\\\/#primaryimage\",\"url\":\"https:\\\/\\\/gohike.lv\\\/wp-content\\\/uploads\\\/2025\\\/01\\\/XLborsh.png\",\"contentUrl\":\"https:\\\/\\\/gohike.lv\\\/wp-content\\\/uploads\\\/2025\\\/01\\\/XLborsh.png\",\"width\":4000,\"height\":4000},{\"@type\":\"BreadcrumbList\",\"@id\":\"https:\\\/\\\/gohike.lv\\\/ru\\\/produkts\\\/harchifood-xl-ukrainas-borscs-ar-cukgalu-100-liofilizets\\\/#breadcrumb\",\"itemListElement\":[{\"@type\":\"ListItem\",\"position\":1,\"name\":\"\u0413\u043b\u0430\u0432\u043d\u0430\u044f\",\"item\":\"https:\\\/\\\/gohike.lv\\\/ru\\\/\"},{\"@type\":\"ListItem\",\"position\":2,\"name\":\"\u041a\u0430\u0442\u0435\u0433\u043e\u0440\u0438\u0438 \u0442\u043e\u0432\u0430\u0440\u043e\u0432\",\"item\":\"https:\\\/\\\/gohike.lv\\\/%d0%ba%d0%b0%d1%82%d0%b5%d0%b3%d0%be%d1%80%d0%b8%d0%b8-%d1%82%d0%be%d0%b2%d0%b0%d1%80%d0%be%d0%b2\\\/\"},{\"@type\":\"ListItem\",\"position\":3,\"name\":\"HARCHIFOOD &#8211; (XL) Ukrainas bor\u0161\u010ds ar c\u016bkga\u013cu. 100% Liofiliz\u0113ts.\"}]},{\"@type\":\"WebSite\",\"@id\":\"https:\\\/\\\/gohike.lv\\\/ru\\\/#website\",\"url\":\"https:\\\/\\\/gohike.lv\\\/ru\\\/\",\"name\":\"GoHike\",\"description\":\"\",\"publisher\":{\"@id\":\"https:\\\/\\\/gohike.lv\\\/ru\\\/#organization\"},\"potentialAction\":[{\"@type\":\"SearchAction\",\"target\":{\"@type\":\"EntryPoint\",\"urlTemplate\":\"https:\\\/\\\/gohike.lv\\\/ru\\\/?s={search_term_string}\"},\"query-input\":{\"@type\":\"PropertyValueSpecification\",\"valueRequired\":true,\"valueName\":\"search_term_string\"}}],\"inLanguage\":\"ru-RU\"},{\"@type\":\"Organization\",\"@id\":\"https:\\\/\\\/gohike.lv\\\/ru\\\/#organization\",\"name\":\"GoHike\",\"url\":\"https:\\\/\\\/gohike.lv\\\/ru\\\/\",\"logo\":{\"@type\":\"ImageObject\",\"inLanguage\":\"ru-RU\",\"@id\":\"https:\\\/\\\/gohike.lv\\\/ru\\\/#\\\/schema\\\/logo\\\/image\\\/\",\"url\":\"https:\\\/\\\/gohike.lv\\\/wp-content\\\/uploads\\\/2023\\\/08\\\/Logo_GoHike.webp\",\"contentUrl\":\"https:\\\/\\\/gohike.lv\\\/wp-content\\\/uploads\\\/2023\\\/08\\\/Logo_GoHike.webp\",\"width\":512,\"height\":512,\"caption\":\"GoHike\"},\"image\":{\"@id\":\"https:\\\/\\\/gohike.lv\\\/ru\\\/#\\\/schema\\\/logo\\\/image\\\/\"},\"sameAs\":[\"https:\\\/\\\/www.facebook.com\\\/gohike.shop\\\/\",\"https:\\\/\\\/www.instagram.com\\\/gohike.shop\\\/\"]}]}<\/script>\n<!-- \/ Yoast SEO plugin. -->","yoast_head_json":{"title":"HARCHIFOOD - Ukrainas bor\u0161\u010ds ar c\u016bkga\u013cu. 100% Liofiliz\u0113ts.","description":"Sast\u0101vda\u013cas: v\u0101r\u012bta un liofiliz\u0113ta: c\u016bkga\u013ca (22%); kartupe\u013ci, k\u0101posti, s\u012bpoli, burk\u0101ni, bietes, tom\u0101tu pasta, \u0137iploki, dilles, p\u0113ters\u012b\u013ci (74%); s\u0101ls (4%).","robots":{"index":"index","follow":"follow","max-snippet":"max-snippet:-1","max-image-preview":"max-image-preview:large","max-video-preview":"max-video-preview:-1"},"canonical":"https:\/\/gohike.lv\/ru\/produkts\/harchifood-xl-ukrainas-borscs-ar-cukgalu-100-liofilizets\/","og_locale":"ru_RU","og_type":"article","og_title":"T\u016bristu p\u0101rtika Zupas HARCHIFOOD Ukrainas bor\u0161\u010ds ar c\u016bkga\u013cu. 100% Liofiliz\u0113ts.","og_description":"Sast\u0101vda\u013cas: v\u0101r\u012bta un liofiliz\u0113ta: c\u016bkga\u013ca (22%); kartupe\u013ci, k\u0101posti, s\u012bpoli, burk\u0101ni, bietes, tom\u0101tu pasta, \u0137iploki, dilles, p\u0113ters\u012b\u013ci (74%); s\u0101ls (4%).","og_url":"https:\/\/gohike.lv\/ru\/produkts\/harchifood-xl-ukrainas-borscs-ar-cukgalu-100-liofilizets\/","og_site_name":"GoHike","article_publisher":"https:\/\/www.facebook.com\/gohike.shop\/","article_modified_time":"2026-01-02T04:34:15+00:00","og_image":[{"width":768,"height":768,"url":"https:\/\/gohike.lv\/wp-content\/uploads\/2025\/01\/XLborsh-768x768.png","type":"image\/png"}],"twitter_card":"summary_large_image","twitter_title":"T\u016bristu p\u0101rtika Zupas HARCHIFOOD Ukrainas bor\u0161\u010ds ar c\u016bkga\u013cu. 100% Liofiliz\u0113ts.","twitter_misc":{"\u041f\u0440\u0438\u043c\u0435\u0440\u043d\u043e\u0435 \u0432\u0440\u0435\u043c\u044f \u0434\u043b\u044f \u0447\u0442\u0435\u043d\u0438\u044f":"1 \u043c\u0438\u043d\u0443\u0442\u0430"},"schema":{"@context":"https:\/\/schema.org","@graph":[{"@type":["WebPage","ItemPage"],"@id":"https:\/\/gohike.lv\/ru\/produkts\/harchifood-xl-ukrainas-borscs-ar-cukgalu-100-liofilizets\/","url":"https:\/\/gohike.lv\/ru\/produkts\/harchifood-xl-ukrainas-borscs-ar-cukgalu-100-liofilizets\/","name":"HARCHIFOOD - Ukrainas bor\u0161\u010ds ar c\u016bkga\u013cu. 100% Liofiliz\u0113ts.","isPartOf":{"@id":"https:\/\/gohike.lv\/ru\/#website"},"primaryImageOfPage":{"@id":"https:\/\/gohike.lv\/ru\/produkts\/harchifood-xl-ukrainas-borscs-ar-cukgalu-100-liofilizets\/#primaryimage"},"image":{"@id":"https:\/\/gohike.lv\/ru\/produkts\/harchifood-xl-ukrainas-borscs-ar-cukgalu-100-liofilizets\/#primaryimage"},"thumbnailUrl":"https:\/\/gohike.lv\/wp-content\/uploads\/2025\/01\/XLborsh.png","datePublished":"2025-01-15T14:10:18+00:00","dateModified":"2026-01-02T04:34:15+00:00","description":"Sast\u0101vda\u013cas: v\u0101r\u012bta un liofiliz\u0113ta: c\u016bkga\u013ca (22%); kartupe\u013ci, k\u0101posti, s\u012bpoli, burk\u0101ni, bietes, tom\u0101tu pasta, \u0137iploki, dilles, p\u0113ters\u012b\u013ci (74%); s\u0101ls (4%).","breadcrumb":{"@id":"https:\/\/gohike.lv\/ru\/produkts\/harchifood-xl-ukrainas-borscs-ar-cukgalu-100-liofilizets\/#breadcrumb"},"inLanguage":"ru-RU","potentialAction":[{"@type":"ReadAction","target":["https:\/\/gohike.lv\/ru\/produkts\/harchifood-xl-ukrainas-borscs-ar-cukgalu-100-liofilizets\/"]}]},{"@type":"ImageObject","inLanguage":"ru-RU","@id":"https:\/\/gohike.lv\/ru\/produkts\/harchifood-xl-ukrainas-borscs-ar-cukgalu-100-liofilizets\/#primaryimage","url":"https:\/\/gohike.lv\/wp-content\/uploads\/2025\/01\/XLborsh.png","contentUrl":"https:\/\/gohike.lv\/wp-content\/uploads\/2025\/01\/XLborsh.png","width":4000,"height":4000},{"@type":"BreadcrumbList","@id":"https:\/\/gohike.lv\/ru\/produkts\/harchifood-xl-ukrainas-borscs-ar-cukgalu-100-liofilizets\/#breadcrumb","itemListElement":[{"@type":"ListItem","position":1,"name":"\u0413\u043b\u0430\u0432\u043d\u0430\u044f","item":"https:\/\/gohike.lv\/ru\/"},{"@type":"ListItem","position":2,"name":"\u041a\u0430\u0442\u0435\u0433\u043e\u0440\u0438\u0438 \u0442\u043e\u0432\u0430\u0440\u043e\u0432","item":"https:\/\/gohike.lv\/%d0%ba%d0%b0%d1%82%d0%b5%d0%b3%d0%be%d1%80%d0%b8%d0%b8-%d1%82%d0%be%d0%b2%d0%b0%d1%80%d0%be%d0%b2\/"},{"@type":"ListItem","position":3,"name":"HARCHIFOOD &#8211; (XL) Ukrainas bor\u0161\u010ds ar c\u016bkga\u013cu. 100% Liofiliz\u0113ts."}]},{"@type":"WebSite","@id":"https:\/\/gohike.lv\/ru\/#website","url":"https:\/\/gohike.lv\/ru\/","name":"GoHike","description":"","publisher":{"@id":"https:\/\/gohike.lv\/ru\/#organization"},"potentialAction":[{"@type":"SearchAction","target":{"@type":"EntryPoint","urlTemplate":"https:\/\/gohike.lv\/ru\/?s={search_term_string}"},"query-input":{"@type":"PropertyValueSpecification","valueRequired":true,"valueName":"search_term_string"}}],"inLanguage":"ru-RU"},{"@type":"Organization","@id":"https:\/\/gohike.lv\/ru\/#organization","name":"GoHike","url":"https:\/\/gohike.lv\/ru\/","logo":{"@type":"ImageObject","inLanguage":"ru-RU","@id":"https:\/\/gohike.lv\/ru\/#\/schema\/logo\/image\/","url":"https:\/\/gohike.lv\/wp-content\/uploads\/2023\/08\/Logo_GoHike.webp","contentUrl":"https:\/\/gohike.lv\/wp-content\/uploads\/2023\/08\/Logo_GoHike.webp","width":512,"height":512,"caption":"GoHike"},"image":{"@id":"https:\/\/gohike.lv\/ru\/#\/schema\/logo\/image\/"},"sameAs":["https:\/\/www.facebook.com\/gohike.shop\/","https:\/\/www.instagram.com\/gohike.shop\/"]}]}},"jetpack_sharing_enabled":true,"_links":{"self":[{"href":"https:\/\/gohike.lv\/ru\/wp-json\/wp\/v2\/product\/65776","targetHints":{"allow":["GET"]}}],"collection":[{"href":"https:\/\/gohike.lv\/ru\/wp-json\/wp\/v2\/product"}],"about":[{"href":"https:\/\/gohike.lv\/ru\/wp-json\/wp\/v2\/types\/product"}],"version-history":[{"count":0,"href":"https:\/\/gohike.lv\/ru\/wp-json\/wp\/v2\/product\/65776\/revisions"}],"wp:featuredmedia":[{"embeddable":true,"href":"https:\/\/gohike.lv\/ru\/wp-json\/wp\/v2\/media\/65780"}],"wp:attachment":[{"href":"https:\/\/gohike.lv\/ru\/wp-json\/wp\/v2\/media?parent=65776"}],"wp:term":[{"taxonomy":"product_brand","embeddable":true,"href":"https:\/\/gohike.lv\/ru\/wp-json\/wp\/v2\/product_brand?post=65776"},{"taxonomy":"product_cat","embeddable":true,"href":"https:\/\/gohike.lv\/ru\/wp-json\/wp\/v2\/product_cat?post=65776"},{"taxonomy":"product_tag","embeddable":true,"href":"https:\/\/gohike.lv\/ru\/wp-json\/wp\/v2\/product_tag?post=65776"}],"curies":[{"name":"wp","href":"https:\/\/api.w.org\/{rel}","templated":true}]}}