{"id":65765,"date":"2025-01-15T16:28:31","date_gmt":"2025-01-15T13:28:31","guid":{"rendered":"https:\/\/gohike.lv\/?post_type=product&#038;p=65765"},"modified":"2026-03-19T20:09:56","modified_gmt":"2026-03-19T17:09:56","slug":"harchifood-zupa-tom-yam-kung-taizemes-garnelu-zupa-100-liofilizeta-xl","status":"publish","type":"product","link":"https:\/\/gohike.lv\/ru\/produkts\/harchifood-zupa-tom-yam-kung-taizemes-garnelu-zupa-100-liofilizeta-xl\/","title":{"rendered":"HARCHIFOOD &#8212; (XL) Zupa &#171;Tom Yam Kung&#187; (Taizemes garne\u013cu zupa). 100% liofiliz\u0113ta."},"content":{"rendered":"<p>Uzturv\u0113rt\u012bba uz 80g:<br \/>\nKalorijas (kKal): 376,24<br \/>\nKalorijas (kJ): 1524,9<br \/>\nTauki (g): 16,83<br \/>\nPies\u0101tin\u0101tie tauki (g): 4,54<br \/>\nTranstauki (g): 0<br \/>\nOg\u013chidr\u0101ti (g): 41,34<br \/>\nDi\u0113tisk\u0101s \u0161\u0137iedras (g): 1,05<br \/>\nCukuri (g): 11,6<br \/>\nOlbaltumvielas (g): 14,51<br \/>\nS\u0101ls (g): 3,38<br \/>\nUZTURA FAKTI uz 100g<br \/>\nKalorijas (kKal): 442,63<br \/>\nKalorijas (kJ): 1794<br \/>\nTauki (g): 19,8<br \/>\nPies\u0101tin\u0101tie tauki (g): 5,34<br \/>\nTranstauki (g): 0<br \/>\nOg\u013chidr\u0101ti (g): 48,64<br \/>\nDi\u0113tisk\u0101s \u0161\u0137iedras (g): 1,23<br \/>\nCukuri (g): 13,64<br \/>\nOlbaltumvielas (g): 17,1<br \/>\nS\u0101ls (g): 3,98<br \/>\nUzglab\u0101t v\u0113s\u0101, saus\u0101 viet\u0101 1 (vienu) gadu \u2013 bez sk\u0101bek\u013ca absorb\u0113t\u0101ja, 3 (tr\u012bs) gadus \u2013 ar sk\u0101bek\u013ca absorb\u0113t\u0101ju.<br \/>\nPagatavo\u0161ana: Ielejiet maisi\u0146\u0101 300 ml verdo\u0161a \u016bdens vai l\u012bdz 7. l\u012bnijas atz\u012bmei,\u00a0maisot\u00a0saturu, samais\u012bt un aizv\u0113rt iepakojumu. Gatavs \u0113\u0161anai p\u0113c 20 min\u016bt\u0113m.<\/p>\n","protected":false},"excerpt":{"rendered":"<p>Sast\u0101vda\u013cas: sublim\u0113t\u0101 zupa \u201cTom Yam Kung\u201d (vistas buljons, citronz\u0101le, \u0161alotes, sojas e\u013c\u013ca, \u010dili pipari, galangals, \u0137iploki, palmu cukurs, kaf\u012bra laima mizi\u0146a, zivju m\u0113rce, tamarinda, tom\u0101ti, garneles 6%); kokosriekstu piena pulveris, \u0161ampinjoni, kurkuma, cilantro, s\u0101ls. Izcelsmes valsts: Ukraina<\/p>\n","protected":false},"featured_media":65769,"template":"","meta":[],"product_brand":[615],"product_cat":[896],"product_tag":[],"class_list":{"0":"post-65765","1":"product","2":"type-product","3":"status-publish","4":"has-post-thumbnail","6":"product_brand-harchifood-lv","7":"product_cat-turistu-partika-un-dzerieni","8":"pa_izmeriscm-2115-55","9":"pa_neto-svars-80g","10":"pa_produkta-tips-zupas","11":"pa_produkta-veids-sublimeta-partika","12":"pa_svars-ar-udeni-380g","14":"first","15":"instock","16":"taxable","17":"shipping-taxable","18":"purchasable","19":"product-type-simple"},"raw_content":{"name":"HARCHIFOOD - (XL) Zupa \"Tom Yam Kung\" (Taizemes garne\u013cu zupa). 100% liofiliz\u0113ta.","description":"Uzturv\u0113rt\u012bba uz 80g:\nKalorijas (kKal): 376,24\nKalorijas (kJ): 1524,9\nTauki (g): 16,83\nPies\u0101tin\u0101tie tauki (g): 4,54\nTranstauki (g): 0\nOg\u013chidr\u0101ti (g): 41,34\nDi\u0113tisk\u0101s \u0161\u0137iedras (g): 1,05\nCukuri (g): 11,6\nOlbaltumvielas (g): 14,51\nS\u0101ls (g): 3,38\nUZTURA FAKTI uz 100g\nKalorijas (kKal): 442,63\nKalorijas (kJ): 1794\nTauki (g): 19,8\nPies\u0101tin\u0101tie tauki (g): 5,34\nTranstauki (g): 0\nOg\u013chidr\u0101ti (g): 48,64\nDi\u0113tisk\u0101s \u0161\u0137iedras (g): 1,23\nCukuri (g): 13,64\nOlbaltumvielas (g): 17,1\nS\u0101ls (g): 3,98\nUzglab\u0101t v\u0113s\u0101, saus\u0101 viet\u0101 1 (vienu) gadu \u2013 bez sk\u0101bek\u013ca absorb\u0113t\u0101ja, 3 (tr\u012bs) gadus \u2013 ar sk\u0101bek\u013ca absorb\u0113t\u0101ju.\nPagatavo\u0161ana: Ielejiet maisi\u0146\u0101 300 ml verdo\u0161a \u016bdens vai l\u012bdz 7. l\u012bnijas atz\u012bmei,\u00a0maisot\u00a0saturu, samais\u012bt un aizv\u0113rt iepakojumu. Gatavs \u0113\u0161anai p\u0113c 20 min\u016bt\u0113m.","short_description":"Sast\u0101vda\u013cas: sublim\u0113t\u0101 zupa \u201cTom Yam Kung\u201d (vistas buljons, citronz\u0101le, \u0161alotes, sojas e\u013c\u013ca, \u010dili pipari, galangals, \u0137iploki, palmu cukurs, kaf\u012bra laima mizi\u0146a, zivju m\u0113rce, tamarinda, tom\u0101ti, garneles 6%); kokosriekstu piena pulveris, \u0161ampinjoni, kurkuma, cilantro, s\u0101ls. Izcelsmes valsts: Ukraina","status":"publish","sku":"4820225900444","original":65765},"wpml":{"translation_type":1,"has_translations":true,"original":65765,"duplicates":[],"translations":{"lv":65765,"en":66824,"ru":null}},"supplier_id":null,"supplier_sku":"","barcode":null,"atum_controlled":true,"out_stock_date":null,"out_stock_threshold":null,"inheritable":false,"inbound_stock":0,"stock_on_hold":0,"sold_today":0,"sales_last_days":0,"reserved_stock":0,"customer_returns":0,"warehouse_damage":0,"lost_in_post":0,"other_logs":0,"out_stock_days":0,"lost_sales":0,"has_location":false,"update_date":"2026-03-19T17:09:58","atum_locations":[],"atum_stock_status":"instock","restock_status":false,"low_stock_amount":"","sales_update_date":"2025-11-13T14:08:33","calc_backorders":null,"yoast_head":"<!-- This site is optimized with the Yoast SEO plugin v27.3 - https:\/\/yoast.com\/product\/yoast-seo-wordpress\/ -->\n<title>HARCHIFOOD - (XL) Zupa &quot;Tom Yam Kung&quot; (Taizemes garne\u013cu zupa). 100% liofiliz\u0113ta.<\/title>\n<meta name=\"description\" content=\"Sast\u0101vda\u013cas: sublim\u0113t\u0101 zupa \u201cTom Yam Kung\u201d (vistas buljons, citronz\u0101le, \u0161alotes, sojas e\u013c\u013ca, \u010dili pipari, galangals, \u0137iploki, palmu cukurs, kaf\u012bra laima mizi\u0146a, zivju m\u0113rce, tamarinda, tom\u0101ti, garneles 6%); kokosriekstu piena pulveris, \u0161ampinjoni, kurkuma, cilantro, s\u0101ls.\" \/>\n<meta name=\"robots\" content=\"index, follow, max-snippet:-1, max-image-preview:large, max-video-preview:-1\" \/>\n<link rel=\"canonical\" href=\"https:\/\/gohike.lv\/ru\/produkts\/harchifood-zupa-tom-yam-kung-taizemes-garnelu-zupa-100-liofilizeta-xl\/\" \/>\n<meta property=\"og:locale\" content=\"ru_RU\" \/>\n<meta property=\"og:type\" content=\"article\" \/>\n<meta property=\"og:title\" content=\"T\u016bristu p\u0101rtika Zupas HARCHIFOOD &quot;Zupa &quot;Tom Yam Kung&quot; (Taizemes garne\u013cu zupa). 100% liofiliz\u0113ta.\" \/>\n<meta property=\"og:description\" content=\"Sast\u0101vda\u013cas: sublim\u0113t\u0101 zupa \u201cTom Yam Kung\u201d (vistas buljons, citronz\u0101le, \u0161alotes, sojas e\u013c\u013ca, \u010dili pipari, galangals, \u0137iploki, palmu cukurs, kaf\u012bra laima mizi\u0146a, zivju m\u0113rce, tamarinda, tom\u0101ti, garneles 6%); kokosriekstu piena pulveris, \u0161ampinjoni, kurkuma, cilantro, s\u0101ls.\" \/>\n<meta property=\"og:url\" content=\"https:\/\/gohike.lv\/ru\/produkts\/harchifood-zupa-tom-yam-kung-taizemes-garnelu-zupa-100-liofilizeta-xl\/\" \/>\n<meta property=\"og:site_name\" content=\"GoHike\" \/>\n<meta property=\"article:publisher\" content=\"https:\/\/www.facebook.com\/gohike.shop\/\" \/>\n<meta property=\"article:modified_time\" content=\"2026-03-19T17:09:56+00:00\" \/>\n<meta property=\"og:image\" content=\"https:\/\/gohike.lv\/wp-content\/uploads\/2025\/01\/XLtomyam-768x768.png\" \/>\n\t<meta property=\"og:image:width\" content=\"768\" \/>\n\t<meta property=\"og:image:height\" content=\"768\" \/>\n\t<meta property=\"og:image:type\" content=\"image\/png\" \/>\n<meta name=\"twitter:card\" content=\"summary_large_image\" \/>\n<meta name=\"twitter:title\" content=\"T\u016bristu p\u0101rtika Zupas HARCHIFOOD &quot;Zupa &quot;Tom Yam Kung&quot; (Taizemes garne\u013cu zupa). 100% liofiliz\u0113ta.\" \/>\n<meta name=\"twitter:label1\" content=\"\u041f\u0440\u0438\u043c\u0435\u0440\u043d\u043e\u0435 \u0432\u0440\u0435\u043c\u044f \u0434\u043b\u044f \u0447\u0442\u0435\u043d\u0438\u044f\" \/>\n\t<meta name=\"twitter:data1\" content=\"1 \u043c\u0438\u043d\u0443\u0442\u0430\" \/>\n<script type=\"application\/ld+json\" class=\"yoast-schema-graph\">{\"@context\":\"https:\\\/\\\/schema.org\",\"@graph\":[{\"@type\":[\"WebPage\",\"ItemPage\"],\"@id\":\"https:\\\/\\\/gohike.lv\\\/ru\\\/produkts\\\/harchifood-zupa-tom-yam-kung-taizemes-garnelu-zupa-100-liofilizeta-xl\\\/\",\"url\":\"https:\\\/\\\/gohike.lv\\\/ru\\\/produkts\\\/harchifood-zupa-tom-yam-kung-taizemes-garnelu-zupa-100-liofilizeta-xl\\\/\",\"name\":\"HARCHIFOOD - (XL) Zupa \\\"Tom Yam Kung\\\" (Taizemes garne\u013cu zupa). 100% liofiliz\u0113ta.\",\"isPartOf\":{\"@id\":\"https:\\\/\\\/gohike.lv\\\/ru\\\/#website\"},\"primaryImageOfPage\":{\"@id\":\"https:\\\/\\\/gohike.lv\\\/ru\\\/produkts\\\/harchifood-zupa-tom-yam-kung-taizemes-garnelu-zupa-100-liofilizeta-xl\\\/#primaryimage\"},\"image\":{\"@id\":\"https:\\\/\\\/gohike.lv\\\/ru\\\/produkts\\\/harchifood-zupa-tom-yam-kung-taizemes-garnelu-zupa-100-liofilizeta-xl\\\/#primaryimage\"},\"thumbnailUrl\":\"https:\\\/\\\/gohike.lv\\\/wp-content\\\/uploads\\\/2025\\\/01\\\/XLtomyam.png\",\"datePublished\":\"2025-01-15T13:28:31+00:00\",\"dateModified\":\"2026-03-19T17:09:56+00:00\",\"description\":\"Sast\u0101vda\u013cas: sublim\u0113t\u0101 zupa \u201cTom Yam Kung\u201d (vistas buljons, citronz\u0101le, \u0161alotes, sojas e\u013c\u013ca, \u010dili pipari, galangals, \u0137iploki, palmu cukurs, kaf\u012bra laima mizi\u0146a, zivju m\u0113rce, tamarinda, tom\u0101ti, garneles 6%); kokosriekstu piena pulveris, \u0161ampinjoni, kurkuma, cilantro, s\u0101ls.\",\"breadcrumb\":{\"@id\":\"https:\\\/\\\/gohike.lv\\\/ru\\\/produkts\\\/harchifood-zupa-tom-yam-kung-taizemes-garnelu-zupa-100-liofilizeta-xl\\\/#breadcrumb\"},\"inLanguage\":\"ru-RU\",\"potentialAction\":[{\"@type\":\"ReadAction\",\"target\":[\"https:\\\/\\\/gohike.lv\\\/ru\\\/produkts\\\/harchifood-zupa-tom-yam-kung-taizemes-garnelu-zupa-100-liofilizeta-xl\\\/\"]}]},{\"@type\":\"ImageObject\",\"inLanguage\":\"ru-RU\",\"@id\":\"https:\\\/\\\/gohike.lv\\\/ru\\\/produkts\\\/harchifood-zupa-tom-yam-kung-taizemes-garnelu-zupa-100-liofilizeta-xl\\\/#primaryimage\",\"url\":\"https:\\\/\\\/gohike.lv\\\/wp-content\\\/uploads\\\/2025\\\/01\\\/XLtomyam.png\",\"contentUrl\":\"https:\\\/\\\/gohike.lv\\\/wp-content\\\/uploads\\\/2025\\\/01\\\/XLtomyam.png\",\"width\":4000,\"height\":4000},{\"@type\":\"BreadcrumbList\",\"@id\":\"https:\\\/\\\/gohike.lv\\\/ru\\\/produkts\\\/harchifood-zupa-tom-yam-kung-taizemes-garnelu-zupa-100-liofilizeta-xl\\\/#breadcrumb\",\"itemListElement\":[{\"@type\":\"ListItem\",\"position\":1,\"name\":\"\u0413\u043b\u0430\u0432\u043d\u0430\u044f\",\"item\":\"https:\\\/\\\/gohike.lv\\\/ru\\\/\"},{\"@type\":\"ListItem\",\"position\":2,\"name\":\"\u041a\u0430\u0442\u0435\u0433\u043e\u0440\u0438\u0438 \u0442\u043e\u0432\u0430\u0440\u043e\u0432\",\"item\":\"https:\\\/\\\/gohike.lv\\\/%d0%ba%d0%b0%d1%82%d0%b5%d0%b3%d0%be%d1%80%d0%b8%d0%b8-%d1%82%d0%be%d0%b2%d0%b0%d1%80%d0%be%d0%b2\\\/\"},{\"@type\":\"ListItem\",\"position\":3,\"name\":\"HARCHIFOOD &#8211; (XL) Zupa &#8220;Tom Yam Kung&#8221; (Taizemes garne\u013cu zupa). 100% liofiliz\u0113ta.\"}]},{\"@type\":\"WebSite\",\"@id\":\"https:\\\/\\\/gohike.lv\\\/ru\\\/#website\",\"url\":\"https:\\\/\\\/gohike.lv\\\/ru\\\/\",\"name\":\"GoHike\",\"description\":\"\",\"publisher\":{\"@id\":\"https:\\\/\\\/gohike.lv\\\/ru\\\/#organization\"},\"potentialAction\":[{\"@type\":\"SearchAction\",\"target\":{\"@type\":\"EntryPoint\",\"urlTemplate\":\"https:\\\/\\\/gohike.lv\\\/ru\\\/?s={search_term_string}\"},\"query-input\":{\"@type\":\"PropertyValueSpecification\",\"valueRequired\":true,\"valueName\":\"search_term_string\"}}],\"inLanguage\":\"ru-RU\"},{\"@type\":\"Organization\",\"@id\":\"https:\\\/\\\/gohike.lv\\\/ru\\\/#organization\",\"name\":\"GoHike\",\"url\":\"https:\\\/\\\/gohike.lv\\\/ru\\\/\",\"logo\":{\"@type\":\"ImageObject\",\"inLanguage\":\"ru-RU\",\"@id\":\"https:\\\/\\\/gohike.lv\\\/ru\\\/#\\\/schema\\\/logo\\\/image\\\/\",\"url\":\"https:\\\/\\\/gohike.lv\\\/wp-content\\\/uploads\\\/2023\\\/08\\\/Logo_GoHike.webp\",\"contentUrl\":\"https:\\\/\\\/gohike.lv\\\/wp-content\\\/uploads\\\/2023\\\/08\\\/Logo_GoHike.webp\",\"width\":512,\"height\":512,\"caption\":\"GoHike\"},\"image\":{\"@id\":\"https:\\\/\\\/gohike.lv\\\/ru\\\/#\\\/schema\\\/logo\\\/image\\\/\"},\"sameAs\":[\"https:\\\/\\\/www.facebook.com\\\/gohike.shop\\\/\",\"https:\\\/\\\/www.instagram.com\\\/gohike.shop\\\/\"]}]}<\/script>\n<!-- \/ Yoast SEO plugin. -->","yoast_head_json":{"title":"HARCHIFOOD - (XL) Zupa \"Tom Yam Kung\" (Taizemes garne\u013cu zupa). 100% liofiliz\u0113ta.","description":"Sast\u0101vda\u013cas: sublim\u0113t\u0101 zupa \u201cTom Yam Kung\u201d (vistas buljons, citronz\u0101le, \u0161alotes, sojas e\u013c\u013ca, \u010dili pipari, galangals, \u0137iploki, palmu cukurs, kaf\u012bra laima mizi\u0146a, zivju m\u0113rce, tamarinda, tom\u0101ti, garneles 6%); kokosriekstu piena pulveris, \u0161ampinjoni, kurkuma, cilantro, s\u0101ls.","robots":{"index":"index","follow":"follow","max-snippet":"max-snippet:-1","max-image-preview":"max-image-preview:large","max-video-preview":"max-video-preview:-1"},"canonical":"https:\/\/gohike.lv\/ru\/produkts\/harchifood-zupa-tom-yam-kung-taizemes-garnelu-zupa-100-liofilizeta-xl\/","og_locale":"ru_RU","og_type":"article","og_title":"T\u016bristu p\u0101rtika Zupas HARCHIFOOD \"Zupa \"Tom Yam Kung\" (Taizemes garne\u013cu zupa). 100% liofiliz\u0113ta.","og_description":"Sast\u0101vda\u013cas: sublim\u0113t\u0101 zupa \u201cTom Yam Kung\u201d (vistas buljons, citronz\u0101le, \u0161alotes, sojas e\u013c\u013ca, \u010dili pipari, galangals, \u0137iploki, palmu cukurs, kaf\u012bra laima mizi\u0146a, zivju m\u0113rce, tamarinda, tom\u0101ti, garneles 6%); kokosriekstu piena pulveris, \u0161ampinjoni, kurkuma, cilantro, s\u0101ls.","og_url":"https:\/\/gohike.lv\/ru\/produkts\/harchifood-zupa-tom-yam-kung-taizemes-garnelu-zupa-100-liofilizeta-xl\/","og_site_name":"GoHike","article_publisher":"https:\/\/www.facebook.com\/gohike.shop\/","article_modified_time":"2026-03-19T17:09:56+00:00","og_image":[{"width":768,"height":768,"url":"https:\/\/gohike.lv\/wp-content\/uploads\/2025\/01\/XLtomyam-768x768.png","type":"image\/png"}],"twitter_card":"summary_large_image","twitter_title":"T\u016bristu p\u0101rtika Zupas HARCHIFOOD \"Zupa \"Tom Yam Kung\" (Taizemes garne\u013cu zupa). 100% liofiliz\u0113ta.","twitter_misc":{"\u041f\u0440\u0438\u043c\u0435\u0440\u043d\u043e\u0435 \u0432\u0440\u0435\u043c\u044f \u0434\u043b\u044f \u0447\u0442\u0435\u043d\u0438\u044f":"1 \u043c\u0438\u043d\u0443\u0442\u0430"},"schema":{"@context":"https:\/\/schema.org","@graph":[{"@type":["WebPage","ItemPage"],"@id":"https:\/\/gohike.lv\/ru\/produkts\/harchifood-zupa-tom-yam-kung-taizemes-garnelu-zupa-100-liofilizeta-xl\/","url":"https:\/\/gohike.lv\/ru\/produkts\/harchifood-zupa-tom-yam-kung-taizemes-garnelu-zupa-100-liofilizeta-xl\/","name":"HARCHIFOOD - (XL) Zupa \"Tom Yam Kung\" (Taizemes garne\u013cu zupa). 100% liofiliz\u0113ta.","isPartOf":{"@id":"https:\/\/gohike.lv\/ru\/#website"},"primaryImageOfPage":{"@id":"https:\/\/gohike.lv\/ru\/produkts\/harchifood-zupa-tom-yam-kung-taizemes-garnelu-zupa-100-liofilizeta-xl\/#primaryimage"},"image":{"@id":"https:\/\/gohike.lv\/ru\/produkts\/harchifood-zupa-tom-yam-kung-taizemes-garnelu-zupa-100-liofilizeta-xl\/#primaryimage"},"thumbnailUrl":"https:\/\/gohike.lv\/wp-content\/uploads\/2025\/01\/XLtomyam.png","datePublished":"2025-01-15T13:28:31+00:00","dateModified":"2026-03-19T17:09:56+00:00","description":"Sast\u0101vda\u013cas: sublim\u0113t\u0101 zupa \u201cTom Yam Kung\u201d (vistas buljons, citronz\u0101le, \u0161alotes, sojas e\u013c\u013ca, \u010dili pipari, galangals, \u0137iploki, palmu cukurs, kaf\u012bra laima mizi\u0146a, zivju m\u0113rce, tamarinda, tom\u0101ti, garneles 6%); kokosriekstu piena pulveris, \u0161ampinjoni, kurkuma, cilantro, s\u0101ls.","breadcrumb":{"@id":"https:\/\/gohike.lv\/ru\/produkts\/harchifood-zupa-tom-yam-kung-taizemes-garnelu-zupa-100-liofilizeta-xl\/#breadcrumb"},"inLanguage":"ru-RU","potentialAction":[{"@type":"ReadAction","target":["https:\/\/gohike.lv\/ru\/produkts\/harchifood-zupa-tom-yam-kung-taizemes-garnelu-zupa-100-liofilizeta-xl\/"]}]},{"@type":"ImageObject","inLanguage":"ru-RU","@id":"https:\/\/gohike.lv\/ru\/produkts\/harchifood-zupa-tom-yam-kung-taizemes-garnelu-zupa-100-liofilizeta-xl\/#primaryimage","url":"https:\/\/gohike.lv\/wp-content\/uploads\/2025\/01\/XLtomyam.png","contentUrl":"https:\/\/gohike.lv\/wp-content\/uploads\/2025\/01\/XLtomyam.png","width":4000,"height":4000},{"@type":"BreadcrumbList","@id":"https:\/\/gohike.lv\/ru\/produkts\/harchifood-zupa-tom-yam-kung-taizemes-garnelu-zupa-100-liofilizeta-xl\/#breadcrumb","itemListElement":[{"@type":"ListItem","position":1,"name":"\u0413\u043b\u0430\u0432\u043d\u0430\u044f","item":"https:\/\/gohike.lv\/ru\/"},{"@type":"ListItem","position":2,"name":"\u041a\u0430\u0442\u0435\u0433\u043e\u0440\u0438\u0438 \u0442\u043e\u0432\u0430\u0440\u043e\u0432","item":"https:\/\/gohike.lv\/%d0%ba%d0%b0%d1%82%d0%b5%d0%b3%d0%be%d1%80%d0%b8%d0%b8-%d1%82%d0%be%d0%b2%d0%b0%d1%80%d0%be%d0%b2\/"},{"@type":"ListItem","position":3,"name":"HARCHIFOOD &#8211; (XL) Zupa &#8220;Tom Yam Kung&#8221; (Taizemes garne\u013cu zupa). 100% liofiliz\u0113ta."}]},{"@type":"WebSite","@id":"https:\/\/gohike.lv\/ru\/#website","url":"https:\/\/gohike.lv\/ru\/","name":"GoHike","description":"","publisher":{"@id":"https:\/\/gohike.lv\/ru\/#organization"},"potentialAction":[{"@type":"SearchAction","target":{"@type":"EntryPoint","urlTemplate":"https:\/\/gohike.lv\/ru\/?s={search_term_string}"},"query-input":{"@type":"PropertyValueSpecification","valueRequired":true,"valueName":"search_term_string"}}],"inLanguage":"ru-RU"},{"@type":"Organization","@id":"https:\/\/gohike.lv\/ru\/#organization","name":"GoHike","url":"https:\/\/gohike.lv\/ru\/","logo":{"@type":"ImageObject","inLanguage":"ru-RU","@id":"https:\/\/gohike.lv\/ru\/#\/schema\/logo\/image\/","url":"https:\/\/gohike.lv\/wp-content\/uploads\/2023\/08\/Logo_GoHike.webp","contentUrl":"https:\/\/gohike.lv\/wp-content\/uploads\/2023\/08\/Logo_GoHike.webp","width":512,"height":512,"caption":"GoHike"},"image":{"@id":"https:\/\/gohike.lv\/ru\/#\/schema\/logo\/image\/"},"sameAs":["https:\/\/www.facebook.com\/gohike.shop\/","https:\/\/www.instagram.com\/gohike.shop\/"]}]}},"jetpack_sharing_enabled":true,"_links":{"self":[{"href":"https:\/\/gohike.lv\/ru\/wp-json\/wp\/v2\/product\/65765","targetHints":{"allow":["GET"]}}],"collection":[{"href":"https:\/\/gohike.lv\/ru\/wp-json\/wp\/v2\/product"}],"about":[{"href":"https:\/\/gohike.lv\/ru\/wp-json\/wp\/v2\/types\/product"}],"version-history":[{"count":2,"href":"https:\/\/gohike.lv\/ru\/wp-json\/wp\/v2\/product\/65765\/revisions"}],"predecessor-version":[{"id":119653,"href":"https:\/\/gohike.lv\/ru\/wp-json\/wp\/v2\/product\/65765\/revisions\/119653"}],"wp:featuredmedia":[{"embeddable":true,"href":"https:\/\/gohike.lv\/ru\/wp-json\/wp\/v2\/media\/65769"}],"wp:attachment":[{"href":"https:\/\/gohike.lv\/ru\/wp-json\/wp\/v2\/media?parent=65765"}],"wp:term":[{"taxonomy":"product_brand","embeddable":true,"href":"https:\/\/gohike.lv\/ru\/wp-json\/wp\/v2\/product_brand?post=65765"},{"taxonomy":"product_cat","embeddable":true,"href":"https:\/\/gohike.lv\/ru\/wp-json\/wp\/v2\/product_cat?post=65765"},{"taxonomy":"product_tag","embeddable":true,"href":"https:\/\/gohike.lv\/ru\/wp-json\/wp\/v2\/product_tag?post=65765"}],"curies":[{"name":"wp","href":"https:\/\/api.w.org\/{rel}","templated":true}]}}