{"id":65720,"date":"2025-01-15T14:37:48","date_gmt":"2025-01-15T11:37:48","guid":{"rendered":"https:\/\/gohike.lv\/?post_type=product&#038;p=65720"},"modified":"2026-01-23T20:22:42","modified_gmt":"2026-01-23T17:22:42","slug":"harchifood-cepti-spageti-bolognese-ar-tela-galu-un-tomatiem-100-liofilizets-xl","status":"publish","type":"product","link":"https:\/\/gohike.lv\/ru\/produkts\/harchifood-cepti-spageti-bolognese-ar-tela-galu-un-tomatiem-100-liofilizets-xl\/","title":{"rendered":"HARCHIFOOD &#8212; (XL) Cepti spageti &#171;Bolognese&#187; ar te\u013ca ga\u013cu un tom\u0101tiem. 100% Liofiliz\u0113ts."},"content":{"rendered":"<p>UZTURA FAKTI uz 100g:<br \/>\nKalorijas (kKal): 317,6<br \/>\nKalorijas (kJ): 1329<br \/>\nTauki (g): 1,2<br \/>\nPies\u0101tin\u0101tie tauki (g): 0<br \/>\nTranstauki (g): 0<br \/>\nOg\u013chidr\u0101ti (g): 62,4<br \/>\nDi\u0113tisk\u0101s \u0161\u0137iedras (g): 3,5<br \/>\nCukuri (g): 8,2<br \/>\nOlbaltumvielas (g): 14,1<br \/>\nS\u0101ls (g): 2,35<br \/>\nUzglab\u0101t v\u0113s\u0101, saus\u0101 viet\u0101 1 (vienu) gadu \u2013 bez sk\u0101bek\u013ca absorb\u0113t\u0101ja, 3 (tr\u012bs) gadus \u2013 ar sk\u0101bek\u013ca absorb\u0113t\u0101ju.<br \/>\nPagatavo\u0161ana: Ielejiet maisi\u0146\u0101 300 ml verdo\u0161a \u016bdens vai l\u012bdz 7. l\u012bnijas atz\u012bmei,\u00a0maisot\u00a0saturu, samais\u012bt un aizv\u0113rt iepakojumu. Gatavs \u0113\u0161anai p\u0113c 20 min\u016bt\u0113m.<\/p>\n","protected":false},"excerpt":{"rendered":"<p>Sast\u0101vda\u013cas: sublim\u0113ti cepti spageti tom\u0101tu m\u0113rc\u0113 (67%), sublim\u0113ta v\u0101r\u012bta te\u013ca ga\u013ca (14%), cepti s\u012bpoli (11,8%), sublim\u0113ti tom\u0101ti; \u017e\u0101v\u0113ti: \u0137iploki, timi\u0101ns, oregano, baziliks; s\u0101ls.<\/p>\n","protected":false},"featured_media":65723,"template":"","meta":[],"product_brand":[615],"product_cat":[896],"product_tag":[],"class_list":{"0":"post-65720","1":"product","2":"type-product","3":"status-publish","4":"has-post-thumbnail","6":"product_brand-harchifood-lv","7":"product_cat-turistu-partika-un-dzerieni","8":"pa_izmeriscm-2115-55","9":"pa_neto-svars-100g","10":"pa_produkta-tips-pamatedieni","11":"pa_produkta-veids-sublimeta-partika","12":"pa_svars-ar-udeni-400g","14":"first","15":"outofstock","16":"taxable","17":"shipping-taxable","18":"purchasable","19":"product-type-simple"},"raw_content":{"name":"HARCHIFOOD - (XL) Cepti spageti \"Bolognese\" ar te\u013ca ga\u013cu un tom\u0101tiem. 100% Liofiliz\u0113ts.","description":"UZTURA FAKTI uz 100g:\nKalorijas (kKal): 317,6\nKalorijas (kJ): 1329\nTauki (g): 1,2\nPies\u0101tin\u0101tie tauki (g): 0\nTranstauki (g): 0\nOg\u013chidr\u0101ti (g): 62,4\nDi\u0113tisk\u0101s \u0161\u0137iedras (g): 3,5\nCukuri (g): 8,2\nOlbaltumvielas (g): 14,1\nS\u0101ls (g): 2,35\nUzglab\u0101t v\u0113s\u0101, saus\u0101 viet\u0101 1 (vienu) gadu \u2013 bez sk\u0101bek\u013ca absorb\u0113t\u0101ja, 3 (tr\u012bs) gadus \u2013 ar sk\u0101bek\u013ca absorb\u0113t\u0101ju.\nPagatavo\u0161ana: Ielejiet maisi\u0146\u0101 300 ml verdo\u0161a \u016bdens vai l\u012bdz 7. l\u012bnijas atz\u012bmei,\u00a0maisot\u00a0saturu, samais\u012bt un aizv\u0113rt iepakojumu. Gatavs \u0113\u0161anai p\u0113c 20 min\u016bt\u0113m.","short_description":"Sast\u0101vda\u013cas: sublim\u0113ti cepti spageti tom\u0101tu m\u0113rc\u0113 (67%), sublim\u0113ta v\u0101r\u012bta te\u013ca ga\u013ca (14%), cepti s\u012bpoli (11,8%), sublim\u0113ti tom\u0101ti; \u017e\u0101v\u0113ti: \u0137iploki, timi\u0101ns, oregano, baziliks; s\u0101ls.","status":"publish","sku":"6961-B2A1D2","original":65720},"wpml":{"translation_type":1,"has_translations":true,"original":65720,"duplicates":[],"translations":{"lv":65720,"en":66831,"ru":null}},"supplier_id":null,"supplier_sku":"","barcode":null,"atum_controlled":true,"out_stock_date":"2026-01-23 12:54:13","out_stock_threshold":null,"inheritable":false,"inbound_stock":0,"stock_on_hold":0,"sold_today":0,"sales_last_days":0,"reserved_stock":0,"customer_returns":0,"warehouse_damage":0,"lost_in_post":0,"other_logs":0,"out_stock_days":0,"lost_sales":0,"has_location":false,"update_date":"2026-01-23T17:22:45","atum_locations":[],"atum_stock_status":"outofstock","restock_status":false,"low_stock_amount":"","sales_update_date":"2025-11-13T14:08:33","calc_backorders":null,"yoast_head":"<!-- This site is optimized with the Yoast SEO plugin v27.3 - https:\/\/yoast.com\/product\/yoast-seo-wordpress\/ -->\n<title>HARCHIFOOD - (XL) Cepti spageti &quot;Bolognese&quot; ar te\u013ca ga\u013cu un tom\u0101tiem. 100% Liofiliz\u0113ts.<\/title>\n<meta name=\"description\" content=\"Sast\u0101vda\u013cas: sublim\u0113ti cepti spageti tom\u0101tu m\u0113rc\u0113 (67%), sublim\u0113ta v\u0101r\u012bta te\u013ca ga\u013ca (14%), cepti s\u012bpoli (11,8%), sublim\u0113ti tom\u0101ti; \u017e\u0101v\u0113ti: \u0137iploki, timi\u0101ns, oregano, baziliks; s\u0101ls.\" \/>\n<meta name=\"robots\" content=\"index, follow, max-snippet:-1, max-image-preview:large, max-video-preview:-1\" \/>\n<link rel=\"canonical\" href=\"https:\/\/gohike.lv\/ru\/produkts\/harchifood-cepti-spageti-bolognese-ar-tela-galu-un-tomatiem-100-liofilizets-xl\/\" \/>\n<meta property=\"og:locale\" content=\"ru_RU\" \/>\n<meta property=\"og:type\" content=\"article\" \/>\n<meta property=\"og:title\" content=\"T\u016bristu p\u0101rtika Pamat\u0113dieni HARCHIFOOD Cepti spageti &quot;Bolognese&quot; ar te\u013ca ga\u013cu un tom\u0101tiem. 100% Liofiliz\u0113ts.\" \/>\n<meta property=\"og:description\" content=\"Sast\u0101vda\u013cas: sublim\u0113ti cepti spageti tom\u0101tu m\u0113rc\u0113 (67%), sublim\u0113ta v\u0101r\u012bta te\u013ca ga\u013ca (14%), cepti s\u012bpoli (11,8%), sublim\u0113ti tom\u0101ti; \u017e\u0101v\u0113ti: \u0137iploki, timi\u0101ns, oregano, baziliks; s\u0101ls.\" \/>\n<meta property=\"og:url\" content=\"https:\/\/gohike.lv\/ru\/produkts\/harchifood-cepti-spageti-bolognese-ar-tela-galu-un-tomatiem-100-liofilizets-xl\/\" \/>\n<meta property=\"og:site_name\" content=\"GoHike\" \/>\n<meta property=\"article:publisher\" content=\"https:\/\/www.facebook.com\/gohike.shop\/\" \/>\n<meta property=\"article:modified_time\" content=\"2026-01-23T17:22:42+00:00\" \/>\n<meta property=\"og:image\" content=\"https:\/\/gohike.lv\/wp-content\/uploads\/2025\/01\/XLBolognese-768x768.png\" \/>\n\t<meta property=\"og:image:width\" content=\"768\" \/>\n\t<meta property=\"og:image:height\" content=\"768\" \/>\n\t<meta property=\"og:image:type\" content=\"image\/png\" \/>\n<meta name=\"twitter:card\" content=\"summary_large_image\" \/>\n<meta name=\"twitter:title\" content=\"T\u016bristu p\u0101rtika Pamat\u0113dieni HARCHIFOOD Cepti spageti &quot;Bolognese&quot; ar te\u013ca ga\u013cu un tom\u0101tiem. 100% Liofiliz\u0113ts.\" \/>\n<meta name=\"twitter:label1\" content=\"\u041f\u0440\u0438\u043c\u0435\u0440\u043d\u043e\u0435 \u0432\u0440\u0435\u043c\u044f \u0434\u043b\u044f \u0447\u0442\u0435\u043d\u0438\u044f\" \/>\n\t<meta name=\"twitter:data1\" content=\"1 \u043c\u0438\u043d\u0443\u0442\u0430\" \/>\n<script type=\"application\/ld+json\" class=\"yoast-schema-graph\">{\"@context\":\"https:\\\/\\\/schema.org\",\"@graph\":[{\"@type\":[\"WebPage\",\"ItemPage\"],\"@id\":\"https:\\\/\\\/gohike.lv\\\/ru\\\/produkts\\\/harchifood-cepti-spageti-bolognese-ar-tela-galu-un-tomatiem-100-liofilizets-xl\\\/\",\"url\":\"https:\\\/\\\/gohike.lv\\\/ru\\\/produkts\\\/harchifood-cepti-spageti-bolognese-ar-tela-galu-un-tomatiem-100-liofilizets-xl\\\/\",\"name\":\"HARCHIFOOD - (XL) Cepti spageti \\\"Bolognese\\\" ar te\u013ca ga\u013cu un tom\u0101tiem. 100% Liofiliz\u0113ts.\",\"isPartOf\":{\"@id\":\"https:\\\/\\\/gohike.lv\\\/ru\\\/#website\"},\"primaryImageOfPage\":{\"@id\":\"https:\\\/\\\/gohike.lv\\\/ru\\\/produkts\\\/harchifood-cepti-spageti-bolognese-ar-tela-galu-un-tomatiem-100-liofilizets-xl\\\/#primaryimage\"},\"image\":{\"@id\":\"https:\\\/\\\/gohike.lv\\\/ru\\\/produkts\\\/harchifood-cepti-spageti-bolognese-ar-tela-galu-un-tomatiem-100-liofilizets-xl\\\/#primaryimage\"},\"thumbnailUrl\":\"https:\\\/\\\/gohike.lv\\\/wp-content\\\/uploads\\\/2025\\\/01\\\/XLBolognese.png\",\"datePublished\":\"2025-01-15T11:37:48+00:00\",\"dateModified\":\"2026-01-23T17:22:42+00:00\",\"description\":\"Sast\u0101vda\u013cas: sublim\u0113ti cepti spageti tom\u0101tu m\u0113rc\u0113 (67%), sublim\u0113ta v\u0101r\u012bta te\u013ca ga\u013ca (14%), cepti s\u012bpoli (11,8%), sublim\u0113ti tom\u0101ti; \u017e\u0101v\u0113ti: \u0137iploki, timi\u0101ns, oregano, baziliks; s\u0101ls.\",\"breadcrumb\":{\"@id\":\"https:\\\/\\\/gohike.lv\\\/ru\\\/produkts\\\/harchifood-cepti-spageti-bolognese-ar-tela-galu-un-tomatiem-100-liofilizets-xl\\\/#breadcrumb\"},\"inLanguage\":\"ru-RU\",\"potentialAction\":[{\"@type\":\"ReadAction\",\"target\":[\"https:\\\/\\\/gohike.lv\\\/ru\\\/produkts\\\/harchifood-cepti-spageti-bolognese-ar-tela-galu-un-tomatiem-100-liofilizets-xl\\\/\"]}]},{\"@type\":\"ImageObject\",\"inLanguage\":\"ru-RU\",\"@id\":\"https:\\\/\\\/gohike.lv\\\/ru\\\/produkts\\\/harchifood-cepti-spageti-bolognese-ar-tela-galu-un-tomatiem-100-liofilizets-xl\\\/#primaryimage\",\"url\":\"https:\\\/\\\/gohike.lv\\\/wp-content\\\/uploads\\\/2025\\\/01\\\/XLBolognese.png\",\"contentUrl\":\"https:\\\/\\\/gohike.lv\\\/wp-content\\\/uploads\\\/2025\\\/01\\\/XLBolognese.png\",\"width\":4000,\"height\":4000},{\"@type\":\"BreadcrumbList\",\"@id\":\"https:\\\/\\\/gohike.lv\\\/ru\\\/produkts\\\/harchifood-cepti-spageti-bolognese-ar-tela-galu-un-tomatiem-100-liofilizets-xl\\\/#breadcrumb\",\"itemListElement\":[{\"@type\":\"ListItem\",\"position\":1,\"name\":\"\u0413\u043b\u0430\u0432\u043d\u0430\u044f\",\"item\":\"https:\\\/\\\/gohike.lv\\\/ru\\\/\"},{\"@type\":\"ListItem\",\"position\":2,\"name\":\"\u041a\u0430\u0442\u0435\u0433\u043e\u0440\u0438\u0438 \u0442\u043e\u0432\u0430\u0440\u043e\u0432\",\"item\":\"https:\\\/\\\/gohike.lv\\\/%d0%ba%d0%b0%d1%82%d0%b5%d0%b3%d0%be%d1%80%d0%b8%d0%b8-%d1%82%d0%be%d0%b2%d0%b0%d1%80%d0%be%d0%b2\\\/\"},{\"@type\":\"ListItem\",\"position\":3,\"name\":\"HARCHIFOOD &#8211; (XL) Cepti spageti &#8220;Bolognese&#8221; ar te\u013ca ga\u013cu un tom\u0101tiem. 100% Liofiliz\u0113ts.\"}]},{\"@type\":\"WebSite\",\"@id\":\"https:\\\/\\\/gohike.lv\\\/ru\\\/#website\",\"url\":\"https:\\\/\\\/gohike.lv\\\/ru\\\/\",\"name\":\"GoHike\",\"description\":\"\",\"publisher\":{\"@id\":\"https:\\\/\\\/gohike.lv\\\/ru\\\/#organization\"},\"potentialAction\":[{\"@type\":\"SearchAction\",\"target\":{\"@type\":\"EntryPoint\",\"urlTemplate\":\"https:\\\/\\\/gohike.lv\\\/ru\\\/?s={search_term_string}\"},\"query-input\":{\"@type\":\"PropertyValueSpecification\",\"valueRequired\":true,\"valueName\":\"search_term_string\"}}],\"inLanguage\":\"ru-RU\"},{\"@type\":\"Organization\",\"@id\":\"https:\\\/\\\/gohike.lv\\\/ru\\\/#organization\",\"name\":\"GoHike\",\"url\":\"https:\\\/\\\/gohike.lv\\\/ru\\\/\",\"logo\":{\"@type\":\"ImageObject\",\"inLanguage\":\"ru-RU\",\"@id\":\"https:\\\/\\\/gohike.lv\\\/ru\\\/#\\\/schema\\\/logo\\\/image\\\/\",\"url\":\"https:\\\/\\\/gohike.lv\\\/wp-content\\\/uploads\\\/2023\\\/08\\\/Logo_GoHike.webp\",\"contentUrl\":\"https:\\\/\\\/gohike.lv\\\/wp-content\\\/uploads\\\/2023\\\/08\\\/Logo_GoHike.webp\",\"width\":512,\"height\":512,\"caption\":\"GoHike\"},\"image\":{\"@id\":\"https:\\\/\\\/gohike.lv\\\/ru\\\/#\\\/schema\\\/logo\\\/image\\\/\"},\"sameAs\":[\"https:\\\/\\\/www.facebook.com\\\/gohike.shop\\\/\",\"https:\\\/\\\/www.instagram.com\\\/gohike.shop\\\/\"]}]}<\/script>\n<!-- \/ Yoast SEO plugin. -->","yoast_head_json":{"title":"HARCHIFOOD - (XL) Cepti spageti \"Bolognese\" ar te\u013ca ga\u013cu un tom\u0101tiem. 100% Liofiliz\u0113ts.","description":"Sast\u0101vda\u013cas: sublim\u0113ti cepti spageti tom\u0101tu m\u0113rc\u0113 (67%), sublim\u0113ta v\u0101r\u012bta te\u013ca ga\u013ca (14%), cepti s\u012bpoli (11,8%), sublim\u0113ti tom\u0101ti; \u017e\u0101v\u0113ti: \u0137iploki, timi\u0101ns, oregano, baziliks; s\u0101ls.","robots":{"index":"index","follow":"follow","max-snippet":"max-snippet:-1","max-image-preview":"max-image-preview:large","max-video-preview":"max-video-preview:-1"},"canonical":"https:\/\/gohike.lv\/ru\/produkts\/harchifood-cepti-spageti-bolognese-ar-tela-galu-un-tomatiem-100-liofilizets-xl\/","og_locale":"ru_RU","og_type":"article","og_title":"T\u016bristu p\u0101rtika Pamat\u0113dieni HARCHIFOOD Cepti spageti \"Bolognese\" ar te\u013ca ga\u013cu un tom\u0101tiem. 100% Liofiliz\u0113ts.","og_description":"Sast\u0101vda\u013cas: sublim\u0113ti cepti spageti tom\u0101tu m\u0113rc\u0113 (67%), sublim\u0113ta v\u0101r\u012bta te\u013ca ga\u013ca (14%), cepti s\u012bpoli (11,8%), sublim\u0113ti tom\u0101ti; \u017e\u0101v\u0113ti: \u0137iploki, timi\u0101ns, oregano, baziliks; s\u0101ls.","og_url":"https:\/\/gohike.lv\/ru\/produkts\/harchifood-cepti-spageti-bolognese-ar-tela-galu-un-tomatiem-100-liofilizets-xl\/","og_site_name":"GoHike","article_publisher":"https:\/\/www.facebook.com\/gohike.shop\/","article_modified_time":"2026-01-23T17:22:42+00:00","og_image":[{"width":768,"height":768,"url":"https:\/\/gohike.lv\/wp-content\/uploads\/2025\/01\/XLBolognese-768x768.png","type":"image\/png"}],"twitter_card":"summary_large_image","twitter_title":"T\u016bristu p\u0101rtika Pamat\u0113dieni HARCHIFOOD Cepti spageti \"Bolognese\" ar te\u013ca ga\u013cu un tom\u0101tiem. 100% Liofiliz\u0113ts.","twitter_misc":{"\u041f\u0440\u0438\u043c\u0435\u0440\u043d\u043e\u0435 \u0432\u0440\u0435\u043c\u044f \u0434\u043b\u044f \u0447\u0442\u0435\u043d\u0438\u044f":"1 \u043c\u0438\u043d\u0443\u0442\u0430"},"schema":{"@context":"https:\/\/schema.org","@graph":[{"@type":["WebPage","ItemPage"],"@id":"https:\/\/gohike.lv\/ru\/produkts\/harchifood-cepti-spageti-bolognese-ar-tela-galu-un-tomatiem-100-liofilizets-xl\/","url":"https:\/\/gohike.lv\/ru\/produkts\/harchifood-cepti-spageti-bolognese-ar-tela-galu-un-tomatiem-100-liofilizets-xl\/","name":"HARCHIFOOD - (XL) Cepti spageti \"Bolognese\" ar te\u013ca ga\u013cu un tom\u0101tiem. 100% Liofiliz\u0113ts.","isPartOf":{"@id":"https:\/\/gohike.lv\/ru\/#website"},"primaryImageOfPage":{"@id":"https:\/\/gohike.lv\/ru\/produkts\/harchifood-cepti-spageti-bolognese-ar-tela-galu-un-tomatiem-100-liofilizets-xl\/#primaryimage"},"image":{"@id":"https:\/\/gohike.lv\/ru\/produkts\/harchifood-cepti-spageti-bolognese-ar-tela-galu-un-tomatiem-100-liofilizets-xl\/#primaryimage"},"thumbnailUrl":"https:\/\/gohike.lv\/wp-content\/uploads\/2025\/01\/XLBolognese.png","datePublished":"2025-01-15T11:37:48+00:00","dateModified":"2026-01-23T17:22:42+00:00","description":"Sast\u0101vda\u013cas: sublim\u0113ti cepti spageti tom\u0101tu m\u0113rc\u0113 (67%), sublim\u0113ta v\u0101r\u012bta te\u013ca ga\u013ca (14%), cepti s\u012bpoli (11,8%), sublim\u0113ti tom\u0101ti; \u017e\u0101v\u0113ti: \u0137iploki, timi\u0101ns, oregano, baziliks; s\u0101ls.","breadcrumb":{"@id":"https:\/\/gohike.lv\/ru\/produkts\/harchifood-cepti-spageti-bolognese-ar-tela-galu-un-tomatiem-100-liofilizets-xl\/#breadcrumb"},"inLanguage":"ru-RU","potentialAction":[{"@type":"ReadAction","target":["https:\/\/gohike.lv\/ru\/produkts\/harchifood-cepti-spageti-bolognese-ar-tela-galu-un-tomatiem-100-liofilizets-xl\/"]}]},{"@type":"ImageObject","inLanguage":"ru-RU","@id":"https:\/\/gohike.lv\/ru\/produkts\/harchifood-cepti-spageti-bolognese-ar-tela-galu-un-tomatiem-100-liofilizets-xl\/#primaryimage","url":"https:\/\/gohike.lv\/wp-content\/uploads\/2025\/01\/XLBolognese.png","contentUrl":"https:\/\/gohike.lv\/wp-content\/uploads\/2025\/01\/XLBolognese.png","width":4000,"height":4000},{"@type":"BreadcrumbList","@id":"https:\/\/gohike.lv\/ru\/produkts\/harchifood-cepti-spageti-bolognese-ar-tela-galu-un-tomatiem-100-liofilizets-xl\/#breadcrumb","itemListElement":[{"@type":"ListItem","position":1,"name":"\u0413\u043b\u0430\u0432\u043d\u0430\u044f","item":"https:\/\/gohike.lv\/ru\/"},{"@type":"ListItem","position":2,"name":"\u041a\u0430\u0442\u0435\u0433\u043e\u0440\u0438\u0438 \u0442\u043e\u0432\u0430\u0440\u043e\u0432","item":"https:\/\/gohike.lv\/%d0%ba%d0%b0%d1%82%d0%b5%d0%b3%d0%be%d1%80%d0%b8%d0%b8-%d1%82%d0%be%d0%b2%d0%b0%d1%80%d0%be%d0%b2\/"},{"@type":"ListItem","position":3,"name":"HARCHIFOOD &#8211; (XL) Cepti spageti &#8220;Bolognese&#8221; ar te\u013ca ga\u013cu un tom\u0101tiem. 100% Liofiliz\u0113ts."}]},{"@type":"WebSite","@id":"https:\/\/gohike.lv\/ru\/#website","url":"https:\/\/gohike.lv\/ru\/","name":"GoHike","description":"","publisher":{"@id":"https:\/\/gohike.lv\/ru\/#organization"},"potentialAction":[{"@type":"SearchAction","target":{"@type":"EntryPoint","urlTemplate":"https:\/\/gohike.lv\/ru\/?s={search_term_string}"},"query-input":{"@type":"PropertyValueSpecification","valueRequired":true,"valueName":"search_term_string"}}],"inLanguage":"ru-RU"},{"@type":"Organization","@id":"https:\/\/gohike.lv\/ru\/#organization","name":"GoHike","url":"https:\/\/gohike.lv\/ru\/","logo":{"@type":"ImageObject","inLanguage":"ru-RU","@id":"https:\/\/gohike.lv\/ru\/#\/schema\/logo\/image\/","url":"https:\/\/gohike.lv\/wp-content\/uploads\/2023\/08\/Logo_GoHike.webp","contentUrl":"https:\/\/gohike.lv\/wp-content\/uploads\/2023\/08\/Logo_GoHike.webp","width":512,"height":512,"caption":"GoHike"},"image":{"@id":"https:\/\/gohike.lv\/ru\/#\/schema\/logo\/image\/"},"sameAs":["https:\/\/www.facebook.com\/gohike.shop\/","https:\/\/www.instagram.com\/gohike.shop\/"]}]}},"jetpack_sharing_enabled":true,"_links":{"self":[{"href":"https:\/\/gohike.lv\/ru\/wp-json\/wp\/v2\/product\/65720","targetHints":{"allow":["GET"]}}],"collection":[{"href":"https:\/\/gohike.lv\/ru\/wp-json\/wp\/v2\/product"}],"about":[{"href":"https:\/\/gohike.lv\/ru\/wp-json\/wp\/v2\/types\/product"}],"version-history":[{"count":1,"href":"https:\/\/gohike.lv\/ru\/wp-json\/wp\/v2\/product\/65720\/revisions"}],"predecessor-version":[{"id":119374,"href":"https:\/\/gohike.lv\/ru\/wp-json\/wp\/v2\/product\/65720\/revisions\/119374"}],"wp:featuredmedia":[{"embeddable":true,"href":"https:\/\/gohike.lv\/ru\/wp-json\/wp\/v2\/media\/65723"}],"wp:attachment":[{"href":"https:\/\/gohike.lv\/ru\/wp-json\/wp\/v2\/media?parent=65720"}],"wp:term":[{"taxonomy":"product_brand","embeddable":true,"href":"https:\/\/gohike.lv\/ru\/wp-json\/wp\/v2\/product_brand?post=65720"},{"taxonomy":"product_cat","embeddable":true,"href":"https:\/\/gohike.lv\/ru\/wp-json\/wp\/v2\/product_cat?post=65720"},{"taxonomy":"product_tag","embeddable":true,"href":"https:\/\/gohike.lv\/ru\/wp-json\/wp\/v2\/product_tag?post=65720"}],"curies":[{"name":"wp","href":"https:\/\/api.w.org\/{rel}","templated":true}]}}