{"id":65706,"date":"2025-01-15T14:36:43","date_gmt":"2025-01-15T11:36:43","guid":{"rendered":"https:\/\/gohike.lv\/produkts\/cocoon-ultraviegls-dvielis\/"},"modified":"2026-01-22T20:23:59","modified_gmt":"2026-01-22T17:23:59","slug":"cocoon-ultraviegls-dvielis","status":"publish","type":"product","link":"https:\/\/gohike.lv\/ru\/produkts\/cocoon-ultraviegls-dvielis\/","title":{"rendered":"Cocoon &#8212; Ultralight Microfiber dvielis"},"content":{"rendered":"<p>Uzs\u016bc 4 reizes vair\u0101k \u016bdens nek\u0101 t\u0101 pa\u0161svars.<br \/>\nSpecifik\u0101cija:<br \/>\n\u2022\tIr iesp\u0113jams izveidot cilpu \u017e\u0101v\u0113\u0161anai, izmantojot nelielus pogveida stiprin\u0101jumus;<br \/>\n\u2022\tKomplekt\u0101 ietilpst neliels sieta maisi\u0146\u0161.<br \/>\nMateri\u0101ls: mikro\u0161\u0137iedra &#8212; 80% poliesters \/ 20% neilons<br \/>\nKop\u0161ana:<br \/>\n\u2022\tmazg\u0101t ve\u013casma\u0161\u012bn\u0101 (40\u00b0C) vai \u0137\u012bmiski t\u012br\u012bt;<br \/>\n\u2022\tnebalin\u0101t; negludin\u0101t;<br \/>\n\u2022\tne\u017e\u0101v\u0113t ve\u013cas \u017e\u0101v\u0113t\u0101j\u0101; mazg\u0101t atsevi\u0161\u0137i no citu kr\u0101su ap\u0123\u0113rba.<\/p>\n","protected":false},"excerpt":{"rendered":"<p>\u012apa\u0161i viegls, \u013coti \u0101tri \u017e\u016bsto\u0161s dvielis, izgatavots no m\u012bkstas mikro\u0161\u0137iedras.<\/p>\n","protected":false},"featured_media":65709,"template":"","meta":[],"product_brand":[15062],"product_cat":[1380],"product_tag":[],"class_list":{"0":"post-65706","1":"product","2":"type-product","3":"status-publish","4":"has-post-thumbnail","6":"product_brand-cooon","7":"product_cat-higiena","8":"pa_izmers-l","9":"pa_izmers-m","10":"pa_izmerscm-10414","11":"pa_izmerscm-10417","12":"pa_materiali-80-poliesters-20-neilons","13":"pa_produkta-tips-dvieli","14":"pa_saliktas-preces-izmerscm-12-55-5","15":"pa_saliktas-preces-izmerscm-15-56-5","16":"pa_spalva-sarkans","17":"pa_spalva-tumsi-peleks","19":"first","20":"instock","21":"taxable","22":"shipping-taxable","23":"purchasable","24":"product-type-variable","25":"has-default-attributes"},"raw_content":{"name":"Cocoon - Ultralight Microfiber dvielis","description":"Uzs\u016bc 4 reizes vair\u0101k \u016bdens nek\u0101 t\u0101 pa\u0161svars.\nSpecifik\u0101cija:\n\u2022\tIr iesp\u0113jams izveidot cilpu \u017e\u0101v\u0113\u0161anai, izmantojot nelielus pogveida stiprin\u0101jumus;\n\u2022\tKomplekt\u0101 ietilpst neliels sieta maisi\u0146\u0161.\nMateri\u0101ls: mikro\u0161\u0137iedra - 80% poliesters \/ 20% neilons\nKop\u0161ana:\n\u2022\tmazg\u0101t ve\u013casma\u0161\u012bn\u0101 (40\u00b0C) vai \u0137\u012bmiski t\u012br\u012bt;\n\u2022\tnebalin\u0101t; negludin\u0101t;\n\u2022\tne\u017e\u0101v\u0113t ve\u013cas \u017e\u0101v\u0113t\u0101j\u0101; mazg\u0101t atsevi\u0161\u0137i no citu kr\u0101su ap\u0123\u0113rba.","short_description":"\u012apa\u0161i viegls, \u013coti \u0101tri \u017e\u016bsto\u0161s dvielis, izgatavots no m\u012bkstas mikro\u0161\u0137iedras.","status":"publish","sku":"cocooooo35","original":65706},"wpml":{"translation_type":1,"has_translations":true,"original":65706,"duplicates":[],"translations":{"lv":65706,"en":66825,"ru":null}},"supplier_id":null,"supplier_sku":"","barcode":null,"atum_controlled":true,"out_stock_date":null,"out_stock_threshold":null,"inheritable":false,"inbound_stock":0,"stock_on_hold":0,"sold_today":0,"sales_last_days":0,"reserved_stock":0,"customer_returns":0,"warehouse_damage":0,"lost_in_post":0,"other_logs":0,"out_stock_days":0,"lost_sales":0,"has_location":false,"update_date":"2025-12-30T14:13:25","atum_locations":[],"atum_stock_status":"instock","restock_status":false,"low_stock_amount":"","sales_update_date":"2025-11-13T14:07:23","calc_backorders":null,"yoast_head":"<!-- This site is optimized with the Yoast SEO plugin v27.3 - https:\/\/yoast.com\/product\/yoast-seo-wordpress\/ -->\n<title>Cocoon - Ultraviegls dvielis<\/title>\n<meta name=\"description\" content=\"\u012apa\u0161i viegls, \u013coti \u0101tri \u017e\u016bsto\u0161s dvielis, izgatavots no m\u012bkstas mikro\u0161\u0137iedras.\" \/>\n<meta name=\"robots\" content=\"index, follow, max-snippet:-1, max-image-preview:large, max-video-preview:-1\" \/>\n<link rel=\"canonical\" href=\"https:\/\/gohike.lv\/ru\/produkts\/cocoon-ultraviegls-dvielis\/\" \/>\n<meta property=\"og:locale\" content=\"ru_RU\" \/>\n<meta property=\"og:type\" content=\"article\" \/>\n<meta property=\"og:title\" content=\"Cocoon - Ultraviegls dvielis\" \/>\n<meta property=\"og:description\" content=\"\u012apa\u0161i viegls, \u013coti \u0101tri \u017e\u016bsto\u0161s dvielis, izgatavots no m\u012bkstas mikro\u0161\u0137iedras.\" \/>\n<meta property=\"og:url\" content=\"https:\/\/gohike.lv\/ru\/produkts\/cocoon-ultraviegls-dvielis\/\" \/>\n<meta property=\"og:site_name\" content=\"GoHike\" \/>\n<meta property=\"article:publisher\" content=\"https:\/\/www.facebook.com\/gohike.shop\/\" \/>\n<meta property=\"article:modified_time\" content=\"2026-01-22T17:23:59+00:00\" \/>\n<meta property=\"og:image\" content=\"https:\/\/gohike.lv\/wp-content\/uploads\/2025\/01\/UltralightTowel_red.webp\" \/>\n\t<meta property=\"og:image:width\" content=\"720\" \/>\n\t<meta property=\"og:image:height\" content=\"720\" \/>\n\t<meta property=\"og:image:type\" content=\"image\/webp\" \/>\n<meta name=\"twitter:card\" content=\"summary_large_image\" \/>\n<meta name=\"twitter:title\" content=\"Cocoon - Ultraviegls dvielis\" \/>\n<meta name=\"twitter:label1\" content=\"\u041f\u0440\u0438\u043c\u0435\u0440\u043d\u043e\u0435 \u0432\u0440\u0435\u043c\u044f \u0434\u043b\u044f \u0447\u0442\u0435\u043d\u0438\u044f\" \/>\n\t<meta name=\"twitter:data1\" content=\"1 \u043c\u0438\u043d\u0443\u0442\u0430\" \/>\n<script type=\"application\/ld+json\" class=\"yoast-schema-graph\">{\"@context\":\"https:\\\/\\\/schema.org\",\"@graph\":[{\"@type\":[\"WebPage\",\"ItemPage\"],\"@id\":\"https:\\\/\\\/gohike.lv\\\/ru\\\/produkts\\\/cocoon-ultraviegls-dvielis\\\/\",\"url\":\"https:\\\/\\\/gohike.lv\\\/ru\\\/produkts\\\/cocoon-ultraviegls-dvielis\\\/\",\"name\":\"Cocoon - Ultraviegls dvielis\",\"isPartOf\":{\"@id\":\"https:\\\/\\\/gohike.lv\\\/ru\\\/#website\"},\"primaryImageOfPage\":{\"@id\":\"https:\\\/\\\/gohike.lv\\\/ru\\\/produkts\\\/cocoon-ultraviegls-dvielis\\\/#primaryimage\"},\"image\":{\"@id\":\"https:\\\/\\\/gohike.lv\\\/ru\\\/produkts\\\/cocoon-ultraviegls-dvielis\\\/#primaryimage\"},\"thumbnailUrl\":\"https:\\\/\\\/gohike.lv\\\/wp-content\\\/uploads\\\/2025\\\/01\\\/UltralightTowel_red.webp\",\"datePublished\":\"2025-01-15T11:36:43+00:00\",\"dateModified\":\"2026-01-22T17:23:59+00:00\",\"description\":\"\u012apa\u0161i viegls, \u013coti \u0101tri \u017e\u016bsto\u0161s dvielis, izgatavots no m\u012bkstas mikro\u0161\u0137iedras.\",\"breadcrumb\":{\"@id\":\"https:\\\/\\\/gohike.lv\\\/ru\\\/produkts\\\/cocoon-ultraviegls-dvielis\\\/#breadcrumb\"},\"inLanguage\":\"ru-RU\",\"potentialAction\":[{\"@type\":\"ReadAction\",\"target\":[\"https:\\\/\\\/gohike.lv\\\/ru\\\/produkts\\\/cocoon-ultraviegls-dvielis\\\/\"]}]},{\"@type\":\"ImageObject\",\"inLanguage\":\"ru-RU\",\"@id\":\"https:\\\/\\\/gohike.lv\\\/ru\\\/produkts\\\/cocoon-ultraviegls-dvielis\\\/#primaryimage\",\"url\":\"https:\\\/\\\/gohike.lv\\\/wp-content\\\/uploads\\\/2025\\\/01\\\/UltralightTowel_red.webp\",\"contentUrl\":\"https:\\\/\\\/gohike.lv\\\/wp-content\\\/uploads\\\/2025\\\/01\\\/UltralightTowel_red.webp\",\"width\":720,\"height\":720},{\"@type\":\"BreadcrumbList\",\"@id\":\"https:\\\/\\\/gohike.lv\\\/ru\\\/produkts\\\/cocoon-ultraviegls-dvielis\\\/#breadcrumb\",\"itemListElement\":[{\"@type\":\"ListItem\",\"position\":1,\"name\":\"\u0413\u043b\u0430\u0432\u043d\u0430\u044f\",\"item\":\"https:\\\/\\\/gohike.lv\\\/ru\\\/\"},{\"@type\":\"ListItem\",\"position\":2,\"name\":\"\u041a\u0430\u0442\u0435\u0433\u043e\u0440\u0438\u0438 \u0442\u043e\u0432\u0430\u0440\u043e\u0432\",\"item\":\"https:\\\/\\\/gohike.lv\\\/%d0%ba%d0%b0%d1%82%d0%b5%d0%b3%d0%be%d1%80%d0%b8%d0%b8-%d1%82%d0%be%d0%b2%d0%b0%d1%80%d0%be%d0%b2\\\/\"},{\"@type\":\"ListItem\",\"position\":3,\"name\":\"Cocoon &#8211; Ultralight Microfiber dvielis\"}]},{\"@type\":\"WebSite\",\"@id\":\"https:\\\/\\\/gohike.lv\\\/ru\\\/#website\",\"url\":\"https:\\\/\\\/gohike.lv\\\/ru\\\/\",\"name\":\"GoHike\",\"description\":\"\",\"publisher\":{\"@id\":\"https:\\\/\\\/gohike.lv\\\/ru\\\/#organization\"},\"potentialAction\":[{\"@type\":\"SearchAction\",\"target\":{\"@type\":\"EntryPoint\",\"urlTemplate\":\"https:\\\/\\\/gohike.lv\\\/ru\\\/?s={search_term_string}\"},\"query-input\":{\"@type\":\"PropertyValueSpecification\",\"valueRequired\":true,\"valueName\":\"search_term_string\"}}],\"inLanguage\":\"ru-RU\"},{\"@type\":\"Organization\",\"@id\":\"https:\\\/\\\/gohike.lv\\\/ru\\\/#organization\",\"name\":\"GoHike\",\"url\":\"https:\\\/\\\/gohike.lv\\\/ru\\\/\",\"logo\":{\"@type\":\"ImageObject\",\"inLanguage\":\"ru-RU\",\"@id\":\"https:\\\/\\\/gohike.lv\\\/ru\\\/#\\\/schema\\\/logo\\\/image\\\/\",\"url\":\"https:\\\/\\\/gohike.lv\\\/wp-content\\\/uploads\\\/2023\\\/08\\\/Logo_GoHike.webp\",\"contentUrl\":\"https:\\\/\\\/gohike.lv\\\/wp-content\\\/uploads\\\/2023\\\/08\\\/Logo_GoHike.webp\",\"width\":512,\"height\":512,\"caption\":\"GoHike\"},\"image\":{\"@id\":\"https:\\\/\\\/gohike.lv\\\/ru\\\/#\\\/schema\\\/logo\\\/image\\\/\"},\"sameAs\":[\"https:\\\/\\\/www.facebook.com\\\/gohike.shop\\\/\",\"https:\\\/\\\/www.instagram.com\\\/gohike.shop\\\/\"]}]}<\/script>\n<!-- \/ Yoast SEO plugin. -->","yoast_head_json":{"title":"Cocoon - Ultraviegls dvielis","description":"\u012apa\u0161i viegls, \u013coti \u0101tri \u017e\u016bsto\u0161s dvielis, izgatavots no m\u012bkstas mikro\u0161\u0137iedras.","robots":{"index":"index","follow":"follow","max-snippet":"max-snippet:-1","max-image-preview":"max-image-preview:large","max-video-preview":"max-video-preview:-1"},"canonical":"https:\/\/gohike.lv\/ru\/produkts\/cocoon-ultraviegls-dvielis\/","og_locale":"ru_RU","og_type":"article","og_title":"Cocoon - Ultraviegls dvielis","og_description":"\u012apa\u0161i viegls, \u013coti \u0101tri \u017e\u016bsto\u0161s dvielis, izgatavots no m\u012bkstas mikro\u0161\u0137iedras.","og_url":"https:\/\/gohike.lv\/ru\/produkts\/cocoon-ultraviegls-dvielis\/","og_site_name":"GoHike","article_publisher":"https:\/\/www.facebook.com\/gohike.shop\/","article_modified_time":"2026-01-22T17:23:59+00:00","og_image":[{"width":720,"height":720,"url":"https:\/\/gohike.lv\/wp-content\/uploads\/2025\/01\/UltralightTowel_red.webp","type":"image\/webp"}],"twitter_card":"summary_large_image","twitter_title":"Cocoon - Ultraviegls dvielis","twitter_misc":{"\u041f\u0440\u0438\u043c\u0435\u0440\u043d\u043e\u0435 \u0432\u0440\u0435\u043c\u044f \u0434\u043b\u044f \u0447\u0442\u0435\u043d\u0438\u044f":"1 \u043c\u0438\u043d\u0443\u0442\u0430"},"schema":{"@context":"https:\/\/schema.org","@graph":[{"@type":["WebPage","ItemPage"],"@id":"https:\/\/gohike.lv\/ru\/produkts\/cocoon-ultraviegls-dvielis\/","url":"https:\/\/gohike.lv\/ru\/produkts\/cocoon-ultraviegls-dvielis\/","name":"Cocoon - Ultraviegls dvielis","isPartOf":{"@id":"https:\/\/gohike.lv\/ru\/#website"},"primaryImageOfPage":{"@id":"https:\/\/gohike.lv\/ru\/produkts\/cocoon-ultraviegls-dvielis\/#primaryimage"},"image":{"@id":"https:\/\/gohike.lv\/ru\/produkts\/cocoon-ultraviegls-dvielis\/#primaryimage"},"thumbnailUrl":"https:\/\/gohike.lv\/wp-content\/uploads\/2025\/01\/UltralightTowel_red.webp","datePublished":"2025-01-15T11:36:43+00:00","dateModified":"2026-01-22T17:23:59+00:00","description":"\u012apa\u0161i viegls, \u013coti \u0101tri \u017e\u016bsto\u0161s dvielis, izgatavots no m\u012bkstas mikro\u0161\u0137iedras.","breadcrumb":{"@id":"https:\/\/gohike.lv\/ru\/produkts\/cocoon-ultraviegls-dvielis\/#breadcrumb"},"inLanguage":"ru-RU","potentialAction":[{"@type":"ReadAction","target":["https:\/\/gohike.lv\/ru\/produkts\/cocoon-ultraviegls-dvielis\/"]}]},{"@type":"ImageObject","inLanguage":"ru-RU","@id":"https:\/\/gohike.lv\/ru\/produkts\/cocoon-ultraviegls-dvielis\/#primaryimage","url":"https:\/\/gohike.lv\/wp-content\/uploads\/2025\/01\/UltralightTowel_red.webp","contentUrl":"https:\/\/gohike.lv\/wp-content\/uploads\/2025\/01\/UltralightTowel_red.webp","width":720,"height":720},{"@type":"BreadcrumbList","@id":"https:\/\/gohike.lv\/ru\/produkts\/cocoon-ultraviegls-dvielis\/#breadcrumb","itemListElement":[{"@type":"ListItem","position":1,"name":"\u0413\u043b\u0430\u0432\u043d\u0430\u044f","item":"https:\/\/gohike.lv\/ru\/"},{"@type":"ListItem","position":2,"name":"\u041a\u0430\u0442\u0435\u0433\u043e\u0440\u0438\u0438 \u0442\u043e\u0432\u0430\u0440\u043e\u0432","item":"https:\/\/gohike.lv\/%d0%ba%d0%b0%d1%82%d0%b5%d0%b3%d0%be%d1%80%d0%b8%d0%b8-%d1%82%d0%be%d0%b2%d0%b0%d1%80%d0%be%d0%b2\/"},{"@type":"ListItem","position":3,"name":"Cocoon &#8211; Ultralight Microfiber dvielis"}]},{"@type":"WebSite","@id":"https:\/\/gohike.lv\/ru\/#website","url":"https:\/\/gohike.lv\/ru\/","name":"GoHike","description":"","publisher":{"@id":"https:\/\/gohike.lv\/ru\/#organization"},"potentialAction":[{"@type":"SearchAction","target":{"@type":"EntryPoint","urlTemplate":"https:\/\/gohike.lv\/ru\/?s={search_term_string}"},"query-input":{"@type":"PropertyValueSpecification","valueRequired":true,"valueName":"search_term_string"}}],"inLanguage":"ru-RU"},{"@type":"Organization","@id":"https:\/\/gohike.lv\/ru\/#organization","name":"GoHike","url":"https:\/\/gohike.lv\/ru\/","logo":{"@type":"ImageObject","inLanguage":"ru-RU","@id":"https:\/\/gohike.lv\/ru\/#\/schema\/logo\/image\/","url":"https:\/\/gohike.lv\/wp-content\/uploads\/2023\/08\/Logo_GoHike.webp","contentUrl":"https:\/\/gohike.lv\/wp-content\/uploads\/2023\/08\/Logo_GoHike.webp","width":512,"height":512,"caption":"GoHike"},"image":{"@id":"https:\/\/gohike.lv\/ru\/#\/schema\/logo\/image\/"},"sameAs":["https:\/\/www.facebook.com\/gohike.shop\/","https:\/\/www.instagram.com\/gohike.shop\/"]}]}},"jetpack_sharing_enabled":true,"_links":{"self":[{"href":"https:\/\/gohike.lv\/ru\/wp-json\/wp\/v2\/product\/65706","targetHints":{"allow":["GET"]}}],"collection":[{"href":"https:\/\/gohike.lv\/ru\/wp-json\/wp\/v2\/product"}],"about":[{"href":"https:\/\/gohike.lv\/ru\/wp-json\/wp\/v2\/types\/product"}],"version-history":[{"count":0,"href":"https:\/\/gohike.lv\/ru\/wp-json\/wp\/v2\/product\/65706\/revisions"}],"wp:featuredmedia":[{"embeddable":true,"href":"https:\/\/gohike.lv\/ru\/wp-json\/wp\/v2\/media\/65709"}],"wp:attachment":[{"href":"https:\/\/gohike.lv\/ru\/wp-json\/wp\/v2\/media?parent=65706"}],"wp:term":[{"taxonomy":"product_brand","embeddable":true,"href":"https:\/\/gohike.lv\/ru\/wp-json\/wp\/v2\/product_brand?post=65706"},{"taxonomy":"product_cat","embeddable":true,"href":"https:\/\/gohike.lv\/ru\/wp-json\/wp\/v2\/product_cat?post=65706"},{"taxonomy":"product_tag","embeddable":true,"href":"https:\/\/gohike.lv\/ru\/wp-json\/wp\/v2\/product_tag?post=65706"}],"curies":[{"name":"wp","href":"https:\/\/api.w.org\/{rel}","templated":true}]}}