{"id":65692,"date":"2025-01-15T14:36:31","date_gmt":"2025-01-15T11:36:31","guid":{"rendered":"https:\/\/gohike.lv\/produkts\/cocoon-viegls-dvielis-terry\/"},"modified":"2026-04-02T23:55:58","modified_gmt":"2026-04-02T20:55:58","slug":"cocoon-viegls-dvielis-terry","status":"publish","type":"product","link":"https:\/\/gohike.lv\/ru\/produkts\/cocoon-viegls-dvielis-terry\/","title":{"rendered":"Cocoon &#8212; Microfiber\u00a0dvielis (Terry)"},"content":{"rendered":"<p>Uzs\u016bc 7 reizes vair\u0101k \u016bdens nek\u0101 t\u0101 pa\u0161svars.<br \/>\nSpecifik\u0101cija:<br \/>\n\u2022 Ir iesp\u0113jams izveidot cilpu \u017e\u0101v\u0113\u0161anai, izmantojot nelielus pogveida stiprin\u0101jumus;<br \/>\n\u2022 Komplekt\u0101 ietilpst neliels sieta maisi\u0146\u0161.<br \/>\nMateri\u0101ls: mikro\u0161\u0137iedra &#8212; 80% poliesters \/ 20% neilons<br \/>\nKop\u0161ana:<br \/>\n\u2022 mazg\u0101t ve\u013casma\u0161\u012bn\u0101 (40\u00b0C) vai \u0137\u012bmiski t\u012br\u012bt;<br \/>\n\u2022 nebalin\u0101t; negludin\u0101t;<br \/>\n\u2022 ne\u017e\u0101v\u0113t ve\u013cas \u017e\u0101v\u0113t\u0101j\u0101; mazg\u0101t atsevi\u0161\u0137i no citu kr\u0101su ap\u0123\u0113rba.<\/p>\n","protected":false},"excerpt":{"rendered":"<p>\u012apa\u0161i absorb\u0113jo\u0161s, \u0101tri \u017e\u016bsto\u0161s un m\u012bksts mikro\u0161\u0137iedras dvielis.<\/p>\n","protected":false},"featured_media":65694,"template":"","meta":[],"product_brand":[15062],"product_cat":[1380],"product_tag":[],"class_list":{"0":"post-65692","1":"product","2":"type-product","3":"status-publish","4":"has-post-thumbnail","6":"product_brand-cooon","7":"product_cat-higiena","8":"pa_izmers-l","9":"pa_izmers-m","10":"pa_izmers-xl","11":"pa_izmerscm-10414","12":"pa_izmerscm-13178","13":"pa_izmerscm-10417","14":"pa_materiali-80-poliesters-20-neilons","15":"pa_produkta-tips-dvieli","16":"pa_saliktas-preces-izmerscm-10418","17":"pa_saliktas-preces-izmerscm-10415","18":"pa_spalva-tumsi-zals","19":"pa_spalva-tumsi-zils","20":"pa_spalva-zils","22":"first","23":"instock","24":"taxable","25":"shipping-taxable","26":"purchasable","27":"product-type-variable"},"raw_content":{"name":"Cocoon - Microfiber\u00a0dvielis (Terry)","description":"Uzs\u016bc 7 reizes vair\u0101k \u016bdens nek\u0101 t\u0101 pa\u0161svars.\nSpecifik\u0101cija:\n\u2022 Ir iesp\u0113jams izveidot cilpu \u017e\u0101v\u0113\u0161anai, izmantojot nelielus pogveida stiprin\u0101jumus;\n\u2022 Komplekt\u0101 ietilpst neliels sieta maisi\u0146\u0161.\nMateri\u0101ls: mikro\u0161\u0137iedra - 80% poliesters \/ 20% neilons\nKop\u0161ana:\n\u2022 mazg\u0101t ve\u013casma\u0161\u012bn\u0101 (40\u00b0C) vai \u0137\u012bmiski t\u012br\u012bt;\n\u2022 nebalin\u0101t; negludin\u0101t;\n\u2022 ne\u017e\u0101v\u0113t ve\u013cas \u017e\u0101v\u0113t\u0101j\u0101; mazg\u0101t atsevi\u0161\u0137i no citu kr\u0101su ap\u0123\u0113rba.","short_description":"\u012apa\u0161i absorb\u0113jo\u0161s, \u0101tri \u017e\u016bsto\u0161s un m\u012bksts mikro\u0161\u0137iedras dvielis.","status":"publish","sku":"cocooooo34","original":65692},"wpml":{"translation_type":1,"has_translations":true,"original":65692,"duplicates":[],"translations":{"lv":65692,"en":66819,"ru":null}},"supplier_id":null,"supplier_sku":"","barcode":null,"atum_controlled":true,"out_stock_date":null,"out_stock_threshold":null,"inheritable":true,"inbound_stock":0,"stock_on_hold":0,"sold_today":0,"sales_last_days":0,"reserved_stock":0,"customer_returns":0,"warehouse_damage":0,"lost_in_post":0,"other_logs":0,"out_stock_days":0,"lost_sales":0,"has_location":false,"update_date":"2025-12-30T14:13:25","atum_locations":[],"atum_stock_status":"instock","restock_status":false,"low_stock_amount":"","sales_update_date":"2025-11-13T14:08:29","calc_backorders":null,"yoast_head":"<!-- This site is optimized with the Yoast SEO plugin v27.3 - https:\/\/yoast.com\/product\/yoast-seo-wordpress\/ -->\n<title>Cocoon - Viegls dvielis (Terry)<\/title>\n<meta name=\"description\" content=\"\u012apa\u0161i absorb\u0113jo\u0161s, \u0101tri \u017e\u016bsto\u0161s un m\u012bksts mikro\u0161\u0137iedras dvielis.\" \/>\n<meta name=\"robots\" content=\"index, follow, max-snippet:-1, max-image-preview:large, max-video-preview:-1\" \/>\n<link rel=\"canonical\" href=\"https:\/\/gohike.lv\/ru\/produkts\/cocoon-viegls-dvielis-terry\/\" \/>\n<meta property=\"og:locale\" content=\"ru_RU\" \/>\n<meta property=\"og:type\" content=\"article\" \/>\n<meta property=\"og:title\" content=\"Cocoon - Viegls dvielis (Terry)\" \/>\n<meta property=\"og:description\" content=\"\u012apa\u0161i absorb\u0113jo\u0161s, \u0101tri \u017e\u016bsto\u0161s un m\u012bksts mikro\u0161\u0137iedras dvielis.\" \/>\n<meta property=\"og:url\" content=\"https:\/\/gohike.lv\/ru\/produkts\/cocoon-viegls-dvielis-terry\/\" \/>\n<meta property=\"og:site_name\" content=\"GoHike\" \/>\n<meta property=\"article:publisher\" content=\"https:\/\/www.facebook.com\/gohike.shop\/\" \/>\n<meta property=\"article:modified_time\" content=\"2026-04-02T20:55:58+00:00\" \/>\n<meta property=\"og:image\" content=\"https:\/\/gohike.lv\/wp-content\/uploads\/2025\/01\/TerryTowelBlue_.jpg\" \/>\n\t<meta property=\"og:image:width\" content=\"800\" \/>\n\t<meta property=\"og:image:height\" content=\"800\" \/>\n\t<meta property=\"og:image:type\" content=\"image\/jpeg\" \/>\n<meta name=\"twitter:card\" content=\"summary_large_image\" \/>\n<meta name=\"twitter:title\" content=\"Cocoon - Viegls dvielis (Terry)\" \/>\n<meta name=\"twitter:label1\" content=\"\u041f\u0440\u0438\u043c\u0435\u0440\u043d\u043e\u0435 \u0432\u0440\u0435\u043c\u044f \u0434\u043b\u044f \u0447\u0442\u0435\u043d\u0438\u044f\" \/>\n\t<meta name=\"twitter:data1\" content=\"1 \u043c\u0438\u043d\u0443\u0442\u0430\" \/>\n<script type=\"application\/ld+json\" class=\"yoast-schema-graph\">{\"@context\":\"https:\\\/\\\/schema.org\",\"@graph\":[{\"@type\":[\"WebPage\",\"ItemPage\"],\"@id\":\"https:\\\/\\\/gohike.lv\\\/ru\\\/produkts\\\/cocoon-viegls-dvielis-terry\\\/\",\"url\":\"https:\\\/\\\/gohike.lv\\\/ru\\\/produkts\\\/cocoon-viegls-dvielis-terry\\\/\",\"name\":\"Cocoon - Viegls dvielis (Terry)\",\"isPartOf\":{\"@id\":\"https:\\\/\\\/gohike.lv\\\/ru\\\/#website\"},\"primaryImageOfPage\":{\"@id\":\"https:\\\/\\\/gohike.lv\\\/ru\\\/produkts\\\/cocoon-viegls-dvielis-terry\\\/#primaryimage\"},\"image\":{\"@id\":\"https:\\\/\\\/gohike.lv\\\/ru\\\/produkts\\\/cocoon-viegls-dvielis-terry\\\/#primaryimage\"},\"thumbnailUrl\":\"https:\\\/\\\/gohike.lv\\\/wp-content\\\/uploads\\\/2025\\\/01\\\/TerryTowelBlue_.jpg\",\"datePublished\":\"2025-01-15T11:36:31+00:00\",\"dateModified\":\"2026-04-02T20:55:58+00:00\",\"description\":\"\u012apa\u0161i absorb\u0113jo\u0161s, \u0101tri \u017e\u016bsto\u0161s un m\u012bksts mikro\u0161\u0137iedras dvielis.\",\"breadcrumb\":{\"@id\":\"https:\\\/\\\/gohike.lv\\\/ru\\\/produkts\\\/cocoon-viegls-dvielis-terry\\\/#breadcrumb\"},\"inLanguage\":\"ru-RU\",\"potentialAction\":[{\"@type\":\"ReadAction\",\"target\":[\"https:\\\/\\\/gohike.lv\\\/ru\\\/produkts\\\/cocoon-viegls-dvielis-terry\\\/\"]}]},{\"@type\":\"ImageObject\",\"inLanguage\":\"ru-RU\",\"@id\":\"https:\\\/\\\/gohike.lv\\\/ru\\\/produkts\\\/cocoon-viegls-dvielis-terry\\\/#primaryimage\",\"url\":\"https:\\\/\\\/gohike.lv\\\/wp-content\\\/uploads\\\/2025\\\/01\\\/TerryTowelBlue_.jpg\",\"contentUrl\":\"https:\\\/\\\/gohike.lv\\\/wp-content\\\/uploads\\\/2025\\\/01\\\/TerryTowelBlue_.jpg\",\"width\":800,\"height\":800},{\"@type\":\"BreadcrumbList\",\"@id\":\"https:\\\/\\\/gohike.lv\\\/ru\\\/produkts\\\/cocoon-viegls-dvielis-terry\\\/#breadcrumb\",\"itemListElement\":[{\"@type\":\"ListItem\",\"position\":1,\"name\":\"\u0413\u043b\u0430\u0432\u043d\u0430\u044f\",\"item\":\"https:\\\/\\\/gohike.lv\\\/ru\\\/\"},{\"@type\":\"ListItem\",\"position\":2,\"name\":\"\u041a\u0430\u0442\u0435\u0433\u043e\u0440\u0438\u0438 \u0442\u043e\u0432\u0430\u0440\u043e\u0432\",\"item\":\"https:\\\/\\\/gohike.lv\\\/%d0%ba%d0%b0%d1%82%d0%b5%d0%b3%d0%be%d1%80%d0%b8%d0%b8-%d1%82%d0%be%d0%b2%d0%b0%d1%80%d0%be%d0%b2\\\/\"},{\"@type\":\"ListItem\",\"position\":3,\"name\":\"Cocoon &#8211; Microfiber\u00a0dvielis (Terry)\"}]},{\"@type\":\"WebSite\",\"@id\":\"https:\\\/\\\/gohike.lv\\\/ru\\\/#website\",\"url\":\"https:\\\/\\\/gohike.lv\\\/ru\\\/\",\"name\":\"GoHike\",\"description\":\"\",\"publisher\":{\"@id\":\"https:\\\/\\\/gohike.lv\\\/ru\\\/#organization\"},\"potentialAction\":[{\"@type\":\"SearchAction\",\"target\":{\"@type\":\"EntryPoint\",\"urlTemplate\":\"https:\\\/\\\/gohike.lv\\\/ru\\\/?s={search_term_string}\"},\"query-input\":{\"@type\":\"PropertyValueSpecification\",\"valueRequired\":true,\"valueName\":\"search_term_string\"}}],\"inLanguage\":\"ru-RU\"},{\"@type\":\"Organization\",\"@id\":\"https:\\\/\\\/gohike.lv\\\/ru\\\/#organization\",\"name\":\"GoHike\",\"url\":\"https:\\\/\\\/gohike.lv\\\/ru\\\/\",\"logo\":{\"@type\":\"ImageObject\",\"inLanguage\":\"ru-RU\",\"@id\":\"https:\\\/\\\/gohike.lv\\\/ru\\\/#\\\/schema\\\/logo\\\/image\\\/\",\"url\":\"https:\\\/\\\/gohike.lv\\\/wp-content\\\/uploads\\\/2023\\\/08\\\/Logo_GoHike.webp\",\"contentUrl\":\"https:\\\/\\\/gohike.lv\\\/wp-content\\\/uploads\\\/2023\\\/08\\\/Logo_GoHike.webp\",\"width\":512,\"height\":512,\"caption\":\"GoHike\"},\"image\":{\"@id\":\"https:\\\/\\\/gohike.lv\\\/ru\\\/#\\\/schema\\\/logo\\\/image\\\/\"},\"sameAs\":[\"https:\\\/\\\/www.facebook.com\\\/gohike.shop\\\/\",\"https:\\\/\\\/www.instagram.com\\\/gohike.shop\\\/\"]}]}<\/script>\n<!-- \/ Yoast SEO plugin. -->","yoast_head_json":{"title":"Cocoon - Viegls dvielis (Terry)","description":"\u012apa\u0161i absorb\u0113jo\u0161s, \u0101tri \u017e\u016bsto\u0161s un m\u012bksts mikro\u0161\u0137iedras dvielis.","robots":{"index":"index","follow":"follow","max-snippet":"max-snippet:-1","max-image-preview":"max-image-preview:large","max-video-preview":"max-video-preview:-1"},"canonical":"https:\/\/gohike.lv\/ru\/produkts\/cocoon-viegls-dvielis-terry\/","og_locale":"ru_RU","og_type":"article","og_title":"Cocoon - Viegls dvielis (Terry)","og_description":"\u012apa\u0161i absorb\u0113jo\u0161s, \u0101tri \u017e\u016bsto\u0161s un m\u012bksts mikro\u0161\u0137iedras dvielis.","og_url":"https:\/\/gohike.lv\/ru\/produkts\/cocoon-viegls-dvielis-terry\/","og_site_name":"GoHike","article_publisher":"https:\/\/www.facebook.com\/gohike.shop\/","article_modified_time":"2026-04-02T20:55:58+00:00","og_image":[{"width":800,"height":800,"url":"https:\/\/gohike.lv\/wp-content\/uploads\/2025\/01\/TerryTowelBlue_.jpg","type":"image\/jpeg"}],"twitter_card":"summary_large_image","twitter_title":"Cocoon - Viegls dvielis (Terry)","twitter_misc":{"\u041f\u0440\u0438\u043c\u0435\u0440\u043d\u043e\u0435 \u0432\u0440\u0435\u043c\u044f \u0434\u043b\u044f \u0447\u0442\u0435\u043d\u0438\u044f":"1 \u043c\u0438\u043d\u0443\u0442\u0430"},"schema":{"@context":"https:\/\/schema.org","@graph":[{"@type":["WebPage","ItemPage"],"@id":"https:\/\/gohike.lv\/ru\/produkts\/cocoon-viegls-dvielis-terry\/","url":"https:\/\/gohike.lv\/ru\/produkts\/cocoon-viegls-dvielis-terry\/","name":"Cocoon - Viegls dvielis (Terry)","isPartOf":{"@id":"https:\/\/gohike.lv\/ru\/#website"},"primaryImageOfPage":{"@id":"https:\/\/gohike.lv\/ru\/produkts\/cocoon-viegls-dvielis-terry\/#primaryimage"},"image":{"@id":"https:\/\/gohike.lv\/ru\/produkts\/cocoon-viegls-dvielis-terry\/#primaryimage"},"thumbnailUrl":"https:\/\/gohike.lv\/wp-content\/uploads\/2025\/01\/TerryTowelBlue_.jpg","datePublished":"2025-01-15T11:36:31+00:00","dateModified":"2026-04-02T20:55:58+00:00","description":"\u012apa\u0161i absorb\u0113jo\u0161s, \u0101tri \u017e\u016bsto\u0161s un m\u012bksts mikro\u0161\u0137iedras dvielis.","breadcrumb":{"@id":"https:\/\/gohike.lv\/ru\/produkts\/cocoon-viegls-dvielis-terry\/#breadcrumb"},"inLanguage":"ru-RU","potentialAction":[{"@type":"ReadAction","target":["https:\/\/gohike.lv\/ru\/produkts\/cocoon-viegls-dvielis-terry\/"]}]},{"@type":"ImageObject","inLanguage":"ru-RU","@id":"https:\/\/gohike.lv\/ru\/produkts\/cocoon-viegls-dvielis-terry\/#primaryimage","url":"https:\/\/gohike.lv\/wp-content\/uploads\/2025\/01\/TerryTowelBlue_.jpg","contentUrl":"https:\/\/gohike.lv\/wp-content\/uploads\/2025\/01\/TerryTowelBlue_.jpg","width":800,"height":800},{"@type":"BreadcrumbList","@id":"https:\/\/gohike.lv\/ru\/produkts\/cocoon-viegls-dvielis-terry\/#breadcrumb","itemListElement":[{"@type":"ListItem","position":1,"name":"\u0413\u043b\u0430\u0432\u043d\u0430\u044f","item":"https:\/\/gohike.lv\/ru\/"},{"@type":"ListItem","position":2,"name":"\u041a\u0430\u0442\u0435\u0433\u043e\u0440\u0438\u0438 \u0442\u043e\u0432\u0430\u0440\u043e\u0432","item":"https:\/\/gohike.lv\/%d0%ba%d0%b0%d1%82%d0%b5%d0%b3%d0%be%d1%80%d0%b8%d0%b8-%d1%82%d0%be%d0%b2%d0%b0%d1%80%d0%be%d0%b2\/"},{"@type":"ListItem","position":3,"name":"Cocoon &#8211; Microfiber\u00a0dvielis (Terry)"}]},{"@type":"WebSite","@id":"https:\/\/gohike.lv\/ru\/#website","url":"https:\/\/gohike.lv\/ru\/","name":"GoHike","description":"","publisher":{"@id":"https:\/\/gohike.lv\/ru\/#organization"},"potentialAction":[{"@type":"SearchAction","target":{"@type":"EntryPoint","urlTemplate":"https:\/\/gohike.lv\/ru\/?s={search_term_string}"},"query-input":{"@type":"PropertyValueSpecification","valueRequired":true,"valueName":"search_term_string"}}],"inLanguage":"ru-RU"},{"@type":"Organization","@id":"https:\/\/gohike.lv\/ru\/#organization","name":"GoHike","url":"https:\/\/gohike.lv\/ru\/","logo":{"@type":"ImageObject","inLanguage":"ru-RU","@id":"https:\/\/gohike.lv\/ru\/#\/schema\/logo\/image\/","url":"https:\/\/gohike.lv\/wp-content\/uploads\/2023\/08\/Logo_GoHike.webp","contentUrl":"https:\/\/gohike.lv\/wp-content\/uploads\/2023\/08\/Logo_GoHike.webp","width":512,"height":512,"caption":"GoHike"},"image":{"@id":"https:\/\/gohike.lv\/ru\/#\/schema\/logo\/image\/"},"sameAs":["https:\/\/www.facebook.com\/gohike.shop\/","https:\/\/www.instagram.com\/gohike.shop\/"]}]}},"jetpack_sharing_enabled":true,"_links":{"self":[{"href":"https:\/\/gohike.lv\/ru\/wp-json\/wp\/v2\/product\/65692","targetHints":{"allow":["GET"]}}],"collection":[{"href":"https:\/\/gohike.lv\/ru\/wp-json\/wp\/v2\/product"}],"about":[{"href":"https:\/\/gohike.lv\/ru\/wp-json\/wp\/v2\/types\/product"}],"version-history":[{"count":0,"href":"https:\/\/gohike.lv\/ru\/wp-json\/wp\/v2\/product\/65692\/revisions"}],"wp:featuredmedia":[{"embeddable":true,"href":"https:\/\/gohike.lv\/ru\/wp-json\/wp\/v2\/media\/65694"}],"wp:attachment":[{"href":"https:\/\/gohike.lv\/ru\/wp-json\/wp\/v2\/media?parent=65692"}],"wp:term":[{"taxonomy":"product_brand","embeddable":true,"href":"https:\/\/gohike.lv\/ru\/wp-json\/wp\/v2\/product_brand?post=65692"},{"taxonomy":"product_cat","embeddable":true,"href":"https:\/\/gohike.lv\/ru\/wp-json\/wp\/v2\/product_cat?post=65692"},{"taxonomy":"product_tag","embeddable":true,"href":"https:\/\/gohike.lv\/ru\/wp-json\/wp\/v2\/product_tag?post=65692"}],"curies":[{"name":"wp","href":"https:\/\/api.w.org\/{rel}","templated":true}]}}