{"id":65630,"date":"2025-01-15T13:54:27","date_gmt":"2025-01-15T10:54:27","guid":{"rendered":"https:\/\/gohike.lv\/produkts\/nextool-taotool-edc-instruments\/"},"modified":"2025-10-03T19:27:47","modified_gmt":"2025-10-03T16:27:47","slug":"nextool-taotool-edc-instruments","status":"publish","type":"product","link":"https:\/\/gohike.lv\/ru\/produkts\/nextool-taotool-edc-instruments\/","title":{"rendered":"NexTool &#8212; TaoTool EDC Instruments"},"content":{"rendered":"<p>Kompaktais dizains un funkcionalit\u0101te nodro\u0161ina \u0113rtu lieto\u0161anu jebkur\u0101 situ\u0101cij\u0101.<br \/>\nPrec\u012bzs nazis un jaud\u012bgs auklas griez\u0113js:<br \/>\n\u2022 Asmens izgatavots no augstas kvalit\u0101tes SANDVIK 12C27 t\u0113rauda, lai nodro\u0161in\u0101tu iztur\u012bbu un precizit\u0101ti;<br \/>\n\u2022 Auklas griez\u0113js \u013cauj viegli un \u0101tri p\u0101rgriezt da\u017e\u0101dus materi\u0101lus, kas ir \u013coti noder\u012bgi gan m\u0101j\u0101s, gan br\u012bv\u0101 dab\u0101.<br \/>\nVienk\u0101r\u0161a lieto\u0161ana un dro\u0161\u012bba:<br \/>\n\u2022 R\u012bks ir viegli lietojams &#8212; vienk\u0101r\u0161i ievietojiet asmeni zem lentes un velciet, lai to nogrieztu;<br \/>\n\u2022 Blo\u0137\u0113\u0161anas meh\u0101nisms nodro\u0161ina dro\u0161u lieto\u0161anu, nov\u0113r\u0161ot nejau\u0161u ievainojumu risku.<br \/>\n\u2022 Kompaktais izm\u0113rs (110,6 mm atv\u0113rt\u0101 st\u0101vokl\u012b un 68 mm saloc\u012bt\u0101 st\u0101vokl\u012b) un vieglais dizains (32 g) padara TaoTool NE0039 \u013coti \u0113rti lietojamu.<br \/>\nSpecifik\u0101cija:<br \/>\n\u2022 Izm\u0113rs: 11,06 \u00d7 6,8 cm (saloc\u012bts);<br \/>\n\u2022 svars: 32 g;<br \/>\n\u2022 materi\u0101ls: SANDVIK 12C27 t\u0113rauds.<\/p>\n","protected":false},"excerpt":{"rendered":"<p>TaoTool NE0039 EDC instruments ir ide\u0101li piem\u0113rots ikdienas lieto\u0161anai, tas pal\u012bdz viegli atv\u0113rt iepakojumus un griezt auklas.<\/p>\n","protected":false},"featured_media":65632,"template":"","meta":[],"product_brand":[10388],"product_cat":[9447,1056],"product_tag":[],"class_list":{"0":"post-65630","1":"product","2":"type-product","3":"status-publish","4":"has-post-thumbnail","6":"product_brand-nextool","7":"product_cat-izpardosana","8":"product_cat-nazi-un-zagi","9":"pa_materiali-sandvik-12c27-terauda","10":"pa_produkta-tips-daudzfunkciju-riki","11":"pa_saliktas-preces-izmerscm-11-0668","13":"first","14":"instock","15":"sale","16":"taxable","17":"shipping-taxable","18":"purchasable","19":"product-type-simple"},"raw_content":{"name":"NexTool - TaoTool EDC Instruments","description":"Kompaktais dizains un funkcionalit\u0101te nodro\u0161ina \u0113rtu lieto\u0161anu jebkur\u0101 situ\u0101cij\u0101.\nPrec\u012bzs nazis un jaud\u012bgs auklas griez\u0113js:\n\u2022 Asmens izgatavots no augstas kvalit\u0101tes SANDVIK 12C27 t\u0113rauda, lai nodro\u0161in\u0101tu iztur\u012bbu un precizit\u0101ti;\n\u2022 Auklas griez\u0113js \u013cauj viegli un \u0101tri p\u0101rgriezt da\u017e\u0101dus materi\u0101lus, kas ir \u013coti noder\u012bgi gan m\u0101j\u0101s, gan br\u012bv\u0101 dab\u0101.\nVienk\u0101r\u0161a lieto\u0161ana un dro\u0161\u012bba:\n\u2022 R\u012bks ir viegli lietojams - vienk\u0101r\u0161i ievietojiet asmeni zem lentes un velciet, lai to nogrieztu;\n\u2022 Blo\u0137\u0113\u0161anas meh\u0101nisms nodro\u0161ina dro\u0161u lieto\u0161anu, nov\u0113r\u0161ot nejau\u0161u ievainojumu risku.\n\u2022 Kompaktais izm\u0113rs (110,6 mm atv\u0113rt\u0101 st\u0101vokl\u012b un 68 mm saloc\u012bt\u0101 st\u0101vokl\u012b) un vieglais dizains (32 g) padara TaoTool NE0039 \u013coti \u0113rti lietojamu.\nSpecifik\u0101cija:\n\u2022 Izm\u0113rs: 11,06 \u00d7 6,8 cm (saloc\u012bts);\n\u2022 svars: 32 g;\n\u2022 materi\u0101ls: SANDVIK 12C27 t\u0113rauds.","short_description":"TaoTool NE0039 EDC instruments ir ide\u0101li piem\u0113rots ikdienas lieto\u0161anai, tas pal\u012bdz viegli atv\u0113rt iepakojumus un griezt auklas.","status":"publish","sku":"6936852502503","original":65630},"wpml":{"translation_type":1,"has_translations":true,"original":65630,"duplicates":[],"translations":{"lv":65630,"en":66811,"ru":null}},"supplier_id":null,"supplier_sku":"","barcode":null,"atum_controlled":true,"out_stock_date":null,"out_stock_threshold":null,"inheritable":false,"inbound_stock":0,"stock_on_hold":0,"sold_today":0,"sales_last_days":0,"reserved_stock":0,"customer_returns":0,"warehouse_damage":0,"lost_in_post":0,"other_logs":0,"out_stock_days":0,"lost_sales":0,"has_location":false,"update_date":"2025-11-13T14:08:12","atum_locations":[],"atum_stock_status":"instock","restock_status":false,"low_stock_amount":"","sales_update_date":"2025-11-13T14:08:12","calc_backorders":null,"yoast_head":"<!-- This site is optimized with the Yoast SEO plugin v27.5 - https:\/\/yoast.com\/product\/yoast-seo-wordpress\/ -->\n<title>NexTool - TaoTool EDC Instruments<\/title>\n<meta name=\"description\" content=\"TaoTool NE0039 EDC instruments ir ide\u0101li piem\u0113rots ikdienas lieto\u0161anai, tas pal\u012bdz viegli atv\u0113rt iepakojumus un griezt auklas.\" \/>\n<meta name=\"robots\" content=\"index, follow, max-snippet:-1, max-image-preview:large, max-video-preview:-1\" \/>\n<link rel=\"canonical\" href=\"https:\/\/gohike.lv\/ru\/produkts\/nextool-taotool-edc-instruments\/\" \/>\n<meta property=\"og:locale\" content=\"ru_RU\" \/>\n<meta property=\"og:type\" content=\"article\" \/>\n<meta property=\"og:title\" content=\"NexTool - TaoTool EDC Instruments\" \/>\n<meta property=\"og:description\" content=\"TaoTool NE0039 EDC instruments ir ide\u0101li piem\u0113rots ikdienas lieto\u0161anai, tas pal\u012bdz viegli atv\u0113rt iepakojumus un griezt auklas.\" \/>\n<meta property=\"og:url\" content=\"https:\/\/gohike.lv\/ru\/produkts\/nextool-taotool-edc-instruments\/\" \/>\n<meta property=\"og:site_name\" content=\"GoHike\" \/>\n<meta property=\"article:publisher\" content=\"https:\/\/www.facebook.com\/gohike.shop\/\" \/>\n<meta property=\"article:modified_time\" content=\"2025-10-03T16:27:47+00:00\" \/>\n<meta property=\"og:image\" content=\"https:\/\/gohike.lv\/wp-content\/uploads\/2025\/01\/TaoTool_.jpg\" \/>\n\t<meta property=\"og:image:width\" content=\"900\" \/>\n\t<meta property=\"og:image:height\" content=\"900\" \/>\n\t<meta property=\"og:image:type\" content=\"image\/jpeg\" \/>\n<meta name=\"twitter:card\" content=\"summary_large_image\" \/>\n<meta name=\"twitter:title\" content=\"NexTool - TaoTool EDC Instruments\" \/>\n<meta name=\"twitter:label1\" content=\"\u041f\u0440\u0438\u043c\u0435\u0440\u043d\u043e\u0435 \u0432\u0440\u0435\u043c\u044f \u0434\u043b\u044f \u0447\u0442\u0435\u043d\u0438\u044f\" \/>\n\t<meta name=\"twitter:data1\" content=\"1 \u043c\u0438\u043d\u0443\u0442\u0430\" \/>\n<script type=\"application\/ld+json\" class=\"yoast-schema-graph\">{\"@context\":\"https:\\\/\\\/schema.org\",\"@graph\":[{\"@type\":[\"WebPage\",\"ItemPage\"],\"@id\":\"https:\\\/\\\/gohike.lv\\\/ru\\\/produkts\\\/nextool-taotool-edc-instruments\\\/\",\"url\":\"https:\\\/\\\/gohike.lv\\\/ru\\\/produkts\\\/nextool-taotool-edc-instruments\\\/\",\"name\":\"NexTool - TaoTool EDC Instruments\",\"isPartOf\":{\"@id\":\"https:\\\/\\\/gohike.lv\\\/ru\\\/#website\"},\"primaryImageOfPage\":{\"@id\":\"https:\\\/\\\/gohike.lv\\\/ru\\\/produkts\\\/nextool-taotool-edc-instruments\\\/#primaryimage\"},\"image\":{\"@id\":\"https:\\\/\\\/gohike.lv\\\/ru\\\/produkts\\\/nextool-taotool-edc-instruments\\\/#primaryimage\"},\"thumbnailUrl\":\"https:\\\/\\\/gohike.lv\\\/wp-content\\\/uploads\\\/2025\\\/01\\\/TaoTool_.jpg\",\"datePublished\":\"2025-01-15T10:54:27+00:00\",\"dateModified\":\"2025-10-03T16:27:47+00:00\",\"description\":\"TaoTool NE0039 EDC instruments ir ide\u0101li piem\u0113rots ikdienas lieto\u0161anai, tas pal\u012bdz viegli atv\u0113rt iepakojumus un griezt auklas.\",\"breadcrumb\":{\"@id\":\"https:\\\/\\\/gohike.lv\\\/ru\\\/produkts\\\/nextool-taotool-edc-instruments\\\/#breadcrumb\"},\"inLanguage\":\"ru-RU\",\"potentialAction\":[{\"@type\":\"ReadAction\",\"target\":[\"https:\\\/\\\/gohike.lv\\\/ru\\\/produkts\\\/nextool-taotool-edc-instruments\\\/\"]}]},{\"@type\":\"ImageObject\",\"inLanguage\":\"ru-RU\",\"@id\":\"https:\\\/\\\/gohike.lv\\\/ru\\\/produkts\\\/nextool-taotool-edc-instruments\\\/#primaryimage\",\"url\":\"https:\\\/\\\/gohike.lv\\\/wp-content\\\/uploads\\\/2025\\\/01\\\/TaoTool_.jpg\",\"contentUrl\":\"https:\\\/\\\/gohike.lv\\\/wp-content\\\/uploads\\\/2025\\\/01\\\/TaoTool_.jpg\",\"width\":900,\"height\":900},{\"@type\":\"BreadcrumbList\",\"@id\":\"https:\\\/\\\/gohike.lv\\\/ru\\\/produkts\\\/nextool-taotool-edc-instruments\\\/#breadcrumb\",\"itemListElement\":[{\"@type\":\"ListItem\",\"position\":1,\"name\":\"\u0413\u043b\u0430\u0432\u043d\u0430\u044f\",\"item\":\"https:\\\/\\\/gohike.lv\\\/ru\\\/\"},{\"@type\":\"ListItem\",\"position\":2,\"name\":\"\u041a\u0430\u0442\u0435\u0433\u043e\u0440\u0438\u0438 \u0442\u043e\u0432\u0430\u0440\u043e\u0432\",\"item\":\"https:\\\/\\\/gohike.lv\\\/%d0%ba%d0%b0%d1%82%d0%b5%d0%b3%d0%be%d1%80%d0%b8%d0%b8-%d1%82%d0%be%d0%b2%d0%b0%d1%80%d0%be%d0%b2\\\/\"},{\"@type\":\"ListItem\",\"position\":3,\"name\":\"NexTool &#8211; TaoTool EDC Instruments\"}]},{\"@type\":\"WebSite\",\"@id\":\"https:\\\/\\\/gohike.lv\\\/ru\\\/#website\",\"url\":\"https:\\\/\\\/gohike.lv\\\/ru\\\/\",\"name\":\"GoHike\",\"description\":\"\",\"publisher\":{\"@id\":\"https:\\\/\\\/gohike.lv\\\/ru\\\/#organization\"},\"potentialAction\":[{\"@type\":\"SearchAction\",\"target\":{\"@type\":\"EntryPoint\",\"urlTemplate\":\"https:\\\/\\\/gohike.lv\\\/ru\\\/?s={search_term_string}\"},\"query-input\":{\"@type\":\"PropertyValueSpecification\",\"valueRequired\":true,\"valueName\":\"search_term_string\"}}],\"inLanguage\":\"ru-RU\"},{\"@type\":\"Organization\",\"@id\":\"https:\\\/\\\/gohike.lv\\\/ru\\\/#organization\",\"name\":\"GoHike\",\"url\":\"https:\\\/\\\/gohike.lv\\\/ru\\\/\",\"logo\":{\"@type\":\"ImageObject\",\"inLanguage\":\"ru-RU\",\"@id\":\"https:\\\/\\\/gohike.lv\\\/ru\\\/#\\\/schema\\\/logo\\\/image\\\/\",\"url\":\"https:\\\/\\\/gohike.lv\\\/wp-content\\\/uploads\\\/2023\\\/08\\\/Logo_GoHike.webp\",\"contentUrl\":\"https:\\\/\\\/gohike.lv\\\/wp-content\\\/uploads\\\/2023\\\/08\\\/Logo_GoHike.webp\",\"width\":512,\"height\":512,\"caption\":\"GoHike\"},\"image\":{\"@id\":\"https:\\\/\\\/gohike.lv\\\/ru\\\/#\\\/schema\\\/logo\\\/image\\\/\"},\"sameAs\":[\"https:\\\/\\\/www.facebook.com\\\/gohike.shop\\\/\",\"https:\\\/\\\/www.instagram.com\\\/gohike.shop\\\/\"]}]}<\/script>\n<!-- \/ Yoast SEO plugin. -->","yoast_head_json":{"title":"NexTool - TaoTool EDC Instruments","description":"TaoTool NE0039 EDC instruments ir ide\u0101li piem\u0113rots ikdienas lieto\u0161anai, tas pal\u012bdz viegli atv\u0113rt iepakojumus un griezt auklas.","robots":{"index":"index","follow":"follow","max-snippet":"max-snippet:-1","max-image-preview":"max-image-preview:large","max-video-preview":"max-video-preview:-1"},"canonical":"https:\/\/gohike.lv\/ru\/produkts\/nextool-taotool-edc-instruments\/","og_locale":"ru_RU","og_type":"article","og_title":"NexTool - TaoTool EDC Instruments","og_description":"TaoTool NE0039 EDC instruments ir ide\u0101li piem\u0113rots ikdienas lieto\u0161anai, tas pal\u012bdz viegli atv\u0113rt iepakojumus un griezt auklas.","og_url":"https:\/\/gohike.lv\/ru\/produkts\/nextool-taotool-edc-instruments\/","og_site_name":"GoHike","article_publisher":"https:\/\/www.facebook.com\/gohike.shop\/","article_modified_time":"2025-10-03T16:27:47+00:00","og_image":[{"width":900,"height":900,"url":"https:\/\/gohike.lv\/wp-content\/uploads\/2025\/01\/TaoTool_.jpg","type":"image\/jpeg"}],"twitter_card":"summary_large_image","twitter_title":"NexTool - TaoTool EDC Instruments","twitter_misc":{"\u041f\u0440\u0438\u043c\u0435\u0440\u043d\u043e\u0435 \u0432\u0440\u0435\u043c\u044f \u0434\u043b\u044f \u0447\u0442\u0435\u043d\u0438\u044f":"1 \u043c\u0438\u043d\u0443\u0442\u0430"},"schema":{"@context":"https:\/\/schema.org","@graph":[{"@type":["WebPage","ItemPage"],"@id":"https:\/\/gohike.lv\/ru\/produkts\/nextool-taotool-edc-instruments\/","url":"https:\/\/gohike.lv\/ru\/produkts\/nextool-taotool-edc-instruments\/","name":"NexTool - TaoTool EDC Instruments","isPartOf":{"@id":"https:\/\/gohike.lv\/ru\/#website"},"primaryImageOfPage":{"@id":"https:\/\/gohike.lv\/ru\/produkts\/nextool-taotool-edc-instruments\/#primaryimage"},"image":{"@id":"https:\/\/gohike.lv\/ru\/produkts\/nextool-taotool-edc-instruments\/#primaryimage"},"thumbnailUrl":"https:\/\/gohike.lv\/wp-content\/uploads\/2025\/01\/TaoTool_.jpg","datePublished":"2025-01-15T10:54:27+00:00","dateModified":"2025-10-03T16:27:47+00:00","description":"TaoTool NE0039 EDC instruments ir ide\u0101li piem\u0113rots ikdienas lieto\u0161anai, tas pal\u012bdz viegli atv\u0113rt iepakojumus un griezt auklas.","breadcrumb":{"@id":"https:\/\/gohike.lv\/ru\/produkts\/nextool-taotool-edc-instruments\/#breadcrumb"},"inLanguage":"ru-RU","potentialAction":[{"@type":"ReadAction","target":["https:\/\/gohike.lv\/ru\/produkts\/nextool-taotool-edc-instruments\/"]}]},{"@type":"ImageObject","inLanguage":"ru-RU","@id":"https:\/\/gohike.lv\/ru\/produkts\/nextool-taotool-edc-instruments\/#primaryimage","url":"https:\/\/gohike.lv\/wp-content\/uploads\/2025\/01\/TaoTool_.jpg","contentUrl":"https:\/\/gohike.lv\/wp-content\/uploads\/2025\/01\/TaoTool_.jpg","width":900,"height":900},{"@type":"BreadcrumbList","@id":"https:\/\/gohike.lv\/ru\/produkts\/nextool-taotool-edc-instruments\/#breadcrumb","itemListElement":[{"@type":"ListItem","position":1,"name":"\u0413\u043b\u0430\u0432\u043d\u0430\u044f","item":"https:\/\/gohike.lv\/ru\/"},{"@type":"ListItem","position":2,"name":"\u041a\u0430\u0442\u0435\u0433\u043e\u0440\u0438\u0438 \u0442\u043e\u0432\u0430\u0440\u043e\u0432","item":"https:\/\/gohike.lv\/%d0%ba%d0%b0%d1%82%d0%b5%d0%b3%d0%be%d1%80%d0%b8%d0%b8-%d1%82%d0%be%d0%b2%d0%b0%d1%80%d0%be%d0%b2\/"},{"@type":"ListItem","position":3,"name":"NexTool &#8211; TaoTool EDC Instruments"}]},{"@type":"WebSite","@id":"https:\/\/gohike.lv\/ru\/#website","url":"https:\/\/gohike.lv\/ru\/","name":"GoHike","description":"","publisher":{"@id":"https:\/\/gohike.lv\/ru\/#organization"},"potentialAction":[{"@type":"SearchAction","target":{"@type":"EntryPoint","urlTemplate":"https:\/\/gohike.lv\/ru\/?s={search_term_string}"},"query-input":{"@type":"PropertyValueSpecification","valueRequired":true,"valueName":"search_term_string"}}],"inLanguage":"ru-RU"},{"@type":"Organization","@id":"https:\/\/gohike.lv\/ru\/#organization","name":"GoHike","url":"https:\/\/gohike.lv\/ru\/","logo":{"@type":"ImageObject","inLanguage":"ru-RU","@id":"https:\/\/gohike.lv\/ru\/#\/schema\/logo\/image\/","url":"https:\/\/gohike.lv\/wp-content\/uploads\/2023\/08\/Logo_GoHike.webp","contentUrl":"https:\/\/gohike.lv\/wp-content\/uploads\/2023\/08\/Logo_GoHike.webp","width":512,"height":512,"caption":"GoHike"},"image":{"@id":"https:\/\/gohike.lv\/ru\/#\/schema\/logo\/image\/"},"sameAs":["https:\/\/www.facebook.com\/gohike.shop\/","https:\/\/www.instagram.com\/gohike.shop\/"]}]}},"jetpack_sharing_enabled":true,"_links":{"self":[{"href":"https:\/\/gohike.lv\/ru\/wp-json\/wp\/v2\/product\/65630","targetHints":{"allow":["GET"]}}],"collection":[{"href":"https:\/\/gohike.lv\/ru\/wp-json\/wp\/v2\/product"}],"about":[{"href":"https:\/\/gohike.lv\/ru\/wp-json\/wp\/v2\/types\/product"}],"version-history":[{"count":0,"href":"https:\/\/gohike.lv\/ru\/wp-json\/wp\/v2\/product\/65630\/revisions"}],"wp:featuredmedia":[{"embeddable":true,"href":"https:\/\/gohike.lv\/ru\/wp-json\/wp\/v2\/media\/65632"}],"wp:attachment":[{"href":"https:\/\/gohike.lv\/ru\/wp-json\/wp\/v2\/media?parent=65630"}],"wp:term":[{"taxonomy":"product_brand","embeddable":true,"href":"https:\/\/gohike.lv\/ru\/wp-json\/wp\/v2\/product_brand?post=65630"},{"taxonomy":"product_cat","embeddable":true,"href":"https:\/\/gohike.lv\/ru\/wp-json\/wp\/v2\/product_cat?post=65630"},{"taxonomy":"product_tag","embeddable":true,"href":"https:\/\/gohike.lv\/ru\/wp-json\/wp\/v2\/product_tag?post=65630"}],"curies":[{"name":"wp","href":"https:\/\/api.w.org\/{rel}","templated":true}]}}