{"id":65566,"date":"2025-01-15T13:47:55","date_gmt":"2025-01-15T10:47:55","guid":{"rendered":"https:\/\/gohike.lv\/produkts\/nextool-gemini-elektrisks-daudzfunkcionals-riks\/"},"modified":"2025-12-30T17:24:26","modified_gmt":"2025-12-30T14:24:26","slug":"nextool-gemini-elektrisks-daudzfunkcionals-riks","status":"publish","type":"product","link":"https:\/\/gohike.lv\/ru\/produkts\/nextool-gemini-elektrisks-daudzfunkcionals-riks\/","title":{"rendered":"NexTool &#8212; Gemini elektrisks, Daudzfunkcion\u0101ls r\u012bks"},"content":{"rendered":"<p>13-in-1 elektriskais daudzfunkcion\u0101lais r\u012bks:<br \/>\n\u2022 Paredz\u0113ts visda\u017e\u0101d\u0101kajiem uzdevumiem \u2013 p\u0101rg\u0101jieniem, med\u012bb\u0101m, k\u0101p\u0161anai kalnos, mak\u0161\u0137er\u0113\u0161anai vai DIY projektiem;<br \/>\n\u2022 pied\u0101v\u0101 augstu precizit\u0101ti skr\u016bv\u0113\u0161anai un vair\u0101k nek\u0101 12 papildfunkcijas;<br \/>\n\u2022 piem\u0113rots da\u017e\u0101du iek\u0101rtu un ier\u012b\u010du remontam un piel\u0101go\u0161anai.<br \/>\nKn\u012bpju b\u0101z\u0113ts multitools:<br \/>\n\u2022 Vien\u0101 roktur\u012b ietverta prec\u012bza elektrisk\u0101 skr\u016bvgrie\u017ea ligzda, otr\u0101 \u2013 5 r\u012bku komplekti;<br \/>\n\u2022 univers\u0101l\u0101 elektrisk\u0101 ligzda ar 10 skr\u016bvgrie\u017ea uzga\u013ciem, piem\u0113rota darbam ar portat\u012bvajiem datoriem, viedt\u0101lru\u0146iem, droniem, brill\u0113m, pulkste\u0146iem, rota\u013cliet\u0101m u.c.<br \/>\nSpecifik\u0101cija:<br \/>\n\u2022 Izm\u0113rs: 12,8 \u00d7 3,51 \u00d7 2,01 cm (saloc\u012bts);<br \/>\n\u2022 nomin\u0101lais spriegums: 3,7 V;<br \/>\n\u2022 tuk\u0161gaitas \u0101trums: 170 apgr.\/min;<br \/>\n\u2022 svars (ar uzga\u013cu komplektu): 278 g \u00b1 5 g.<\/p>\n","protected":false},"excerpt":{"rendered":"<p>Elektrisks r\u012bks ar univers\u0101lu elektrisko ligzdu un 10 skr\u016bvgrie\u017ea uzga\u013ciem. Ide\u0101ls pal\u012bgs prec\u012bziem remontdarbiem un daudzveid\u012bgiem uzdevumiem.<\/p>\n","protected":false},"featured_media":65568,"template":"","meta":[],"product_brand":[10388],"product_cat":[1056],"product_tag":[],"class_list":{"0":"post-65566","1":"product","2":"type-product","3":"status-publish","4":"has-post-thumbnail","6":"product_brand-nextool","7":"product_cat-nazi-un-zagi","8":"pa_produkta-tips-daudzfunkciju-riki","9":"pa_saliktas-preces-izmerscm-12-83-512","11":"first","12":"instock","13":"taxable","14":"shipping-taxable","15":"purchasable","16":"product-type-simple"},"raw_content":{"name":"NexTool - Gemini elektrisks, Daudzfunkcion\u0101ls r\u012bks","description":"13-in-1 elektriskais daudzfunkcion\u0101lais r\u012bks:\n\u2022 Paredz\u0113ts visda\u017e\u0101d\u0101kajiem uzdevumiem \u2013 p\u0101rg\u0101jieniem, med\u012bb\u0101m, k\u0101p\u0161anai kalnos, mak\u0161\u0137er\u0113\u0161anai vai DIY projektiem;\n\u2022 pied\u0101v\u0101 augstu precizit\u0101ti skr\u016bv\u0113\u0161anai un vair\u0101k nek\u0101 12 papildfunkcijas;\n\u2022 piem\u0113rots da\u017e\u0101du iek\u0101rtu un ier\u012b\u010du remontam un piel\u0101go\u0161anai.\nKn\u012bpju b\u0101z\u0113ts multitools:\n\u2022 Vien\u0101 roktur\u012b ietverta prec\u012bza elektrisk\u0101 skr\u016bvgrie\u017ea ligzda, otr\u0101 \u2013 5 r\u012bku komplekti;\n\u2022 univers\u0101l\u0101 elektrisk\u0101 ligzda ar 10 skr\u016bvgrie\u017ea uzga\u013ciem, piem\u0113rota darbam ar portat\u012bvajiem datoriem, viedt\u0101lru\u0146iem, droniem, brill\u0113m, pulkste\u0146iem, rota\u013cliet\u0101m u.c.\nSpecifik\u0101cija:\n\u2022 Izm\u0113rs: 12,8 \u00d7 3,51 \u00d7 2,01 cm (saloc\u012bts);\n\u2022 nomin\u0101lais spriegums: 3,7 V;\n\u2022 tuk\u0161gaitas \u0101trums: 170 apgr.\/min;\n\u2022 svars (ar uzga\u013cu komplektu): 278 g \u00b1 5 g.","short_description":"Elektrisks r\u012bks ar univers\u0101lu elektrisko ligzdu un 10 skr\u016bvgrie\u017ea uzga\u013ciem. Ide\u0101ls pal\u012bgs prec\u012bziem remontdarbiem un daudzveid\u012bgiem uzdevumiem.","status":"publish","sku":"6973907631193","original":65566},"wpml":{"translation_type":1,"has_translations":true,"original":65566,"duplicates":[],"translations":{"lv":65566,"en":66812,"ru":null}},"supplier_id":null,"supplier_sku":"","barcode":null,"atum_controlled":true,"out_stock_date":null,"out_stock_threshold":null,"inheritable":false,"inbound_stock":0,"stock_on_hold":0,"sold_today":0,"sales_last_days":0,"reserved_stock":0,"customer_returns":0,"warehouse_damage":0,"lost_in_post":0,"other_logs":0,"out_stock_days":0,"lost_sales":0,"has_location":false,"update_date":"2025-12-30T14:30:30","atum_locations":[],"atum_stock_status":"instock","restock_status":false,"low_stock_amount":"","sales_update_date":"2025-11-13T14:08:09","calc_backorders":null,"yoast_head":"<!-- This site is optimized with the Yoast SEO plugin v27.3 - https:\/\/yoast.com\/product\/yoast-seo-wordpress\/ -->\n<title>NexTool - Gemini elektrisks, Daudzfunkcion\u0101ls r\u012bks<\/title>\n<meta name=\"description\" content=\"Elektrisks r\u012bks ar univers\u0101lu elektrisko ligzdu un 10 skr\u016bvgrie\u017ea uzga\u013ciem. Ide\u0101ls pal\u012bgs prec\u012bziem remontdarbiem un daudzveid\u012bgiem uzdevumiem.\" \/>\n<meta name=\"robots\" content=\"index, follow, max-snippet:-1, max-image-preview:large, max-video-preview:-1\" \/>\n<link rel=\"canonical\" href=\"https:\/\/gohike.lv\/ru\/produkts\/nextool-gemini-elektrisks-daudzfunkcionals-riks\/\" \/>\n<meta property=\"og:locale\" content=\"ru_RU\" \/>\n<meta property=\"og:type\" content=\"article\" \/>\n<meta property=\"og:title\" content=\"NexTool - Gemini elektrisks, Daudzfunkcion\u0101ls r\u012bks\" \/>\n<meta property=\"og:description\" content=\"Elektrisks r\u012bks ar univers\u0101lu elektrisko ligzdu un 10 skr\u016bvgrie\u017ea uzga\u013ciem. Ide\u0101ls pal\u012bgs prec\u012bziem remontdarbiem un daudzveid\u012bgiem uzdevumiem.\" \/>\n<meta property=\"og:url\" content=\"https:\/\/gohike.lv\/ru\/produkts\/nextool-gemini-elektrisks-daudzfunkcionals-riks\/\" \/>\n<meta property=\"og:site_name\" content=\"GoHike\" \/>\n<meta property=\"article:publisher\" content=\"https:\/\/www.facebook.com\/gohike.shop\/\" \/>\n<meta property=\"article:modified_time\" content=\"2025-12-30T14:24:26+00:00\" \/>\n<meta property=\"og:image\" content=\"https:\/\/gohike.lv\/wp-content\/uploads\/2025\/01\/Gemini_.webp\" \/>\n\t<meta property=\"og:image:width\" content=\"713\" \/>\n\t<meta property=\"og:image:height\" content=\"713\" \/>\n\t<meta property=\"og:image:type\" content=\"image\/webp\" \/>\n<meta name=\"twitter:card\" content=\"summary_large_image\" \/>\n<meta name=\"twitter:title\" content=\"NexTool - Gemini elektrisks, Daudzfunkcion\u0101ls r\u012bks\" \/>\n<meta name=\"twitter:label1\" content=\"\u041f\u0440\u0438\u043c\u0435\u0440\u043d\u043e\u0435 \u0432\u0440\u0435\u043c\u044f \u0434\u043b\u044f \u0447\u0442\u0435\u043d\u0438\u044f\" \/>\n\t<meta name=\"twitter:data1\" content=\"1 \u043c\u0438\u043d\u0443\u0442\u0430\" \/>\n<script type=\"application\/ld+json\" class=\"yoast-schema-graph\">{\"@context\":\"https:\\\/\\\/schema.org\",\"@graph\":[{\"@type\":[\"WebPage\",\"ItemPage\"],\"@id\":\"https:\\\/\\\/gohike.lv\\\/ru\\\/produkts\\\/nextool-gemini-elektrisks-daudzfunkcionals-riks\\\/\",\"url\":\"https:\\\/\\\/gohike.lv\\\/ru\\\/produkts\\\/nextool-gemini-elektrisks-daudzfunkcionals-riks\\\/\",\"name\":\"NexTool - Gemini elektrisks, Daudzfunkcion\u0101ls r\u012bks\",\"isPartOf\":{\"@id\":\"https:\\\/\\\/gohike.lv\\\/ru\\\/#website\"},\"primaryImageOfPage\":{\"@id\":\"https:\\\/\\\/gohike.lv\\\/ru\\\/produkts\\\/nextool-gemini-elektrisks-daudzfunkcionals-riks\\\/#primaryimage\"},\"image\":{\"@id\":\"https:\\\/\\\/gohike.lv\\\/ru\\\/produkts\\\/nextool-gemini-elektrisks-daudzfunkcionals-riks\\\/#primaryimage\"},\"thumbnailUrl\":\"https:\\\/\\\/gohike.lv\\\/wp-content\\\/uploads\\\/2025\\\/01\\\/Gemini_.webp\",\"datePublished\":\"2025-01-15T10:47:55+00:00\",\"dateModified\":\"2025-12-30T14:24:26+00:00\",\"description\":\"Elektrisks r\u012bks ar univers\u0101lu elektrisko ligzdu un 10 skr\u016bvgrie\u017ea uzga\u013ciem. Ide\u0101ls pal\u012bgs prec\u012bziem remontdarbiem un daudzveid\u012bgiem uzdevumiem.\",\"breadcrumb\":{\"@id\":\"https:\\\/\\\/gohike.lv\\\/ru\\\/produkts\\\/nextool-gemini-elektrisks-daudzfunkcionals-riks\\\/#breadcrumb\"},\"inLanguage\":\"ru-RU\",\"potentialAction\":[{\"@type\":\"ReadAction\",\"target\":[\"https:\\\/\\\/gohike.lv\\\/ru\\\/produkts\\\/nextool-gemini-elektrisks-daudzfunkcionals-riks\\\/\"]}]},{\"@type\":\"ImageObject\",\"inLanguage\":\"ru-RU\",\"@id\":\"https:\\\/\\\/gohike.lv\\\/ru\\\/produkts\\\/nextool-gemini-elektrisks-daudzfunkcionals-riks\\\/#primaryimage\",\"url\":\"https:\\\/\\\/gohike.lv\\\/wp-content\\\/uploads\\\/2025\\\/01\\\/Gemini_.webp\",\"contentUrl\":\"https:\\\/\\\/gohike.lv\\\/wp-content\\\/uploads\\\/2025\\\/01\\\/Gemini_.webp\",\"width\":713,\"height\":713},{\"@type\":\"BreadcrumbList\",\"@id\":\"https:\\\/\\\/gohike.lv\\\/ru\\\/produkts\\\/nextool-gemini-elektrisks-daudzfunkcionals-riks\\\/#breadcrumb\",\"itemListElement\":[{\"@type\":\"ListItem\",\"position\":1,\"name\":\"\u0413\u043b\u0430\u0432\u043d\u0430\u044f\",\"item\":\"https:\\\/\\\/gohike.lv\\\/ru\\\/\"},{\"@type\":\"ListItem\",\"position\":2,\"name\":\"\u041a\u0430\u0442\u0435\u0433\u043e\u0440\u0438\u0438 \u0442\u043e\u0432\u0430\u0440\u043e\u0432\",\"item\":\"https:\\\/\\\/gohike.lv\\\/%d0%ba%d0%b0%d1%82%d0%b5%d0%b3%d0%be%d1%80%d0%b8%d0%b8-%d1%82%d0%be%d0%b2%d0%b0%d1%80%d0%be%d0%b2\\\/\"},{\"@type\":\"ListItem\",\"position\":3,\"name\":\"NexTool &#8211; Gemini elektrisks, Daudzfunkcion\u0101ls r\u012bks\"}]},{\"@type\":\"WebSite\",\"@id\":\"https:\\\/\\\/gohike.lv\\\/ru\\\/#website\",\"url\":\"https:\\\/\\\/gohike.lv\\\/ru\\\/\",\"name\":\"GoHike\",\"description\":\"\",\"publisher\":{\"@id\":\"https:\\\/\\\/gohike.lv\\\/ru\\\/#organization\"},\"potentialAction\":[{\"@type\":\"SearchAction\",\"target\":{\"@type\":\"EntryPoint\",\"urlTemplate\":\"https:\\\/\\\/gohike.lv\\\/ru\\\/?s={search_term_string}\"},\"query-input\":{\"@type\":\"PropertyValueSpecification\",\"valueRequired\":true,\"valueName\":\"search_term_string\"}}],\"inLanguage\":\"ru-RU\"},{\"@type\":\"Organization\",\"@id\":\"https:\\\/\\\/gohike.lv\\\/ru\\\/#organization\",\"name\":\"GoHike\",\"url\":\"https:\\\/\\\/gohike.lv\\\/ru\\\/\",\"logo\":{\"@type\":\"ImageObject\",\"inLanguage\":\"ru-RU\",\"@id\":\"https:\\\/\\\/gohike.lv\\\/ru\\\/#\\\/schema\\\/logo\\\/image\\\/\",\"url\":\"https:\\\/\\\/gohike.lv\\\/wp-content\\\/uploads\\\/2023\\\/08\\\/Logo_GoHike.webp\",\"contentUrl\":\"https:\\\/\\\/gohike.lv\\\/wp-content\\\/uploads\\\/2023\\\/08\\\/Logo_GoHike.webp\",\"width\":512,\"height\":512,\"caption\":\"GoHike\"},\"image\":{\"@id\":\"https:\\\/\\\/gohike.lv\\\/ru\\\/#\\\/schema\\\/logo\\\/image\\\/\"},\"sameAs\":[\"https:\\\/\\\/www.facebook.com\\\/gohike.shop\\\/\",\"https:\\\/\\\/www.instagram.com\\\/gohike.shop\\\/\"]}]}<\/script>\n<!-- \/ Yoast SEO plugin. -->","yoast_head_json":{"title":"NexTool - Gemini elektrisks, Daudzfunkcion\u0101ls r\u012bks","description":"Elektrisks r\u012bks ar univers\u0101lu elektrisko ligzdu un 10 skr\u016bvgrie\u017ea uzga\u013ciem. Ide\u0101ls pal\u012bgs prec\u012bziem remontdarbiem un daudzveid\u012bgiem uzdevumiem.","robots":{"index":"index","follow":"follow","max-snippet":"max-snippet:-1","max-image-preview":"max-image-preview:large","max-video-preview":"max-video-preview:-1"},"canonical":"https:\/\/gohike.lv\/ru\/produkts\/nextool-gemini-elektrisks-daudzfunkcionals-riks\/","og_locale":"ru_RU","og_type":"article","og_title":"NexTool - Gemini elektrisks, Daudzfunkcion\u0101ls r\u012bks","og_description":"Elektrisks r\u012bks ar univers\u0101lu elektrisko ligzdu un 10 skr\u016bvgrie\u017ea uzga\u013ciem. Ide\u0101ls pal\u012bgs prec\u012bziem remontdarbiem un daudzveid\u012bgiem uzdevumiem.","og_url":"https:\/\/gohike.lv\/ru\/produkts\/nextool-gemini-elektrisks-daudzfunkcionals-riks\/","og_site_name":"GoHike","article_publisher":"https:\/\/www.facebook.com\/gohike.shop\/","article_modified_time":"2025-12-30T14:24:26+00:00","og_image":[{"width":713,"height":713,"url":"https:\/\/gohike.lv\/wp-content\/uploads\/2025\/01\/Gemini_.webp","type":"image\/webp"}],"twitter_card":"summary_large_image","twitter_title":"NexTool - Gemini elektrisks, Daudzfunkcion\u0101ls r\u012bks","twitter_misc":{"\u041f\u0440\u0438\u043c\u0435\u0440\u043d\u043e\u0435 \u0432\u0440\u0435\u043c\u044f \u0434\u043b\u044f \u0447\u0442\u0435\u043d\u0438\u044f":"1 \u043c\u0438\u043d\u0443\u0442\u0430"},"schema":{"@context":"https:\/\/schema.org","@graph":[{"@type":["WebPage","ItemPage"],"@id":"https:\/\/gohike.lv\/ru\/produkts\/nextool-gemini-elektrisks-daudzfunkcionals-riks\/","url":"https:\/\/gohike.lv\/ru\/produkts\/nextool-gemini-elektrisks-daudzfunkcionals-riks\/","name":"NexTool - Gemini elektrisks, Daudzfunkcion\u0101ls r\u012bks","isPartOf":{"@id":"https:\/\/gohike.lv\/ru\/#website"},"primaryImageOfPage":{"@id":"https:\/\/gohike.lv\/ru\/produkts\/nextool-gemini-elektrisks-daudzfunkcionals-riks\/#primaryimage"},"image":{"@id":"https:\/\/gohike.lv\/ru\/produkts\/nextool-gemini-elektrisks-daudzfunkcionals-riks\/#primaryimage"},"thumbnailUrl":"https:\/\/gohike.lv\/wp-content\/uploads\/2025\/01\/Gemini_.webp","datePublished":"2025-01-15T10:47:55+00:00","dateModified":"2025-12-30T14:24:26+00:00","description":"Elektrisks r\u012bks ar univers\u0101lu elektrisko ligzdu un 10 skr\u016bvgrie\u017ea uzga\u013ciem. Ide\u0101ls pal\u012bgs prec\u012bziem remontdarbiem un daudzveid\u012bgiem uzdevumiem.","breadcrumb":{"@id":"https:\/\/gohike.lv\/ru\/produkts\/nextool-gemini-elektrisks-daudzfunkcionals-riks\/#breadcrumb"},"inLanguage":"ru-RU","potentialAction":[{"@type":"ReadAction","target":["https:\/\/gohike.lv\/ru\/produkts\/nextool-gemini-elektrisks-daudzfunkcionals-riks\/"]}]},{"@type":"ImageObject","inLanguage":"ru-RU","@id":"https:\/\/gohike.lv\/ru\/produkts\/nextool-gemini-elektrisks-daudzfunkcionals-riks\/#primaryimage","url":"https:\/\/gohike.lv\/wp-content\/uploads\/2025\/01\/Gemini_.webp","contentUrl":"https:\/\/gohike.lv\/wp-content\/uploads\/2025\/01\/Gemini_.webp","width":713,"height":713},{"@type":"BreadcrumbList","@id":"https:\/\/gohike.lv\/ru\/produkts\/nextool-gemini-elektrisks-daudzfunkcionals-riks\/#breadcrumb","itemListElement":[{"@type":"ListItem","position":1,"name":"\u0413\u043b\u0430\u0432\u043d\u0430\u044f","item":"https:\/\/gohike.lv\/ru\/"},{"@type":"ListItem","position":2,"name":"\u041a\u0430\u0442\u0435\u0433\u043e\u0440\u0438\u0438 \u0442\u043e\u0432\u0430\u0440\u043e\u0432","item":"https:\/\/gohike.lv\/%d0%ba%d0%b0%d1%82%d0%b5%d0%b3%d0%be%d1%80%d0%b8%d0%b8-%d1%82%d0%be%d0%b2%d0%b0%d1%80%d0%be%d0%b2\/"},{"@type":"ListItem","position":3,"name":"NexTool &#8211; Gemini elektrisks, Daudzfunkcion\u0101ls r\u012bks"}]},{"@type":"WebSite","@id":"https:\/\/gohike.lv\/ru\/#website","url":"https:\/\/gohike.lv\/ru\/","name":"GoHike","description":"","publisher":{"@id":"https:\/\/gohike.lv\/ru\/#organization"},"potentialAction":[{"@type":"SearchAction","target":{"@type":"EntryPoint","urlTemplate":"https:\/\/gohike.lv\/ru\/?s={search_term_string}"},"query-input":{"@type":"PropertyValueSpecification","valueRequired":true,"valueName":"search_term_string"}}],"inLanguage":"ru-RU"},{"@type":"Organization","@id":"https:\/\/gohike.lv\/ru\/#organization","name":"GoHike","url":"https:\/\/gohike.lv\/ru\/","logo":{"@type":"ImageObject","inLanguage":"ru-RU","@id":"https:\/\/gohike.lv\/ru\/#\/schema\/logo\/image\/","url":"https:\/\/gohike.lv\/wp-content\/uploads\/2023\/08\/Logo_GoHike.webp","contentUrl":"https:\/\/gohike.lv\/wp-content\/uploads\/2023\/08\/Logo_GoHike.webp","width":512,"height":512,"caption":"GoHike"},"image":{"@id":"https:\/\/gohike.lv\/ru\/#\/schema\/logo\/image\/"},"sameAs":["https:\/\/www.facebook.com\/gohike.shop\/","https:\/\/www.instagram.com\/gohike.shop\/"]}]}},"jetpack_sharing_enabled":true,"_links":{"self":[{"href":"https:\/\/gohike.lv\/ru\/wp-json\/wp\/v2\/product\/65566","targetHints":{"allow":["GET"]}}],"collection":[{"href":"https:\/\/gohike.lv\/ru\/wp-json\/wp\/v2\/product"}],"about":[{"href":"https:\/\/gohike.lv\/ru\/wp-json\/wp\/v2\/types\/product"}],"version-history":[{"count":0,"href":"https:\/\/gohike.lv\/ru\/wp-json\/wp\/v2\/product\/65566\/revisions"}],"wp:featuredmedia":[{"embeddable":true,"href":"https:\/\/gohike.lv\/ru\/wp-json\/wp\/v2\/media\/65568"}],"wp:attachment":[{"href":"https:\/\/gohike.lv\/ru\/wp-json\/wp\/v2\/media?parent=65566"}],"wp:term":[{"taxonomy":"product_brand","embeddable":true,"href":"https:\/\/gohike.lv\/ru\/wp-json\/wp\/v2\/product_brand?post=65566"},{"taxonomy":"product_cat","embeddable":true,"href":"https:\/\/gohike.lv\/ru\/wp-json\/wp\/v2\/product_cat?post=65566"},{"taxonomy":"product_tag","embeddable":true,"href":"https:\/\/gohike.lv\/ru\/wp-json\/wp\/v2\/product_tag?post=65566"}],"curies":[{"name":"wp","href":"https:\/\/api.w.org\/{rel}","templated":true}]}}