{"id":65536,"date":"2025-01-15T13:44:36","date_gmt":"2025-01-15T10:44:36","guid":{"rendered":"https:\/\/gohike.lv\/produkts\/nextool-mini-sailor-daudzfunkcionals-riks\/"},"modified":"2025-12-30T17:24:26","modified_gmt":"2025-12-30T14:24:26","slug":"nextool-mini-sailor-daudzfunkcionals-riks","status":"publish","type":"product","link":"https:\/\/gohike.lv\/ru\/produkts\/nextool-mini-sailor-daudzfunkcionals-riks\/","title":{"rendered":"NexTool &#8212; Mini Sailor Daudzfunkcion\u0101ls r\u012bks"},"content":{"rendered":"<p>Augsta kvalit\u0101te un praktiski EDC r\u012bki ikdienas un br\u012bvdabas vajadz\u012bb\u0101m.<br \/>\n10-in-1 EDC kabatas r\u012bks:<br \/>\n\u2022 unik\u0101ls piekari\u0146a gredzena un dekorat\u012bv\u0101 roktura dizains;<br \/>\n\u2022 kabatas nazis, mini \u0161\u0137\u0113res, skr\u016bvgriezis, pudeles\/bund\u017eas attais\u012bt\u0101js, SIM kartes iz\u0146em\u0161anas adata;<br \/>\n\u2022 pal\u012bdz griezt, skr\u016bv\u0113t, atv\u0113rt un veikt citus uzdevumus ikdien\u0101 vai pie dabas.<br \/>\nMini daudzfunkcion\u0101l\u0101s knaibles no 420J2 t\u0113rauda:<br \/>\nIzgatavotas no 420J2 ner\u016bs\u0113jo\u0161\u0101 t\u0113rauda, kas apstr\u0101d\u0101ts, lai nodro\u0161in\u0101tu iztur\u012bbu un ilgm\u016b\u017e\u012bbu. Galveno deta\u013cu ciet\u012bba p\u0101rsniedz HRC50, kas garant\u0113 sp\u0113c\u012bgu grie\u0161anas sp\u0113ku, iztur\u012bbu un nodilumiztur\u012bbu.<br \/>\nSpecifik\u0101cija:<br \/>\n\u2022 Izm\u0113rs: 6,72 \u00d7 2,53 \u00d7 1,55 cm (saloc\u012bts);<br \/>\n\u2022 galvenais materi\u0101ls: 420J2, 420J1;<br \/>\n\u2022 svars: 84 g \u00b1 2 g.<\/p>\n","protected":false},"excerpt":{"rendered":"<p>Atsl\u0113gu piekari\u0146a izm\u0113ra r\u012bks, viegli p\u0101rn\u0113s\u0101jams.<\/p>\n","protected":false},"featured_media":65538,"template":"","meta":[],"product_brand":[10388],"product_cat":[1056],"product_tag":[],"class_list":{"0":"post-65536","1":"product","2":"type-product","3":"status-publish","4":"has-post-thumbnail","6":"product_brand-nextool","7":"product_cat-nazi-un-zagi","8":"pa_materiali-420j1","9":"pa_materiali-420j2","10":"pa_produkta-tips-daudzfunkciju-riki","11":"pa_saliktas-preces-izmerscm-6-722-531-55","13":"first","14":"outofstock","15":"taxable","16":"shipping-taxable","17":"purchasable","18":"product-type-simple"},"raw_content":{"name":"NexTool - Mini Sailor Daudzfunkcion\u0101ls r\u012bks","description":"Augsta kvalit\u0101te un praktiski EDC r\u012bki ikdienas un br\u012bvdabas vajadz\u012bb\u0101m.\n10-in-1 EDC kabatas r\u012bks:\n\u2022 unik\u0101ls piekari\u0146a gredzena un dekorat\u012bv\u0101 roktura dizains;\n\u2022 kabatas nazis, mini \u0161\u0137\u0113res, skr\u016bvgriezis, pudeles\/bund\u017eas attais\u012bt\u0101js, SIM kartes iz\u0146em\u0161anas adata;\n\u2022 pal\u012bdz griezt, skr\u016bv\u0113t, atv\u0113rt un veikt citus uzdevumus ikdien\u0101 vai pie dabas.\nMini daudzfunkcion\u0101l\u0101s knaibles no 420J2 t\u0113rauda:\nIzgatavotas no 420J2 ner\u016bs\u0113jo\u0161\u0101 t\u0113rauda, kas apstr\u0101d\u0101ts, lai nodro\u0161in\u0101tu iztur\u012bbu un ilgm\u016b\u017e\u012bbu. Galveno deta\u013cu ciet\u012bba p\u0101rsniedz HRC50, kas garant\u0113 sp\u0113c\u012bgu grie\u0161anas sp\u0113ku, iztur\u012bbu un nodilumiztur\u012bbu.\nSpecifik\u0101cija:\n\u2022 Izm\u0113rs: 6,72 \u00d7 2,53 \u00d7 1,55 cm (saloc\u012bts);\n\u2022 galvenais materi\u0101ls: 420J2, 420J1;\n\u2022 svars: 84 g \u00b1 2 g.","short_description":"Atsl\u0113gu piekari\u0146a izm\u0113ra r\u012bks, viegli p\u0101rn\u0113s\u0101jams.","status":"publish","sku":"6973907630950","original":65536},"wpml":{"translation_type":1,"has_translations":true,"original":65536,"duplicates":[],"translations":{"lv":65536,"en":66808,"ru":null}},"supplier_id":null,"supplier_sku":"","barcode":null,"atum_controlled":true,"out_stock_date":"2025-07-24 13:38:41","out_stock_threshold":null,"inheritable":false,"inbound_stock":0,"stock_on_hold":0,"sold_today":0,"sales_last_days":0,"reserved_stock":0,"customer_returns":0,"warehouse_damage":0,"lost_in_post":0,"other_logs":0,"out_stock_days":112,"lost_sales":0,"has_location":false,"update_date":"2025-12-30T14:30:30","atum_locations":[],"atum_stock_status":"outofstock","restock_status":false,"low_stock_amount":"","sales_update_date":"2025-11-13T14:08:09","calc_backorders":null,"yoast_head":"<!-- This site is optimized with the Yoast SEO plugin v27.3 - https:\/\/yoast.com\/product\/yoast-seo-wordpress\/ -->\n<title>NexTool - Mini Sailor Daudzfunkcion\u0101ls r\u012bks<\/title>\n<meta name=\"description\" content=\"Atsl\u0113gu piekari\u0146a izm\u0113ra r\u012bks, viegli p\u0101rn\u0113s\u0101jams.\" \/>\n<meta name=\"robots\" content=\"index, follow, max-snippet:-1, max-image-preview:large, max-video-preview:-1\" \/>\n<link rel=\"canonical\" href=\"https:\/\/gohike.lv\/ru\/produkts\/nextool-mini-sailor-daudzfunkcionals-riks\/\" \/>\n<meta property=\"og:locale\" content=\"ru_RU\" \/>\n<meta property=\"og:type\" content=\"article\" \/>\n<meta property=\"og:title\" content=\"NexTool - Mini Sailor Daudzfunkcion\u0101ls r\u012bks\" \/>\n<meta property=\"og:description\" content=\"Atsl\u0113gu piekari\u0146a izm\u0113ra r\u012bks, viegli p\u0101rn\u0113s\u0101jams.\" \/>\n<meta property=\"og:url\" content=\"https:\/\/gohike.lv\/ru\/produkts\/nextool-mini-sailor-daudzfunkcionals-riks\/\" \/>\n<meta property=\"og:site_name\" content=\"GoHike\" \/>\n<meta property=\"article:publisher\" content=\"https:\/\/www.facebook.com\/gohike.shop\/\" \/>\n<meta property=\"article:modified_time\" content=\"2025-12-30T14:24:26+00:00\" \/>\n<meta property=\"og:image\" content=\"https:\/\/gohike.lv\/wp-content\/uploads\/2025\/01\/MiniSailor_.webp\" \/>\n\t<meta property=\"og:image:width\" content=\"713\" \/>\n\t<meta property=\"og:image:height\" content=\"713\" \/>\n\t<meta property=\"og:image:type\" content=\"image\/webp\" \/>\n<meta name=\"twitter:card\" content=\"summary_large_image\" \/>\n<meta name=\"twitter:title\" content=\"NexTool - Mini Sailor Daudzfunkcion\u0101ls r\u012bks\" \/>\n<meta name=\"twitter:label1\" content=\"\u041f\u0440\u0438\u043c\u0435\u0440\u043d\u043e\u0435 \u0432\u0440\u0435\u043c\u044f \u0434\u043b\u044f \u0447\u0442\u0435\u043d\u0438\u044f\" \/>\n\t<meta name=\"twitter:data1\" content=\"1 \u043c\u0438\u043d\u0443\u0442\u0430\" \/>\n<script type=\"application\/ld+json\" class=\"yoast-schema-graph\">{\"@context\":\"https:\\\/\\\/schema.org\",\"@graph\":[{\"@type\":[\"WebPage\",\"ItemPage\"],\"@id\":\"https:\\\/\\\/gohike.lv\\\/ru\\\/produkts\\\/nextool-mini-sailor-daudzfunkcionals-riks\\\/\",\"url\":\"https:\\\/\\\/gohike.lv\\\/ru\\\/produkts\\\/nextool-mini-sailor-daudzfunkcionals-riks\\\/\",\"name\":\"NexTool - Mini Sailor Daudzfunkcion\u0101ls r\u012bks\",\"isPartOf\":{\"@id\":\"https:\\\/\\\/gohike.lv\\\/ru\\\/#website\"},\"primaryImageOfPage\":{\"@id\":\"https:\\\/\\\/gohike.lv\\\/ru\\\/produkts\\\/nextool-mini-sailor-daudzfunkcionals-riks\\\/#primaryimage\"},\"image\":{\"@id\":\"https:\\\/\\\/gohike.lv\\\/ru\\\/produkts\\\/nextool-mini-sailor-daudzfunkcionals-riks\\\/#primaryimage\"},\"thumbnailUrl\":\"https:\\\/\\\/gohike.lv\\\/wp-content\\\/uploads\\\/2025\\\/01\\\/MiniSailor_.webp\",\"datePublished\":\"2025-01-15T10:44:36+00:00\",\"dateModified\":\"2025-12-30T14:24:26+00:00\",\"description\":\"Atsl\u0113gu piekari\u0146a izm\u0113ra r\u012bks, viegli p\u0101rn\u0113s\u0101jams.\",\"breadcrumb\":{\"@id\":\"https:\\\/\\\/gohike.lv\\\/ru\\\/produkts\\\/nextool-mini-sailor-daudzfunkcionals-riks\\\/#breadcrumb\"},\"inLanguage\":\"ru-RU\",\"potentialAction\":[{\"@type\":\"ReadAction\",\"target\":[\"https:\\\/\\\/gohike.lv\\\/ru\\\/produkts\\\/nextool-mini-sailor-daudzfunkcionals-riks\\\/\"]}]},{\"@type\":\"ImageObject\",\"inLanguage\":\"ru-RU\",\"@id\":\"https:\\\/\\\/gohike.lv\\\/ru\\\/produkts\\\/nextool-mini-sailor-daudzfunkcionals-riks\\\/#primaryimage\",\"url\":\"https:\\\/\\\/gohike.lv\\\/wp-content\\\/uploads\\\/2025\\\/01\\\/MiniSailor_.webp\",\"contentUrl\":\"https:\\\/\\\/gohike.lv\\\/wp-content\\\/uploads\\\/2025\\\/01\\\/MiniSailor_.webp\",\"width\":713,\"height\":713},{\"@type\":\"BreadcrumbList\",\"@id\":\"https:\\\/\\\/gohike.lv\\\/ru\\\/produkts\\\/nextool-mini-sailor-daudzfunkcionals-riks\\\/#breadcrumb\",\"itemListElement\":[{\"@type\":\"ListItem\",\"position\":1,\"name\":\"\u0413\u043b\u0430\u0432\u043d\u0430\u044f\",\"item\":\"https:\\\/\\\/gohike.lv\\\/ru\\\/\"},{\"@type\":\"ListItem\",\"position\":2,\"name\":\"\u041a\u0430\u0442\u0435\u0433\u043e\u0440\u0438\u0438 \u0442\u043e\u0432\u0430\u0440\u043e\u0432\",\"item\":\"https:\\\/\\\/gohike.lv\\\/%d0%ba%d0%b0%d1%82%d0%b5%d0%b3%d0%be%d1%80%d0%b8%d0%b8-%d1%82%d0%be%d0%b2%d0%b0%d1%80%d0%be%d0%b2\\\/\"},{\"@type\":\"ListItem\",\"position\":3,\"name\":\"NexTool &#8211; Mini Sailor Daudzfunkcion\u0101ls r\u012bks\"}]},{\"@type\":\"WebSite\",\"@id\":\"https:\\\/\\\/gohike.lv\\\/ru\\\/#website\",\"url\":\"https:\\\/\\\/gohike.lv\\\/ru\\\/\",\"name\":\"GoHike\",\"description\":\"\",\"publisher\":{\"@id\":\"https:\\\/\\\/gohike.lv\\\/ru\\\/#organization\"},\"potentialAction\":[{\"@type\":\"SearchAction\",\"target\":{\"@type\":\"EntryPoint\",\"urlTemplate\":\"https:\\\/\\\/gohike.lv\\\/ru\\\/?s={search_term_string}\"},\"query-input\":{\"@type\":\"PropertyValueSpecification\",\"valueRequired\":true,\"valueName\":\"search_term_string\"}}],\"inLanguage\":\"ru-RU\"},{\"@type\":\"Organization\",\"@id\":\"https:\\\/\\\/gohike.lv\\\/ru\\\/#organization\",\"name\":\"GoHike\",\"url\":\"https:\\\/\\\/gohike.lv\\\/ru\\\/\",\"logo\":{\"@type\":\"ImageObject\",\"inLanguage\":\"ru-RU\",\"@id\":\"https:\\\/\\\/gohike.lv\\\/ru\\\/#\\\/schema\\\/logo\\\/image\\\/\",\"url\":\"https:\\\/\\\/gohike.lv\\\/wp-content\\\/uploads\\\/2023\\\/08\\\/Logo_GoHike.webp\",\"contentUrl\":\"https:\\\/\\\/gohike.lv\\\/wp-content\\\/uploads\\\/2023\\\/08\\\/Logo_GoHike.webp\",\"width\":512,\"height\":512,\"caption\":\"GoHike\"},\"image\":{\"@id\":\"https:\\\/\\\/gohike.lv\\\/ru\\\/#\\\/schema\\\/logo\\\/image\\\/\"},\"sameAs\":[\"https:\\\/\\\/www.facebook.com\\\/gohike.shop\\\/\",\"https:\\\/\\\/www.instagram.com\\\/gohike.shop\\\/\"]}]}<\/script>\n<!-- \/ Yoast SEO plugin. -->","yoast_head_json":{"title":"NexTool - Mini Sailor Daudzfunkcion\u0101ls r\u012bks","description":"Atsl\u0113gu piekari\u0146a izm\u0113ra r\u012bks, viegli p\u0101rn\u0113s\u0101jams.","robots":{"index":"index","follow":"follow","max-snippet":"max-snippet:-1","max-image-preview":"max-image-preview:large","max-video-preview":"max-video-preview:-1"},"canonical":"https:\/\/gohike.lv\/ru\/produkts\/nextool-mini-sailor-daudzfunkcionals-riks\/","og_locale":"ru_RU","og_type":"article","og_title":"NexTool - Mini Sailor Daudzfunkcion\u0101ls r\u012bks","og_description":"Atsl\u0113gu piekari\u0146a izm\u0113ra r\u012bks, viegli p\u0101rn\u0113s\u0101jams.","og_url":"https:\/\/gohike.lv\/ru\/produkts\/nextool-mini-sailor-daudzfunkcionals-riks\/","og_site_name":"GoHike","article_publisher":"https:\/\/www.facebook.com\/gohike.shop\/","article_modified_time":"2025-12-30T14:24:26+00:00","og_image":[{"width":713,"height":713,"url":"https:\/\/gohike.lv\/wp-content\/uploads\/2025\/01\/MiniSailor_.webp","type":"image\/webp"}],"twitter_card":"summary_large_image","twitter_title":"NexTool - Mini Sailor Daudzfunkcion\u0101ls r\u012bks","twitter_misc":{"\u041f\u0440\u0438\u043c\u0435\u0440\u043d\u043e\u0435 \u0432\u0440\u0435\u043c\u044f \u0434\u043b\u044f \u0447\u0442\u0435\u043d\u0438\u044f":"1 \u043c\u0438\u043d\u0443\u0442\u0430"},"schema":{"@context":"https:\/\/schema.org","@graph":[{"@type":["WebPage","ItemPage"],"@id":"https:\/\/gohike.lv\/ru\/produkts\/nextool-mini-sailor-daudzfunkcionals-riks\/","url":"https:\/\/gohike.lv\/ru\/produkts\/nextool-mini-sailor-daudzfunkcionals-riks\/","name":"NexTool - Mini Sailor Daudzfunkcion\u0101ls r\u012bks","isPartOf":{"@id":"https:\/\/gohike.lv\/ru\/#website"},"primaryImageOfPage":{"@id":"https:\/\/gohike.lv\/ru\/produkts\/nextool-mini-sailor-daudzfunkcionals-riks\/#primaryimage"},"image":{"@id":"https:\/\/gohike.lv\/ru\/produkts\/nextool-mini-sailor-daudzfunkcionals-riks\/#primaryimage"},"thumbnailUrl":"https:\/\/gohike.lv\/wp-content\/uploads\/2025\/01\/MiniSailor_.webp","datePublished":"2025-01-15T10:44:36+00:00","dateModified":"2025-12-30T14:24:26+00:00","description":"Atsl\u0113gu piekari\u0146a izm\u0113ra r\u012bks, viegli p\u0101rn\u0113s\u0101jams.","breadcrumb":{"@id":"https:\/\/gohike.lv\/ru\/produkts\/nextool-mini-sailor-daudzfunkcionals-riks\/#breadcrumb"},"inLanguage":"ru-RU","potentialAction":[{"@type":"ReadAction","target":["https:\/\/gohike.lv\/ru\/produkts\/nextool-mini-sailor-daudzfunkcionals-riks\/"]}]},{"@type":"ImageObject","inLanguage":"ru-RU","@id":"https:\/\/gohike.lv\/ru\/produkts\/nextool-mini-sailor-daudzfunkcionals-riks\/#primaryimage","url":"https:\/\/gohike.lv\/wp-content\/uploads\/2025\/01\/MiniSailor_.webp","contentUrl":"https:\/\/gohike.lv\/wp-content\/uploads\/2025\/01\/MiniSailor_.webp","width":713,"height":713},{"@type":"BreadcrumbList","@id":"https:\/\/gohike.lv\/ru\/produkts\/nextool-mini-sailor-daudzfunkcionals-riks\/#breadcrumb","itemListElement":[{"@type":"ListItem","position":1,"name":"\u0413\u043b\u0430\u0432\u043d\u0430\u044f","item":"https:\/\/gohike.lv\/ru\/"},{"@type":"ListItem","position":2,"name":"\u041a\u0430\u0442\u0435\u0433\u043e\u0440\u0438\u0438 \u0442\u043e\u0432\u0430\u0440\u043e\u0432","item":"https:\/\/gohike.lv\/%d0%ba%d0%b0%d1%82%d0%b5%d0%b3%d0%be%d1%80%d0%b8%d0%b8-%d1%82%d0%be%d0%b2%d0%b0%d1%80%d0%be%d0%b2\/"},{"@type":"ListItem","position":3,"name":"NexTool &#8211; Mini Sailor Daudzfunkcion\u0101ls r\u012bks"}]},{"@type":"WebSite","@id":"https:\/\/gohike.lv\/ru\/#website","url":"https:\/\/gohike.lv\/ru\/","name":"GoHike","description":"","publisher":{"@id":"https:\/\/gohike.lv\/ru\/#organization"},"potentialAction":[{"@type":"SearchAction","target":{"@type":"EntryPoint","urlTemplate":"https:\/\/gohike.lv\/ru\/?s={search_term_string}"},"query-input":{"@type":"PropertyValueSpecification","valueRequired":true,"valueName":"search_term_string"}}],"inLanguage":"ru-RU"},{"@type":"Organization","@id":"https:\/\/gohike.lv\/ru\/#organization","name":"GoHike","url":"https:\/\/gohike.lv\/ru\/","logo":{"@type":"ImageObject","inLanguage":"ru-RU","@id":"https:\/\/gohike.lv\/ru\/#\/schema\/logo\/image\/","url":"https:\/\/gohike.lv\/wp-content\/uploads\/2023\/08\/Logo_GoHike.webp","contentUrl":"https:\/\/gohike.lv\/wp-content\/uploads\/2023\/08\/Logo_GoHike.webp","width":512,"height":512,"caption":"GoHike"},"image":{"@id":"https:\/\/gohike.lv\/ru\/#\/schema\/logo\/image\/"},"sameAs":["https:\/\/www.facebook.com\/gohike.shop\/","https:\/\/www.instagram.com\/gohike.shop\/"]}]}},"jetpack_sharing_enabled":true,"_links":{"self":[{"href":"https:\/\/gohike.lv\/ru\/wp-json\/wp\/v2\/product\/65536","targetHints":{"allow":["GET"]}}],"collection":[{"href":"https:\/\/gohike.lv\/ru\/wp-json\/wp\/v2\/product"}],"about":[{"href":"https:\/\/gohike.lv\/ru\/wp-json\/wp\/v2\/types\/product"}],"version-history":[{"count":0,"href":"https:\/\/gohike.lv\/ru\/wp-json\/wp\/v2\/product\/65536\/revisions"}],"wp:featuredmedia":[{"embeddable":true,"href":"https:\/\/gohike.lv\/ru\/wp-json\/wp\/v2\/media\/65538"}],"wp:attachment":[{"href":"https:\/\/gohike.lv\/ru\/wp-json\/wp\/v2\/media?parent=65536"}],"wp:term":[{"taxonomy":"product_brand","embeddable":true,"href":"https:\/\/gohike.lv\/ru\/wp-json\/wp\/v2\/product_brand?post=65536"},{"taxonomy":"product_cat","embeddable":true,"href":"https:\/\/gohike.lv\/ru\/wp-json\/wp\/v2\/product_cat?post=65536"},{"taxonomy":"product_tag","embeddable":true,"href":"https:\/\/gohike.lv\/ru\/wp-json\/wp\/v2\/product_tag?post=65536"}],"curies":[{"name":"wp","href":"https:\/\/api.w.org\/{rel}","templated":true}]}}