{"id":65376,"date":"2025-01-10T19:04:48","date_gmt":"2025-01-10T16:04:48","guid":{"rendered":"https:\/\/gohike.lv\/?post_type=product&#038;p=65376"},"modified":"2025-12-30T17:09:53","modified_gmt":"2025-12-30T14:09:53","slug":"ash-titana-saliekams-balona-turetajs","status":"publish","type":"product","link":"https:\/\/gohike.lv\/ru\/produkts\/ash-titana-saliekams-balona-turetajs\/","title":{"rendered":"ASH Tit\u0101na saliekams balona tur\u0113t\u0101js"},"content":{"rendered":"<p>Produkta \u012bpa\u0161\u012bbas:<br \/>\n\u2022 Pretpiedeguma p\u0101rkl\u0101jums: izgatavota no cieti anod\u0113ta alum\u012bnija ar augstas kvalit\u0101tes nepiedego\u0161u p\u0101rkl\u0101jumu, Fire-Maple pannas ir ide\u0101la olu, bekona, steiku un citu \u0113dienu pagatavo\u0161anai;<br \/>\n\u2022 Vienm\u0113r\u012bga sild\u012b\u0161ana: ar biez\u0101ku apak\u0161\u0113jo dizainu \u0161\u012b panna silda vienm\u0113r\u012bg\u0101k nek\u0101 parast\u0101s kempinga pannas;<br \/>\n\u2022 Iztur\u012bgs, karstumiztur\u012bgs rokturis: ar unik\u0101lu FIREMAPLE Feast pa\u0161blo\u0137\u0113jo\u0161u rokturi, \u0161\u012b p\u0101rg\u0101jienu panna ir stabila un dro\u0161i lietojama;<br \/>\n\u2022 Kompakta un viegla: svars tikai 262 g, saloc\u012bta izm\u0113rs ir 19.819.45.6 cm, viegli p\u0101rn\u0113s\u0101jama mugursom\u0101 vai uzglab\u0101\u0161anas kast\u0113.<br \/>\nMateri\u0101ls: cieti anod\u0113ts alum\u012bnijs, ner\u016bs\u0113jo\u0161ais t\u0113rauds.<br \/>\nIzm\u0113rs: 20*19.4*5.6 cm.<br \/>\nTilpums: 0.9 L.<br \/>\nSvars: 262 g.<\/p>\n","protected":false},"excerpt":{"rendered":"<p>Kompakts un p\u0101rn\u0113s\u0101jams, sverot tikai 23 g, ASH tit\u0101na g\u0101zes balona stat\u012bvs nodro\u0161ina uzticamu stabilit\u0101ti un iztur\u012bbu. Tas \u013cauj dro\u0161i novietot g\u0101zes balonu uz nel\u012bdzen\u0101m virsm\u0101m.<\/p>\n","protected":false},"featured_media":65377,"template":"","meta":[],"product_brand":[315],"product_cat":[314],"product_tag":[],"class_list":{"0":"post-65376","1":"product","2":"type-product","3":"status-publish","4":"has-post-thumbnail","6":"product_brand-firemaple","7":"product_cat-stoves-and-fuel","8":"pa_izmeriscm-16-514-22-en","9":"pa_materiali-titan","10":"pa_produkta-tips-burners","11":"pa_saliktas-preces-izmerscm-8-17-12-en","13":"first","14":"instock","15":"taxable","16":"shipping-taxable","17":"purchasable","18":"product-type-simple"},"raw_content":{"name":"ASH Tit\u0101na saliekams balona tur\u0113t\u0101js","description":"Produkta \u012bpa\u0161\u012bbas:\n\u2022 Pretpiedeguma p\u0101rkl\u0101jums: izgatavota no cieti anod\u0113ta alum\u012bnija ar augstas kvalit\u0101tes nepiedego\u0161u p\u0101rkl\u0101jumu, Fire-Maple pannas ir ide\u0101la olu, bekona, steiku un citu \u0113dienu pagatavo\u0161anai;\n\u2022 Vienm\u0113r\u012bga sild\u012b\u0161ana: ar biez\u0101ku apak\u0161\u0113jo dizainu \u0161\u012b panna silda vienm\u0113r\u012bg\u0101k nek\u0101 parast\u0101s kempinga pannas;\n\u2022 Iztur\u012bgs, karstumiztur\u012bgs rokturis: ar unik\u0101lu FIREMAPLE Feast pa\u0161blo\u0137\u0113jo\u0161u rokturi, \u0161\u012b p\u0101rg\u0101jienu panna ir stabila un dro\u0161i lietojama;\n\u2022 Kompakta un viegla: svars tikai 262 g, saloc\u012bta izm\u0113rs ir 19.819.45.6 cm, viegli p\u0101rn\u0113s\u0101jama mugursom\u0101 vai uzglab\u0101\u0161anas kast\u0113.\nMateri\u0101ls: cieti anod\u0113ts alum\u012bnijs, ner\u016bs\u0113jo\u0161ais t\u0113rauds.\nIzm\u0113rs: 20*19.4*5.6 cm.\nTilpums: 0.9 L.\nSvars: 262 g.","short_description":"Kompakts un p\u0101rn\u0113s\u0101jams, sverot tikai 23 g, ASH tit\u0101na g\u0101zes balona stat\u012bvs nodro\u0161ina uzticamu stabilit\u0101ti un iztur\u012bbu. Tas \u013cauj dro\u0161i novietot g\u0101zes balonu uz nel\u012bdzen\u0101m virsm\u0101m.","status":"publish","sku":"6971490127321","original":65376},"wpml":{"translation_type":1,"has_translations":true,"original":65376,"duplicates":[],"translations":{"lv":65376,"en":66802,"ru":null}},"supplier_id":null,"supplier_sku":"","barcode":null,"atum_controlled":true,"out_stock_date":null,"out_stock_threshold":null,"inheritable":false,"inbound_stock":0,"stock_on_hold":0,"sold_today":0,"sales_last_days":0,"reserved_stock":0,"customer_returns":0,"warehouse_damage":0,"lost_in_post":0,"other_logs":0,"out_stock_days":0,"lost_sales":0,"has_location":false,"update_date":"2025-12-30T14:13:25","atum_locations":[],"atum_stock_status":"instock","restock_status":false,"low_stock_amount":"","sales_update_date":"2025-11-13T14:08:59","calc_backorders":null,"yoast_head":"<!-- This site is optimized with the Yoast SEO plugin v27.3 - https:\/\/yoast.com\/product\/yoast-seo-wordpress\/ -->\n<title>ASH Tit\u0101na saliekams balona tur\u0113t\u0101js - GoHike<\/title>\n<meta name=\"description\" content=\"Kompakts un p\u0101rn\u0113s\u0101jams, sverot tikai 23 g, ASH tit\u0101na g\u0101zes balona stat\u012bvs nodro\u0161ina uzticamu stabilit\u0101ti un iztur\u012bbu. Tas \u013cauj dro\u0161i novietot g\u0101zes balonu uz nel\u012bdzen\u0101m virsm\u0101m.\" \/>\n<meta name=\"robots\" content=\"index, follow, max-snippet:-1, max-image-preview:large, max-video-preview:-1\" \/>\n<link rel=\"canonical\" href=\"https:\/\/gohike.lv\/ru\/produkts\/ash-titana-saliekams-balona-turetajs\/\" \/>\n<meta property=\"og:locale\" content=\"ru_RU\" \/>\n<meta property=\"og:type\" content=\"article\" \/>\n<meta property=\"og:title\" content=\"ASH Tit\u0101na saliekams balona tur\u0113t\u0101js - GoHike\" \/>\n<meta property=\"og:description\" content=\"Kompakts un p\u0101rn\u0113s\u0101jams, sverot tikai 23 g, ASH tit\u0101na g\u0101zes balona stat\u012bvs nodro\u0161ina uzticamu stabilit\u0101ti un iztur\u012bbu. Tas \u013cauj dro\u0161i novietot g\u0101zes balonu uz nel\u012bdzen\u0101m virsm\u0101m.\" \/>\n<meta property=\"og:url\" content=\"https:\/\/gohike.lv\/ru\/produkts\/ash-titana-saliekams-balona-turetajs\/\" \/>\n<meta property=\"og:site_name\" content=\"GoHike\" \/>\n<meta property=\"article:publisher\" content=\"https:\/\/www.facebook.com\/gohike.shop\/\" \/>\n<meta property=\"article:modified_time\" content=\"2025-12-30T14:09:53+00:00\" \/>\n<meta property=\"og:image\" content=\"https:\/\/gohike.lv\/wp-content\/uploads\/2025\/01\/AshCanisterStand_-1.webp\" \/>\n\t<meta property=\"og:image:width\" content=\"1080\" \/>\n\t<meta property=\"og:image:height\" content=\"1080\" \/>\n\t<meta property=\"og:image:type\" content=\"image\/webp\" \/>\n<meta name=\"twitter:card\" content=\"summary_large_image\" \/>\n<meta name=\"twitter:label1\" content=\"\u041f\u0440\u0438\u043c\u0435\u0440\u043d\u043e\u0435 \u0432\u0440\u0435\u043c\u044f \u0434\u043b\u044f \u0447\u0442\u0435\u043d\u0438\u044f\" \/>\n\t<meta name=\"twitter:data1\" content=\"1 \u043c\u0438\u043d\u0443\u0442\u0430\" \/>\n<script type=\"application\/ld+json\" class=\"yoast-schema-graph\">{\"@context\":\"https:\\\/\\\/schema.org\",\"@graph\":[{\"@type\":[\"WebPage\",\"ItemPage\"],\"@id\":\"https:\\\/\\\/gohike.lv\\\/ru\\\/produkts\\\/ash-titana-saliekams-balona-turetajs\\\/\",\"url\":\"https:\\\/\\\/gohike.lv\\\/ru\\\/produkts\\\/ash-titana-saliekams-balona-turetajs\\\/\",\"name\":\"ASH Tit\u0101na saliekams balona tur\u0113t\u0101js - GoHike\",\"isPartOf\":{\"@id\":\"https:\\\/\\\/gohike.lv\\\/ru\\\/#website\"},\"primaryImageOfPage\":{\"@id\":\"https:\\\/\\\/gohike.lv\\\/ru\\\/produkts\\\/ash-titana-saliekams-balona-turetajs\\\/#primaryimage\"},\"image\":{\"@id\":\"https:\\\/\\\/gohike.lv\\\/ru\\\/produkts\\\/ash-titana-saliekams-balona-turetajs\\\/#primaryimage\"},\"thumbnailUrl\":\"https:\\\/\\\/gohike.lv\\\/wp-content\\\/uploads\\\/2025\\\/01\\\/AshCanisterStand_-1.webp\",\"datePublished\":\"2025-01-10T16:04:48+00:00\",\"dateModified\":\"2025-12-30T14:09:53+00:00\",\"description\":\"Kompakts un p\u0101rn\u0113s\u0101jams, sverot tikai 23 g, ASH tit\u0101na g\u0101zes balona stat\u012bvs nodro\u0161ina uzticamu stabilit\u0101ti un iztur\u012bbu. Tas \u013cauj dro\u0161i novietot g\u0101zes balonu uz nel\u012bdzen\u0101m virsm\u0101m.\",\"breadcrumb\":{\"@id\":\"https:\\\/\\\/gohike.lv\\\/ru\\\/produkts\\\/ash-titana-saliekams-balona-turetajs\\\/#breadcrumb\"},\"inLanguage\":\"ru-RU\",\"potentialAction\":[{\"@type\":\"ReadAction\",\"target\":[\"https:\\\/\\\/gohike.lv\\\/ru\\\/produkts\\\/ash-titana-saliekams-balona-turetajs\\\/\"]}]},{\"@type\":\"ImageObject\",\"inLanguage\":\"ru-RU\",\"@id\":\"https:\\\/\\\/gohike.lv\\\/ru\\\/produkts\\\/ash-titana-saliekams-balona-turetajs\\\/#primaryimage\",\"url\":\"https:\\\/\\\/gohike.lv\\\/wp-content\\\/uploads\\\/2025\\\/01\\\/AshCanisterStand_-1.webp\",\"contentUrl\":\"https:\\\/\\\/gohike.lv\\\/wp-content\\\/uploads\\\/2025\\\/01\\\/AshCanisterStand_-1.webp\",\"width\":1080,\"height\":1080},{\"@type\":\"BreadcrumbList\",\"@id\":\"https:\\\/\\\/gohike.lv\\\/ru\\\/produkts\\\/ash-titana-saliekams-balona-turetajs\\\/#breadcrumb\",\"itemListElement\":[{\"@type\":\"ListItem\",\"position\":1,\"name\":\"\u0413\u043b\u0430\u0432\u043d\u0430\u044f\",\"item\":\"https:\\\/\\\/gohike.lv\\\/ru\\\/\"},{\"@type\":\"ListItem\",\"position\":2,\"name\":\"\u041a\u0430\u0442\u0435\u0433\u043e\u0440\u0438\u0438 \u0442\u043e\u0432\u0430\u0440\u043e\u0432\",\"item\":\"https:\\\/\\\/gohike.lv\\\/%d0%ba%d0%b0%d1%82%d0%b5%d0%b3%d0%be%d1%80%d0%b8%d0%b8-%d1%82%d0%be%d0%b2%d0%b0%d1%80%d0%be%d0%b2\\\/\"},{\"@type\":\"ListItem\",\"position\":3,\"name\":\"ASH Tit\u0101na saliekams balona tur\u0113t\u0101js\"}]},{\"@type\":\"WebSite\",\"@id\":\"https:\\\/\\\/gohike.lv\\\/ru\\\/#website\",\"url\":\"https:\\\/\\\/gohike.lv\\\/ru\\\/\",\"name\":\"GoHike\",\"description\":\"\",\"publisher\":{\"@id\":\"https:\\\/\\\/gohike.lv\\\/ru\\\/#organization\"},\"potentialAction\":[{\"@type\":\"SearchAction\",\"target\":{\"@type\":\"EntryPoint\",\"urlTemplate\":\"https:\\\/\\\/gohike.lv\\\/ru\\\/?s={search_term_string}\"},\"query-input\":{\"@type\":\"PropertyValueSpecification\",\"valueRequired\":true,\"valueName\":\"search_term_string\"}}],\"inLanguage\":\"ru-RU\"},{\"@type\":\"Organization\",\"@id\":\"https:\\\/\\\/gohike.lv\\\/ru\\\/#organization\",\"name\":\"GoHike\",\"url\":\"https:\\\/\\\/gohike.lv\\\/ru\\\/\",\"logo\":{\"@type\":\"ImageObject\",\"inLanguage\":\"ru-RU\",\"@id\":\"https:\\\/\\\/gohike.lv\\\/ru\\\/#\\\/schema\\\/logo\\\/image\\\/\",\"url\":\"https:\\\/\\\/gohike.lv\\\/wp-content\\\/uploads\\\/2023\\\/08\\\/Logo_GoHike.webp\",\"contentUrl\":\"https:\\\/\\\/gohike.lv\\\/wp-content\\\/uploads\\\/2023\\\/08\\\/Logo_GoHike.webp\",\"width\":512,\"height\":512,\"caption\":\"GoHike\"},\"image\":{\"@id\":\"https:\\\/\\\/gohike.lv\\\/ru\\\/#\\\/schema\\\/logo\\\/image\\\/\"},\"sameAs\":[\"https:\\\/\\\/www.facebook.com\\\/gohike.shop\\\/\",\"https:\\\/\\\/www.instagram.com\\\/gohike.shop\\\/\"]}]}<\/script>\n<!-- \/ Yoast SEO plugin. -->","yoast_head_json":{"title":"ASH Tit\u0101na saliekams balona tur\u0113t\u0101js - GoHike","description":"Kompakts un p\u0101rn\u0113s\u0101jams, sverot tikai 23 g, ASH tit\u0101na g\u0101zes balona stat\u012bvs nodro\u0161ina uzticamu stabilit\u0101ti un iztur\u012bbu. Tas \u013cauj dro\u0161i novietot g\u0101zes balonu uz nel\u012bdzen\u0101m virsm\u0101m.","robots":{"index":"index","follow":"follow","max-snippet":"max-snippet:-1","max-image-preview":"max-image-preview:large","max-video-preview":"max-video-preview:-1"},"canonical":"https:\/\/gohike.lv\/ru\/produkts\/ash-titana-saliekams-balona-turetajs\/","og_locale":"ru_RU","og_type":"article","og_title":"ASH Tit\u0101na saliekams balona tur\u0113t\u0101js - GoHike","og_description":"Kompakts un p\u0101rn\u0113s\u0101jams, sverot tikai 23 g, ASH tit\u0101na g\u0101zes balona stat\u012bvs nodro\u0161ina uzticamu stabilit\u0101ti un iztur\u012bbu. Tas \u013cauj dro\u0161i novietot g\u0101zes balonu uz nel\u012bdzen\u0101m virsm\u0101m.","og_url":"https:\/\/gohike.lv\/ru\/produkts\/ash-titana-saliekams-balona-turetajs\/","og_site_name":"GoHike","article_publisher":"https:\/\/www.facebook.com\/gohike.shop\/","article_modified_time":"2025-12-30T14:09:53+00:00","og_image":[{"width":1080,"height":1080,"url":"https:\/\/gohike.lv\/wp-content\/uploads\/2025\/01\/AshCanisterStand_-1.webp","type":"image\/webp"}],"twitter_card":"summary_large_image","twitter_misc":{"\u041f\u0440\u0438\u043c\u0435\u0440\u043d\u043e\u0435 \u0432\u0440\u0435\u043c\u044f \u0434\u043b\u044f \u0447\u0442\u0435\u043d\u0438\u044f":"1 \u043c\u0438\u043d\u0443\u0442\u0430"},"schema":{"@context":"https:\/\/schema.org","@graph":[{"@type":["WebPage","ItemPage"],"@id":"https:\/\/gohike.lv\/ru\/produkts\/ash-titana-saliekams-balona-turetajs\/","url":"https:\/\/gohike.lv\/ru\/produkts\/ash-titana-saliekams-balona-turetajs\/","name":"ASH Tit\u0101na saliekams balona tur\u0113t\u0101js - GoHike","isPartOf":{"@id":"https:\/\/gohike.lv\/ru\/#website"},"primaryImageOfPage":{"@id":"https:\/\/gohike.lv\/ru\/produkts\/ash-titana-saliekams-balona-turetajs\/#primaryimage"},"image":{"@id":"https:\/\/gohike.lv\/ru\/produkts\/ash-titana-saliekams-balona-turetajs\/#primaryimage"},"thumbnailUrl":"https:\/\/gohike.lv\/wp-content\/uploads\/2025\/01\/AshCanisterStand_-1.webp","datePublished":"2025-01-10T16:04:48+00:00","dateModified":"2025-12-30T14:09:53+00:00","description":"Kompakts un p\u0101rn\u0113s\u0101jams, sverot tikai 23 g, ASH tit\u0101na g\u0101zes balona stat\u012bvs nodro\u0161ina uzticamu stabilit\u0101ti un iztur\u012bbu. Tas \u013cauj dro\u0161i novietot g\u0101zes balonu uz nel\u012bdzen\u0101m virsm\u0101m.","breadcrumb":{"@id":"https:\/\/gohike.lv\/ru\/produkts\/ash-titana-saliekams-balona-turetajs\/#breadcrumb"},"inLanguage":"ru-RU","potentialAction":[{"@type":"ReadAction","target":["https:\/\/gohike.lv\/ru\/produkts\/ash-titana-saliekams-balona-turetajs\/"]}]},{"@type":"ImageObject","inLanguage":"ru-RU","@id":"https:\/\/gohike.lv\/ru\/produkts\/ash-titana-saliekams-balona-turetajs\/#primaryimage","url":"https:\/\/gohike.lv\/wp-content\/uploads\/2025\/01\/AshCanisterStand_-1.webp","contentUrl":"https:\/\/gohike.lv\/wp-content\/uploads\/2025\/01\/AshCanisterStand_-1.webp","width":1080,"height":1080},{"@type":"BreadcrumbList","@id":"https:\/\/gohike.lv\/ru\/produkts\/ash-titana-saliekams-balona-turetajs\/#breadcrumb","itemListElement":[{"@type":"ListItem","position":1,"name":"\u0413\u043b\u0430\u0432\u043d\u0430\u044f","item":"https:\/\/gohike.lv\/ru\/"},{"@type":"ListItem","position":2,"name":"\u041a\u0430\u0442\u0435\u0433\u043e\u0440\u0438\u0438 \u0442\u043e\u0432\u0430\u0440\u043e\u0432","item":"https:\/\/gohike.lv\/%d0%ba%d0%b0%d1%82%d0%b5%d0%b3%d0%be%d1%80%d0%b8%d0%b8-%d1%82%d0%be%d0%b2%d0%b0%d1%80%d0%be%d0%b2\/"},{"@type":"ListItem","position":3,"name":"ASH Tit\u0101na saliekams balona tur\u0113t\u0101js"}]},{"@type":"WebSite","@id":"https:\/\/gohike.lv\/ru\/#website","url":"https:\/\/gohike.lv\/ru\/","name":"GoHike","description":"","publisher":{"@id":"https:\/\/gohike.lv\/ru\/#organization"},"potentialAction":[{"@type":"SearchAction","target":{"@type":"EntryPoint","urlTemplate":"https:\/\/gohike.lv\/ru\/?s={search_term_string}"},"query-input":{"@type":"PropertyValueSpecification","valueRequired":true,"valueName":"search_term_string"}}],"inLanguage":"ru-RU"},{"@type":"Organization","@id":"https:\/\/gohike.lv\/ru\/#organization","name":"GoHike","url":"https:\/\/gohike.lv\/ru\/","logo":{"@type":"ImageObject","inLanguage":"ru-RU","@id":"https:\/\/gohike.lv\/ru\/#\/schema\/logo\/image\/","url":"https:\/\/gohike.lv\/wp-content\/uploads\/2023\/08\/Logo_GoHike.webp","contentUrl":"https:\/\/gohike.lv\/wp-content\/uploads\/2023\/08\/Logo_GoHike.webp","width":512,"height":512,"caption":"GoHike"},"image":{"@id":"https:\/\/gohike.lv\/ru\/#\/schema\/logo\/image\/"},"sameAs":["https:\/\/www.facebook.com\/gohike.shop\/","https:\/\/www.instagram.com\/gohike.shop\/"]}]}},"jetpack_sharing_enabled":true,"_links":{"self":[{"href":"https:\/\/gohike.lv\/ru\/wp-json\/wp\/v2\/product\/65376","targetHints":{"allow":["GET"]}}],"collection":[{"href":"https:\/\/gohike.lv\/ru\/wp-json\/wp\/v2\/product"}],"about":[{"href":"https:\/\/gohike.lv\/ru\/wp-json\/wp\/v2\/types\/product"}],"version-history":[{"count":1,"href":"https:\/\/gohike.lv\/ru\/wp-json\/wp\/v2\/product\/65376\/revisions"}],"predecessor-version":[{"id":118950,"href":"https:\/\/gohike.lv\/ru\/wp-json\/wp\/v2\/product\/65376\/revisions\/118950"}],"wp:featuredmedia":[{"embeddable":true,"href":"https:\/\/gohike.lv\/ru\/wp-json\/wp\/v2\/media\/65377"}],"wp:attachment":[{"href":"https:\/\/gohike.lv\/ru\/wp-json\/wp\/v2\/media?parent=65376"}],"wp:term":[{"taxonomy":"product_brand","embeddable":true,"href":"https:\/\/gohike.lv\/ru\/wp-json\/wp\/v2\/product_brand?post=65376"},{"taxonomy":"product_cat","embeddable":true,"href":"https:\/\/gohike.lv\/ru\/wp-json\/wp\/v2\/product_cat?post=65376"},{"taxonomy":"product_tag","embeddable":true,"href":"https:\/\/gohike.lv\/ru\/wp-json\/wp\/v2\/product_tag?post=65376"}],"curies":[{"name":"wp","href":"https:\/\/api.w.org\/{rel}","templated":true}]}}