{"id":65309,"date":"2025-01-10T15:27:30","date_gmt":"2025-01-10T12:27:30","guid":{"rendered":"https:\/\/gohike.lv\/produkts\/firemaple-rock-gazes-deglis\/"},"modified":"2025-12-30T17:09:53","modified_gmt":"2025-12-30T14:09:53","slug":"firemaple-rock-gazes-deglis","status":"publish","type":"product","link":"https:\/\/gohike.lv\/ru\/produkts\/firemaple-rock-gazes-deglis\/","title":{"rendered":"FIREMAPLE &#8212; Rock G\u0101zes deglis"},"content":{"rendered":"<p>\u012apa\u0161\u012bbas:<br \/>\n\u2022 Augstas kvalit\u0101tes: izgatavots no iztur\u012bga alum\u012bnija sakaus\u0113juma un ner\u016bs\u0113jo\u0161\u0101 t\u0113rauda. Sader\u012bgs ar jebkuru 7\/16 v\u012btni vienas but\u0101na\/but\u0101na-prop\u0101na mais\u012bjuma g\u0101zes balonu (EN 417);<br \/>\n\u2022 Viegls un kompakts: svars tikai 171 g, saloc\u012btais izm\u0113rs ir 83 x 83 x 93 mm, piem\u0113rots gan solo, gan grupu \u0101ra aktivit\u0101t\u0113m. Viegls un saliekams dizains, kas aiz\u0146em maz\u0101k vietas un viegli uzglab\u0101jams;<br \/>\n\u2022 Augsta efektivit\u0101te: \u016bdens uzv\u0101r\u012b\u0161ana 90 sekun\u017eu laik\u0101! (Maksim\u0101l\u0101 jauda: 10237 BTU\/h, 3000 W). \u0160is komplekts ir daudzfunkcion\u0101ls un piem\u0113rots gan m\u0101jas gatavo\u0161anai, gan pikniku, cep\u0161anai, cep\u0161anai wok pann\u0101 un v\u0101r\u012b\u0161anai;<br \/>\n\u2022 Salok\u0101ms un p\u0101rn\u0113s\u0101jams: salok\u0101mi un pret slip\u0161anu aizsarg\u0101ti katlu atbalsti nodro\u0161ina stabilit\u0101ti da\u017e\u0101du diametru katliem un pann\u0101m. Pa\u0161izveidots mikro v\u0113ja aizsargs un p\u0101rvietojama g\u0101zes caurule nodro\u0161ina \u0113rtu \u0101ra aktivit\u0101\u0161u veik\u0161anu;<br \/>\n\u2022 Pla\u0161a daudzfunkcionalit\u0101te: \u0161is p\u0101rg\u0101jienu deglis viegli salok\u0101s un ietilpst iek\u013cautaj\u0101 aizsarg\u0101jo\u0161aj\u0101 maisi\u0146\u0101. Ide\u0101li piem\u0113rots p\u0101rg\u0101jieniem, ce\u013cojumiem, mak\u0161\u0137er\u0113\u0161anai un cit\u0101m \u0101ra piedz\u012bvojumiem.<br \/>\nSpecifik\u0101cijas:<br \/>\n\u2022 Izm\u0113rs: 8.3 x 8.3 x 9.3 cm;<br \/>\n\u2022 Svars: 170 g;<br \/>\n\u2022 Materi\u0101ls: ner\u016bs\u0113jo\u0161ais t\u0113rauds, alum\u012bnijs;<br \/>\n\u2022 Auto izsl\u0113g\u0161an\u0101s: nav;<br \/>\n\u2022 Maksim\u0101l\u0101 jauda: 3000 W;<br \/>\n\u2022 Ener\u0123ijas izn\u0101kums: 10237 BTU\/h;<br \/>\n\u2022 G\u0101zes balons nav iek\u013cauts.<br \/>\nDegvielas veids: sa\u0161\u0137idrin\u0101ts naftas g\u0101ze.<br \/>\nSvars: 170 g.<\/p>\n","protected":false},"excerpt":{"rendered":"<p>Izgatavots no iztur\u012bga alum\u012bnija sakaus\u0113juma un ner\u016bs\u0113jo\u0161\u0101 t\u0113rauda, viegls un kompakts &#8212; sver tikai 171 g.<\/p>\n","protected":false},"featured_media":65311,"template":"","meta":[],"product_brand":[1080],"product_cat":[951],"product_tag":[],"class_list":{"0":"post-65309","1":"product","2":"type-product","3":"status-publish","4":"has-post-thumbnail","6":"product_brand-firemaple-lv","7":"product_cat-degli-un-degviela","8":"pa_jauda-3000w-10237-btu-h","9":"pa_produkta-tips-degli","10":"pa_saliktas-preces-izmerscm-o8-39-3","12":"first","13":"instock","14":"taxable","15":"shipping-taxable","16":"purchasable","17":"product-type-simple"},"raw_content":{"name":"FIREMAPLE - Rock G\u0101zes deglis","description":"\u012apa\u0161\u012bbas:\n\u2022 Augstas kvalit\u0101tes: izgatavots no iztur\u012bga alum\u012bnija sakaus\u0113juma un ner\u016bs\u0113jo\u0161\u0101 t\u0113rauda. Sader\u012bgs ar jebkuru 7\/16 v\u012btni vienas but\u0101na\/but\u0101na-prop\u0101na mais\u012bjuma g\u0101zes balonu (EN 417);\n\u2022 Viegls un kompakts: svars tikai 171 g, saloc\u012btais izm\u0113rs ir 83 x 83 x 93 mm, piem\u0113rots gan solo, gan grupu \u0101ra aktivit\u0101t\u0113m. Viegls un saliekams dizains, kas aiz\u0146em maz\u0101k vietas un viegli uzglab\u0101jams;\n\u2022 Augsta efektivit\u0101te: \u016bdens uzv\u0101r\u012b\u0161ana 90 sekun\u017eu laik\u0101! (Maksim\u0101l\u0101 jauda: 10237 BTU\/h, 3000 W). \u0160is komplekts ir daudzfunkcion\u0101ls un piem\u0113rots gan m\u0101jas gatavo\u0161anai, gan pikniku, cep\u0161anai, cep\u0161anai wok pann\u0101 un v\u0101r\u012b\u0161anai;\n\u2022 Salok\u0101ms un p\u0101rn\u0113s\u0101jams: salok\u0101mi un pret slip\u0161anu aizsarg\u0101ti katlu atbalsti nodro\u0161ina stabilit\u0101ti da\u017e\u0101du diametru katliem un pann\u0101m. Pa\u0161izveidots mikro v\u0113ja aizsargs un p\u0101rvietojama g\u0101zes caurule nodro\u0161ina \u0113rtu \u0101ra aktivit\u0101\u0161u veik\u0161anu;\n\u2022 Pla\u0161a daudzfunkcionalit\u0101te: \u0161is p\u0101rg\u0101jienu deglis viegli salok\u0101s un ietilpst iek\u013cautaj\u0101 aizsarg\u0101jo\u0161aj\u0101 maisi\u0146\u0101. Ide\u0101li piem\u0113rots p\u0101rg\u0101jieniem, ce\u013cojumiem, mak\u0161\u0137er\u0113\u0161anai un cit\u0101m \u0101ra piedz\u012bvojumiem.\nSpecifik\u0101cijas:\n\u2022 Izm\u0113rs: 8.3 x 8.3 x 9.3 cm;\n\u2022 Svars: 170 g;\n\u2022 Materi\u0101ls: ner\u016bs\u0113jo\u0161ais t\u0113rauds, alum\u012bnijs;\n\u2022 Auto izsl\u0113g\u0161an\u0101s: nav;\n\u2022 Maksim\u0101l\u0101 jauda: 3000 W;\n\u2022 Ener\u0123ijas izn\u0101kums: 10237 BTU\/h;\n\u2022 G\u0101zes balons nav iek\u013cauts.\nDegvielas veids: sa\u0161\u0137idrin\u0101ts naftas g\u0101ze.\nSvars: 170 g.","short_description":"Izgatavots no iztur\u012bga alum\u012bnija sakaus\u0113juma un ner\u016bs\u0113jo\u0161\u0101 t\u0113rauda, viegls un kompakts - sver tikai 171 g.","status":"publish","sku":"6971490127260","original":65309},"wpml":{"translation_type":1,"has_translations":true,"original":65309,"duplicates":[],"translations":{"lv":65309,"en":66791,"ru":null}},"supplier_id":null,"supplier_sku":"","barcode":null,"atum_controlled":true,"out_stock_date":null,"out_stock_threshold":null,"inheritable":false,"inbound_stock":0,"stock_on_hold":0,"sold_today":0,"sales_last_days":0,"reserved_stock":0,"customer_returns":0,"warehouse_damage":0,"lost_in_post":0,"other_logs":0,"out_stock_days":0,"lost_sales":0,"has_location":false,"update_date":"2025-12-30T14:13:25","atum_locations":[],"atum_stock_status":"instock","restock_status":false,"low_stock_amount":"","sales_update_date":"2025-11-13T14:09:01","calc_backorders":null,"yoast_head":"<!-- This site is optimized with the Yoast SEO plugin v27.3 - https:\/\/yoast.com\/product\/yoast-seo-wordpress\/ -->\n<title>FIREMAPLE Rock G\u0101zes deglis - Rock G\u0101zes deglis<\/title>\n<meta name=\"description\" content=\"Izgatavots no iztur\u012bga alum\u012bnija sakaus\u0113juma un ner\u016bs\u0113jo\u0161\u0101 t\u0113rauda, viegls un kompakts - sver tikai 171 g.\" \/>\n<meta name=\"robots\" content=\"index, follow, max-snippet:-1, max-image-preview:large, max-video-preview:-1\" \/>\n<link rel=\"canonical\" href=\"https:\/\/gohike.lv\/ru\/produkts\/firemaple-rock-gazes-deglis\/\" \/>\n<meta property=\"og:locale\" content=\"ru_RU\" \/>\n<meta property=\"og:type\" content=\"article\" \/>\n<meta property=\"og:title\" content=\"FIREMAPLE Rock G\u0101zes deglis - Rock G\u0101zes deglis\" \/>\n<meta property=\"og:description\" content=\"Izgatavots no iztur\u012bga alum\u012bnija sakaus\u0113juma un ner\u016bs\u0113jo\u0161\u0101 t\u0113rauda, viegls un kompakts - sver tikai 171 g.\" \/>\n<meta property=\"og:url\" content=\"https:\/\/gohike.lv\/ru\/produkts\/firemaple-rock-gazes-deglis\/\" \/>\n<meta property=\"og:site_name\" content=\"GoHike\" \/>\n<meta property=\"article:publisher\" content=\"https:\/\/www.facebook.com\/gohike.shop\/\" \/>\n<meta property=\"article:modified_time\" content=\"2025-12-30T14:09:53+00:00\" \/>\n<meta property=\"og:image\" content=\"https:\/\/gohike.lv\/wp-content\/uploads\/2025\/01\/RockStove_-1.jpg\" \/>\n\t<meta property=\"og:image:width\" content=\"300\" \/>\n\t<meta property=\"og:image:height\" content=\"300\" \/>\n\t<meta property=\"og:image:type\" content=\"image\/jpeg\" \/>\n<meta name=\"twitter:card\" content=\"summary_large_image\" \/>\n<meta name=\"twitter:title\" content=\"FIREMAPLE Rock G\u0101zes deglis - Rock G\u0101zes deglis\" \/>\n<meta name=\"twitter:label1\" content=\"\u041f\u0440\u0438\u043c\u0435\u0440\u043d\u043e\u0435 \u0432\u0440\u0435\u043c\u044f \u0434\u043b\u044f \u0447\u0442\u0435\u043d\u0438\u044f\" \/>\n\t<meta name=\"twitter:data1\" content=\"2 \u043c\u0438\u043d\u0443\u0442\u0430\" \/>\n<script type=\"application\/ld+json\" class=\"yoast-schema-graph\">{\"@context\":\"https:\\\/\\\/schema.org\",\"@graph\":[{\"@type\":[\"WebPage\",\"ItemPage\"],\"@id\":\"https:\\\/\\\/gohike.lv\\\/ru\\\/produkts\\\/firemaple-rock-gazes-deglis\\\/\",\"url\":\"https:\\\/\\\/gohike.lv\\\/ru\\\/produkts\\\/firemaple-rock-gazes-deglis\\\/\",\"name\":\"FIREMAPLE Rock G\u0101zes deglis - Rock G\u0101zes deglis\",\"isPartOf\":{\"@id\":\"https:\\\/\\\/gohike.lv\\\/ru\\\/#website\"},\"primaryImageOfPage\":{\"@id\":\"https:\\\/\\\/gohike.lv\\\/ru\\\/produkts\\\/firemaple-rock-gazes-deglis\\\/#primaryimage\"},\"image\":{\"@id\":\"https:\\\/\\\/gohike.lv\\\/ru\\\/produkts\\\/firemaple-rock-gazes-deglis\\\/#primaryimage\"},\"thumbnailUrl\":\"https:\\\/\\\/gohike.lv\\\/wp-content\\\/uploads\\\/2025\\\/01\\\/RockStove_-1.jpg\",\"datePublished\":\"2025-01-10T12:27:30+00:00\",\"dateModified\":\"2025-12-30T14:09:53+00:00\",\"description\":\"Izgatavots no iztur\u012bga alum\u012bnija sakaus\u0113juma un ner\u016bs\u0113jo\u0161\u0101 t\u0113rauda, viegls un kompakts - sver tikai 171 g.\",\"breadcrumb\":{\"@id\":\"https:\\\/\\\/gohike.lv\\\/ru\\\/produkts\\\/firemaple-rock-gazes-deglis\\\/#breadcrumb\"},\"inLanguage\":\"ru-RU\",\"potentialAction\":[{\"@type\":\"ReadAction\",\"target\":[\"https:\\\/\\\/gohike.lv\\\/ru\\\/produkts\\\/firemaple-rock-gazes-deglis\\\/\"]}]},{\"@type\":\"ImageObject\",\"inLanguage\":\"ru-RU\",\"@id\":\"https:\\\/\\\/gohike.lv\\\/ru\\\/produkts\\\/firemaple-rock-gazes-deglis\\\/#primaryimage\",\"url\":\"https:\\\/\\\/gohike.lv\\\/wp-content\\\/uploads\\\/2025\\\/01\\\/RockStove_-1.jpg\",\"contentUrl\":\"https:\\\/\\\/gohike.lv\\\/wp-content\\\/uploads\\\/2025\\\/01\\\/RockStove_-1.jpg\",\"width\":300,\"height\":300},{\"@type\":\"BreadcrumbList\",\"@id\":\"https:\\\/\\\/gohike.lv\\\/ru\\\/produkts\\\/firemaple-rock-gazes-deglis\\\/#breadcrumb\",\"itemListElement\":[{\"@type\":\"ListItem\",\"position\":1,\"name\":\"\u0413\u043b\u0430\u0432\u043d\u0430\u044f\",\"item\":\"https:\\\/\\\/gohike.lv\\\/ru\\\/\"},{\"@type\":\"ListItem\",\"position\":2,\"name\":\"\u041a\u0430\u0442\u0435\u0433\u043e\u0440\u0438\u0438 \u0442\u043e\u0432\u0430\u0440\u043e\u0432\",\"item\":\"https:\\\/\\\/gohike.lv\\\/%d0%ba%d0%b0%d1%82%d0%b5%d0%b3%d0%be%d1%80%d0%b8%d0%b8-%d1%82%d0%be%d0%b2%d0%b0%d1%80%d0%be%d0%b2\\\/\"},{\"@type\":\"ListItem\",\"position\":3,\"name\":\"FIREMAPLE &#8211; Rock G\u0101zes deglis\"}]},{\"@type\":\"WebSite\",\"@id\":\"https:\\\/\\\/gohike.lv\\\/ru\\\/#website\",\"url\":\"https:\\\/\\\/gohike.lv\\\/ru\\\/\",\"name\":\"GoHike\",\"description\":\"\",\"publisher\":{\"@id\":\"https:\\\/\\\/gohike.lv\\\/ru\\\/#organization\"},\"potentialAction\":[{\"@type\":\"SearchAction\",\"target\":{\"@type\":\"EntryPoint\",\"urlTemplate\":\"https:\\\/\\\/gohike.lv\\\/ru\\\/?s={search_term_string}\"},\"query-input\":{\"@type\":\"PropertyValueSpecification\",\"valueRequired\":true,\"valueName\":\"search_term_string\"}}],\"inLanguage\":\"ru-RU\"},{\"@type\":\"Organization\",\"@id\":\"https:\\\/\\\/gohike.lv\\\/ru\\\/#organization\",\"name\":\"GoHike\",\"url\":\"https:\\\/\\\/gohike.lv\\\/ru\\\/\",\"logo\":{\"@type\":\"ImageObject\",\"inLanguage\":\"ru-RU\",\"@id\":\"https:\\\/\\\/gohike.lv\\\/ru\\\/#\\\/schema\\\/logo\\\/image\\\/\",\"url\":\"https:\\\/\\\/gohike.lv\\\/wp-content\\\/uploads\\\/2023\\\/08\\\/Logo_GoHike.webp\",\"contentUrl\":\"https:\\\/\\\/gohike.lv\\\/wp-content\\\/uploads\\\/2023\\\/08\\\/Logo_GoHike.webp\",\"width\":512,\"height\":512,\"caption\":\"GoHike\"},\"image\":{\"@id\":\"https:\\\/\\\/gohike.lv\\\/ru\\\/#\\\/schema\\\/logo\\\/image\\\/\"},\"sameAs\":[\"https:\\\/\\\/www.facebook.com\\\/gohike.shop\\\/\",\"https:\\\/\\\/www.instagram.com\\\/gohike.shop\\\/\"]}]}<\/script>\n<!-- \/ Yoast SEO plugin. -->","yoast_head_json":{"title":"FIREMAPLE Rock G\u0101zes deglis - Rock G\u0101zes deglis","description":"Izgatavots no iztur\u012bga alum\u012bnija sakaus\u0113juma un ner\u016bs\u0113jo\u0161\u0101 t\u0113rauda, viegls un kompakts - sver tikai 171 g.","robots":{"index":"index","follow":"follow","max-snippet":"max-snippet:-1","max-image-preview":"max-image-preview:large","max-video-preview":"max-video-preview:-1"},"canonical":"https:\/\/gohike.lv\/ru\/produkts\/firemaple-rock-gazes-deglis\/","og_locale":"ru_RU","og_type":"article","og_title":"FIREMAPLE Rock G\u0101zes deglis - Rock G\u0101zes deglis","og_description":"Izgatavots no iztur\u012bga alum\u012bnija sakaus\u0113juma un ner\u016bs\u0113jo\u0161\u0101 t\u0113rauda, viegls un kompakts - sver tikai 171 g.","og_url":"https:\/\/gohike.lv\/ru\/produkts\/firemaple-rock-gazes-deglis\/","og_site_name":"GoHike","article_publisher":"https:\/\/www.facebook.com\/gohike.shop\/","article_modified_time":"2025-12-30T14:09:53+00:00","og_image":[{"width":300,"height":300,"url":"https:\/\/gohike.lv\/wp-content\/uploads\/2025\/01\/RockStove_-1.jpg","type":"image\/jpeg"}],"twitter_card":"summary_large_image","twitter_title":"FIREMAPLE Rock G\u0101zes deglis - Rock G\u0101zes deglis","twitter_misc":{"\u041f\u0440\u0438\u043c\u0435\u0440\u043d\u043e\u0435 \u0432\u0440\u0435\u043c\u044f \u0434\u043b\u044f \u0447\u0442\u0435\u043d\u0438\u044f":"2 \u043c\u0438\u043d\u0443\u0442\u0430"},"schema":{"@context":"https:\/\/schema.org","@graph":[{"@type":["WebPage","ItemPage"],"@id":"https:\/\/gohike.lv\/ru\/produkts\/firemaple-rock-gazes-deglis\/","url":"https:\/\/gohike.lv\/ru\/produkts\/firemaple-rock-gazes-deglis\/","name":"FIREMAPLE Rock G\u0101zes deglis - Rock G\u0101zes deglis","isPartOf":{"@id":"https:\/\/gohike.lv\/ru\/#website"},"primaryImageOfPage":{"@id":"https:\/\/gohike.lv\/ru\/produkts\/firemaple-rock-gazes-deglis\/#primaryimage"},"image":{"@id":"https:\/\/gohike.lv\/ru\/produkts\/firemaple-rock-gazes-deglis\/#primaryimage"},"thumbnailUrl":"https:\/\/gohike.lv\/wp-content\/uploads\/2025\/01\/RockStove_-1.jpg","datePublished":"2025-01-10T12:27:30+00:00","dateModified":"2025-12-30T14:09:53+00:00","description":"Izgatavots no iztur\u012bga alum\u012bnija sakaus\u0113juma un ner\u016bs\u0113jo\u0161\u0101 t\u0113rauda, viegls un kompakts - sver tikai 171 g.","breadcrumb":{"@id":"https:\/\/gohike.lv\/ru\/produkts\/firemaple-rock-gazes-deglis\/#breadcrumb"},"inLanguage":"ru-RU","potentialAction":[{"@type":"ReadAction","target":["https:\/\/gohike.lv\/ru\/produkts\/firemaple-rock-gazes-deglis\/"]}]},{"@type":"ImageObject","inLanguage":"ru-RU","@id":"https:\/\/gohike.lv\/ru\/produkts\/firemaple-rock-gazes-deglis\/#primaryimage","url":"https:\/\/gohike.lv\/wp-content\/uploads\/2025\/01\/RockStove_-1.jpg","contentUrl":"https:\/\/gohike.lv\/wp-content\/uploads\/2025\/01\/RockStove_-1.jpg","width":300,"height":300},{"@type":"BreadcrumbList","@id":"https:\/\/gohike.lv\/ru\/produkts\/firemaple-rock-gazes-deglis\/#breadcrumb","itemListElement":[{"@type":"ListItem","position":1,"name":"\u0413\u043b\u0430\u0432\u043d\u0430\u044f","item":"https:\/\/gohike.lv\/ru\/"},{"@type":"ListItem","position":2,"name":"\u041a\u0430\u0442\u0435\u0433\u043e\u0440\u0438\u0438 \u0442\u043e\u0432\u0430\u0440\u043e\u0432","item":"https:\/\/gohike.lv\/%d0%ba%d0%b0%d1%82%d0%b5%d0%b3%d0%be%d1%80%d0%b8%d0%b8-%d1%82%d0%be%d0%b2%d0%b0%d1%80%d0%be%d0%b2\/"},{"@type":"ListItem","position":3,"name":"FIREMAPLE &#8211; Rock G\u0101zes deglis"}]},{"@type":"WebSite","@id":"https:\/\/gohike.lv\/ru\/#website","url":"https:\/\/gohike.lv\/ru\/","name":"GoHike","description":"","publisher":{"@id":"https:\/\/gohike.lv\/ru\/#organization"},"potentialAction":[{"@type":"SearchAction","target":{"@type":"EntryPoint","urlTemplate":"https:\/\/gohike.lv\/ru\/?s={search_term_string}"},"query-input":{"@type":"PropertyValueSpecification","valueRequired":true,"valueName":"search_term_string"}}],"inLanguage":"ru-RU"},{"@type":"Organization","@id":"https:\/\/gohike.lv\/ru\/#organization","name":"GoHike","url":"https:\/\/gohike.lv\/ru\/","logo":{"@type":"ImageObject","inLanguage":"ru-RU","@id":"https:\/\/gohike.lv\/ru\/#\/schema\/logo\/image\/","url":"https:\/\/gohike.lv\/wp-content\/uploads\/2023\/08\/Logo_GoHike.webp","contentUrl":"https:\/\/gohike.lv\/wp-content\/uploads\/2023\/08\/Logo_GoHike.webp","width":512,"height":512,"caption":"GoHike"},"image":{"@id":"https:\/\/gohike.lv\/ru\/#\/schema\/logo\/image\/"},"sameAs":["https:\/\/www.facebook.com\/gohike.shop\/","https:\/\/www.instagram.com\/gohike.shop\/"]}]}},"jetpack_sharing_enabled":true,"_links":{"self":[{"href":"https:\/\/gohike.lv\/ru\/wp-json\/wp\/v2\/product\/65309","targetHints":{"allow":["GET"]}}],"collection":[{"href":"https:\/\/gohike.lv\/ru\/wp-json\/wp\/v2\/product"}],"about":[{"href":"https:\/\/gohike.lv\/ru\/wp-json\/wp\/v2\/types\/product"}],"version-history":[{"count":1,"href":"https:\/\/gohike.lv\/ru\/wp-json\/wp\/v2\/product\/65309\/revisions"}],"predecessor-version":[{"id":118872,"href":"https:\/\/gohike.lv\/ru\/wp-json\/wp\/v2\/product\/65309\/revisions\/118872"}],"wp:featuredmedia":[{"embeddable":true,"href":"https:\/\/gohike.lv\/ru\/wp-json\/wp\/v2\/media\/65311"}],"wp:attachment":[{"href":"https:\/\/gohike.lv\/ru\/wp-json\/wp\/v2\/media?parent=65309"}],"wp:term":[{"taxonomy":"product_brand","embeddable":true,"href":"https:\/\/gohike.lv\/ru\/wp-json\/wp\/v2\/product_brand?post=65309"},{"taxonomy":"product_cat","embeddable":true,"href":"https:\/\/gohike.lv\/ru\/wp-json\/wp\/v2\/product_cat?post=65309"},{"taxonomy":"product_tag","embeddable":true,"href":"https:\/\/gohike.lv\/ru\/wp-json\/wp\/v2\/product_tag?post=65309"}],"curies":[{"name":"wp","href":"https:\/\/api.w.org\/{rel}","templated":true}]}}