{"id":65301,"date":"2025-01-10T15:27:30","date_gmt":"2025-01-10T12:27:30","guid":{"rendered":"https:\/\/gohike.lv\/produkts\/firemaple-fms-126-gazes-deglis\/"},"modified":"2025-12-30T17:09:53","modified_gmt":"2025-12-30T14:09:53","slug":"firemaple-fms-126-gazes-deglis","status":"publish","type":"product","link":"https:\/\/gohike.lv\/ru\/produkts\/firemaple-fms-126-gazes-deglis\/","title":{"rendered":"FIREMAPLE &#8212; FMS \u2013 126 G\u0101zes deglis"},"content":{"rendered":"<p>Pateicoties ieb\u016bv\u0113tajam v\u0113ja aizsargam, liesma neizdziest pat v\u0113jainos apst\u0101k\u013cos. G\u0101zes balons un katli nav iek\u013cauti komplekt\u0101cij\u0101.<br \/>\nDetaliz\u0113t\u0101ks apraksts:<br \/>\n\u2022 Kompakts un viegls: ietilpst som\u0101, \u0113rti p\u0101rn\u0113s\u0101jams;<br \/>\n\u2022 Ieb\u016bv\u0113ts v\u0113ja aizsargs: pasarg\u0101 liesmu no v\u0113jainiem laikapst\u0101k\u013ciem;<br \/>\n\u2022 Jaud\u012bgs 3880 W deglis: \u0101tri uzv\u0101r\u012bs \u016bdeni;<br \/>\n\u2022 Stabils tr\u012bspak\u0101pju katlu atbalsts: dro\u0161a atbalsta sist\u0113ma, kas \u013cauj dro\u0161i izmantot katlus;<br \/>\n\u2022 Iek\u013cauts plastmasas uzglab\u0101\u0161anas korpuss: \u0112rta uzglab\u0101\u0161ana un p\u0101rvad\u0101\u0161ana.<br \/>\nSpecifik\u0101cijas:<br \/>\nFunkcijas:<br \/>\n\u2022 Piem\u0113rots vairumam lielo z\u012bmolu g\u0101zes balonu ar EN417 standarta v\u012btni;<br \/>\n\u2022 Maksim\u0101l\u0101 jauda: 2600;<br \/>\n\u2022 Siltuma jauda: 13,000 BTU;<br \/>\n\u2022 Deg\u013ca izm\u0113ri:<br \/>\n\u2022\tSl\u0113gts: \u00d87*8.3 cm;<br \/>\n\u2022\tAtv\u0113rts: \u00d814*9.5 cm;<br \/>\n\u2022\tSvars: 147 g.<br \/>\nKomplekt\u0101 ietilpst:<br \/>\n\u2022 Deglis;<br \/>\n\u2022 Plastmasas uzglab\u0101\u0161anas korpuss 8 x 8 x 10 cm.<br \/>\nPapildu inform\u0101cija:<br \/>\n\u2022 Materi\u0101ls: ner\u016bs\u0113jo\u0161ais t\u0113rauds, alum\u012bnijs;<br \/>\n\u2022 Degviela: G\u0101ze (nav iek\u013cauta);<br \/>\n\u2022 Iedeg\u0161ana: piezoelektriska;<br \/>\n\u2022 Liesmas regul\u0113\u0161ana: j\u0101;<br \/>\n\u2022 Katla atbalsts: tr\u012bspak\u0101pju;<br \/>\n\u2022 Svars: 147 g;<br \/>\n\u2022 Komplekt\u0101cijas izm\u0113rs: \u00d87*8.3 cm;<br \/>\n\u2022 Atv\u0113rts: \u00d814*9.5 cm.<\/p>\n","protected":false},"excerpt":{"rendered":"<p>Fire Maple FMS 126 ir kompakts un viegls (147 g) kempinga deglis, kas izgatavots no ner\u016bs\u0113jo\u0161\u0101 t\u0113rauda un alum\u012bnija, aiz\u0146em \u013coti maz vietas.<\/p>\n","protected":false},"featured_media":65303,"template":"","meta":[],"product_brand":[1080],"product_cat":[951],"product_tag":[],"class_list":{"0":"post-65301","1":"product","2":"type-product","3":"status-publish","4":"has-post-thumbnail","6":"product_brand-firemaple-lv","7":"product_cat-degli-un-degviela","8":"pa_izmeriscm-149-5","9":"pa_jauda-3880w-13000-btu","10":"pa_produkta-tips-degli","11":"pa_saliktas-preces-izmerscm-o78-3","13":"first","14":"instock","15":"taxable","16":"shipping-taxable","17":"purchasable","18":"product-type-simple"},"raw_content":{"name":"FIREMAPLE - FMS \u2013 126 G\u0101zes deglis","description":"Pateicoties ieb\u016bv\u0113tajam v\u0113ja aizsargam, liesma neizdziest pat v\u0113jainos apst\u0101k\u013cos. G\u0101zes balons un katli nav iek\u013cauti komplekt\u0101cij\u0101.\nDetaliz\u0113t\u0101ks apraksts:\n\u2022 Kompakts un viegls: ietilpst som\u0101, \u0113rti p\u0101rn\u0113s\u0101jams;\n\u2022 Ieb\u016bv\u0113ts v\u0113ja aizsargs: pasarg\u0101 liesmu no v\u0113jainiem laikapst\u0101k\u013ciem;\n\u2022 Jaud\u012bgs 3880 W deglis: \u0101tri uzv\u0101r\u012bs \u016bdeni;\n\u2022 Stabils tr\u012bspak\u0101pju katlu atbalsts: dro\u0161a atbalsta sist\u0113ma, kas \u013cauj dro\u0161i izmantot katlus;\n\u2022 Iek\u013cauts plastmasas uzglab\u0101\u0161anas korpuss: \u0112rta uzglab\u0101\u0161ana un p\u0101rvad\u0101\u0161ana.\nSpecifik\u0101cijas:\nFunkcijas:\n\u2022 Piem\u0113rots vairumam lielo z\u012bmolu g\u0101zes balonu ar EN417 standarta v\u012btni;\n\u2022 Maksim\u0101l\u0101 jauda: 2600;\n\u2022 Siltuma jauda: 13,000 BTU;\n\u2022 Deg\u013ca izm\u0113ri:\n\u2022\tSl\u0113gts: \u00d87*8.3 cm;\n\u2022\tAtv\u0113rts: \u00d814*9.5 cm;\n\u2022\tSvars: 147 g.\nKomplekt\u0101 ietilpst:\n\u2022 Deglis;\n\u2022 Plastmasas uzglab\u0101\u0161anas korpuss 8 x 8 x 10 cm.\nPapildu inform\u0101cija:\n\u2022 Materi\u0101ls: ner\u016bs\u0113jo\u0161ais t\u0113rauds, alum\u012bnijs;\n\u2022 Degviela: G\u0101ze (nav iek\u013cauta);\n\u2022 Iedeg\u0161ana: piezoelektriska;\n\u2022 Liesmas regul\u0113\u0161ana: j\u0101;\n\u2022 Katla atbalsts: tr\u012bspak\u0101pju;\n\u2022 Svars: 147 g;\n\u2022 Komplekt\u0101cijas izm\u0113rs: \u00d87*8.3 cm;\n\u2022 Atv\u0113rts: \u00d814*9.5 cm.","short_description":"Fire Maple FMS 126 ir kompakts un viegls (147 g) kempinga deglis, kas izgatavots no ner\u016bs\u0113jo\u0161\u0101 t\u0113rauda un alum\u012bnija, aiz\u0146em \u013coti maz vietas.","status":"publish","sku":"6971490125877","original":65301},"wpml":{"translation_type":1,"has_translations":true,"original":65301,"duplicates":[],"translations":{"lv":65301,"en":66793,"ru":null}},"supplier_id":null,"supplier_sku":"","barcode":null,"atum_controlled":true,"out_stock_date":null,"out_stock_threshold":null,"inheritable":false,"inbound_stock":0,"stock_on_hold":0,"sold_today":0,"sales_last_days":0,"reserved_stock":0,"customer_returns":0,"warehouse_damage":0,"lost_in_post":0,"other_logs":0,"out_stock_days":0,"lost_sales":0,"has_location":false,"update_date":"2025-12-30T14:13:25","atum_locations":[],"atum_stock_status":"instock","restock_status":false,"low_stock_amount":"","sales_update_date":"2025-11-13T14:09:00","calc_backorders":null,"yoast_head":"<!-- This site is optimized with the Yoast SEO plugin v27.3 - https:\/\/yoast.com\/product\/yoast-seo-wordpress\/ -->\n<title>FIREMAPLE FMS \u2013 126 G\u0101zes deglis - FMS \u2013 126 G\u0101zes deglis<\/title>\n<meta name=\"description\" content=\"Fire Maple FMS 126 ir kompakts un viegls (147 g) kempinga deglis, kas izgatavots no ner\u016bs\u0113jo\u0161\u0101 t\u0113rauda un alum\u012bnija, aiz\u0146em \u013coti maz vietas.\" \/>\n<meta name=\"robots\" content=\"index, follow, max-snippet:-1, max-image-preview:large, max-video-preview:-1\" \/>\n<link rel=\"canonical\" href=\"https:\/\/gohike.lv\/ru\/produkts\/firemaple-fms-126-gazes-deglis\/\" \/>\n<meta property=\"og:locale\" content=\"ru_RU\" \/>\n<meta property=\"og:type\" content=\"article\" \/>\n<meta property=\"og:title\" content=\"FIREMAPLE FMS \u2013 126 G\u0101zes deglis - FMS \u2013 126 G\u0101zes deglis\" \/>\n<meta property=\"og:description\" content=\"Fire Maple FMS 126 ir kompakts un viegls (147 g) kempinga deglis, kas izgatavots no ner\u016bs\u0113jo\u0161\u0101 t\u0113rauda un alum\u012bnija, aiz\u0146em \u013coti maz vietas.\" \/>\n<meta property=\"og:url\" content=\"https:\/\/gohike.lv\/ru\/produkts\/firemaple-fms-126-gazes-deglis\/\" \/>\n<meta property=\"og:site_name\" content=\"GoHike\" \/>\n<meta property=\"article:publisher\" content=\"https:\/\/www.facebook.com\/gohike.shop\/\" \/>\n<meta property=\"article:modified_time\" content=\"2025-12-30T14:09:53+00:00\" \/>\n<meta property=\"og:image\" content=\"https:\/\/gohike.lv\/wp-content\/uploads\/2025\/01\/FMS126_-1.jpg\" \/>\n\t<meta property=\"og:image:width\" content=\"800\" \/>\n\t<meta property=\"og:image:height\" content=\"800\" \/>\n\t<meta property=\"og:image:type\" content=\"image\/jpeg\" \/>\n<meta name=\"twitter:card\" content=\"summary_large_image\" \/>\n<meta name=\"twitter:title\" content=\"FIREMAPLE FMS \u2013 126 G\u0101zes deglis - FMS \u2013 126 G\u0101zes deglis\" \/>\n<meta name=\"twitter:label1\" content=\"\u041f\u0440\u0438\u043c\u0435\u0440\u043d\u043e\u0435 \u0432\u0440\u0435\u043c\u044f \u0434\u043b\u044f \u0447\u0442\u0435\u043d\u0438\u044f\" \/>\n\t<meta name=\"twitter:data1\" content=\"2 \u043c\u0438\u043d\u0443\u0442\u0430\" \/>\n<script type=\"application\/ld+json\" class=\"yoast-schema-graph\">{\"@context\":\"https:\\\/\\\/schema.org\",\"@graph\":[{\"@type\":[\"WebPage\",\"ItemPage\"],\"@id\":\"https:\\\/\\\/gohike.lv\\\/ru\\\/produkts\\\/firemaple-fms-126-gazes-deglis\\\/\",\"url\":\"https:\\\/\\\/gohike.lv\\\/ru\\\/produkts\\\/firemaple-fms-126-gazes-deglis\\\/\",\"name\":\"FIREMAPLE FMS \u2013 126 G\u0101zes deglis - FMS \u2013 126 G\u0101zes deglis\",\"isPartOf\":{\"@id\":\"https:\\\/\\\/gohike.lv\\\/ru\\\/#website\"},\"primaryImageOfPage\":{\"@id\":\"https:\\\/\\\/gohike.lv\\\/ru\\\/produkts\\\/firemaple-fms-126-gazes-deglis\\\/#primaryimage\"},\"image\":{\"@id\":\"https:\\\/\\\/gohike.lv\\\/ru\\\/produkts\\\/firemaple-fms-126-gazes-deglis\\\/#primaryimage\"},\"thumbnailUrl\":\"https:\\\/\\\/gohike.lv\\\/wp-content\\\/uploads\\\/2025\\\/01\\\/FMS126_-1.jpg\",\"datePublished\":\"2025-01-10T12:27:30+00:00\",\"dateModified\":\"2025-12-30T14:09:53+00:00\",\"description\":\"Fire Maple FMS 126 ir kompakts un viegls (147 g) kempinga deglis, kas izgatavots no ner\u016bs\u0113jo\u0161\u0101 t\u0113rauda un alum\u012bnija, aiz\u0146em \u013coti maz vietas.\",\"breadcrumb\":{\"@id\":\"https:\\\/\\\/gohike.lv\\\/ru\\\/produkts\\\/firemaple-fms-126-gazes-deglis\\\/#breadcrumb\"},\"inLanguage\":\"ru-RU\",\"potentialAction\":[{\"@type\":\"ReadAction\",\"target\":[\"https:\\\/\\\/gohike.lv\\\/ru\\\/produkts\\\/firemaple-fms-126-gazes-deglis\\\/\"]}]},{\"@type\":\"ImageObject\",\"inLanguage\":\"ru-RU\",\"@id\":\"https:\\\/\\\/gohike.lv\\\/ru\\\/produkts\\\/firemaple-fms-126-gazes-deglis\\\/#primaryimage\",\"url\":\"https:\\\/\\\/gohike.lv\\\/wp-content\\\/uploads\\\/2025\\\/01\\\/FMS126_-1.jpg\",\"contentUrl\":\"https:\\\/\\\/gohike.lv\\\/wp-content\\\/uploads\\\/2025\\\/01\\\/FMS126_-1.jpg\",\"width\":800,\"height\":800},{\"@type\":\"BreadcrumbList\",\"@id\":\"https:\\\/\\\/gohike.lv\\\/ru\\\/produkts\\\/firemaple-fms-126-gazes-deglis\\\/#breadcrumb\",\"itemListElement\":[{\"@type\":\"ListItem\",\"position\":1,\"name\":\"\u0413\u043b\u0430\u0432\u043d\u0430\u044f\",\"item\":\"https:\\\/\\\/gohike.lv\\\/ru\\\/\"},{\"@type\":\"ListItem\",\"position\":2,\"name\":\"\u041a\u0430\u0442\u0435\u0433\u043e\u0440\u0438\u0438 \u0442\u043e\u0432\u0430\u0440\u043e\u0432\",\"item\":\"https:\\\/\\\/gohike.lv\\\/%d0%ba%d0%b0%d1%82%d0%b5%d0%b3%d0%be%d1%80%d0%b8%d0%b8-%d1%82%d0%be%d0%b2%d0%b0%d1%80%d0%be%d0%b2\\\/\"},{\"@type\":\"ListItem\",\"position\":3,\"name\":\"FIREMAPLE &#8211; FMS \u2013 126 G\u0101zes deglis\"}]},{\"@type\":\"WebSite\",\"@id\":\"https:\\\/\\\/gohike.lv\\\/ru\\\/#website\",\"url\":\"https:\\\/\\\/gohike.lv\\\/ru\\\/\",\"name\":\"GoHike\",\"description\":\"\",\"publisher\":{\"@id\":\"https:\\\/\\\/gohike.lv\\\/ru\\\/#organization\"},\"potentialAction\":[{\"@type\":\"SearchAction\",\"target\":{\"@type\":\"EntryPoint\",\"urlTemplate\":\"https:\\\/\\\/gohike.lv\\\/ru\\\/?s={search_term_string}\"},\"query-input\":{\"@type\":\"PropertyValueSpecification\",\"valueRequired\":true,\"valueName\":\"search_term_string\"}}],\"inLanguage\":\"ru-RU\"},{\"@type\":\"Organization\",\"@id\":\"https:\\\/\\\/gohike.lv\\\/ru\\\/#organization\",\"name\":\"GoHike\",\"url\":\"https:\\\/\\\/gohike.lv\\\/ru\\\/\",\"logo\":{\"@type\":\"ImageObject\",\"inLanguage\":\"ru-RU\",\"@id\":\"https:\\\/\\\/gohike.lv\\\/ru\\\/#\\\/schema\\\/logo\\\/image\\\/\",\"url\":\"https:\\\/\\\/gohike.lv\\\/wp-content\\\/uploads\\\/2023\\\/08\\\/Logo_GoHike.webp\",\"contentUrl\":\"https:\\\/\\\/gohike.lv\\\/wp-content\\\/uploads\\\/2023\\\/08\\\/Logo_GoHike.webp\",\"width\":512,\"height\":512,\"caption\":\"GoHike\"},\"image\":{\"@id\":\"https:\\\/\\\/gohike.lv\\\/ru\\\/#\\\/schema\\\/logo\\\/image\\\/\"},\"sameAs\":[\"https:\\\/\\\/www.facebook.com\\\/gohike.shop\\\/\",\"https:\\\/\\\/www.instagram.com\\\/gohike.shop\\\/\"]}]}<\/script>\n<!-- \/ Yoast SEO plugin. -->","yoast_head_json":{"title":"FIREMAPLE FMS \u2013 126 G\u0101zes deglis - FMS \u2013 126 G\u0101zes deglis","description":"Fire Maple FMS 126 ir kompakts un viegls (147 g) kempinga deglis, kas izgatavots no ner\u016bs\u0113jo\u0161\u0101 t\u0113rauda un alum\u012bnija, aiz\u0146em \u013coti maz vietas.","robots":{"index":"index","follow":"follow","max-snippet":"max-snippet:-1","max-image-preview":"max-image-preview:large","max-video-preview":"max-video-preview:-1"},"canonical":"https:\/\/gohike.lv\/ru\/produkts\/firemaple-fms-126-gazes-deglis\/","og_locale":"ru_RU","og_type":"article","og_title":"FIREMAPLE FMS \u2013 126 G\u0101zes deglis - FMS \u2013 126 G\u0101zes deglis","og_description":"Fire Maple FMS 126 ir kompakts un viegls (147 g) kempinga deglis, kas izgatavots no ner\u016bs\u0113jo\u0161\u0101 t\u0113rauda un alum\u012bnija, aiz\u0146em \u013coti maz vietas.","og_url":"https:\/\/gohike.lv\/ru\/produkts\/firemaple-fms-126-gazes-deglis\/","og_site_name":"GoHike","article_publisher":"https:\/\/www.facebook.com\/gohike.shop\/","article_modified_time":"2025-12-30T14:09:53+00:00","og_image":[{"width":800,"height":800,"url":"https:\/\/gohike.lv\/wp-content\/uploads\/2025\/01\/FMS126_-1.jpg","type":"image\/jpeg"}],"twitter_card":"summary_large_image","twitter_title":"FIREMAPLE FMS \u2013 126 G\u0101zes deglis - FMS \u2013 126 G\u0101zes deglis","twitter_misc":{"\u041f\u0440\u0438\u043c\u0435\u0440\u043d\u043e\u0435 \u0432\u0440\u0435\u043c\u044f \u0434\u043b\u044f \u0447\u0442\u0435\u043d\u0438\u044f":"2 \u043c\u0438\u043d\u0443\u0442\u0430"},"schema":{"@context":"https:\/\/schema.org","@graph":[{"@type":["WebPage","ItemPage"],"@id":"https:\/\/gohike.lv\/ru\/produkts\/firemaple-fms-126-gazes-deglis\/","url":"https:\/\/gohike.lv\/ru\/produkts\/firemaple-fms-126-gazes-deglis\/","name":"FIREMAPLE FMS \u2013 126 G\u0101zes deglis - FMS \u2013 126 G\u0101zes deglis","isPartOf":{"@id":"https:\/\/gohike.lv\/ru\/#website"},"primaryImageOfPage":{"@id":"https:\/\/gohike.lv\/ru\/produkts\/firemaple-fms-126-gazes-deglis\/#primaryimage"},"image":{"@id":"https:\/\/gohike.lv\/ru\/produkts\/firemaple-fms-126-gazes-deglis\/#primaryimage"},"thumbnailUrl":"https:\/\/gohike.lv\/wp-content\/uploads\/2025\/01\/FMS126_-1.jpg","datePublished":"2025-01-10T12:27:30+00:00","dateModified":"2025-12-30T14:09:53+00:00","description":"Fire Maple FMS 126 ir kompakts un viegls (147 g) kempinga deglis, kas izgatavots no ner\u016bs\u0113jo\u0161\u0101 t\u0113rauda un alum\u012bnija, aiz\u0146em \u013coti maz vietas.","breadcrumb":{"@id":"https:\/\/gohike.lv\/ru\/produkts\/firemaple-fms-126-gazes-deglis\/#breadcrumb"},"inLanguage":"ru-RU","potentialAction":[{"@type":"ReadAction","target":["https:\/\/gohike.lv\/ru\/produkts\/firemaple-fms-126-gazes-deglis\/"]}]},{"@type":"ImageObject","inLanguage":"ru-RU","@id":"https:\/\/gohike.lv\/ru\/produkts\/firemaple-fms-126-gazes-deglis\/#primaryimage","url":"https:\/\/gohike.lv\/wp-content\/uploads\/2025\/01\/FMS126_-1.jpg","contentUrl":"https:\/\/gohike.lv\/wp-content\/uploads\/2025\/01\/FMS126_-1.jpg","width":800,"height":800},{"@type":"BreadcrumbList","@id":"https:\/\/gohike.lv\/ru\/produkts\/firemaple-fms-126-gazes-deglis\/#breadcrumb","itemListElement":[{"@type":"ListItem","position":1,"name":"\u0413\u043b\u0430\u0432\u043d\u0430\u044f","item":"https:\/\/gohike.lv\/ru\/"},{"@type":"ListItem","position":2,"name":"\u041a\u0430\u0442\u0435\u0433\u043e\u0440\u0438\u0438 \u0442\u043e\u0432\u0430\u0440\u043e\u0432","item":"https:\/\/gohike.lv\/%d0%ba%d0%b0%d1%82%d0%b5%d0%b3%d0%be%d1%80%d0%b8%d0%b8-%d1%82%d0%be%d0%b2%d0%b0%d1%80%d0%be%d0%b2\/"},{"@type":"ListItem","position":3,"name":"FIREMAPLE &#8211; FMS \u2013 126 G\u0101zes deglis"}]},{"@type":"WebSite","@id":"https:\/\/gohike.lv\/ru\/#website","url":"https:\/\/gohike.lv\/ru\/","name":"GoHike","description":"","publisher":{"@id":"https:\/\/gohike.lv\/ru\/#organization"},"potentialAction":[{"@type":"SearchAction","target":{"@type":"EntryPoint","urlTemplate":"https:\/\/gohike.lv\/ru\/?s={search_term_string}"},"query-input":{"@type":"PropertyValueSpecification","valueRequired":true,"valueName":"search_term_string"}}],"inLanguage":"ru-RU"},{"@type":"Organization","@id":"https:\/\/gohike.lv\/ru\/#organization","name":"GoHike","url":"https:\/\/gohike.lv\/ru\/","logo":{"@type":"ImageObject","inLanguage":"ru-RU","@id":"https:\/\/gohike.lv\/ru\/#\/schema\/logo\/image\/","url":"https:\/\/gohike.lv\/wp-content\/uploads\/2023\/08\/Logo_GoHike.webp","contentUrl":"https:\/\/gohike.lv\/wp-content\/uploads\/2023\/08\/Logo_GoHike.webp","width":512,"height":512,"caption":"GoHike"},"image":{"@id":"https:\/\/gohike.lv\/ru\/#\/schema\/logo\/image\/"},"sameAs":["https:\/\/www.facebook.com\/gohike.shop\/","https:\/\/www.instagram.com\/gohike.shop\/"]}]}},"jetpack_sharing_enabled":true,"_links":{"self":[{"href":"https:\/\/gohike.lv\/ru\/wp-json\/wp\/v2\/product\/65301","targetHints":{"allow":["GET"]}}],"collection":[{"href":"https:\/\/gohike.lv\/ru\/wp-json\/wp\/v2\/product"}],"about":[{"href":"https:\/\/gohike.lv\/ru\/wp-json\/wp\/v2\/types\/product"}],"version-history":[{"count":1,"href":"https:\/\/gohike.lv\/ru\/wp-json\/wp\/v2\/product\/65301\/revisions"}],"predecessor-version":[{"id":118929,"href":"https:\/\/gohike.lv\/ru\/wp-json\/wp\/v2\/product\/65301\/revisions\/118929"}],"wp:featuredmedia":[{"embeddable":true,"href":"https:\/\/gohike.lv\/ru\/wp-json\/wp\/v2\/media\/65303"}],"wp:attachment":[{"href":"https:\/\/gohike.lv\/ru\/wp-json\/wp\/v2\/media?parent=65301"}],"wp:term":[{"taxonomy":"product_brand","embeddable":true,"href":"https:\/\/gohike.lv\/ru\/wp-json\/wp\/v2\/product_brand?post=65301"},{"taxonomy":"product_cat","embeddable":true,"href":"https:\/\/gohike.lv\/ru\/wp-json\/wp\/v2\/product_cat?post=65301"},{"taxonomy":"product_tag","embeddable":true,"href":"https:\/\/gohike.lv\/ru\/wp-json\/wp\/v2\/product_tag?post=65301"}],"curies":[{"name":"wp","href":"https:\/\/api.w.org\/{rel}","templated":true}]}}