{"id":65287,"date":"2025-01-10T15:26:34","date_gmt":"2025-01-10T12:26:34","guid":{"rendered":"https:\/\/gohike.lv\/produkts\/firemaple-feast-5-aluminija-kempinga-trauku-komplekts\/"},"modified":"2025-12-30T17:24:26","modified_gmt":"2025-12-30T14:24:26","slug":"firemaple-feast-5-aluminija-kempinga-trauku-komplekts","status":"publish","type":"product","link":"https:\/\/gohike.lv\/ru\/produkts\/firemaple-feast-5-aluminija-kempinga-trauku-komplekts\/","title":{"rendered":"FIREMAPLE &#8212; Feast 5 Alum\u012bnija kempinga trauku komplekts"},"content":{"rendered":"<p>Produkta deta\u013cas:<br \/>\n\u2022 9 DA\u013bU KOMPLEKTS: ietver 3 katlus (2L, 1,5L un 0,8L), cep\u0161anas pannu (0,9L), 2 b\u013codas, l\u0101psti\u0146u, s\u016bkli un sieta maisi\u0146u ar dren\u0101\u017eas v\u0101ku katliem;<br \/>\n\u2022 IZTUR\u012aGS UN VIEGLI T\u012aR\u0100MS: izgatavots no ciet\u0101 anod\u0113t\u0101 alum\u012bnija un ner\u016bs\u0113jo\u0161\u0101 t\u0113rauda, l\u012bdzsvarojot vieglo dizainu ar iztur\u012bbu, kas piem\u0113rots \u0113diena gatavo\u0161anai \u0101r\u0101;<br \/>\n\u2022 KOMPAKTS UN P\u0100RNES\u0100JAMS: ar salok\u0101miem rokturiem, visi priek\u0161meti saliekas viens otr\u0101, lai nodro\u0161in\u0101tu dro\u0161u, kompaktu uzglab\u0101\u0161anu. Svars tikai 1034 g, ide\u0101li piem\u0113rots 3-5 cilv\u0113kiem;<br \/>\n\u2022 IDE\u0100LS KOMPLEKTS P\u0100RG\u0100JIENIEM UN VASARAS CE\u013bOJUMIEM: \u0161is komplekts atrisin\u0101s visas \u0113diena gatavo\u0161anas probl\u0113mas \u2013 tas ir ide\u0101ls risin\u0101jums ned\u0113\u013cas nogales ce\u013cojumiem. Katls ir ar\u012b atsevi\u0161\u0137i lietojams atkar\u012bb\u0101 no ce\u013cojuma vajadz\u012bb\u0101m;<br \/>\n\u2022 SALOK\u0100MI ROKTURI AR BLO\u0136\u0112\u0160ANAS FUNKCIJU: rokturi ar blo\u0137\u0113\u0161anas funkciju garant\u0113 \u0113rtu un dro\u0161u \u0113diena gatavo\u0161anu \u0101rpus telp\u0101m.<br \/>\nMateri\u0101ls: cietais anod\u0113tais alum\u012bnijs, ner\u016bs\u0113jo\u0161ais t\u0113rauds, ABS, PP.<br \/>\nSvars: 1034 g.<br \/>\nIzm\u0113ri un tilpums:<br \/>\n\u2022\t14.6*7.5 cm | 0.8L;<br \/>\n\u2022\t16.8*9.8 cm | 1.5L;<br \/>\n\u2022\t18.8*11.8 cm | 2L;<br \/>\n\u2022\t19.4*4.2 cm | 0.9L.<\/p>\n","protected":false},"excerpt":{"rendered":"<p>9 piederumu komplekts: ietver 3 katlus (2L, 1,5L un 0,8L), cep\u0161anas pannu (0,9L), 2 b\u013codas, l\u0101psti\u0146u, s\u016bkli un sieta maisi\u0146u ar dren\u0101\u017eas v\u0101ku katliem.<\/p>\n","protected":false},"featured_media":65289,"template":"","meta":[],"product_brand":[1080],"product_cat":[1012],"product_tag":[],"class_list":{"0":"post-65287","1":"product","2":"type-product","3":"status-publish","4":"has-post-thumbnail","6":"product_brand-firemaple-lv","7":"product_cat-virtuves-piederumi","8":"pa_produkta-tips-katli-un-pannas","10":"first","11":"instock","12":"taxable","13":"shipping-taxable","14":"purchasable","15":"product-type-simple"},"raw_content":{"name":"FIREMAPLE - Feast 5 Alum\u012bnija kempinga trauku komplekts","description":"Produkta deta\u013cas:\n\u2022 9 DA\u013bU KOMPLEKTS: ietver 3 katlus (2L, 1,5L un 0,8L), cep\u0161anas pannu (0,9L), 2 b\u013codas, l\u0101psti\u0146u, s\u016bkli un sieta maisi\u0146u ar dren\u0101\u017eas v\u0101ku katliem;\n\u2022 IZTUR\u012aGS UN VIEGLI T\u012aR\u0100MS: izgatavots no ciet\u0101 anod\u0113t\u0101 alum\u012bnija un ner\u016bs\u0113jo\u0161\u0101 t\u0113rauda, l\u012bdzsvarojot vieglo dizainu ar iztur\u012bbu, kas piem\u0113rots \u0113diena gatavo\u0161anai \u0101r\u0101;\n\u2022 KOMPAKTS UN P\u0100RNES\u0100JAMS: ar salok\u0101miem rokturiem, visi priek\u0161meti saliekas viens otr\u0101, lai nodro\u0161in\u0101tu dro\u0161u, kompaktu uzglab\u0101\u0161anu. Svars tikai 1034 g, ide\u0101li piem\u0113rots 3-5 cilv\u0113kiem;\n\u2022 IDE\u0100LS KOMPLEKTS P\u0100RG\u0100JIENIEM UN VASARAS CE\u013bOJUMIEM: \u0161is komplekts atrisin\u0101s visas \u0113diena gatavo\u0161anas probl\u0113mas \u2013 tas ir ide\u0101ls risin\u0101jums ned\u0113\u013cas nogales ce\u013cojumiem. Katls ir ar\u012b atsevi\u0161\u0137i lietojams atkar\u012bb\u0101 no ce\u013cojuma vajadz\u012bb\u0101m;\n\u2022 SALOK\u0100MI ROKTURI AR BLO\u0136\u0112\u0160ANAS FUNKCIJU: rokturi ar blo\u0137\u0113\u0161anas funkciju garant\u0113 \u0113rtu un dro\u0161u \u0113diena gatavo\u0161anu \u0101rpus telp\u0101m.\nMateri\u0101ls: cietais anod\u0113tais alum\u012bnijs, ner\u016bs\u0113jo\u0161ais t\u0113rauds, ABS, PP.\nSvars: 1034 g.\nIzm\u0113ri un tilpums:\n\u2022\t14.6*7.5 cm | 0.8L;\n\u2022\t16.8*9.8 cm | 1.5L;\n\u2022\t18.8*11.8 cm | 2L;\n\u2022\t19.4*4.2 cm | 0.9L.","short_description":"9 piederumu komplekts: ietver 3 katlus (2L, 1,5L un 0,8L), cep\u0161anas pannu (0,9L), 2 b\u013codas, l\u0101psti\u0146u, s\u016bkli un sieta maisi\u0146u ar dren\u0101\u017eas v\u0101ku katliem.","status":"publish","sku":"6971490126379","original":65287},"wpml":{"translation_type":1,"has_translations":true,"original":65287,"duplicates":[],"translations":{"lv":65287,"en":66798,"ru":null}},"supplier_id":null,"supplier_sku":"","barcode":null,"atum_controlled":true,"out_stock_date":null,"out_stock_threshold":null,"inheritable":false,"inbound_stock":0,"stock_on_hold":0,"sold_today":0,"sales_last_days":0,"reserved_stock":0,"customer_returns":0,"warehouse_damage":0,"lost_in_post":0,"other_logs":0,"out_stock_days":0,"lost_sales":0,"has_location":false,"update_date":"2025-12-30T14:30:30","atum_locations":[],"atum_stock_status":"instock","restock_status":false,"low_stock_amount":"","sales_update_date":"2025-11-13T14:08:06","calc_backorders":null,"yoast_head":"<!-- This site is optimized with the Yoast SEO plugin v27.3 - https:\/\/yoast.com\/product\/yoast-seo-wordpress\/ -->\n<title>FIREMAPLE Feast 5 Alum\u012bnija kempinga trauku komplekts - Feast 5 alum\u012bnija kempinga trauku komplekts<\/title>\n<meta name=\"description\" content=\"9 piederumu komplekts: ietver 3 katlus (2L, 1,5L un 0,8L), cep\u0161anas pannu (0,9L), 2 b\u013codas, l\u0101psti\u0146u, s\u016bkli un sieta maisi\u0146u ar dren\u0101\u017eas v\u0101ku katliem.\" \/>\n<meta name=\"robots\" content=\"index, follow, max-snippet:-1, max-image-preview:large, max-video-preview:-1\" \/>\n<link rel=\"canonical\" href=\"https:\/\/gohike.lv\/ru\/produkts\/firemaple-feast-5-aluminija-kempinga-trauku-komplekts\/\" \/>\n<meta property=\"og:locale\" content=\"ru_RU\" \/>\n<meta property=\"og:type\" content=\"article\" \/>\n<meta property=\"og:title\" content=\"FIREMAPLE Feast 5 Alum\u012bnija kempinga trauku komplekts - Feast 5 alum\u012bnija kempinga trauku komplekts\" \/>\n<meta property=\"og:description\" content=\"9 piederumu komplekts: ietver 3 katlus (2L, 1,5L un 0,8L), cep\u0161anas pannu (0,9L), 2 b\u013codas, l\u0101psti\u0146u, s\u016bkli un sieta maisi\u0146u ar dren\u0101\u017eas v\u0101ku katliem.\" \/>\n<meta property=\"og:url\" content=\"https:\/\/gohike.lv\/ru\/produkts\/firemaple-feast-5-aluminija-kempinga-trauku-komplekts\/\" \/>\n<meta property=\"og:site_name\" content=\"GoHike\" \/>\n<meta property=\"article:publisher\" content=\"https:\/\/www.facebook.com\/gohike.shop\/\" \/>\n<meta property=\"article:modified_time\" content=\"2025-12-30T14:24:26+00:00\" \/>\n<meta property=\"og:image\" content=\"https:\/\/gohike.lv\/wp-content\/uploads\/2025\/01\/Feast5_-1.webp\" \/>\n\t<meta property=\"og:image:width\" content=\"800\" \/>\n\t<meta property=\"og:image:height\" content=\"800\" \/>\n\t<meta property=\"og:image:type\" content=\"image\/webp\" \/>\n<meta name=\"twitter:card\" content=\"summary_large_image\" \/>\n<meta name=\"twitter:title\" content=\"FIREMAPLE Feast 5 Alum\u012bnija kempinga trauku komplekts - Feast 5 alum\u012bnija kempinga trauku komplekts\" \/>\n<meta name=\"twitter:label1\" content=\"\u041f\u0440\u0438\u043c\u0435\u0440\u043d\u043e\u0435 \u0432\u0440\u0435\u043c\u044f \u0434\u043b\u044f \u0447\u0442\u0435\u043d\u0438\u044f\" \/>\n\t<meta name=\"twitter:data1\" content=\"2 \u043c\u0438\u043d\u0443\u0442\u0430\" \/>\n<script type=\"application\/ld+json\" class=\"yoast-schema-graph\">{\"@context\":\"https:\\\/\\\/schema.org\",\"@graph\":[{\"@type\":[\"WebPage\",\"ItemPage\"],\"@id\":\"https:\\\/\\\/gohike.lv\\\/ru\\\/produkts\\\/firemaple-feast-5-aluminija-kempinga-trauku-komplekts\\\/\",\"url\":\"https:\\\/\\\/gohike.lv\\\/ru\\\/produkts\\\/firemaple-feast-5-aluminija-kempinga-trauku-komplekts\\\/\",\"name\":\"FIREMAPLE Feast 5 Alum\u012bnija kempinga trauku komplekts - Feast 5 alum\u012bnija kempinga trauku komplekts\",\"isPartOf\":{\"@id\":\"https:\\\/\\\/gohike.lv\\\/ru\\\/#website\"},\"primaryImageOfPage\":{\"@id\":\"https:\\\/\\\/gohike.lv\\\/ru\\\/produkts\\\/firemaple-feast-5-aluminija-kempinga-trauku-komplekts\\\/#primaryimage\"},\"image\":{\"@id\":\"https:\\\/\\\/gohike.lv\\\/ru\\\/produkts\\\/firemaple-feast-5-aluminija-kempinga-trauku-komplekts\\\/#primaryimage\"},\"thumbnailUrl\":\"https:\\\/\\\/gohike.lv\\\/wp-content\\\/uploads\\\/2025\\\/01\\\/Feast5_-1.webp\",\"datePublished\":\"2025-01-10T12:26:34+00:00\",\"dateModified\":\"2025-12-30T14:24:26+00:00\",\"description\":\"9 piederumu komplekts: ietver 3 katlus (2L, 1,5L un 0,8L), cep\u0161anas pannu (0,9L), 2 b\u013codas, l\u0101psti\u0146u, s\u016bkli un sieta maisi\u0146u ar dren\u0101\u017eas v\u0101ku katliem.\",\"breadcrumb\":{\"@id\":\"https:\\\/\\\/gohike.lv\\\/ru\\\/produkts\\\/firemaple-feast-5-aluminija-kempinga-trauku-komplekts\\\/#breadcrumb\"},\"inLanguage\":\"ru-RU\",\"potentialAction\":[{\"@type\":\"ReadAction\",\"target\":[\"https:\\\/\\\/gohike.lv\\\/ru\\\/produkts\\\/firemaple-feast-5-aluminija-kempinga-trauku-komplekts\\\/\"]}]},{\"@type\":\"ImageObject\",\"inLanguage\":\"ru-RU\",\"@id\":\"https:\\\/\\\/gohike.lv\\\/ru\\\/produkts\\\/firemaple-feast-5-aluminija-kempinga-trauku-komplekts\\\/#primaryimage\",\"url\":\"https:\\\/\\\/gohike.lv\\\/wp-content\\\/uploads\\\/2025\\\/01\\\/Feast5_-1.webp\",\"contentUrl\":\"https:\\\/\\\/gohike.lv\\\/wp-content\\\/uploads\\\/2025\\\/01\\\/Feast5_-1.webp\",\"width\":800,\"height\":800},{\"@type\":\"BreadcrumbList\",\"@id\":\"https:\\\/\\\/gohike.lv\\\/ru\\\/produkts\\\/firemaple-feast-5-aluminija-kempinga-trauku-komplekts\\\/#breadcrumb\",\"itemListElement\":[{\"@type\":\"ListItem\",\"position\":1,\"name\":\"\u0413\u043b\u0430\u0432\u043d\u0430\u044f\",\"item\":\"https:\\\/\\\/gohike.lv\\\/ru\\\/\"},{\"@type\":\"ListItem\",\"position\":2,\"name\":\"\u041a\u0430\u0442\u0435\u0433\u043e\u0440\u0438\u0438 \u0442\u043e\u0432\u0430\u0440\u043e\u0432\",\"item\":\"https:\\\/\\\/gohike.lv\\\/%d0%ba%d0%b0%d1%82%d0%b5%d0%b3%d0%be%d1%80%d0%b8%d0%b8-%d1%82%d0%be%d0%b2%d0%b0%d1%80%d0%be%d0%b2\\\/\"},{\"@type\":\"ListItem\",\"position\":3,\"name\":\"FIREMAPLE &#8211; Feast 5 Alum\u012bnija kempinga trauku komplekts\"}]},{\"@type\":\"WebSite\",\"@id\":\"https:\\\/\\\/gohike.lv\\\/ru\\\/#website\",\"url\":\"https:\\\/\\\/gohike.lv\\\/ru\\\/\",\"name\":\"GoHike\",\"description\":\"\",\"publisher\":{\"@id\":\"https:\\\/\\\/gohike.lv\\\/ru\\\/#organization\"},\"potentialAction\":[{\"@type\":\"SearchAction\",\"target\":{\"@type\":\"EntryPoint\",\"urlTemplate\":\"https:\\\/\\\/gohike.lv\\\/ru\\\/?s={search_term_string}\"},\"query-input\":{\"@type\":\"PropertyValueSpecification\",\"valueRequired\":true,\"valueName\":\"search_term_string\"}}],\"inLanguage\":\"ru-RU\"},{\"@type\":\"Organization\",\"@id\":\"https:\\\/\\\/gohike.lv\\\/ru\\\/#organization\",\"name\":\"GoHike\",\"url\":\"https:\\\/\\\/gohike.lv\\\/ru\\\/\",\"logo\":{\"@type\":\"ImageObject\",\"inLanguage\":\"ru-RU\",\"@id\":\"https:\\\/\\\/gohike.lv\\\/ru\\\/#\\\/schema\\\/logo\\\/image\\\/\",\"url\":\"https:\\\/\\\/gohike.lv\\\/wp-content\\\/uploads\\\/2023\\\/08\\\/Logo_GoHike.webp\",\"contentUrl\":\"https:\\\/\\\/gohike.lv\\\/wp-content\\\/uploads\\\/2023\\\/08\\\/Logo_GoHike.webp\",\"width\":512,\"height\":512,\"caption\":\"GoHike\"},\"image\":{\"@id\":\"https:\\\/\\\/gohike.lv\\\/ru\\\/#\\\/schema\\\/logo\\\/image\\\/\"},\"sameAs\":[\"https:\\\/\\\/www.facebook.com\\\/gohike.shop\\\/\",\"https:\\\/\\\/www.instagram.com\\\/gohike.shop\\\/\"]}]}<\/script>\n<!-- \/ Yoast SEO plugin. -->","yoast_head_json":{"title":"FIREMAPLE Feast 5 Alum\u012bnija kempinga trauku komplekts - Feast 5 alum\u012bnija kempinga trauku komplekts","description":"9 piederumu komplekts: ietver 3 katlus (2L, 1,5L un 0,8L), cep\u0161anas pannu (0,9L), 2 b\u013codas, l\u0101psti\u0146u, s\u016bkli un sieta maisi\u0146u ar dren\u0101\u017eas v\u0101ku katliem.","robots":{"index":"index","follow":"follow","max-snippet":"max-snippet:-1","max-image-preview":"max-image-preview:large","max-video-preview":"max-video-preview:-1"},"canonical":"https:\/\/gohike.lv\/ru\/produkts\/firemaple-feast-5-aluminija-kempinga-trauku-komplekts\/","og_locale":"ru_RU","og_type":"article","og_title":"FIREMAPLE Feast 5 Alum\u012bnija kempinga trauku komplekts - Feast 5 alum\u012bnija kempinga trauku komplekts","og_description":"9 piederumu komplekts: ietver 3 katlus (2L, 1,5L un 0,8L), cep\u0161anas pannu (0,9L), 2 b\u013codas, l\u0101psti\u0146u, s\u016bkli un sieta maisi\u0146u ar dren\u0101\u017eas v\u0101ku katliem.","og_url":"https:\/\/gohike.lv\/ru\/produkts\/firemaple-feast-5-aluminija-kempinga-trauku-komplekts\/","og_site_name":"GoHike","article_publisher":"https:\/\/www.facebook.com\/gohike.shop\/","article_modified_time":"2025-12-30T14:24:26+00:00","og_image":[{"width":800,"height":800,"url":"https:\/\/gohike.lv\/wp-content\/uploads\/2025\/01\/Feast5_-1.webp","type":"image\/webp"}],"twitter_card":"summary_large_image","twitter_title":"FIREMAPLE Feast 5 Alum\u012bnija kempinga trauku komplekts - Feast 5 alum\u012bnija kempinga trauku komplekts","twitter_misc":{"\u041f\u0440\u0438\u043c\u0435\u0440\u043d\u043e\u0435 \u0432\u0440\u0435\u043c\u044f \u0434\u043b\u044f \u0447\u0442\u0435\u043d\u0438\u044f":"2 \u043c\u0438\u043d\u0443\u0442\u0430"},"schema":{"@context":"https:\/\/schema.org","@graph":[{"@type":["WebPage","ItemPage"],"@id":"https:\/\/gohike.lv\/ru\/produkts\/firemaple-feast-5-aluminija-kempinga-trauku-komplekts\/","url":"https:\/\/gohike.lv\/ru\/produkts\/firemaple-feast-5-aluminija-kempinga-trauku-komplekts\/","name":"FIREMAPLE Feast 5 Alum\u012bnija kempinga trauku komplekts - Feast 5 alum\u012bnija kempinga trauku komplekts","isPartOf":{"@id":"https:\/\/gohike.lv\/ru\/#website"},"primaryImageOfPage":{"@id":"https:\/\/gohike.lv\/ru\/produkts\/firemaple-feast-5-aluminija-kempinga-trauku-komplekts\/#primaryimage"},"image":{"@id":"https:\/\/gohike.lv\/ru\/produkts\/firemaple-feast-5-aluminija-kempinga-trauku-komplekts\/#primaryimage"},"thumbnailUrl":"https:\/\/gohike.lv\/wp-content\/uploads\/2025\/01\/Feast5_-1.webp","datePublished":"2025-01-10T12:26:34+00:00","dateModified":"2025-12-30T14:24:26+00:00","description":"9 piederumu komplekts: ietver 3 katlus (2L, 1,5L un 0,8L), cep\u0161anas pannu (0,9L), 2 b\u013codas, l\u0101psti\u0146u, s\u016bkli un sieta maisi\u0146u ar dren\u0101\u017eas v\u0101ku katliem.","breadcrumb":{"@id":"https:\/\/gohike.lv\/ru\/produkts\/firemaple-feast-5-aluminija-kempinga-trauku-komplekts\/#breadcrumb"},"inLanguage":"ru-RU","potentialAction":[{"@type":"ReadAction","target":["https:\/\/gohike.lv\/ru\/produkts\/firemaple-feast-5-aluminija-kempinga-trauku-komplekts\/"]}]},{"@type":"ImageObject","inLanguage":"ru-RU","@id":"https:\/\/gohike.lv\/ru\/produkts\/firemaple-feast-5-aluminija-kempinga-trauku-komplekts\/#primaryimage","url":"https:\/\/gohike.lv\/wp-content\/uploads\/2025\/01\/Feast5_-1.webp","contentUrl":"https:\/\/gohike.lv\/wp-content\/uploads\/2025\/01\/Feast5_-1.webp","width":800,"height":800},{"@type":"BreadcrumbList","@id":"https:\/\/gohike.lv\/ru\/produkts\/firemaple-feast-5-aluminija-kempinga-trauku-komplekts\/#breadcrumb","itemListElement":[{"@type":"ListItem","position":1,"name":"\u0413\u043b\u0430\u0432\u043d\u0430\u044f","item":"https:\/\/gohike.lv\/ru\/"},{"@type":"ListItem","position":2,"name":"\u041a\u0430\u0442\u0435\u0433\u043e\u0440\u0438\u0438 \u0442\u043e\u0432\u0430\u0440\u043e\u0432","item":"https:\/\/gohike.lv\/%d0%ba%d0%b0%d1%82%d0%b5%d0%b3%d0%be%d1%80%d0%b8%d0%b8-%d1%82%d0%be%d0%b2%d0%b0%d1%80%d0%be%d0%b2\/"},{"@type":"ListItem","position":3,"name":"FIREMAPLE &#8211; Feast 5 Alum\u012bnija kempinga trauku komplekts"}]},{"@type":"WebSite","@id":"https:\/\/gohike.lv\/ru\/#website","url":"https:\/\/gohike.lv\/ru\/","name":"GoHike","description":"","publisher":{"@id":"https:\/\/gohike.lv\/ru\/#organization"},"potentialAction":[{"@type":"SearchAction","target":{"@type":"EntryPoint","urlTemplate":"https:\/\/gohike.lv\/ru\/?s={search_term_string}"},"query-input":{"@type":"PropertyValueSpecification","valueRequired":true,"valueName":"search_term_string"}}],"inLanguage":"ru-RU"},{"@type":"Organization","@id":"https:\/\/gohike.lv\/ru\/#organization","name":"GoHike","url":"https:\/\/gohike.lv\/ru\/","logo":{"@type":"ImageObject","inLanguage":"ru-RU","@id":"https:\/\/gohike.lv\/ru\/#\/schema\/logo\/image\/","url":"https:\/\/gohike.lv\/wp-content\/uploads\/2023\/08\/Logo_GoHike.webp","contentUrl":"https:\/\/gohike.lv\/wp-content\/uploads\/2023\/08\/Logo_GoHike.webp","width":512,"height":512,"caption":"GoHike"},"image":{"@id":"https:\/\/gohike.lv\/ru\/#\/schema\/logo\/image\/"},"sameAs":["https:\/\/www.facebook.com\/gohike.shop\/","https:\/\/www.instagram.com\/gohike.shop\/"]}]}},"jetpack_sharing_enabled":true,"_links":{"self":[{"href":"https:\/\/gohike.lv\/ru\/wp-json\/wp\/v2\/product\/65287","targetHints":{"allow":["GET"]}}],"collection":[{"href":"https:\/\/gohike.lv\/ru\/wp-json\/wp\/v2\/product"}],"about":[{"href":"https:\/\/gohike.lv\/ru\/wp-json\/wp\/v2\/types\/product"}],"version-history":[{"count":0,"href":"https:\/\/gohike.lv\/ru\/wp-json\/wp\/v2\/product\/65287\/revisions"}],"wp:featuredmedia":[{"embeddable":true,"href":"https:\/\/gohike.lv\/ru\/wp-json\/wp\/v2\/media\/65289"}],"wp:attachment":[{"href":"https:\/\/gohike.lv\/ru\/wp-json\/wp\/v2\/media?parent=65287"}],"wp:term":[{"taxonomy":"product_brand","embeddable":true,"href":"https:\/\/gohike.lv\/ru\/wp-json\/wp\/v2\/product_brand?post=65287"},{"taxonomy":"product_cat","embeddable":true,"href":"https:\/\/gohike.lv\/ru\/wp-json\/wp\/v2\/product_cat?post=65287"},{"taxonomy":"product_tag","embeddable":true,"href":"https:\/\/gohike.lv\/ru\/wp-json\/wp\/v2\/product_tag?post=65287"}],"curies":[{"name":"wp","href":"https:\/\/api.w.org\/{rel}","templated":true}]}}