{"id":65273,"date":"2025-01-10T15:26:34","date_gmt":"2025-01-10T12:26:34","guid":{"rendered":"https:\/\/gohike.lv\/produkts\/firemaple-antarcti-duo-gatavosanas-komplekts\/"},"modified":"2025-12-30T17:24:26","modified_gmt":"2025-12-30T14:24:26","slug":"firemaple-antarcti-duo-gatavosanas-komplekts","status":"publish","type":"product","link":"https:\/\/gohike.lv\/ru\/produkts\/firemaple-antarcti-duo-gatavosanas-komplekts\/","title":{"rendered":"FIREMAPLE &#8212; Antarcti Duo Gatavo\u0161anas komplekts"},"content":{"rendered":"<p>Produkta deta\u013cas:<br \/>\n \u2022 Bez BPA: kempinga katls izgatavots no p\u0101rtikas kvalit\u0101tes ner\u016bs\u0113jo\u0161\u0101 t\u0113rauda. B\u013coda un v\u0101ks izgatavoti no Tritan materi\u0101la, bet rokturis \u2013 no silikona. \u0112diena gatavo\u0161anas komplekts ir bez BPA, daudzfunkcion\u0101ls, iztur\u012bgs un izstr\u0101d\u0101ts ilgm\u016b\u017e\u012bbai;<br \/>\n\u2022 7 DA\u013bU \u0112DIENU GATAVO\u0160ANAS KOMPLEKTS: ietver 1,2 litru katlu, v\u0101ku, 2 Tritan b\u013codas (450 ml), 2 Tritan karotes-dak\u0161as un g\u0101zes balona stat\u012bvu. Komplekt\u0101 ir ar\u012b vieta 230 g standarta g\u0101zes balonam (nav iek\u013cauts). Lielisks komplekts 1\u20132 cilv\u0113kiem;<br \/>\n\u2022 SILTUMTUR\u012aGIE ROKTURI: rokturi ar termiski izol\u0113jo\u0161u plastmasas p\u0101rkl\u0101jumu aizsarg\u0101 rokas no karstuma. Katlu rokturi ir salok\u0101mi, lai samazin\u0101tu izm\u0113ru un ietaup\u012btu vietu mugursom\u0101.<br \/>\nMateri\u0101ls: ner\u016bs\u0113jo\u0161ais t\u0113rauds, tritan, silikons.<br \/>\nIzm\u0113rs:<br \/>\n\u2022 Izkl\u0101t\u0101 veid\u0101: 25.4*13*16.3 cm;<br \/>\n\u2022 Saloc\u012bt\u0101 veid\u0101: 13.4*13.1*16.3 cm.<br \/>\nTilpums:<br \/>\n\u2022 Katls: 1,2 l;<br \/>\n\u2022 B\u013coda: 450 ml.<br \/>\nSvars: 734 g.<\/p>\n","protected":false},"excerpt":{"rendered":"<p>Antarcti Duo ir ide\u0101ls kompakts \u0113diena gatavo\u0161anas komplekts vienam vai diviem cilv\u0113kiem. Tas ir kompakts un \u0113rts uzglab\u0101\u0161anai, aiz\u0146emot maz\u0101k vietas mugursom\u0101.<\/p>\n","protected":false},"featured_media":65275,"template":"","meta":[],"product_brand":[1080],"product_cat":[1012],"product_tag":[],"class_list":{"0":"post-65273","1":"product","2":"type-product","3":"status-publish","4":"has-post-thumbnail","6":"product_brand-firemaple-lv","7":"product_cat-virtuves-piederumi","8":"pa_izmeriscm-25-4131-3","9":"pa_produkta-tips-katli-un-pannas","10":"pa_saliktas-preces-izmerscm-13-413-116-3","11":"pa_tilpums-1200ml","13":"first","14":"instock","15":"taxable","16":"shipping-taxable","17":"purchasable","18":"product-type-simple"},"raw_content":{"name":"FIREMAPLE - Antarcti Duo Gatavo\u0161anas komplekts","description":"Produkta deta\u013cas:\n \u2022 Bez BPA: kempinga katls izgatavots no p\u0101rtikas kvalit\u0101tes ner\u016bs\u0113jo\u0161\u0101 t\u0113rauda. B\u013coda un v\u0101ks izgatavoti no Tritan materi\u0101la, bet rokturis \u2013 no silikona. \u0112diena gatavo\u0161anas komplekts ir bez BPA, daudzfunkcion\u0101ls, iztur\u012bgs un izstr\u0101d\u0101ts ilgm\u016b\u017e\u012bbai;\n\u2022 7 DA\u013bU \u0112DIENU GATAVO\u0160ANAS KOMPLEKTS: ietver 1,2 litru katlu, v\u0101ku, 2 Tritan b\u013codas (450 ml), 2 Tritan karotes-dak\u0161as un g\u0101zes balona stat\u012bvu. Komplekt\u0101 ir ar\u012b vieta 230 g standarta g\u0101zes balonam (nav iek\u013cauts). Lielisks komplekts 1\u20132 cilv\u0113kiem;\n\u2022 SILTUMTUR\u012aGIE ROKTURI: rokturi ar termiski izol\u0113jo\u0161u plastmasas p\u0101rkl\u0101jumu aizsarg\u0101 rokas no karstuma. Katlu rokturi ir salok\u0101mi, lai samazin\u0101tu izm\u0113ru un ietaup\u012btu vietu mugursom\u0101.\nMateri\u0101ls: ner\u016bs\u0113jo\u0161ais t\u0113rauds, tritan, silikons.\nIzm\u0113rs:\n\u2022 Izkl\u0101t\u0101 veid\u0101: 25.4*13*16.3 cm;\n\u2022 Saloc\u012bt\u0101 veid\u0101: 13.4*13.1*16.3 cm.\nTilpums:\n\u2022 Katls: 1,2 l;\n\u2022 B\u013coda: 450 ml.\nSvars: 734 g.","short_description":"Antarcti Duo ir ide\u0101ls kompakts \u0113diena gatavo\u0161anas komplekts vienam vai diviem cilv\u0113kiem. Tas ir kompakts un \u0113rts uzglab\u0101\u0161anai, aiz\u0146emot maz\u0101k vietas mugursom\u0101.","status":"publish","sku":"6971490127130","original":65273},"wpml":{"translation_type":1,"has_translations":true,"original":65273,"duplicates":[],"translations":{"lv":65273,"en":66796,"ru":null}},"supplier_id":null,"supplier_sku":"","barcode":null,"atum_controlled":true,"out_stock_date":null,"out_stock_threshold":null,"inheritable":false,"inbound_stock":0,"stock_on_hold":0,"sold_today":0,"sales_last_days":0,"reserved_stock":0,"customer_returns":0,"warehouse_damage":0,"lost_in_post":0,"other_logs":0,"out_stock_days":0,"lost_sales":0,"has_location":false,"update_date":"2025-12-30T14:30:30","atum_locations":[],"atum_stock_status":"instock","restock_status":false,"low_stock_amount":"","sales_update_date":"2025-11-13T14:08:06","calc_backorders":null,"yoast_head":"<!-- This site is optimized with the Yoast SEO plugin v27.3 - https:\/\/yoast.com\/product\/yoast-seo-wordpress\/ -->\n<title>FIREMAPLE Antarcti Duo Gatavo\u0161anas komplekts - Antarcti Duo gatavo\u0161anas komplekts<\/title>\n<meta name=\"description\" content=\"Antarcti Duo ir ide\u0101ls kompakts \u0113diena gatavo\u0161anas komplekts vienam vai diviem cilv\u0113kiem. Tas ir kompakts un \u0113rts uzglab\u0101\u0161anai, aiz\u0146emot maz\u0101k vietas mugursom\u0101.\" \/>\n<meta name=\"robots\" content=\"index, follow, max-snippet:-1, max-image-preview:large, max-video-preview:-1\" \/>\n<link rel=\"canonical\" href=\"https:\/\/gohike.lv\/ru\/produkts\/firemaple-antarcti-duo-gatavosanas-komplekts\/\" \/>\n<meta property=\"og:locale\" content=\"ru_RU\" \/>\n<meta property=\"og:type\" content=\"article\" \/>\n<meta property=\"og:title\" content=\"FIREMAPLE Antarcti Duo Gatavo\u0161anas komplekts - Antarcti Duo gatavo\u0161anas komplekts\" \/>\n<meta property=\"og:description\" content=\"Antarcti Duo ir ide\u0101ls kompakts \u0113diena gatavo\u0161anas komplekts vienam vai diviem cilv\u0113kiem. Tas ir kompakts un \u0113rts uzglab\u0101\u0161anai, aiz\u0146emot maz\u0101k vietas mugursom\u0101.\" \/>\n<meta property=\"og:url\" content=\"https:\/\/gohike.lv\/ru\/produkts\/firemaple-antarcti-duo-gatavosanas-komplekts\/\" \/>\n<meta property=\"og:site_name\" content=\"GoHike\" \/>\n<meta property=\"article:publisher\" content=\"https:\/\/www.facebook.com\/gohike.shop\/\" \/>\n<meta property=\"article:modified_time\" content=\"2025-12-30T14:24:26+00:00\" \/>\n<meta property=\"og:image\" content=\"https:\/\/gohike.lv\/wp-content\/uploads\/2025\/01\/AntarctiDuoSet_-1.webp\" \/>\n\t<meta property=\"og:image:width\" content=\"1000\" \/>\n\t<meta property=\"og:image:height\" content=\"1000\" \/>\n\t<meta property=\"og:image:type\" content=\"image\/webp\" \/>\n<meta name=\"twitter:card\" content=\"summary_large_image\" \/>\n<meta name=\"twitter:title\" content=\"FIREMAPLE Antarcti Duo Gatavo\u0161anas komplekts - Antarcti Duo gatavo\u0161anas komplekts\" \/>\n<meta name=\"twitter:label1\" content=\"\u041f\u0440\u0438\u043c\u0435\u0440\u043d\u043e\u0435 \u0432\u0440\u0435\u043c\u044f \u0434\u043b\u044f \u0447\u0442\u0435\u043d\u0438\u044f\" \/>\n\t<meta name=\"twitter:data1\" content=\"1 \u043c\u0438\u043d\u0443\u0442\u0430\" \/>\n<script type=\"application\/ld+json\" class=\"yoast-schema-graph\">{\"@context\":\"https:\\\/\\\/schema.org\",\"@graph\":[{\"@type\":[\"WebPage\",\"ItemPage\"],\"@id\":\"https:\\\/\\\/gohike.lv\\\/ru\\\/produkts\\\/firemaple-antarcti-duo-gatavosanas-komplekts\\\/\",\"url\":\"https:\\\/\\\/gohike.lv\\\/ru\\\/produkts\\\/firemaple-antarcti-duo-gatavosanas-komplekts\\\/\",\"name\":\"FIREMAPLE Antarcti Duo Gatavo\u0161anas komplekts - Antarcti Duo gatavo\u0161anas komplekts\",\"isPartOf\":{\"@id\":\"https:\\\/\\\/gohike.lv\\\/ru\\\/#website\"},\"primaryImageOfPage\":{\"@id\":\"https:\\\/\\\/gohike.lv\\\/ru\\\/produkts\\\/firemaple-antarcti-duo-gatavosanas-komplekts\\\/#primaryimage\"},\"image\":{\"@id\":\"https:\\\/\\\/gohike.lv\\\/ru\\\/produkts\\\/firemaple-antarcti-duo-gatavosanas-komplekts\\\/#primaryimage\"},\"thumbnailUrl\":\"https:\\\/\\\/gohike.lv\\\/wp-content\\\/uploads\\\/2025\\\/01\\\/AntarctiDuoSet_-1.webp\",\"datePublished\":\"2025-01-10T12:26:34+00:00\",\"dateModified\":\"2025-12-30T14:24:26+00:00\",\"description\":\"Antarcti Duo ir ide\u0101ls kompakts \u0113diena gatavo\u0161anas komplekts vienam vai diviem cilv\u0113kiem. Tas ir kompakts un \u0113rts uzglab\u0101\u0161anai, aiz\u0146emot maz\u0101k vietas mugursom\u0101.\",\"breadcrumb\":{\"@id\":\"https:\\\/\\\/gohike.lv\\\/ru\\\/produkts\\\/firemaple-antarcti-duo-gatavosanas-komplekts\\\/#breadcrumb\"},\"inLanguage\":\"ru-RU\",\"potentialAction\":[{\"@type\":\"ReadAction\",\"target\":[\"https:\\\/\\\/gohike.lv\\\/ru\\\/produkts\\\/firemaple-antarcti-duo-gatavosanas-komplekts\\\/\"]}]},{\"@type\":\"ImageObject\",\"inLanguage\":\"ru-RU\",\"@id\":\"https:\\\/\\\/gohike.lv\\\/ru\\\/produkts\\\/firemaple-antarcti-duo-gatavosanas-komplekts\\\/#primaryimage\",\"url\":\"https:\\\/\\\/gohike.lv\\\/wp-content\\\/uploads\\\/2025\\\/01\\\/AntarctiDuoSet_-1.webp\",\"contentUrl\":\"https:\\\/\\\/gohike.lv\\\/wp-content\\\/uploads\\\/2025\\\/01\\\/AntarctiDuoSet_-1.webp\",\"width\":1000,\"height\":1000},{\"@type\":\"BreadcrumbList\",\"@id\":\"https:\\\/\\\/gohike.lv\\\/ru\\\/produkts\\\/firemaple-antarcti-duo-gatavosanas-komplekts\\\/#breadcrumb\",\"itemListElement\":[{\"@type\":\"ListItem\",\"position\":1,\"name\":\"\u0413\u043b\u0430\u0432\u043d\u0430\u044f\",\"item\":\"https:\\\/\\\/gohike.lv\\\/ru\\\/\"},{\"@type\":\"ListItem\",\"position\":2,\"name\":\"\u041a\u0430\u0442\u0435\u0433\u043e\u0440\u0438\u0438 \u0442\u043e\u0432\u0430\u0440\u043e\u0432\",\"item\":\"https:\\\/\\\/gohike.lv\\\/%d0%ba%d0%b0%d1%82%d0%b5%d0%b3%d0%be%d1%80%d0%b8%d0%b8-%d1%82%d0%be%d0%b2%d0%b0%d1%80%d0%be%d0%b2\\\/\"},{\"@type\":\"ListItem\",\"position\":3,\"name\":\"FIREMAPLE &#8211; Antarcti Duo Gatavo\u0161anas komplekts\"}]},{\"@type\":\"WebSite\",\"@id\":\"https:\\\/\\\/gohike.lv\\\/ru\\\/#website\",\"url\":\"https:\\\/\\\/gohike.lv\\\/ru\\\/\",\"name\":\"GoHike\",\"description\":\"\",\"publisher\":{\"@id\":\"https:\\\/\\\/gohike.lv\\\/ru\\\/#organization\"},\"potentialAction\":[{\"@type\":\"SearchAction\",\"target\":{\"@type\":\"EntryPoint\",\"urlTemplate\":\"https:\\\/\\\/gohike.lv\\\/ru\\\/?s={search_term_string}\"},\"query-input\":{\"@type\":\"PropertyValueSpecification\",\"valueRequired\":true,\"valueName\":\"search_term_string\"}}],\"inLanguage\":\"ru-RU\"},{\"@type\":\"Organization\",\"@id\":\"https:\\\/\\\/gohike.lv\\\/ru\\\/#organization\",\"name\":\"GoHike\",\"url\":\"https:\\\/\\\/gohike.lv\\\/ru\\\/\",\"logo\":{\"@type\":\"ImageObject\",\"inLanguage\":\"ru-RU\",\"@id\":\"https:\\\/\\\/gohike.lv\\\/ru\\\/#\\\/schema\\\/logo\\\/image\\\/\",\"url\":\"https:\\\/\\\/gohike.lv\\\/wp-content\\\/uploads\\\/2023\\\/08\\\/Logo_GoHike.webp\",\"contentUrl\":\"https:\\\/\\\/gohike.lv\\\/wp-content\\\/uploads\\\/2023\\\/08\\\/Logo_GoHike.webp\",\"width\":512,\"height\":512,\"caption\":\"GoHike\"},\"image\":{\"@id\":\"https:\\\/\\\/gohike.lv\\\/ru\\\/#\\\/schema\\\/logo\\\/image\\\/\"},\"sameAs\":[\"https:\\\/\\\/www.facebook.com\\\/gohike.shop\\\/\",\"https:\\\/\\\/www.instagram.com\\\/gohike.shop\\\/\"]}]}<\/script>\n<!-- \/ Yoast SEO plugin. -->","yoast_head_json":{"title":"FIREMAPLE Antarcti Duo Gatavo\u0161anas komplekts - Antarcti Duo gatavo\u0161anas komplekts","description":"Antarcti Duo ir ide\u0101ls kompakts \u0113diena gatavo\u0161anas komplekts vienam vai diviem cilv\u0113kiem. Tas ir kompakts un \u0113rts uzglab\u0101\u0161anai, aiz\u0146emot maz\u0101k vietas mugursom\u0101.","robots":{"index":"index","follow":"follow","max-snippet":"max-snippet:-1","max-image-preview":"max-image-preview:large","max-video-preview":"max-video-preview:-1"},"canonical":"https:\/\/gohike.lv\/ru\/produkts\/firemaple-antarcti-duo-gatavosanas-komplekts\/","og_locale":"ru_RU","og_type":"article","og_title":"FIREMAPLE Antarcti Duo Gatavo\u0161anas komplekts - Antarcti Duo gatavo\u0161anas komplekts","og_description":"Antarcti Duo ir ide\u0101ls kompakts \u0113diena gatavo\u0161anas komplekts vienam vai diviem cilv\u0113kiem. Tas ir kompakts un \u0113rts uzglab\u0101\u0161anai, aiz\u0146emot maz\u0101k vietas mugursom\u0101.","og_url":"https:\/\/gohike.lv\/ru\/produkts\/firemaple-antarcti-duo-gatavosanas-komplekts\/","og_site_name":"GoHike","article_publisher":"https:\/\/www.facebook.com\/gohike.shop\/","article_modified_time":"2025-12-30T14:24:26+00:00","og_image":[{"width":1000,"height":1000,"url":"https:\/\/gohike.lv\/wp-content\/uploads\/2025\/01\/AntarctiDuoSet_-1.webp","type":"image\/webp"}],"twitter_card":"summary_large_image","twitter_title":"FIREMAPLE Antarcti Duo Gatavo\u0161anas komplekts - Antarcti Duo gatavo\u0161anas komplekts","twitter_misc":{"\u041f\u0440\u0438\u043c\u0435\u0440\u043d\u043e\u0435 \u0432\u0440\u0435\u043c\u044f \u0434\u043b\u044f \u0447\u0442\u0435\u043d\u0438\u044f":"1 \u043c\u0438\u043d\u0443\u0442\u0430"},"schema":{"@context":"https:\/\/schema.org","@graph":[{"@type":["WebPage","ItemPage"],"@id":"https:\/\/gohike.lv\/ru\/produkts\/firemaple-antarcti-duo-gatavosanas-komplekts\/","url":"https:\/\/gohike.lv\/ru\/produkts\/firemaple-antarcti-duo-gatavosanas-komplekts\/","name":"FIREMAPLE Antarcti Duo Gatavo\u0161anas komplekts - Antarcti Duo gatavo\u0161anas komplekts","isPartOf":{"@id":"https:\/\/gohike.lv\/ru\/#website"},"primaryImageOfPage":{"@id":"https:\/\/gohike.lv\/ru\/produkts\/firemaple-antarcti-duo-gatavosanas-komplekts\/#primaryimage"},"image":{"@id":"https:\/\/gohike.lv\/ru\/produkts\/firemaple-antarcti-duo-gatavosanas-komplekts\/#primaryimage"},"thumbnailUrl":"https:\/\/gohike.lv\/wp-content\/uploads\/2025\/01\/AntarctiDuoSet_-1.webp","datePublished":"2025-01-10T12:26:34+00:00","dateModified":"2025-12-30T14:24:26+00:00","description":"Antarcti Duo ir ide\u0101ls kompakts \u0113diena gatavo\u0161anas komplekts vienam vai diviem cilv\u0113kiem. Tas ir kompakts un \u0113rts uzglab\u0101\u0161anai, aiz\u0146emot maz\u0101k vietas mugursom\u0101.","breadcrumb":{"@id":"https:\/\/gohike.lv\/ru\/produkts\/firemaple-antarcti-duo-gatavosanas-komplekts\/#breadcrumb"},"inLanguage":"ru-RU","potentialAction":[{"@type":"ReadAction","target":["https:\/\/gohike.lv\/ru\/produkts\/firemaple-antarcti-duo-gatavosanas-komplekts\/"]}]},{"@type":"ImageObject","inLanguage":"ru-RU","@id":"https:\/\/gohike.lv\/ru\/produkts\/firemaple-antarcti-duo-gatavosanas-komplekts\/#primaryimage","url":"https:\/\/gohike.lv\/wp-content\/uploads\/2025\/01\/AntarctiDuoSet_-1.webp","contentUrl":"https:\/\/gohike.lv\/wp-content\/uploads\/2025\/01\/AntarctiDuoSet_-1.webp","width":1000,"height":1000},{"@type":"BreadcrumbList","@id":"https:\/\/gohike.lv\/ru\/produkts\/firemaple-antarcti-duo-gatavosanas-komplekts\/#breadcrumb","itemListElement":[{"@type":"ListItem","position":1,"name":"\u0413\u043b\u0430\u0432\u043d\u0430\u044f","item":"https:\/\/gohike.lv\/ru\/"},{"@type":"ListItem","position":2,"name":"\u041a\u0430\u0442\u0435\u0433\u043e\u0440\u0438\u0438 \u0442\u043e\u0432\u0430\u0440\u043e\u0432","item":"https:\/\/gohike.lv\/%d0%ba%d0%b0%d1%82%d0%b5%d0%b3%d0%be%d1%80%d0%b8%d0%b8-%d1%82%d0%be%d0%b2%d0%b0%d1%80%d0%be%d0%b2\/"},{"@type":"ListItem","position":3,"name":"FIREMAPLE &#8211; Antarcti Duo Gatavo\u0161anas komplekts"}]},{"@type":"WebSite","@id":"https:\/\/gohike.lv\/ru\/#website","url":"https:\/\/gohike.lv\/ru\/","name":"GoHike","description":"","publisher":{"@id":"https:\/\/gohike.lv\/ru\/#organization"},"potentialAction":[{"@type":"SearchAction","target":{"@type":"EntryPoint","urlTemplate":"https:\/\/gohike.lv\/ru\/?s={search_term_string}"},"query-input":{"@type":"PropertyValueSpecification","valueRequired":true,"valueName":"search_term_string"}}],"inLanguage":"ru-RU"},{"@type":"Organization","@id":"https:\/\/gohike.lv\/ru\/#organization","name":"GoHike","url":"https:\/\/gohike.lv\/ru\/","logo":{"@type":"ImageObject","inLanguage":"ru-RU","@id":"https:\/\/gohike.lv\/ru\/#\/schema\/logo\/image\/","url":"https:\/\/gohike.lv\/wp-content\/uploads\/2023\/08\/Logo_GoHike.webp","contentUrl":"https:\/\/gohike.lv\/wp-content\/uploads\/2023\/08\/Logo_GoHike.webp","width":512,"height":512,"caption":"GoHike"},"image":{"@id":"https:\/\/gohike.lv\/ru\/#\/schema\/logo\/image\/"},"sameAs":["https:\/\/www.facebook.com\/gohike.shop\/","https:\/\/www.instagram.com\/gohike.shop\/"]}]}},"jetpack_sharing_enabled":true,"_links":{"self":[{"href":"https:\/\/gohike.lv\/ru\/wp-json\/wp\/v2\/product\/65273","targetHints":{"allow":["GET"]}}],"collection":[{"href":"https:\/\/gohike.lv\/ru\/wp-json\/wp\/v2\/product"}],"about":[{"href":"https:\/\/gohike.lv\/ru\/wp-json\/wp\/v2\/types\/product"}],"version-history":[{"count":0,"href":"https:\/\/gohike.lv\/ru\/wp-json\/wp\/v2\/product\/65273\/revisions"}],"wp:featuredmedia":[{"embeddable":true,"href":"https:\/\/gohike.lv\/ru\/wp-json\/wp\/v2\/media\/65275"}],"wp:attachment":[{"href":"https:\/\/gohike.lv\/ru\/wp-json\/wp\/v2\/media?parent=65273"}],"wp:term":[{"taxonomy":"product_brand","embeddable":true,"href":"https:\/\/gohike.lv\/ru\/wp-json\/wp\/v2\/product_brand?post=65273"},{"taxonomy":"product_cat","embeddable":true,"href":"https:\/\/gohike.lv\/ru\/wp-json\/wp\/v2\/product_cat?post=65273"},{"taxonomy":"product_tag","embeddable":true,"href":"https:\/\/gohike.lv\/ru\/wp-json\/wp\/v2\/product_tag?post=65273"}],"curies":[{"name":"wp","href":"https:\/\/api.w.org\/{rel}","templated":true}]}}