{"id":65231,"date":"2025-01-10T15:24:31","date_gmt":"2025-01-10T12:24:31","guid":{"rendered":"https:\/\/gohike.lv\/produkts\/firemaple-antarcti-nerusejosa-terauda-katls-12l\/"},"modified":"2025-12-30T17:24:27","modified_gmt":"2025-12-30T14:24:27","slug":"firemaple-antarcti-nerusejosa-terauda-katls-12l","status":"publish","type":"product","link":"https:\/\/gohike.lv\/ru\/produkts\/firemaple-antarcti-nerusejosa-terauda-katls-12l\/","title":{"rendered":"FIREMAPLE &#8212; Antarcti Ner\u016bs\u0113jo\u0161\u0101 t\u0113rauda katls, 1,2l"},"content":{"rendered":"<p>Produkta deta\u013cas:<br \/>\n\u2022 Dro\u0161s rokturis un v\u0101ks: Antarcti kempinga katls ir apr\u012bkots ar unik\u0101lu, piekarin\u0101mu v\u0101ku. Tas ar\u012b \u013cauj piestiprin\u0101t katlu uz zariem, \u0101\u0137iem utt.;<br \/>\n\u2022 Uguns dro\u0161\u012bba: \u0161is kompaktais gatavo\u0161anas komplekts ir ide\u0101ls \u0101ra gatavo\u0161anai, lai pagatavotu siltus \u0113dienus, kafiju vai v\u0101r\u012btu \u016bdeni. Pilienu sprausla ar\u012b darbojas k\u0101 tvaika atvere dro\u0161ai gatavo\u0161anai. Vienm\u0113r izmantojiet cimdus, r\u012bkojoties ar karsto katlu;<br \/>\n\u2022 Daudzpus\u012bba: \u0161o kempinga katlu var izmantot gatavo\u0161anai uz kempinga pl\u012bts vai atkl\u0101tas uguns; J\u016bs varat ar\u012b tvaic\u0113t \u0113dienu ar iek\u013cauto tvaic\u0113t\u0101ju.<br \/>\nMateri\u0101ls: ner\u016bs\u0113jo\u0161ais t\u0113rauds<br \/>\nIzm\u0113rs:<br \/>\n\u2022 Uzglab\u0101\u0161anas izm\u0113rs: 14.7*13.1*16.4 cm;<br \/>\n\u2022 Izkl\u0101t\u0101 veid\u0101: 18.0*14.5*23.6 cm.<br \/>\nTilpums: 1.2 l.<br \/>\nSvars: 452 g.<\/p>\n","protected":false},"excerpt":{"rendered":"<p>Izgatavots no SUS304 ner\u016bs\u0113jo\u0161\u0101 t\u0113rauda, Antarcti katls nodro\u0161ina izcilu iztur\u012bbu un ilgm\u016b\u017e\u012bbu.<\/p>\n","protected":false},"featured_media":65233,"template":"","meta":[],"product_brand":[1080],"product_cat":[1012],"product_tag":[],"class_list":{"0":"post-65231","1":"product","2":"type-product","3":"status-publish","4":"has-post-thumbnail","6":"product_brand-firemaple-lv","7":"product_cat-virtuves-piederumi","8":"pa_izmeriscm-18-014-523-6","9":"pa_produkta-tips-katli-un-pannas","10":"pa_saliktas-preces-izmerscm-14-713-116-4-en","11":"pa_tilpums-1200ml","13":"first","14":"instock","15":"taxable","16":"shipping-taxable","17":"purchasable","18":"product-type-simple"},"raw_content":{"name":"FIREMAPLE - Antarcti Ner\u016bs\u0113jo\u0161\u0101 t\u0113rauda katls, 1,2l","description":"Produkta deta\u013cas:\n\u2022 Dro\u0161s rokturis un v\u0101ks: Antarcti kempinga katls ir apr\u012bkots ar unik\u0101lu, piekarin\u0101mu v\u0101ku. Tas ar\u012b \u013cauj piestiprin\u0101t katlu uz zariem, \u0101\u0137iem utt.;\n\u2022 Uguns dro\u0161\u012bba: \u0161is kompaktais gatavo\u0161anas komplekts ir ide\u0101ls \u0101ra gatavo\u0161anai, lai pagatavotu siltus \u0113dienus, kafiju vai v\u0101r\u012btu \u016bdeni. Pilienu sprausla ar\u012b darbojas k\u0101 tvaika atvere dro\u0161ai gatavo\u0161anai. Vienm\u0113r izmantojiet cimdus, r\u012bkojoties ar karsto katlu;\n\u2022 Daudzpus\u012bba: \u0161o kempinga katlu var izmantot gatavo\u0161anai uz kempinga pl\u012bts vai atkl\u0101tas uguns; J\u016bs varat ar\u012b tvaic\u0113t \u0113dienu ar iek\u013cauto tvaic\u0113t\u0101ju.\nMateri\u0101ls: ner\u016bs\u0113jo\u0161ais t\u0113rauds\nIzm\u0113rs:\n\u2022 Uzglab\u0101\u0161anas izm\u0113rs: 14.7*13.1*16.4 cm;\n\u2022 Izkl\u0101t\u0101 veid\u0101: 18.0*14.5*23.6 cm.\nTilpums: 1.2 l.\nSvars: 452 g.","short_description":"Izgatavots no SUS304 ner\u016bs\u0113jo\u0161\u0101 t\u0113rauda, Antarcti katls nodro\u0161ina izcilu iztur\u012bbu un ilgm\u016b\u017e\u012bbu.","status":"publish","sku":"6971490127482","original":65231},"wpml":{"translation_type":1,"has_translations":true,"original":65231,"duplicates":[],"translations":{"lv":65231,"en":67024,"ru":null}},"supplier_id":null,"supplier_sku":"","barcode":null,"atum_controlled":true,"out_stock_date":null,"out_stock_threshold":null,"inheritable":false,"inbound_stock":0,"stock_on_hold":0,"sold_today":0,"sales_last_days":0,"reserved_stock":0,"customer_returns":0,"warehouse_damage":0,"lost_in_post":0,"other_logs":0,"out_stock_days":0,"lost_sales":0,"has_location":false,"update_date":"2025-12-30T14:30:30","atum_locations":[],"atum_stock_status":"instock","restock_status":false,"low_stock_amount":"","sales_update_date":"2025-11-13T14:09:01","calc_backorders":null,"yoast_head":"<!-- This site is optimized with the Yoast SEO plugin v27.3 - https:\/\/yoast.com\/product\/yoast-seo-wordpress\/ -->\n<title>FIREMAPLE Antarcti Ner\u016bs\u0113jo\u0161\u0101 t\u0113rauda katls, 1,2l - Antarcti ner\u016bs\u0113jo\u0161\u0101 t\u0113rauda katls, 1,2l<\/title>\n<meta name=\"description\" content=\"Izgatavots no SUS304 ner\u016bs\u0113jo\u0161\u0101 t\u0113rauda, Antarcti katls nodro\u0161ina izcilu iztur\u012bbu un ilgm\u016b\u017e\u012bbu.\" \/>\n<meta name=\"robots\" content=\"index, follow, max-snippet:-1, max-image-preview:large, max-video-preview:-1\" \/>\n<link rel=\"canonical\" href=\"https:\/\/gohike.lv\/ru\/produkts\/firemaple-antarcti-nerusejosa-terauda-katls-12l\/\" \/>\n<meta property=\"og:locale\" content=\"ru_RU\" \/>\n<meta property=\"og:type\" content=\"article\" \/>\n<meta property=\"og:title\" content=\"FIREMAPLE Antarcti Ner\u016bs\u0113jo\u0161\u0101 t\u0113rauda katls, 1,2l - Antarcti ner\u016bs\u0113jo\u0161\u0101 t\u0113rauda katls, 1,2l\" \/>\n<meta property=\"og:description\" content=\"Izgatavots no SUS304 ner\u016bs\u0113jo\u0161\u0101 t\u0113rauda, Antarcti katls nodro\u0161ina izcilu iztur\u012bbu un ilgm\u016b\u017e\u012bbu.\" \/>\n<meta property=\"og:url\" content=\"https:\/\/gohike.lv\/ru\/produkts\/firemaple-antarcti-nerusejosa-terauda-katls-12l\/\" \/>\n<meta property=\"og:site_name\" content=\"GoHike\" \/>\n<meta property=\"article:publisher\" content=\"https:\/\/www.facebook.com\/gohike.shop\/\" \/>\n<meta property=\"article:modified_time\" content=\"2025-12-30T14:24:27+00:00\" \/>\n<meta property=\"og:image\" content=\"https:\/\/gohike.lv\/wp-content\/uploads\/2025\/01\/Antarcti12Lpot_-1.webp\" \/>\n\t<meta property=\"og:image:width\" content=\"1800\" \/>\n\t<meta property=\"og:image:height\" content=\"1800\" \/>\n\t<meta property=\"og:image:type\" content=\"image\/webp\" \/>\n<meta name=\"twitter:card\" content=\"summary_large_image\" \/>\n<meta name=\"twitter:title\" content=\"FIREMAPLE Antarcti Ner\u016bs\u0113jo\u0161\u0101 t\u0113rauda katls, 1,2l - Antarcti ner\u016bs\u0113jo\u0161\u0101 t\u0113rauda katls, 1,2l\" \/>\n<meta name=\"twitter:label1\" content=\"\u041f\u0440\u0438\u043c\u0435\u0440\u043d\u043e\u0435 \u0432\u0440\u0435\u043c\u044f \u0434\u043b\u044f \u0447\u0442\u0435\u043d\u0438\u044f\" \/>\n\t<meta name=\"twitter:data1\" content=\"1 \u043c\u0438\u043d\u0443\u0442\u0430\" \/>\n<script type=\"application\/ld+json\" class=\"yoast-schema-graph\">{\"@context\":\"https:\\\/\\\/schema.org\",\"@graph\":[{\"@type\":[\"WebPage\",\"ItemPage\"],\"@id\":\"https:\\\/\\\/gohike.lv\\\/ru\\\/produkts\\\/firemaple-antarcti-nerusejosa-terauda-katls-12l\\\/\",\"url\":\"https:\\\/\\\/gohike.lv\\\/ru\\\/produkts\\\/firemaple-antarcti-nerusejosa-terauda-katls-12l\\\/\",\"name\":\"FIREMAPLE Antarcti Ner\u016bs\u0113jo\u0161\u0101 t\u0113rauda katls, 1,2l - Antarcti ner\u016bs\u0113jo\u0161\u0101 t\u0113rauda katls, 1,2l\",\"isPartOf\":{\"@id\":\"https:\\\/\\\/gohike.lv\\\/ru\\\/#website\"},\"primaryImageOfPage\":{\"@id\":\"https:\\\/\\\/gohike.lv\\\/ru\\\/produkts\\\/firemaple-antarcti-nerusejosa-terauda-katls-12l\\\/#primaryimage\"},\"image\":{\"@id\":\"https:\\\/\\\/gohike.lv\\\/ru\\\/produkts\\\/firemaple-antarcti-nerusejosa-terauda-katls-12l\\\/#primaryimage\"},\"thumbnailUrl\":\"https:\\\/\\\/gohike.lv\\\/wp-content\\\/uploads\\\/2025\\\/01\\\/Antarcti12Lpot_-1.webp\",\"datePublished\":\"2025-01-10T12:24:31+00:00\",\"dateModified\":\"2025-12-30T14:24:27+00:00\",\"description\":\"Izgatavots no SUS304 ner\u016bs\u0113jo\u0161\u0101 t\u0113rauda, Antarcti katls nodro\u0161ina izcilu iztur\u012bbu un ilgm\u016b\u017e\u012bbu.\",\"breadcrumb\":{\"@id\":\"https:\\\/\\\/gohike.lv\\\/ru\\\/produkts\\\/firemaple-antarcti-nerusejosa-terauda-katls-12l\\\/#breadcrumb\"},\"inLanguage\":\"ru-RU\",\"potentialAction\":[{\"@type\":\"ReadAction\",\"target\":[\"https:\\\/\\\/gohike.lv\\\/ru\\\/produkts\\\/firemaple-antarcti-nerusejosa-terauda-katls-12l\\\/\"]}]},{\"@type\":\"ImageObject\",\"inLanguage\":\"ru-RU\",\"@id\":\"https:\\\/\\\/gohike.lv\\\/ru\\\/produkts\\\/firemaple-antarcti-nerusejosa-terauda-katls-12l\\\/#primaryimage\",\"url\":\"https:\\\/\\\/gohike.lv\\\/wp-content\\\/uploads\\\/2025\\\/01\\\/Antarcti12Lpot_-1.webp\",\"contentUrl\":\"https:\\\/\\\/gohike.lv\\\/wp-content\\\/uploads\\\/2025\\\/01\\\/Antarcti12Lpot_-1.webp\",\"width\":1800,\"height\":1800},{\"@type\":\"BreadcrumbList\",\"@id\":\"https:\\\/\\\/gohike.lv\\\/ru\\\/produkts\\\/firemaple-antarcti-nerusejosa-terauda-katls-12l\\\/#breadcrumb\",\"itemListElement\":[{\"@type\":\"ListItem\",\"position\":1,\"name\":\"\u0413\u043b\u0430\u0432\u043d\u0430\u044f\",\"item\":\"https:\\\/\\\/gohike.lv\\\/ru\\\/\"},{\"@type\":\"ListItem\",\"position\":2,\"name\":\"\u041a\u0430\u0442\u0435\u0433\u043e\u0440\u0438\u0438 \u0442\u043e\u0432\u0430\u0440\u043e\u0432\",\"item\":\"https:\\\/\\\/gohike.lv\\\/%d0%ba%d0%b0%d1%82%d0%b5%d0%b3%d0%be%d1%80%d0%b8%d0%b8-%d1%82%d0%be%d0%b2%d0%b0%d1%80%d0%be%d0%b2\\\/\"},{\"@type\":\"ListItem\",\"position\":3,\"name\":\"FIREMAPLE &#8211; Antarcti Ner\u016bs\u0113jo\u0161\u0101 t\u0113rauda katls, 1,2l\"}]},{\"@type\":\"WebSite\",\"@id\":\"https:\\\/\\\/gohike.lv\\\/ru\\\/#website\",\"url\":\"https:\\\/\\\/gohike.lv\\\/ru\\\/\",\"name\":\"GoHike\",\"description\":\"\",\"publisher\":{\"@id\":\"https:\\\/\\\/gohike.lv\\\/ru\\\/#organization\"},\"potentialAction\":[{\"@type\":\"SearchAction\",\"target\":{\"@type\":\"EntryPoint\",\"urlTemplate\":\"https:\\\/\\\/gohike.lv\\\/ru\\\/?s={search_term_string}\"},\"query-input\":{\"@type\":\"PropertyValueSpecification\",\"valueRequired\":true,\"valueName\":\"search_term_string\"}}],\"inLanguage\":\"ru-RU\"},{\"@type\":\"Organization\",\"@id\":\"https:\\\/\\\/gohike.lv\\\/ru\\\/#organization\",\"name\":\"GoHike\",\"url\":\"https:\\\/\\\/gohike.lv\\\/ru\\\/\",\"logo\":{\"@type\":\"ImageObject\",\"inLanguage\":\"ru-RU\",\"@id\":\"https:\\\/\\\/gohike.lv\\\/ru\\\/#\\\/schema\\\/logo\\\/image\\\/\",\"url\":\"https:\\\/\\\/gohike.lv\\\/wp-content\\\/uploads\\\/2023\\\/08\\\/Logo_GoHike.webp\",\"contentUrl\":\"https:\\\/\\\/gohike.lv\\\/wp-content\\\/uploads\\\/2023\\\/08\\\/Logo_GoHike.webp\",\"width\":512,\"height\":512,\"caption\":\"GoHike\"},\"image\":{\"@id\":\"https:\\\/\\\/gohike.lv\\\/ru\\\/#\\\/schema\\\/logo\\\/image\\\/\"},\"sameAs\":[\"https:\\\/\\\/www.facebook.com\\\/gohike.shop\\\/\",\"https:\\\/\\\/www.instagram.com\\\/gohike.shop\\\/\"]}]}<\/script>\n<!-- \/ Yoast SEO plugin. -->","yoast_head_json":{"title":"FIREMAPLE Antarcti Ner\u016bs\u0113jo\u0161\u0101 t\u0113rauda katls, 1,2l - Antarcti ner\u016bs\u0113jo\u0161\u0101 t\u0113rauda katls, 1,2l","description":"Izgatavots no SUS304 ner\u016bs\u0113jo\u0161\u0101 t\u0113rauda, Antarcti katls nodro\u0161ina izcilu iztur\u012bbu un ilgm\u016b\u017e\u012bbu.","robots":{"index":"index","follow":"follow","max-snippet":"max-snippet:-1","max-image-preview":"max-image-preview:large","max-video-preview":"max-video-preview:-1"},"canonical":"https:\/\/gohike.lv\/ru\/produkts\/firemaple-antarcti-nerusejosa-terauda-katls-12l\/","og_locale":"ru_RU","og_type":"article","og_title":"FIREMAPLE Antarcti Ner\u016bs\u0113jo\u0161\u0101 t\u0113rauda katls, 1,2l - Antarcti ner\u016bs\u0113jo\u0161\u0101 t\u0113rauda katls, 1,2l","og_description":"Izgatavots no SUS304 ner\u016bs\u0113jo\u0161\u0101 t\u0113rauda, Antarcti katls nodro\u0161ina izcilu iztur\u012bbu un ilgm\u016b\u017e\u012bbu.","og_url":"https:\/\/gohike.lv\/ru\/produkts\/firemaple-antarcti-nerusejosa-terauda-katls-12l\/","og_site_name":"GoHike","article_publisher":"https:\/\/www.facebook.com\/gohike.shop\/","article_modified_time":"2025-12-30T14:24:27+00:00","og_image":[{"width":1800,"height":1800,"url":"https:\/\/gohike.lv\/wp-content\/uploads\/2025\/01\/Antarcti12Lpot_-1.webp","type":"image\/webp"}],"twitter_card":"summary_large_image","twitter_title":"FIREMAPLE Antarcti Ner\u016bs\u0113jo\u0161\u0101 t\u0113rauda katls, 1,2l - Antarcti ner\u016bs\u0113jo\u0161\u0101 t\u0113rauda katls, 1,2l","twitter_misc":{"\u041f\u0440\u0438\u043c\u0435\u0440\u043d\u043e\u0435 \u0432\u0440\u0435\u043c\u044f \u0434\u043b\u044f \u0447\u0442\u0435\u043d\u0438\u044f":"1 \u043c\u0438\u043d\u0443\u0442\u0430"},"schema":{"@context":"https:\/\/schema.org","@graph":[{"@type":["WebPage","ItemPage"],"@id":"https:\/\/gohike.lv\/ru\/produkts\/firemaple-antarcti-nerusejosa-terauda-katls-12l\/","url":"https:\/\/gohike.lv\/ru\/produkts\/firemaple-antarcti-nerusejosa-terauda-katls-12l\/","name":"FIREMAPLE Antarcti Ner\u016bs\u0113jo\u0161\u0101 t\u0113rauda katls, 1,2l - Antarcti ner\u016bs\u0113jo\u0161\u0101 t\u0113rauda katls, 1,2l","isPartOf":{"@id":"https:\/\/gohike.lv\/ru\/#website"},"primaryImageOfPage":{"@id":"https:\/\/gohike.lv\/ru\/produkts\/firemaple-antarcti-nerusejosa-terauda-katls-12l\/#primaryimage"},"image":{"@id":"https:\/\/gohike.lv\/ru\/produkts\/firemaple-antarcti-nerusejosa-terauda-katls-12l\/#primaryimage"},"thumbnailUrl":"https:\/\/gohike.lv\/wp-content\/uploads\/2025\/01\/Antarcti12Lpot_-1.webp","datePublished":"2025-01-10T12:24:31+00:00","dateModified":"2025-12-30T14:24:27+00:00","description":"Izgatavots no SUS304 ner\u016bs\u0113jo\u0161\u0101 t\u0113rauda, Antarcti katls nodro\u0161ina izcilu iztur\u012bbu un ilgm\u016b\u017e\u012bbu.","breadcrumb":{"@id":"https:\/\/gohike.lv\/ru\/produkts\/firemaple-antarcti-nerusejosa-terauda-katls-12l\/#breadcrumb"},"inLanguage":"ru-RU","potentialAction":[{"@type":"ReadAction","target":["https:\/\/gohike.lv\/ru\/produkts\/firemaple-antarcti-nerusejosa-terauda-katls-12l\/"]}]},{"@type":"ImageObject","inLanguage":"ru-RU","@id":"https:\/\/gohike.lv\/ru\/produkts\/firemaple-antarcti-nerusejosa-terauda-katls-12l\/#primaryimage","url":"https:\/\/gohike.lv\/wp-content\/uploads\/2025\/01\/Antarcti12Lpot_-1.webp","contentUrl":"https:\/\/gohike.lv\/wp-content\/uploads\/2025\/01\/Antarcti12Lpot_-1.webp","width":1800,"height":1800},{"@type":"BreadcrumbList","@id":"https:\/\/gohike.lv\/ru\/produkts\/firemaple-antarcti-nerusejosa-terauda-katls-12l\/#breadcrumb","itemListElement":[{"@type":"ListItem","position":1,"name":"\u0413\u043b\u0430\u0432\u043d\u0430\u044f","item":"https:\/\/gohike.lv\/ru\/"},{"@type":"ListItem","position":2,"name":"\u041a\u0430\u0442\u0435\u0433\u043e\u0440\u0438\u0438 \u0442\u043e\u0432\u0430\u0440\u043e\u0432","item":"https:\/\/gohike.lv\/%d0%ba%d0%b0%d1%82%d0%b5%d0%b3%d0%be%d1%80%d0%b8%d0%b8-%d1%82%d0%be%d0%b2%d0%b0%d1%80%d0%be%d0%b2\/"},{"@type":"ListItem","position":3,"name":"FIREMAPLE &#8211; Antarcti Ner\u016bs\u0113jo\u0161\u0101 t\u0113rauda katls, 1,2l"}]},{"@type":"WebSite","@id":"https:\/\/gohike.lv\/ru\/#website","url":"https:\/\/gohike.lv\/ru\/","name":"GoHike","description":"","publisher":{"@id":"https:\/\/gohike.lv\/ru\/#organization"},"potentialAction":[{"@type":"SearchAction","target":{"@type":"EntryPoint","urlTemplate":"https:\/\/gohike.lv\/ru\/?s={search_term_string}"},"query-input":{"@type":"PropertyValueSpecification","valueRequired":true,"valueName":"search_term_string"}}],"inLanguage":"ru-RU"},{"@type":"Organization","@id":"https:\/\/gohike.lv\/ru\/#organization","name":"GoHike","url":"https:\/\/gohike.lv\/ru\/","logo":{"@type":"ImageObject","inLanguage":"ru-RU","@id":"https:\/\/gohike.lv\/ru\/#\/schema\/logo\/image\/","url":"https:\/\/gohike.lv\/wp-content\/uploads\/2023\/08\/Logo_GoHike.webp","contentUrl":"https:\/\/gohike.lv\/wp-content\/uploads\/2023\/08\/Logo_GoHike.webp","width":512,"height":512,"caption":"GoHike"},"image":{"@id":"https:\/\/gohike.lv\/ru\/#\/schema\/logo\/image\/"},"sameAs":["https:\/\/www.facebook.com\/gohike.shop\/","https:\/\/www.instagram.com\/gohike.shop\/"]}]}},"jetpack_sharing_enabled":true,"_links":{"self":[{"href":"https:\/\/gohike.lv\/ru\/wp-json\/wp\/v2\/product\/65231","targetHints":{"allow":["GET"]}}],"collection":[{"href":"https:\/\/gohike.lv\/ru\/wp-json\/wp\/v2\/product"}],"about":[{"href":"https:\/\/gohike.lv\/ru\/wp-json\/wp\/v2\/types\/product"}],"version-history":[{"count":1,"href":"https:\/\/gohike.lv\/ru\/wp-json\/wp\/v2\/product\/65231\/revisions"}],"predecessor-version":[{"id":118864,"href":"https:\/\/gohike.lv\/ru\/wp-json\/wp\/v2\/product\/65231\/revisions\/118864"}],"wp:featuredmedia":[{"embeddable":true,"href":"https:\/\/gohike.lv\/ru\/wp-json\/wp\/v2\/media\/65233"}],"wp:attachment":[{"href":"https:\/\/gohike.lv\/ru\/wp-json\/wp\/v2\/media?parent=65231"}],"wp:term":[{"taxonomy":"product_brand","embeddable":true,"href":"https:\/\/gohike.lv\/ru\/wp-json\/wp\/v2\/product_brand?post=65231"},{"taxonomy":"product_cat","embeddable":true,"href":"https:\/\/gohike.lv\/ru\/wp-json\/wp\/v2\/product_cat?post=65231"},{"taxonomy":"product_tag","embeddable":true,"href":"https:\/\/gohike.lv\/ru\/wp-json\/wp\/v2\/product_tag?post=65231"}],"curies":[{"name":"wp","href":"https:\/\/api.w.org\/{rel}","templated":true}]}}