{"id":65172,"date":"2025-01-10T15:23:07","date_gmt":"2025-01-10T12:23:07","guid":{"rendered":"https:\/\/gohike.lv\/produkts\/firemaple-frost-08l-aluminija-pusdienu-kaste\/"},"modified":"2025-12-30T17:24:27","modified_gmt":"2025-12-30T14:24:27","slug":"firemaple-frost-08l-aluminija-pusdienu-kaste","status":"publish","type":"product","link":"https:\/\/gohike.lv\/ru\/produkts\/firemaple-frost-08l-aluminija-pusdienu-kaste\/","title":{"rendered":"FIREMAPLE &#8212; Frost 0,8L Alum\u012bnija pusdienu kaste"},"content":{"rendered":"<p>Funkcijas:<br \/>\n\u2022 P\u0101rtikas kvalit\u0101te: izgatavota no augstas kvalit\u0101tes alum\u012bnija un 18-8 ner\u016bs\u0113jo\u0161\u0101 t\u0113rauda, pusdienu kaste ir ide\u0101li piem\u0113rota kempingam, piknikiem un daudziem citiem \u0101ra piedz\u012bvojumiem.<br \/>\n\u2022 \u0100tra uzsild\u012b\u0161ana: J\u016bs varat baud\u012bt siltas malt\u012btes \u0101rpus telp\u0101m tikai da\u017eu min\u016b\u0161u laik\u0101, pateicoties t\u0101s \u0101tras uzsild\u012b\u0161anas sp\u0113j\u0101m. Esiet piesardz\u012bgi ar karsto v\u0101ku un, ja nepiecie\u0161ams, izmantojiet cimdus;<br \/>\n\u2022 Daudzfunkcion\u0101la: \u0161\u012b atkl\u0101t\u0101s uguns kempinga pusdienu kaste ir piem\u0113rota v\u0101r\u012b\u0161anai, saut\u0113\u0161anai un cep\u0161anai, un iek\u013cautais ner\u016bs\u0113jo\u0161\u0101 t\u0113rauda stat\u012bvs \u013cauj ar\u012b tvaic\u0113t \u0113dienu;<br \/>\n\u2022 \u0112rts rokturis: rokturi var saloc\u012bt, un tas ir p\u0101rkl\u0101ts ar siltuma iztur\u012bgu silikonu. Tas ir kompakts un \u0113rts uzglab\u0101\u0161anai mugursom\u0101, k\u0101 ar\u012b pietiekami iztur\u012bgs, lai tur\u0113tu visu ar \u0113dieniem;<br \/>\n\u2022 P\u0101rn\u0113s\u0101jama un viegla: svars tikai 206 g, saloc\u012bts izm\u0113rs 179.77 cm, kop\u0113j\u0101 ietilp\u012bba 800 ml.<br \/>\nMateri\u0101ls: alum\u012bnija sakaus\u0113jums, ner\u016bs\u0113jo\u0161ais t\u0113rauds, silikons.<br \/>\nSvars: 206 g.<br \/>\nIzm\u0113rs:<br \/>\n\u2022 Izkl\u0101t\u0101 veid\u0101: 29.5*9.7*6.5 cm;<br \/>\n\u2022 Saloc\u012bt\u0101 veid\u0101: 17*9.7*7 cm.<br \/>\nTilpums: 800 ml.<\/p>\n","protected":false},"excerpt":{"rendered":"<p>P\u0101rtikas uzglab\u0101\u0161anas kaste ar salok\u0101mu rokturi ir piem\u0113rota ne tikai uzkod\u0101m, bet ar\u012b v\u0101r\u012b\u0161anai, saut\u0113\u0161anai un cep\u0161anai, un iek\u013cautais ner\u016bs\u0113jo\u0161\u0101 t\u0113rauda stat\u012bvs \u013cauj ar\u012b tvaic\u0113t \u0113dienu.<\/p>\n","protected":false},"featured_media":65174,"template":"","meta":[],"product_brand":[1080],"product_cat":[1012],"product_tag":[],"class_list":{"0":"post-65172","1":"product","2":"type-product","3":"status-publish","4":"has-post-thumbnail","6":"product_brand-firemaple-lv","7":"product_cat-virtuves-piederumi","8":"pa_izmeriscm-29-59-76-5","9":"pa_produkta-tips-katli-un-pannas","10":"pa_saliktas-preces-izmerscm-179-77","11":"pa_tilpums-800ml","13":"first","14":"instock","15":"taxable","16":"shipping-taxable","17":"purchasable","18":"product-type-simple"},"raw_content":{"name":"FIREMAPLE - Frost 0,8L Alum\u012bnija pusdienu kaste","description":"Funkcijas:\n\u2022 P\u0101rtikas kvalit\u0101te: izgatavota no augstas kvalit\u0101tes alum\u012bnija un 18-8 ner\u016bs\u0113jo\u0161\u0101 t\u0113rauda, pusdienu kaste ir ide\u0101li piem\u0113rota kempingam, piknikiem un daudziem citiem \u0101ra piedz\u012bvojumiem.\n\u2022 \u0100tra uzsild\u012b\u0161ana: J\u016bs varat baud\u012bt siltas malt\u012btes \u0101rpus telp\u0101m tikai da\u017eu min\u016b\u0161u laik\u0101, pateicoties t\u0101s \u0101tras uzsild\u012b\u0161anas sp\u0113j\u0101m. Esiet piesardz\u012bgi ar karsto v\u0101ku un, ja nepiecie\u0161ams, izmantojiet cimdus;\n\u2022 Daudzfunkcion\u0101la: \u0161\u012b atkl\u0101t\u0101s uguns kempinga pusdienu kaste ir piem\u0113rota v\u0101r\u012b\u0161anai, saut\u0113\u0161anai un cep\u0161anai, un iek\u013cautais ner\u016bs\u0113jo\u0161\u0101 t\u0113rauda stat\u012bvs \u013cauj ar\u012b tvaic\u0113t \u0113dienu;\n\u2022 \u0112rts rokturis: rokturi var saloc\u012bt, un tas ir p\u0101rkl\u0101ts ar siltuma iztur\u012bgu silikonu. Tas ir kompakts un \u0113rts uzglab\u0101\u0161anai mugursom\u0101, k\u0101 ar\u012b pietiekami iztur\u012bgs, lai tur\u0113tu visu ar \u0113dieniem;\n\u2022 P\u0101rn\u0113s\u0101jama un viegla: svars tikai 206 g, saloc\u012bts izm\u0113rs 179.77 cm, kop\u0113j\u0101 ietilp\u012bba 800 ml.\nMateri\u0101ls: alum\u012bnija sakaus\u0113jums, ner\u016bs\u0113jo\u0161ais t\u0113rauds, silikons.\nSvars: 206 g.\nIzm\u0113rs:\n\u2022 Izkl\u0101t\u0101 veid\u0101: 29.5*9.7*6.5 cm;\n\u2022 Saloc\u012bt\u0101 veid\u0101: 17*9.7*7 cm.\nTilpums: 800 ml.","short_description":"P\u0101rtikas uzglab\u0101\u0161anas kaste ar salok\u0101mu rokturi ir piem\u0113rota ne tikai uzkod\u0101m, bet ar\u012b v\u0101r\u012b\u0161anai, saut\u0113\u0161anai un cep\u0161anai, un iek\u013cautais ner\u016bs\u0113jo\u0161\u0101 t\u0113rauda stat\u012bvs \u013cauj ar\u012b tvaic\u0113t \u0113dienu.","status":"publish","sku":"6971490128090","original":65172},"wpml":{"translation_type":1,"has_translations":true,"original":65172,"duplicates":[],"translations":{"lv":65172,"en":67026,"ru":null}},"supplier_id":null,"supplier_sku":"","barcode":null,"atum_controlled":true,"out_stock_date":null,"out_stock_threshold":null,"inheritable":false,"inbound_stock":0,"stock_on_hold":0,"sold_today":0,"sales_last_days":0,"reserved_stock":0,"customer_returns":0,"warehouse_damage":0,"lost_in_post":0,"other_logs":0,"out_stock_days":0,"lost_sales":0,"has_location":false,"update_date":"2025-12-30T14:30:30","atum_locations":[],"atum_stock_status":"instock","restock_status":false,"low_stock_amount":"","sales_update_date":"2025-11-13T14:08:59","calc_backorders":null,"yoast_head":"<!-- This site is optimized with the Yoast SEO plugin v27.3 - https:\/\/yoast.com\/product\/yoast-seo-wordpress\/ -->\n<title>FIREMAPLE Frost 0,8L Alum\u012bnija pusdienu kaste - Frost 0,8L alum\u012bnija pusdienu kaste<\/title>\n<meta name=\"description\" content=\"P\u0101rtikas uzglab\u0101\u0161anas kaste ar salok\u0101mu rokturi ir piem\u0113rota ne tikai uzkod\u0101m, bet ar\u012b v\u0101r\u012b\u0161anai, saut\u0113\u0161anai un cep\u0161anai, un iek\u013cautais ner\u016bs\u0113jo\u0161\u0101 t\u0113rauda stat\u012bvs \u013cauj ar\u012b tvaic\u0113t \u0113dienu.\" \/>\n<meta name=\"robots\" content=\"index, follow, max-snippet:-1, max-image-preview:large, max-video-preview:-1\" \/>\n<link rel=\"canonical\" href=\"https:\/\/gohike.lv\/ru\/produkts\/firemaple-frost-08l-aluminija-pusdienu-kaste\/\" \/>\n<meta property=\"og:locale\" content=\"ru_RU\" \/>\n<meta property=\"og:type\" content=\"article\" \/>\n<meta property=\"og:title\" content=\"FIREMAPLE Frost 0,8L Alum\u012bnija pusdienu kaste - Frost 0,8L alum\u012bnija pusdienu kaste\" \/>\n<meta property=\"og:description\" content=\"P\u0101rtikas uzglab\u0101\u0161anas kaste ar salok\u0101mu rokturi ir piem\u0113rota ne tikai uzkod\u0101m, bet ar\u012b v\u0101r\u012b\u0161anai, saut\u0113\u0161anai un cep\u0161anai, un iek\u013cautais ner\u016bs\u0113jo\u0161\u0101 t\u0113rauda stat\u012bvs \u013cauj ar\u012b tvaic\u0113t \u0113dienu.\" \/>\n<meta property=\"og:url\" content=\"https:\/\/gohike.lv\/ru\/produkts\/firemaple-frost-08l-aluminija-pusdienu-kaste\/\" \/>\n<meta property=\"og:site_name\" content=\"GoHike\" \/>\n<meta property=\"article:publisher\" content=\"https:\/\/www.facebook.com\/gohike.shop\/\" \/>\n<meta property=\"article:modified_time\" content=\"2025-12-30T14:24:27+00:00\" \/>\n<meta property=\"og:image\" content=\"https:\/\/gohike.lv\/wp-content\/uploads\/2025\/01\/ALlunchbox_-1.webp\" \/>\n\t<meta property=\"og:image:width\" content=\"1000\" \/>\n\t<meta property=\"og:image:height\" content=\"1000\" \/>\n\t<meta property=\"og:image:type\" content=\"image\/webp\" \/>\n<meta name=\"twitter:card\" content=\"summary_large_image\" \/>\n<meta name=\"twitter:title\" content=\"FIREMAPLE Frost 0,8L Alum\u012bnija pusdienu kaste - Frost 0,8L alum\u012bnija pusdienu kaste\" \/>\n<meta name=\"twitter:label1\" content=\"\u041f\u0440\u0438\u043c\u0435\u0440\u043d\u043e\u0435 \u0432\u0440\u0435\u043c\u044f \u0434\u043b\u044f \u0447\u0442\u0435\u043d\u0438\u044f\" \/>\n\t<meta name=\"twitter:data1\" content=\"1 \u043c\u0438\u043d\u0443\u0442\u0430\" \/>\n<script type=\"application\/ld+json\" class=\"yoast-schema-graph\">{\"@context\":\"https:\\\/\\\/schema.org\",\"@graph\":[{\"@type\":[\"WebPage\",\"ItemPage\"],\"@id\":\"https:\\\/\\\/gohike.lv\\\/ru\\\/produkts\\\/firemaple-frost-08l-aluminija-pusdienu-kaste\\\/\",\"url\":\"https:\\\/\\\/gohike.lv\\\/ru\\\/produkts\\\/firemaple-frost-08l-aluminija-pusdienu-kaste\\\/\",\"name\":\"FIREMAPLE Frost 0,8L Alum\u012bnija pusdienu kaste - Frost 0,8L alum\u012bnija pusdienu kaste\",\"isPartOf\":{\"@id\":\"https:\\\/\\\/gohike.lv\\\/ru\\\/#website\"},\"primaryImageOfPage\":{\"@id\":\"https:\\\/\\\/gohike.lv\\\/ru\\\/produkts\\\/firemaple-frost-08l-aluminija-pusdienu-kaste\\\/#primaryimage\"},\"image\":{\"@id\":\"https:\\\/\\\/gohike.lv\\\/ru\\\/produkts\\\/firemaple-frost-08l-aluminija-pusdienu-kaste\\\/#primaryimage\"},\"thumbnailUrl\":\"https:\\\/\\\/gohike.lv\\\/wp-content\\\/uploads\\\/2025\\\/01\\\/ALlunchbox_-1.webp\",\"datePublished\":\"2025-01-10T12:23:07+00:00\",\"dateModified\":\"2025-12-30T14:24:27+00:00\",\"description\":\"P\u0101rtikas uzglab\u0101\u0161anas kaste ar salok\u0101mu rokturi ir piem\u0113rota ne tikai uzkod\u0101m, bet ar\u012b v\u0101r\u012b\u0161anai, saut\u0113\u0161anai un cep\u0161anai, un iek\u013cautais ner\u016bs\u0113jo\u0161\u0101 t\u0113rauda stat\u012bvs \u013cauj ar\u012b tvaic\u0113t \u0113dienu.\",\"breadcrumb\":{\"@id\":\"https:\\\/\\\/gohike.lv\\\/ru\\\/produkts\\\/firemaple-frost-08l-aluminija-pusdienu-kaste\\\/#breadcrumb\"},\"inLanguage\":\"ru-RU\",\"potentialAction\":[{\"@type\":\"ReadAction\",\"target\":[\"https:\\\/\\\/gohike.lv\\\/ru\\\/produkts\\\/firemaple-frost-08l-aluminija-pusdienu-kaste\\\/\"]}]},{\"@type\":\"ImageObject\",\"inLanguage\":\"ru-RU\",\"@id\":\"https:\\\/\\\/gohike.lv\\\/ru\\\/produkts\\\/firemaple-frost-08l-aluminija-pusdienu-kaste\\\/#primaryimage\",\"url\":\"https:\\\/\\\/gohike.lv\\\/wp-content\\\/uploads\\\/2025\\\/01\\\/ALlunchbox_-1.webp\",\"contentUrl\":\"https:\\\/\\\/gohike.lv\\\/wp-content\\\/uploads\\\/2025\\\/01\\\/ALlunchbox_-1.webp\",\"width\":1000,\"height\":1000},{\"@type\":\"BreadcrumbList\",\"@id\":\"https:\\\/\\\/gohike.lv\\\/ru\\\/produkts\\\/firemaple-frost-08l-aluminija-pusdienu-kaste\\\/#breadcrumb\",\"itemListElement\":[{\"@type\":\"ListItem\",\"position\":1,\"name\":\"\u0413\u043b\u0430\u0432\u043d\u0430\u044f\",\"item\":\"https:\\\/\\\/gohike.lv\\\/ru\\\/\"},{\"@type\":\"ListItem\",\"position\":2,\"name\":\"\u041a\u0430\u0442\u0435\u0433\u043e\u0440\u0438\u0438 \u0442\u043e\u0432\u0430\u0440\u043e\u0432\",\"item\":\"https:\\\/\\\/gohike.lv\\\/%d0%ba%d0%b0%d1%82%d0%b5%d0%b3%d0%be%d1%80%d0%b8%d0%b8-%d1%82%d0%be%d0%b2%d0%b0%d1%80%d0%be%d0%b2\\\/\"},{\"@type\":\"ListItem\",\"position\":3,\"name\":\"FIREMAPLE &#8211; Frost 0,8L Alum\u012bnija pusdienu kaste\"}]},{\"@type\":\"WebSite\",\"@id\":\"https:\\\/\\\/gohike.lv\\\/ru\\\/#website\",\"url\":\"https:\\\/\\\/gohike.lv\\\/ru\\\/\",\"name\":\"GoHike\",\"description\":\"\",\"publisher\":{\"@id\":\"https:\\\/\\\/gohike.lv\\\/ru\\\/#organization\"},\"potentialAction\":[{\"@type\":\"SearchAction\",\"target\":{\"@type\":\"EntryPoint\",\"urlTemplate\":\"https:\\\/\\\/gohike.lv\\\/ru\\\/?s={search_term_string}\"},\"query-input\":{\"@type\":\"PropertyValueSpecification\",\"valueRequired\":true,\"valueName\":\"search_term_string\"}}],\"inLanguage\":\"ru-RU\"},{\"@type\":\"Organization\",\"@id\":\"https:\\\/\\\/gohike.lv\\\/ru\\\/#organization\",\"name\":\"GoHike\",\"url\":\"https:\\\/\\\/gohike.lv\\\/ru\\\/\",\"logo\":{\"@type\":\"ImageObject\",\"inLanguage\":\"ru-RU\",\"@id\":\"https:\\\/\\\/gohike.lv\\\/ru\\\/#\\\/schema\\\/logo\\\/image\\\/\",\"url\":\"https:\\\/\\\/gohike.lv\\\/wp-content\\\/uploads\\\/2023\\\/08\\\/Logo_GoHike.webp\",\"contentUrl\":\"https:\\\/\\\/gohike.lv\\\/wp-content\\\/uploads\\\/2023\\\/08\\\/Logo_GoHike.webp\",\"width\":512,\"height\":512,\"caption\":\"GoHike\"},\"image\":{\"@id\":\"https:\\\/\\\/gohike.lv\\\/ru\\\/#\\\/schema\\\/logo\\\/image\\\/\"},\"sameAs\":[\"https:\\\/\\\/www.facebook.com\\\/gohike.shop\\\/\",\"https:\\\/\\\/www.instagram.com\\\/gohike.shop\\\/\"]}]}<\/script>\n<!-- \/ Yoast SEO plugin. -->","yoast_head_json":{"title":"FIREMAPLE Frost 0,8L Alum\u012bnija pusdienu kaste - Frost 0,8L alum\u012bnija pusdienu kaste","description":"P\u0101rtikas uzglab\u0101\u0161anas kaste ar salok\u0101mu rokturi ir piem\u0113rota ne tikai uzkod\u0101m, bet ar\u012b v\u0101r\u012b\u0161anai, saut\u0113\u0161anai un cep\u0161anai, un iek\u013cautais ner\u016bs\u0113jo\u0161\u0101 t\u0113rauda stat\u012bvs \u013cauj ar\u012b tvaic\u0113t \u0113dienu.","robots":{"index":"index","follow":"follow","max-snippet":"max-snippet:-1","max-image-preview":"max-image-preview:large","max-video-preview":"max-video-preview:-1"},"canonical":"https:\/\/gohike.lv\/ru\/produkts\/firemaple-frost-08l-aluminija-pusdienu-kaste\/","og_locale":"ru_RU","og_type":"article","og_title":"FIREMAPLE Frost 0,8L Alum\u012bnija pusdienu kaste - Frost 0,8L alum\u012bnija pusdienu kaste","og_description":"P\u0101rtikas uzglab\u0101\u0161anas kaste ar salok\u0101mu rokturi ir piem\u0113rota ne tikai uzkod\u0101m, bet ar\u012b v\u0101r\u012b\u0161anai, saut\u0113\u0161anai un cep\u0161anai, un iek\u013cautais ner\u016bs\u0113jo\u0161\u0101 t\u0113rauda stat\u012bvs \u013cauj ar\u012b tvaic\u0113t \u0113dienu.","og_url":"https:\/\/gohike.lv\/ru\/produkts\/firemaple-frost-08l-aluminija-pusdienu-kaste\/","og_site_name":"GoHike","article_publisher":"https:\/\/www.facebook.com\/gohike.shop\/","article_modified_time":"2025-12-30T14:24:27+00:00","og_image":[{"width":1000,"height":1000,"url":"https:\/\/gohike.lv\/wp-content\/uploads\/2025\/01\/ALlunchbox_-1.webp","type":"image\/webp"}],"twitter_card":"summary_large_image","twitter_title":"FIREMAPLE Frost 0,8L Alum\u012bnija pusdienu kaste - Frost 0,8L alum\u012bnija pusdienu kaste","twitter_misc":{"\u041f\u0440\u0438\u043c\u0435\u0440\u043d\u043e\u0435 \u0432\u0440\u0435\u043c\u044f \u0434\u043b\u044f \u0447\u0442\u0435\u043d\u0438\u044f":"1 \u043c\u0438\u043d\u0443\u0442\u0430"},"schema":{"@context":"https:\/\/schema.org","@graph":[{"@type":["WebPage","ItemPage"],"@id":"https:\/\/gohike.lv\/ru\/produkts\/firemaple-frost-08l-aluminija-pusdienu-kaste\/","url":"https:\/\/gohike.lv\/ru\/produkts\/firemaple-frost-08l-aluminija-pusdienu-kaste\/","name":"FIREMAPLE Frost 0,8L Alum\u012bnija pusdienu kaste - Frost 0,8L alum\u012bnija pusdienu kaste","isPartOf":{"@id":"https:\/\/gohike.lv\/ru\/#website"},"primaryImageOfPage":{"@id":"https:\/\/gohike.lv\/ru\/produkts\/firemaple-frost-08l-aluminija-pusdienu-kaste\/#primaryimage"},"image":{"@id":"https:\/\/gohike.lv\/ru\/produkts\/firemaple-frost-08l-aluminija-pusdienu-kaste\/#primaryimage"},"thumbnailUrl":"https:\/\/gohike.lv\/wp-content\/uploads\/2025\/01\/ALlunchbox_-1.webp","datePublished":"2025-01-10T12:23:07+00:00","dateModified":"2025-12-30T14:24:27+00:00","description":"P\u0101rtikas uzglab\u0101\u0161anas kaste ar salok\u0101mu rokturi ir piem\u0113rota ne tikai uzkod\u0101m, bet ar\u012b v\u0101r\u012b\u0161anai, saut\u0113\u0161anai un cep\u0161anai, un iek\u013cautais ner\u016bs\u0113jo\u0161\u0101 t\u0113rauda stat\u012bvs \u013cauj ar\u012b tvaic\u0113t \u0113dienu.","breadcrumb":{"@id":"https:\/\/gohike.lv\/ru\/produkts\/firemaple-frost-08l-aluminija-pusdienu-kaste\/#breadcrumb"},"inLanguage":"ru-RU","potentialAction":[{"@type":"ReadAction","target":["https:\/\/gohike.lv\/ru\/produkts\/firemaple-frost-08l-aluminija-pusdienu-kaste\/"]}]},{"@type":"ImageObject","inLanguage":"ru-RU","@id":"https:\/\/gohike.lv\/ru\/produkts\/firemaple-frost-08l-aluminija-pusdienu-kaste\/#primaryimage","url":"https:\/\/gohike.lv\/wp-content\/uploads\/2025\/01\/ALlunchbox_-1.webp","contentUrl":"https:\/\/gohike.lv\/wp-content\/uploads\/2025\/01\/ALlunchbox_-1.webp","width":1000,"height":1000},{"@type":"BreadcrumbList","@id":"https:\/\/gohike.lv\/ru\/produkts\/firemaple-frost-08l-aluminija-pusdienu-kaste\/#breadcrumb","itemListElement":[{"@type":"ListItem","position":1,"name":"\u0413\u043b\u0430\u0432\u043d\u0430\u044f","item":"https:\/\/gohike.lv\/ru\/"},{"@type":"ListItem","position":2,"name":"\u041a\u0430\u0442\u0435\u0433\u043e\u0440\u0438\u0438 \u0442\u043e\u0432\u0430\u0440\u043e\u0432","item":"https:\/\/gohike.lv\/%d0%ba%d0%b0%d1%82%d0%b5%d0%b3%d0%be%d1%80%d0%b8%d0%b8-%d1%82%d0%be%d0%b2%d0%b0%d1%80%d0%be%d0%b2\/"},{"@type":"ListItem","position":3,"name":"FIREMAPLE &#8211; Frost 0,8L Alum\u012bnija pusdienu kaste"}]},{"@type":"WebSite","@id":"https:\/\/gohike.lv\/ru\/#website","url":"https:\/\/gohike.lv\/ru\/","name":"GoHike","description":"","publisher":{"@id":"https:\/\/gohike.lv\/ru\/#organization"},"potentialAction":[{"@type":"SearchAction","target":{"@type":"EntryPoint","urlTemplate":"https:\/\/gohike.lv\/ru\/?s={search_term_string}"},"query-input":{"@type":"PropertyValueSpecification","valueRequired":true,"valueName":"search_term_string"}}],"inLanguage":"ru-RU"},{"@type":"Organization","@id":"https:\/\/gohike.lv\/ru\/#organization","name":"GoHike","url":"https:\/\/gohike.lv\/ru\/","logo":{"@type":"ImageObject","inLanguage":"ru-RU","@id":"https:\/\/gohike.lv\/ru\/#\/schema\/logo\/image\/","url":"https:\/\/gohike.lv\/wp-content\/uploads\/2023\/08\/Logo_GoHike.webp","contentUrl":"https:\/\/gohike.lv\/wp-content\/uploads\/2023\/08\/Logo_GoHike.webp","width":512,"height":512,"caption":"GoHike"},"image":{"@id":"https:\/\/gohike.lv\/ru\/#\/schema\/logo\/image\/"},"sameAs":["https:\/\/www.facebook.com\/gohike.shop\/","https:\/\/www.instagram.com\/gohike.shop\/"]}]}},"jetpack_sharing_enabled":true,"_links":{"self":[{"href":"https:\/\/gohike.lv\/ru\/wp-json\/wp\/v2\/product\/65172","targetHints":{"allow":["GET"]}}],"collection":[{"href":"https:\/\/gohike.lv\/ru\/wp-json\/wp\/v2\/product"}],"about":[{"href":"https:\/\/gohike.lv\/ru\/wp-json\/wp\/v2\/types\/product"}],"version-history":[{"count":1,"href":"https:\/\/gohike.lv\/ru\/wp-json\/wp\/v2\/product\/65172\/revisions"}],"predecessor-version":[{"id":118931,"href":"https:\/\/gohike.lv\/ru\/wp-json\/wp\/v2\/product\/65172\/revisions\/118931"}],"wp:featuredmedia":[{"embeddable":true,"href":"https:\/\/gohike.lv\/ru\/wp-json\/wp\/v2\/media\/65174"}],"wp:attachment":[{"href":"https:\/\/gohike.lv\/ru\/wp-json\/wp\/v2\/media?parent=65172"}],"wp:term":[{"taxonomy":"product_brand","embeddable":true,"href":"https:\/\/gohike.lv\/ru\/wp-json\/wp\/v2\/product_brand?post=65172"},{"taxonomy":"product_cat","embeddable":true,"href":"https:\/\/gohike.lv\/ru\/wp-json\/wp\/v2\/product_cat?post=65172"},{"taxonomy":"product_tag","embeddable":true,"href":"https:\/\/gohike.lv\/ru\/wp-json\/wp\/v2\/product_tag?post=65172"}],"curies":[{"name":"wp","href":"https:\/\/api.w.org\/{rel}","templated":true}]}}