{"id":65136,"date":"2025-01-10T15:21:41","date_gmt":"2025-01-10T12:21:41","guid":{"rendered":"https:\/\/gohike.lv\/produkts\/firemaple-orca-kafijas-tejkanna-600ml\/"},"modified":"2025-12-30T17:24:27","modified_gmt":"2025-12-30T14:24:27","slug":"firemaple-orca-kafijas-tejkanna-600ml","status":"publish","type":"product","link":"https:\/\/gohike.lv\/ru\/produkts\/firemaple-orca-kafijas-tejkanna-600ml\/","title":{"rendered":"FIREMAPLE &#8212; Orca kafijas t\u0113jkanna, 600ml"},"content":{"rendered":"<p>Funkcijas:<br \/>\n\u2022 Materi\u0101ls: SUS304 \/ B\u0113rzs;<br \/>\n\u2022 Svars: 424,5 g;<br \/>\n\u2022 Izm\u0113rs: 9.15*23.45*13.65 cm.<\/p>\n","protected":false},"excerpt":{"rendered":"<p>Kompakta izm\u0113ra t\u0113jkanna ce\u013co\u0161anai. 304 p\u0101rtikas kvalit\u0101tes ner\u016bs\u0113jo\u0161ais t\u0113rauds nov\u0113r\u0161 r\u016bsas veido\u0161anos un nodro\u0161ina iztur\u012bbu \u0101ra apst\u0101k\u013cos.<\/p>\n","protected":false},"featured_media":65138,"template":"","meta":[],"product_brand":[1080],"product_cat":[1012],"product_tag":[],"class_list":{"0":"post-65136","1":"product","2":"type-product","3":"status-publish","4":"has-post-thumbnail","6":"product_brand-firemaple-lv","7":"product_cat-virtuves-piederumi","8":"pa_izmeriscm-9-1523-4513-65","9":"pa_produkta-tips-katli-un-pannas","10":"pa_tilpums-600ml","12":"first","13":"instock","14":"taxable","15":"shipping-taxable","16":"purchasable","17":"product-type-simple"},"raw_content":{"name":"FIREMAPLE - Orca kafijas t\u0113jkanna, 600ml","description":"Funkcijas:\n\u2022 Materi\u0101ls: SUS304 \/ B\u0113rzs;\n\u2022 Svars: 424,5 g;\n\u2022 Izm\u0113rs: 9.15*23.45*13.65 cm.","short_description":"Kompakta izm\u0113ra t\u0113jkanna ce\u013co\u0161anai. 304 p\u0101rtikas kvalit\u0101tes ner\u016bs\u0113jo\u0161ais t\u0113rauds nov\u0113r\u0161 r\u016bsas veido\u0161anos un nodro\u0161ina iztur\u012bbu \u0101ra apst\u0101k\u013cos.","status":"publish","sku":"6971490128007","original":65136},"wpml":{"translation_type":1,"has_translations":true,"original":65136,"duplicates":[],"translations":{"lv":65136,"en":67019,"ru":null}},"supplier_id":null,"supplier_sku":"","barcode":null,"atum_controlled":true,"out_stock_date":null,"out_stock_threshold":null,"inheritable":false,"inbound_stock":0,"stock_on_hold":0,"sold_today":0,"sales_last_days":0,"reserved_stock":0,"customer_returns":0,"warehouse_damage":0,"lost_in_post":0,"other_logs":0,"out_stock_days":0,"lost_sales":0,"has_location":false,"update_date":"2025-12-30T14:30:30","atum_locations":[],"atum_stock_status":"instock","restock_status":false,"low_stock_amount":"","sales_update_date":"2025-11-13T14:09:01","calc_backorders":null,"yoast_head":"<!-- This site is optimized with the Yoast SEO plugin v27.3 - https:\/\/yoast.com\/product\/yoast-seo-wordpress\/ -->\n<title>FIREMAPLE Orca kafijas t\u0113jkanna, 600ml - Orca kafijas t\u0113jkanna, 600ml<\/title>\n<meta name=\"description\" content=\"Kompakta izm\u0113ra t\u0113jkanna ce\u013co\u0161anai. 304 p\u0101rtikas kvalit\u0101tes ner\u016bs\u0113jo\u0161ais t\u0113rauds nov\u0113r\u0161 r\u016bsas veido\u0161anos un nodro\u0161ina iztur\u012bbu \u0101ra apst\u0101k\u013cos.\" \/>\n<meta name=\"robots\" content=\"index, follow, max-snippet:-1, max-image-preview:large, max-video-preview:-1\" \/>\n<link rel=\"canonical\" href=\"https:\/\/gohike.lv\/ru\/produkts\/firemaple-orca-kafijas-tejkanna-600ml\/\" \/>\n<meta property=\"og:locale\" content=\"ru_RU\" \/>\n<meta property=\"og:type\" content=\"article\" \/>\n<meta property=\"og:title\" content=\"FIREMAPLE Orca kafijas t\u0113jkanna, 600ml - Orca kafijas t\u0113jkanna, 600ml\" \/>\n<meta property=\"og:description\" content=\"Kompakta izm\u0113ra t\u0113jkanna ce\u013co\u0161anai. 304 p\u0101rtikas kvalit\u0101tes ner\u016bs\u0113jo\u0161ais t\u0113rauds nov\u0113r\u0161 r\u016bsas veido\u0161anos un nodro\u0161ina iztur\u012bbu \u0101ra apst\u0101k\u013cos.\" \/>\n<meta property=\"og:url\" content=\"https:\/\/gohike.lv\/ru\/produkts\/firemaple-orca-kafijas-tejkanna-600ml\/\" \/>\n<meta property=\"og:site_name\" content=\"GoHike\" \/>\n<meta property=\"article:publisher\" content=\"https:\/\/www.facebook.com\/gohike.shop\/\" \/>\n<meta property=\"article:modified_time\" content=\"2025-12-30T14:24:27+00:00\" \/>\n<meta property=\"og:image\" content=\"https:\/\/gohike.lv\/wp-content\/uploads\/2025\/01\/OrcaCoffee600ml_-1.webp\" \/>\n\t<meta property=\"og:image:width\" content=\"1800\" \/>\n\t<meta property=\"og:image:height\" content=\"1800\" \/>\n\t<meta property=\"og:image:type\" content=\"image\/webp\" \/>\n<meta name=\"twitter:card\" content=\"summary_large_image\" \/>\n<meta name=\"twitter:title\" content=\"FIREMAPLE Orca kafijas t\u0113jkanna, 600ml - Orca kafijas t\u0113jkanna, 600ml\" \/>\n<meta name=\"twitter:label1\" content=\"\u041f\u0440\u0438\u043c\u0435\u0440\u043d\u043e\u0435 \u0432\u0440\u0435\u043c\u044f \u0434\u043b\u044f \u0447\u0442\u0435\u043d\u0438\u044f\" \/>\n\t<meta name=\"twitter:data1\" content=\"1 \u043c\u0438\u043d\u0443\u0442\u0430\" \/>\n<script type=\"application\/ld+json\" class=\"yoast-schema-graph\">{\"@context\":\"https:\\\/\\\/schema.org\",\"@graph\":[{\"@type\":[\"WebPage\",\"ItemPage\"],\"@id\":\"https:\\\/\\\/gohike.lv\\\/ru\\\/produkts\\\/firemaple-orca-kafijas-tejkanna-600ml\\\/\",\"url\":\"https:\\\/\\\/gohike.lv\\\/ru\\\/produkts\\\/firemaple-orca-kafijas-tejkanna-600ml\\\/\",\"name\":\"FIREMAPLE Orca kafijas t\u0113jkanna, 600ml - Orca kafijas t\u0113jkanna, 600ml\",\"isPartOf\":{\"@id\":\"https:\\\/\\\/gohike.lv\\\/ru\\\/#website\"},\"primaryImageOfPage\":{\"@id\":\"https:\\\/\\\/gohike.lv\\\/ru\\\/produkts\\\/firemaple-orca-kafijas-tejkanna-600ml\\\/#primaryimage\"},\"image\":{\"@id\":\"https:\\\/\\\/gohike.lv\\\/ru\\\/produkts\\\/firemaple-orca-kafijas-tejkanna-600ml\\\/#primaryimage\"},\"thumbnailUrl\":\"https:\\\/\\\/gohike.lv\\\/wp-content\\\/uploads\\\/2025\\\/01\\\/OrcaCoffee600ml_-1.webp\",\"datePublished\":\"2025-01-10T12:21:41+00:00\",\"dateModified\":\"2025-12-30T14:24:27+00:00\",\"description\":\"Kompakta izm\u0113ra t\u0113jkanna ce\u013co\u0161anai. 304 p\u0101rtikas kvalit\u0101tes ner\u016bs\u0113jo\u0161ais t\u0113rauds nov\u0113r\u0161 r\u016bsas veido\u0161anos un nodro\u0161ina iztur\u012bbu \u0101ra apst\u0101k\u013cos.\",\"breadcrumb\":{\"@id\":\"https:\\\/\\\/gohike.lv\\\/ru\\\/produkts\\\/firemaple-orca-kafijas-tejkanna-600ml\\\/#breadcrumb\"},\"inLanguage\":\"ru-RU\",\"potentialAction\":[{\"@type\":\"ReadAction\",\"target\":[\"https:\\\/\\\/gohike.lv\\\/ru\\\/produkts\\\/firemaple-orca-kafijas-tejkanna-600ml\\\/\"]}]},{\"@type\":\"ImageObject\",\"inLanguage\":\"ru-RU\",\"@id\":\"https:\\\/\\\/gohike.lv\\\/ru\\\/produkts\\\/firemaple-orca-kafijas-tejkanna-600ml\\\/#primaryimage\",\"url\":\"https:\\\/\\\/gohike.lv\\\/wp-content\\\/uploads\\\/2025\\\/01\\\/OrcaCoffee600ml_-1.webp\",\"contentUrl\":\"https:\\\/\\\/gohike.lv\\\/wp-content\\\/uploads\\\/2025\\\/01\\\/OrcaCoffee600ml_-1.webp\",\"width\":1800,\"height\":1800},{\"@type\":\"BreadcrumbList\",\"@id\":\"https:\\\/\\\/gohike.lv\\\/ru\\\/produkts\\\/firemaple-orca-kafijas-tejkanna-600ml\\\/#breadcrumb\",\"itemListElement\":[{\"@type\":\"ListItem\",\"position\":1,\"name\":\"\u0413\u043b\u0430\u0432\u043d\u0430\u044f\",\"item\":\"https:\\\/\\\/gohike.lv\\\/ru\\\/\"},{\"@type\":\"ListItem\",\"position\":2,\"name\":\"\u041a\u0430\u0442\u0435\u0433\u043e\u0440\u0438\u0438 \u0442\u043e\u0432\u0430\u0440\u043e\u0432\",\"item\":\"https:\\\/\\\/gohike.lv\\\/%d0%ba%d0%b0%d1%82%d0%b5%d0%b3%d0%be%d1%80%d0%b8%d0%b8-%d1%82%d0%be%d0%b2%d0%b0%d1%80%d0%be%d0%b2\\\/\"},{\"@type\":\"ListItem\",\"position\":3,\"name\":\"FIREMAPLE &#8211; Orca kafijas t\u0113jkanna, 600ml\"}]},{\"@type\":\"WebSite\",\"@id\":\"https:\\\/\\\/gohike.lv\\\/ru\\\/#website\",\"url\":\"https:\\\/\\\/gohike.lv\\\/ru\\\/\",\"name\":\"GoHike\",\"description\":\"\",\"publisher\":{\"@id\":\"https:\\\/\\\/gohike.lv\\\/ru\\\/#organization\"},\"potentialAction\":[{\"@type\":\"SearchAction\",\"target\":{\"@type\":\"EntryPoint\",\"urlTemplate\":\"https:\\\/\\\/gohike.lv\\\/ru\\\/?s={search_term_string}\"},\"query-input\":{\"@type\":\"PropertyValueSpecification\",\"valueRequired\":true,\"valueName\":\"search_term_string\"}}],\"inLanguage\":\"ru-RU\"},{\"@type\":\"Organization\",\"@id\":\"https:\\\/\\\/gohike.lv\\\/ru\\\/#organization\",\"name\":\"GoHike\",\"url\":\"https:\\\/\\\/gohike.lv\\\/ru\\\/\",\"logo\":{\"@type\":\"ImageObject\",\"inLanguage\":\"ru-RU\",\"@id\":\"https:\\\/\\\/gohike.lv\\\/ru\\\/#\\\/schema\\\/logo\\\/image\\\/\",\"url\":\"https:\\\/\\\/gohike.lv\\\/wp-content\\\/uploads\\\/2023\\\/08\\\/Logo_GoHike.webp\",\"contentUrl\":\"https:\\\/\\\/gohike.lv\\\/wp-content\\\/uploads\\\/2023\\\/08\\\/Logo_GoHike.webp\",\"width\":512,\"height\":512,\"caption\":\"GoHike\"},\"image\":{\"@id\":\"https:\\\/\\\/gohike.lv\\\/ru\\\/#\\\/schema\\\/logo\\\/image\\\/\"},\"sameAs\":[\"https:\\\/\\\/www.facebook.com\\\/gohike.shop\\\/\",\"https:\\\/\\\/www.instagram.com\\\/gohike.shop\\\/\"]}]}<\/script>\n<!-- \/ Yoast SEO plugin. -->","yoast_head_json":{"title":"FIREMAPLE Orca kafijas t\u0113jkanna, 600ml - Orca kafijas t\u0113jkanna, 600ml","description":"Kompakta izm\u0113ra t\u0113jkanna ce\u013co\u0161anai. 304 p\u0101rtikas kvalit\u0101tes ner\u016bs\u0113jo\u0161ais t\u0113rauds nov\u0113r\u0161 r\u016bsas veido\u0161anos un nodro\u0161ina iztur\u012bbu \u0101ra apst\u0101k\u013cos.","robots":{"index":"index","follow":"follow","max-snippet":"max-snippet:-1","max-image-preview":"max-image-preview:large","max-video-preview":"max-video-preview:-1"},"canonical":"https:\/\/gohike.lv\/ru\/produkts\/firemaple-orca-kafijas-tejkanna-600ml\/","og_locale":"ru_RU","og_type":"article","og_title":"FIREMAPLE Orca kafijas t\u0113jkanna, 600ml - Orca kafijas t\u0113jkanna, 600ml","og_description":"Kompakta izm\u0113ra t\u0113jkanna ce\u013co\u0161anai. 304 p\u0101rtikas kvalit\u0101tes ner\u016bs\u0113jo\u0161ais t\u0113rauds nov\u0113r\u0161 r\u016bsas veido\u0161anos un nodro\u0161ina iztur\u012bbu \u0101ra apst\u0101k\u013cos.","og_url":"https:\/\/gohike.lv\/ru\/produkts\/firemaple-orca-kafijas-tejkanna-600ml\/","og_site_name":"GoHike","article_publisher":"https:\/\/www.facebook.com\/gohike.shop\/","article_modified_time":"2025-12-30T14:24:27+00:00","og_image":[{"width":1800,"height":1800,"url":"https:\/\/gohike.lv\/wp-content\/uploads\/2025\/01\/OrcaCoffee600ml_-1.webp","type":"image\/webp"}],"twitter_card":"summary_large_image","twitter_title":"FIREMAPLE Orca kafijas t\u0113jkanna, 600ml - Orca kafijas t\u0113jkanna, 600ml","twitter_misc":{"\u041f\u0440\u0438\u043c\u0435\u0440\u043d\u043e\u0435 \u0432\u0440\u0435\u043c\u044f \u0434\u043b\u044f \u0447\u0442\u0435\u043d\u0438\u044f":"1 \u043c\u0438\u043d\u0443\u0442\u0430"},"schema":{"@context":"https:\/\/schema.org","@graph":[{"@type":["WebPage","ItemPage"],"@id":"https:\/\/gohike.lv\/ru\/produkts\/firemaple-orca-kafijas-tejkanna-600ml\/","url":"https:\/\/gohike.lv\/ru\/produkts\/firemaple-orca-kafijas-tejkanna-600ml\/","name":"FIREMAPLE Orca kafijas t\u0113jkanna, 600ml - Orca kafijas t\u0113jkanna, 600ml","isPartOf":{"@id":"https:\/\/gohike.lv\/ru\/#website"},"primaryImageOfPage":{"@id":"https:\/\/gohike.lv\/ru\/produkts\/firemaple-orca-kafijas-tejkanna-600ml\/#primaryimage"},"image":{"@id":"https:\/\/gohike.lv\/ru\/produkts\/firemaple-orca-kafijas-tejkanna-600ml\/#primaryimage"},"thumbnailUrl":"https:\/\/gohike.lv\/wp-content\/uploads\/2025\/01\/OrcaCoffee600ml_-1.webp","datePublished":"2025-01-10T12:21:41+00:00","dateModified":"2025-12-30T14:24:27+00:00","description":"Kompakta izm\u0113ra t\u0113jkanna ce\u013co\u0161anai. 304 p\u0101rtikas kvalit\u0101tes ner\u016bs\u0113jo\u0161ais t\u0113rauds nov\u0113r\u0161 r\u016bsas veido\u0161anos un nodro\u0161ina iztur\u012bbu \u0101ra apst\u0101k\u013cos.","breadcrumb":{"@id":"https:\/\/gohike.lv\/ru\/produkts\/firemaple-orca-kafijas-tejkanna-600ml\/#breadcrumb"},"inLanguage":"ru-RU","potentialAction":[{"@type":"ReadAction","target":["https:\/\/gohike.lv\/ru\/produkts\/firemaple-orca-kafijas-tejkanna-600ml\/"]}]},{"@type":"ImageObject","inLanguage":"ru-RU","@id":"https:\/\/gohike.lv\/ru\/produkts\/firemaple-orca-kafijas-tejkanna-600ml\/#primaryimage","url":"https:\/\/gohike.lv\/wp-content\/uploads\/2025\/01\/OrcaCoffee600ml_-1.webp","contentUrl":"https:\/\/gohike.lv\/wp-content\/uploads\/2025\/01\/OrcaCoffee600ml_-1.webp","width":1800,"height":1800},{"@type":"BreadcrumbList","@id":"https:\/\/gohike.lv\/ru\/produkts\/firemaple-orca-kafijas-tejkanna-600ml\/#breadcrumb","itemListElement":[{"@type":"ListItem","position":1,"name":"\u0413\u043b\u0430\u0432\u043d\u0430\u044f","item":"https:\/\/gohike.lv\/ru\/"},{"@type":"ListItem","position":2,"name":"\u041a\u0430\u0442\u0435\u0433\u043e\u0440\u0438\u0438 \u0442\u043e\u0432\u0430\u0440\u043e\u0432","item":"https:\/\/gohike.lv\/%d0%ba%d0%b0%d1%82%d0%b5%d0%b3%d0%be%d1%80%d0%b8%d0%b8-%d1%82%d0%be%d0%b2%d0%b0%d1%80%d0%be%d0%b2\/"},{"@type":"ListItem","position":3,"name":"FIREMAPLE &#8211; Orca kafijas t\u0113jkanna, 600ml"}]},{"@type":"WebSite","@id":"https:\/\/gohike.lv\/ru\/#website","url":"https:\/\/gohike.lv\/ru\/","name":"GoHike","description":"","publisher":{"@id":"https:\/\/gohike.lv\/ru\/#organization"},"potentialAction":[{"@type":"SearchAction","target":{"@type":"EntryPoint","urlTemplate":"https:\/\/gohike.lv\/ru\/?s={search_term_string}"},"query-input":{"@type":"PropertyValueSpecification","valueRequired":true,"valueName":"search_term_string"}}],"inLanguage":"ru-RU"},{"@type":"Organization","@id":"https:\/\/gohike.lv\/ru\/#organization","name":"GoHike","url":"https:\/\/gohike.lv\/ru\/","logo":{"@type":"ImageObject","inLanguage":"ru-RU","@id":"https:\/\/gohike.lv\/ru\/#\/schema\/logo\/image\/","url":"https:\/\/gohike.lv\/wp-content\/uploads\/2023\/08\/Logo_GoHike.webp","contentUrl":"https:\/\/gohike.lv\/wp-content\/uploads\/2023\/08\/Logo_GoHike.webp","width":512,"height":512,"caption":"GoHike"},"image":{"@id":"https:\/\/gohike.lv\/ru\/#\/schema\/logo\/image\/"},"sameAs":["https:\/\/www.facebook.com\/gohike.shop\/","https:\/\/www.instagram.com\/gohike.shop\/"]}]}},"jetpack_sharing_enabled":true,"_links":{"self":[{"href":"https:\/\/gohike.lv\/ru\/wp-json\/wp\/v2\/product\/65136","targetHints":{"allow":["GET"]}}],"collection":[{"href":"https:\/\/gohike.lv\/ru\/wp-json\/wp\/v2\/product"}],"about":[{"href":"https:\/\/gohike.lv\/ru\/wp-json\/wp\/v2\/types\/product"}],"version-history":[{"count":1,"href":"https:\/\/gohike.lv\/ru\/wp-json\/wp\/v2\/product\/65136\/revisions"}],"predecessor-version":[{"id":118877,"href":"https:\/\/gohike.lv\/ru\/wp-json\/wp\/v2\/product\/65136\/revisions\/118877"}],"wp:featuredmedia":[{"embeddable":true,"href":"https:\/\/gohike.lv\/ru\/wp-json\/wp\/v2\/media\/65138"}],"wp:attachment":[{"href":"https:\/\/gohike.lv\/ru\/wp-json\/wp\/v2\/media?parent=65136"}],"wp:term":[{"taxonomy":"product_brand","embeddable":true,"href":"https:\/\/gohike.lv\/ru\/wp-json\/wp\/v2\/product_brand?post=65136"},{"taxonomy":"product_cat","embeddable":true,"href":"https:\/\/gohike.lv\/ru\/wp-json\/wp\/v2\/product_cat?post=65136"},{"taxonomy":"product_tag","embeddable":true,"href":"https:\/\/gohike.lv\/ru\/wp-json\/wp\/v2\/product_tag?post=65136"}],"curies":[{"name":"wp","href":"https:\/\/api.w.org\/{rel}","templated":true}]}}