{"id":65122,"date":"2025-01-10T15:21:41","date_gmt":"2025-01-10T12:21:41","guid":{"rendered":"https:\/\/gohike.lv\/produkts\/firemaple-antarcti-salokams-kafijas-filtrs\/"},"modified":"2026-02-02T19:54:51","modified_gmt":"2026-02-02T16:54:51","slug":"firemaple-antarcti-salokams-kafijas-filtrs","status":"publish","type":"product","link":"https:\/\/gohike.lv\/ru\/produkts\/firemaple-antarcti-salokams-kafijas-filtrs\/","title":{"rendered":"FIREMAPLE &#8212; Antarcti Salok\u0101ms kafijas filtrs"},"content":{"rendered":"<p>Funkcijas:<br \/>\n\u2022 Augstas kvalit\u0101tes ner\u016bs\u0113jo\u0161ais t\u0113rauds: izgatavots no augst\u0101k\u0101s kvalit\u0101tes 304 ner\u016bs\u0113jo\u0161\u0101 t\u0113rauda, \u0161is kafijas filtrs ir iztur\u012bgs un ilgm\u016b\u017e\u012bgs. Tas ir iztur\u012bgs pret r\u016bsu un viegli t\u012br\u0101ms.<br \/>\n\u2022 Salok\u0101ms dizains padara \u0161o kafijas filtru \u013coti viegli p\u0101rn\u0113s\u0101jamu. Tas ir ide\u0101ls kempingam, p\u0101rg\u0101jieniem vai jebkuram \u0101ra piedz\u012bvojumam. Kad tas netiek lietots, to var saloc\u012bt kompakt\u0101 izm\u0113r\u0101 vieglai uzglab\u0101\u0161anai;<br \/>\n\u2022 Daudzpus\u012bga kafijas pagatavo\u0161ana: \u0161is kafijas filtrs ir sader\u012bgs ar da\u017e\u0101d\u0101m kafijas pagatavo\u0161anas metod\u0113m, tostarp lejamo, perkol\u0101cijas un pil\u0113\u0161anas metodi. Tas der liel\u0101kajai da\u013cai standarta kafijas kr\u016b\u017eu un termosu;<br \/>\n\u2022 Viegls lieto\u0161an\u0101: nav nepiecie\u0161ami pap\u012bra filtri, vienk\u0101r\u0161i novietojiet to virs kafijas kr\u016bzes, pievienojiet iecien\u012btos maltos kafijas pupi\u0146as un p\u0101rlejiet karstu \u016bdeni. Tr\u012bsda\u013c\u012bgais salok\u0101mais stat\u012bvs nodro\u0161ina stabilit\u0101ti, nov\u0113r\u0161ot nejau\u0161u izlie\u0161anu.<br \/>\nMateri\u0101ls: 304 ner\u016bs\u0113jo\u0161ais t\u0113rauds.<br \/>\nSvars: 44.5 g.<br \/>\nIzm\u0113rs:<br \/>\n\u2022 Izkl\u0101t\u0101 veid\u0101: \u03c612*6.35 cm;<br \/>\n\u2022 Saloc\u012bt\u0101 veid\u0101: \u03c67.4*6.35 cm.<\/p>\n","protected":false},"excerpt":{"rendered":"<p>Filtrs ir apr\u012bkots ar dubultsl\u0101\u0146u smalko filtru, tas ir kompakts un \u0113rts kafijas pagatavo\u0161anai ce\u013cojot.<\/p>\n","protected":false},"featured_media":65124,"template":"","meta":[],"product_brand":[1080],"product_cat":[1012],"product_tag":[],"class_list":{"0":"post-65122","1":"product","2":"type-product","3":"status-publish","4":"has-post-thumbnail","6":"product_brand-firemaple-lv","7":"product_cat-virtuves-piederumi","8":"pa_izmeriscm-126-35","9":"pa_produkta-tips-citi-piederumi","10":"pa_saliktas-preces-izmerscm-7-46-35","12":"first","13":"instock","14":"taxable","15":"shipping-taxable","16":"purchasable","17":"product-type-simple"},"raw_content":{"name":"FIREMAPLE - Antarcti Salok\u0101ms kafijas filtrs","description":"Funkcijas:\n\u2022 Augstas kvalit\u0101tes ner\u016bs\u0113jo\u0161ais t\u0113rauds: izgatavots no augst\u0101k\u0101s kvalit\u0101tes 304 ner\u016bs\u0113jo\u0161\u0101 t\u0113rauda, \u0161is kafijas filtrs ir iztur\u012bgs un ilgm\u016b\u017e\u012bgs. Tas ir iztur\u012bgs pret r\u016bsu un viegli t\u012br\u0101ms.\n\u2022 Salok\u0101ms dizains padara \u0161o kafijas filtru \u013coti viegli p\u0101rn\u0113s\u0101jamu. Tas ir ide\u0101ls kempingam, p\u0101rg\u0101jieniem vai jebkuram \u0101ra piedz\u012bvojumam. Kad tas netiek lietots, to var saloc\u012bt kompakt\u0101 izm\u0113r\u0101 vieglai uzglab\u0101\u0161anai;\n\u2022 Daudzpus\u012bga kafijas pagatavo\u0161ana: \u0161is kafijas filtrs ir sader\u012bgs ar da\u017e\u0101d\u0101m kafijas pagatavo\u0161anas metod\u0113m, tostarp lejamo, perkol\u0101cijas un pil\u0113\u0161anas metodi. Tas der liel\u0101kajai da\u013cai standarta kafijas kr\u016b\u017eu un termosu;\n\u2022 Viegls lieto\u0161an\u0101: nav nepiecie\u0161ami pap\u012bra filtri, vienk\u0101r\u0161i novietojiet to virs kafijas kr\u016bzes, pievienojiet iecien\u012btos maltos kafijas pupi\u0146as un p\u0101rlejiet karstu \u016bdeni. Tr\u012bsda\u013c\u012bgais salok\u0101mais stat\u012bvs nodro\u0161ina stabilit\u0101ti, nov\u0113r\u0161ot nejau\u0161u izlie\u0161anu.\nMateri\u0101ls: 304 ner\u016bs\u0113jo\u0161ais t\u0113rauds.\nSvars: 44.5 g.\nIzm\u0113rs:\n\u2022 Izkl\u0101t\u0101 veid\u0101: \u03c612*6.35 cm;\n\u2022 Saloc\u012bt\u0101 veid\u0101: \u03c67.4*6.35 cm.","short_description":"Filtrs ir apr\u012bkots ar dubultsl\u0101\u0146u smalko filtru, tas ir kompakts un \u0113rts kafijas pagatavo\u0161anai ce\u013cojot.","status":"publish","sku":"6971490128267","original":65122},"wpml":{"translation_type":1,"has_translations":true,"original":65122,"duplicates":[],"translations":{"lv":65122,"en":67021,"ru":null}},"supplier_id":null,"supplier_sku":"","barcode":null,"atum_controlled":true,"out_stock_date":null,"out_stock_threshold":null,"inheritable":false,"inbound_stock":0,"stock_on_hold":0,"sold_today":0,"sales_last_days":0,"reserved_stock":0,"customer_returns":0,"warehouse_damage":0,"lost_in_post":0,"other_logs":0,"out_stock_days":0,"lost_sales":0,"has_location":false,"update_date":"2026-02-02T16:54:53","atum_locations":[],"atum_stock_status":"instock","restock_status":false,"low_stock_amount":"","sales_update_date":"2025-11-13T14:08:59","calc_backorders":null,"yoast_head":"<!-- This site is optimized with the Yoast SEO plugin v27.3 - https:\/\/yoast.com\/product\/yoast-seo-wordpress\/ -->\n<title>FIREMAPLE Antarcti Salok\u0101ms kafijas filtrs - Antarcti salok\u0101ms kafijas filtrs<\/title>\n<meta name=\"description\" content=\"Filtrs ir apr\u012bkots ar dubultsl\u0101\u0146u smalko filtru, tas ir kompakts un \u0113rts kafijas pagatavo\u0161anai ce\u013cojot.\" \/>\n<meta name=\"robots\" content=\"index, follow, max-snippet:-1, max-image-preview:large, max-video-preview:-1\" \/>\n<link rel=\"canonical\" href=\"https:\/\/gohike.lv\/ru\/produkts\/firemaple-antarcti-salokams-kafijas-filtrs\/\" \/>\n<meta property=\"og:locale\" content=\"ru_RU\" \/>\n<meta property=\"og:type\" content=\"article\" \/>\n<meta property=\"og:title\" content=\"FIREMAPLE Antarcti Salok\u0101ms kafijas filtrs - Antarcti salok\u0101ms kafijas filtrs\" \/>\n<meta property=\"og:description\" content=\"Filtrs ir apr\u012bkots ar dubultsl\u0101\u0146u smalko filtru, tas ir kompakts un \u0113rts kafijas pagatavo\u0161anai ce\u013cojot.\" \/>\n<meta property=\"og:url\" content=\"https:\/\/gohike.lv\/ru\/produkts\/firemaple-antarcti-salokams-kafijas-filtrs\/\" \/>\n<meta property=\"og:site_name\" content=\"GoHike\" \/>\n<meta property=\"article:publisher\" content=\"https:\/\/www.facebook.com\/gohike.shop\/\" \/>\n<meta property=\"article:modified_time\" content=\"2026-02-02T16:54:51+00:00\" \/>\n<meta property=\"og:image\" content=\"https:\/\/gohike.lv\/wp-content\/uploads\/2025\/01\/AntarctiCoffeeFilter_-1.webp\" \/>\n\t<meta property=\"og:image:width\" content=\"1000\" \/>\n\t<meta property=\"og:image:height\" content=\"1000\" \/>\n\t<meta property=\"og:image:type\" content=\"image\/webp\" \/>\n<meta name=\"twitter:card\" content=\"summary_large_image\" \/>\n<meta name=\"twitter:title\" content=\"FIREMAPLE Antarcti Salok\u0101ms kafijas filtrs - Antarcti salok\u0101ms kafijas filtrs\" \/>\n<meta name=\"twitter:label1\" content=\"\u041f\u0440\u0438\u043c\u0435\u0440\u043d\u043e\u0435 \u0432\u0440\u0435\u043c\u044f \u0434\u043b\u044f \u0447\u0442\u0435\u043d\u0438\u044f\" \/>\n\t<meta name=\"twitter:data1\" content=\"1 \u043c\u0438\u043d\u0443\u0442\u0430\" \/>\n<script type=\"application\/ld+json\" class=\"yoast-schema-graph\">{\"@context\":\"https:\\\/\\\/schema.org\",\"@graph\":[{\"@type\":[\"WebPage\",\"ItemPage\"],\"@id\":\"https:\\\/\\\/gohike.lv\\\/ru\\\/produkts\\\/firemaple-antarcti-salokams-kafijas-filtrs\\\/\",\"url\":\"https:\\\/\\\/gohike.lv\\\/ru\\\/produkts\\\/firemaple-antarcti-salokams-kafijas-filtrs\\\/\",\"name\":\"FIREMAPLE Antarcti Salok\u0101ms kafijas filtrs - Antarcti salok\u0101ms kafijas filtrs\",\"isPartOf\":{\"@id\":\"https:\\\/\\\/gohike.lv\\\/ru\\\/#website\"},\"primaryImageOfPage\":{\"@id\":\"https:\\\/\\\/gohike.lv\\\/ru\\\/produkts\\\/firemaple-antarcti-salokams-kafijas-filtrs\\\/#primaryimage\"},\"image\":{\"@id\":\"https:\\\/\\\/gohike.lv\\\/ru\\\/produkts\\\/firemaple-antarcti-salokams-kafijas-filtrs\\\/#primaryimage\"},\"thumbnailUrl\":\"https:\\\/\\\/gohike.lv\\\/wp-content\\\/uploads\\\/2025\\\/01\\\/AntarctiCoffeeFilter_-1.webp\",\"datePublished\":\"2025-01-10T12:21:41+00:00\",\"dateModified\":\"2026-02-02T16:54:51+00:00\",\"description\":\"Filtrs ir apr\u012bkots ar dubultsl\u0101\u0146u smalko filtru, tas ir kompakts un \u0113rts kafijas pagatavo\u0161anai ce\u013cojot.\",\"breadcrumb\":{\"@id\":\"https:\\\/\\\/gohike.lv\\\/ru\\\/produkts\\\/firemaple-antarcti-salokams-kafijas-filtrs\\\/#breadcrumb\"},\"inLanguage\":\"ru-RU\",\"potentialAction\":[{\"@type\":\"ReadAction\",\"target\":[\"https:\\\/\\\/gohike.lv\\\/ru\\\/produkts\\\/firemaple-antarcti-salokams-kafijas-filtrs\\\/\"]}]},{\"@type\":\"ImageObject\",\"inLanguage\":\"ru-RU\",\"@id\":\"https:\\\/\\\/gohike.lv\\\/ru\\\/produkts\\\/firemaple-antarcti-salokams-kafijas-filtrs\\\/#primaryimage\",\"url\":\"https:\\\/\\\/gohike.lv\\\/wp-content\\\/uploads\\\/2025\\\/01\\\/AntarctiCoffeeFilter_-1.webp\",\"contentUrl\":\"https:\\\/\\\/gohike.lv\\\/wp-content\\\/uploads\\\/2025\\\/01\\\/AntarctiCoffeeFilter_-1.webp\",\"width\":1000,\"height\":1000},{\"@type\":\"BreadcrumbList\",\"@id\":\"https:\\\/\\\/gohike.lv\\\/ru\\\/produkts\\\/firemaple-antarcti-salokams-kafijas-filtrs\\\/#breadcrumb\",\"itemListElement\":[{\"@type\":\"ListItem\",\"position\":1,\"name\":\"\u0413\u043b\u0430\u0432\u043d\u0430\u044f\",\"item\":\"https:\\\/\\\/gohike.lv\\\/ru\\\/\"},{\"@type\":\"ListItem\",\"position\":2,\"name\":\"\u041a\u0430\u0442\u0435\u0433\u043e\u0440\u0438\u0438 \u0442\u043e\u0432\u0430\u0440\u043e\u0432\",\"item\":\"https:\\\/\\\/gohike.lv\\\/%d0%ba%d0%b0%d1%82%d0%b5%d0%b3%d0%be%d1%80%d0%b8%d0%b8-%d1%82%d0%be%d0%b2%d0%b0%d1%80%d0%be%d0%b2\\\/\"},{\"@type\":\"ListItem\",\"position\":3,\"name\":\"FIREMAPLE &#8211; Antarcti Salok\u0101ms kafijas filtrs\"}]},{\"@type\":\"WebSite\",\"@id\":\"https:\\\/\\\/gohike.lv\\\/ru\\\/#website\",\"url\":\"https:\\\/\\\/gohike.lv\\\/ru\\\/\",\"name\":\"GoHike\",\"description\":\"\",\"publisher\":{\"@id\":\"https:\\\/\\\/gohike.lv\\\/ru\\\/#organization\"},\"potentialAction\":[{\"@type\":\"SearchAction\",\"target\":{\"@type\":\"EntryPoint\",\"urlTemplate\":\"https:\\\/\\\/gohike.lv\\\/ru\\\/?s={search_term_string}\"},\"query-input\":{\"@type\":\"PropertyValueSpecification\",\"valueRequired\":true,\"valueName\":\"search_term_string\"}}],\"inLanguage\":\"ru-RU\"},{\"@type\":\"Organization\",\"@id\":\"https:\\\/\\\/gohike.lv\\\/ru\\\/#organization\",\"name\":\"GoHike\",\"url\":\"https:\\\/\\\/gohike.lv\\\/ru\\\/\",\"logo\":{\"@type\":\"ImageObject\",\"inLanguage\":\"ru-RU\",\"@id\":\"https:\\\/\\\/gohike.lv\\\/ru\\\/#\\\/schema\\\/logo\\\/image\\\/\",\"url\":\"https:\\\/\\\/gohike.lv\\\/wp-content\\\/uploads\\\/2023\\\/08\\\/Logo_GoHike.webp\",\"contentUrl\":\"https:\\\/\\\/gohike.lv\\\/wp-content\\\/uploads\\\/2023\\\/08\\\/Logo_GoHike.webp\",\"width\":512,\"height\":512,\"caption\":\"GoHike\"},\"image\":{\"@id\":\"https:\\\/\\\/gohike.lv\\\/ru\\\/#\\\/schema\\\/logo\\\/image\\\/\"},\"sameAs\":[\"https:\\\/\\\/www.facebook.com\\\/gohike.shop\\\/\",\"https:\\\/\\\/www.instagram.com\\\/gohike.shop\\\/\"]}]}<\/script>\n<!-- \/ Yoast SEO plugin. -->","yoast_head_json":{"title":"FIREMAPLE Antarcti Salok\u0101ms kafijas filtrs - Antarcti salok\u0101ms kafijas filtrs","description":"Filtrs ir apr\u012bkots ar dubultsl\u0101\u0146u smalko filtru, tas ir kompakts un \u0113rts kafijas pagatavo\u0161anai ce\u013cojot.","robots":{"index":"index","follow":"follow","max-snippet":"max-snippet:-1","max-image-preview":"max-image-preview:large","max-video-preview":"max-video-preview:-1"},"canonical":"https:\/\/gohike.lv\/ru\/produkts\/firemaple-antarcti-salokams-kafijas-filtrs\/","og_locale":"ru_RU","og_type":"article","og_title":"FIREMAPLE Antarcti Salok\u0101ms kafijas filtrs - Antarcti salok\u0101ms kafijas filtrs","og_description":"Filtrs ir apr\u012bkots ar dubultsl\u0101\u0146u smalko filtru, tas ir kompakts un \u0113rts kafijas pagatavo\u0161anai ce\u013cojot.","og_url":"https:\/\/gohike.lv\/ru\/produkts\/firemaple-antarcti-salokams-kafijas-filtrs\/","og_site_name":"GoHike","article_publisher":"https:\/\/www.facebook.com\/gohike.shop\/","article_modified_time":"2026-02-02T16:54:51+00:00","og_image":[{"width":1000,"height":1000,"url":"https:\/\/gohike.lv\/wp-content\/uploads\/2025\/01\/AntarctiCoffeeFilter_-1.webp","type":"image\/webp"}],"twitter_card":"summary_large_image","twitter_title":"FIREMAPLE Antarcti Salok\u0101ms kafijas filtrs - Antarcti salok\u0101ms kafijas filtrs","twitter_misc":{"\u041f\u0440\u0438\u043c\u0435\u0440\u043d\u043e\u0435 \u0432\u0440\u0435\u043c\u044f \u0434\u043b\u044f \u0447\u0442\u0435\u043d\u0438\u044f":"1 \u043c\u0438\u043d\u0443\u0442\u0430"},"schema":{"@context":"https:\/\/schema.org","@graph":[{"@type":["WebPage","ItemPage"],"@id":"https:\/\/gohike.lv\/ru\/produkts\/firemaple-antarcti-salokams-kafijas-filtrs\/","url":"https:\/\/gohike.lv\/ru\/produkts\/firemaple-antarcti-salokams-kafijas-filtrs\/","name":"FIREMAPLE Antarcti Salok\u0101ms kafijas filtrs - Antarcti salok\u0101ms kafijas filtrs","isPartOf":{"@id":"https:\/\/gohike.lv\/ru\/#website"},"primaryImageOfPage":{"@id":"https:\/\/gohike.lv\/ru\/produkts\/firemaple-antarcti-salokams-kafijas-filtrs\/#primaryimage"},"image":{"@id":"https:\/\/gohike.lv\/ru\/produkts\/firemaple-antarcti-salokams-kafijas-filtrs\/#primaryimage"},"thumbnailUrl":"https:\/\/gohike.lv\/wp-content\/uploads\/2025\/01\/AntarctiCoffeeFilter_-1.webp","datePublished":"2025-01-10T12:21:41+00:00","dateModified":"2026-02-02T16:54:51+00:00","description":"Filtrs ir apr\u012bkots ar dubultsl\u0101\u0146u smalko filtru, tas ir kompakts un \u0113rts kafijas pagatavo\u0161anai ce\u013cojot.","breadcrumb":{"@id":"https:\/\/gohike.lv\/ru\/produkts\/firemaple-antarcti-salokams-kafijas-filtrs\/#breadcrumb"},"inLanguage":"ru-RU","potentialAction":[{"@type":"ReadAction","target":["https:\/\/gohike.lv\/ru\/produkts\/firemaple-antarcti-salokams-kafijas-filtrs\/"]}]},{"@type":"ImageObject","inLanguage":"ru-RU","@id":"https:\/\/gohike.lv\/ru\/produkts\/firemaple-antarcti-salokams-kafijas-filtrs\/#primaryimage","url":"https:\/\/gohike.lv\/wp-content\/uploads\/2025\/01\/AntarctiCoffeeFilter_-1.webp","contentUrl":"https:\/\/gohike.lv\/wp-content\/uploads\/2025\/01\/AntarctiCoffeeFilter_-1.webp","width":1000,"height":1000},{"@type":"BreadcrumbList","@id":"https:\/\/gohike.lv\/ru\/produkts\/firemaple-antarcti-salokams-kafijas-filtrs\/#breadcrumb","itemListElement":[{"@type":"ListItem","position":1,"name":"\u0413\u043b\u0430\u0432\u043d\u0430\u044f","item":"https:\/\/gohike.lv\/ru\/"},{"@type":"ListItem","position":2,"name":"\u041a\u0430\u0442\u0435\u0433\u043e\u0440\u0438\u0438 \u0442\u043e\u0432\u0430\u0440\u043e\u0432","item":"https:\/\/gohike.lv\/%d0%ba%d0%b0%d1%82%d0%b5%d0%b3%d0%be%d1%80%d0%b8%d0%b8-%d1%82%d0%be%d0%b2%d0%b0%d1%80%d0%be%d0%b2\/"},{"@type":"ListItem","position":3,"name":"FIREMAPLE &#8211; Antarcti Salok\u0101ms kafijas filtrs"}]},{"@type":"WebSite","@id":"https:\/\/gohike.lv\/ru\/#website","url":"https:\/\/gohike.lv\/ru\/","name":"GoHike","description":"","publisher":{"@id":"https:\/\/gohike.lv\/ru\/#organization"},"potentialAction":[{"@type":"SearchAction","target":{"@type":"EntryPoint","urlTemplate":"https:\/\/gohike.lv\/ru\/?s={search_term_string}"},"query-input":{"@type":"PropertyValueSpecification","valueRequired":true,"valueName":"search_term_string"}}],"inLanguage":"ru-RU"},{"@type":"Organization","@id":"https:\/\/gohike.lv\/ru\/#organization","name":"GoHike","url":"https:\/\/gohike.lv\/ru\/","logo":{"@type":"ImageObject","inLanguage":"ru-RU","@id":"https:\/\/gohike.lv\/ru\/#\/schema\/logo\/image\/","url":"https:\/\/gohike.lv\/wp-content\/uploads\/2023\/08\/Logo_GoHike.webp","contentUrl":"https:\/\/gohike.lv\/wp-content\/uploads\/2023\/08\/Logo_GoHike.webp","width":512,"height":512,"caption":"GoHike"},"image":{"@id":"https:\/\/gohike.lv\/ru\/#\/schema\/logo\/image\/"},"sameAs":["https:\/\/www.facebook.com\/gohike.shop\/","https:\/\/www.instagram.com\/gohike.shop\/"]}]}},"jetpack_sharing_enabled":true,"_links":{"self":[{"href":"https:\/\/gohike.lv\/ru\/wp-json\/wp\/v2\/product\/65122","targetHints":{"allow":["GET"]}}],"collection":[{"href":"https:\/\/gohike.lv\/ru\/wp-json\/wp\/v2\/product"}],"about":[{"href":"https:\/\/gohike.lv\/ru\/wp-json\/wp\/v2\/types\/product"}],"version-history":[{"count":1,"href":"https:\/\/gohike.lv\/ru\/wp-json\/wp\/v2\/product\/65122\/revisions"}],"predecessor-version":[{"id":118943,"href":"https:\/\/gohike.lv\/ru\/wp-json\/wp\/v2\/product\/65122\/revisions\/118943"}],"wp:featuredmedia":[{"embeddable":true,"href":"https:\/\/gohike.lv\/ru\/wp-json\/wp\/v2\/media\/65124"}],"wp:attachment":[{"href":"https:\/\/gohike.lv\/ru\/wp-json\/wp\/v2\/media?parent=65122"}],"wp:term":[{"taxonomy":"product_brand","embeddable":true,"href":"https:\/\/gohike.lv\/ru\/wp-json\/wp\/v2\/product_brand?post=65122"},{"taxonomy":"product_cat","embeddable":true,"href":"https:\/\/gohike.lv\/ru\/wp-json\/wp\/v2\/product_cat?post=65122"},{"taxonomy":"product_tag","embeddable":true,"href":"https:\/\/gohike.lv\/ru\/wp-json\/wp\/v2\/product_tag?post=65122"}],"curies":[{"name":"wp","href":"https:\/\/api.w.org\/{rel}","templated":true}]}}