{"id":65080,"date":"2025-01-10T15:19:58","date_gmt":"2025-01-10T12:19:58","guid":{"rendered":"https:\/\/gohike.lv\/produkts\/firemaple-saturn-gazes-deglis-ar-prieksuzsildes-cauruli\/"},"modified":"2025-12-30T17:09:53","modified_gmt":"2025-12-30T14:09:53","slug":"firemaple-saturn-gazes-deglis-ar-prieksuzsildes-cauruli","status":"publish","type":"product","link":"https:\/\/gohike.lv\/ru\/produkts\/firemaple-saturn-gazes-deglis-ar-prieksuzsildes-cauruli\/","title":{"rendered":"FIREMAPLE &#8212; Saturn G\u0101zes deglis ar priek\u0161uzsildes cauruli"},"content":{"rendered":"<p>Funkcijas:<br \/>\n\u2022Jauda no 4,400W l\u012bdz 11,000W;<br \/>\n\u2022 Divas priek\u0161uzsildes caurules nodro\u0161ina vienm\u0113r\u012bgu g\u0101zes pieg\u0101di, bet iek\u013cautais aizdedzin\u0101t\u0101js atvieglo iedeg\u0161anu;<br \/>\n\u2022 Iztur smagus katlus un pannas, kuru diametrs ir no 25 l\u012bdz 30 cm;<br \/>\n\u2022 Nodro\u0161ina \u0113diena dro\u0161u un stabilu gatavo\u0161anu.<br \/>\nMateri\u0101ls: ner\u016bs\u0113jo\u0161ais t\u0113rauds, alum\u012bnija sakaus\u0113jums, var\u0161.<br \/>\nSvars: 1010 g.<br \/>\nIzm\u0113rs:<br \/>\n\u2022 Izkl\u0101t\u0101 veid\u0101: 25*11.8 cm.<br \/>\n\u2022 Saloc\u012bt\u0101 veid\u0101: 18*9.2 cm.<br \/>\nJauda: 15000 BTU, 4.4 kW, 338 g\/h; 4400W norm\u0101los apst\u0101k\u013cos; 11,000W apgriezt\u0101 st\u0101vokl\u012b.<\/p>\n","protected":false},"excerpt":{"rendered":"<p>Saturn g\u0101zes deg\u013ci pied\u0101v\u0101 jaudu no 4,400W l\u012bdz 11,000W. Divas priek\u0161uzsildes caurules garant\u0113 nep\u0101rtrauktu g\u0101zes pl\u016bsmu. Ieb\u016bv\u0113tais aizdedzin\u0101t\u0101js padara aizdedzi vienk\u0101r\u0161u un \u0113rtu.<\/p>\n","protected":false},"featured_media":65082,"template":"","meta":[],"product_brand":[1080],"product_cat":[951],"product_tag":[],"class_list":{"0":"post-65080","1":"product","2":"type-product","3":"status-publish","4":"has-post-thumbnail","6":"product_brand-firemaple-lv","7":"product_cat-degli-un-degviela","8":"pa_izmeriscm-2511-8","9":"pa_jauda-000w-apgriezta-stavokli","10":"pa_jauda-15000-btu","11":"pa_jauda-338-g-h-4400w-normalos-apstaklos-11","12":"pa_jauda-4-4-kw","13":"pa_produkta-tips-degli","14":"pa_saliktas-preces-izmerscm-189-2","16":"first","17":"outofstock","18":"taxable","19":"shipping-taxable","20":"purchasable","21":"product-type-simple"},"raw_content":{"name":"FIREMAPLE - Saturn G\u0101zes deglis ar priek\u0161uzsildes cauruli","description":"Funkcijas:\n\u2022Jauda no 4,400W l\u012bdz 11,000W;\n\u2022 Divas priek\u0161uzsildes caurules nodro\u0161ina vienm\u0113r\u012bgu g\u0101zes pieg\u0101di, bet iek\u013cautais aizdedzin\u0101t\u0101js atvieglo iedeg\u0161anu;\n\u2022 Iztur smagus katlus un pannas, kuru diametrs ir no 25 l\u012bdz 30 cm;\n\u2022 Nodro\u0161ina \u0113diena dro\u0161u un stabilu gatavo\u0161anu.\nMateri\u0101ls: ner\u016bs\u0113jo\u0161ais t\u0113rauds, alum\u012bnija sakaus\u0113jums, var\u0161.\nSvars: 1010 g.\nIzm\u0113rs:\n\u2022 Izkl\u0101t\u0101 veid\u0101: 25*11.8 cm.\n\u2022 Saloc\u012bt\u0101 veid\u0101: 18*9.2 cm.\nJauda: 15000 BTU, 4.4 kW, 338 g\/h; 4400W norm\u0101los apst\u0101k\u013cos; 11,000W apgriezt\u0101 st\u0101vokl\u012b.","short_description":"Saturn g\u0101zes deg\u013ci pied\u0101v\u0101 jaudu no 4,400W l\u012bdz 11,000W. Divas priek\u0161uzsildes caurules garant\u0113 nep\u0101rtrauktu g\u0101zes pl\u016bsmu. Ieb\u016bv\u0113tais aizdedzin\u0101t\u0101js padara aizdedzi vienk\u0101r\u0161u un \u0113rtu.","status":"publish","sku":"6971490127215","original":65080},"wpml":{"translation_type":1,"has_translations":true,"original":65080,"duplicates":[],"translations":{"lv":65080,"en":67012,"ru":null}},"supplier_id":null,"supplier_sku":"","barcode":null,"atum_controlled":true,"out_stock_date":"2025-07-10 16:31:31","out_stock_threshold":null,"inheritable":false,"inbound_stock":0,"stock_on_hold":0,"sold_today":0,"sales_last_days":0,"reserved_stock":0,"customer_returns":0,"warehouse_damage":0,"lost_in_post":0,"other_logs":0,"out_stock_days":125,"lost_sales":0,"has_location":false,"update_date":"2025-12-30T14:13:25","atum_locations":[],"atum_stock_status":"outofstock","restock_status":false,"low_stock_amount":"","sales_update_date":"2025-11-13T14:09:03","calc_backorders":null,"yoast_head":"<!-- This site is optimized with the Yoast SEO plugin v27.3 - https:\/\/yoast.com\/product\/yoast-seo-wordpress\/ -->\n<title>FIREMAPLE Saturn G\u0101zes deglis ar priek\u0161uzsildes cauruli - Saturn g\u0101zes deglis ar priek\u0161uzsildes cauruli<\/title>\n<meta name=\"description\" content=\"Saturn g\u0101zes deg\u013ci pied\u0101v\u0101 jaudu no 4,400W l\u012bdz 11,000W. Divas priek\u0161uzsildes caurules garant\u0113 nep\u0101rtrauktu g\u0101zes pl\u016bsmu. Ieb\u016bv\u0113tais aizdedzin\u0101t\u0101js padara aizdedzi vienk\u0101r\u0161u un \u0113rtu.\" \/>\n<meta name=\"robots\" content=\"index, follow, max-snippet:-1, max-image-preview:large, max-video-preview:-1\" \/>\n<link rel=\"canonical\" href=\"https:\/\/gohike.lv\/ru\/produkts\/firemaple-saturn-gazes-deglis-ar-prieksuzsildes-cauruli\/\" \/>\n<meta property=\"og:locale\" content=\"ru_RU\" \/>\n<meta property=\"og:type\" content=\"article\" \/>\n<meta property=\"og:title\" content=\"FIREMAPLE Saturn G\u0101zes deglis ar priek\u0161uzsildes cauruli - Saturn g\u0101zes deglis ar priek\u0161uzsildes cauruli\" \/>\n<meta property=\"og:description\" content=\"Saturn g\u0101zes deg\u013ci pied\u0101v\u0101 jaudu no 4,400W l\u012bdz 11,000W. Divas priek\u0161uzsildes caurules garant\u0113 nep\u0101rtrauktu g\u0101zes pl\u016bsmu. Ieb\u016bv\u0113tais aizdedzin\u0101t\u0101js padara aizdedzi vienk\u0101r\u0161u un \u0113rtu.\" \/>\n<meta property=\"og:url\" content=\"https:\/\/gohike.lv\/ru\/produkts\/firemaple-saturn-gazes-deglis-ar-prieksuzsildes-cauruli\/\" \/>\n<meta property=\"og:site_name\" content=\"GoHike\" \/>\n<meta property=\"article:publisher\" content=\"https:\/\/www.facebook.com\/gohike.shop\/\" \/>\n<meta property=\"article:modified_time\" content=\"2025-12-30T14:09:53+00:00\" \/>\n<meta property=\"og:image\" content=\"https:\/\/gohike.lv\/wp-content\/uploads\/2025\/01\/SaturnStove_-1.webp\" \/>\n\t<meta property=\"og:image:width\" content=\"1000\" \/>\n\t<meta property=\"og:image:height\" content=\"1000\" \/>\n\t<meta property=\"og:image:type\" content=\"image\/webp\" \/>\n<meta name=\"twitter:card\" content=\"summary_large_image\" \/>\n<meta name=\"twitter:title\" content=\"FIREMAPLE Saturn G\u0101zes deglis ar priek\u0161uzsildes cauruli - Saturn g\u0101zes deglis ar priek\u0161uzsildes cauruli\" \/>\n<meta name=\"twitter:label1\" content=\"\u041f\u0440\u0438\u043c\u0435\u0440\u043d\u043e\u0435 \u0432\u0440\u0435\u043c\u044f \u0434\u043b\u044f \u0447\u0442\u0435\u043d\u0438\u044f\" \/>\n\t<meta name=\"twitter:data1\" content=\"1 \u043c\u0438\u043d\u0443\u0442\u0430\" \/>\n<script type=\"application\/ld+json\" class=\"yoast-schema-graph\">{\"@context\":\"https:\\\/\\\/schema.org\",\"@graph\":[{\"@type\":[\"WebPage\",\"ItemPage\"],\"@id\":\"https:\\\/\\\/gohike.lv\\\/ru\\\/produkts\\\/firemaple-saturn-gazes-deglis-ar-prieksuzsildes-cauruli\\\/\",\"url\":\"https:\\\/\\\/gohike.lv\\\/ru\\\/produkts\\\/firemaple-saturn-gazes-deglis-ar-prieksuzsildes-cauruli\\\/\",\"name\":\"FIREMAPLE Saturn G\u0101zes deglis ar priek\u0161uzsildes cauruli - Saturn g\u0101zes deglis ar priek\u0161uzsildes cauruli\",\"isPartOf\":{\"@id\":\"https:\\\/\\\/gohike.lv\\\/ru\\\/#website\"},\"primaryImageOfPage\":{\"@id\":\"https:\\\/\\\/gohike.lv\\\/ru\\\/produkts\\\/firemaple-saturn-gazes-deglis-ar-prieksuzsildes-cauruli\\\/#primaryimage\"},\"image\":{\"@id\":\"https:\\\/\\\/gohike.lv\\\/ru\\\/produkts\\\/firemaple-saturn-gazes-deglis-ar-prieksuzsildes-cauruli\\\/#primaryimage\"},\"thumbnailUrl\":\"https:\\\/\\\/gohike.lv\\\/wp-content\\\/uploads\\\/2025\\\/01\\\/SaturnStove_-1.webp\",\"datePublished\":\"2025-01-10T12:19:58+00:00\",\"dateModified\":\"2025-12-30T14:09:53+00:00\",\"description\":\"Saturn g\u0101zes deg\u013ci pied\u0101v\u0101 jaudu no 4,400W l\u012bdz 11,000W. Divas priek\u0161uzsildes caurules garant\u0113 nep\u0101rtrauktu g\u0101zes pl\u016bsmu. Ieb\u016bv\u0113tais aizdedzin\u0101t\u0101js padara aizdedzi vienk\u0101r\u0161u un \u0113rtu.\",\"breadcrumb\":{\"@id\":\"https:\\\/\\\/gohike.lv\\\/ru\\\/produkts\\\/firemaple-saturn-gazes-deglis-ar-prieksuzsildes-cauruli\\\/#breadcrumb\"},\"inLanguage\":\"ru-RU\",\"potentialAction\":[{\"@type\":\"ReadAction\",\"target\":[\"https:\\\/\\\/gohike.lv\\\/ru\\\/produkts\\\/firemaple-saturn-gazes-deglis-ar-prieksuzsildes-cauruli\\\/\"]}]},{\"@type\":\"ImageObject\",\"inLanguage\":\"ru-RU\",\"@id\":\"https:\\\/\\\/gohike.lv\\\/ru\\\/produkts\\\/firemaple-saturn-gazes-deglis-ar-prieksuzsildes-cauruli\\\/#primaryimage\",\"url\":\"https:\\\/\\\/gohike.lv\\\/wp-content\\\/uploads\\\/2025\\\/01\\\/SaturnStove_-1.webp\",\"contentUrl\":\"https:\\\/\\\/gohike.lv\\\/wp-content\\\/uploads\\\/2025\\\/01\\\/SaturnStove_-1.webp\",\"width\":1000,\"height\":1000},{\"@type\":\"BreadcrumbList\",\"@id\":\"https:\\\/\\\/gohike.lv\\\/ru\\\/produkts\\\/firemaple-saturn-gazes-deglis-ar-prieksuzsildes-cauruli\\\/#breadcrumb\",\"itemListElement\":[{\"@type\":\"ListItem\",\"position\":1,\"name\":\"\u0413\u043b\u0430\u0432\u043d\u0430\u044f\",\"item\":\"https:\\\/\\\/gohike.lv\\\/ru\\\/\"},{\"@type\":\"ListItem\",\"position\":2,\"name\":\"\u041a\u0430\u0442\u0435\u0433\u043e\u0440\u0438\u0438 \u0442\u043e\u0432\u0430\u0440\u043e\u0432\",\"item\":\"https:\\\/\\\/gohike.lv\\\/%d0%ba%d0%b0%d1%82%d0%b5%d0%b3%d0%be%d1%80%d0%b8%d0%b8-%d1%82%d0%be%d0%b2%d0%b0%d1%80%d0%be%d0%b2\\\/\"},{\"@type\":\"ListItem\",\"position\":3,\"name\":\"FIREMAPLE &#8211; Saturn G\u0101zes deglis ar priek\u0161uzsildes cauruli\"}]},{\"@type\":\"WebSite\",\"@id\":\"https:\\\/\\\/gohike.lv\\\/ru\\\/#website\",\"url\":\"https:\\\/\\\/gohike.lv\\\/ru\\\/\",\"name\":\"GoHike\",\"description\":\"\",\"publisher\":{\"@id\":\"https:\\\/\\\/gohike.lv\\\/ru\\\/#organization\"},\"potentialAction\":[{\"@type\":\"SearchAction\",\"target\":{\"@type\":\"EntryPoint\",\"urlTemplate\":\"https:\\\/\\\/gohike.lv\\\/ru\\\/?s={search_term_string}\"},\"query-input\":{\"@type\":\"PropertyValueSpecification\",\"valueRequired\":true,\"valueName\":\"search_term_string\"}}],\"inLanguage\":\"ru-RU\"},{\"@type\":\"Organization\",\"@id\":\"https:\\\/\\\/gohike.lv\\\/ru\\\/#organization\",\"name\":\"GoHike\",\"url\":\"https:\\\/\\\/gohike.lv\\\/ru\\\/\",\"logo\":{\"@type\":\"ImageObject\",\"inLanguage\":\"ru-RU\",\"@id\":\"https:\\\/\\\/gohike.lv\\\/ru\\\/#\\\/schema\\\/logo\\\/image\\\/\",\"url\":\"https:\\\/\\\/gohike.lv\\\/wp-content\\\/uploads\\\/2023\\\/08\\\/Logo_GoHike.webp\",\"contentUrl\":\"https:\\\/\\\/gohike.lv\\\/wp-content\\\/uploads\\\/2023\\\/08\\\/Logo_GoHike.webp\",\"width\":512,\"height\":512,\"caption\":\"GoHike\"},\"image\":{\"@id\":\"https:\\\/\\\/gohike.lv\\\/ru\\\/#\\\/schema\\\/logo\\\/image\\\/\"},\"sameAs\":[\"https:\\\/\\\/www.facebook.com\\\/gohike.shop\\\/\",\"https:\\\/\\\/www.instagram.com\\\/gohike.shop\\\/\"]}]}<\/script>\n<!-- \/ Yoast SEO plugin. -->","yoast_head_json":{"title":"FIREMAPLE Saturn G\u0101zes deglis ar priek\u0161uzsildes cauruli - Saturn g\u0101zes deglis ar priek\u0161uzsildes cauruli","description":"Saturn g\u0101zes deg\u013ci pied\u0101v\u0101 jaudu no 4,400W l\u012bdz 11,000W. Divas priek\u0161uzsildes caurules garant\u0113 nep\u0101rtrauktu g\u0101zes pl\u016bsmu. Ieb\u016bv\u0113tais aizdedzin\u0101t\u0101js padara aizdedzi vienk\u0101r\u0161u un \u0113rtu.","robots":{"index":"index","follow":"follow","max-snippet":"max-snippet:-1","max-image-preview":"max-image-preview:large","max-video-preview":"max-video-preview:-1"},"canonical":"https:\/\/gohike.lv\/ru\/produkts\/firemaple-saturn-gazes-deglis-ar-prieksuzsildes-cauruli\/","og_locale":"ru_RU","og_type":"article","og_title":"FIREMAPLE Saturn G\u0101zes deglis ar priek\u0161uzsildes cauruli - Saturn g\u0101zes deglis ar priek\u0161uzsildes cauruli","og_description":"Saturn g\u0101zes deg\u013ci pied\u0101v\u0101 jaudu no 4,400W l\u012bdz 11,000W. Divas priek\u0161uzsildes caurules garant\u0113 nep\u0101rtrauktu g\u0101zes pl\u016bsmu. Ieb\u016bv\u0113tais aizdedzin\u0101t\u0101js padara aizdedzi vienk\u0101r\u0161u un \u0113rtu.","og_url":"https:\/\/gohike.lv\/ru\/produkts\/firemaple-saturn-gazes-deglis-ar-prieksuzsildes-cauruli\/","og_site_name":"GoHike","article_publisher":"https:\/\/www.facebook.com\/gohike.shop\/","article_modified_time":"2025-12-30T14:09:53+00:00","og_image":[{"width":1000,"height":1000,"url":"https:\/\/gohike.lv\/wp-content\/uploads\/2025\/01\/SaturnStove_-1.webp","type":"image\/webp"}],"twitter_card":"summary_large_image","twitter_title":"FIREMAPLE Saturn G\u0101zes deglis ar priek\u0161uzsildes cauruli - Saturn g\u0101zes deglis ar priek\u0161uzsildes cauruli","twitter_misc":{"\u041f\u0440\u0438\u043c\u0435\u0440\u043d\u043e\u0435 \u0432\u0440\u0435\u043c\u044f \u0434\u043b\u044f \u0447\u0442\u0435\u043d\u0438\u044f":"1 \u043c\u0438\u043d\u0443\u0442\u0430"},"schema":{"@context":"https:\/\/schema.org","@graph":[{"@type":["WebPage","ItemPage"],"@id":"https:\/\/gohike.lv\/ru\/produkts\/firemaple-saturn-gazes-deglis-ar-prieksuzsildes-cauruli\/","url":"https:\/\/gohike.lv\/ru\/produkts\/firemaple-saturn-gazes-deglis-ar-prieksuzsildes-cauruli\/","name":"FIREMAPLE Saturn G\u0101zes deglis ar priek\u0161uzsildes cauruli - Saturn g\u0101zes deglis ar priek\u0161uzsildes cauruli","isPartOf":{"@id":"https:\/\/gohike.lv\/ru\/#website"},"primaryImageOfPage":{"@id":"https:\/\/gohike.lv\/ru\/produkts\/firemaple-saturn-gazes-deglis-ar-prieksuzsildes-cauruli\/#primaryimage"},"image":{"@id":"https:\/\/gohike.lv\/ru\/produkts\/firemaple-saturn-gazes-deglis-ar-prieksuzsildes-cauruli\/#primaryimage"},"thumbnailUrl":"https:\/\/gohike.lv\/wp-content\/uploads\/2025\/01\/SaturnStove_-1.webp","datePublished":"2025-01-10T12:19:58+00:00","dateModified":"2025-12-30T14:09:53+00:00","description":"Saturn g\u0101zes deg\u013ci pied\u0101v\u0101 jaudu no 4,400W l\u012bdz 11,000W. Divas priek\u0161uzsildes caurules garant\u0113 nep\u0101rtrauktu g\u0101zes pl\u016bsmu. Ieb\u016bv\u0113tais aizdedzin\u0101t\u0101js padara aizdedzi vienk\u0101r\u0161u un \u0113rtu.","breadcrumb":{"@id":"https:\/\/gohike.lv\/ru\/produkts\/firemaple-saturn-gazes-deglis-ar-prieksuzsildes-cauruli\/#breadcrumb"},"inLanguage":"ru-RU","potentialAction":[{"@type":"ReadAction","target":["https:\/\/gohike.lv\/ru\/produkts\/firemaple-saturn-gazes-deglis-ar-prieksuzsildes-cauruli\/"]}]},{"@type":"ImageObject","inLanguage":"ru-RU","@id":"https:\/\/gohike.lv\/ru\/produkts\/firemaple-saturn-gazes-deglis-ar-prieksuzsildes-cauruli\/#primaryimage","url":"https:\/\/gohike.lv\/wp-content\/uploads\/2025\/01\/SaturnStove_-1.webp","contentUrl":"https:\/\/gohike.lv\/wp-content\/uploads\/2025\/01\/SaturnStove_-1.webp","width":1000,"height":1000},{"@type":"BreadcrumbList","@id":"https:\/\/gohike.lv\/ru\/produkts\/firemaple-saturn-gazes-deglis-ar-prieksuzsildes-cauruli\/#breadcrumb","itemListElement":[{"@type":"ListItem","position":1,"name":"\u0413\u043b\u0430\u0432\u043d\u0430\u044f","item":"https:\/\/gohike.lv\/ru\/"},{"@type":"ListItem","position":2,"name":"\u041a\u0430\u0442\u0435\u0433\u043e\u0440\u0438\u0438 \u0442\u043e\u0432\u0430\u0440\u043e\u0432","item":"https:\/\/gohike.lv\/%d0%ba%d0%b0%d1%82%d0%b5%d0%b3%d0%be%d1%80%d0%b8%d0%b8-%d1%82%d0%be%d0%b2%d0%b0%d1%80%d0%be%d0%b2\/"},{"@type":"ListItem","position":3,"name":"FIREMAPLE &#8211; Saturn G\u0101zes deglis ar priek\u0161uzsildes cauruli"}]},{"@type":"WebSite","@id":"https:\/\/gohike.lv\/ru\/#website","url":"https:\/\/gohike.lv\/ru\/","name":"GoHike","description":"","publisher":{"@id":"https:\/\/gohike.lv\/ru\/#organization"},"potentialAction":[{"@type":"SearchAction","target":{"@type":"EntryPoint","urlTemplate":"https:\/\/gohike.lv\/ru\/?s={search_term_string}"},"query-input":{"@type":"PropertyValueSpecification","valueRequired":true,"valueName":"search_term_string"}}],"inLanguage":"ru-RU"},{"@type":"Organization","@id":"https:\/\/gohike.lv\/ru\/#organization","name":"GoHike","url":"https:\/\/gohike.lv\/ru\/","logo":{"@type":"ImageObject","inLanguage":"ru-RU","@id":"https:\/\/gohike.lv\/ru\/#\/schema\/logo\/image\/","url":"https:\/\/gohike.lv\/wp-content\/uploads\/2023\/08\/Logo_GoHike.webp","contentUrl":"https:\/\/gohike.lv\/wp-content\/uploads\/2023\/08\/Logo_GoHike.webp","width":512,"height":512,"caption":"GoHike"},"image":{"@id":"https:\/\/gohike.lv\/ru\/#\/schema\/logo\/image\/"},"sameAs":["https:\/\/www.facebook.com\/gohike.shop\/","https:\/\/www.instagram.com\/gohike.shop\/"]}]}},"jetpack_sharing_enabled":true,"_links":{"self":[{"href":"https:\/\/gohike.lv\/ru\/wp-json\/wp\/v2\/product\/65080","targetHints":{"allow":["GET"]}}],"collection":[{"href":"https:\/\/gohike.lv\/ru\/wp-json\/wp\/v2\/product"}],"about":[{"href":"https:\/\/gohike.lv\/ru\/wp-json\/wp\/v2\/types\/product"}],"version-history":[{"count":1,"href":"https:\/\/gohike.lv\/ru\/wp-json\/wp\/v2\/product\/65080\/revisions"}],"predecessor-version":[{"id":118831,"href":"https:\/\/gohike.lv\/ru\/wp-json\/wp\/v2\/product\/65080\/revisions\/118831"}],"wp:featuredmedia":[{"embeddable":true,"href":"https:\/\/gohike.lv\/ru\/wp-json\/wp\/v2\/media\/65082"}],"wp:attachment":[{"href":"https:\/\/gohike.lv\/ru\/wp-json\/wp\/v2\/media?parent=65080"}],"wp:term":[{"taxonomy":"product_brand","embeddable":true,"href":"https:\/\/gohike.lv\/ru\/wp-json\/wp\/v2\/product_brand?post=65080"},{"taxonomy":"product_cat","embeddable":true,"href":"https:\/\/gohike.lv\/ru\/wp-json\/wp\/v2\/product_cat?post=65080"},{"taxonomy":"product_tag","embeddable":true,"href":"https:\/\/gohike.lv\/ru\/wp-json\/wp\/v2\/product_tag?post=65080"}],"curies":[{"name":"wp","href":"https:\/\/api.w.org\/{rel}","templated":true}]}}