{"id":65038,"date":"2025-01-10T15:18:55","date_gmt":"2025-01-10T12:18:55","guid":{"rendered":"https:\/\/gohike.lv\/produkts\/firemaple-polaris-gazes-deglis-ar-spiediena-regulatoru\/"},"modified":"2025-12-30T17:09:53","modified_gmt":"2025-12-30T14:09:53","slug":"firemaple-polaris-gazes-deglis-ar-spiediena-regulatoru","status":"publish","type":"product","link":"https:\/\/gohike.lv\/ru\/produkts\/firemaple-polaris-gazes-deglis-ar-spiediena-regulatoru\/","title":{"rendered":"FIREMAPLE &#8212; Polaris G\u0101zes deglis ar spiediena regulatoru"},"content":{"rendered":"<p>Spiediena regulators nodro\u0161ina vienm\u0113r\u012bgu liesmu pat tad, kad degvielas spiediens ir zems.<br \/>\n\u2022\tIntegr\u0113ts spiediena regulators: nodro\u0161ina vienm\u0113r\u012bgu liesmu aukstajos, v\u0113jainajos apst\u0101k\u013cos un liel\u0101 augstum\u0101, \u013caujot \u0101tri uzv\u0101r\u012bt \u016bdeni;<br \/>\n\u2022\tViegls un kompakts: svars tikai 76 g un mazs izm\u0113rs;<br \/>\n\u2022\tViegls lieto\u0161an\u0101: sader\u012bgs ar izobut\u0101na-prop\u0101na degvielas k\u0101rb\u0101m, apr\u012bkots ar regul\u0113jamu degvielas regulatoru, kas \u013cauj kontrol\u0113t temperat\u016bru no l\u0113nas v\u0101r\u012b\u0161anas l\u012bdz uzv\u0101r\u012b\u0161anai.<br \/>\nMateri\u0101ls: ner\u016bs\u0113jo\u0161ais t\u0113rauds \/ alum\u012bnijs \/ vars<br \/>\nSvars: 76 g.<br \/>\nIzm\u0113rs:<br \/>\n\u2022\tIzkl\u0101t\u0101 veid\u0101: 11.4*9.4 cm;<br \/>\n\u2022\tSaloc\u012bt\u0101 veid\u0101: 4.9*8.2 cm.<br \/>\nJauda: 2.5 kW, 8530 BTU\/h.<br \/>\nV\u0101r\u012b\u0161anas laiks: 1 min\u016bte 47 sekundes uz 0.5 litriem.<br \/>\nDegvielas veids: izobut\u0101ns.<\/p>\n","protected":false},"excerpt":{"rendered":"<p>Deglis ir rad\u012bts \u0113diena gatavo\u0161anai liel\u0101 augstum\u0101, aukstos un\/vai v\u0113jainos apst\u0101k\u013cos. Spiediena regulators nodro\u0161ina vienm\u0113r\u012bgu liesmu deg\u013ciem pat pie zema degvielas spiediena.<\/p>\n","protected":false},"featured_media":65040,"template":"","meta":[],"product_brand":[1080],"product_cat":[951],"product_tag":[],"class_list":{"0":"post-65038","1":"product","2":"type-product","3":"status-publish","4":"has-post-thumbnail","6":"product_brand-firemaple-lv","7":"product_cat-degli-un-degviela","8":"pa_degvielu-veidi-izobutans","9":"pa_izmeriscm-11-49-4","10":"pa_jauda-2-5-kw","11":"pa_jauda-8530-btu-h","12":"pa_produkta-tips-degli","13":"pa_saliktas-preces-izmerscm-4-98-2","14":"pa_varisanas-laiks-1-minute-47-sekundes-uz-0-5-litriem","16":"first","17":"instock","18":"taxable","19":"shipping-taxable","20":"purchasable","21":"product-type-simple"},"raw_content":{"name":"FIREMAPLE - Polaris G\u0101zes deglis ar spiediena regulatoru","description":"Spiediena regulators nodro\u0161ina vienm\u0113r\u012bgu liesmu pat tad, kad degvielas spiediens ir zems.\n\u2022\tIntegr\u0113ts spiediena regulators: nodro\u0161ina vienm\u0113r\u012bgu liesmu aukstajos, v\u0113jainajos apst\u0101k\u013cos un liel\u0101 augstum\u0101, \u013caujot \u0101tri uzv\u0101r\u012bt \u016bdeni;\n\u2022\tViegls un kompakts: svars tikai 76 g un mazs izm\u0113rs;\n\u2022\tViegls lieto\u0161an\u0101: sader\u012bgs ar izobut\u0101na-prop\u0101na degvielas k\u0101rb\u0101m, apr\u012bkots ar regul\u0113jamu degvielas regulatoru, kas \u013cauj kontrol\u0113t temperat\u016bru no l\u0113nas v\u0101r\u012b\u0161anas l\u012bdz uzv\u0101r\u012b\u0161anai.\nMateri\u0101ls: ner\u016bs\u0113jo\u0161ais t\u0113rauds \/ alum\u012bnijs \/ vars\nSvars: 76 g.\nIzm\u0113rs:\n\u2022\tIzkl\u0101t\u0101 veid\u0101: 11.4*9.4 cm;\n\u2022\tSaloc\u012bt\u0101 veid\u0101: 4.9*8.2 cm.\nJauda: 2.5 kW, 8530 BTU\/h.\nV\u0101r\u012b\u0161anas laiks: 1 min\u016bte 47 sekundes uz 0.5 litriem.\nDegvielas veids: izobut\u0101ns.","short_description":"Deglis ir rad\u012bts \u0113diena gatavo\u0161anai liel\u0101 augstum\u0101, aukstos un\/vai v\u0113jainos apst\u0101k\u013cos. Spiediena regulators nodro\u0161ina vienm\u0113r\u012bgu liesmu deg\u013ciem pat pie zema degvielas spiediena.","status":"publish","sku":"6971490126461","original":65038},"wpml":{"translation_type":1,"has_translations":true,"original":65038,"duplicates":[],"translations":{"lv":65038,"en":67009,"ru":null}},"supplier_id":null,"supplier_sku":"","barcode":null,"atum_controlled":true,"out_stock_date":null,"out_stock_threshold":null,"inheritable":false,"inbound_stock":0,"stock_on_hold":0,"sold_today":0,"sales_last_days":0,"reserved_stock":0,"customer_returns":0,"warehouse_damage":0,"lost_in_post":0,"other_logs":0,"out_stock_days":0,"lost_sales":0,"has_location":false,"update_date":"2025-12-30T14:13:26","atum_locations":[],"atum_stock_status":"instock","restock_status":false,"low_stock_amount":"","sales_update_date":"2025-11-13T14:09:01","calc_backorders":null,"yoast_head":"<!-- This site is optimized with the Yoast SEO plugin v27.3 - https:\/\/yoast.com\/product\/yoast-seo-wordpress\/ -->\n<title>FIREMAPLE Polaris G\u0101zes deglis ar spiediena regulatoru - Polaris G\u0101zes deglis ar spiediena regulatoru<\/title>\n<meta name=\"description\" content=\"Deglis ir rad\u012bts \u0113diena gatavo\u0161anai liel\u0101 augstum\u0101, aukstos un\/vai v\u0113jainos apst\u0101k\u013cos. Spiediena regulators nodro\u0161ina vienm\u0113r\u012bgu liesmu deg\u013ciem pat pie zema degvielas spiediena.\" \/>\n<meta name=\"robots\" content=\"index, follow, max-snippet:-1, max-image-preview:large, max-video-preview:-1\" \/>\n<link rel=\"canonical\" href=\"https:\/\/gohike.lv\/ru\/produkts\/firemaple-polaris-gazes-deglis-ar-spiediena-regulatoru\/\" \/>\n<meta property=\"og:locale\" content=\"ru_RU\" \/>\n<meta property=\"og:type\" content=\"article\" \/>\n<meta property=\"og:title\" content=\"FIREMAPLE Polaris G\u0101zes deglis ar spiediena regulatoru - Polaris G\u0101zes deglis ar spiediena regulatoru\" \/>\n<meta property=\"og:description\" content=\"Deglis ir rad\u012bts \u0113diena gatavo\u0161anai liel\u0101 augstum\u0101, aukstos un\/vai v\u0113jainos apst\u0101k\u013cos. Spiediena regulators nodro\u0161ina vienm\u0113r\u012bgu liesmu deg\u013ciem pat pie zema degvielas spiediena.\" \/>\n<meta property=\"og:url\" content=\"https:\/\/gohike.lv\/ru\/produkts\/firemaple-polaris-gazes-deglis-ar-spiediena-regulatoru\/\" \/>\n<meta property=\"og:site_name\" content=\"GoHike\" \/>\n<meta property=\"article:publisher\" content=\"https:\/\/www.facebook.com\/gohike.shop\/\" \/>\n<meta property=\"article:modified_time\" content=\"2025-12-30T14:09:53+00:00\" \/>\n<meta property=\"og:image\" content=\"https:\/\/gohike.lv\/wp-content\/uploads\/2025\/01\/PolarisSmall_-1.webp\" \/>\n\t<meta property=\"og:image:width\" content=\"1800\" \/>\n\t<meta property=\"og:image:height\" content=\"1800\" \/>\n\t<meta property=\"og:image:type\" content=\"image\/webp\" \/>\n<meta name=\"twitter:card\" content=\"summary_large_image\" \/>\n<meta name=\"twitter:title\" content=\"FIREMAPLE Polaris G\u0101zes deglis ar spiediena regulatoru - Polaris G\u0101zes deglis ar spiediena regulatoru\" \/>\n<meta name=\"twitter:label1\" content=\"\u041f\u0440\u0438\u043c\u0435\u0440\u043d\u043e\u0435 \u0432\u0440\u0435\u043c\u044f \u0434\u043b\u044f \u0447\u0442\u0435\u043d\u0438\u044f\" \/>\n\t<meta name=\"twitter:data1\" content=\"1 \u043c\u0438\u043d\u0443\u0442\u0430\" \/>\n<script type=\"application\/ld+json\" class=\"yoast-schema-graph\">{\"@context\":\"https:\\\/\\\/schema.org\",\"@graph\":[{\"@type\":[\"WebPage\",\"ItemPage\"],\"@id\":\"https:\\\/\\\/gohike.lv\\\/ru\\\/produkts\\\/firemaple-polaris-gazes-deglis-ar-spiediena-regulatoru\\\/\",\"url\":\"https:\\\/\\\/gohike.lv\\\/ru\\\/produkts\\\/firemaple-polaris-gazes-deglis-ar-spiediena-regulatoru\\\/\",\"name\":\"FIREMAPLE Polaris G\u0101zes deglis ar spiediena regulatoru - Polaris G\u0101zes deglis ar spiediena regulatoru\",\"isPartOf\":{\"@id\":\"https:\\\/\\\/gohike.lv\\\/ru\\\/#website\"},\"primaryImageOfPage\":{\"@id\":\"https:\\\/\\\/gohike.lv\\\/ru\\\/produkts\\\/firemaple-polaris-gazes-deglis-ar-spiediena-regulatoru\\\/#primaryimage\"},\"image\":{\"@id\":\"https:\\\/\\\/gohike.lv\\\/ru\\\/produkts\\\/firemaple-polaris-gazes-deglis-ar-spiediena-regulatoru\\\/#primaryimage\"},\"thumbnailUrl\":\"https:\\\/\\\/gohike.lv\\\/wp-content\\\/uploads\\\/2025\\\/01\\\/PolarisSmall_-1.webp\",\"datePublished\":\"2025-01-10T12:18:55+00:00\",\"dateModified\":\"2025-12-30T14:09:53+00:00\",\"description\":\"Deglis ir rad\u012bts \u0113diena gatavo\u0161anai liel\u0101 augstum\u0101, aukstos un\\\/vai v\u0113jainos apst\u0101k\u013cos. Spiediena regulators nodro\u0161ina vienm\u0113r\u012bgu liesmu deg\u013ciem pat pie zema degvielas spiediena.\",\"breadcrumb\":{\"@id\":\"https:\\\/\\\/gohike.lv\\\/ru\\\/produkts\\\/firemaple-polaris-gazes-deglis-ar-spiediena-regulatoru\\\/#breadcrumb\"},\"inLanguage\":\"ru-RU\",\"potentialAction\":[{\"@type\":\"ReadAction\",\"target\":[\"https:\\\/\\\/gohike.lv\\\/ru\\\/produkts\\\/firemaple-polaris-gazes-deglis-ar-spiediena-regulatoru\\\/\"]}]},{\"@type\":\"ImageObject\",\"inLanguage\":\"ru-RU\",\"@id\":\"https:\\\/\\\/gohike.lv\\\/ru\\\/produkts\\\/firemaple-polaris-gazes-deglis-ar-spiediena-regulatoru\\\/#primaryimage\",\"url\":\"https:\\\/\\\/gohike.lv\\\/wp-content\\\/uploads\\\/2025\\\/01\\\/PolarisSmall_-1.webp\",\"contentUrl\":\"https:\\\/\\\/gohike.lv\\\/wp-content\\\/uploads\\\/2025\\\/01\\\/PolarisSmall_-1.webp\",\"width\":1800,\"height\":1800},{\"@type\":\"BreadcrumbList\",\"@id\":\"https:\\\/\\\/gohike.lv\\\/ru\\\/produkts\\\/firemaple-polaris-gazes-deglis-ar-spiediena-regulatoru\\\/#breadcrumb\",\"itemListElement\":[{\"@type\":\"ListItem\",\"position\":1,\"name\":\"\u0413\u043b\u0430\u0432\u043d\u0430\u044f\",\"item\":\"https:\\\/\\\/gohike.lv\\\/ru\\\/\"},{\"@type\":\"ListItem\",\"position\":2,\"name\":\"\u041a\u0430\u0442\u0435\u0433\u043e\u0440\u0438\u0438 \u0442\u043e\u0432\u0430\u0440\u043e\u0432\",\"item\":\"https:\\\/\\\/gohike.lv\\\/%d0%ba%d0%b0%d1%82%d0%b5%d0%b3%d0%be%d1%80%d0%b8%d0%b8-%d1%82%d0%be%d0%b2%d0%b0%d1%80%d0%be%d0%b2\\\/\"},{\"@type\":\"ListItem\",\"position\":3,\"name\":\"FIREMAPLE &#8211; Polaris G\u0101zes deglis ar spiediena regulatoru\"}]},{\"@type\":\"WebSite\",\"@id\":\"https:\\\/\\\/gohike.lv\\\/ru\\\/#website\",\"url\":\"https:\\\/\\\/gohike.lv\\\/ru\\\/\",\"name\":\"GoHike\",\"description\":\"\",\"publisher\":{\"@id\":\"https:\\\/\\\/gohike.lv\\\/ru\\\/#organization\"},\"potentialAction\":[{\"@type\":\"SearchAction\",\"target\":{\"@type\":\"EntryPoint\",\"urlTemplate\":\"https:\\\/\\\/gohike.lv\\\/ru\\\/?s={search_term_string}\"},\"query-input\":{\"@type\":\"PropertyValueSpecification\",\"valueRequired\":true,\"valueName\":\"search_term_string\"}}],\"inLanguage\":\"ru-RU\"},{\"@type\":\"Organization\",\"@id\":\"https:\\\/\\\/gohike.lv\\\/ru\\\/#organization\",\"name\":\"GoHike\",\"url\":\"https:\\\/\\\/gohike.lv\\\/ru\\\/\",\"logo\":{\"@type\":\"ImageObject\",\"inLanguage\":\"ru-RU\",\"@id\":\"https:\\\/\\\/gohike.lv\\\/ru\\\/#\\\/schema\\\/logo\\\/image\\\/\",\"url\":\"https:\\\/\\\/gohike.lv\\\/wp-content\\\/uploads\\\/2023\\\/08\\\/Logo_GoHike.webp\",\"contentUrl\":\"https:\\\/\\\/gohike.lv\\\/wp-content\\\/uploads\\\/2023\\\/08\\\/Logo_GoHike.webp\",\"width\":512,\"height\":512,\"caption\":\"GoHike\"},\"image\":{\"@id\":\"https:\\\/\\\/gohike.lv\\\/ru\\\/#\\\/schema\\\/logo\\\/image\\\/\"},\"sameAs\":[\"https:\\\/\\\/www.facebook.com\\\/gohike.shop\\\/\",\"https:\\\/\\\/www.instagram.com\\\/gohike.shop\\\/\"]}]}<\/script>\n<!-- \/ Yoast SEO plugin. -->","yoast_head_json":{"title":"FIREMAPLE Polaris G\u0101zes deglis ar spiediena regulatoru - Polaris G\u0101zes deglis ar spiediena regulatoru","description":"Deglis ir rad\u012bts \u0113diena gatavo\u0161anai liel\u0101 augstum\u0101, aukstos un\/vai v\u0113jainos apst\u0101k\u013cos. Spiediena regulators nodro\u0161ina vienm\u0113r\u012bgu liesmu deg\u013ciem pat pie zema degvielas spiediena.","robots":{"index":"index","follow":"follow","max-snippet":"max-snippet:-1","max-image-preview":"max-image-preview:large","max-video-preview":"max-video-preview:-1"},"canonical":"https:\/\/gohike.lv\/ru\/produkts\/firemaple-polaris-gazes-deglis-ar-spiediena-regulatoru\/","og_locale":"ru_RU","og_type":"article","og_title":"FIREMAPLE Polaris G\u0101zes deglis ar spiediena regulatoru - Polaris G\u0101zes deglis ar spiediena regulatoru","og_description":"Deglis ir rad\u012bts \u0113diena gatavo\u0161anai liel\u0101 augstum\u0101, aukstos un\/vai v\u0113jainos apst\u0101k\u013cos. Spiediena regulators nodro\u0161ina vienm\u0113r\u012bgu liesmu deg\u013ciem pat pie zema degvielas spiediena.","og_url":"https:\/\/gohike.lv\/ru\/produkts\/firemaple-polaris-gazes-deglis-ar-spiediena-regulatoru\/","og_site_name":"GoHike","article_publisher":"https:\/\/www.facebook.com\/gohike.shop\/","article_modified_time":"2025-12-30T14:09:53+00:00","og_image":[{"width":1800,"height":1800,"url":"https:\/\/gohike.lv\/wp-content\/uploads\/2025\/01\/PolarisSmall_-1.webp","type":"image\/webp"}],"twitter_card":"summary_large_image","twitter_title":"FIREMAPLE Polaris G\u0101zes deglis ar spiediena regulatoru - Polaris G\u0101zes deglis ar spiediena regulatoru","twitter_misc":{"\u041f\u0440\u0438\u043c\u0435\u0440\u043d\u043e\u0435 \u0432\u0440\u0435\u043c\u044f \u0434\u043b\u044f \u0447\u0442\u0435\u043d\u0438\u044f":"1 \u043c\u0438\u043d\u0443\u0442\u0430"},"schema":{"@context":"https:\/\/schema.org","@graph":[{"@type":["WebPage","ItemPage"],"@id":"https:\/\/gohike.lv\/ru\/produkts\/firemaple-polaris-gazes-deglis-ar-spiediena-regulatoru\/","url":"https:\/\/gohike.lv\/ru\/produkts\/firemaple-polaris-gazes-deglis-ar-spiediena-regulatoru\/","name":"FIREMAPLE Polaris G\u0101zes deglis ar spiediena regulatoru - Polaris G\u0101zes deglis ar spiediena regulatoru","isPartOf":{"@id":"https:\/\/gohike.lv\/ru\/#website"},"primaryImageOfPage":{"@id":"https:\/\/gohike.lv\/ru\/produkts\/firemaple-polaris-gazes-deglis-ar-spiediena-regulatoru\/#primaryimage"},"image":{"@id":"https:\/\/gohike.lv\/ru\/produkts\/firemaple-polaris-gazes-deglis-ar-spiediena-regulatoru\/#primaryimage"},"thumbnailUrl":"https:\/\/gohike.lv\/wp-content\/uploads\/2025\/01\/PolarisSmall_-1.webp","datePublished":"2025-01-10T12:18:55+00:00","dateModified":"2025-12-30T14:09:53+00:00","description":"Deglis ir rad\u012bts \u0113diena gatavo\u0161anai liel\u0101 augstum\u0101, aukstos un\/vai v\u0113jainos apst\u0101k\u013cos. Spiediena regulators nodro\u0161ina vienm\u0113r\u012bgu liesmu deg\u013ciem pat pie zema degvielas spiediena.","breadcrumb":{"@id":"https:\/\/gohike.lv\/ru\/produkts\/firemaple-polaris-gazes-deglis-ar-spiediena-regulatoru\/#breadcrumb"},"inLanguage":"ru-RU","potentialAction":[{"@type":"ReadAction","target":["https:\/\/gohike.lv\/ru\/produkts\/firemaple-polaris-gazes-deglis-ar-spiediena-regulatoru\/"]}]},{"@type":"ImageObject","inLanguage":"ru-RU","@id":"https:\/\/gohike.lv\/ru\/produkts\/firemaple-polaris-gazes-deglis-ar-spiediena-regulatoru\/#primaryimage","url":"https:\/\/gohike.lv\/wp-content\/uploads\/2025\/01\/PolarisSmall_-1.webp","contentUrl":"https:\/\/gohike.lv\/wp-content\/uploads\/2025\/01\/PolarisSmall_-1.webp","width":1800,"height":1800},{"@type":"BreadcrumbList","@id":"https:\/\/gohike.lv\/ru\/produkts\/firemaple-polaris-gazes-deglis-ar-spiediena-regulatoru\/#breadcrumb","itemListElement":[{"@type":"ListItem","position":1,"name":"\u0413\u043b\u0430\u0432\u043d\u0430\u044f","item":"https:\/\/gohike.lv\/ru\/"},{"@type":"ListItem","position":2,"name":"\u041a\u0430\u0442\u0435\u0433\u043e\u0440\u0438\u0438 \u0442\u043e\u0432\u0430\u0440\u043e\u0432","item":"https:\/\/gohike.lv\/%d0%ba%d0%b0%d1%82%d0%b5%d0%b3%d0%be%d1%80%d0%b8%d0%b8-%d1%82%d0%be%d0%b2%d0%b0%d1%80%d0%be%d0%b2\/"},{"@type":"ListItem","position":3,"name":"FIREMAPLE &#8211; Polaris G\u0101zes deglis ar spiediena regulatoru"}]},{"@type":"WebSite","@id":"https:\/\/gohike.lv\/ru\/#website","url":"https:\/\/gohike.lv\/ru\/","name":"GoHike","description":"","publisher":{"@id":"https:\/\/gohike.lv\/ru\/#organization"},"potentialAction":[{"@type":"SearchAction","target":{"@type":"EntryPoint","urlTemplate":"https:\/\/gohike.lv\/ru\/?s={search_term_string}"},"query-input":{"@type":"PropertyValueSpecification","valueRequired":true,"valueName":"search_term_string"}}],"inLanguage":"ru-RU"},{"@type":"Organization","@id":"https:\/\/gohike.lv\/ru\/#organization","name":"GoHike","url":"https:\/\/gohike.lv\/ru\/","logo":{"@type":"ImageObject","inLanguage":"ru-RU","@id":"https:\/\/gohike.lv\/ru\/#\/schema\/logo\/image\/","url":"https:\/\/gohike.lv\/wp-content\/uploads\/2023\/08\/Logo_GoHike.webp","contentUrl":"https:\/\/gohike.lv\/wp-content\/uploads\/2023\/08\/Logo_GoHike.webp","width":512,"height":512,"caption":"GoHike"},"image":{"@id":"https:\/\/gohike.lv\/ru\/#\/schema\/logo\/image\/"},"sameAs":["https:\/\/www.facebook.com\/gohike.shop\/","https:\/\/www.instagram.com\/gohike.shop\/"]}]}},"jetpack_sharing_enabled":true,"_links":{"self":[{"href":"https:\/\/gohike.lv\/ru\/wp-json\/wp\/v2\/product\/65038","targetHints":{"allow":["GET"]}}],"collection":[{"href":"https:\/\/gohike.lv\/ru\/wp-json\/wp\/v2\/product"}],"about":[{"href":"https:\/\/gohike.lv\/ru\/wp-json\/wp\/v2\/types\/product"}],"version-history":[{"count":1,"href":"https:\/\/gohike.lv\/ru\/wp-json\/wp\/v2\/product\/65038\/revisions"}],"predecessor-version":[{"id":118884,"href":"https:\/\/gohike.lv\/ru\/wp-json\/wp\/v2\/product\/65038\/revisions\/118884"}],"wp:featuredmedia":[{"embeddable":true,"href":"https:\/\/gohike.lv\/ru\/wp-json\/wp\/v2\/media\/65040"}],"wp:attachment":[{"href":"https:\/\/gohike.lv\/ru\/wp-json\/wp\/v2\/media?parent=65038"}],"wp:term":[{"taxonomy":"product_brand","embeddable":true,"href":"https:\/\/gohike.lv\/ru\/wp-json\/wp\/v2\/product_brand?post=65038"},{"taxonomy":"product_cat","embeddable":true,"href":"https:\/\/gohike.lv\/ru\/wp-json\/wp\/v2\/product_cat?post=65038"},{"taxonomy":"product_tag","embeddable":true,"href":"https:\/\/gohike.lv\/ru\/wp-json\/wp\/v2\/product_tag?post=65038"}],"curies":[{"name":"wp","href":"https:\/\/api.w.org\/{rel}","templated":true}]}}