{"id":65016,"date":"2025-01-10T15:18:14","date_gmt":"2025-01-10T12:18:14","guid":{"rendered":"https:\/\/gohike.lv\/produkts\/firemaple-lava-turisma-plits-multi-fuel\/"},"modified":"2026-03-25T20:23:40","modified_gmt":"2026-03-25T17:23:40","slug":"firemaple-lava-turisma-plits-multi-fuel","status":"publish","type":"product","link":"https:\/\/gohike.lv\/ru\/produkts\/firemaple-lava-turisma-plits-multi-fuel\/","title":{"rendered":"FIREMAPLE &#8212; (Lava) T\u016brisma pl\u012bts (Multi-Fuel)"},"content":{"rendered":"<p>Izbaudiet gardus \u0113dienus \u0101tri, neatkar\u012bgi no atra\u0161an\u0101s vietas, ar \u0161o uzticamo, daudzfunkcion\u0101lo pl\u012bti. Ide\u0101li piem\u0113rota \u012bsiem un gariem ce\u013cojumiem.<br \/>\n\u2022\tDaudzfunkcion\u0101la degvielas sader\u012bba: darbojas ar da\u017e\u0101d\u0101m degviel\u0101m, tostarp but\u0101na-prop\u0101na, benz\u012bnu un petroleju;<br \/>\n\u2022\tJaud\u012bga un efekt\u012bva: augsta jauda \u2013 10 239 BTU, v\u0101r\u012b\u0161anas laiks tikai 3 min\u016btes un 15 sekundes, lai uzv\u0101r\u012btu \u016bdeni;<br \/>\n\u2022\tL\u0113na v\u0101r\u012b\u0161ana: Lava pl\u012bts \u013cauj veikt l\u0113nu v\u0101r\u012b\u0161anu, kas ir ide\u0101li piem\u0113rota delik\u0101tu \u0113dienu gatavo\u0161anai bez piededzin\u0101\u0161anas;<br \/>\n\u2022\tViegls uztur\u0113\u0161anai: komplekt\u0101 ietilpst remontkomplekts vieglai apkopei;<br \/>\n\u2022\tP\u0101rn\u0113s\u0101jama konstrukcija: kompakts un viegli p\u0101rn\u0113s\u0101jams, komplekt\u0101 iek\u013cauta \u0113rta auduma soma.<br \/>\nMateri\u0101ls: alum\u012bnijs, ner\u016bs\u0113jo\u0161ais t\u0113rauds\/ var\u0161\/ FPM\/ FG\/ PA66.<br \/>\nJauda: 3 kW, 10 239 BTU\/h.<br \/>\nSvars:<br \/>\n\u2022\t[Pl\u012bts] 364 g;<br \/>\n\u2022\t[500 ml degvielas pudele] 137 g.<br \/>\nIzm\u0113rs:<br \/>\n\u2022\tIzkl\u0101t\u0101 veid\u0101: 13.5*18.9*9.6 cm;<br \/>\n\u2022\tSaloc\u012bt\u0101 veid\u0101: 13.56*29.6 cm.<br \/>\nV\u0101r\u012b\u0161anas laiks: 1 litra \u016bdens v\u0101r\u012b\u0161ana tikai 3 min\u016b\u0161u 15 sekun\u017eu laik\u0101.<br \/>\nDegvielas pat\u0113ri\u0146\u0161: 90 min \/ 500 ml.<br \/>\nDegvielas veids: but\u0101ns-prop\u0101ns, benz\u012bns, petroleja.<br \/>\nKomplekt\u0101:<br \/>\n\u2022\tPl\u012bts;<br \/>\n\u2022\tS\u016bknis;<br \/>\n\u2022\t500 ml degvielas pudele;<br \/>\n\u2022\tRemontkomplekts;<br \/>\n\u2022\tG\u0101zes balona stiprin\u0101juma kron\u0161teins.<\/p>\n","protected":false},"excerpt":{"rendered":"<p>Lava pl\u012bts ir ide\u0101la izv\u0113le \u0101ra aktivit\u0101t\u0113m, pateicoties da\u017e\u0101d\u0101m degvielas iesp\u0113j\u0101m, lieliskajai jaudai un augstajai termiskajai efektivit\u0101tei.<\/p>\n","protected":false},"featured_media":65018,"template":"","meta":[],"product_brand":[1080],"product_cat":[951],"product_tag":[],"class_list":{"0":"post-65016","1":"product","2":"type-product","3":"status-publish","4":"has-post-thumbnail","6":"product_brand-firemaple-lv","7":"product_cat-degli-un-degviela","8":"pa_degvielu-veidi-benzins","9":"pa_degvielu-veidi-butans-propans","10":"pa_degvielu-veidi-petroleja","11":"pa_izmeriscm-13-518-99-6","12":"pa_jauda-10-239-btu-h","13":"pa_jauda-3-kw","14":"pa_produkta-tips-degli","15":"pa_saliktas-preces-izmerscm-13-5629-6","16":"pa_varisanas-laiks-1-litra-udens-varisana-tikai-3-minusu-15-sekunzu-laika","18":"first","19":"outofstock","20":"taxable","21":"shipping-taxable","22":"purchasable","23":"product-type-simple"},"raw_content":{"name":"FIREMAPLE - (Lava) T\u016brisma pl\u012bts (Multi-Fuel)","description":"Izbaudiet gardus \u0113dienus \u0101tri, neatkar\u012bgi no atra\u0161an\u0101s vietas, ar \u0161o uzticamo, daudzfunkcion\u0101lo pl\u012bti. Ide\u0101li piem\u0113rota \u012bsiem un gariem ce\u013cojumiem.\n\u2022\tDaudzfunkcion\u0101la degvielas sader\u012bba: darbojas ar da\u017e\u0101d\u0101m degviel\u0101m, tostarp but\u0101na-prop\u0101na, benz\u012bnu un petroleju;\n\u2022\tJaud\u012bga un efekt\u012bva: augsta jauda \u2013 10 239 BTU, v\u0101r\u012b\u0161anas laiks tikai 3 min\u016btes un 15 sekundes, lai uzv\u0101r\u012btu \u016bdeni;\n\u2022\tL\u0113na v\u0101r\u012b\u0161ana: Lava pl\u012bts \u013cauj veikt l\u0113nu v\u0101r\u012b\u0161anu, kas ir ide\u0101li piem\u0113rota delik\u0101tu \u0113dienu gatavo\u0161anai bez piededzin\u0101\u0161anas;\n\u2022\tViegls uztur\u0113\u0161anai: komplekt\u0101 ietilpst remontkomplekts vieglai apkopei;\n\u2022\tP\u0101rn\u0113s\u0101jama konstrukcija: kompakts un viegli p\u0101rn\u0113s\u0101jams, komplekt\u0101 iek\u013cauta \u0113rta auduma soma.\nMateri\u0101ls: alum\u012bnijs, ner\u016bs\u0113jo\u0161ais t\u0113rauds\/ var\u0161\/ FPM\/ FG\/ PA66.\nJauda: 3 kW, 10 239 BTU\/h.\nSvars:\n\u2022\t[Pl\u012bts] 364 g;\n\u2022\t[500 ml degvielas pudele] 137 g.\nIzm\u0113rs:\n\u2022\tIzkl\u0101t\u0101 veid\u0101: 13.5*18.9*9.6 cm;\n\u2022\tSaloc\u012bt\u0101 veid\u0101: 13.56*29.6 cm.\nV\u0101r\u012b\u0161anas laiks: 1 litra \u016bdens v\u0101r\u012b\u0161ana tikai 3 min\u016b\u0161u 15 sekun\u017eu laik\u0101.\nDegvielas pat\u0113ri\u0146\u0161: 90 min \/ 500 ml.\nDegvielas veids: but\u0101ns-prop\u0101ns, benz\u012bns, petroleja.\nKomplekt\u0101:\n\u2022\tPl\u012bts;\n\u2022\tS\u016bknis;\n\u2022\t500 ml degvielas pudele;\n\u2022\tRemontkomplekts;\n\u2022\tG\u0101zes balona stiprin\u0101juma kron\u0161teins.","short_description":"Lava pl\u012bts ir ide\u0101la izv\u0113le \u0101ra aktivit\u0101t\u0113m, pateicoties da\u017e\u0101d\u0101m degvielas iesp\u0113j\u0101m, lieliskajai jaudai un augstajai termiskajai efektivit\u0101tei.","status":"publish","sku":"6971490128069","original":65016},"wpml":{"translation_type":1,"has_translations":true,"original":65016,"duplicates":[],"translations":{"lv":65016,"en":67014,"ru":null}},"supplier_id":null,"supplier_sku":"","barcode":null,"atum_controlled":true,"out_stock_date":"2026-03-25 11:53:58","out_stock_threshold":null,"inheritable":false,"inbound_stock":0,"stock_on_hold":0,"sold_today":0,"sales_last_days":1,"reserved_stock":0,"customer_returns":0,"warehouse_damage":0,"lost_in_post":0,"other_logs":0,"out_stock_days":0,"lost_sales":0,"has_location":false,"update_date":"2026-03-25T17:23:48","atum_locations":[],"atum_stock_status":"outofstock","restock_status":false,"low_stock_amount":"","sales_update_date":"2025-12-04T08:28:35","calc_backorders":null,"yoast_head":"<!-- This site is optimized with the Yoast SEO plugin v27.3 - https:\/\/yoast.com\/product\/yoast-seo-wordpress\/ -->\n<title>FIREMAPLE (Lava) T\u016brisma pl\u012bts (Multi-Fuel) - (Lava) t\u016brisma pl\u012bts (Multi-Fuel)<\/title>\n<meta name=\"description\" content=\"Lava pl\u012bts ir ide\u0101la izv\u0113le \u0101ra aktivit\u0101t\u0113m, pateicoties da\u017e\u0101d\u0101m degvielas iesp\u0113j\u0101m, lieliskajai jaudai un augstajai termiskajai efektivit\u0101tei.\" \/>\n<meta name=\"robots\" content=\"index, follow, max-snippet:-1, max-image-preview:large, max-video-preview:-1\" \/>\n<link rel=\"canonical\" href=\"https:\/\/gohike.lv\/ru\/produkts\/firemaple-lava-turisma-plits-multi-fuel\/\" \/>\n<meta property=\"og:locale\" content=\"ru_RU\" \/>\n<meta property=\"og:type\" content=\"article\" \/>\n<meta property=\"og:title\" content=\"FIREMAPLE (Lava) T\u016brisma pl\u012bts (Multi-Fuel) - (Lava) t\u016brisma pl\u012bts (Multi-Fuel)\" \/>\n<meta property=\"og:description\" content=\"Lava pl\u012bts ir ide\u0101la izv\u0113le \u0101ra aktivit\u0101t\u0113m, pateicoties da\u017e\u0101d\u0101m degvielas iesp\u0113j\u0101m, lieliskajai jaudai un augstajai termiskajai efektivit\u0101tei.\" \/>\n<meta property=\"og:url\" content=\"https:\/\/gohike.lv\/ru\/produkts\/firemaple-lava-turisma-plits-multi-fuel\/\" \/>\n<meta property=\"og:site_name\" content=\"GoHike\" \/>\n<meta property=\"article:publisher\" content=\"https:\/\/www.facebook.com\/gohike.shop\/\" \/>\n<meta property=\"article:modified_time\" content=\"2026-03-25T17:23:40+00:00\" \/>\n<meta property=\"og:image\" content=\"https:\/\/gohike.lv\/wp-content\/uploads\/2025\/01\/LavaStove_-1.webp\" \/>\n\t<meta property=\"og:image:width\" content=\"1000\" \/>\n\t<meta property=\"og:image:height\" content=\"1000\" \/>\n\t<meta property=\"og:image:type\" content=\"image\/webp\" \/>\n<meta name=\"twitter:card\" content=\"summary_large_image\" \/>\n<meta name=\"twitter:title\" content=\"FIREMAPLE (Lava) T\u016brisma pl\u012bts (Multi-Fuel) - (Lava) t\u016brisma pl\u012bts (Multi-Fuel)\" \/>\n<meta name=\"twitter:label1\" content=\"\u041f\u0440\u0438\u043c\u0435\u0440\u043d\u043e\u0435 \u0432\u0440\u0435\u043c\u044f \u0434\u043b\u044f \u0447\u0442\u0435\u043d\u0438\u044f\" \/>\n\t<meta name=\"twitter:data1\" content=\"2 \u043c\u0438\u043d\u0443\u0442\u0430\" \/>\n<script type=\"application\/ld+json\" class=\"yoast-schema-graph\">{\"@context\":\"https:\\\/\\\/schema.org\",\"@graph\":[{\"@type\":[\"WebPage\",\"ItemPage\"],\"@id\":\"https:\\\/\\\/gohike.lv\\\/ru\\\/produkts\\\/firemaple-lava-turisma-plits-multi-fuel\\\/\",\"url\":\"https:\\\/\\\/gohike.lv\\\/ru\\\/produkts\\\/firemaple-lava-turisma-plits-multi-fuel\\\/\",\"name\":\"FIREMAPLE (Lava) T\u016brisma pl\u012bts (Multi-Fuel) - (Lava) t\u016brisma pl\u012bts (Multi-Fuel)\",\"isPartOf\":{\"@id\":\"https:\\\/\\\/gohike.lv\\\/ru\\\/#website\"},\"primaryImageOfPage\":{\"@id\":\"https:\\\/\\\/gohike.lv\\\/ru\\\/produkts\\\/firemaple-lava-turisma-plits-multi-fuel\\\/#primaryimage\"},\"image\":{\"@id\":\"https:\\\/\\\/gohike.lv\\\/ru\\\/produkts\\\/firemaple-lava-turisma-plits-multi-fuel\\\/#primaryimage\"},\"thumbnailUrl\":\"https:\\\/\\\/gohike.lv\\\/wp-content\\\/uploads\\\/2025\\\/01\\\/LavaStove_-1.webp\",\"datePublished\":\"2025-01-10T12:18:14+00:00\",\"dateModified\":\"2026-03-25T17:23:40+00:00\",\"description\":\"Lava pl\u012bts ir ide\u0101la izv\u0113le \u0101ra aktivit\u0101t\u0113m, pateicoties da\u017e\u0101d\u0101m degvielas iesp\u0113j\u0101m, lieliskajai jaudai un augstajai termiskajai efektivit\u0101tei.\",\"breadcrumb\":{\"@id\":\"https:\\\/\\\/gohike.lv\\\/ru\\\/produkts\\\/firemaple-lava-turisma-plits-multi-fuel\\\/#breadcrumb\"},\"inLanguage\":\"ru-RU\",\"potentialAction\":[{\"@type\":\"ReadAction\",\"target\":[\"https:\\\/\\\/gohike.lv\\\/ru\\\/produkts\\\/firemaple-lava-turisma-plits-multi-fuel\\\/\"]}]},{\"@type\":\"ImageObject\",\"inLanguage\":\"ru-RU\",\"@id\":\"https:\\\/\\\/gohike.lv\\\/ru\\\/produkts\\\/firemaple-lava-turisma-plits-multi-fuel\\\/#primaryimage\",\"url\":\"https:\\\/\\\/gohike.lv\\\/wp-content\\\/uploads\\\/2025\\\/01\\\/LavaStove_-1.webp\",\"contentUrl\":\"https:\\\/\\\/gohike.lv\\\/wp-content\\\/uploads\\\/2025\\\/01\\\/LavaStove_-1.webp\",\"width\":1000,\"height\":1000},{\"@type\":\"BreadcrumbList\",\"@id\":\"https:\\\/\\\/gohike.lv\\\/ru\\\/produkts\\\/firemaple-lava-turisma-plits-multi-fuel\\\/#breadcrumb\",\"itemListElement\":[{\"@type\":\"ListItem\",\"position\":1,\"name\":\"\u0413\u043b\u0430\u0432\u043d\u0430\u044f\",\"item\":\"https:\\\/\\\/gohike.lv\\\/ru\\\/\"},{\"@type\":\"ListItem\",\"position\":2,\"name\":\"\u041a\u0430\u0442\u0435\u0433\u043e\u0440\u0438\u0438 \u0442\u043e\u0432\u0430\u0440\u043e\u0432\",\"item\":\"https:\\\/\\\/gohike.lv\\\/%d0%ba%d0%b0%d1%82%d0%b5%d0%b3%d0%be%d1%80%d0%b8%d0%b8-%d1%82%d0%be%d0%b2%d0%b0%d1%80%d0%be%d0%b2\\\/\"},{\"@type\":\"ListItem\",\"position\":3,\"name\":\"FIREMAPLE &#8211; (Lava) T\u016brisma pl\u012bts (Multi-Fuel)\"}]},{\"@type\":\"WebSite\",\"@id\":\"https:\\\/\\\/gohike.lv\\\/ru\\\/#website\",\"url\":\"https:\\\/\\\/gohike.lv\\\/ru\\\/\",\"name\":\"GoHike\",\"description\":\"\",\"publisher\":{\"@id\":\"https:\\\/\\\/gohike.lv\\\/ru\\\/#organization\"},\"potentialAction\":[{\"@type\":\"SearchAction\",\"target\":{\"@type\":\"EntryPoint\",\"urlTemplate\":\"https:\\\/\\\/gohike.lv\\\/ru\\\/?s={search_term_string}\"},\"query-input\":{\"@type\":\"PropertyValueSpecification\",\"valueRequired\":true,\"valueName\":\"search_term_string\"}}],\"inLanguage\":\"ru-RU\"},{\"@type\":\"Organization\",\"@id\":\"https:\\\/\\\/gohike.lv\\\/ru\\\/#organization\",\"name\":\"GoHike\",\"url\":\"https:\\\/\\\/gohike.lv\\\/ru\\\/\",\"logo\":{\"@type\":\"ImageObject\",\"inLanguage\":\"ru-RU\",\"@id\":\"https:\\\/\\\/gohike.lv\\\/ru\\\/#\\\/schema\\\/logo\\\/image\\\/\",\"url\":\"https:\\\/\\\/gohike.lv\\\/wp-content\\\/uploads\\\/2023\\\/08\\\/Logo_GoHike.webp\",\"contentUrl\":\"https:\\\/\\\/gohike.lv\\\/wp-content\\\/uploads\\\/2023\\\/08\\\/Logo_GoHike.webp\",\"width\":512,\"height\":512,\"caption\":\"GoHike\"},\"image\":{\"@id\":\"https:\\\/\\\/gohike.lv\\\/ru\\\/#\\\/schema\\\/logo\\\/image\\\/\"},\"sameAs\":[\"https:\\\/\\\/www.facebook.com\\\/gohike.shop\\\/\",\"https:\\\/\\\/www.instagram.com\\\/gohike.shop\\\/\"]}]}<\/script>\n<!-- \/ Yoast SEO plugin. -->","yoast_head_json":{"title":"FIREMAPLE (Lava) T\u016brisma pl\u012bts (Multi-Fuel) - (Lava) t\u016brisma pl\u012bts (Multi-Fuel)","description":"Lava pl\u012bts ir ide\u0101la izv\u0113le \u0101ra aktivit\u0101t\u0113m, pateicoties da\u017e\u0101d\u0101m degvielas iesp\u0113j\u0101m, lieliskajai jaudai un augstajai termiskajai efektivit\u0101tei.","robots":{"index":"index","follow":"follow","max-snippet":"max-snippet:-1","max-image-preview":"max-image-preview:large","max-video-preview":"max-video-preview:-1"},"canonical":"https:\/\/gohike.lv\/ru\/produkts\/firemaple-lava-turisma-plits-multi-fuel\/","og_locale":"ru_RU","og_type":"article","og_title":"FIREMAPLE (Lava) T\u016brisma pl\u012bts (Multi-Fuel) - (Lava) t\u016brisma pl\u012bts (Multi-Fuel)","og_description":"Lava pl\u012bts ir ide\u0101la izv\u0113le \u0101ra aktivit\u0101t\u0113m, pateicoties da\u017e\u0101d\u0101m degvielas iesp\u0113j\u0101m, lieliskajai jaudai un augstajai termiskajai efektivit\u0101tei.","og_url":"https:\/\/gohike.lv\/ru\/produkts\/firemaple-lava-turisma-plits-multi-fuel\/","og_site_name":"GoHike","article_publisher":"https:\/\/www.facebook.com\/gohike.shop\/","article_modified_time":"2026-03-25T17:23:40+00:00","og_image":[{"width":1000,"height":1000,"url":"https:\/\/gohike.lv\/wp-content\/uploads\/2025\/01\/LavaStove_-1.webp","type":"image\/webp"}],"twitter_card":"summary_large_image","twitter_title":"FIREMAPLE (Lava) T\u016brisma pl\u012bts (Multi-Fuel) - (Lava) t\u016brisma pl\u012bts (Multi-Fuel)","twitter_misc":{"\u041f\u0440\u0438\u043c\u0435\u0440\u043d\u043e\u0435 \u0432\u0440\u0435\u043c\u044f \u0434\u043b\u044f \u0447\u0442\u0435\u043d\u0438\u044f":"2 \u043c\u0438\u043d\u0443\u0442\u0430"},"schema":{"@context":"https:\/\/schema.org","@graph":[{"@type":["WebPage","ItemPage"],"@id":"https:\/\/gohike.lv\/ru\/produkts\/firemaple-lava-turisma-plits-multi-fuel\/","url":"https:\/\/gohike.lv\/ru\/produkts\/firemaple-lava-turisma-plits-multi-fuel\/","name":"FIREMAPLE (Lava) T\u016brisma pl\u012bts (Multi-Fuel) - (Lava) t\u016brisma pl\u012bts (Multi-Fuel)","isPartOf":{"@id":"https:\/\/gohike.lv\/ru\/#website"},"primaryImageOfPage":{"@id":"https:\/\/gohike.lv\/ru\/produkts\/firemaple-lava-turisma-plits-multi-fuel\/#primaryimage"},"image":{"@id":"https:\/\/gohike.lv\/ru\/produkts\/firemaple-lava-turisma-plits-multi-fuel\/#primaryimage"},"thumbnailUrl":"https:\/\/gohike.lv\/wp-content\/uploads\/2025\/01\/LavaStove_-1.webp","datePublished":"2025-01-10T12:18:14+00:00","dateModified":"2026-03-25T17:23:40+00:00","description":"Lava pl\u012bts ir ide\u0101la izv\u0113le \u0101ra aktivit\u0101t\u0113m, pateicoties da\u017e\u0101d\u0101m degvielas iesp\u0113j\u0101m, lieliskajai jaudai un augstajai termiskajai efektivit\u0101tei.","breadcrumb":{"@id":"https:\/\/gohike.lv\/ru\/produkts\/firemaple-lava-turisma-plits-multi-fuel\/#breadcrumb"},"inLanguage":"ru-RU","potentialAction":[{"@type":"ReadAction","target":["https:\/\/gohike.lv\/ru\/produkts\/firemaple-lava-turisma-plits-multi-fuel\/"]}]},{"@type":"ImageObject","inLanguage":"ru-RU","@id":"https:\/\/gohike.lv\/ru\/produkts\/firemaple-lava-turisma-plits-multi-fuel\/#primaryimage","url":"https:\/\/gohike.lv\/wp-content\/uploads\/2025\/01\/LavaStove_-1.webp","contentUrl":"https:\/\/gohike.lv\/wp-content\/uploads\/2025\/01\/LavaStove_-1.webp","width":1000,"height":1000},{"@type":"BreadcrumbList","@id":"https:\/\/gohike.lv\/ru\/produkts\/firemaple-lava-turisma-plits-multi-fuel\/#breadcrumb","itemListElement":[{"@type":"ListItem","position":1,"name":"\u0413\u043b\u0430\u0432\u043d\u0430\u044f","item":"https:\/\/gohike.lv\/ru\/"},{"@type":"ListItem","position":2,"name":"\u041a\u0430\u0442\u0435\u0433\u043e\u0440\u0438\u0438 \u0442\u043e\u0432\u0430\u0440\u043e\u0432","item":"https:\/\/gohike.lv\/%d0%ba%d0%b0%d1%82%d0%b5%d0%b3%d0%be%d1%80%d0%b8%d0%b8-%d1%82%d0%be%d0%b2%d0%b0%d1%80%d0%be%d0%b2\/"},{"@type":"ListItem","position":3,"name":"FIREMAPLE &#8211; (Lava) T\u016brisma pl\u012bts (Multi-Fuel)"}]},{"@type":"WebSite","@id":"https:\/\/gohike.lv\/ru\/#website","url":"https:\/\/gohike.lv\/ru\/","name":"GoHike","description":"","publisher":{"@id":"https:\/\/gohike.lv\/ru\/#organization"},"potentialAction":[{"@type":"SearchAction","target":{"@type":"EntryPoint","urlTemplate":"https:\/\/gohike.lv\/ru\/?s={search_term_string}"},"query-input":{"@type":"PropertyValueSpecification","valueRequired":true,"valueName":"search_term_string"}}],"inLanguage":"ru-RU"},{"@type":"Organization","@id":"https:\/\/gohike.lv\/ru\/#organization","name":"GoHike","url":"https:\/\/gohike.lv\/ru\/","logo":{"@type":"ImageObject","inLanguage":"ru-RU","@id":"https:\/\/gohike.lv\/ru\/#\/schema\/logo\/image\/","url":"https:\/\/gohike.lv\/wp-content\/uploads\/2023\/08\/Logo_GoHike.webp","contentUrl":"https:\/\/gohike.lv\/wp-content\/uploads\/2023\/08\/Logo_GoHike.webp","width":512,"height":512,"caption":"GoHike"},"image":{"@id":"https:\/\/gohike.lv\/ru\/#\/schema\/logo\/image\/"},"sameAs":["https:\/\/www.facebook.com\/gohike.shop\/","https:\/\/www.instagram.com\/gohike.shop\/"]}]}},"jetpack_sharing_enabled":true,"_links":{"self":[{"href":"https:\/\/gohike.lv\/ru\/wp-json\/wp\/v2\/product\/65016","targetHints":{"allow":["GET"]}}],"collection":[{"href":"https:\/\/gohike.lv\/ru\/wp-json\/wp\/v2\/product"}],"about":[{"href":"https:\/\/gohike.lv\/ru\/wp-json\/wp\/v2\/types\/product"}],"version-history":[{"count":1,"href":"https:\/\/gohike.lv\/ru\/wp-json\/wp\/v2\/product\/65016\/revisions"}],"predecessor-version":[{"id":118808,"href":"https:\/\/gohike.lv\/ru\/wp-json\/wp\/v2\/product\/65016\/revisions\/118808"}],"wp:featuredmedia":[{"embeddable":true,"href":"https:\/\/gohike.lv\/ru\/wp-json\/wp\/v2\/media\/65018"}],"wp:attachment":[{"href":"https:\/\/gohike.lv\/ru\/wp-json\/wp\/v2\/media?parent=65016"}],"wp:term":[{"taxonomy":"product_brand","embeddable":true,"href":"https:\/\/gohike.lv\/ru\/wp-json\/wp\/v2\/product_brand?post=65016"},{"taxonomy":"product_cat","embeddable":true,"href":"https:\/\/gohike.lv\/ru\/wp-json\/wp\/v2\/product_cat?post=65016"},{"taxonomy":"product_tag","embeddable":true,"href":"https:\/\/gohike.lv\/ru\/wp-json\/wp\/v2\/product_tag?post=65016"}],"curies":[{"name":"wp","href":"https:\/\/api.w.org\/{rel}","templated":true}]}}