{"id":64354,"date":"2024-12-20T13:50:52","date_gmt":"2024-12-20T10:50:52","guid":{"rendered":"https:\/\/gohike.lv\/?post_type=product&#038;p=64354"},"modified":"2025-12-30T17:24:27","modified_gmt":"2025-12-30T14:24:27","slug":"opinel-nr-8-ara-nazis-ar-hiking-gravejumu-nerusejosais-terauds","status":"publish","type":"product","link":"https:\/\/gohike.lv\/ru\/produkts\/opinel-nr-8-ara-nazis-ar-hiking-gravejumu-nerusejosais-terauds\/","title":{"rendered":"Opinel \u2013 Nr.8 \u0100ra nazis (ar &#171;Hiking&#187; grav\u0113jumu) \u2013\u00a0ner\u016bs\u0113jo\u0161ais t\u0113rauds"},"content":{"rendered":"<p>Izgatavots no Sandvik 12C27 ner\u016bs\u0113jo\u0161\u0101 t\u0113rauda, kas nodro\u0161ina asmens izcilu iztur\u012bbu un ilgm\u016b\u017e\u012bbu.<br \/>\nRoktura izgatavo\u0161an\u0101 izmantots di\u017esk\u0101b\u0101rdis \u2013 visbie\u017e\u0101k Opinel na\u017eu rokturiem izv\u0113l\u0113tais koks. Import\u0113ts no Francijas, tas ir ciets, iztur\u012bgs un viegli apstr\u0101d\u0101jams. T\u0101s vienm\u0113r\u012bgais izskats ar gai\u0161u nokr\u0101su vari\u0113 no dzeltenas l\u012bdz roz\u0101, un rakstur\u012bga ir s\u012bku, tum\u0161u sv\u012btru kl\u0101tb\u016btne. Asmens garums ir 8,5 cm.<br \/>\n1955. gad\u0101 izgudrotais Virobloc dro\u0161\u012bbas gredzens ir apr\u012bkots visiem Opinel saliekamajiem na\u017eiem, s\u0101kot no N\u00b0 06. Izgatavots no ner\u016bs\u0113jo\u0161\u0101 t\u0113rauda, tam ir divas da\u013cas: viena fiks\u0113ta un otra b\u012bd\u0101ma. Tas \u013cauj gan fiks\u0113t asmeni atv\u0113rt\u0101 st\u0101vokl\u012b (dro\u0161\u012bbai lieto\u0161anas laik\u0101), gan aizv\u0113rt\u0101 st\u0101vokl\u012b (dro\u0161\u012bbai transport\u0113\u0161anas laik\u0101).<\/p>\n","protected":false},"excerpt":{"rendered":"<p>Praktisks un iztur\u012bgs pal\u012bgs jebkur\u0101 situ\u0101cij\u0101, k\u0101 ar\u012b lieliska d\u0101vana. Ide\u0101ls nazis ce\u013cojumiem, piknikiem, p\u0101rg\u0101jieniem vai cit\u0101m \u0101ra aktivit\u0101t\u0113m.<\/p>\n","protected":false},"featured_media":64356,"template":"","meta":[],"product_brand":[1942],"product_cat":[1056],"product_tag":[],"class_list":{"0":"post-64354","1":"product","2":"type-product","3":"status-publish","4":"has-post-thumbnail","6":"product_brand-opinel-lv","7":"product_cat-nazi-un-zagi","8":"pa_produkta-tips-nazi","10":"first","11":"instock","12":"taxable","13":"shipping-taxable","14":"purchasable","15":"product-type-simple"},"raw_content":{"name":"Opinel \u2013 Nr.8 \u0100ra nazis (ar \"Hiking\" grav\u0113jumu) \u2013\u00a0ner\u016bs\u0113jo\u0161ais t\u0113rauds","description":"Izgatavots no Sandvik 12C27 ner\u016bs\u0113jo\u0161\u0101 t\u0113rauda, kas nodro\u0161ina asmens izcilu iztur\u012bbu un ilgm\u016b\u017e\u012bbu.\nRoktura izgatavo\u0161an\u0101 izmantots di\u017esk\u0101b\u0101rdis \u2013 visbie\u017e\u0101k Opinel na\u017eu rokturiem izv\u0113l\u0113tais koks. Import\u0113ts no Francijas, tas ir ciets, iztur\u012bgs un viegli apstr\u0101d\u0101jams. T\u0101s vienm\u0113r\u012bgais izskats ar gai\u0161u nokr\u0101su vari\u0113 no dzeltenas l\u012bdz roz\u0101, un rakstur\u012bga ir s\u012bku, tum\u0161u sv\u012btru kl\u0101tb\u016btne. Asmens garums ir 8,5 cm.\n1955. gad\u0101 izgudrotais Virobloc dro\u0161\u012bbas gredzens ir apr\u012bkots visiem Opinel saliekamajiem na\u017eiem, s\u0101kot no N\u00b0 06. Izgatavots no ner\u016bs\u0113jo\u0161\u0101 t\u0113rauda, tam ir divas da\u013cas: viena fiks\u0113ta un otra b\u012bd\u0101ma. Tas \u013cauj gan fiks\u0113t asmeni atv\u0113rt\u0101 st\u0101vokl\u012b (dro\u0161\u012bbai lieto\u0161anas laik\u0101), gan aizv\u0113rt\u0101 st\u0101vokl\u012b (dro\u0161\u012bbai transport\u0113\u0161anas laik\u0101).","short_description":"Praktisks un iztur\u012bgs pal\u012bgs jebkur\u0101 situ\u0101cij\u0101, k\u0101 ar\u012b lieliska d\u0101vana. Ide\u0101ls nazis ce\u013cojumiem, piknikiem, p\u0101rg\u0101jieniem vai cit\u0101m \u0101ra aktivit\u0101t\u0113m.","status":"publish","sku":"3123840021862","original":64354},"wpml":{"translation_type":1,"has_translations":true,"original":64354,"duplicates":[],"translations":{"lv":64354,"en":67003,"ru":null}},"supplier_id":null,"supplier_sku":"","barcode":null,"atum_controlled":true,"out_stock_date":null,"out_stock_threshold":null,"inheritable":false,"inbound_stock":0,"stock_on_hold":0,"sold_today":0,"sales_last_days":0,"reserved_stock":0,"customer_returns":0,"warehouse_damage":0,"lost_in_post":0,"other_logs":0,"out_stock_days":0,"lost_sales":0,"has_location":false,"update_date":"2025-12-30T14:30:30","atum_locations":[],"atum_stock_status":"instock","restock_status":false,"low_stock_amount":"","sales_update_date":"2025-11-13T14:08:09","calc_backorders":null,"yoast_head":"<!-- This site is optimized with the Yoast SEO plugin v27.3 - https:\/\/yoast.com\/product\/yoast-seo-wordpress\/ -->\n<title>Opinel \u2013 Nr.8 \u0100ra nazis (ar &quot;Hiking&quot; grav\u0113jumu) \u2013\u00a0ner\u016bs\u0113jo\u0161ais t\u0113rauds<\/title>\n<meta name=\"description\" content=\"Praktisks un iztur\u012bgs pal\u012bgs jebkur\u0101 situ\u0101cij\u0101, k\u0101 ar\u012b lieliska d\u0101vana. Ide\u0101ls nazis ce\u013cojumiem, piknikiem, p\u0101rg\u0101jieniem vai cit\u0101m \u0101ra aktivit\u0101t\u0113m.\" \/>\n<meta name=\"robots\" content=\"index, follow, max-snippet:-1, max-image-preview:large, max-video-preview:-1\" \/>\n<link rel=\"canonical\" href=\"https:\/\/gohike.lv\/ru\/produkts\/opinel-nr-8-ara-nazis-ar-hiking-gravejumu-nerusejosais-terauds\/\" \/>\n<meta property=\"og:locale\" content=\"ru_RU\" \/>\n<meta property=\"og:type\" content=\"article\" \/>\n<meta property=\"og:title\" content=\"Opinel - Saliekamais nazis n\u00b008 carbone pocket knife\" \/>\n<meta property=\"og:description\" content=\"Praktisks un iztur\u012bgs pal\u012bgs jebkur\u0101 situ\u0101cij\u0101, k\u0101 ar\u012b lieliska d\u0101vana. Ide\u0101ls nazis ce\u013cojumiem, piknikiem, p\u0101rg\u0101jieniem vai cit\u0101m \u0101ra aktivit\u0101t\u0113m.\" \/>\n<meta property=\"og:url\" content=\"https:\/\/gohike.lv\/ru\/produkts\/opinel-nr-8-ara-nazis-ar-hiking-gravejumu-nerusejosais-terauds\/\" \/>\n<meta property=\"og:site_name\" content=\"GoHike\" \/>\n<meta property=\"article:publisher\" content=\"https:\/\/www.facebook.com\/gohike.shop\/\" \/>\n<meta property=\"article:modified_time\" content=\"2025-12-30T14:24:27+00:00\" \/>\n<meta property=\"og:image\" content=\"https:\/\/gohike.lv\/wp-content\/uploads\/2024\/12\/8knifeHiking_2.webp\" \/>\n\t<meta property=\"og:image:width\" content=\"649\" \/>\n\t<meta property=\"og:image:height\" content=\"747\" \/>\n\t<meta property=\"og:image:type\" content=\"image\/webp\" \/>\n<meta name=\"twitter:card\" content=\"summary_large_image\" \/>\n<meta name=\"twitter:title\" content=\"Opinel - Saliekamais nazis n\u00b008 carbone pocket knife\" \/>\n<meta name=\"twitter:label1\" content=\"\u041f\u0440\u0438\u043c\u0435\u0440\u043d\u043e\u0435 \u0432\u0440\u0435\u043c\u044f \u0434\u043b\u044f \u0447\u0442\u0435\u043d\u0438\u044f\" \/>\n\t<meta name=\"twitter:data1\" content=\"1 \u043c\u0438\u043d\u0443\u0442\u0430\" \/>\n<script type=\"application\/ld+json\" class=\"yoast-schema-graph\">{\"@context\":\"https:\\\/\\\/schema.org\",\"@graph\":[{\"@type\":[\"WebPage\",\"ItemPage\"],\"@id\":\"https:\\\/\\\/gohike.lv\\\/ru\\\/produkts\\\/opinel-nr-8-ara-nazis-ar-hiking-gravejumu-nerusejosais-terauds\\\/\",\"url\":\"https:\\\/\\\/gohike.lv\\\/ru\\\/produkts\\\/opinel-nr-8-ara-nazis-ar-hiking-gravejumu-nerusejosais-terauds\\\/\",\"name\":\"Opinel \u2013 Nr.8 \u0100ra nazis (ar \\\"Hiking\\\" grav\u0113jumu) \u2013\u00a0ner\u016bs\u0113jo\u0161ais t\u0113rauds\",\"isPartOf\":{\"@id\":\"https:\\\/\\\/gohike.lv\\\/ru\\\/#website\"},\"primaryImageOfPage\":{\"@id\":\"https:\\\/\\\/gohike.lv\\\/ru\\\/produkts\\\/opinel-nr-8-ara-nazis-ar-hiking-gravejumu-nerusejosais-terauds\\\/#primaryimage\"},\"image\":{\"@id\":\"https:\\\/\\\/gohike.lv\\\/ru\\\/produkts\\\/opinel-nr-8-ara-nazis-ar-hiking-gravejumu-nerusejosais-terauds\\\/#primaryimage\"},\"thumbnailUrl\":\"https:\\\/\\\/gohike.lv\\\/wp-content\\\/uploads\\\/2024\\\/12\\\/8knifeHiking_2.webp\",\"datePublished\":\"2024-12-20T10:50:52+00:00\",\"dateModified\":\"2025-12-30T14:24:27+00:00\",\"description\":\"Praktisks un iztur\u012bgs pal\u012bgs jebkur\u0101 situ\u0101cij\u0101, k\u0101 ar\u012b lieliska d\u0101vana. Ide\u0101ls nazis ce\u013cojumiem, piknikiem, p\u0101rg\u0101jieniem vai cit\u0101m \u0101ra aktivit\u0101t\u0113m.\",\"breadcrumb\":{\"@id\":\"https:\\\/\\\/gohike.lv\\\/ru\\\/produkts\\\/opinel-nr-8-ara-nazis-ar-hiking-gravejumu-nerusejosais-terauds\\\/#breadcrumb\"},\"inLanguage\":\"ru-RU\",\"potentialAction\":[{\"@type\":\"ReadAction\",\"target\":[\"https:\\\/\\\/gohike.lv\\\/ru\\\/produkts\\\/opinel-nr-8-ara-nazis-ar-hiking-gravejumu-nerusejosais-terauds\\\/\"]}]},{\"@type\":\"ImageObject\",\"inLanguage\":\"ru-RU\",\"@id\":\"https:\\\/\\\/gohike.lv\\\/ru\\\/produkts\\\/opinel-nr-8-ara-nazis-ar-hiking-gravejumu-nerusejosais-terauds\\\/#primaryimage\",\"url\":\"https:\\\/\\\/gohike.lv\\\/wp-content\\\/uploads\\\/2024\\\/12\\\/8knifeHiking_2.webp\",\"contentUrl\":\"https:\\\/\\\/gohike.lv\\\/wp-content\\\/uploads\\\/2024\\\/12\\\/8knifeHiking_2.webp\",\"width\":649,\"height\":747},{\"@type\":\"BreadcrumbList\",\"@id\":\"https:\\\/\\\/gohike.lv\\\/ru\\\/produkts\\\/opinel-nr-8-ara-nazis-ar-hiking-gravejumu-nerusejosais-terauds\\\/#breadcrumb\",\"itemListElement\":[{\"@type\":\"ListItem\",\"position\":1,\"name\":\"\u0413\u043b\u0430\u0432\u043d\u0430\u044f\",\"item\":\"https:\\\/\\\/gohike.lv\\\/ru\\\/\"},{\"@type\":\"ListItem\",\"position\":2,\"name\":\"\u041a\u0430\u0442\u0435\u0433\u043e\u0440\u0438\u0438 \u0442\u043e\u0432\u0430\u0440\u043e\u0432\",\"item\":\"https:\\\/\\\/gohike.lv\\\/%d0%ba%d0%b0%d1%82%d0%b5%d0%b3%d0%be%d1%80%d0%b8%d0%b8-%d1%82%d0%be%d0%b2%d0%b0%d1%80%d0%be%d0%b2\\\/\"},{\"@type\":\"ListItem\",\"position\":3,\"name\":\"Opinel \u2013 Nr.8 \u0100ra nazis (ar &#8220;Hiking&#8221; grav\u0113jumu) \u2013\u00a0ner\u016bs\u0113jo\u0161ais t\u0113rauds\"}]},{\"@type\":\"WebSite\",\"@id\":\"https:\\\/\\\/gohike.lv\\\/ru\\\/#website\",\"url\":\"https:\\\/\\\/gohike.lv\\\/ru\\\/\",\"name\":\"GoHike\",\"description\":\"\",\"publisher\":{\"@id\":\"https:\\\/\\\/gohike.lv\\\/ru\\\/#organization\"},\"potentialAction\":[{\"@type\":\"SearchAction\",\"target\":{\"@type\":\"EntryPoint\",\"urlTemplate\":\"https:\\\/\\\/gohike.lv\\\/ru\\\/?s={search_term_string}\"},\"query-input\":{\"@type\":\"PropertyValueSpecification\",\"valueRequired\":true,\"valueName\":\"search_term_string\"}}],\"inLanguage\":\"ru-RU\"},{\"@type\":\"Organization\",\"@id\":\"https:\\\/\\\/gohike.lv\\\/ru\\\/#organization\",\"name\":\"GoHike\",\"url\":\"https:\\\/\\\/gohike.lv\\\/ru\\\/\",\"logo\":{\"@type\":\"ImageObject\",\"inLanguage\":\"ru-RU\",\"@id\":\"https:\\\/\\\/gohike.lv\\\/ru\\\/#\\\/schema\\\/logo\\\/image\\\/\",\"url\":\"https:\\\/\\\/gohike.lv\\\/wp-content\\\/uploads\\\/2023\\\/08\\\/Logo_GoHike.webp\",\"contentUrl\":\"https:\\\/\\\/gohike.lv\\\/wp-content\\\/uploads\\\/2023\\\/08\\\/Logo_GoHike.webp\",\"width\":512,\"height\":512,\"caption\":\"GoHike\"},\"image\":{\"@id\":\"https:\\\/\\\/gohike.lv\\\/ru\\\/#\\\/schema\\\/logo\\\/image\\\/\"},\"sameAs\":[\"https:\\\/\\\/www.facebook.com\\\/gohike.shop\\\/\",\"https:\\\/\\\/www.instagram.com\\\/gohike.shop\\\/\"]}]}<\/script>\n<!-- \/ Yoast SEO plugin. -->","yoast_head_json":{"title":"Opinel \u2013 Nr.8 \u0100ra nazis (ar \"Hiking\" grav\u0113jumu) \u2013\u00a0ner\u016bs\u0113jo\u0161ais t\u0113rauds","description":"Praktisks un iztur\u012bgs pal\u012bgs jebkur\u0101 situ\u0101cij\u0101, k\u0101 ar\u012b lieliska d\u0101vana. Ide\u0101ls nazis ce\u013cojumiem, piknikiem, p\u0101rg\u0101jieniem vai cit\u0101m \u0101ra aktivit\u0101t\u0113m.","robots":{"index":"index","follow":"follow","max-snippet":"max-snippet:-1","max-image-preview":"max-image-preview:large","max-video-preview":"max-video-preview:-1"},"canonical":"https:\/\/gohike.lv\/ru\/produkts\/opinel-nr-8-ara-nazis-ar-hiking-gravejumu-nerusejosais-terauds\/","og_locale":"ru_RU","og_type":"article","og_title":"Opinel - Saliekamais nazis n\u00b008 carbone pocket knife","og_description":"Praktisks un iztur\u012bgs pal\u012bgs jebkur\u0101 situ\u0101cij\u0101, k\u0101 ar\u012b lieliska d\u0101vana. Ide\u0101ls nazis ce\u013cojumiem, piknikiem, p\u0101rg\u0101jieniem vai cit\u0101m \u0101ra aktivit\u0101t\u0113m.","og_url":"https:\/\/gohike.lv\/ru\/produkts\/opinel-nr-8-ara-nazis-ar-hiking-gravejumu-nerusejosais-terauds\/","og_site_name":"GoHike","article_publisher":"https:\/\/www.facebook.com\/gohike.shop\/","article_modified_time":"2025-12-30T14:24:27+00:00","og_image":[{"width":649,"height":747,"url":"https:\/\/gohike.lv\/wp-content\/uploads\/2024\/12\/8knifeHiking_2.webp","type":"image\/webp"}],"twitter_card":"summary_large_image","twitter_title":"Opinel - Saliekamais nazis n\u00b008 carbone pocket knife","twitter_misc":{"\u041f\u0440\u0438\u043c\u0435\u0440\u043d\u043e\u0435 \u0432\u0440\u0435\u043c\u044f \u0434\u043b\u044f \u0447\u0442\u0435\u043d\u0438\u044f":"1 \u043c\u0438\u043d\u0443\u0442\u0430"},"schema":{"@context":"https:\/\/schema.org","@graph":[{"@type":["WebPage","ItemPage"],"@id":"https:\/\/gohike.lv\/ru\/produkts\/opinel-nr-8-ara-nazis-ar-hiking-gravejumu-nerusejosais-terauds\/","url":"https:\/\/gohike.lv\/ru\/produkts\/opinel-nr-8-ara-nazis-ar-hiking-gravejumu-nerusejosais-terauds\/","name":"Opinel \u2013 Nr.8 \u0100ra nazis (ar \"Hiking\" grav\u0113jumu) \u2013\u00a0ner\u016bs\u0113jo\u0161ais t\u0113rauds","isPartOf":{"@id":"https:\/\/gohike.lv\/ru\/#website"},"primaryImageOfPage":{"@id":"https:\/\/gohike.lv\/ru\/produkts\/opinel-nr-8-ara-nazis-ar-hiking-gravejumu-nerusejosais-terauds\/#primaryimage"},"image":{"@id":"https:\/\/gohike.lv\/ru\/produkts\/opinel-nr-8-ara-nazis-ar-hiking-gravejumu-nerusejosais-terauds\/#primaryimage"},"thumbnailUrl":"https:\/\/gohike.lv\/wp-content\/uploads\/2024\/12\/8knifeHiking_2.webp","datePublished":"2024-12-20T10:50:52+00:00","dateModified":"2025-12-30T14:24:27+00:00","description":"Praktisks un iztur\u012bgs pal\u012bgs jebkur\u0101 situ\u0101cij\u0101, k\u0101 ar\u012b lieliska d\u0101vana. Ide\u0101ls nazis ce\u013cojumiem, piknikiem, p\u0101rg\u0101jieniem vai cit\u0101m \u0101ra aktivit\u0101t\u0113m.","breadcrumb":{"@id":"https:\/\/gohike.lv\/ru\/produkts\/opinel-nr-8-ara-nazis-ar-hiking-gravejumu-nerusejosais-terauds\/#breadcrumb"},"inLanguage":"ru-RU","potentialAction":[{"@type":"ReadAction","target":["https:\/\/gohike.lv\/ru\/produkts\/opinel-nr-8-ara-nazis-ar-hiking-gravejumu-nerusejosais-terauds\/"]}]},{"@type":"ImageObject","inLanguage":"ru-RU","@id":"https:\/\/gohike.lv\/ru\/produkts\/opinel-nr-8-ara-nazis-ar-hiking-gravejumu-nerusejosais-terauds\/#primaryimage","url":"https:\/\/gohike.lv\/wp-content\/uploads\/2024\/12\/8knifeHiking_2.webp","contentUrl":"https:\/\/gohike.lv\/wp-content\/uploads\/2024\/12\/8knifeHiking_2.webp","width":649,"height":747},{"@type":"BreadcrumbList","@id":"https:\/\/gohike.lv\/ru\/produkts\/opinel-nr-8-ara-nazis-ar-hiking-gravejumu-nerusejosais-terauds\/#breadcrumb","itemListElement":[{"@type":"ListItem","position":1,"name":"\u0413\u043b\u0430\u0432\u043d\u0430\u044f","item":"https:\/\/gohike.lv\/ru\/"},{"@type":"ListItem","position":2,"name":"\u041a\u0430\u0442\u0435\u0433\u043e\u0440\u0438\u0438 \u0442\u043e\u0432\u0430\u0440\u043e\u0432","item":"https:\/\/gohike.lv\/%d0%ba%d0%b0%d1%82%d0%b5%d0%b3%d0%be%d1%80%d0%b8%d0%b8-%d1%82%d0%be%d0%b2%d0%b0%d1%80%d0%be%d0%b2\/"},{"@type":"ListItem","position":3,"name":"Opinel \u2013 Nr.8 \u0100ra nazis (ar &#8220;Hiking&#8221; grav\u0113jumu) \u2013\u00a0ner\u016bs\u0113jo\u0161ais t\u0113rauds"}]},{"@type":"WebSite","@id":"https:\/\/gohike.lv\/ru\/#website","url":"https:\/\/gohike.lv\/ru\/","name":"GoHike","description":"","publisher":{"@id":"https:\/\/gohike.lv\/ru\/#organization"},"potentialAction":[{"@type":"SearchAction","target":{"@type":"EntryPoint","urlTemplate":"https:\/\/gohike.lv\/ru\/?s={search_term_string}"},"query-input":{"@type":"PropertyValueSpecification","valueRequired":true,"valueName":"search_term_string"}}],"inLanguage":"ru-RU"},{"@type":"Organization","@id":"https:\/\/gohike.lv\/ru\/#organization","name":"GoHike","url":"https:\/\/gohike.lv\/ru\/","logo":{"@type":"ImageObject","inLanguage":"ru-RU","@id":"https:\/\/gohike.lv\/ru\/#\/schema\/logo\/image\/","url":"https:\/\/gohike.lv\/wp-content\/uploads\/2023\/08\/Logo_GoHike.webp","contentUrl":"https:\/\/gohike.lv\/wp-content\/uploads\/2023\/08\/Logo_GoHike.webp","width":512,"height":512,"caption":"GoHike"},"image":{"@id":"https:\/\/gohike.lv\/ru\/#\/schema\/logo\/image\/"},"sameAs":["https:\/\/www.facebook.com\/gohike.shop\/","https:\/\/www.instagram.com\/gohike.shop\/"]}]}},"jetpack_sharing_enabled":true,"_links":{"self":[{"href":"https:\/\/gohike.lv\/ru\/wp-json\/wp\/v2\/product\/64354","targetHints":{"allow":["GET"]}}],"collection":[{"href":"https:\/\/gohike.lv\/ru\/wp-json\/wp\/v2\/product"}],"about":[{"href":"https:\/\/gohike.lv\/ru\/wp-json\/wp\/v2\/types\/product"}],"version-history":[{"count":0,"href":"https:\/\/gohike.lv\/ru\/wp-json\/wp\/v2\/product\/64354\/revisions"}],"wp:featuredmedia":[{"embeddable":true,"href":"https:\/\/gohike.lv\/ru\/wp-json\/wp\/v2\/media\/64356"}],"wp:attachment":[{"href":"https:\/\/gohike.lv\/ru\/wp-json\/wp\/v2\/media?parent=64354"}],"wp:term":[{"taxonomy":"product_brand","embeddable":true,"href":"https:\/\/gohike.lv\/ru\/wp-json\/wp\/v2\/product_brand?post=64354"},{"taxonomy":"product_cat","embeddable":true,"href":"https:\/\/gohike.lv\/ru\/wp-json\/wp\/v2\/product_cat?post=64354"},{"taxonomy":"product_tag","embeddable":true,"href":"https:\/\/gohike.lv\/ru\/wp-json\/wp\/v2\/product_tag?post=64354"}],"curies":[{"name":"wp","href":"https:\/\/api.w.org\/{rel}","templated":true}]}}