{"id":64237,"date":"2024-12-19T11:14:12","date_gmt":"2024-12-19T08:14:12","guid":{"rendered":"https:\/\/gohike.lv\/produkts\/lifeventure-softfibre-dvielis-no-parstradata-materiala\/"},"modified":"2026-01-16T20:01:35","modified_gmt":"2026-01-16T17:01:35","slug":"lifeventure-softfibre-dvielis-no-parstradata-materiala","status":"publish","type":"product","link":"https:\/\/gohike.lv\/ru\/produkts\/lifeventure-softfibre-dvielis-no-parstradata-materiala\/","title":{"rendered":"Lifeventure &#8212; SoftFibre dvielis no p\u0101rstr\u0101d\u0101ta materi\u0101la"},"content":{"rendered":"<p>Izgatavots no p\u0101rstr\u0101d\u0101t\u0101m pudel\u0113m. Dvielis nav tikai tikpat m\u012bksts, iztur\u012bg sun uzs\u016bco\u0161s k\u0101 ori\u0123in\u0101lais dvielis, bet ar\u012b piln\u012bb\u0101 p\u0101rstr\u0101d\u0101jams. Dvielis ir apstr\u0101d\u0101ts ar Polygiene tehnolo\u0123iju, kas nodro\u0161ina past\u0101v\u012bgu smaku kontroli, saglab\u0101jot svaigu saj\u016btu un pat\u012bkamu smar\u017eu.<br \/>\n\u012apa\u0161\u012bbas<br \/>\n\u2022 SoftFibre \u2013 \u012bpa\u0161i m\u012bksts audums;<br \/>\n\u2022 P\u0101rstr\u0101d\u0101ts \u2013 izgatavots no p\u0101rstr\u0101d\u0101t\u0101m \u016bdens pudel\u0113m;<br \/>\n\u2022 \u0100tri \u017e\u016bsto\u0161s \u2013 iz\u017e\u016bst 8 reizes \u0101tr\u0101k nek\u0101 parasts dvielis;<br \/>\n\u2022 Smil\u0161u necaurlaid\u012bgs &#8212; smiltis nepiel\u012bp un viegli nokr\u012bt;<br \/>\n\u2022 Viegls \u2013 ide\u0101ls ce\u013cojumiem;<br \/>\n\u2022 Augsta uzs\u016bktsp\u0113ja \u2013 uzs\u016bc 9 reizes vair\u0101k \u016bdens nek\u0101 t\u0101 pa\u0161svars;<br \/>\n\u2022 Kompakts \u2013 aiz\u0146em maz vietu.<\/p>\n","protected":false},"excerpt":{"rendered":"<p>Kompakts ce\u013cojumu dvielis, kas uzs\u016bc 9 reizes liel\u0101ku \u016bdens daudzumu nek\u0101 t\u0101 svars un \u017e\u016bst 8 reizes \u0101tr\u0101k nek\u0101 parastie dvie\u013ci.<\/p>\n","protected":false},"featured_media":64239,"template":"","meta":[],"product_brand":[1308],"product_cat":[1380],"product_tag":[],"class_list":{"0":"post-64237","1":"product","2":"type-product","3":"status-publish","4":"has-post-thumbnail","6":"product_brand-lifeventure-lv","7":"product_cat-higiena","8":"pa_izmers-giant","9":"pa_izmers-l","10":"pa_izmers-xl","11":"pa_izmerscm-10239","12":"pa_izmerscm-10260","13":"pa_izmerscm-10259","14":"pa_produkta-tips-dvieli","15":"pa_spalva-andaman","16":"pa_spalva-peleks","17":"pa_spalva-tumsi-zils","18":"pa_spalva-violets","19":"pa_spalva-zils","21":"first","22":"instock","23":"taxable","24":"shipping-taxable","25":"purchasable","26":"product-type-variable"},"raw_content":{"name":"Lifeventure - SoftFibre dvielis no p\u0101rstr\u0101d\u0101ta materi\u0101la","description":"Izgatavots no p\u0101rstr\u0101d\u0101t\u0101m pudel\u0113m. Dvielis nav tikai tikpat m\u012bksts, iztur\u012bg sun uzs\u016bco\u0161s k\u0101 ori\u0123in\u0101lais dvielis, bet ar\u012b piln\u012bb\u0101 p\u0101rstr\u0101d\u0101jams. Dvielis ir apstr\u0101d\u0101ts ar Polygiene tehnolo\u0123iju, kas nodro\u0161ina past\u0101v\u012bgu smaku kontroli, saglab\u0101jot svaigu saj\u016btu un pat\u012bkamu smar\u017eu.\n\u012apa\u0161\u012bbas\n\u2022 SoftFibre \u2013 \u012bpa\u0161i m\u012bksts audums;\n\u2022 P\u0101rstr\u0101d\u0101ts \u2013 izgatavots no p\u0101rstr\u0101d\u0101t\u0101m \u016bdens pudel\u0113m;\n\u2022 \u0100tri \u017e\u016bsto\u0161s \u2013 iz\u017e\u016bst 8 reizes \u0101tr\u0101k nek\u0101 parasts dvielis;\n\u2022 Smil\u0161u necaurlaid\u012bgs - smiltis nepiel\u012bp un viegli nokr\u012bt;\n\u2022 Viegls \u2013 ide\u0101ls ce\u013cojumiem;\n\u2022 Augsta uzs\u016bktsp\u0113ja \u2013 uzs\u016bc 9 reizes vair\u0101k \u016bdens nek\u0101 t\u0101 pa\u0161svars;\n\u2022 Kompakts \u2013 aiz\u0146em maz vietu.","short_description":"Kompakts ce\u013cojumu dvielis, kas uzs\u016bc 9 reizes liel\u0101ku \u016bdens daudzumu nek\u0101 t\u0101 svars un \u017e\u016bst 8 reizes \u0101tr\u0101k nek\u0101 parastie dvie\u013ci.","status":"publish","sku":"lfv745","original":64237},"wpml":{"translation_type":1,"has_translations":true,"original":64237,"duplicates":[],"translations":{"lv":64237,"en":66988,"ru":null}},"supplier_id":null,"supplier_sku":"","barcode":null,"atum_controlled":true,"out_stock_date":null,"out_stock_threshold":null,"inheritable":true,"inbound_stock":0,"stock_on_hold":0,"sold_today":0,"sales_last_days":0,"reserved_stock":0,"customer_returns":0,"warehouse_damage":0,"lost_in_post":0,"other_logs":0,"out_stock_days":0,"lost_sales":0,"has_location":false,"update_date":"2025-12-30T14:13:26","atum_locations":[],"atum_stock_status":"instock","restock_status":false,"low_stock_amount":"","sales_update_date":"2025-11-13T14:08:47","calc_backorders":null,"yoast_head":"<!-- This site is optimized with the Yoast SEO plugin v27.3 - https:\/\/yoast.com\/product\/yoast-seo-wordpress\/ -->\n<title>Lifeventure - SoftFibre dvielis no p\u0101rstr\u0101d\u0101ta materi\u0101la<\/title>\n<meta name=\"description\" content=\"Kompakts ce\u013cojumu dvielis, kas uzs\u016bc 9 reizes liel\u0101ku \u016bdens daudzumu nek\u0101 t\u0101 svars un \u017e\u016bst 8 reizes \u0101tr\u0101k nek\u0101 parastie dvie\u013ci.\" \/>\n<meta name=\"robots\" content=\"index, follow, max-snippet:-1, max-image-preview:large, max-video-preview:-1\" \/>\n<link rel=\"canonical\" href=\"https:\/\/gohike.lv\/ru\/produkts\/lifeventure-softfibre-dvielis-no-parstradata-materiala\/\" \/>\n<meta property=\"og:locale\" content=\"ru_RU\" \/>\n<meta property=\"og:type\" content=\"article\" \/>\n<meta property=\"og:title\" content=\"Lifeventure - SoftFibre dvielis no p\u0101rstr\u0101d\u0101ta materi\u0101la\" \/>\n<meta property=\"og:description\" content=\"Kompakts ce\u013cojumu dvielis, kas uzs\u016bc 9 reizes liel\u0101ku \u016bdens daudzumu nek\u0101 t\u0101 svars un \u017e\u016bst 8 reizes \u0101tr\u0101k nek\u0101 parastie dvie\u013ci.\" \/>\n<meta property=\"og:url\" content=\"https:\/\/gohike.lv\/ru\/produkts\/lifeventure-softfibre-dvielis-no-parstradata-materiala\/\" \/>\n<meta property=\"og:site_name\" content=\"GoHike\" \/>\n<meta property=\"article:publisher\" content=\"https:\/\/www.facebook.com\/gohike.shop\/\" \/>\n<meta property=\"article:modified_time\" content=\"2026-01-16T17:01:35+00:00\" \/>\n<meta property=\"og:image\" content=\"https:\/\/gohike.lv\/wp-content\/uploads\/2024\/12\/Towel_violet_-2.webp\" \/>\n\t<meta property=\"og:image:width\" content=\"550\" \/>\n\t<meta property=\"og:image:height\" content=\"550\" \/>\n\t<meta property=\"og:image:type\" content=\"image\/webp\" \/>\n<meta name=\"twitter:card\" content=\"summary_large_image\" \/>\n<meta name=\"twitter:title\" content=\"Lifeventure - SoftFibre dvielis no p\u0101rstr\u0101d\u0101ta materi\u0101la\" \/>\n<meta name=\"twitter:label1\" content=\"\u041f\u0440\u0438\u043c\u0435\u0440\u043d\u043e\u0435 \u0432\u0440\u0435\u043c\u044f \u0434\u043b\u044f \u0447\u0442\u0435\u043d\u0438\u044f\" \/>\n\t<meta name=\"twitter:data1\" content=\"1 \u043c\u0438\u043d\u0443\u0442\u0430\" \/>\n<script type=\"application\/ld+json\" class=\"yoast-schema-graph\">{\"@context\":\"https:\\\/\\\/schema.org\",\"@graph\":[{\"@type\":[\"WebPage\",\"ItemPage\"],\"@id\":\"https:\\\/\\\/gohike.lv\\\/ru\\\/produkts\\\/lifeventure-softfibre-dvielis-no-parstradata-materiala\\\/\",\"url\":\"https:\\\/\\\/gohike.lv\\\/ru\\\/produkts\\\/lifeventure-softfibre-dvielis-no-parstradata-materiala\\\/\",\"name\":\"Lifeventure - SoftFibre dvielis no p\u0101rstr\u0101d\u0101ta materi\u0101la\",\"isPartOf\":{\"@id\":\"https:\\\/\\\/gohike.lv\\\/ru\\\/#website\"},\"primaryImageOfPage\":{\"@id\":\"https:\\\/\\\/gohike.lv\\\/ru\\\/produkts\\\/lifeventure-softfibre-dvielis-no-parstradata-materiala\\\/#primaryimage\"},\"image\":{\"@id\":\"https:\\\/\\\/gohike.lv\\\/ru\\\/produkts\\\/lifeventure-softfibre-dvielis-no-parstradata-materiala\\\/#primaryimage\"},\"thumbnailUrl\":\"https:\\\/\\\/gohike.lv\\\/wp-content\\\/uploads\\\/2024\\\/12\\\/Towel_violet_-2.webp\",\"datePublished\":\"2024-12-19T08:14:12+00:00\",\"dateModified\":\"2026-01-16T17:01:35+00:00\",\"description\":\"Kompakts ce\u013cojumu dvielis, kas uzs\u016bc 9 reizes liel\u0101ku \u016bdens daudzumu nek\u0101 t\u0101 svars un \u017e\u016bst 8 reizes \u0101tr\u0101k nek\u0101 parastie dvie\u013ci.\",\"breadcrumb\":{\"@id\":\"https:\\\/\\\/gohike.lv\\\/ru\\\/produkts\\\/lifeventure-softfibre-dvielis-no-parstradata-materiala\\\/#breadcrumb\"},\"inLanguage\":\"ru-RU\",\"potentialAction\":[{\"@type\":\"ReadAction\",\"target\":[\"https:\\\/\\\/gohike.lv\\\/ru\\\/produkts\\\/lifeventure-softfibre-dvielis-no-parstradata-materiala\\\/\"]}]},{\"@type\":\"ImageObject\",\"inLanguage\":\"ru-RU\",\"@id\":\"https:\\\/\\\/gohike.lv\\\/ru\\\/produkts\\\/lifeventure-softfibre-dvielis-no-parstradata-materiala\\\/#primaryimage\",\"url\":\"https:\\\/\\\/gohike.lv\\\/wp-content\\\/uploads\\\/2024\\\/12\\\/Towel_violet_-2.webp\",\"contentUrl\":\"https:\\\/\\\/gohike.lv\\\/wp-content\\\/uploads\\\/2024\\\/12\\\/Towel_violet_-2.webp\",\"width\":550,\"height\":550},{\"@type\":\"BreadcrumbList\",\"@id\":\"https:\\\/\\\/gohike.lv\\\/ru\\\/produkts\\\/lifeventure-softfibre-dvielis-no-parstradata-materiala\\\/#breadcrumb\",\"itemListElement\":[{\"@type\":\"ListItem\",\"position\":1,\"name\":\"\u0413\u043b\u0430\u0432\u043d\u0430\u044f\",\"item\":\"https:\\\/\\\/gohike.lv\\\/ru\\\/\"},{\"@type\":\"ListItem\",\"position\":2,\"name\":\"\u041a\u0430\u0442\u0435\u0433\u043e\u0440\u0438\u0438 \u0442\u043e\u0432\u0430\u0440\u043e\u0432\",\"item\":\"https:\\\/\\\/gohike.lv\\\/%d0%ba%d0%b0%d1%82%d0%b5%d0%b3%d0%be%d1%80%d0%b8%d0%b8-%d1%82%d0%be%d0%b2%d0%b0%d1%80%d0%be%d0%b2\\\/\"},{\"@type\":\"ListItem\",\"position\":3,\"name\":\"Lifeventure &#8211; SoftFibre dvielis no p\u0101rstr\u0101d\u0101ta materi\u0101la\"}]},{\"@type\":\"WebSite\",\"@id\":\"https:\\\/\\\/gohike.lv\\\/ru\\\/#website\",\"url\":\"https:\\\/\\\/gohike.lv\\\/ru\\\/\",\"name\":\"GoHike\",\"description\":\"\",\"publisher\":{\"@id\":\"https:\\\/\\\/gohike.lv\\\/ru\\\/#organization\"},\"potentialAction\":[{\"@type\":\"SearchAction\",\"target\":{\"@type\":\"EntryPoint\",\"urlTemplate\":\"https:\\\/\\\/gohike.lv\\\/ru\\\/?s={search_term_string}\"},\"query-input\":{\"@type\":\"PropertyValueSpecification\",\"valueRequired\":true,\"valueName\":\"search_term_string\"}}],\"inLanguage\":\"ru-RU\"},{\"@type\":\"Organization\",\"@id\":\"https:\\\/\\\/gohike.lv\\\/ru\\\/#organization\",\"name\":\"GoHike\",\"url\":\"https:\\\/\\\/gohike.lv\\\/ru\\\/\",\"logo\":{\"@type\":\"ImageObject\",\"inLanguage\":\"ru-RU\",\"@id\":\"https:\\\/\\\/gohike.lv\\\/ru\\\/#\\\/schema\\\/logo\\\/image\\\/\",\"url\":\"https:\\\/\\\/gohike.lv\\\/wp-content\\\/uploads\\\/2023\\\/08\\\/Logo_GoHike.webp\",\"contentUrl\":\"https:\\\/\\\/gohike.lv\\\/wp-content\\\/uploads\\\/2023\\\/08\\\/Logo_GoHike.webp\",\"width\":512,\"height\":512,\"caption\":\"GoHike\"},\"image\":{\"@id\":\"https:\\\/\\\/gohike.lv\\\/ru\\\/#\\\/schema\\\/logo\\\/image\\\/\"},\"sameAs\":[\"https:\\\/\\\/www.facebook.com\\\/gohike.shop\\\/\",\"https:\\\/\\\/www.instagram.com\\\/gohike.shop\\\/\"]}]}<\/script>\n<!-- \/ Yoast SEO plugin. -->","yoast_head_json":{"title":"Lifeventure - SoftFibre dvielis no p\u0101rstr\u0101d\u0101ta materi\u0101la","description":"Kompakts ce\u013cojumu dvielis, kas uzs\u016bc 9 reizes liel\u0101ku \u016bdens daudzumu nek\u0101 t\u0101 svars un \u017e\u016bst 8 reizes \u0101tr\u0101k nek\u0101 parastie dvie\u013ci.","robots":{"index":"index","follow":"follow","max-snippet":"max-snippet:-1","max-image-preview":"max-image-preview:large","max-video-preview":"max-video-preview:-1"},"canonical":"https:\/\/gohike.lv\/ru\/produkts\/lifeventure-softfibre-dvielis-no-parstradata-materiala\/","og_locale":"ru_RU","og_type":"article","og_title":"Lifeventure - SoftFibre dvielis no p\u0101rstr\u0101d\u0101ta materi\u0101la","og_description":"Kompakts ce\u013cojumu dvielis, kas uzs\u016bc 9 reizes liel\u0101ku \u016bdens daudzumu nek\u0101 t\u0101 svars un \u017e\u016bst 8 reizes \u0101tr\u0101k nek\u0101 parastie dvie\u013ci.","og_url":"https:\/\/gohike.lv\/ru\/produkts\/lifeventure-softfibre-dvielis-no-parstradata-materiala\/","og_site_name":"GoHike","article_publisher":"https:\/\/www.facebook.com\/gohike.shop\/","article_modified_time":"2026-01-16T17:01:35+00:00","og_image":[{"width":550,"height":550,"url":"https:\/\/gohike.lv\/wp-content\/uploads\/2024\/12\/Towel_violet_-2.webp","type":"image\/webp"}],"twitter_card":"summary_large_image","twitter_title":"Lifeventure - SoftFibre dvielis no p\u0101rstr\u0101d\u0101ta materi\u0101la","twitter_misc":{"\u041f\u0440\u0438\u043c\u0435\u0440\u043d\u043e\u0435 \u0432\u0440\u0435\u043c\u044f \u0434\u043b\u044f \u0447\u0442\u0435\u043d\u0438\u044f":"1 \u043c\u0438\u043d\u0443\u0442\u0430"},"schema":{"@context":"https:\/\/schema.org","@graph":[{"@type":["WebPage","ItemPage"],"@id":"https:\/\/gohike.lv\/ru\/produkts\/lifeventure-softfibre-dvielis-no-parstradata-materiala\/","url":"https:\/\/gohike.lv\/ru\/produkts\/lifeventure-softfibre-dvielis-no-parstradata-materiala\/","name":"Lifeventure - SoftFibre dvielis no p\u0101rstr\u0101d\u0101ta materi\u0101la","isPartOf":{"@id":"https:\/\/gohike.lv\/ru\/#website"},"primaryImageOfPage":{"@id":"https:\/\/gohike.lv\/ru\/produkts\/lifeventure-softfibre-dvielis-no-parstradata-materiala\/#primaryimage"},"image":{"@id":"https:\/\/gohike.lv\/ru\/produkts\/lifeventure-softfibre-dvielis-no-parstradata-materiala\/#primaryimage"},"thumbnailUrl":"https:\/\/gohike.lv\/wp-content\/uploads\/2024\/12\/Towel_violet_-2.webp","datePublished":"2024-12-19T08:14:12+00:00","dateModified":"2026-01-16T17:01:35+00:00","description":"Kompakts ce\u013cojumu dvielis, kas uzs\u016bc 9 reizes liel\u0101ku \u016bdens daudzumu nek\u0101 t\u0101 svars un \u017e\u016bst 8 reizes \u0101tr\u0101k nek\u0101 parastie dvie\u013ci.","breadcrumb":{"@id":"https:\/\/gohike.lv\/ru\/produkts\/lifeventure-softfibre-dvielis-no-parstradata-materiala\/#breadcrumb"},"inLanguage":"ru-RU","potentialAction":[{"@type":"ReadAction","target":["https:\/\/gohike.lv\/ru\/produkts\/lifeventure-softfibre-dvielis-no-parstradata-materiala\/"]}]},{"@type":"ImageObject","inLanguage":"ru-RU","@id":"https:\/\/gohike.lv\/ru\/produkts\/lifeventure-softfibre-dvielis-no-parstradata-materiala\/#primaryimage","url":"https:\/\/gohike.lv\/wp-content\/uploads\/2024\/12\/Towel_violet_-2.webp","contentUrl":"https:\/\/gohike.lv\/wp-content\/uploads\/2024\/12\/Towel_violet_-2.webp","width":550,"height":550},{"@type":"BreadcrumbList","@id":"https:\/\/gohike.lv\/ru\/produkts\/lifeventure-softfibre-dvielis-no-parstradata-materiala\/#breadcrumb","itemListElement":[{"@type":"ListItem","position":1,"name":"\u0413\u043b\u0430\u0432\u043d\u0430\u044f","item":"https:\/\/gohike.lv\/ru\/"},{"@type":"ListItem","position":2,"name":"\u041a\u0430\u0442\u0435\u0433\u043e\u0440\u0438\u0438 \u0442\u043e\u0432\u0430\u0440\u043e\u0432","item":"https:\/\/gohike.lv\/%d0%ba%d0%b0%d1%82%d0%b5%d0%b3%d0%be%d1%80%d0%b8%d0%b8-%d1%82%d0%be%d0%b2%d0%b0%d1%80%d0%be%d0%b2\/"},{"@type":"ListItem","position":3,"name":"Lifeventure &#8211; SoftFibre dvielis no p\u0101rstr\u0101d\u0101ta materi\u0101la"}]},{"@type":"WebSite","@id":"https:\/\/gohike.lv\/ru\/#website","url":"https:\/\/gohike.lv\/ru\/","name":"GoHike","description":"","publisher":{"@id":"https:\/\/gohike.lv\/ru\/#organization"},"potentialAction":[{"@type":"SearchAction","target":{"@type":"EntryPoint","urlTemplate":"https:\/\/gohike.lv\/ru\/?s={search_term_string}"},"query-input":{"@type":"PropertyValueSpecification","valueRequired":true,"valueName":"search_term_string"}}],"inLanguage":"ru-RU"},{"@type":"Organization","@id":"https:\/\/gohike.lv\/ru\/#organization","name":"GoHike","url":"https:\/\/gohike.lv\/ru\/","logo":{"@type":"ImageObject","inLanguage":"ru-RU","@id":"https:\/\/gohike.lv\/ru\/#\/schema\/logo\/image\/","url":"https:\/\/gohike.lv\/wp-content\/uploads\/2023\/08\/Logo_GoHike.webp","contentUrl":"https:\/\/gohike.lv\/wp-content\/uploads\/2023\/08\/Logo_GoHike.webp","width":512,"height":512,"caption":"GoHike"},"image":{"@id":"https:\/\/gohike.lv\/ru\/#\/schema\/logo\/image\/"},"sameAs":["https:\/\/www.facebook.com\/gohike.shop\/","https:\/\/www.instagram.com\/gohike.shop\/"]}]}},"jetpack_sharing_enabled":true,"_links":{"self":[{"href":"https:\/\/gohike.lv\/ru\/wp-json\/wp\/v2\/product\/64237","targetHints":{"allow":["GET"]}}],"collection":[{"href":"https:\/\/gohike.lv\/ru\/wp-json\/wp\/v2\/product"}],"about":[{"href":"https:\/\/gohike.lv\/ru\/wp-json\/wp\/v2\/types\/product"}],"version-history":[{"count":0,"href":"https:\/\/gohike.lv\/ru\/wp-json\/wp\/v2\/product\/64237\/revisions"}],"wp:featuredmedia":[{"embeddable":true,"href":"https:\/\/gohike.lv\/ru\/wp-json\/wp\/v2\/media\/64239"}],"wp:attachment":[{"href":"https:\/\/gohike.lv\/ru\/wp-json\/wp\/v2\/media?parent=64237"}],"wp:term":[{"taxonomy":"product_brand","embeddable":true,"href":"https:\/\/gohike.lv\/ru\/wp-json\/wp\/v2\/product_brand?post=64237"},{"taxonomy":"product_cat","embeddable":true,"href":"https:\/\/gohike.lv\/ru\/wp-json\/wp\/v2\/product_cat?post=64237"},{"taxonomy":"product_tag","embeddable":true,"href":"https:\/\/gohike.lv\/ru\/wp-json\/wp\/v2\/product_tag?post=64237"}],"curies":[{"name":"wp","href":"https:\/\/api.w.org\/{rel}","templated":true}]}}