{"id":64207,"date":"2024-12-19T11:13:20","date_gmt":"2024-12-19T08:13:20","guid":{"rendered":"https:\/\/gohike.lv\/produkts\/laken-nerusejosa-terauda-termoss-ar-vacinu-kruzi\/"},"modified":"2025-12-30T17:25:01","modified_gmt":"2025-12-30T14:25:01","slug":"laken-nerusejosa-terauda-termoss-ar-vacinu-kruzi","status":"publish","type":"product","link":"https:\/\/gohike.lv\/ru\/produkts\/laken-nerusejosa-terauda-termoss-ar-vacinu-kruzi\/","title":{"rendered":"Laken &#8212; Ner\u016bs\u0113jo\u0161\u0101 t\u0113rauda termoss"},"content":{"rendered":"<p>\u012aPA\u0160\u012aBAS:<br \/>\n* Izgatavota no augstas kvalit\u0101tes ner\u016bs\u0113jo\u0161\u0101 t\u0113rauda;<br \/>\n* Siltumizol\u0101cijas veiktsp\u0113ja: 12 h karsts un 24 h auksts (atkar\u012bgs no istabas temperat\u016bras)<br \/>\n\u2022\tNav BPA, ftal\u0101tu vai citu kait\u012bgu vielu. Nekait\u012bgs \u0101r\u0113jais p\u0101rkl\u0101jums;<br \/>\n\u2022\tPiem\u0113rots alkoholiskajiem un citrusaugu dz\u0113rieniem;<br \/>\n\u2022\tAugstas veiktsp\u0113jas vakuuma izol\u0101cija ar ner\u016bs\u0113jo\u0161\u0101 t\u0113rauda 18\/8 dubulto sienu;<br \/>\n\u2022\tNesaglab\u0101 un neuzs\u016bc gar\u0161as;<br \/>\n\u2022\tNekondens\u0113jas un neuzkarst;<br \/>\n\u2022\tP\u0101rstr\u0101d\u0101jams un atk\u0101rtoti lietojams;<br \/>\n\u2022\tCie\u0161s, herm\u0113tisks v\u0101ci\u0146\u0161.<br \/>\nIzm\u0113ri un svars:<br \/>\no\t0.50L: Diametrs: 7,5 cm. Augstums: 24,8 cm. Svars: 375g;<br \/>\no\t0.75L: Diametrs: 8,1 cm. Augstums: 25,4 cm. Svars: 435g;<br \/>\no\t1L: Diametrs: 8,1 cm. Augstums: 31 cm. Svars: 535g.<\/p>\n","protected":false},"excerpt":{"rendered":"<p>Laken termo pudeles nodro\u0161ina augstu vakuuma izol\u0101cijas pak\u0101pi. Izgatavotas, lai saglab\u0101tu dz\u0113rienu siltu l\u012bdz 12 stund\u0101m un aukstu l\u012bdz 24 stund\u0101m.<\/p>\n","protected":false},"featured_media":64209,"template":"","meta":[],"product_brand":[10234],"product_cat":[1012],"product_tag":[],"class_list":{"0":"post-64207","1":"product","2":"type-product","3":"status-publish","4":"has-post-thumbnail","6":"product_brand-laken","7":"product_cat-virtuves-piederumi","8":"pa_izmerscm-7-524-8","9":"pa_izmerscm-8-125-4","10":"pa_produkta-tips-termosi-un-pudeles","11":"pa_spalva-sarkans","12":"pa_spalva-zils","13":"pa_tilpums-500ml","14":"pa_tilpums-750ml","16":"first","17":"instock","18":"taxable","19":"shipping-taxable","20":"purchasable","21":"product-type-variable","22":"has-default-attributes"},"raw_content":{"name":"Laken - Ner\u016bs\u0113jo\u0161\u0101 t\u0113rauda termoss","description":"\u012aPA\u0160\u012aBAS:\n* Izgatavota no augstas kvalit\u0101tes ner\u016bs\u0113jo\u0161\u0101 t\u0113rauda;\n* Siltumizol\u0101cijas veiktsp\u0113ja: 12 h karsts un 24 h auksts (atkar\u012bgs no istabas temperat\u016bras)\n\u2022\tNav BPA, ftal\u0101tu vai citu kait\u012bgu vielu. Nekait\u012bgs \u0101r\u0113jais p\u0101rkl\u0101jums;\n\u2022\tPiem\u0113rots alkoholiskajiem un citrusaugu dz\u0113rieniem;\n\u2022\tAugstas veiktsp\u0113jas vakuuma izol\u0101cija ar ner\u016bs\u0113jo\u0161\u0101 t\u0113rauda 18\/8 dubulto sienu;\n\u2022\tNesaglab\u0101 un neuzs\u016bc gar\u0161as;\n\u2022\tNekondens\u0113jas un neuzkarst;\n\u2022\tP\u0101rstr\u0101d\u0101jams un atk\u0101rtoti lietojams;\n\u2022\tCie\u0161s, herm\u0113tisks v\u0101ci\u0146\u0161.\nIzm\u0113ri un svars:\no\t0.50L: Diametrs: 7,5 cm. Augstums: 24,8 cm. Svars: 375g;\no\t0.75L: Diametrs: 8,1 cm. Augstums: 25,4 cm. Svars: 435g;\no\t1L: Diametrs: 8,1 cm. Augstums: 31 cm. Svars: 535g.","short_description":"Laken termo pudeles nodro\u0161ina augstu vakuuma izol\u0101cijas pak\u0101pi. Izgatavotas, lai saglab\u0101tu dz\u0113rienu siltu l\u012bdz 12 stund\u0101m un aukstu l\u012bdz 24 stund\u0101m.","status":"publish","sku":"lak1","original":64207},"wpml":{"translation_type":1,"has_translations":true,"original":64207,"duplicates":[],"translations":{"lv":64207,"en":66979,"ru":null}},"supplier_id":null,"supplier_sku":"","barcode":null,"atum_controlled":true,"out_stock_date":null,"out_stock_threshold":null,"inheritable":false,"inbound_stock":0,"stock_on_hold":0,"sold_today":0,"sales_last_days":0,"reserved_stock":0,"customer_returns":0,"warehouse_damage":0,"lost_in_post":0,"other_logs":0,"out_stock_days":0,"lost_sales":0,"has_location":false,"update_date":"2025-12-30T14:30:30","atum_locations":[],"atum_stock_status":"instock","restock_status":false,"low_stock_amount":"","sales_update_date":"2025-11-13T14:07:42","calc_backorders":null,"yoast_head":"<!-- This site is optimized with the Yoast SEO plugin v27.3 - https:\/\/yoast.com\/product\/yoast-seo-wordpress\/ -->\n<title>Laken - Ner\u016bs\u0113jo\u0161\u0101 t\u0113rauda termoss<\/title>\n<meta name=\"description\" content=\"Laken termo pudeles nodro\u0161ina augstu vakuuma izol\u0101cijas pak\u0101pi. Izgatavotas, lai saglab\u0101tu dz\u0113rienu siltu l\u012bdz 12 stund\u0101m un aukstu l\u012bdz 24 stund\u0101m.\" \/>\n<meta name=\"robots\" content=\"index, follow, max-snippet:-1, max-image-preview:large, max-video-preview:-1\" \/>\n<link rel=\"canonical\" href=\"https:\/\/gohike.lv\/ru\/produkts\/laken-nerusejosa-terauda-termoss-ar-vacinu-kruzi\/\" \/>\n<meta property=\"og:locale\" content=\"ru_RU\" \/>\n<meta property=\"og:type\" content=\"article\" \/>\n<meta property=\"og:title\" content=\"Laken - Ner\u016bs\u0113jo\u0161\u0101 t\u0113rauda termoss ar v\u0101ci\u0146u-kr\u016bzi\" \/>\n<meta property=\"og:description\" content=\"Laken termo pudeles nodro\u0161ina augstu vakuuma izol\u0101cijas pak\u0101pi. Izgatavotas, lai saglab\u0101tu dz\u0113rienu siltu l\u012bdz 12 stund\u0101m un aukstu l\u012bdz 24 stund\u0101m.\" \/>\n<meta property=\"og:url\" content=\"https:\/\/gohike.lv\/ru\/produkts\/laken-nerusejosa-terauda-termoss-ar-vacinu-kruzi\/\" \/>\n<meta property=\"og:site_name\" content=\"GoHike\" \/>\n<meta property=\"article:publisher\" content=\"https:\/\/www.facebook.com\/gohike.shop\/\" \/>\n<meta property=\"article:modified_time\" content=\"2025-12-30T14:25:01+00:00\" \/>\n<meta property=\"og:image\" content=\"https:\/\/gohike.lv\/wp-content\/uploads\/2024\/12\/Laken_750ml_red-2.jpg\" \/>\n\t<meta property=\"og:image:width\" content=\"900\" \/>\n\t<meta property=\"og:image:height\" content=\"900\" \/>\n\t<meta property=\"og:image:type\" content=\"image\/jpeg\" \/>\n<meta name=\"twitter:card\" content=\"summary_large_image\" \/>\n<meta name=\"twitter:title\" content=\"Laken - Ner\u016bs\u0113jo\u0161\u0101 t\u0113rauda termoss ar v\u0101ci\u0146u-kr\u016bzi\" \/>\n<meta name=\"twitter:label1\" content=\"\u041f\u0440\u0438\u043c\u0435\u0440\u043d\u043e\u0435 \u0432\u0440\u0435\u043c\u044f \u0434\u043b\u044f \u0447\u0442\u0435\u043d\u0438\u044f\" \/>\n\t<meta name=\"twitter:data1\" content=\"1 \u043c\u0438\u043d\u0443\u0442\u0430\" \/>\n<script type=\"application\/ld+json\" class=\"yoast-schema-graph\">{\"@context\":\"https:\\\/\\\/schema.org\",\"@graph\":[{\"@type\":[\"WebPage\",\"ItemPage\"],\"@id\":\"https:\\\/\\\/gohike.lv\\\/ru\\\/produkts\\\/laken-nerusejosa-terauda-termoss-ar-vacinu-kruzi\\\/\",\"url\":\"https:\\\/\\\/gohike.lv\\\/ru\\\/produkts\\\/laken-nerusejosa-terauda-termoss-ar-vacinu-kruzi\\\/\",\"name\":\"Laken - Ner\u016bs\u0113jo\u0161\u0101 t\u0113rauda termoss\",\"isPartOf\":{\"@id\":\"https:\\\/\\\/gohike.lv\\\/ru\\\/#website\"},\"primaryImageOfPage\":{\"@id\":\"https:\\\/\\\/gohike.lv\\\/ru\\\/produkts\\\/laken-nerusejosa-terauda-termoss-ar-vacinu-kruzi\\\/#primaryimage\"},\"image\":{\"@id\":\"https:\\\/\\\/gohike.lv\\\/ru\\\/produkts\\\/laken-nerusejosa-terauda-termoss-ar-vacinu-kruzi\\\/#primaryimage\"},\"thumbnailUrl\":\"https:\\\/\\\/gohike.lv\\\/wp-content\\\/uploads\\\/2024\\\/12\\\/Laken_750ml_red-2.jpg\",\"datePublished\":\"2024-12-19T08:13:20+00:00\",\"dateModified\":\"2025-12-30T14:25:01+00:00\",\"description\":\"Laken termo pudeles nodro\u0161ina augstu vakuuma izol\u0101cijas pak\u0101pi. Izgatavotas, lai saglab\u0101tu dz\u0113rienu siltu l\u012bdz 12 stund\u0101m un aukstu l\u012bdz 24 stund\u0101m.\",\"breadcrumb\":{\"@id\":\"https:\\\/\\\/gohike.lv\\\/ru\\\/produkts\\\/laken-nerusejosa-terauda-termoss-ar-vacinu-kruzi\\\/#breadcrumb\"},\"inLanguage\":\"ru-RU\",\"potentialAction\":[{\"@type\":\"ReadAction\",\"target\":[\"https:\\\/\\\/gohike.lv\\\/ru\\\/produkts\\\/laken-nerusejosa-terauda-termoss-ar-vacinu-kruzi\\\/\"]}]},{\"@type\":\"ImageObject\",\"inLanguage\":\"ru-RU\",\"@id\":\"https:\\\/\\\/gohike.lv\\\/ru\\\/produkts\\\/laken-nerusejosa-terauda-termoss-ar-vacinu-kruzi\\\/#primaryimage\",\"url\":\"https:\\\/\\\/gohike.lv\\\/wp-content\\\/uploads\\\/2024\\\/12\\\/Laken_750ml_red-2.jpg\",\"contentUrl\":\"https:\\\/\\\/gohike.lv\\\/wp-content\\\/uploads\\\/2024\\\/12\\\/Laken_750ml_red-2.jpg\",\"width\":900,\"height\":900},{\"@type\":\"BreadcrumbList\",\"@id\":\"https:\\\/\\\/gohike.lv\\\/ru\\\/produkts\\\/laken-nerusejosa-terauda-termoss-ar-vacinu-kruzi\\\/#breadcrumb\",\"itemListElement\":[{\"@type\":\"ListItem\",\"position\":1,\"name\":\"\u0413\u043b\u0430\u0432\u043d\u0430\u044f\",\"item\":\"https:\\\/\\\/gohike.lv\\\/ru\\\/\"},{\"@type\":\"ListItem\",\"position\":2,\"name\":\"\u041a\u0430\u0442\u0435\u0433\u043e\u0440\u0438\u0438 \u0442\u043e\u0432\u0430\u0440\u043e\u0432\",\"item\":\"https:\\\/\\\/gohike.lv\\\/%d0%ba%d0%b0%d1%82%d0%b5%d0%b3%d0%be%d1%80%d0%b8%d0%b8-%d1%82%d0%be%d0%b2%d0%b0%d1%80%d0%be%d0%b2\\\/\"},{\"@type\":\"ListItem\",\"position\":3,\"name\":\"Laken &#8211; Ner\u016bs\u0113jo\u0161\u0101 t\u0113rauda termoss\"}]},{\"@type\":\"WebSite\",\"@id\":\"https:\\\/\\\/gohike.lv\\\/ru\\\/#website\",\"url\":\"https:\\\/\\\/gohike.lv\\\/ru\\\/\",\"name\":\"GoHike\",\"description\":\"\",\"publisher\":{\"@id\":\"https:\\\/\\\/gohike.lv\\\/ru\\\/#organization\"},\"potentialAction\":[{\"@type\":\"SearchAction\",\"target\":{\"@type\":\"EntryPoint\",\"urlTemplate\":\"https:\\\/\\\/gohike.lv\\\/ru\\\/?s={search_term_string}\"},\"query-input\":{\"@type\":\"PropertyValueSpecification\",\"valueRequired\":true,\"valueName\":\"search_term_string\"}}],\"inLanguage\":\"ru-RU\"},{\"@type\":\"Organization\",\"@id\":\"https:\\\/\\\/gohike.lv\\\/ru\\\/#organization\",\"name\":\"GoHike\",\"url\":\"https:\\\/\\\/gohike.lv\\\/ru\\\/\",\"logo\":{\"@type\":\"ImageObject\",\"inLanguage\":\"ru-RU\",\"@id\":\"https:\\\/\\\/gohike.lv\\\/ru\\\/#\\\/schema\\\/logo\\\/image\\\/\",\"url\":\"https:\\\/\\\/gohike.lv\\\/wp-content\\\/uploads\\\/2023\\\/08\\\/Logo_GoHike.webp\",\"contentUrl\":\"https:\\\/\\\/gohike.lv\\\/wp-content\\\/uploads\\\/2023\\\/08\\\/Logo_GoHike.webp\",\"width\":512,\"height\":512,\"caption\":\"GoHike\"},\"image\":{\"@id\":\"https:\\\/\\\/gohike.lv\\\/ru\\\/#\\\/schema\\\/logo\\\/image\\\/\"},\"sameAs\":[\"https:\\\/\\\/www.facebook.com\\\/gohike.shop\\\/\",\"https:\\\/\\\/www.instagram.com\\\/gohike.shop\\\/\"]}]}<\/script>\n<!-- \/ Yoast SEO plugin. -->","yoast_head_json":{"title":"Laken - Ner\u016bs\u0113jo\u0161\u0101 t\u0113rauda termoss","description":"Laken termo pudeles nodro\u0161ina augstu vakuuma izol\u0101cijas pak\u0101pi. Izgatavotas, lai saglab\u0101tu dz\u0113rienu siltu l\u012bdz 12 stund\u0101m un aukstu l\u012bdz 24 stund\u0101m.","robots":{"index":"index","follow":"follow","max-snippet":"max-snippet:-1","max-image-preview":"max-image-preview:large","max-video-preview":"max-video-preview:-1"},"canonical":"https:\/\/gohike.lv\/ru\/produkts\/laken-nerusejosa-terauda-termoss-ar-vacinu-kruzi\/","og_locale":"ru_RU","og_type":"article","og_title":"Laken - Ner\u016bs\u0113jo\u0161\u0101 t\u0113rauda termoss ar v\u0101ci\u0146u-kr\u016bzi","og_description":"Laken termo pudeles nodro\u0161ina augstu vakuuma izol\u0101cijas pak\u0101pi. Izgatavotas, lai saglab\u0101tu dz\u0113rienu siltu l\u012bdz 12 stund\u0101m un aukstu l\u012bdz 24 stund\u0101m.","og_url":"https:\/\/gohike.lv\/ru\/produkts\/laken-nerusejosa-terauda-termoss-ar-vacinu-kruzi\/","og_site_name":"GoHike","article_publisher":"https:\/\/www.facebook.com\/gohike.shop\/","article_modified_time":"2025-12-30T14:25:01+00:00","og_image":[{"width":900,"height":900,"url":"https:\/\/gohike.lv\/wp-content\/uploads\/2024\/12\/Laken_750ml_red-2.jpg","type":"image\/jpeg"}],"twitter_card":"summary_large_image","twitter_title":"Laken - Ner\u016bs\u0113jo\u0161\u0101 t\u0113rauda termoss ar v\u0101ci\u0146u-kr\u016bzi","twitter_misc":{"\u041f\u0440\u0438\u043c\u0435\u0440\u043d\u043e\u0435 \u0432\u0440\u0435\u043c\u044f \u0434\u043b\u044f \u0447\u0442\u0435\u043d\u0438\u044f":"1 \u043c\u0438\u043d\u0443\u0442\u0430"},"schema":{"@context":"https:\/\/schema.org","@graph":[{"@type":["WebPage","ItemPage"],"@id":"https:\/\/gohike.lv\/ru\/produkts\/laken-nerusejosa-terauda-termoss-ar-vacinu-kruzi\/","url":"https:\/\/gohike.lv\/ru\/produkts\/laken-nerusejosa-terauda-termoss-ar-vacinu-kruzi\/","name":"Laken - Ner\u016bs\u0113jo\u0161\u0101 t\u0113rauda termoss","isPartOf":{"@id":"https:\/\/gohike.lv\/ru\/#website"},"primaryImageOfPage":{"@id":"https:\/\/gohike.lv\/ru\/produkts\/laken-nerusejosa-terauda-termoss-ar-vacinu-kruzi\/#primaryimage"},"image":{"@id":"https:\/\/gohike.lv\/ru\/produkts\/laken-nerusejosa-terauda-termoss-ar-vacinu-kruzi\/#primaryimage"},"thumbnailUrl":"https:\/\/gohike.lv\/wp-content\/uploads\/2024\/12\/Laken_750ml_red-2.jpg","datePublished":"2024-12-19T08:13:20+00:00","dateModified":"2025-12-30T14:25:01+00:00","description":"Laken termo pudeles nodro\u0161ina augstu vakuuma izol\u0101cijas pak\u0101pi. Izgatavotas, lai saglab\u0101tu dz\u0113rienu siltu l\u012bdz 12 stund\u0101m un aukstu l\u012bdz 24 stund\u0101m.","breadcrumb":{"@id":"https:\/\/gohike.lv\/ru\/produkts\/laken-nerusejosa-terauda-termoss-ar-vacinu-kruzi\/#breadcrumb"},"inLanguage":"ru-RU","potentialAction":[{"@type":"ReadAction","target":["https:\/\/gohike.lv\/ru\/produkts\/laken-nerusejosa-terauda-termoss-ar-vacinu-kruzi\/"]}]},{"@type":"ImageObject","inLanguage":"ru-RU","@id":"https:\/\/gohike.lv\/ru\/produkts\/laken-nerusejosa-terauda-termoss-ar-vacinu-kruzi\/#primaryimage","url":"https:\/\/gohike.lv\/wp-content\/uploads\/2024\/12\/Laken_750ml_red-2.jpg","contentUrl":"https:\/\/gohike.lv\/wp-content\/uploads\/2024\/12\/Laken_750ml_red-2.jpg","width":900,"height":900},{"@type":"BreadcrumbList","@id":"https:\/\/gohike.lv\/ru\/produkts\/laken-nerusejosa-terauda-termoss-ar-vacinu-kruzi\/#breadcrumb","itemListElement":[{"@type":"ListItem","position":1,"name":"\u0413\u043b\u0430\u0432\u043d\u0430\u044f","item":"https:\/\/gohike.lv\/ru\/"},{"@type":"ListItem","position":2,"name":"\u041a\u0430\u0442\u0435\u0433\u043e\u0440\u0438\u0438 \u0442\u043e\u0432\u0430\u0440\u043e\u0432","item":"https:\/\/gohike.lv\/%d0%ba%d0%b0%d1%82%d0%b5%d0%b3%d0%be%d1%80%d0%b8%d0%b8-%d1%82%d0%be%d0%b2%d0%b0%d1%80%d0%be%d0%b2\/"},{"@type":"ListItem","position":3,"name":"Laken &#8211; Ner\u016bs\u0113jo\u0161\u0101 t\u0113rauda termoss"}]},{"@type":"WebSite","@id":"https:\/\/gohike.lv\/ru\/#website","url":"https:\/\/gohike.lv\/ru\/","name":"GoHike","description":"","publisher":{"@id":"https:\/\/gohike.lv\/ru\/#organization"},"potentialAction":[{"@type":"SearchAction","target":{"@type":"EntryPoint","urlTemplate":"https:\/\/gohike.lv\/ru\/?s={search_term_string}"},"query-input":{"@type":"PropertyValueSpecification","valueRequired":true,"valueName":"search_term_string"}}],"inLanguage":"ru-RU"},{"@type":"Organization","@id":"https:\/\/gohike.lv\/ru\/#organization","name":"GoHike","url":"https:\/\/gohike.lv\/ru\/","logo":{"@type":"ImageObject","inLanguage":"ru-RU","@id":"https:\/\/gohike.lv\/ru\/#\/schema\/logo\/image\/","url":"https:\/\/gohike.lv\/wp-content\/uploads\/2023\/08\/Logo_GoHike.webp","contentUrl":"https:\/\/gohike.lv\/wp-content\/uploads\/2023\/08\/Logo_GoHike.webp","width":512,"height":512,"caption":"GoHike"},"image":{"@id":"https:\/\/gohike.lv\/ru\/#\/schema\/logo\/image\/"},"sameAs":["https:\/\/www.facebook.com\/gohike.shop\/","https:\/\/www.instagram.com\/gohike.shop\/"]}]}},"jetpack_sharing_enabled":true,"_links":{"self":[{"href":"https:\/\/gohike.lv\/ru\/wp-json\/wp\/v2\/product\/64207","targetHints":{"allow":["GET"]}}],"collection":[{"href":"https:\/\/gohike.lv\/ru\/wp-json\/wp\/v2\/product"}],"about":[{"href":"https:\/\/gohike.lv\/ru\/wp-json\/wp\/v2\/types\/product"}],"version-history":[{"count":0,"href":"https:\/\/gohike.lv\/ru\/wp-json\/wp\/v2\/product\/64207\/revisions"}],"wp:featuredmedia":[{"embeddable":true,"href":"https:\/\/gohike.lv\/ru\/wp-json\/wp\/v2\/media\/64209"}],"wp:attachment":[{"href":"https:\/\/gohike.lv\/ru\/wp-json\/wp\/v2\/media?parent=64207"}],"wp:term":[{"taxonomy":"product_brand","embeddable":true,"href":"https:\/\/gohike.lv\/ru\/wp-json\/wp\/v2\/product_brand?post=64207"},{"taxonomy":"product_cat","embeddable":true,"href":"https:\/\/gohike.lv\/ru\/wp-json\/wp\/v2\/product_cat?post=64207"},{"taxonomy":"product_tag","embeddable":true,"href":"https:\/\/gohike.lv\/ru\/wp-json\/wp\/v2\/product_tag?post=64207"}],"curies":[{"name":"wp","href":"https:\/\/api.w.org\/{rel}","templated":true}]}}