{"id":64004,"date":"2024-12-19T10:33:24","date_gmt":"2024-12-19T07:33:24","guid":{"rendered":"https:\/\/gohike.lv\/produkts\/opinel-saliekamais-nazis-n08-carbone-pocket-knife\/"},"modified":"2025-12-30T17:24:27","modified_gmt":"2025-12-30T14:24:27","slug":"opinel-saliekamais-nazis-n08-carbone-pocket-knife","status":"publish","type":"product","link":"https:\/\/gohike.lv\/ru\/produkts\/opinel-saliekamais-nazis-n08-carbone-pocket-knife\/","title":{"rendered":"Opinel \u2013 Nr.8 \u0100ra nazis\u00a0\u2013\u00a0karbons"},"content":{"rendered":"<p>Opinel komp\u0101nijas na\u017ei ir klasisks risin\u0101jums, kas tiek ra\u017eoti jau gandr\u012bz simts gadus, kop\u0161 1890. gada, kad \u017dozefs Opinels pirmo reizi tos par\u0101d\u012bja sabiedr\u012bbai. \u0160obr\u012bd Opinel \u0123imene turpina ra\u017eot gan instrumentus, gan na\u017eus visda\u017e\u0101d\u0101ko vajadz\u012bbu apmierin\u0101\u0161anai, past\u0101v\u012bgi papla\u0161inot pre\u010du sortimentu ar jauniem mode\u013ciem un uzlabojot vecos, kas k\u013cuvu\u0161i par \u012bstu klasiku \u0161aj\u0101 lauci\u0146\u0101. Viens no \u0161\u0101das klasikas piem\u0113riem ir nazis Opinel Nr. 8, lai gan ar\u012b \u0161is modelis ir piedz\u012bvojis da\u017e\u0101das izmai\u0146as un uzlabojumus.<br \/>\nVispopul\u0101r\u0101k\u0101 \u0161\u012b mode\u013ca modifik\u0101cija ir asmens, kas izgatavots no XC90 augsta oglek\u013ca t\u0113rauda. Asme\u0146iem, kas veidoti no \u0161\u0101da t\u0113rauda, nepiecie\u0161ama atbilsto\u0161a kop\u0161ana, un tie slikti iztur ilgsto\u0161u kontaktu ar mitrumu, ta\u010du lieliski saglab\u0101 savu asumu sal\u012bdzin\u0101jum\u0101 ar ner\u016bs\u0113jo\u0161\u0101 t\u0113rauda analogiem. Opinel \u0161iem asme\u0146iem pievieno atz\u012bmi CARBONE, kas nor\u0101da uz \u0161o t\u0113rauda marku.<br \/>\nOpinel Nr. 8 rokturis ir izgatavots no di\u017eskab\u0101r\u017ea koka tradicion\u0101laj\u0101 Natural l\u012bnij\u0101. Roktura gals ir nedaudz papla\u0161in\u0101ts, kas nodro\u0161ina \u0113rt\u0101ku un dro\u0161\u0101ku satv\u0113rienu, samazinot risku, ka nazis var\u0113tu izsl\u012bd\u0113t no plaukstas darba laik\u0101.<br \/>\nOpinel Nr. 8 nazis, t\u0101pat k\u0101 liel\u0101k\u0101 da\u013ca saliekamo na\u017eu, ir apr\u012bkots ar Virobloc aizsargmeh\u0101nismu. \u0160is meh\u0101nisms, kas ir Opinel komp\u0101nijas patent\u0113ts izgudrojums, tiek izmantots saliekamo na\u017eu ra\u017eo\u0161an\u0101 kop\u0161 1955. gada. Tas \u013cauj dro\u0161i fiks\u0113t asmeni vien\u0101 no div\u0101m poz\u012bcij\u0101m, nov\u0113r\u0161ot nejau\u0161u atv\u0113r\u0161anos vai saliek\u0161anos.<br \/>\nOpinel Nr. 8 ir ide\u0101ls risin\u0101jums ikdienas uzdevumu veik\u0161anai. T\u0101 saliekam\u0101 konstrukcija, kompaktais izm\u0113rs un dro\u0161ais aizsl\u0113gs \u013cauj to \u0113rti \u0146emt l\u012bdzi jebkur.<br \/>\nModelis: Nr. 08 Carbon.<br \/>\nAsmens materi\u0101ls: XC 90 oglek\u013ca t\u0113rauds.<br \/>\nRokturis: di\u017eskab\u0101rdis.<br \/>\nAsmens garums: 8 cm.<br \/>\nVibroloc dro\u0161\u012bbas meh\u0101nisms: t\u0113rauda dro\u0161\u012bbas gredzens ar div\u0101m poz\u012bcij\u0101m, lai fiks\u0113tu asmeni gan atv\u0113rt\u0101 st\u0101vokl\u012b (dro\u0161ai lieto\u0161anai), gan saloc\u012bt\u0101 st\u0101vokl\u012b (lai nodro\u0161in\u0101tu dro\u0161u transport\u0113\u0161anu)<br \/>\nAsme\u0146a forma: sirpja formas izliekums, l\u012bdz\u012bgs jataganam, kas uzlabo dro\u0161\u012bbu un asmens uzasin\u0101\u0161anas efektivit\u0101ti.<\/p>\n","protected":false},"excerpt":{"rendered":"<p>Opinel Nr. 8 ir ide\u0101ls risin\u0101jums ikdienas uzdevumu veik\u0161anai. T\u0101 saliekam\u0101 konstrukcija, kompaktais izm\u0113rs un dro\u0161ais aizsl\u0113gs \u013cauj to \u0113rti \u0146emt l\u012bdzi jebkur.<\/p>\n","protected":false},"featured_media":64006,"template":"","meta":[],"product_brand":[1942],"product_cat":[1056],"product_tag":[],"class_list":{"0":"post-64004","1":"product","2":"type-product","3":"status-publish","4":"has-post-thumbnail","6":"product_brand-opinel-lv","7":"product_cat-nazi-un-zagi","8":"pa_produkta-tips-nazi","10":"first","11":"instock","12":"taxable","13":"shipping-taxable","14":"purchasable","15":"product-type-simple"},"raw_content":{"name":"Opinel \u2013 Nr.8 \u0100ra nazis\u00a0\u2013\u00a0karbons","description":"Opinel komp\u0101nijas na\u017ei ir klasisks risin\u0101jums, kas tiek ra\u017eoti jau gandr\u012bz simts gadus, kop\u0161 1890. gada, kad \u017dozefs Opinels pirmo reizi tos par\u0101d\u012bja sabiedr\u012bbai. \u0160obr\u012bd Opinel \u0123imene turpina ra\u017eot gan instrumentus, gan na\u017eus visda\u017e\u0101d\u0101ko vajadz\u012bbu apmierin\u0101\u0161anai, past\u0101v\u012bgi papla\u0161inot pre\u010du sortimentu ar jauniem mode\u013ciem un uzlabojot vecos, kas k\u013cuvu\u0161i par \u012bstu klasiku \u0161aj\u0101 lauci\u0146\u0101. Viens no \u0161\u0101das klasikas piem\u0113riem ir nazis Opinel Nr. 8, lai gan ar\u012b \u0161is modelis ir piedz\u012bvojis da\u017e\u0101das izmai\u0146as un uzlabojumus.\nVispopul\u0101r\u0101k\u0101 \u0161\u012b mode\u013ca modifik\u0101cija ir asmens, kas izgatavots no XC90 augsta oglek\u013ca t\u0113rauda. Asme\u0146iem, kas veidoti no \u0161\u0101da t\u0113rauda, nepiecie\u0161ama atbilsto\u0161a kop\u0161ana, un tie slikti iztur ilgsto\u0161u kontaktu ar mitrumu, ta\u010du lieliski saglab\u0101 savu asumu sal\u012bdzin\u0101jum\u0101 ar ner\u016bs\u0113jo\u0161\u0101 t\u0113rauda analogiem. Opinel \u0161iem asme\u0146iem pievieno atz\u012bmi CARBONE, kas nor\u0101da uz \u0161o t\u0113rauda marku.\nOpinel Nr. 8 rokturis ir izgatavots no di\u017eskab\u0101r\u017ea koka tradicion\u0101laj\u0101 Natural l\u012bnij\u0101. Roktura gals ir nedaudz papla\u0161in\u0101ts, kas nodro\u0161ina \u0113rt\u0101ku un dro\u0161\u0101ku satv\u0113rienu, samazinot risku, ka nazis var\u0113tu izsl\u012bd\u0113t no plaukstas darba laik\u0101.\nOpinel Nr. 8 nazis, t\u0101pat k\u0101 liel\u0101k\u0101 da\u013ca saliekamo na\u017eu, ir apr\u012bkots ar Virobloc aizsargmeh\u0101nismu. \u0160is meh\u0101nisms, kas ir Opinel komp\u0101nijas patent\u0113ts izgudrojums, tiek izmantots saliekamo na\u017eu ra\u017eo\u0161an\u0101 kop\u0161 1955. gada. Tas \u013cauj dro\u0161i fiks\u0113t asmeni vien\u0101 no div\u0101m poz\u012bcij\u0101m, nov\u0113r\u0161ot nejau\u0161u atv\u0113r\u0161anos vai saliek\u0161anos.\nOpinel Nr. 8 ir ide\u0101ls risin\u0101jums ikdienas uzdevumu veik\u0161anai. T\u0101 saliekam\u0101 konstrukcija, kompaktais izm\u0113rs un dro\u0161ais aizsl\u0113gs \u013cauj to \u0113rti \u0146emt l\u012bdzi jebkur.\nModelis: Nr. 08 Carbon.\nAsmens materi\u0101ls: XC 90 oglek\u013ca t\u0113rauds.\nRokturis: di\u017eskab\u0101rdis.\nAsmens garums: 8 cm.\nVibroloc dro\u0161\u012bbas meh\u0101nisms: t\u0113rauda dro\u0161\u012bbas gredzens ar div\u0101m poz\u012bcij\u0101m, lai fiks\u0113tu asmeni gan atv\u0113rt\u0101 st\u0101vokl\u012b (dro\u0161ai lieto\u0161anai), gan saloc\u012bt\u0101 st\u0101vokl\u012b (lai nodro\u0161in\u0101tu dro\u0161u transport\u0113\u0161anu)\nAsme\u0146a forma: sirpja formas izliekums, l\u012bdz\u012bgs jataganam, kas uzlabo dro\u0161\u012bbu un asmens uzasin\u0101\u0161anas efektivit\u0101ti.","short_description":"Opinel Nr. 8 ir ide\u0101ls risin\u0101jums ikdienas uzdevumu veik\u0161anai. T\u0101 saliekam\u0101 konstrukcija, kompaktais izm\u0113rs un dro\u0161ais aizsl\u0113gs \u013cauj to \u0113rti \u0146emt l\u012bdzi jebkur.","status":"publish","sku":"3123841130808","original":64004},"wpml":{"translation_type":1,"has_translations":true,"original":64004,"duplicates":[],"translations":{"lv":64004,"en":66978,"ru":null}},"supplier_id":null,"supplier_sku":"","barcode":null,"atum_controlled":true,"out_stock_date":null,"out_stock_threshold":null,"inheritable":false,"inbound_stock":0,"stock_on_hold":0,"sold_today":0,"sales_last_days":0,"reserved_stock":0,"customer_returns":0,"warehouse_damage":0,"lost_in_post":0,"other_logs":0,"out_stock_days":0,"lost_sales":0,"has_location":false,"update_date":"2025-12-30T14:30:30","atum_locations":[],"atum_stock_status":"instock","restock_status":false,"low_stock_amount":"","sales_update_date":"2025-11-13T14:08:10","calc_backorders":null,"yoast_head":"<!-- This site is optimized with the Yoast SEO plugin v27.3 - https:\/\/yoast.com\/product\/yoast-seo-wordpress\/ -->\n<title>Opinel \u2013 Nr.8 \u0100ra nazis\u00a0\u2013\u00a0karbons<\/title>\n<meta name=\"description\" content=\"Opinel Nr. 8 ir ide\u0101ls risin\u0101jums ikdienas uzdevumu veik\u0161anai. T\u0101 saliekam\u0101 konstrukcija, kompaktais izm\u0113rs un dro\u0161ais aizsl\u0113gs \u013cauj to \u0113rti \u0146emt l\u012bdzi jebkur.\" \/>\n<meta name=\"robots\" content=\"index, follow, max-snippet:-1, max-image-preview:large, max-video-preview:-1\" \/>\n<link rel=\"canonical\" href=\"https:\/\/gohike.lv\/ru\/produkts\/opinel-saliekamais-nazis-n08-carbone-pocket-knife\/\" \/>\n<meta property=\"og:locale\" content=\"ru_RU\" \/>\n<meta property=\"og:type\" content=\"article\" \/>\n<meta property=\"og:title\" content=\"Opinel - Saliekamais nazis n\u00b008 carbone pocket knife\" \/>\n<meta property=\"og:description\" content=\"Opinel Nr. 8 ir ide\u0101ls risin\u0101jums ikdienas uzdevumu veik\u0161anai. T\u0101 saliekam\u0101 konstrukcija, kompaktais izm\u0113rs un dro\u0161ais aizsl\u0113gs \u013cauj to \u0113rti \u0146emt l\u012bdzi jebkur.\" \/>\n<meta property=\"og:url\" content=\"https:\/\/gohike.lv\/ru\/produkts\/opinel-saliekamais-nazis-n08-carbone-pocket-knife\/\" \/>\n<meta property=\"og:site_name\" content=\"GoHike\" \/>\n<meta property=\"article:publisher\" content=\"https:\/\/www.facebook.com\/gohike.shop\/\" \/>\n<meta property=\"article:modified_time\" content=\"2025-12-30T14:24:27+00:00\" \/>\n<meta property=\"og:image\" content=\"https:\/\/gohike.lv\/wp-content\/uploads\/2024\/12\/Carbon8_.jpg\" \/>\n\t<meta property=\"og:image:width\" content=\"800\" \/>\n\t<meta property=\"og:image:height\" content=\"800\" \/>\n\t<meta property=\"og:image:type\" content=\"image\/jpeg\" \/>\n<meta name=\"twitter:card\" content=\"summary_large_image\" \/>\n<meta name=\"twitter:title\" content=\"Opinel - Saliekamais nazis n\u00b008 carbone pocket knife\" \/>\n<meta name=\"twitter:label1\" content=\"\u041f\u0440\u0438\u043c\u0435\u0440\u043d\u043e\u0435 \u0432\u0440\u0435\u043c\u044f \u0434\u043b\u044f \u0447\u0442\u0435\u043d\u0438\u044f\" \/>\n\t<meta name=\"twitter:data1\" content=\"2 \u043c\u0438\u043d\u0443\u0442\u0430\" \/>\n<script type=\"application\/ld+json\" class=\"yoast-schema-graph\">{\"@context\":\"https:\\\/\\\/schema.org\",\"@graph\":[{\"@type\":[\"WebPage\",\"ItemPage\"],\"@id\":\"https:\\\/\\\/gohike.lv\\\/ru\\\/produkts\\\/opinel-saliekamais-nazis-n08-carbone-pocket-knife\\\/\",\"url\":\"https:\\\/\\\/gohike.lv\\\/ru\\\/produkts\\\/opinel-saliekamais-nazis-n08-carbone-pocket-knife\\\/\",\"name\":\"Opinel \u2013 Nr.8 \u0100ra nazis\u00a0\u2013\u00a0karbons\",\"isPartOf\":{\"@id\":\"https:\\\/\\\/gohike.lv\\\/ru\\\/#website\"},\"primaryImageOfPage\":{\"@id\":\"https:\\\/\\\/gohike.lv\\\/ru\\\/produkts\\\/opinel-saliekamais-nazis-n08-carbone-pocket-knife\\\/#primaryimage\"},\"image\":{\"@id\":\"https:\\\/\\\/gohike.lv\\\/ru\\\/produkts\\\/opinel-saliekamais-nazis-n08-carbone-pocket-knife\\\/#primaryimage\"},\"thumbnailUrl\":\"https:\\\/\\\/gohike.lv\\\/wp-content\\\/uploads\\\/2024\\\/12\\\/Carbon8_.jpg\",\"datePublished\":\"2024-12-19T07:33:24+00:00\",\"dateModified\":\"2025-12-30T14:24:27+00:00\",\"description\":\"Opinel Nr. 8 ir ide\u0101ls risin\u0101jums ikdienas uzdevumu veik\u0161anai. T\u0101 saliekam\u0101 konstrukcija, kompaktais izm\u0113rs un dro\u0161ais aizsl\u0113gs \u013cauj to \u0113rti \u0146emt l\u012bdzi jebkur.\",\"breadcrumb\":{\"@id\":\"https:\\\/\\\/gohike.lv\\\/ru\\\/produkts\\\/opinel-saliekamais-nazis-n08-carbone-pocket-knife\\\/#breadcrumb\"},\"inLanguage\":\"ru-RU\",\"potentialAction\":[{\"@type\":\"ReadAction\",\"target\":[\"https:\\\/\\\/gohike.lv\\\/ru\\\/produkts\\\/opinel-saliekamais-nazis-n08-carbone-pocket-knife\\\/\"]}]},{\"@type\":\"ImageObject\",\"inLanguage\":\"ru-RU\",\"@id\":\"https:\\\/\\\/gohike.lv\\\/ru\\\/produkts\\\/opinel-saliekamais-nazis-n08-carbone-pocket-knife\\\/#primaryimage\",\"url\":\"https:\\\/\\\/gohike.lv\\\/wp-content\\\/uploads\\\/2024\\\/12\\\/Carbon8_.jpg\",\"contentUrl\":\"https:\\\/\\\/gohike.lv\\\/wp-content\\\/uploads\\\/2024\\\/12\\\/Carbon8_.jpg\",\"width\":800,\"height\":800},{\"@type\":\"BreadcrumbList\",\"@id\":\"https:\\\/\\\/gohike.lv\\\/ru\\\/produkts\\\/opinel-saliekamais-nazis-n08-carbone-pocket-knife\\\/#breadcrumb\",\"itemListElement\":[{\"@type\":\"ListItem\",\"position\":1,\"name\":\"\u0413\u043b\u0430\u0432\u043d\u0430\u044f\",\"item\":\"https:\\\/\\\/gohike.lv\\\/ru\\\/\"},{\"@type\":\"ListItem\",\"position\":2,\"name\":\"\u041a\u0430\u0442\u0435\u0433\u043e\u0440\u0438\u0438 \u0442\u043e\u0432\u0430\u0440\u043e\u0432\",\"item\":\"https:\\\/\\\/gohike.lv\\\/%d0%ba%d0%b0%d1%82%d0%b5%d0%b3%d0%be%d1%80%d0%b8%d0%b8-%d1%82%d0%be%d0%b2%d0%b0%d1%80%d0%be%d0%b2\\\/\"},{\"@type\":\"ListItem\",\"position\":3,\"name\":\"Opinel \u2013 Nr.8 \u0100ra nazis\u00a0\u2013\u00a0karbons\"}]},{\"@type\":\"WebSite\",\"@id\":\"https:\\\/\\\/gohike.lv\\\/ru\\\/#website\",\"url\":\"https:\\\/\\\/gohike.lv\\\/ru\\\/\",\"name\":\"GoHike\",\"description\":\"\",\"publisher\":{\"@id\":\"https:\\\/\\\/gohike.lv\\\/ru\\\/#organization\"},\"potentialAction\":[{\"@type\":\"SearchAction\",\"target\":{\"@type\":\"EntryPoint\",\"urlTemplate\":\"https:\\\/\\\/gohike.lv\\\/ru\\\/?s={search_term_string}\"},\"query-input\":{\"@type\":\"PropertyValueSpecification\",\"valueRequired\":true,\"valueName\":\"search_term_string\"}}],\"inLanguage\":\"ru-RU\"},{\"@type\":\"Organization\",\"@id\":\"https:\\\/\\\/gohike.lv\\\/ru\\\/#organization\",\"name\":\"GoHike\",\"url\":\"https:\\\/\\\/gohike.lv\\\/ru\\\/\",\"logo\":{\"@type\":\"ImageObject\",\"inLanguage\":\"ru-RU\",\"@id\":\"https:\\\/\\\/gohike.lv\\\/ru\\\/#\\\/schema\\\/logo\\\/image\\\/\",\"url\":\"https:\\\/\\\/gohike.lv\\\/wp-content\\\/uploads\\\/2023\\\/08\\\/Logo_GoHike.webp\",\"contentUrl\":\"https:\\\/\\\/gohike.lv\\\/wp-content\\\/uploads\\\/2023\\\/08\\\/Logo_GoHike.webp\",\"width\":512,\"height\":512,\"caption\":\"GoHike\"},\"image\":{\"@id\":\"https:\\\/\\\/gohike.lv\\\/ru\\\/#\\\/schema\\\/logo\\\/image\\\/\"},\"sameAs\":[\"https:\\\/\\\/www.facebook.com\\\/gohike.shop\\\/\",\"https:\\\/\\\/www.instagram.com\\\/gohike.shop\\\/\"]}]}<\/script>\n<!-- \/ Yoast SEO plugin. -->","yoast_head_json":{"title":"Opinel \u2013 Nr.8 \u0100ra nazis\u00a0\u2013\u00a0karbons","description":"Opinel Nr. 8 ir ide\u0101ls risin\u0101jums ikdienas uzdevumu veik\u0161anai. T\u0101 saliekam\u0101 konstrukcija, kompaktais izm\u0113rs un dro\u0161ais aizsl\u0113gs \u013cauj to \u0113rti \u0146emt l\u012bdzi jebkur.","robots":{"index":"index","follow":"follow","max-snippet":"max-snippet:-1","max-image-preview":"max-image-preview:large","max-video-preview":"max-video-preview:-1"},"canonical":"https:\/\/gohike.lv\/ru\/produkts\/opinel-saliekamais-nazis-n08-carbone-pocket-knife\/","og_locale":"ru_RU","og_type":"article","og_title":"Opinel - Saliekamais nazis n\u00b008 carbone pocket knife","og_description":"Opinel Nr. 8 ir ide\u0101ls risin\u0101jums ikdienas uzdevumu veik\u0161anai. T\u0101 saliekam\u0101 konstrukcija, kompaktais izm\u0113rs un dro\u0161ais aizsl\u0113gs \u013cauj to \u0113rti \u0146emt l\u012bdzi jebkur.","og_url":"https:\/\/gohike.lv\/ru\/produkts\/opinel-saliekamais-nazis-n08-carbone-pocket-knife\/","og_site_name":"GoHike","article_publisher":"https:\/\/www.facebook.com\/gohike.shop\/","article_modified_time":"2025-12-30T14:24:27+00:00","og_image":[{"width":800,"height":800,"url":"https:\/\/gohike.lv\/wp-content\/uploads\/2024\/12\/Carbon8_.jpg","type":"image\/jpeg"}],"twitter_card":"summary_large_image","twitter_title":"Opinel - Saliekamais nazis n\u00b008 carbone pocket knife","twitter_misc":{"\u041f\u0440\u0438\u043c\u0435\u0440\u043d\u043e\u0435 \u0432\u0440\u0435\u043c\u044f \u0434\u043b\u044f \u0447\u0442\u0435\u043d\u0438\u044f":"2 \u043c\u0438\u043d\u0443\u0442\u0430"},"schema":{"@context":"https:\/\/schema.org","@graph":[{"@type":["WebPage","ItemPage"],"@id":"https:\/\/gohike.lv\/ru\/produkts\/opinel-saliekamais-nazis-n08-carbone-pocket-knife\/","url":"https:\/\/gohike.lv\/ru\/produkts\/opinel-saliekamais-nazis-n08-carbone-pocket-knife\/","name":"Opinel \u2013 Nr.8 \u0100ra nazis\u00a0\u2013\u00a0karbons","isPartOf":{"@id":"https:\/\/gohike.lv\/ru\/#website"},"primaryImageOfPage":{"@id":"https:\/\/gohike.lv\/ru\/produkts\/opinel-saliekamais-nazis-n08-carbone-pocket-knife\/#primaryimage"},"image":{"@id":"https:\/\/gohike.lv\/ru\/produkts\/opinel-saliekamais-nazis-n08-carbone-pocket-knife\/#primaryimage"},"thumbnailUrl":"https:\/\/gohike.lv\/wp-content\/uploads\/2024\/12\/Carbon8_.jpg","datePublished":"2024-12-19T07:33:24+00:00","dateModified":"2025-12-30T14:24:27+00:00","description":"Opinel Nr. 8 ir ide\u0101ls risin\u0101jums ikdienas uzdevumu veik\u0161anai. T\u0101 saliekam\u0101 konstrukcija, kompaktais izm\u0113rs un dro\u0161ais aizsl\u0113gs \u013cauj to \u0113rti \u0146emt l\u012bdzi jebkur.","breadcrumb":{"@id":"https:\/\/gohike.lv\/ru\/produkts\/opinel-saliekamais-nazis-n08-carbone-pocket-knife\/#breadcrumb"},"inLanguage":"ru-RU","potentialAction":[{"@type":"ReadAction","target":["https:\/\/gohike.lv\/ru\/produkts\/opinel-saliekamais-nazis-n08-carbone-pocket-knife\/"]}]},{"@type":"ImageObject","inLanguage":"ru-RU","@id":"https:\/\/gohike.lv\/ru\/produkts\/opinel-saliekamais-nazis-n08-carbone-pocket-knife\/#primaryimage","url":"https:\/\/gohike.lv\/wp-content\/uploads\/2024\/12\/Carbon8_.jpg","contentUrl":"https:\/\/gohike.lv\/wp-content\/uploads\/2024\/12\/Carbon8_.jpg","width":800,"height":800},{"@type":"BreadcrumbList","@id":"https:\/\/gohike.lv\/ru\/produkts\/opinel-saliekamais-nazis-n08-carbone-pocket-knife\/#breadcrumb","itemListElement":[{"@type":"ListItem","position":1,"name":"\u0413\u043b\u0430\u0432\u043d\u0430\u044f","item":"https:\/\/gohike.lv\/ru\/"},{"@type":"ListItem","position":2,"name":"\u041a\u0430\u0442\u0435\u0433\u043e\u0440\u0438\u0438 \u0442\u043e\u0432\u0430\u0440\u043e\u0432","item":"https:\/\/gohike.lv\/%d0%ba%d0%b0%d1%82%d0%b5%d0%b3%d0%be%d1%80%d0%b8%d0%b8-%d1%82%d0%be%d0%b2%d0%b0%d1%80%d0%be%d0%b2\/"},{"@type":"ListItem","position":3,"name":"Opinel \u2013 Nr.8 \u0100ra nazis\u00a0\u2013\u00a0karbons"}]},{"@type":"WebSite","@id":"https:\/\/gohike.lv\/ru\/#website","url":"https:\/\/gohike.lv\/ru\/","name":"GoHike","description":"","publisher":{"@id":"https:\/\/gohike.lv\/ru\/#organization"},"potentialAction":[{"@type":"SearchAction","target":{"@type":"EntryPoint","urlTemplate":"https:\/\/gohike.lv\/ru\/?s={search_term_string}"},"query-input":{"@type":"PropertyValueSpecification","valueRequired":true,"valueName":"search_term_string"}}],"inLanguage":"ru-RU"},{"@type":"Organization","@id":"https:\/\/gohike.lv\/ru\/#organization","name":"GoHike","url":"https:\/\/gohike.lv\/ru\/","logo":{"@type":"ImageObject","inLanguage":"ru-RU","@id":"https:\/\/gohike.lv\/ru\/#\/schema\/logo\/image\/","url":"https:\/\/gohike.lv\/wp-content\/uploads\/2023\/08\/Logo_GoHike.webp","contentUrl":"https:\/\/gohike.lv\/wp-content\/uploads\/2023\/08\/Logo_GoHike.webp","width":512,"height":512,"caption":"GoHike"},"image":{"@id":"https:\/\/gohike.lv\/ru\/#\/schema\/logo\/image\/"},"sameAs":["https:\/\/www.facebook.com\/gohike.shop\/","https:\/\/www.instagram.com\/gohike.shop\/"]}]}},"jetpack_sharing_enabled":true,"_links":{"self":[{"href":"https:\/\/gohike.lv\/ru\/wp-json\/wp\/v2\/product\/64004","targetHints":{"allow":["GET"]}}],"collection":[{"href":"https:\/\/gohike.lv\/ru\/wp-json\/wp\/v2\/product"}],"about":[{"href":"https:\/\/gohike.lv\/ru\/wp-json\/wp\/v2\/types\/product"}],"version-history":[{"count":0,"href":"https:\/\/gohike.lv\/ru\/wp-json\/wp\/v2\/product\/64004\/revisions"}],"wp:featuredmedia":[{"embeddable":true,"href":"https:\/\/gohike.lv\/ru\/wp-json\/wp\/v2\/media\/64006"}],"wp:attachment":[{"href":"https:\/\/gohike.lv\/ru\/wp-json\/wp\/v2\/media?parent=64004"}],"wp:term":[{"taxonomy":"product_brand","embeddable":true,"href":"https:\/\/gohike.lv\/ru\/wp-json\/wp\/v2\/product_brand?post=64004"},{"taxonomy":"product_cat","embeddable":true,"href":"https:\/\/gohike.lv\/ru\/wp-json\/wp\/v2\/product_cat?post=64004"},{"taxonomy":"product_tag","embeddable":true,"href":"https:\/\/gohike.lv\/ru\/wp-json\/wp\/v2\/product_tag?post=64004"}],"curies":[{"name":"wp","href":"https:\/\/api.w.org\/{rel}","templated":true}]}}