{"id":64000,"date":"2024-12-19T10:33:24","date_gmt":"2024-12-19T07:33:24","guid":{"rendered":"https:\/\/gohike.lv\/produkts\/highlander-celojumu-soma-storm-kitbag-120l\/"},"modified":"2025-12-30T17:24:27","modified_gmt":"2025-12-30T14:24:27","slug":"highlander-celojumu-soma-storm-kitbag-120l","status":"publish","type":"product","link":"https:\/\/gohike.lv\/ru\/produkts\/highlander-celojumu-soma-storm-kitbag-120l\/","title":{"rendered":"Highlander &#8212; Ce\u013cojumu soma Storm Kitbag Duffle, 120L"},"content":{"rendered":"<p>Pla\u0161ais galvenais nodal\u012bjums ir lieliski piem\u0113rots piedz\u012bvojumu ekip\u0113juma glab\u0101\u0161anai, un r\u0101v\u0113jsl\u0113dz\u0113ji ir aizsl\u0113dzami, lai nodro\u0161in\u0101tu dro\u0161\u012bbu. S\u0101nu rokturi pal\u012bdz dro\u0161i p\u0101rvietot to, bet polster\u0113t\u0101s, mugursomai l\u012bdz\u012bg\u0101s plecu siksnas nodro\u0161ina \u0113rtu p\u0101rn\u0113s\u0101\u0161anu kust\u012bb\u0101. Storm ir ide\u0101la ce\u013cojumu soma gan piedz\u012bvojumiem dab\u0101, gan pils\u0113tas izp\u0113tei.<br \/>\nIZTUR\u012aBA \u2013 laikapst\u0101k\u013cu iztur\u012bgais brezentveida materi\u0101ls un siksnu rokturi padara Storm par \u0101rk\u0101rt\u012bgi iztur\u012bgu somu, kas aizsarg\u0101 mantas un saglab\u0101 t\u0101s sausas.<br \/>\n\u0112RTA P\u0100RVIETO\u0160ANA \u2013 polster\u0113tas, no\u0146emamas plecu siksnas, siksnu rokturi un \u010detri \u0101r\u0113jie satv\u0113riena rokturi nodro\u0161ina vieglu somas p\u0101rvieto\u0161anu un iekrau\u0161anu\/izkrau\u0161anu no transporta.<br \/>\nPIETIEKAMI VIETAS (GANDR\u012aZ) VISAM \u2013 Storm pied\u0101v\u0101 pla\u0161u galveno nodal\u012bjumu ar aizsl\u0113dzamu r\u0101v\u0113jsl\u0113dz\u0113ju, divus sietveida nodal\u012bjumus, vienu s\u0101nu r\u0101v\u0113jsl\u0113dz\u0113ja kabatu un vair\u0101kus piestiprin\u0101\u0161anas punktus \u0101rpus\u0113.<br \/>\n\u0112RTA PIEK\u013bUVE \u2013 liels D veida r\u0101v\u0113jsl\u0113dz\u0113js \u013cauj viegli piek\u013c\u016bt galvenajam nodal\u012bjumam.<br \/>\n\u012apa\u0161\u012bbas:<br \/>\n\u2022 Viegla piek\u013cuve galvenajam nodal\u012bjumam ar blo\u0137\u0113jamiem r\u0101v\u0113jsl\u0113dz\u0113jiem;<br \/>\n\u2022 Iztur\u012bga un notur\u012bga auduma konstrukcija;<br \/>\n\u2022 M\u012bkstin\u0101tas un regul\u0113jamas plecu siksnas, kuras var no\u0146emt, ja t\u0101s nav nepiecie\u0161amas;<br \/>\n\u2022 4 s\u0101nu rokturi;<br \/>\n\u2022 Iek\u0161\u0113j\u0101 sietveida dro\u0161\u012bbas kabata;<br \/>\n\u2022 ID noz\u012bm\u012btes panelis;<br \/>\n\u2022 \u016adensiztur\u012bgs augstas iztur\u012bbas tarpulin audums.<br \/>\nSpecifik\u0101cija:<br \/>\n\u2022 Tilpums: 120L;<br \/>\n\u2022 Svars: 2,1 kg;<br \/>\n\u2022 Izm\u0113ri: 100 x 45 x 37 (garums x platums x augstums);<br \/>\n\u2022 Materi\u0101ls: augstas iztur\u012bbas 600D PVC tarpulin audums un Duraflex aksesu\u0101ri.<\/p>\n","protected":false},"excerpt":{"rendered":"<p>Storm Duffle ir ietilp\u012bga, \u013coti praktiska un neticami iztur\u012bga ce\u013cojumu soma. \u0160\u012b soma iztur\u0113s jebk\u0101du raupju lieto\u0161anu, pateicoties iztur\u012bgajam, \u016bdensiztur\u012bgajam PVC \u0101r\u0113jam materi\u0101lam un iztur\u012bgaj\u0101m siksnu lent\u0113m.<\/p>\n","protected":false},"featured_media":64002,"template":"","meta":[],"product_brand":[9652],"product_cat":[1463],"product_tag":[],"class_list":{"0":"post-64000","1":"product","2":"type-product","3":"status-publish","4":"has-post-thumbnail","6":"product_brand-highlander","7":"product_cat-somas-un-maki","8":"pa_izmerscm-10243","9":"pa_materiali-augstas-izturibas-600d-pvc-tarpulin-audums-un-duraflex","10":"pa_produkta-tips-somas-celosanai","12":"first","13":"instock","14":"taxable","15":"shipping-taxable","16":"purchasable","17":"product-type-simple"},"raw_content":{"name":"Highlander - Ce\u013cojumu soma Storm Kitbag Duffle, 120L","description":"Pla\u0161ais galvenais nodal\u012bjums ir lieliski piem\u0113rots piedz\u012bvojumu ekip\u0113juma glab\u0101\u0161anai, un r\u0101v\u0113jsl\u0113dz\u0113ji ir aizsl\u0113dzami, lai nodro\u0161in\u0101tu dro\u0161\u012bbu. S\u0101nu rokturi pal\u012bdz dro\u0161i p\u0101rvietot to, bet polster\u0113t\u0101s, mugursomai l\u012bdz\u012bg\u0101s plecu siksnas nodro\u0161ina \u0113rtu p\u0101rn\u0113s\u0101\u0161anu kust\u012bb\u0101. Storm ir ide\u0101la ce\u013cojumu soma gan piedz\u012bvojumiem dab\u0101, gan pils\u0113tas izp\u0113tei.\nIZTUR\u012aBA \u2013 laikapst\u0101k\u013cu iztur\u012bgais brezentveida materi\u0101ls un siksnu rokturi padara Storm par \u0101rk\u0101rt\u012bgi iztur\u012bgu somu, kas aizsarg\u0101 mantas un saglab\u0101 t\u0101s sausas.\n\u0112RTA P\u0100RVIETO\u0160ANA \u2013 polster\u0113tas, no\u0146emamas plecu siksnas, siksnu rokturi un \u010detri \u0101r\u0113jie satv\u0113riena rokturi nodro\u0161ina vieglu somas p\u0101rvieto\u0161anu un iekrau\u0161anu\/izkrau\u0161anu no transporta.\nPIETIEKAMI VIETAS (GANDR\u012aZ) VISAM \u2013 Storm pied\u0101v\u0101 pla\u0161u galveno nodal\u012bjumu ar aizsl\u0113dzamu r\u0101v\u0113jsl\u0113dz\u0113ju, divus sietveida nodal\u012bjumus, vienu s\u0101nu r\u0101v\u0113jsl\u0113dz\u0113ja kabatu un vair\u0101kus piestiprin\u0101\u0161anas punktus \u0101rpus\u0113.\n\u0112RTA PIEK\u013bUVE \u2013 liels D veida r\u0101v\u0113jsl\u0113dz\u0113js \u013cauj viegli piek\u013c\u016bt galvenajam nodal\u012bjumam.\n\u012apa\u0161\u012bbas:\n\u2022 Viegla piek\u013cuve galvenajam nodal\u012bjumam ar blo\u0137\u0113jamiem r\u0101v\u0113jsl\u0113dz\u0113jiem;\n\u2022 Iztur\u012bga un notur\u012bga auduma konstrukcija;\n\u2022 M\u012bkstin\u0101tas un regul\u0113jamas plecu siksnas, kuras var no\u0146emt, ja t\u0101s nav nepiecie\u0161amas;\n\u2022 4 s\u0101nu rokturi;\n\u2022 Iek\u0161\u0113j\u0101 sietveida dro\u0161\u012bbas kabata;\n\u2022 ID noz\u012bm\u012btes panelis;\n\u2022 \u016adensiztur\u012bgs augstas iztur\u012bbas tarpulin audums.\nSpecifik\u0101cija:\n\u2022 Tilpums: 120L;\n\u2022 Svars: 2,1 kg;\n\u2022 Izm\u0113ri: 100 x 45 x 37 (garums x platums x augstums);\n\u2022 Materi\u0101ls: augstas iztur\u012bbas 600D PVC tarpulin audums un Duraflex aksesu\u0101ri.","short_description":"Storm Duffle ir ietilp\u012bga, \u013coti praktiska un neticami iztur\u012bga ce\u013cojumu soma. \u0160\u012b soma iztur\u0113s jebk\u0101du raupju lieto\u0161anu, pateicoties iztur\u012bgajam, \u016bdensiztur\u012bgajam PVC \u0101r\u0113jam materi\u0101lam un iztur\u012bgaj\u0101m siksnu lent\u0113m.","status":"publish","sku":"5034358866198","original":64000},"wpml":{"translation_type":1,"has_translations":true,"original":64000,"duplicates":[],"translations":{"lv":64000,"en":66984,"ru":null}},"supplier_id":null,"supplier_sku":"","barcode":null,"atum_controlled":true,"out_stock_date":null,"out_stock_threshold":null,"inheritable":false,"inbound_stock":0,"stock_on_hold":0,"sold_today":0,"sales_last_days":0,"reserved_stock":0,"customer_returns":0,"warehouse_damage":0,"lost_in_post":0,"other_logs":0,"out_stock_days":0,"lost_sales":0,"has_location":false,"update_date":"2025-12-30T14:30:30","atum_locations":[],"atum_stock_status":"instock","restock_status":false,"low_stock_amount":"","sales_update_date":"2025-11-13T14:07:59","calc_backorders":null,"yoast_head":"<!-- This site is optimized with the Yoast SEO plugin v27.3 - https:\/\/yoast.com\/product\/yoast-seo-wordpress\/ -->\n<title>Highlander - Ce\u013cojumu soma Storm Kitbag 120L<\/title>\n<meta name=\"description\" content=\"Storm Duffle ir ietilp\u012bga, \u013coti praktiska un neticami iztur\u012bga ce\u013cojumu soma. \u0160\u012b soma iztur\u0113s jebk\u0101du raupju lieto\u0161anu, pateicoties iztur\u012bgajam, \u016bdensiztur\u012bgajam PVC \u0101r\u0113jam materi\u0101lam un iztur\u012bgaj\u0101m siksnu lent\u0113m.\" \/>\n<meta name=\"robots\" content=\"index, follow, max-snippet:-1, max-image-preview:large, max-video-preview:-1\" \/>\n<link rel=\"canonical\" href=\"https:\/\/gohike.lv\/ru\/produkts\/highlander-celojumu-soma-storm-kitbag-120l\/\" \/>\n<meta property=\"og:locale\" content=\"ru_RU\" \/>\n<meta property=\"og:type\" content=\"article\" \/>\n<meta property=\"og:title\" content=\"Highlander - Ce\u013cojumu soma Storm Kitbag 120L\" \/>\n<meta property=\"og:description\" content=\"Storm Duffle ir ietilp\u012bga, \u013coti praktiska un neticami iztur\u012bga ce\u013cojumu soma. \u0160\u012b soma iztur\u0113s jebk\u0101du raupju lieto\u0161anu, pateicoties iztur\u012bgajam, \u016bdensiztur\u012bgajam PVC \u0101r\u0113jam materi\u0101lam un iztur\u012bgaj\u0101m siksnu lent\u0113m.\" \/>\n<meta property=\"og:url\" content=\"https:\/\/gohike.lv\/ru\/produkts\/highlander-celojumu-soma-storm-kitbag-120l\/\" \/>\n<meta property=\"og:site_name\" content=\"GoHike\" \/>\n<meta property=\"article:publisher\" content=\"https:\/\/www.facebook.com\/gohike.shop\/\" \/>\n<meta property=\"article:modified_time\" content=\"2025-12-30T14:24:27+00:00\" \/>\n<meta property=\"og:image\" content=\"https:\/\/gohike.lv\/wp-content\/uploads\/2024\/12\/120LKitbag_.jpg\" \/>\n\t<meta property=\"og:image:width\" content=\"800\" \/>\n\t<meta property=\"og:image:height\" content=\"800\" \/>\n\t<meta property=\"og:image:type\" content=\"image\/png\" \/>\n<meta name=\"twitter:card\" content=\"summary_large_image\" \/>\n<meta name=\"twitter:title\" content=\"Highlander - Ce\u013cojumu soma Storm Kitbag 120L\" \/>\n<meta name=\"twitter:label1\" content=\"\u041f\u0440\u0438\u043c\u0435\u0440\u043d\u043e\u0435 \u0432\u0440\u0435\u043c\u044f \u0434\u043b\u044f \u0447\u0442\u0435\u043d\u0438\u044f\" \/>\n\t<meta name=\"twitter:data1\" content=\"2 \u043c\u0438\u043d\u0443\u0442\u0430\" \/>\n<script type=\"application\/ld+json\" class=\"yoast-schema-graph\">{\"@context\":\"https:\\\/\\\/schema.org\",\"@graph\":[{\"@type\":[\"WebPage\",\"ItemPage\"],\"@id\":\"https:\\\/\\\/gohike.lv\\\/ru\\\/produkts\\\/highlander-celojumu-soma-storm-kitbag-120l\\\/\",\"url\":\"https:\\\/\\\/gohike.lv\\\/ru\\\/produkts\\\/highlander-celojumu-soma-storm-kitbag-120l\\\/\",\"name\":\"Highlander - Ce\u013cojumu soma Storm Kitbag 120L\",\"isPartOf\":{\"@id\":\"https:\\\/\\\/gohike.lv\\\/ru\\\/#website\"},\"primaryImageOfPage\":{\"@id\":\"https:\\\/\\\/gohike.lv\\\/ru\\\/produkts\\\/highlander-celojumu-soma-storm-kitbag-120l\\\/#primaryimage\"},\"image\":{\"@id\":\"https:\\\/\\\/gohike.lv\\\/ru\\\/produkts\\\/highlander-celojumu-soma-storm-kitbag-120l\\\/#primaryimage\"},\"thumbnailUrl\":\"https:\\\/\\\/gohike.lv\\\/wp-content\\\/uploads\\\/2024\\\/12\\\/120LKitbag_.jpg\",\"datePublished\":\"2024-12-19T07:33:24+00:00\",\"dateModified\":\"2025-12-30T14:24:27+00:00\",\"description\":\"Storm Duffle ir ietilp\u012bga, \u013coti praktiska un neticami iztur\u012bga ce\u013cojumu soma. \u0160\u012b soma iztur\u0113s jebk\u0101du raupju lieto\u0161anu, pateicoties iztur\u012bgajam, \u016bdensiztur\u012bgajam PVC \u0101r\u0113jam materi\u0101lam un iztur\u012bgaj\u0101m siksnu lent\u0113m.\",\"breadcrumb\":{\"@id\":\"https:\\\/\\\/gohike.lv\\\/ru\\\/produkts\\\/highlander-celojumu-soma-storm-kitbag-120l\\\/#breadcrumb\"},\"inLanguage\":\"ru-RU\",\"potentialAction\":[{\"@type\":\"ReadAction\",\"target\":[\"https:\\\/\\\/gohike.lv\\\/ru\\\/produkts\\\/highlander-celojumu-soma-storm-kitbag-120l\\\/\"]}]},{\"@type\":\"ImageObject\",\"inLanguage\":\"ru-RU\",\"@id\":\"https:\\\/\\\/gohike.lv\\\/ru\\\/produkts\\\/highlander-celojumu-soma-storm-kitbag-120l\\\/#primaryimage\",\"url\":\"https:\\\/\\\/gohike.lv\\\/wp-content\\\/uploads\\\/2024\\\/12\\\/120LKitbag_.jpg\",\"contentUrl\":\"https:\\\/\\\/gohike.lv\\\/wp-content\\\/uploads\\\/2024\\\/12\\\/120LKitbag_.jpg\",\"width\":800,\"height\":800},{\"@type\":\"BreadcrumbList\",\"@id\":\"https:\\\/\\\/gohike.lv\\\/ru\\\/produkts\\\/highlander-celojumu-soma-storm-kitbag-120l\\\/#breadcrumb\",\"itemListElement\":[{\"@type\":\"ListItem\",\"position\":1,\"name\":\"\u0413\u043b\u0430\u0432\u043d\u0430\u044f\",\"item\":\"https:\\\/\\\/gohike.lv\\\/ru\\\/\"},{\"@type\":\"ListItem\",\"position\":2,\"name\":\"\u041a\u0430\u0442\u0435\u0433\u043e\u0440\u0438\u0438 \u0442\u043e\u0432\u0430\u0440\u043e\u0432\",\"item\":\"https:\\\/\\\/gohike.lv\\\/%d0%ba%d0%b0%d1%82%d0%b5%d0%b3%d0%be%d1%80%d0%b8%d0%b8-%d1%82%d0%be%d0%b2%d0%b0%d1%80%d0%be%d0%b2\\\/\"},{\"@type\":\"ListItem\",\"position\":3,\"name\":\"Highlander &#8211; Ce\u013cojumu soma Storm Kitbag Duffle, 120L\"}]},{\"@type\":\"WebSite\",\"@id\":\"https:\\\/\\\/gohike.lv\\\/ru\\\/#website\",\"url\":\"https:\\\/\\\/gohike.lv\\\/ru\\\/\",\"name\":\"GoHike\",\"description\":\"\",\"publisher\":{\"@id\":\"https:\\\/\\\/gohike.lv\\\/ru\\\/#organization\"},\"potentialAction\":[{\"@type\":\"SearchAction\",\"target\":{\"@type\":\"EntryPoint\",\"urlTemplate\":\"https:\\\/\\\/gohike.lv\\\/ru\\\/?s={search_term_string}\"},\"query-input\":{\"@type\":\"PropertyValueSpecification\",\"valueRequired\":true,\"valueName\":\"search_term_string\"}}],\"inLanguage\":\"ru-RU\"},{\"@type\":\"Organization\",\"@id\":\"https:\\\/\\\/gohike.lv\\\/ru\\\/#organization\",\"name\":\"GoHike\",\"url\":\"https:\\\/\\\/gohike.lv\\\/ru\\\/\",\"logo\":{\"@type\":\"ImageObject\",\"inLanguage\":\"ru-RU\",\"@id\":\"https:\\\/\\\/gohike.lv\\\/ru\\\/#\\\/schema\\\/logo\\\/image\\\/\",\"url\":\"https:\\\/\\\/gohike.lv\\\/wp-content\\\/uploads\\\/2023\\\/08\\\/Logo_GoHike.webp\",\"contentUrl\":\"https:\\\/\\\/gohike.lv\\\/wp-content\\\/uploads\\\/2023\\\/08\\\/Logo_GoHike.webp\",\"width\":512,\"height\":512,\"caption\":\"GoHike\"},\"image\":{\"@id\":\"https:\\\/\\\/gohike.lv\\\/ru\\\/#\\\/schema\\\/logo\\\/image\\\/\"},\"sameAs\":[\"https:\\\/\\\/www.facebook.com\\\/gohike.shop\\\/\",\"https:\\\/\\\/www.instagram.com\\\/gohike.shop\\\/\"]}]}<\/script>\n<!-- \/ Yoast SEO plugin. -->","yoast_head_json":{"title":"Highlander - Ce\u013cojumu soma Storm Kitbag 120L","description":"Storm Duffle ir ietilp\u012bga, \u013coti praktiska un neticami iztur\u012bga ce\u013cojumu soma. \u0160\u012b soma iztur\u0113s jebk\u0101du raupju lieto\u0161anu, pateicoties iztur\u012bgajam, \u016bdensiztur\u012bgajam PVC \u0101r\u0113jam materi\u0101lam un iztur\u012bgaj\u0101m siksnu lent\u0113m.","robots":{"index":"index","follow":"follow","max-snippet":"max-snippet:-1","max-image-preview":"max-image-preview:large","max-video-preview":"max-video-preview:-1"},"canonical":"https:\/\/gohike.lv\/ru\/produkts\/highlander-celojumu-soma-storm-kitbag-120l\/","og_locale":"ru_RU","og_type":"article","og_title":"Highlander - Ce\u013cojumu soma Storm Kitbag 120L","og_description":"Storm Duffle ir ietilp\u012bga, \u013coti praktiska un neticami iztur\u012bga ce\u013cojumu soma. \u0160\u012b soma iztur\u0113s jebk\u0101du raupju lieto\u0161anu, pateicoties iztur\u012bgajam, \u016bdensiztur\u012bgajam PVC \u0101r\u0113jam materi\u0101lam un iztur\u012bgaj\u0101m siksnu lent\u0113m.","og_url":"https:\/\/gohike.lv\/ru\/produkts\/highlander-celojumu-soma-storm-kitbag-120l\/","og_site_name":"GoHike","article_publisher":"https:\/\/www.facebook.com\/gohike.shop\/","article_modified_time":"2025-12-30T14:24:27+00:00","og_image":[{"width":800,"height":800,"url":"https:\/\/gohike.lv\/wp-content\/uploads\/2024\/12\/120LKitbag_.jpg","type":"image\/png"}],"twitter_card":"summary_large_image","twitter_title":"Highlander - Ce\u013cojumu soma Storm Kitbag 120L","twitter_misc":{"\u041f\u0440\u0438\u043c\u0435\u0440\u043d\u043e\u0435 \u0432\u0440\u0435\u043c\u044f \u0434\u043b\u044f \u0447\u0442\u0435\u043d\u0438\u044f":"2 \u043c\u0438\u043d\u0443\u0442\u0430"},"schema":{"@context":"https:\/\/schema.org","@graph":[{"@type":["WebPage","ItemPage"],"@id":"https:\/\/gohike.lv\/ru\/produkts\/highlander-celojumu-soma-storm-kitbag-120l\/","url":"https:\/\/gohike.lv\/ru\/produkts\/highlander-celojumu-soma-storm-kitbag-120l\/","name":"Highlander - Ce\u013cojumu soma Storm Kitbag 120L","isPartOf":{"@id":"https:\/\/gohike.lv\/ru\/#website"},"primaryImageOfPage":{"@id":"https:\/\/gohike.lv\/ru\/produkts\/highlander-celojumu-soma-storm-kitbag-120l\/#primaryimage"},"image":{"@id":"https:\/\/gohike.lv\/ru\/produkts\/highlander-celojumu-soma-storm-kitbag-120l\/#primaryimage"},"thumbnailUrl":"https:\/\/gohike.lv\/wp-content\/uploads\/2024\/12\/120LKitbag_.jpg","datePublished":"2024-12-19T07:33:24+00:00","dateModified":"2025-12-30T14:24:27+00:00","description":"Storm Duffle ir ietilp\u012bga, \u013coti praktiska un neticami iztur\u012bga ce\u013cojumu soma. \u0160\u012b soma iztur\u0113s jebk\u0101du raupju lieto\u0161anu, pateicoties iztur\u012bgajam, \u016bdensiztur\u012bgajam PVC \u0101r\u0113jam materi\u0101lam un iztur\u012bgaj\u0101m siksnu lent\u0113m.","breadcrumb":{"@id":"https:\/\/gohike.lv\/ru\/produkts\/highlander-celojumu-soma-storm-kitbag-120l\/#breadcrumb"},"inLanguage":"ru-RU","potentialAction":[{"@type":"ReadAction","target":["https:\/\/gohike.lv\/ru\/produkts\/highlander-celojumu-soma-storm-kitbag-120l\/"]}]},{"@type":"ImageObject","inLanguage":"ru-RU","@id":"https:\/\/gohike.lv\/ru\/produkts\/highlander-celojumu-soma-storm-kitbag-120l\/#primaryimage","url":"https:\/\/gohike.lv\/wp-content\/uploads\/2024\/12\/120LKitbag_.jpg","contentUrl":"https:\/\/gohike.lv\/wp-content\/uploads\/2024\/12\/120LKitbag_.jpg","width":800,"height":800},{"@type":"BreadcrumbList","@id":"https:\/\/gohike.lv\/ru\/produkts\/highlander-celojumu-soma-storm-kitbag-120l\/#breadcrumb","itemListElement":[{"@type":"ListItem","position":1,"name":"\u0413\u043b\u0430\u0432\u043d\u0430\u044f","item":"https:\/\/gohike.lv\/ru\/"},{"@type":"ListItem","position":2,"name":"\u041a\u0430\u0442\u0435\u0433\u043e\u0440\u0438\u0438 \u0442\u043e\u0432\u0430\u0440\u043e\u0432","item":"https:\/\/gohike.lv\/%d0%ba%d0%b0%d1%82%d0%b5%d0%b3%d0%be%d1%80%d0%b8%d0%b8-%d1%82%d0%be%d0%b2%d0%b0%d1%80%d0%be%d0%b2\/"},{"@type":"ListItem","position":3,"name":"Highlander &#8211; Ce\u013cojumu soma Storm Kitbag Duffle, 120L"}]},{"@type":"WebSite","@id":"https:\/\/gohike.lv\/ru\/#website","url":"https:\/\/gohike.lv\/ru\/","name":"GoHike","description":"","publisher":{"@id":"https:\/\/gohike.lv\/ru\/#organization"},"potentialAction":[{"@type":"SearchAction","target":{"@type":"EntryPoint","urlTemplate":"https:\/\/gohike.lv\/ru\/?s={search_term_string}"},"query-input":{"@type":"PropertyValueSpecification","valueRequired":true,"valueName":"search_term_string"}}],"inLanguage":"ru-RU"},{"@type":"Organization","@id":"https:\/\/gohike.lv\/ru\/#organization","name":"GoHike","url":"https:\/\/gohike.lv\/ru\/","logo":{"@type":"ImageObject","inLanguage":"ru-RU","@id":"https:\/\/gohike.lv\/ru\/#\/schema\/logo\/image\/","url":"https:\/\/gohike.lv\/wp-content\/uploads\/2023\/08\/Logo_GoHike.webp","contentUrl":"https:\/\/gohike.lv\/wp-content\/uploads\/2023\/08\/Logo_GoHike.webp","width":512,"height":512,"caption":"GoHike"},"image":{"@id":"https:\/\/gohike.lv\/ru\/#\/schema\/logo\/image\/"},"sameAs":["https:\/\/www.facebook.com\/gohike.shop\/","https:\/\/www.instagram.com\/gohike.shop\/"]}]}},"jetpack_sharing_enabled":true,"_links":{"self":[{"href":"https:\/\/gohike.lv\/ru\/wp-json\/wp\/v2\/product\/64000","targetHints":{"allow":["GET"]}}],"collection":[{"href":"https:\/\/gohike.lv\/ru\/wp-json\/wp\/v2\/product"}],"about":[{"href":"https:\/\/gohike.lv\/ru\/wp-json\/wp\/v2\/types\/product"}],"version-history":[{"count":0,"href":"https:\/\/gohike.lv\/ru\/wp-json\/wp\/v2\/product\/64000\/revisions"}],"wp:featuredmedia":[{"embeddable":true,"href":"https:\/\/gohike.lv\/ru\/wp-json\/wp\/v2\/media\/64002"}],"wp:attachment":[{"href":"https:\/\/gohike.lv\/ru\/wp-json\/wp\/v2\/media?parent=64000"}],"wp:term":[{"taxonomy":"product_brand","embeddable":true,"href":"https:\/\/gohike.lv\/ru\/wp-json\/wp\/v2\/product_brand?post=64000"},{"taxonomy":"product_cat","embeddable":true,"href":"https:\/\/gohike.lv\/ru\/wp-json\/wp\/v2\/product_cat?post=64000"},{"taxonomy":"product_tag","embeddable":true,"href":"https:\/\/gohike.lv\/ru\/wp-json\/wp\/v2\/product_tag?post=64000"}],"curies":[{"name":"wp","href":"https:\/\/api.w.org\/{rel}","templated":true}]}}