{"id":63978,"date":"2024-12-19T10:33:24","date_gmt":"2024-12-19T07:33:24","guid":{"rendered":"https:\/\/gohike.lv\/produkts\/lifeventure-hydrofibre-atri-zustoss-dvielis\/"},"modified":"2025-12-30T17:09:54","modified_gmt":"2025-12-30T14:09:54","slug":"lifeventure-hydrofibre-atri-zustoss-dvielis","status":"publish","type":"product","link":"https:\/\/gohike.lv\/ru\/produkts\/lifeventure-hydrofibre-atri-zustoss-dvielis\/","title":{"rendered":"Lifeventure &#8212; Hydrofibre \u0101tri \u017e\u016bsto\u0161s dvielis"},"content":{"rendered":"<p>Dvielim ir sp\u0113ja uzs\u016bkt 5 reizes vair\u0101k \u016bdens nek\u0101 t\u0101 pa\u0161svars un tas iz\u017e\u016bst 15 reizes \u0101tr\u0101k nek\u0101 parastais dvielis. Komplekt\u0101 ir iek\u013cauta kompakta p\u0101rvad\u0101\u0161anas somi\u0146a. Dvielis ir apstr\u0101d\u0101ts ar Polygiene tehnolo\u0123iju, kas nodro\u0161ina past\u0101v\u012bgu smaku kontroli, saglab\u0101jot svaigu saj\u016btu un pat\u012bkamu smar\u017eu.<br \/>\n\u012apa\u0161\u012bbas:<br \/>\n\u2022 HydroFibre \u2013 ultraviegls un m\u012bksts audums;<br \/>\n\u2022 Polygiene\u00ae apstr\u0101d\u0101ts \u2013 past\u0101v\u012bga smakas kontrole;<br \/>\n\u2022 \u0100tri \u017e\u016bsto\u0161s \u2013 \u017e\u016bst 15 reizes \u0101tr\u0101k nek\u0101 parasts dvielis;<br \/>\n\u2022 Smil\u0161u necaurlaid\u012bgs \u2013 smiltis nepiel\u012bp un viegli nokr\u012bt;<br \/>\n\u2022 Viegls \u2013 padara to ide\u0101lu ce\u013cojumiem;<br \/>\n\u2022 \u013boti absorb\u0113jo\u0161s \u2013 uzs\u016bc 5 reizes vair\u0101k \u016bdens nek\u0101 t\u0101 pa\u0161svars;<br \/>\n\u2022 Kompakts \u2013 aiz\u0146em maz vietu.;<br \/>\n\u2022 Ietver vieglu ripstop p\u0101rvad\u0101\u0161anas somu.<\/p>\n","protected":false},"excerpt":{"rendered":"<p>Viegls, kompakts un \u0101tri \u017e\u016bsto\u0161s dvielis. Tas \u017e\u016bst \u0101tr\u0101k nek\u0101 jebkur\u0161 cits dvielis, padarot to ide\u0101li piem\u0113rotu piedz\u012bvojumu mekl\u0113t\u0101jiem.<\/p>\n","protected":false},"featured_media":63980,"template":"","meta":[],"product_brand":[1308],"product_cat":[1380],"product_tag":[],"class_list":{"0":"post-63978","1":"product","2":"type-product","3":"status-publish","4":"has-post-thumbnail","6":"product_brand-lifeventure-lv","7":"product_cat-higiena","8":"pa_izmerscm-10239","9":"pa_produkta-tips-dvieli","11":"first","12":"instock","13":"taxable","14":"shipping-taxable","15":"purchasable","16":"product-type-simple"},"raw_content":{"name":"Lifeventure - Hydrofibre \u0101tri \u017e\u016bsto\u0161s dvielis","description":"Dvielim ir sp\u0113ja uzs\u016bkt 5 reizes vair\u0101k \u016bdens nek\u0101 t\u0101 pa\u0161svars un tas iz\u017e\u016bst 15 reizes \u0101tr\u0101k nek\u0101 parastais dvielis. Komplekt\u0101 ir iek\u013cauta kompakta p\u0101rvad\u0101\u0161anas somi\u0146a. Dvielis ir apstr\u0101d\u0101ts ar Polygiene tehnolo\u0123iju, kas nodro\u0161ina past\u0101v\u012bgu smaku kontroli, saglab\u0101jot svaigu saj\u016btu un pat\u012bkamu smar\u017eu.\n\u012apa\u0161\u012bbas:\n\u2022 HydroFibre \u2013 ultraviegls un m\u012bksts audums;\n\u2022 Polygiene\u00ae apstr\u0101d\u0101ts \u2013 past\u0101v\u012bga smakas kontrole;\n\u2022 \u0100tri \u017e\u016bsto\u0161s \u2013 \u017e\u016bst 15 reizes \u0101tr\u0101k nek\u0101 parasts dvielis;\n\u2022 Smil\u0161u necaurlaid\u012bgs \u2013 smiltis nepiel\u012bp un viegli nokr\u012bt;\n\u2022 Viegls \u2013 padara to ide\u0101lu ce\u013cojumiem;\n\u2022 \u013boti absorb\u0113jo\u0161s \u2013 uzs\u016bc 5 reizes vair\u0101k \u016bdens nek\u0101 t\u0101 pa\u0161svars;\n\u2022 Kompakts \u2013 aiz\u0146em maz vietu.;\n\u2022 Ietver vieglu ripstop p\u0101rvad\u0101\u0161anas somu.","short_description":"Viegls, kompakts un \u0101tri \u017e\u016bsto\u0161s dvielis. Tas \u017e\u016bst \u0101tr\u0101k nek\u0101 jebkur\u0161 cits dvielis, padarot to ide\u0101li piem\u0113rotu piedz\u012bvojumu mekl\u0113t\u0101jiem.","status":"publish","sku":"5031863631358","original":63978},"wpml":{"translation_type":1,"has_translations":true,"original":63978,"duplicates":[],"translations":{"lv":63978,"en":66962,"ru":null}},"supplier_id":null,"supplier_sku":"","barcode":null,"atum_controlled":true,"out_stock_date":null,"out_stock_threshold":null,"inheritable":false,"inbound_stock":0,"stock_on_hold":0,"sold_today":0,"sales_last_days":0,"reserved_stock":0,"customer_returns":0,"warehouse_damage":0,"lost_in_post":0,"other_logs":0,"out_stock_days":0,"lost_sales":0,"has_location":false,"update_date":"2025-12-30T14:13:26","atum_locations":[],"atum_stock_status":"instock","restock_status":false,"low_stock_amount":"","sales_update_date":"2025-11-13T14:08:17","calc_backorders":null,"yoast_head":"<!-- This site is optimized with the Yoast SEO plugin v27.3 - https:\/\/yoast.com\/product\/yoast-seo-wordpress\/ -->\n<title>Lifeventure - Hydrofibre \u0101tri \u017e\u016bsto\u0161s dvielis<\/title>\n<meta name=\"description\" content=\"Viegls, kompakts un \u0101tri \u017e\u016bsto\u0161s dvielis. Tas \u017e\u016bst \u0101tr\u0101k nek\u0101 jebkur\u0161 cits dvielis, padarot to ide\u0101li piem\u0113rotu piedz\u012bvojumu mekl\u0113t\u0101jiem.\" \/>\n<meta name=\"robots\" content=\"index, follow, max-snippet:-1, max-image-preview:large, max-video-preview:-1\" \/>\n<link rel=\"canonical\" href=\"https:\/\/gohike.lv\/ru\/produkts\/lifeventure-hydrofibre-atri-zustoss-dvielis\/\" \/>\n<meta property=\"og:locale\" content=\"ru_RU\" \/>\n<meta property=\"og:type\" content=\"article\" \/>\n<meta property=\"og:title\" content=\"Lifeventure - Hydrofibre \u0101tri \u017e\u016bsto\u0161s dvielis\" \/>\n<meta property=\"og:description\" content=\"Viegls, kompakts un \u0101tri \u017e\u016bsto\u0161s dvielis. Tas \u017e\u016bst \u0101tr\u0101k nek\u0101 jebkur\u0161 cits dvielis, padarot to ide\u0101li piem\u0113rotu piedz\u012bvojumu mekl\u0113t\u0101jiem.\" \/>\n<meta property=\"og:url\" content=\"https:\/\/gohike.lv\/ru\/produkts\/lifeventure-hydrofibre-atri-zustoss-dvielis\/\" \/>\n<meta property=\"og:site_name\" content=\"GoHike\" \/>\n<meta property=\"article:publisher\" content=\"https:\/\/www.facebook.com\/gohike.shop\/\" \/>\n<meta property=\"article:modified_time\" content=\"2025-12-30T14:09:54+00:00\" \/>\n<meta property=\"og:image\" content=\"https:\/\/gohike.lv\/wp-content\/uploads\/2024\/12\/HydrofibreL_.webp\" \/>\n\t<meta property=\"og:image:width\" content=\"900\" \/>\n\t<meta property=\"og:image:height\" content=\"900\" \/>\n\t<meta property=\"og:image:type\" content=\"image\/webp\" \/>\n<meta name=\"twitter:card\" content=\"summary_large_image\" \/>\n<meta name=\"twitter:title\" content=\"Lifeventure - Hydrofibre \u0101tri \u017e\u016bsto\u0161s dvielis\" \/>\n<meta name=\"twitter:label1\" content=\"\u041f\u0440\u0438\u043c\u0435\u0440\u043d\u043e\u0435 \u0432\u0440\u0435\u043c\u044f \u0434\u043b\u044f \u0447\u0442\u0435\u043d\u0438\u044f\" \/>\n\t<meta name=\"twitter:data1\" content=\"1 \u043c\u0438\u043d\u0443\u0442\u0430\" \/>\n<script type=\"application\/ld+json\" class=\"yoast-schema-graph\">{\"@context\":\"https:\\\/\\\/schema.org\",\"@graph\":[{\"@type\":[\"WebPage\",\"ItemPage\"],\"@id\":\"https:\\\/\\\/gohike.lv\\\/ru\\\/produkts\\\/lifeventure-hydrofibre-atri-zustoss-dvielis\\\/\",\"url\":\"https:\\\/\\\/gohike.lv\\\/ru\\\/produkts\\\/lifeventure-hydrofibre-atri-zustoss-dvielis\\\/\",\"name\":\"Lifeventure - Hydrofibre \u0101tri \u017e\u016bsto\u0161s dvielis\",\"isPartOf\":{\"@id\":\"https:\\\/\\\/gohike.lv\\\/ru\\\/#website\"},\"primaryImageOfPage\":{\"@id\":\"https:\\\/\\\/gohike.lv\\\/ru\\\/produkts\\\/lifeventure-hydrofibre-atri-zustoss-dvielis\\\/#primaryimage\"},\"image\":{\"@id\":\"https:\\\/\\\/gohike.lv\\\/ru\\\/produkts\\\/lifeventure-hydrofibre-atri-zustoss-dvielis\\\/#primaryimage\"},\"thumbnailUrl\":\"https:\\\/\\\/gohike.lv\\\/wp-content\\\/uploads\\\/2024\\\/12\\\/HydrofibreL_.webp\",\"datePublished\":\"2024-12-19T07:33:24+00:00\",\"dateModified\":\"2025-12-30T14:09:54+00:00\",\"description\":\"Viegls, kompakts un \u0101tri \u017e\u016bsto\u0161s dvielis. Tas \u017e\u016bst \u0101tr\u0101k nek\u0101 jebkur\u0161 cits dvielis, padarot to ide\u0101li piem\u0113rotu piedz\u012bvojumu mekl\u0113t\u0101jiem.\",\"breadcrumb\":{\"@id\":\"https:\\\/\\\/gohike.lv\\\/ru\\\/produkts\\\/lifeventure-hydrofibre-atri-zustoss-dvielis\\\/#breadcrumb\"},\"inLanguage\":\"ru-RU\",\"potentialAction\":[{\"@type\":\"ReadAction\",\"target\":[\"https:\\\/\\\/gohike.lv\\\/ru\\\/produkts\\\/lifeventure-hydrofibre-atri-zustoss-dvielis\\\/\"]}]},{\"@type\":\"ImageObject\",\"inLanguage\":\"ru-RU\",\"@id\":\"https:\\\/\\\/gohike.lv\\\/ru\\\/produkts\\\/lifeventure-hydrofibre-atri-zustoss-dvielis\\\/#primaryimage\",\"url\":\"https:\\\/\\\/gohike.lv\\\/wp-content\\\/uploads\\\/2024\\\/12\\\/HydrofibreL_.webp\",\"contentUrl\":\"https:\\\/\\\/gohike.lv\\\/wp-content\\\/uploads\\\/2024\\\/12\\\/HydrofibreL_.webp\",\"width\":900,\"height\":900},{\"@type\":\"BreadcrumbList\",\"@id\":\"https:\\\/\\\/gohike.lv\\\/ru\\\/produkts\\\/lifeventure-hydrofibre-atri-zustoss-dvielis\\\/#breadcrumb\",\"itemListElement\":[{\"@type\":\"ListItem\",\"position\":1,\"name\":\"\u0413\u043b\u0430\u0432\u043d\u0430\u044f\",\"item\":\"https:\\\/\\\/gohike.lv\\\/ru\\\/\"},{\"@type\":\"ListItem\",\"position\":2,\"name\":\"\u041a\u0430\u0442\u0435\u0433\u043e\u0440\u0438\u0438 \u0442\u043e\u0432\u0430\u0440\u043e\u0432\",\"item\":\"https:\\\/\\\/gohike.lv\\\/%d0%ba%d0%b0%d1%82%d0%b5%d0%b3%d0%be%d1%80%d0%b8%d0%b8-%d1%82%d0%be%d0%b2%d0%b0%d1%80%d0%be%d0%b2\\\/\"},{\"@type\":\"ListItem\",\"position\":3,\"name\":\"Lifeventure &#8211; Hydrofibre \u0101tri \u017e\u016bsto\u0161s dvielis\"}]},{\"@type\":\"WebSite\",\"@id\":\"https:\\\/\\\/gohike.lv\\\/ru\\\/#website\",\"url\":\"https:\\\/\\\/gohike.lv\\\/ru\\\/\",\"name\":\"GoHike\",\"description\":\"\",\"publisher\":{\"@id\":\"https:\\\/\\\/gohike.lv\\\/ru\\\/#organization\"},\"potentialAction\":[{\"@type\":\"SearchAction\",\"target\":{\"@type\":\"EntryPoint\",\"urlTemplate\":\"https:\\\/\\\/gohike.lv\\\/ru\\\/?s={search_term_string}\"},\"query-input\":{\"@type\":\"PropertyValueSpecification\",\"valueRequired\":true,\"valueName\":\"search_term_string\"}}],\"inLanguage\":\"ru-RU\"},{\"@type\":\"Organization\",\"@id\":\"https:\\\/\\\/gohike.lv\\\/ru\\\/#organization\",\"name\":\"GoHike\",\"url\":\"https:\\\/\\\/gohike.lv\\\/ru\\\/\",\"logo\":{\"@type\":\"ImageObject\",\"inLanguage\":\"ru-RU\",\"@id\":\"https:\\\/\\\/gohike.lv\\\/ru\\\/#\\\/schema\\\/logo\\\/image\\\/\",\"url\":\"https:\\\/\\\/gohike.lv\\\/wp-content\\\/uploads\\\/2023\\\/08\\\/Logo_GoHike.webp\",\"contentUrl\":\"https:\\\/\\\/gohike.lv\\\/wp-content\\\/uploads\\\/2023\\\/08\\\/Logo_GoHike.webp\",\"width\":512,\"height\":512,\"caption\":\"GoHike\"},\"image\":{\"@id\":\"https:\\\/\\\/gohike.lv\\\/ru\\\/#\\\/schema\\\/logo\\\/image\\\/\"},\"sameAs\":[\"https:\\\/\\\/www.facebook.com\\\/gohike.shop\\\/\",\"https:\\\/\\\/www.instagram.com\\\/gohike.shop\\\/\"]}]}<\/script>\n<!-- \/ Yoast SEO plugin. -->","yoast_head_json":{"title":"Lifeventure - Hydrofibre \u0101tri \u017e\u016bsto\u0161s dvielis","description":"Viegls, kompakts un \u0101tri \u017e\u016bsto\u0161s dvielis. Tas \u017e\u016bst \u0101tr\u0101k nek\u0101 jebkur\u0161 cits dvielis, padarot to ide\u0101li piem\u0113rotu piedz\u012bvojumu mekl\u0113t\u0101jiem.","robots":{"index":"index","follow":"follow","max-snippet":"max-snippet:-1","max-image-preview":"max-image-preview:large","max-video-preview":"max-video-preview:-1"},"canonical":"https:\/\/gohike.lv\/ru\/produkts\/lifeventure-hydrofibre-atri-zustoss-dvielis\/","og_locale":"ru_RU","og_type":"article","og_title":"Lifeventure - Hydrofibre \u0101tri \u017e\u016bsto\u0161s dvielis","og_description":"Viegls, kompakts un \u0101tri \u017e\u016bsto\u0161s dvielis. Tas \u017e\u016bst \u0101tr\u0101k nek\u0101 jebkur\u0161 cits dvielis, padarot to ide\u0101li piem\u0113rotu piedz\u012bvojumu mekl\u0113t\u0101jiem.","og_url":"https:\/\/gohike.lv\/ru\/produkts\/lifeventure-hydrofibre-atri-zustoss-dvielis\/","og_site_name":"GoHike","article_publisher":"https:\/\/www.facebook.com\/gohike.shop\/","article_modified_time":"2025-12-30T14:09:54+00:00","og_image":[{"width":900,"height":900,"url":"https:\/\/gohike.lv\/wp-content\/uploads\/2024\/12\/HydrofibreL_.webp","type":"image\/webp"}],"twitter_card":"summary_large_image","twitter_title":"Lifeventure - Hydrofibre \u0101tri \u017e\u016bsto\u0161s dvielis","twitter_misc":{"\u041f\u0440\u0438\u043c\u0435\u0440\u043d\u043e\u0435 \u0432\u0440\u0435\u043c\u044f \u0434\u043b\u044f \u0447\u0442\u0435\u043d\u0438\u044f":"1 \u043c\u0438\u043d\u0443\u0442\u0430"},"schema":{"@context":"https:\/\/schema.org","@graph":[{"@type":["WebPage","ItemPage"],"@id":"https:\/\/gohike.lv\/ru\/produkts\/lifeventure-hydrofibre-atri-zustoss-dvielis\/","url":"https:\/\/gohike.lv\/ru\/produkts\/lifeventure-hydrofibre-atri-zustoss-dvielis\/","name":"Lifeventure - Hydrofibre \u0101tri \u017e\u016bsto\u0161s dvielis","isPartOf":{"@id":"https:\/\/gohike.lv\/ru\/#website"},"primaryImageOfPage":{"@id":"https:\/\/gohike.lv\/ru\/produkts\/lifeventure-hydrofibre-atri-zustoss-dvielis\/#primaryimage"},"image":{"@id":"https:\/\/gohike.lv\/ru\/produkts\/lifeventure-hydrofibre-atri-zustoss-dvielis\/#primaryimage"},"thumbnailUrl":"https:\/\/gohike.lv\/wp-content\/uploads\/2024\/12\/HydrofibreL_.webp","datePublished":"2024-12-19T07:33:24+00:00","dateModified":"2025-12-30T14:09:54+00:00","description":"Viegls, kompakts un \u0101tri \u017e\u016bsto\u0161s dvielis. Tas \u017e\u016bst \u0101tr\u0101k nek\u0101 jebkur\u0161 cits dvielis, padarot to ide\u0101li piem\u0113rotu piedz\u012bvojumu mekl\u0113t\u0101jiem.","breadcrumb":{"@id":"https:\/\/gohike.lv\/ru\/produkts\/lifeventure-hydrofibre-atri-zustoss-dvielis\/#breadcrumb"},"inLanguage":"ru-RU","potentialAction":[{"@type":"ReadAction","target":["https:\/\/gohike.lv\/ru\/produkts\/lifeventure-hydrofibre-atri-zustoss-dvielis\/"]}]},{"@type":"ImageObject","inLanguage":"ru-RU","@id":"https:\/\/gohike.lv\/ru\/produkts\/lifeventure-hydrofibre-atri-zustoss-dvielis\/#primaryimage","url":"https:\/\/gohike.lv\/wp-content\/uploads\/2024\/12\/HydrofibreL_.webp","contentUrl":"https:\/\/gohike.lv\/wp-content\/uploads\/2024\/12\/HydrofibreL_.webp","width":900,"height":900},{"@type":"BreadcrumbList","@id":"https:\/\/gohike.lv\/ru\/produkts\/lifeventure-hydrofibre-atri-zustoss-dvielis\/#breadcrumb","itemListElement":[{"@type":"ListItem","position":1,"name":"\u0413\u043b\u0430\u0432\u043d\u0430\u044f","item":"https:\/\/gohike.lv\/ru\/"},{"@type":"ListItem","position":2,"name":"\u041a\u0430\u0442\u0435\u0433\u043e\u0440\u0438\u0438 \u0442\u043e\u0432\u0430\u0440\u043e\u0432","item":"https:\/\/gohike.lv\/%d0%ba%d0%b0%d1%82%d0%b5%d0%b3%d0%be%d1%80%d0%b8%d0%b8-%d1%82%d0%be%d0%b2%d0%b0%d1%80%d0%be%d0%b2\/"},{"@type":"ListItem","position":3,"name":"Lifeventure &#8211; Hydrofibre \u0101tri \u017e\u016bsto\u0161s dvielis"}]},{"@type":"WebSite","@id":"https:\/\/gohike.lv\/ru\/#website","url":"https:\/\/gohike.lv\/ru\/","name":"GoHike","description":"","publisher":{"@id":"https:\/\/gohike.lv\/ru\/#organization"},"potentialAction":[{"@type":"SearchAction","target":{"@type":"EntryPoint","urlTemplate":"https:\/\/gohike.lv\/ru\/?s={search_term_string}"},"query-input":{"@type":"PropertyValueSpecification","valueRequired":true,"valueName":"search_term_string"}}],"inLanguage":"ru-RU"},{"@type":"Organization","@id":"https:\/\/gohike.lv\/ru\/#organization","name":"GoHike","url":"https:\/\/gohike.lv\/ru\/","logo":{"@type":"ImageObject","inLanguage":"ru-RU","@id":"https:\/\/gohike.lv\/ru\/#\/schema\/logo\/image\/","url":"https:\/\/gohike.lv\/wp-content\/uploads\/2023\/08\/Logo_GoHike.webp","contentUrl":"https:\/\/gohike.lv\/wp-content\/uploads\/2023\/08\/Logo_GoHike.webp","width":512,"height":512,"caption":"GoHike"},"image":{"@id":"https:\/\/gohike.lv\/ru\/#\/schema\/logo\/image\/"},"sameAs":["https:\/\/www.facebook.com\/gohike.shop\/","https:\/\/www.instagram.com\/gohike.shop\/"]}]}},"jetpack_sharing_enabled":true,"_links":{"self":[{"href":"https:\/\/gohike.lv\/ru\/wp-json\/wp\/v2\/product\/63978","targetHints":{"allow":["GET"]}}],"collection":[{"href":"https:\/\/gohike.lv\/ru\/wp-json\/wp\/v2\/product"}],"about":[{"href":"https:\/\/gohike.lv\/ru\/wp-json\/wp\/v2\/types\/product"}],"version-history":[{"count":0,"href":"https:\/\/gohike.lv\/ru\/wp-json\/wp\/v2\/product\/63978\/revisions"}],"wp:featuredmedia":[{"embeddable":true,"href":"https:\/\/gohike.lv\/ru\/wp-json\/wp\/v2\/media\/63980"}],"wp:attachment":[{"href":"https:\/\/gohike.lv\/ru\/wp-json\/wp\/v2\/media?parent=63978"}],"wp:term":[{"taxonomy":"product_brand","embeddable":true,"href":"https:\/\/gohike.lv\/ru\/wp-json\/wp\/v2\/product_brand?post=63978"},{"taxonomy":"product_cat","embeddable":true,"href":"https:\/\/gohike.lv\/ru\/wp-json\/wp\/v2\/product_cat?post=63978"},{"taxonomy":"product_tag","embeddable":true,"href":"https:\/\/gohike.lv\/ru\/wp-json\/wp\/v2\/product_tag?post=63978"}],"curies":[{"name":"wp","href":"https:\/\/api.w.org\/{rel}","templated":true}]}}