{"id":63899,"date":"2024-12-13T15:11:12","date_gmt":"2024-12-13T12:11:12","guid":{"rendered":"https:\/\/gohike.lv\/?post_type=product&#038;p=63899"},"modified":"2026-04-07T19:07:45","modified_gmt":"2026-04-07T16:07:45","slug":"haago-pirmas-nepiecasamibas-komplekts","status":"publish","type":"product","link":"https:\/\/gohike.lv\/ru\/produkts\/haago-pirmas-nepiecasamibas-komplekts\/","title":{"rendered":"H\u00e4ago &#8212; Pirm\u0101s nepiecie\u0161am\u012bbas komplekts"},"content":{"rendered":"<p>Komplekt\u0101 ietilpst:<br \/>\nFolija sega (dro\u0161\u012bbas piez\u012bmes: novietojiet sudraba pusi pie \u0137erme\u0146a aizsardz\u012bbai pret aukstumu un zelta pusi pret pret karstumu. Izm\u0113rs 210\/160 cm).<br \/>\n\u0136erme\u0146a sild\u012bt\u0101js.<br \/>\nRoku sild\u012bt\u0101js.<br \/>\nK\u0101ju\u00a0pirkstu sild\u012bt\u0101js.<br \/>\nAv\u0101rijas svilpe un aukla.<br \/>\nFluoresc\u0113jo\u0161a augstas redzam\u012bbas veste.<br \/>\nSpilgts LED\u00a0lukturis (iek\u013cautas baterijas).<br \/>\nKompass.<br \/>\nFluoresc\u0113jo\u0161a augstas redzam\u012bbas siksna.<br \/>\nSild\u012bt\u0101js. Tas tiek aktiviz\u0113ts, saskaroties ar sk\u0101bekli.\u00a0P\u0113c iepakojuma atv\u0113r\u0161anas, sakratiet to. Nodro\u0161ina siltumu l\u012bdz pat 10 stund\u0101m.\u00a0100 % dabiska oksid\u0113\u0161ana, 100 % p\u0101rstr\u0101d\u0101jams.<\/p>\n","protected":false},"excerpt":{"rendered":"<p>Satur 9 b\u016btiskus produktus \u016bdensiztur\u012bg\u0101 iepakojum\u0101 \u0101rk\u0101rtas situ\u0101cij\u0101m.<\/p>\n","protected":false},"featured_media":63900,"template":"","meta":[],"product_brand":[],"product_cat":[1315],"product_tag":[],"class_list":{"0":"post-63899","1":"product","2":"type-product","3":"status-publish","4":"has-post-thumbnail","6":"product_cat-silditaji-un-aptiecinas","8":"first","9":"instock","10":"taxable","11":"shipping-taxable","12":"purchasable","13":"product-type-simple"},"raw_content":{"name":"H\u00e4ago - Pirm\u0101s nepiecie\u0161am\u012bbas komplekts","description":"Komplekt\u0101 ietilpst:\nFolija sega (dro\u0161\u012bbas piez\u012bmes: novietojiet sudraba pusi pie \u0137erme\u0146a aizsardz\u012bbai pret aukstumu un zelta pusi pret pret karstumu. Izm\u0113rs 210\/160 cm).\n\u0136erme\u0146a sild\u012bt\u0101js.\nRoku sild\u012bt\u0101js.\nK\u0101ju\u00a0pirkstu sild\u012bt\u0101js.\nAv\u0101rijas svilpe un aukla.\nFluoresc\u0113jo\u0161a augstas redzam\u012bbas veste.\nSpilgts LED\u00a0lukturis (iek\u013cautas baterijas).\nKompass.\nFluoresc\u0113jo\u0161a augstas redzam\u012bbas siksna.\nSild\u012bt\u0101js. Tas tiek aktiviz\u0113ts, saskaroties ar sk\u0101bekli.\u00a0P\u0113c iepakojuma atv\u0113r\u0161anas, sakratiet to. Nodro\u0161ina siltumu l\u012bdz pat 10 stund\u0101m.\u00a0100 % dabiska oksid\u0113\u0161ana, 100 % p\u0101rstr\u0101d\u0101jams.","short_description":"Satur 9 b\u016btiskus produktus \u016bdensiztur\u012bg\u0101 iepakojum\u0101 \u0101rk\u0101rtas situ\u0101cij\u0101m.","status":"publish","sku":"5060630692339","original":63899},"wpml":{"translation_type":1,"has_translations":true,"original":63899,"duplicates":[],"translations":{"lv":63899,"en":66965,"ru":null}},"supplier_id":null,"supplier_sku":"","barcode":null,"atum_controlled":true,"out_stock_date":null,"out_stock_threshold":null,"inheritable":false,"inbound_stock":0,"stock_on_hold":0,"sold_today":0,"sales_last_days":0,"reserved_stock":0,"customer_returns":0,"warehouse_damage":0,"lost_in_post":0,"other_logs":0,"out_stock_days":0,"lost_sales":0,"has_location":false,"update_date":"2026-04-07T16:07:46","atum_locations":[],"atum_stock_status":"instock","restock_status":false,"low_stock_amount":"","sales_update_date":"2025-11-13T14:08:24","calc_backorders":null,"yoast_head":"<!-- This site is optimized with the Yoast SEO plugin v27.5 - https:\/\/yoast.com\/product\/yoast-seo-wordpress\/ -->\n<title>H\u00e4ago - Pirm\u0101s nepiecie\u0161am\u012bbas komplekts<\/title>\n<meta name=\"description\" content=\"Satur 9 b\u016btiskus produktus \u016bdensiztur\u012bg\u0101 iepakojum\u0101 \u0101rk\u0101rtas situ\u0101cij\u0101m.\" \/>\n<meta name=\"robots\" content=\"index, follow, max-snippet:-1, max-image-preview:large, max-video-preview:-1\" \/>\n<link rel=\"canonical\" href=\"https:\/\/gohike.lv\/ru\/produkts\/haago-pirmas-nepiecasamibas-komplekts\/\" \/>\n<meta property=\"og:locale\" content=\"ru_RU\" \/>\n<meta property=\"og:type\" content=\"article\" \/>\n<meta property=\"og:title\" content=\"Sild\u012bt\u0101ji un izdz\u012bvo\u0161ana - \u0136erme\u0146a sild\u012bt\u0101js\" \/>\n<meta property=\"og:description\" content=\"Satur 9 b\u016btiskus produktus \u016bdensiztur\u012bg\u0101 iepakojum\u0101 \u0101rk\u0101rtas situ\u0101cij\u0101m.\" \/>\n<meta property=\"og:url\" content=\"https:\/\/gohike.lv\/ru\/produkts\/haago-pirmas-nepiecasamibas-komplekts\/\" \/>\n<meta property=\"og:site_name\" content=\"GoHike\" \/>\n<meta property=\"article:publisher\" content=\"https:\/\/www.facebook.com\/gohike.shop\/\" \/>\n<meta property=\"article:modified_time\" content=\"2026-04-07T16:07:45+00:00\" \/>\n<meta property=\"og:image\" content=\"https:\/\/gohike.lv\/wp-content\/uploads\/2024\/12\/emergency.webp\" \/>\n\t<meta property=\"og:image:width\" content=\"1200\" \/>\n\t<meta property=\"og:image:height\" content=\"1200\" \/>\n\t<meta property=\"og:image:type\" content=\"image\/webp\" \/>\n<meta name=\"twitter:card\" content=\"summary_large_image\" \/>\n<meta name=\"twitter:title\" content=\"Sild\u012bt\u0101ji un izdz\u012bvo\u0161ana - \u0136erme\u0146a sild\u012bt\u0101js\" \/>\n<meta name=\"twitter:label1\" content=\"\u041f\u0440\u0438\u043c\u0435\u0440\u043d\u043e\u0435 \u0432\u0440\u0435\u043c\u044f \u0434\u043b\u044f \u0447\u0442\u0435\u043d\u0438\u044f\" \/>\n\t<meta name=\"twitter:data1\" content=\"1 \u043c\u0438\u043d\u0443\u0442\u0430\" \/>\n<script type=\"application\/ld+json\" class=\"yoast-schema-graph\">{\"@context\":\"https:\\\/\\\/schema.org\",\"@graph\":[{\"@type\":[\"WebPage\",\"ItemPage\"],\"@id\":\"https:\\\/\\\/gohike.lv\\\/ru\\\/produkts\\\/haago-pirmas-nepiecasamibas-komplekts\\\/\",\"url\":\"https:\\\/\\\/gohike.lv\\\/ru\\\/produkts\\\/haago-pirmas-nepiecasamibas-komplekts\\\/\",\"name\":\"H\u00e4ago - Pirm\u0101s nepiecie\u0161am\u012bbas komplekts\",\"isPartOf\":{\"@id\":\"https:\\\/\\\/gohike.lv\\\/ru\\\/#website\"},\"primaryImageOfPage\":{\"@id\":\"https:\\\/\\\/gohike.lv\\\/ru\\\/produkts\\\/haago-pirmas-nepiecasamibas-komplekts\\\/#primaryimage\"},\"image\":{\"@id\":\"https:\\\/\\\/gohike.lv\\\/ru\\\/produkts\\\/haago-pirmas-nepiecasamibas-komplekts\\\/#primaryimage\"},\"thumbnailUrl\":\"https:\\\/\\\/gohike.lv\\\/wp-content\\\/uploads\\\/2024\\\/12\\\/emergency.webp\",\"datePublished\":\"2024-12-13T12:11:12+00:00\",\"dateModified\":\"2026-04-07T16:07:45+00:00\",\"description\":\"Satur 9 b\u016btiskus produktus \u016bdensiztur\u012bg\u0101 iepakojum\u0101 \u0101rk\u0101rtas situ\u0101cij\u0101m.\",\"breadcrumb\":{\"@id\":\"https:\\\/\\\/gohike.lv\\\/ru\\\/produkts\\\/haago-pirmas-nepiecasamibas-komplekts\\\/#breadcrumb\"},\"inLanguage\":\"ru-RU\",\"potentialAction\":[{\"@type\":\"ReadAction\",\"target\":[\"https:\\\/\\\/gohike.lv\\\/ru\\\/produkts\\\/haago-pirmas-nepiecasamibas-komplekts\\\/\"]}]},{\"@type\":\"ImageObject\",\"inLanguage\":\"ru-RU\",\"@id\":\"https:\\\/\\\/gohike.lv\\\/ru\\\/produkts\\\/haago-pirmas-nepiecasamibas-komplekts\\\/#primaryimage\",\"url\":\"https:\\\/\\\/gohike.lv\\\/wp-content\\\/uploads\\\/2024\\\/12\\\/emergency.webp\",\"contentUrl\":\"https:\\\/\\\/gohike.lv\\\/wp-content\\\/uploads\\\/2024\\\/12\\\/emergency.webp\",\"width\":1200,\"height\":1200},{\"@type\":\"BreadcrumbList\",\"@id\":\"https:\\\/\\\/gohike.lv\\\/ru\\\/produkts\\\/haago-pirmas-nepiecasamibas-komplekts\\\/#breadcrumb\",\"itemListElement\":[{\"@type\":\"ListItem\",\"position\":1,\"name\":\"\u0413\u043b\u0430\u0432\u043d\u0430\u044f\",\"item\":\"https:\\\/\\\/gohike.lv\\\/ru\\\/\"},{\"@type\":\"ListItem\",\"position\":2,\"name\":\"\u041a\u0430\u0442\u0435\u0433\u043e\u0440\u0438\u0438 \u0442\u043e\u0432\u0430\u0440\u043e\u0432\",\"item\":\"https:\\\/\\\/gohike.lv\\\/%d0%ba%d0%b0%d1%82%d0%b5%d0%b3%d0%be%d1%80%d0%b8%d0%b8-%d1%82%d0%be%d0%b2%d0%b0%d1%80%d0%be%d0%b2\\\/\"},{\"@type\":\"ListItem\",\"position\":3,\"name\":\"H\u00e4ago &#8211; Pirm\u0101s nepiecie\u0161am\u012bbas komplekts\"}]},{\"@type\":\"WebSite\",\"@id\":\"https:\\\/\\\/gohike.lv\\\/ru\\\/#website\",\"url\":\"https:\\\/\\\/gohike.lv\\\/ru\\\/\",\"name\":\"GoHike\",\"description\":\"\",\"publisher\":{\"@id\":\"https:\\\/\\\/gohike.lv\\\/ru\\\/#organization\"},\"potentialAction\":[{\"@type\":\"SearchAction\",\"target\":{\"@type\":\"EntryPoint\",\"urlTemplate\":\"https:\\\/\\\/gohike.lv\\\/ru\\\/?s={search_term_string}\"},\"query-input\":{\"@type\":\"PropertyValueSpecification\",\"valueRequired\":true,\"valueName\":\"search_term_string\"}}],\"inLanguage\":\"ru-RU\"},{\"@type\":\"Organization\",\"@id\":\"https:\\\/\\\/gohike.lv\\\/ru\\\/#organization\",\"name\":\"GoHike\",\"url\":\"https:\\\/\\\/gohike.lv\\\/ru\\\/\",\"logo\":{\"@type\":\"ImageObject\",\"inLanguage\":\"ru-RU\",\"@id\":\"https:\\\/\\\/gohike.lv\\\/ru\\\/#\\\/schema\\\/logo\\\/image\\\/\",\"url\":\"https:\\\/\\\/gohike.lv\\\/wp-content\\\/uploads\\\/2023\\\/08\\\/Logo_GoHike.webp\",\"contentUrl\":\"https:\\\/\\\/gohike.lv\\\/wp-content\\\/uploads\\\/2023\\\/08\\\/Logo_GoHike.webp\",\"width\":512,\"height\":512,\"caption\":\"GoHike\"},\"image\":{\"@id\":\"https:\\\/\\\/gohike.lv\\\/ru\\\/#\\\/schema\\\/logo\\\/image\\\/\"},\"sameAs\":[\"https:\\\/\\\/www.facebook.com\\\/gohike.shop\\\/\",\"https:\\\/\\\/www.instagram.com\\\/gohike.shop\\\/\"]}]}<\/script>\n<!-- \/ Yoast SEO plugin. -->","yoast_head_json":{"title":"H\u00e4ago - Pirm\u0101s nepiecie\u0161am\u012bbas komplekts","description":"Satur 9 b\u016btiskus produktus \u016bdensiztur\u012bg\u0101 iepakojum\u0101 \u0101rk\u0101rtas situ\u0101cij\u0101m.","robots":{"index":"index","follow":"follow","max-snippet":"max-snippet:-1","max-image-preview":"max-image-preview:large","max-video-preview":"max-video-preview:-1"},"canonical":"https:\/\/gohike.lv\/ru\/produkts\/haago-pirmas-nepiecasamibas-komplekts\/","og_locale":"ru_RU","og_type":"article","og_title":"Sild\u012bt\u0101ji un izdz\u012bvo\u0161ana - \u0136erme\u0146a sild\u012bt\u0101js","og_description":"Satur 9 b\u016btiskus produktus \u016bdensiztur\u012bg\u0101 iepakojum\u0101 \u0101rk\u0101rtas situ\u0101cij\u0101m.","og_url":"https:\/\/gohike.lv\/ru\/produkts\/haago-pirmas-nepiecasamibas-komplekts\/","og_site_name":"GoHike","article_publisher":"https:\/\/www.facebook.com\/gohike.shop\/","article_modified_time":"2026-04-07T16:07:45+00:00","og_image":[{"width":1200,"height":1200,"url":"https:\/\/gohike.lv\/wp-content\/uploads\/2024\/12\/emergency.webp","type":"image\/webp"}],"twitter_card":"summary_large_image","twitter_title":"Sild\u012bt\u0101ji un izdz\u012bvo\u0161ana - \u0136erme\u0146a sild\u012bt\u0101js","twitter_misc":{"\u041f\u0440\u0438\u043c\u0435\u0440\u043d\u043e\u0435 \u0432\u0440\u0435\u043c\u044f \u0434\u043b\u044f \u0447\u0442\u0435\u043d\u0438\u044f":"1 \u043c\u0438\u043d\u0443\u0442\u0430"},"schema":{"@context":"https:\/\/schema.org","@graph":[{"@type":["WebPage","ItemPage"],"@id":"https:\/\/gohike.lv\/ru\/produkts\/haago-pirmas-nepiecasamibas-komplekts\/","url":"https:\/\/gohike.lv\/ru\/produkts\/haago-pirmas-nepiecasamibas-komplekts\/","name":"H\u00e4ago - Pirm\u0101s nepiecie\u0161am\u012bbas komplekts","isPartOf":{"@id":"https:\/\/gohike.lv\/ru\/#website"},"primaryImageOfPage":{"@id":"https:\/\/gohike.lv\/ru\/produkts\/haago-pirmas-nepiecasamibas-komplekts\/#primaryimage"},"image":{"@id":"https:\/\/gohike.lv\/ru\/produkts\/haago-pirmas-nepiecasamibas-komplekts\/#primaryimage"},"thumbnailUrl":"https:\/\/gohike.lv\/wp-content\/uploads\/2024\/12\/emergency.webp","datePublished":"2024-12-13T12:11:12+00:00","dateModified":"2026-04-07T16:07:45+00:00","description":"Satur 9 b\u016btiskus produktus \u016bdensiztur\u012bg\u0101 iepakojum\u0101 \u0101rk\u0101rtas situ\u0101cij\u0101m.","breadcrumb":{"@id":"https:\/\/gohike.lv\/ru\/produkts\/haago-pirmas-nepiecasamibas-komplekts\/#breadcrumb"},"inLanguage":"ru-RU","potentialAction":[{"@type":"ReadAction","target":["https:\/\/gohike.lv\/ru\/produkts\/haago-pirmas-nepiecasamibas-komplekts\/"]}]},{"@type":"ImageObject","inLanguage":"ru-RU","@id":"https:\/\/gohike.lv\/ru\/produkts\/haago-pirmas-nepiecasamibas-komplekts\/#primaryimage","url":"https:\/\/gohike.lv\/wp-content\/uploads\/2024\/12\/emergency.webp","contentUrl":"https:\/\/gohike.lv\/wp-content\/uploads\/2024\/12\/emergency.webp","width":1200,"height":1200},{"@type":"BreadcrumbList","@id":"https:\/\/gohike.lv\/ru\/produkts\/haago-pirmas-nepiecasamibas-komplekts\/#breadcrumb","itemListElement":[{"@type":"ListItem","position":1,"name":"\u0413\u043b\u0430\u0432\u043d\u0430\u044f","item":"https:\/\/gohike.lv\/ru\/"},{"@type":"ListItem","position":2,"name":"\u041a\u0430\u0442\u0435\u0433\u043e\u0440\u0438\u0438 \u0442\u043e\u0432\u0430\u0440\u043e\u0432","item":"https:\/\/gohike.lv\/%d0%ba%d0%b0%d1%82%d0%b5%d0%b3%d0%be%d1%80%d0%b8%d0%b8-%d1%82%d0%be%d0%b2%d0%b0%d1%80%d0%be%d0%b2\/"},{"@type":"ListItem","position":3,"name":"H\u00e4ago &#8211; Pirm\u0101s nepiecie\u0161am\u012bbas komplekts"}]},{"@type":"WebSite","@id":"https:\/\/gohike.lv\/ru\/#website","url":"https:\/\/gohike.lv\/ru\/","name":"GoHike","description":"","publisher":{"@id":"https:\/\/gohike.lv\/ru\/#organization"},"potentialAction":[{"@type":"SearchAction","target":{"@type":"EntryPoint","urlTemplate":"https:\/\/gohike.lv\/ru\/?s={search_term_string}"},"query-input":{"@type":"PropertyValueSpecification","valueRequired":true,"valueName":"search_term_string"}}],"inLanguage":"ru-RU"},{"@type":"Organization","@id":"https:\/\/gohike.lv\/ru\/#organization","name":"GoHike","url":"https:\/\/gohike.lv\/ru\/","logo":{"@type":"ImageObject","inLanguage":"ru-RU","@id":"https:\/\/gohike.lv\/ru\/#\/schema\/logo\/image\/","url":"https:\/\/gohike.lv\/wp-content\/uploads\/2023\/08\/Logo_GoHike.webp","contentUrl":"https:\/\/gohike.lv\/wp-content\/uploads\/2023\/08\/Logo_GoHike.webp","width":512,"height":512,"caption":"GoHike"},"image":{"@id":"https:\/\/gohike.lv\/ru\/#\/schema\/logo\/image\/"},"sameAs":["https:\/\/www.facebook.com\/gohike.shop\/","https:\/\/www.instagram.com\/gohike.shop\/"]}]}},"jetpack_sharing_enabled":true,"_links":{"self":[{"href":"https:\/\/gohike.lv\/ru\/wp-json\/wp\/v2\/product\/63899","targetHints":{"allow":["GET"]}}],"collection":[{"href":"https:\/\/gohike.lv\/ru\/wp-json\/wp\/v2\/product"}],"about":[{"href":"https:\/\/gohike.lv\/ru\/wp-json\/wp\/v2\/types\/product"}],"version-history":[{"count":0,"href":"https:\/\/gohike.lv\/ru\/wp-json\/wp\/v2\/product\/63899\/revisions"}],"wp:featuredmedia":[{"embeddable":true,"href":"https:\/\/gohike.lv\/ru\/wp-json\/wp\/v2\/media\/63900"}],"wp:attachment":[{"href":"https:\/\/gohike.lv\/ru\/wp-json\/wp\/v2\/media?parent=63899"}],"wp:term":[{"taxonomy":"product_brand","embeddable":true,"href":"https:\/\/gohike.lv\/ru\/wp-json\/wp\/v2\/product_brand?post=63899"},{"taxonomy":"product_cat","embeddable":true,"href":"https:\/\/gohike.lv\/ru\/wp-json\/wp\/v2\/product_cat?post=63899"},{"taxonomy":"product_tag","embeddable":true,"href":"https:\/\/gohike.lv\/ru\/wp-json\/wp\/v2\/product_tag?post=63899"}],"curies":[{"name":"wp","href":"https:\/\/api.w.org\/{rel}","templated":true}]}}