{"id":63549,"date":"2024-10-14T20:57:06","date_gmt":"2024-10-14T17:57:06","guid":{"rendered":"https:\/\/gohike.lv\/produkts\/dalba-balta-trifelu-miega-laika-udens-maska\/"},"modified":"2025-12-30T17:09:54","modified_gmt":"2025-12-30T14:09:54","slug":"dalba-nakts-maska-sejai-ar-balto-trifeli","status":"publish","type":"product","link":"https:\/\/gohike.lv\/ru\/produkts\/dalba-nakts-maska-sejai-ar-balto-trifeli\/","title":{"rendered":"d&#8217;Alba &#8212; nakts maska sejai ar balto trifeli"},"content":{"rendered":"<p>Vienai maskas proced\u016brai pietiek, lai lieliski mitrin\u0101tu \u0101du un atjaunotu t\u0101s \u016bdens un tauku l\u012bdzsvaru, lai no r\u012bta \u0101da priec\u0113tu ar gludumu un vesel\u012bgu, toniz\u0113tu izskatu. Mitrino\u0161u un dab\u012bgu barojo\u0161u komponentu komplekss uzlabo \u0101das st\u0101vokli \u0161\u016bnu l\u012bmen\u012b, uzs\u0101kot re\u0123ener\u0101cijas procesus.<br \/>\nAkt\u012bv\u0101s sast\u0101vda\u013cas sejas maskai:<br \/>\n\u2022 It\u0101\u013cu balt\u0101 trife\u013ca ekstrakts ir bag\u0101t\u012bgs dabisks avots \u0101das vesel\u012bbai nepiecie\u0161amajiem vitam\u012bniem, miner\u0101ls\u0101\u013ciem un aminosk\u0101b\u0113m. Izl\u012bdzina grumbas, nostiprina, paaugstina epidermas tonusu, izgaismo, aizsarg\u0101 no negat\u012bv\u0101s ietekmes.<br \/>\n\u2022 Hialuronsk\u0101be papildina mitruma tr\u016bkumu \u0101d\u0101, nov\u0113r\u0161 t\u0101s iz\u017e\u016b\u0161anu un lob\u012b\u0161anos, pie\u0161\u0137ir elast\u012bbu, m\u012bkstina un izl\u012bdzina.<br \/>\n\u2022 Adenoz\u012bns pastiprina pa\u0161a kolag\u0113na ra\u017eo\u0161anu, samazina grumbu dzi\u013cumu un skaitu, izl\u012bdzina reljefu, tam ir antioksidanta un pretiekaisuma \u012bpa\u0161\u012bbas, izgaismo pigment\u0101cijas un postaknes zonas.<br \/>\n\u2022 Piparm\u0113tru ekstrakts c\u012bn\u0101s ar iekaisumiem un kairin\u0101jumiem, pies\u0101tina \u0101du ar sk\u0101bekli, atsvaidzina, uzlabo sejas kr\u0101su, izl\u012bdzina reljefa nel\u012bdzenumus.<br \/>\n\u2022 Smilts\u0113rk\u0161\u0137u ekstrakts baro ar augstu C un E vitam\u012bnu koncentr\u0101ciju. Veicina \u0101das atjauno\u0161anos, padara to elast\u012bgu un labi toniz\u0113tu.<br \/>\n\u2022 Baobaba ekstrakts ir efekt\u012bvs attiec\u012bb\u0101 uz problem\u0101tisku \u0101du. Baro ar tauksk\u0101b\u0113m, A, C, D, E, F vitam\u012bniem. Aptur noveco\u0161anas izmai\u0146as, izgaismo, izl\u012bdzina, mazina iekaisumus.<br \/>\n\u2022 Citrus ekstrakts darbojas k\u0101 sp\u0113c\u012bgs antioksidants, stimul\u0113 vielmai\u0146as procesus, aktiviz\u0113 pa\u0161a kolag\u0113na ra\u017eo\u0161anu, palielina elast\u012bbu, izgaismo, atsvaidzina, normaliz\u0113 tauku dziedzeru darb\u012bbu, uzlabo problem\u0101tisk\u0101s \u0101das st\u0101vokli.<br \/>\n\u2022 Propolisa ekstrakts nodro\u0161ina pretiekaisuma, bakteric\u012bdu un antioksidantu iedarb\u012bbu. Stiprina \u0101das imunit\u0101ti.<br \/>\n\u2022 Melisas ekstrakts baro ar v\u0113rt\u012bg\u0101m sk\u0101b\u0113m un flavono\u012bdiem. No\u0146em kairin\u0101jumu, nomierina hipersensit\u012bvas \u0101das zonas, toniz\u0113 noguru\u0161u \u0101du.<br \/>\n\u2022 Aitu piena ekstrakts bag\u0101tina epidermu ar \u012bpa\u0161iem laktofermentiem un vitam\u012bniem, lai atjaunotu elast\u012bbu, pastiprin\u0101tu \u0161\u016bnu metabolismu un izgaismotu pigment\u0101ciju.<br \/>\nMaska atst\u0101j p\u0113c sevis pat\u012bkamu maigumu un maksim\u0101las svaiguma saj\u016btu.<br \/>\nLieto\u0161anas veids: Atv\u0113rt un uzkl\u0101t l\u012bdzekli vienm\u0113r\u012bg\u0101 k\u0101rt\u0101 uz att\u012br\u012btas \u0101das. No r\u012bta noskalot ar siltu \u016bdeni.<br \/>\nSast\u0101vda\u013cas: \u016adens, ciklopentasiloks\u0101ns, butil\u0113nglikols, glicer\u012bns, hidroksietilur\u012bns, betains, dimetikons, 1,2-heksandiols, amonija akrilam\u012bda dimetiltaur\u0101ta\/vp kopolim\u0113rs, kaprililglikols, akril\u0101ti\/c10-30 alkila akril\u0101ta krustpolim\u0113rs, illicium verum (an\u012bsa) aug\u013cu ekstrakts, poliakril\u0101ts-13, trometam\u012bns, adenoz\u012bns, poliizobut\u0113ns, n\u0101trija hialuron\u0101ts, disodium edta, hidroksietilakril\u0101ts\/n\u0101trija akrilam\u012bda dimetiltaur\u0101ta kopolim\u0113rs, trehaloze, ksil\u0101na gumija, polisorb\u0101ts 20, sorbit\u0101na izostear\u0101ts, alkohols, hidroksipropiltrimonija hialuron\u0101ts, hippophae rhamnoides aug\u013cu ekstrakts, adansonia digitata s\u0113klu ekstrakts, malva sylvestris (malva) ekstrakts, mentha piperita (piparm\u0113tra) lapu ekstrakts, achillea millefolium ekstrakts, hidroliz\u0113ts hialuronsk\u0101be, primula veris ekstrakts, n\u0101trija acetil\u0113ts hialuron\u0101ts, melissa officinalis lapu ekstrakts, veronica officinalis ekstrakts, alchemilla vulgaris ekstrakts, vincetoxicum ekstrakts, hialuronsk\u0101be, tuber magnatum ekstrakts, origanum vulgare lapu ekstrakts, polygala tenuifolia saknes ekstrakts, medus ekstrakts, mentha viridis (spearmint) ekstrakts, propolisa ekstrakts, melissa officinalis ekstrakts, hidroliz\u0113ts n\u0101trija hialuron\u0101ts, sigesbeckia orientalis ekstrakts, chamomilla recutita (matricaria) lapu ekstrakts, n\u0101trija hidroks\u012bds, piena olbaltumvielu ekstrakts, n\u0101trija hialuron\u0101ta krustpolim\u0113rs, kazas piena ekstrakts, etilheksilglicer\u012bns, k\u0101lija hialuron\u0101ts, arom\u0101ts, heksila cinal\u0101ls.<\/p>\n","protected":false},"excerpt":{"rendered":"<p>D&#8217;ALBA WATERFULL SLEEPING PACK maska \u0113rt\u0101 un kompakta form\u0101t\u0101, kas paredz\u0113ta intens\u012bvai \u0101das mitrin\u0101\u0161anai pirms miega, t\u0101s kvalitat\u012bvai atjauno\u0161anai, dabisk\u0101 mirdzuma un elast\u012bbas atgrie\u0161anai. Maska priec\u0113 ar pat\u012bkamu g\u0113la konsistenci, \u013coti \u0101tri uzs\u016bcas bez lip\u012bguma un taukain\u012bbas.<\/p>\n","protected":false},"featured_media":63551,"template":"","meta":[],"product_brand":[],"product_cat":[1380],"product_tag":[],"class_list":{"0":"post-63549","1":"product","2":"type-product","3":"status-publish","4":"has-post-thumbnail","6":"product_cat-higiena","7":"pa_produkta-tips-kosmetika","8":"pa_tilpums-4ml","10":"first","11":"outofstock","12":"taxable","13":"shipping-taxable","14":"purchasable","15":"product-type-simple"},"raw_content":{"name":"d'Alba - nakts maska sejai ar balto trifeli","description":"Vienai maskas proced\u016brai pietiek, lai lieliski mitrin\u0101tu \u0101du un atjaunotu t\u0101s \u016bdens un tauku l\u012bdzsvaru, lai no r\u012bta \u0101da priec\u0113tu ar gludumu un vesel\u012bgu, toniz\u0113tu izskatu. Mitrino\u0161u un dab\u012bgu barojo\u0161u komponentu komplekss uzlabo \u0101das st\u0101vokli \u0161\u016bnu l\u012bmen\u012b, uzs\u0101kot re\u0123ener\u0101cijas procesus.\nAkt\u012bv\u0101s sast\u0101vda\u013cas sejas maskai:\n\u2022 It\u0101\u013cu balt\u0101 trife\u013ca ekstrakts ir bag\u0101t\u012bgs dabisks avots \u0101das vesel\u012bbai nepiecie\u0161amajiem vitam\u012bniem, miner\u0101ls\u0101\u013ciem un aminosk\u0101b\u0113m. Izl\u012bdzina grumbas, nostiprina, paaugstina epidermas tonusu, izgaismo, aizsarg\u0101 no negat\u012bv\u0101s ietekmes.\n\u2022 Hialuronsk\u0101be papildina mitruma tr\u016bkumu \u0101d\u0101, nov\u0113r\u0161 t\u0101s iz\u017e\u016b\u0161anu un lob\u012b\u0161anos, pie\u0161\u0137ir elast\u012bbu, m\u012bkstina un izl\u012bdzina.\n\u2022 Adenoz\u012bns pastiprina pa\u0161a kolag\u0113na ra\u017eo\u0161anu, samazina grumbu dzi\u013cumu un skaitu, izl\u012bdzina reljefu, tam ir antioksidanta un pretiekaisuma \u012bpa\u0161\u012bbas, izgaismo pigment\u0101cijas un postaknes zonas.\n\u2022 Piparm\u0113tru ekstrakts c\u012bn\u0101s ar iekaisumiem un kairin\u0101jumiem, pies\u0101tina \u0101du ar sk\u0101bekli, atsvaidzina, uzlabo sejas kr\u0101su, izl\u012bdzina reljefa nel\u012bdzenumus.\n\u2022 Smilts\u0113rk\u0161\u0137u ekstrakts baro ar augstu C un E vitam\u012bnu koncentr\u0101ciju. Veicina \u0101das atjauno\u0161anos, padara to elast\u012bgu un labi toniz\u0113tu.\n\u2022 Baobaba ekstrakts ir efekt\u012bvs attiec\u012bb\u0101 uz problem\u0101tisku \u0101du. Baro ar tauksk\u0101b\u0113m, A, C, D, E, F vitam\u012bniem. Aptur noveco\u0161anas izmai\u0146as, izgaismo, izl\u012bdzina, mazina iekaisumus.\n\u2022 Citrus ekstrakts darbojas k\u0101 sp\u0113c\u012bgs antioksidants, stimul\u0113 vielmai\u0146as procesus, aktiviz\u0113 pa\u0161a kolag\u0113na ra\u017eo\u0161anu, palielina elast\u012bbu, izgaismo, atsvaidzina, normaliz\u0113 tauku dziedzeru darb\u012bbu, uzlabo problem\u0101tisk\u0101s \u0101das st\u0101vokli.\n\u2022 Propolisa ekstrakts nodro\u0161ina pretiekaisuma, bakteric\u012bdu un antioksidantu iedarb\u012bbu. Stiprina \u0101das imunit\u0101ti.\n\u2022 Melisas ekstrakts baro ar v\u0113rt\u012bg\u0101m sk\u0101b\u0113m un flavono\u012bdiem. No\u0146em kairin\u0101jumu, nomierina hipersensit\u012bvas \u0101das zonas, toniz\u0113 noguru\u0161u \u0101du.\n\u2022 Aitu piena ekstrakts bag\u0101tina epidermu ar \u012bpa\u0161iem laktofermentiem un vitam\u012bniem, lai atjaunotu elast\u012bbu, pastiprin\u0101tu \u0161\u016bnu metabolismu un izgaismotu pigment\u0101ciju.\nMaska atst\u0101j p\u0113c sevis pat\u012bkamu maigumu un maksim\u0101las svaiguma saj\u016btu.\nLieto\u0161anas veids: Atv\u0113rt un uzkl\u0101t l\u012bdzekli vienm\u0113r\u012bg\u0101 k\u0101rt\u0101 uz att\u012br\u012btas \u0101das. No r\u012bta noskalot ar siltu \u016bdeni.\nSast\u0101vda\u013cas: \u016adens, ciklopentasiloks\u0101ns, butil\u0113nglikols, glicer\u012bns, hidroksietilur\u012bns, betains, dimetikons, 1,2-heksandiols, amonija akrilam\u012bda dimetiltaur\u0101ta\/vp kopolim\u0113rs, kaprililglikols, akril\u0101ti\/c10-30 alkila akril\u0101ta krustpolim\u0113rs, illicium verum (an\u012bsa) aug\u013cu ekstrakts, poliakril\u0101ts-13, trometam\u012bns, adenoz\u012bns, poliizobut\u0113ns, n\u0101trija hialuron\u0101ts, disodium edta, hidroksietilakril\u0101ts\/n\u0101trija akrilam\u012bda dimetiltaur\u0101ta kopolim\u0113rs, trehaloze, ksil\u0101na gumija, polisorb\u0101ts 20, sorbit\u0101na izostear\u0101ts, alkohols, hidroksipropiltrimonija hialuron\u0101ts, hippophae rhamnoides aug\u013cu ekstrakts, adansonia digitata s\u0113klu ekstrakts, malva sylvestris (malva) ekstrakts, mentha piperita (piparm\u0113tra) lapu ekstrakts, achillea millefolium ekstrakts, hidroliz\u0113ts hialuronsk\u0101be, primula veris ekstrakts, n\u0101trija acetil\u0113ts hialuron\u0101ts, melissa officinalis lapu ekstrakts, veronica officinalis ekstrakts, alchemilla vulgaris ekstrakts, vincetoxicum ekstrakts, hialuronsk\u0101be, tuber magnatum ekstrakts, origanum vulgare lapu ekstrakts, polygala tenuifolia saknes ekstrakts, medus ekstrakts, mentha viridis (spearmint) ekstrakts, propolisa ekstrakts, melissa officinalis ekstrakts, hidroliz\u0113ts n\u0101trija hialuron\u0101ts, sigesbeckia orientalis ekstrakts, chamomilla recutita (matricaria) lapu ekstrakts, n\u0101trija hidroks\u012bds, piena olbaltumvielu ekstrakts, n\u0101trija hialuron\u0101ta krustpolim\u0113rs, kazas piena ekstrakts, etilheksilglicer\u012bns, k\u0101lija hialuron\u0101ts, arom\u0101ts, heksila cinal\u0101ls.","short_description":"D'ALBA WATERFULL SLEEPING PACK maska \u0113rt\u0101 un kompakta form\u0101t\u0101, kas paredz\u0113ta intens\u012bvai \u0101das mitrin\u0101\u0161anai pirms miega, t\u0101s kvalitat\u012bvai atjauno\u0161anai, dabisk\u0101 mirdzuma un elast\u012bbas atgrie\u0161anai. Maska priec\u0113 ar pat\u012bkamu g\u0113la konsistenci, \u013coti \u0101tri uzs\u016bcas bez lip\u012bguma un taukain\u012bbas.","status":"publish","sku":"8809782556970","original":63549},"wpml":{"translation_type":1,"has_translations":true,"original":63549,"duplicates":[],"translations":{"lv":63549,"en":66949,"ru":null}},"supplier_id":null,"supplier_sku":"","barcode":null,"atum_controlled":true,"out_stock_date":null,"out_stock_threshold":null,"inheritable":false,"inbound_stock":0,"stock_on_hold":0,"sold_today":0,"sales_last_days":0,"reserved_stock":0,"customer_returns":0,"warehouse_damage":0,"lost_in_post":0,"other_logs":0,"out_stock_days":0,"lost_sales":0,"has_location":false,"update_date":"2025-12-30T14:13:26","atum_locations":[],"atum_stock_status":"outofstock","restock_status":false,"low_stock_amount":"","sales_update_date":"2025-11-13T14:07:39","calc_backorders":null,"yoast_head":"<!-- This site is optimized with the Yoast SEO plugin v27.3 - https:\/\/yoast.com\/product\/yoast-seo-wordpress\/ -->\n<title>d&#039;Alba - nakts maska sejai ar balto trifeli<\/title>\n<meta name=\"description\" content=\"D&#039;ALBA WATERFULL SLEEPING PACK maska \u0113rt\u0101 un kompakta form\u0101t\u0101, kas paredz\u0113ta intens\u012bvai \u0101das mitrin\u0101\u0161anai pirms miega, t\u0101s kvalitat\u012bvai atjauno\u0161anai, dabisk\u0101 mirdzuma un elast\u012bbas atgrie\u0161anai. Maska priec\u0113 ar pat\u012bkamu g\u0113la konsistenci, \u013coti \u0101tri uzs\u016bcas bez lip\u012bguma un taukain\u012bbas.\" \/>\n<meta name=\"robots\" content=\"index, follow, max-snippet:-1, max-image-preview:large, max-video-preview:-1\" \/>\n<link rel=\"canonical\" href=\"https:\/\/gohike.lv\/ru\/produkts\/dalba-nakts-maska-sejai-ar-balto-trifeli\/\" \/>\n<meta property=\"og:locale\" content=\"ru_RU\" \/>\n<meta property=\"og:type\" content=\"article\" \/>\n<meta property=\"og:title\" content=\"d&#039;Alba - Balt\u0101 Trife\u013cu miega laika \u016bdens maska\" \/>\n<meta property=\"og:description\" content=\"D&#039;ALBA WATERFULL SLEEPING PACK maska \u0113rt\u0101 un kompakta form\u0101t\u0101, kas paredz\u0113ta intens\u012bvai \u0101das mitrin\u0101\u0161anai pirms miega, t\u0101s kvalitat\u012bvai atjauno\u0161anai, dabisk\u0101 mirdzuma un elast\u012bbas atgrie\u0161anai. Maska priec\u0113 ar pat\u012bkamu g\u0113la konsistenci, \u013coti \u0101tri uzs\u016bcas bez lip\u012bguma un taukain\u012bbas.\" \/>\n<meta property=\"og:url\" content=\"https:\/\/gohike.lv\/ru\/produkts\/dalba-nakts-maska-sejai-ar-balto-trifeli\/\" \/>\n<meta property=\"og:site_name\" content=\"GoHike\" \/>\n<meta property=\"article:publisher\" content=\"https:\/\/www.facebook.com\/gohike.shop\/\" \/>\n<meta property=\"article:modified_time\" content=\"2025-12-30T14:09:54+00:00\" \/>\n<meta property=\"og:image\" content=\"https:\/\/gohike.lv\/wp-content\/uploads\/2024\/10\/SleepingMask.webp\" \/>\n\t<meta property=\"og:image:width\" content=\"1000\" \/>\n\t<meta property=\"og:image:height\" content=\"1000\" \/>\n\t<meta property=\"og:image:type\" content=\"image\/webp\" \/>\n<meta name=\"twitter:card\" content=\"summary_large_image\" \/>\n<meta name=\"twitter:title\" content=\"d&#039;Alba - Balt\u0101 Trife\u013cu miega laika \u016bdens maska\" \/>\n<meta name=\"twitter:label1\" content=\"\u041f\u0440\u0438\u043c\u0435\u0440\u043d\u043e\u0435 \u0432\u0440\u0435\u043c\u044f \u0434\u043b\u044f \u0447\u0442\u0435\u043d\u0438\u044f\" \/>\n\t<meta name=\"twitter:data1\" content=\"3 \u043c\u0438\u043d\u0443\u0442\u0430\" \/>\n<script type=\"application\/ld+json\" class=\"yoast-schema-graph\">{\"@context\":\"https:\\\/\\\/schema.org\",\"@graph\":[{\"@type\":[\"WebPage\",\"ItemPage\"],\"@id\":\"https:\\\/\\\/gohike.lv\\\/ru\\\/produkts\\\/dalba-nakts-maska-sejai-ar-balto-trifeli\\\/\",\"url\":\"https:\\\/\\\/gohike.lv\\\/ru\\\/produkts\\\/dalba-nakts-maska-sejai-ar-balto-trifeli\\\/\",\"name\":\"d'Alba - nakts maska sejai ar balto trifeli\",\"isPartOf\":{\"@id\":\"https:\\\/\\\/gohike.lv\\\/ru\\\/#website\"},\"primaryImageOfPage\":{\"@id\":\"https:\\\/\\\/gohike.lv\\\/ru\\\/produkts\\\/dalba-nakts-maska-sejai-ar-balto-trifeli\\\/#primaryimage\"},\"image\":{\"@id\":\"https:\\\/\\\/gohike.lv\\\/ru\\\/produkts\\\/dalba-nakts-maska-sejai-ar-balto-trifeli\\\/#primaryimage\"},\"thumbnailUrl\":\"https:\\\/\\\/gohike.lv\\\/wp-content\\\/uploads\\\/2024\\\/10\\\/SleepingMask.webp\",\"datePublished\":\"2024-10-14T17:57:06+00:00\",\"dateModified\":\"2025-12-30T14:09:54+00:00\",\"description\":\"D'ALBA WATERFULL SLEEPING PACK maska \u0113rt\u0101 un kompakta form\u0101t\u0101, kas paredz\u0113ta intens\u012bvai \u0101das mitrin\u0101\u0161anai pirms miega, t\u0101s kvalitat\u012bvai atjauno\u0161anai, dabisk\u0101 mirdzuma un elast\u012bbas atgrie\u0161anai. Maska priec\u0113 ar pat\u012bkamu g\u0113la konsistenci, \u013coti \u0101tri uzs\u016bcas bez lip\u012bguma un taukain\u012bbas.\",\"breadcrumb\":{\"@id\":\"https:\\\/\\\/gohike.lv\\\/ru\\\/produkts\\\/dalba-nakts-maska-sejai-ar-balto-trifeli\\\/#breadcrumb\"},\"inLanguage\":\"ru-RU\",\"potentialAction\":[{\"@type\":\"ReadAction\",\"target\":[\"https:\\\/\\\/gohike.lv\\\/ru\\\/produkts\\\/dalba-nakts-maska-sejai-ar-balto-trifeli\\\/\"]}]},{\"@type\":\"ImageObject\",\"inLanguage\":\"ru-RU\",\"@id\":\"https:\\\/\\\/gohike.lv\\\/ru\\\/produkts\\\/dalba-nakts-maska-sejai-ar-balto-trifeli\\\/#primaryimage\",\"url\":\"https:\\\/\\\/gohike.lv\\\/wp-content\\\/uploads\\\/2024\\\/10\\\/SleepingMask.webp\",\"contentUrl\":\"https:\\\/\\\/gohike.lv\\\/wp-content\\\/uploads\\\/2024\\\/10\\\/SleepingMask.webp\",\"width\":1000,\"height\":1000},{\"@type\":\"BreadcrumbList\",\"@id\":\"https:\\\/\\\/gohike.lv\\\/ru\\\/produkts\\\/dalba-nakts-maska-sejai-ar-balto-trifeli\\\/#breadcrumb\",\"itemListElement\":[{\"@type\":\"ListItem\",\"position\":1,\"name\":\"\u0413\u043b\u0430\u0432\u043d\u0430\u044f\",\"item\":\"https:\\\/\\\/gohike.lv\\\/ru\\\/\"},{\"@type\":\"ListItem\",\"position\":2,\"name\":\"\u041a\u0430\u0442\u0435\u0433\u043e\u0440\u0438\u0438 \u0442\u043e\u0432\u0430\u0440\u043e\u0432\",\"item\":\"https:\\\/\\\/gohike.lv\\\/%d0%ba%d0%b0%d1%82%d0%b5%d0%b3%d0%be%d1%80%d0%b8%d0%b8-%d1%82%d0%be%d0%b2%d0%b0%d1%80%d0%be%d0%b2\\\/\"},{\"@type\":\"ListItem\",\"position\":3,\"name\":\"d&#8217;Alba &#8211; nakts maska sejai ar balto trifeli\"}]},{\"@type\":\"WebSite\",\"@id\":\"https:\\\/\\\/gohike.lv\\\/ru\\\/#website\",\"url\":\"https:\\\/\\\/gohike.lv\\\/ru\\\/\",\"name\":\"GoHike\",\"description\":\"\",\"publisher\":{\"@id\":\"https:\\\/\\\/gohike.lv\\\/ru\\\/#organization\"},\"potentialAction\":[{\"@type\":\"SearchAction\",\"target\":{\"@type\":\"EntryPoint\",\"urlTemplate\":\"https:\\\/\\\/gohike.lv\\\/ru\\\/?s={search_term_string}\"},\"query-input\":{\"@type\":\"PropertyValueSpecification\",\"valueRequired\":true,\"valueName\":\"search_term_string\"}}],\"inLanguage\":\"ru-RU\"},{\"@type\":\"Organization\",\"@id\":\"https:\\\/\\\/gohike.lv\\\/ru\\\/#organization\",\"name\":\"GoHike\",\"url\":\"https:\\\/\\\/gohike.lv\\\/ru\\\/\",\"logo\":{\"@type\":\"ImageObject\",\"inLanguage\":\"ru-RU\",\"@id\":\"https:\\\/\\\/gohike.lv\\\/ru\\\/#\\\/schema\\\/logo\\\/image\\\/\",\"url\":\"https:\\\/\\\/gohike.lv\\\/wp-content\\\/uploads\\\/2023\\\/08\\\/Logo_GoHike.webp\",\"contentUrl\":\"https:\\\/\\\/gohike.lv\\\/wp-content\\\/uploads\\\/2023\\\/08\\\/Logo_GoHike.webp\",\"width\":512,\"height\":512,\"caption\":\"GoHike\"},\"image\":{\"@id\":\"https:\\\/\\\/gohike.lv\\\/ru\\\/#\\\/schema\\\/logo\\\/image\\\/\"},\"sameAs\":[\"https:\\\/\\\/www.facebook.com\\\/gohike.shop\\\/\",\"https:\\\/\\\/www.instagram.com\\\/gohike.shop\\\/\"]}]}<\/script>\n<!-- \/ Yoast SEO plugin. -->","yoast_head_json":{"title":"d'Alba - nakts maska sejai ar balto trifeli","description":"D'ALBA WATERFULL SLEEPING PACK maska \u0113rt\u0101 un kompakta form\u0101t\u0101, kas paredz\u0113ta intens\u012bvai \u0101das mitrin\u0101\u0161anai pirms miega, t\u0101s kvalitat\u012bvai atjauno\u0161anai, dabisk\u0101 mirdzuma un elast\u012bbas atgrie\u0161anai. Maska priec\u0113 ar pat\u012bkamu g\u0113la konsistenci, \u013coti \u0101tri uzs\u016bcas bez lip\u012bguma un taukain\u012bbas.","robots":{"index":"index","follow":"follow","max-snippet":"max-snippet:-1","max-image-preview":"max-image-preview:large","max-video-preview":"max-video-preview:-1"},"canonical":"https:\/\/gohike.lv\/ru\/produkts\/dalba-nakts-maska-sejai-ar-balto-trifeli\/","og_locale":"ru_RU","og_type":"article","og_title":"d'Alba - Balt\u0101 Trife\u013cu miega laika \u016bdens maska","og_description":"D'ALBA WATERFULL SLEEPING PACK maska \u0113rt\u0101 un kompakta form\u0101t\u0101, kas paredz\u0113ta intens\u012bvai \u0101das mitrin\u0101\u0161anai pirms miega, t\u0101s kvalitat\u012bvai atjauno\u0161anai, dabisk\u0101 mirdzuma un elast\u012bbas atgrie\u0161anai. Maska priec\u0113 ar pat\u012bkamu g\u0113la konsistenci, \u013coti \u0101tri uzs\u016bcas bez lip\u012bguma un taukain\u012bbas.","og_url":"https:\/\/gohike.lv\/ru\/produkts\/dalba-nakts-maska-sejai-ar-balto-trifeli\/","og_site_name":"GoHike","article_publisher":"https:\/\/www.facebook.com\/gohike.shop\/","article_modified_time":"2025-12-30T14:09:54+00:00","og_image":[{"width":1000,"height":1000,"url":"https:\/\/gohike.lv\/wp-content\/uploads\/2024\/10\/SleepingMask.webp","type":"image\/webp"}],"twitter_card":"summary_large_image","twitter_title":"d'Alba - Balt\u0101 Trife\u013cu miega laika \u016bdens maska","twitter_misc":{"\u041f\u0440\u0438\u043c\u0435\u0440\u043d\u043e\u0435 \u0432\u0440\u0435\u043c\u044f \u0434\u043b\u044f \u0447\u0442\u0435\u043d\u0438\u044f":"3 \u043c\u0438\u043d\u0443\u0442\u0430"},"schema":{"@context":"https:\/\/schema.org","@graph":[{"@type":["WebPage","ItemPage"],"@id":"https:\/\/gohike.lv\/ru\/produkts\/dalba-nakts-maska-sejai-ar-balto-trifeli\/","url":"https:\/\/gohike.lv\/ru\/produkts\/dalba-nakts-maska-sejai-ar-balto-trifeli\/","name":"d'Alba - nakts maska sejai ar balto trifeli","isPartOf":{"@id":"https:\/\/gohike.lv\/ru\/#website"},"primaryImageOfPage":{"@id":"https:\/\/gohike.lv\/ru\/produkts\/dalba-nakts-maska-sejai-ar-balto-trifeli\/#primaryimage"},"image":{"@id":"https:\/\/gohike.lv\/ru\/produkts\/dalba-nakts-maska-sejai-ar-balto-trifeli\/#primaryimage"},"thumbnailUrl":"https:\/\/gohike.lv\/wp-content\/uploads\/2024\/10\/SleepingMask.webp","datePublished":"2024-10-14T17:57:06+00:00","dateModified":"2025-12-30T14:09:54+00:00","description":"D'ALBA WATERFULL SLEEPING PACK maska \u0113rt\u0101 un kompakta form\u0101t\u0101, kas paredz\u0113ta intens\u012bvai \u0101das mitrin\u0101\u0161anai pirms miega, t\u0101s kvalitat\u012bvai atjauno\u0161anai, dabisk\u0101 mirdzuma un elast\u012bbas atgrie\u0161anai. Maska priec\u0113 ar pat\u012bkamu g\u0113la konsistenci, \u013coti \u0101tri uzs\u016bcas bez lip\u012bguma un taukain\u012bbas.","breadcrumb":{"@id":"https:\/\/gohike.lv\/ru\/produkts\/dalba-nakts-maska-sejai-ar-balto-trifeli\/#breadcrumb"},"inLanguage":"ru-RU","potentialAction":[{"@type":"ReadAction","target":["https:\/\/gohike.lv\/ru\/produkts\/dalba-nakts-maska-sejai-ar-balto-trifeli\/"]}]},{"@type":"ImageObject","inLanguage":"ru-RU","@id":"https:\/\/gohike.lv\/ru\/produkts\/dalba-nakts-maska-sejai-ar-balto-trifeli\/#primaryimage","url":"https:\/\/gohike.lv\/wp-content\/uploads\/2024\/10\/SleepingMask.webp","contentUrl":"https:\/\/gohike.lv\/wp-content\/uploads\/2024\/10\/SleepingMask.webp","width":1000,"height":1000},{"@type":"BreadcrumbList","@id":"https:\/\/gohike.lv\/ru\/produkts\/dalba-nakts-maska-sejai-ar-balto-trifeli\/#breadcrumb","itemListElement":[{"@type":"ListItem","position":1,"name":"\u0413\u043b\u0430\u0432\u043d\u0430\u044f","item":"https:\/\/gohike.lv\/ru\/"},{"@type":"ListItem","position":2,"name":"\u041a\u0430\u0442\u0435\u0433\u043e\u0440\u0438\u0438 \u0442\u043e\u0432\u0430\u0440\u043e\u0432","item":"https:\/\/gohike.lv\/%d0%ba%d0%b0%d1%82%d0%b5%d0%b3%d0%be%d1%80%d0%b8%d0%b8-%d1%82%d0%be%d0%b2%d0%b0%d1%80%d0%be%d0%b2\/"},{"@type":"ListItem","position":3,"name":"d&#8217;Alba &#8211; nakts maska sejai ar balto trifeli"}]},{"@type":"WebSite","@id":"https:\/\/gohike.lv\/ru\/#website","url":"https:\/\/gohike.lv\/ru\/","name":"GoHike","description":"","publisher":{"@id":"https:\/\/gohike.lv\/ru\/#organization"},"potentialAction":[{"@type":"SearchAction","target":{"@type":"EntryPoint","urlTemplate":"https:\/\/gohike.lv\/ru\/?s={search_term_string}"},"query-input":{"@type":"PropertyValueSpecification","valueRequired":true,"valueName":"search_term_string"}}],"inLanguage":"ru-RU"},{"@type":"Organization","@id":"https:\/\/gohike.lv\/ru\/#organization","name":"GoHike","url":"https:\/\/gohike.lv\/ru\/","logo":{"@type":"ImageObject","inLanguage":"ru-RU","@id":"https:\/\/gohike.lv\/ru\/#\/schema\/logo\/image\/","url":"https:\/\/gohike.lv\/wp-content\/uploads\/2023\/08\/Logo_GoHike.webp","contentUrl":"https:\/\/gohike.lv\/wp-content\/uploads\/2023\/08\/Logo_GoHike.webp","width":512,"height":512,"caption":"GoHike"},"image":{"@id":"https:\/\/gohike.lv\/ru\/#\/schema\/logo\/image\/"},"sameAs":["https:\/\/www.facebook.com\/gohike.shop\/","https:\/\/www.instagram.com\/gohike.shop\/"]}]}},"jetpack_sharing_enabled":true,"_links":{"self":[{"href":"https:\/\/gohike.lv\/ru\/wp-json\/wp\/v2\/product\/63549","targetHints":{"allow":["GET"]}}],"collection":[{"href":"https:\/\/gohike.lv\/ru\/wp-json\/wp\/v2\/product"}],"about":[{"href":"https:\/\/gohike.lv\/ru\/wp-json\/wp\/v2\/types\/product"}],"version-history":[{"count":0,"href":"https:\/\/gohike.lv\/ru\/wp-json\/wp\/v2\/product\/63549\/revisions"}],"wp:featuredmedia":[{"embeddable":true,"href":"https:\/\/gohike.lv\/ru\/wp-json\/wp\/v2\/media\/63551"}],"wp:attachment":[{"href":"https:\/\/gohike.lv\/ru\/wp-json\/wp\/v2\/media?parent=63549"}],"wp:term":[{"taxonomy":"product_brand","embeddable":true,"href":"https:\/\/gohike.lv\/ru\/wp-json\/wp\/v2\/product_brand?post=63549"},{"taxonomy":"product_cat","embeddable":true,"href":"https:\/\/gohike.lv\/ru\/wp-json\/wp\/v2\/product_cat?post=63549"},{"taxonomy":"product_tag","embeddable":true,"href":"https:\/\/gohike.lv\/ru\/wp-json\/wp\/v2\/product_tag?post=63549"}],"curies":[{"name":"wp","href":"https:\/\/api.w.org\/{rel}","templated":true}]}}