{"id":63543,"date":"2024-10-14T20:57:06","date_gmt":"2024-10-14T17:57:06","guid":{"rendered":"https:\/\/gohike.lv\/produkts\/treecell-nakts-kolagena-sampunspusnakts-mezs\/"},"modified":"2025-12-30T17:09:54","modified_gmt":"2025-12-30T14:09:54","slug":"treecell-midnight-forest-kolagena-sampuns","status":"publish","type":"product","link":"https:\/\/gohike.lv\/ru\/produkts\/treecell-midnight-forest-kolagena-sampuns\/","title":{"rendered":"TREECELL &#8212; Midnight Forest kolag\u0113na \u0161amp\u016bns"},"content":{"rendered":"<p>Kosm\u0113tiskaj\u0101 formul\u0101 ir iek\u013cauts mentols, kas saudz\u012bgi, bet efekt\u012bvi no\u0146em atmiru\u0161\u0101s epidermas da\u013ci\u0146as, stimul\u0113 asinsriti, pat\u012bkami atv\u0113sina iekaisu\u0161o \u0101du un sniedz ilgsto\u0161u svaiguma saj\u016btu.<br \/>\nNakts \u0161amp\u016bns, bag\u0101tin\u0101ts ar organisko burk\u0101nu lapu ekstraktu, stiprina matu folikulus un samazina matu izkri\u0161anu. Revolucion\u0101r\u0101 formula satur dabisko e\u013c\u013cu kompleksu \u2014 kadi\u0137a, lavandas, rozmar\u012bna, apels\u012bna un ilang-ilanga, kas uzlabo pl\u0101nu, trauslu un dehidr\u0113tu matu st\u0101vokli, nodro\u0161inot tiem intens\u012bvu baro\u0161anu, ilgsto\u0161u mitrin\u0101\u0161anu un sp\u012bdumu.<br \/>\nLieto\u0161anas veids: nelielu daudzumu \u0161amp\u016bna uzkl\u0101j uz mitriem matiem, saputo un mas\u0113 galvas \u0101du 1\u20132 min\u016btes, p\u0113c tam r\u016bp\u012bgi izskalo ar siltu \u016bdeni.<br \/>\nSast\u0101vda\u013cas: \u016adens, N\u0101trija C14-16 Olef\u012bna Sulfon\u0101ts, Tetradec\u0113ns, Heksadec\u0113ns, N\u0101trija sulf\u0101ts, \u016adens, Kokamidopropila Betains, N\u0101trija hlor\u012bds, Glicer\u012bns, Kokam\u012bds MIPA, Izopropanolam\u012bns, Laureth-23, Decilglikoz\u012bds, \u016adens, Kokam\u012bds Metil MEA, Glicer\u012bns, Hidroliz\u0113ts kolag\u0113ns, Butil\u0113nglikols, 1, 2-Heks\u0101ndiols, Glicerila kapril\u0101ts, Kofe\u012bns, Kapriliskapriltriglicer\u012bds, Lavandula Angustifolia (Lavandas) e\u013c\u013ca, Juniperus Mexicana e\u013c\u013ca, Cananga Odorata ziedu e\u013c\u013ca, Rosmarinus Officinalis (Rozmar\u012bna) lapu e\u013c\u013ca, Citrus Aurantium Dulcis (Apels\u012bnu) e\u013c\u013ca, Salvia Sclarea (\u0160aurlapu salvijas) e\u013c\u013ca, Pinus Palustris e\u013c\u013ca, Citrus Aurantium Bergamia (Bergamotes) aug\u013cu e\u013c\u013ca, Vetiveria Zizanoides sak\u0146u e\u013c\u013ca, \u016adens, N\u0101trija benzo\u0101ts, K\u0101lija sorb\u0101ts, \u016adens, Polikvaternijs-7, N\u0101trija benzo\u0101ts, l-Mentols, Salicilsk\u0101be, Polikvaternijs-10, \u016adens, N\u0101trija hlor\u012bds, Deksapantenols, Citronsk\u0101be, Echinacea Purpurea ekstrakts, Daucus Carota Sativa (Burk\u0101nu) lapu ekstrakts, Propil\u0113nglikols, Hidrogen\u0113ts lecit\u012bns, Polisorb\u0101ts 60, Argin\u012bns, \u016adens, Macrocystis Pyrifera (J\u016bras a\u013c\u0123u) ekstrakts, Butil\u0113nglikols, \u0160\u0137\u012bsto\u0161s kolag\u0113ns, 1, 2-Heks\u0101ndiols, \u016adens, Butil\u0113nglikols, 1, 2-Heks\u0101ndiols, Arnica Montana ziedu ekstrakts, Houttuynia Cordata ekstrakts, 1, 2-Heks\u0101ndiols, Centella Asiatica ekstrakts, 1, 2-Heks\u0101ndiols, \u016adens, Butil\u0113nglikols, 1, 2-Heks\u0101ndiols, Laminaria Japonica ekstrakts, Fucus Vesiculosus ekstrakts, Spirulina Maxima ekstrakts, Macrocystis Pyrifera (J\u016bras a\u013c\u0123u) ekstrakts, Codium Fragile ekstrakts, Chlorella Vulgaris ekstrakts, Hidroliz\u0113ts elast\u012bns, Hidroliz\u0113ts kolag\u0113ns, J\u016bras \u016bdens, Pentil\u0113nglikols, Planktona ekstrakts, Glicerila polimetakril\u0101ts, Propil\u0113nglikols, N\u0101trija lakt\u0101ts, Palmitoiltripept\u012bds-1, Etilheksilglicer\u012bns, Kaprila glikols, \u016adens, Butil\u0113nglikols, 1, 2-Heks\u0101ndiols, Kaprila glikols, Acetilheksapept\u012bds-8, Ecklonia Cava ekstrakts, Sargassum Fulvellum ekstrakts, Undaria Pinnatifida ekstrakts, Hizikia Fusiforme ekstrakts, 1, 2-Heks\u0101ndiols, Codium Fragile ekstrakts, Helianthus Annuus (Saulespu\u0137u) s\u0113klu e\u013c\u013ca.<\/p>\n","protected":false},"excerpt":{"rendered":"<p>\u0160amp\u016bns ar kolag\u0113nu \u2014 maiga un delik\u0101ta t\u012br\u012b\u0161ana no putek\u013ciem, sebuma un net\u012brumiem.<\/p>\n","protected":false},"featured_media":63557,"template":"","meta":[],"product_brand":[],"product_cat":[1380],"product_tag":[],"class_list":{"0":"post-63543","1":"product","2":"type-product","3":"status-publish","4":"has-post-thumbnail","6":"product_cat-higiena","7":"pa_produkta-tips-kosmetika","8":"pa_tilpums-50ml","10":"first","11":"instock","12":"taxable","13":"shipping-taxable","14":"purchasable","15":"product-type-simple"},"raw_content":{"name":"TREECELL - Midnight Forest kolag\u0113na \u0161amp\u016bns","description":"Kosm\u0113tiskaj\u0101 formul\u0101 ir iek\u013cauts mentols, kas saudz\u012bgi, bet efekt\u012bvi no\u0146em atmiru\u0161\u0101s epidermas da\u013ci\u0146as, stimul\u0113 asinsriti, pat\u012bkami atv\u0113sina iekaisu\u0161o \u0101du un sniedz ilgsto\u0161u svaiguma saj\u016btu.\nNakts \u0161amp\u016bns, bag\u0101tin\u0101ts ar organisko burk\u0101nu lapu ekstraktu, stiprina matu folikulus un samazina matu izkri\u0161anu. Revolucion\u0101r\u0101 formula satur dabisko e\u013c\u013cu kompleksu \u2014 kadi\u0137a, lavandas, rozmar\u012bna, apels\u012bna un ilang-ilanga, kas uzlabo pl\u0101nu, trauslu un dehidr\u0113tu matu st\u0101vokli, nodro\u0161inot tiem intens\u012bvu baro\u0161anu, ilgsto\u0161u mitrin\u0101\u0161anu un sp\u012bdumu.\nLieto\u0161anas veids: nelielu daudzumu \u0161amp\u016bna uzkl\u0101j uz mitriem matiem, saputo un mas\u0113 galvas \u0101du 1\u20132 min\u016btes, p\u0113c tam r\u016bp\u012bgi izskalo ar siltu \u016bdeni.\nSast\u0101vda\u013cas: \u016adens, N\u0101trija C14-16 Olef\u012bna Sulfon\u0101ts, Tetradec\u0113ns, Heksadec\u0113ns, N\u0101trija sulf\u0101ts, \u016adens, Kokamidopropila Betains, N\u0101trija hlor\u012bds, Glicer\u012bns, Kokam\u012bds MIPA, Izopropanolam\u012bns, Laureth-23, Decilglikoz\u012bds, \u016adens, Kokam\u012bds Metil MEA, Glicer\u012bns, Hidroliz\u0113ts kolag\u0113ns, Butil\u0113nglikols, 1, 2-Heks\u0101ndiols, Glicerila kapril\u0101ts, Kofe\u012bns, Kapriliskapriltriglicer\u012bds, Lavandula Angustifolia (Lavandas) e\u013c\u013ca, Juniperus Mexicana e\u013c\u013ca, Cananga Odorata ziedu e\u013c\u013ca, Rosmarinus Officinalis (Rozmar\u012bna) lapu e\u013c\u013ca, Citrus Aurantium Dulcis (Apels\u012bnu) e\u013c\u013ca, Salvia Sclarea (\u0160aurlapu salvijas) e\u013c\u013ca, Pinus Palustris e\u013c\u013ca, Citrus Aurantium Bergamia (Bergamotes) aug\u013cu e\u013c\u013ca, Vetiveria Zizanoides sak\u0146u e\u013c\u013ca, \u016adens, N\u0101trija benzo\u0101ts, K\u0101lija sorb\u0101ts, \u016adens, Polikvaternijs-7, N\u0101trija benzo\u0101ts, l-Mentols, Salicilsk\u0101be, Polikvaternijs-10, \u016adens, N\u0101trija hlor\u012bds, Deksapantenols, Citronsk\u0101be, Echinacea Purpurea ekstrakts, Daucus Carota Sativa (Burk\u0101nu) lapu ekstrakts, Propil\u0113nglikols, Hidrogen\u0113ts lecit\u012bns, Polisorb\u0101ts 60, Argin\u012bns, \u016adens, Macrocystis Pyrifera (J\u016bras a\u013c\u0123u) ekstrakts, Butil\u0113nglikols, \u0160\u0137\u012bsto\u0161s kolag\u0113ns, 1, 2-Heks\u0101ndiols, \u016adens, Butil\u0113nglikols, 1, 2-Heks\u0101ndiols, Arnica Montana ziedu ekstrakts, Houttuynia Cordata ekstrakts, 1, 2-Heks\u0101ndiols, Centella Asiatica ekstrakts, 1, 2-Heks\u0101ndiols, \u016adens, Butil\u0113nglikols, 1, 2-Heks\u0101ndiols, Laminaria Japonica ekstrakts, Fucus Vesiculosus ekstrakts, Spirulina Maxima ekstrakts, Macrocystis Pyrifera (J\u016bras a\u013c\u0123u) ekstrakts, Codium Fragile ekstrakts, Chlorella Vulgaris ekstrakts, Hidroliz\u0113ts elast\u012bns, Hidroliz\u0113ts kolag\u0113ns, J\u016bras \u016bdens, Pentil\u0113nglikols, Planktona ekstrakts, Glicerila polimetakril\u0101ts, Propil\u0113nglikols, N\u0101trija lakt\u0101ts, Palmitoiltripept\u012bds-1, Etilheksilglicer\u012bns, Kaprila glikols, \u016adens, Butil\u0113nglikols, 1, 2-Heks\u0101ndiols, Kaprila glikols, Acetilheksapept\u012bds-8, Ecklonia Cava ekstrakts, Sargassum Fulvellum ekstrakts, Undaria Pinnatifida ekstrakts, Hizikia Fusiforme ekstrakts, 1, 2-Heks\u0101ndiols, Codium Fragile ekstrakts, Helianthus Annuus (Saulespu\u0137u) s\u0113klu e\u013c\u013ca.","short_description":"\u0160amp\u016bns ar kolag\u0113nu \u2014 maiga un delik\u0101ta t\u012br\u012b\u0161ana no putek\u013ciem, sebuma un net\u012brumiem.","status":"publish","sku":"trecell-night-1234","original":63543},"wpml":{"translation_type":1,"has_translations":true,"original":63543,"duplicates":[],"translations":{"lv":63543,"en":66953,"ru":null}},"supplier_id":null,"supplier_sku":"","barcode":null,"atum_controlled":true,"out_stock_date":null,"out_stock_threshold":null,"inheritable":false,"inbound_stock":0,"stock_on_hold":0,"sold_today":0,"sales_last_days":0,"reserved_stock":0,"customer_returns":0,"warehouse_damage":0,"lost_in_post":0,"other_logs":0,"out_stock_days":0,"lost_sales":0,"has_location":false,"update_date":"2025-12-30T14:13:26","atum_locations":[],"atum_stock_status":"instock","restock_status":false,"low_stock_amount":"","sales_update_date":"2025-11-13T14:07:39","calc_backorders":null,"yoast_head":"<!-- This site is optimized with the Yoast SEO plugin v27.3 - https:\/\/yoast.com\/product\/yoast-seo-wordpress\/ -->\n<title>TREECELL - Midnight Forest kolag\u0113na \u0161amp\u016bns<\/title>\n<meta name=\"description\" content=\"\u0160amp\u016bns ar kolag\u0113nu \u2014 maiga un delik\u0101ta t\u012br\u012b\u0161ana no putek\u013ciem, sebuma un net\u012brumiem.\" \/>\n<meta name=\"robots\" content=\"index, follow, max-snippet:-1, max-image-preview:large, max-video-preview:-1\" \/>\n<link rel=\"canonical\" href=\"https:\/\/gohike.lv\/ru\/produkts\/treecell-midnight-forest-kolagena-sampuns\/\" \/>\n<meta property=\"og:locale\" content=\"ru_RU\" \/>\n<meta property=\"og:type\" content=\"article\" \/>\n<meta property=\"og:title\" content=\"TREECELL -\" \/>\n<meta property=\"og:description\" content=\"\u0160amp\u016bns ar kolag\u0113nu \u2014 maiga un delik\u0101ta t\u012br\u012b\u0161ana no putek\u013ciem, sebuma un net\u012brumiem.\" \/>\n<meta property=\"og:url\" content=\"https:\/\/gohike.lv\/ru\/produkts\/treecell-midnight-forest-kolagena-sampuns\/\" \/>\n<meta property=\"og:site_name\" content=\"GoHike\" \/>\n<meta property=\"article:publisher\" content=\"https:\/\/www.facebook.com\/gohike.shop\/\" \/>\n<meta property=\"article:modified_time\" content=\"2025-12-30T14:09:54+00:00\" \/>\n<meta property=\"og:image\" content=\"https:\/\/gohike.lv\/wp-content\/uploads\/2024\/10\/Go_hike_4-may-4.jpg\" \/>\n\t<meta property=\"og:image:width\" content=\"1080\" \/>\n\t<meta property=\"og:image:height\" content=\"1080\" \/>\n\t<meta property=\"og:image:type\" content=\"image\/jpeg\" \/>\n<meta name=\"twitter:card\" content=\"summary_large_image\" \/>\n<meta name=\"twitter:title\" content=\"TREECELL -\" \/>\n<meta name=\"twitter:label1\" content=\"\u041f\u0440\u0438\u043c\u0435\u0440\u043d\u043e\u0435 \u0432\u0440\u0435\u043c\u044f \u0434\u043b\u044f \u0447\u0442\u0435\u043d\u0438\u044f\" \/>\n\t<meta name=\"twitter:data1\" content=\"2 \u043c\u0438\u043d\u0443\u0442\u0430\" \/>\n<script type=\"application\/ld+json\" class=\"yoast-schema-graph\">{\"@context\":\"https:\\\/\\\/schema.org\",\"@graph\":[{\"@type\":[\"WebPage\",\"ItemPage\"],\"@id\":\"https:\\\/\\\/gohike.lv\\\/ru\\\/produkts\\\/treecell-midnight-forest-kolagena-sampuns\\\/\",\"url\":\"https:\\\/\\\/gohike.lv\\\/ru\\\/produkts\\\/treecell-midnight-forest-kolagena-sampuns\\\/\",\"name\":\"TREECELL - Midnight Forest kolag\u0113na \u0161amp\u016bns\",\"isPartOf\":{\"@id\":\"https:\\\/\\\/gohike.lv\\\/ru\\\/#website\"},\"primaryImageOfPage\":{\"@id\":\"https:\\\/\\\/gohike.lv\\\/ru\\\/produkts\\\/treecell-midnight-forest-kolagena-sampuns\\\/#primaryimage\"},\"image\":{\"@id\":\"https:\\\/\\\/gohike.lv\\\/ru\\\/produkts\\\/treecell-midnight-forest-kolagena-sampuns\\\/#primaryimage\"},\"thumbnailUrl\":\"https:\\\/\\\/gohike.lv\\\/wp-content\\\/uploads\\\/2024\\\/10\\\/Go_hike_4-may-4.jpg\",\"datePublished\":\"2024-10-14T17:57:06+00:00\",\"dateModified\":\"2025-12-30T14:09:54+00:00\",\"description\":\"\u0160amp\u016bns ar kolag\u0113nu \u2014 maiga un delik\u0101ta t\u012br\u012b\u0161ana no putek\u013ciem, sebuma un net\u012brumiem.\",\"breadcrumb\":{\"@id\":\"https:\\\/\\\/gohike.lv\\\/ru\\\/produkts\\\/treecell-midnight-forest-kolagena-sampuns\\\/#breadcrumb\"},\"inLanguage\":\"ru-RU\",\"potentialAction\":[{\"@type\":\"ReadAction\",\"target\":[\"https:\\\/\\\/gohike.lv\\\/ru\\\/produkts\\\/treecell-midnight-forest-kolagena-sampuns\\\/\"]}]},{\"@type\":\"ImageObject\",\"inLanguage\":\"ru-RU\",\"@id\":\"https:\\\/\\\/gohike.lv\\\/ru\\\/produkts\\\/treecell-midnight-forest-kolagena-sampuns\\\/#primaryimage\",\"url\":\"https:\\\/\\\/gohike.lv\\\/wp-content\\\/uploads\\\/2024\\\/10\\\/Go_hike_4-may-4.jpg\",\"contentUrl\":\"https:\\\/\\\/gohike.lv\\\/wp-content\\\/uploads\\\/2024\\\/10\\\/Go_hike_4-may-4.jpg\",\"width\":1080,\"height\":1080},{\"@type\":\"BreadcrumbList\",\"@id\":\"https:\\\/\\\/gohike.lv\\\/ru\\\/produkts\\\/treecell-midnight-forest-kolagena-sampuns\\\/#breadcrumb\",\"itemListElement\":[{\"@type\":\"ListItem\",\"position\":1,\"name\":\"\u0413\u043b\u0430\u0432\u043d\u0430\u044f\",\"item\":\"https:\\\/\\\/gohike.lv\\\/ru\\\/\"},{\"@type\":\"ListItem\",\"position\":2,\"name\":\"\u041a\u0430\u0442\u0435\u0433\u043e\u0440\u0438\u0438 \u0442\u043e\u0432\u0430\u0440\u043e\u0432\",\"item\":\"https:\\\/\\\/gohike.lv\\\/%d0%ba%d0%b0%d1%82%d0%b5%d0%b3%d0%be%d1%80%d0%b8%d0%b8-%d1%82%d0%be%d0%b2%d0%b0%d1%80%d0%be%d0%b2\\\/\"},{\"@type\":\"ListItem\",\"position\":3,\"name\":\"TREECELL &#8211; Midnight Forest kolag\u0113na \u0161amp\u016bns\"}]},{\"@type\":\"WebSite\",\"@id\":\"https:\\\/\\\/gohike.lv\\\/ru\\\/#website\",\"url\":\"https:\\\/\\\/gohike.lv\\\/ru\\\/\",\"name\":\"GoHike\",\"description\":\"\",\"publisher\":{\"@id\":\"https:\\\/\\\/gohike.lv\\\/ru\\\/#organization\"},\"potentialAction\":[{\"@type\":\"SearchAction\",\"target\":{\"@type\":\"EntryPoint\",\"urlTemplate\":\"https:\\\/\\\/gohike.lv\\\/ru\\\/?s={search_term_string}\"},\"query-input\":{\"@type\":\"PropertyValueSpecification\",\"valueRequired\":true,\"valueName\":\"search_term_string\"}}],\"inLanguage\":\"ru-RU\"},{\"@type\":\"Organization\",\"@id\":\"https:\\\/\\\/gohike.lv\\\/ru\\\/#organization\",\"name\":\"GoHike\",\"url\":\"https:\\\/\\\/gohike.lv\\\/ru\\\/\",\"logo\":{\"@type\":\"ImageObject\",\"inLanguage\":\"ru-RU\",\"@id\":\"https:\\\/\\\/gohike.lv\\\/ru\\\/#\\\/schema\\\/logo\\\/image\\\/\",\"url\":\"https:\\\/\\\/gohike.lv\\\/wp-content\\\/uploads\\\/2023\\\/08\\\/Logo_GoHike.webp\",\"contentUrl\":\"https:\\\/\\\/gohike.lv\\\/wp-content\\\/uploads\\\/2023\\\/08\\\/Logo_GoHike.webp\",\"width\":512,\"height\":512,\"caption\":\"GoHike\"},\"image\":{\"@id\":\"https:\\\/\\\/gohike.lv\\\/ru\\\/#\\\/schema\\\/logo\\\/image\\\/\"},\"sameAs\":[\"https:\\\/\\\/www.facebook.com\\\/gohike.shop\\\/\",\"https:\\\/\\\/www.instagram.com\\\/gohike.shop\\\/\"]}]}<\/script>\n<!-- \/ Yoast SEO plugin. -->","yoast_head_json":{"title":"TREECELL - Midnight Forest kolag\u0113na \u0161amp\u016bns","description":"\u0160amp\u016bns ar kolag\u0113nu \u2014 maiga un delik\u0101ta t\u012br\u012b\u0161ana no putek\u013ciem, sebuma un net\u012brumiem.","robots":{"index":"index","follow":"follow","max-snippet":"max-snippet:-1","max-image-preview":"max-image-preview:large","max-video-preview":"max-video-preview:-1"},"canonical":"https:\/\/gohike.lv\/ru\/produkts\/treecell-midnight-forest-kolagena-sampuns\/","og_locale":"ru_RU","og_type":"article","og_title":"TREECELL -","og_description":"\u0160amp\u016bns ar kolag\u0113nu \u2014 maiga un delik\u0101ta t\u012br\u012b\u0161ana no putek\u013ciem, sebuma un net\u012brumiem.","og_url":"https:\/\/gohike.lv\/ru\/produkts\/treecell-midnight-forest-kolagena-sampuns\/","og_site_name":"GoHike","article_publisher":"https:\/\/www.facebook.com\/gohike.shop\/","article_modified_time":"2025-12-30T14:09:54+00:00","og_image":[{"width":1080,"height":1080,"url":"https:\/\/gohike.lv\/wp-content\/uploads\/2024\/10\/Go_hike_4-may-4.jpg","type":"image\/jpeg"}],"twitter_card":"summary_large_image","twitter_title":"TREECELL -","twitter_misc":{"\u041f\u0440\u0438\u043c\u0435\u0440\u043d\u043e\u0435 \u0432\u0440\u0435\u043c\u044f \u0434\u043b\u044f \u0447\u0442\u0435\u043d\u0438\u044f":"2 \u043c\u0438\u043d\u0443\u0442\u0430"},"schema":{"@context":"https:\/\/schema.org","@graph":[{"@type":["WebPage","ItemPage"],"@id":"https:\/\/gohike.lv\/ru\/produkts\/treecell-midnight-forest-kolagena-sampuns\/","url":"https:\/\/gohike.lv\/ru\/produkts\/treecell-midnight-forest-kolagena-sampuns\/","name":"TREECELL - Midnight Forest kolag\u0113na \u0161amp\u016bns","isPartOf":{"@id":"https:\/\/gohike.lv\/ru\/#website"},"primaryImageOfPage":{"@id":"https:\/\/gohike.lv\/ru\/produkts\/treecell-midnight-forest-kolagena-sampuns\/#primaryimage"},"image":{"@id":"https:\/\/gohike.lv\/ru\/produkts\/treecell-midnight-forest-kolagena-sampuns\/#primaryimage"},"thumbnailUrl":"https:\/\/gohike.lv\/wp-content\/uploads\/2024\/10\/Go_hike_4-may-4.jpg","datePublished":"2024-10-14T17:57:06+00:00","dateModified":"2025-12-30T14:09:54+00:00","description":"\u0160amp\u016bns ar kolag\u0113nu \u2014 maiga un delik\u0101ta t\u012br\u012b\u0161ana no putek\u013ciem, sebuma un net\u012brumiem.","breadcrumb":{"@id":"https:\/\/gohike.lv\/ru\/produkts\/treecell-midnight-forest-kolagena-sampuns\/#breadcrumb"},"inLanguage":"ru-RU","potentialAction":[{"@type":"ReadAction","target":["https:\/\/gohike.lv\/ru\/produkts\/treecell-midnight-forest-kolagena-sampuns\/"]}]},{"@type":"ImageObject","inLanguage":"ru-RU","@id":"https:\/\/gohike.lv\/ru\/produkts\/treecell-midnight-forest-kolagena-sampuns\/#primaryimage","url":"https:\/\/gohike.lv\/wp-content\/uploads\/2024\/10\/Go_hike_4-may-4.jpg","contentUrl":"https:\/\/gohike.lv\/wp-content\/uploads\/2024\/10\/Go_hike_4-may-4.jpg","width":1080,"height":1080},{"@type":"BreadcrumbList","@id":"https:\/\/gohike.lv\/ru\/produkts\/treecell-midnight-forest-kolagena-sampuns\/#breadcrumb","itemListElement":[{"@type":"ListItem","position":1,"name":"\u0413\u043b\u0430\u0432\u043d\u0430\u044f","item":"https:\/\/gohike.lv\/ru\/"},{"@type":"ListItem","position":2,"name":"\u041a\u0430\u0442\u0435\u0433\u043e\u0440\u0438\u0438 \u0442\u043e\u0432\u0430\u0440\u043e\u0432","item":"https:\/\/gohike.lv\/%d0%ba%d0%b0%d1%82%d0%b5%d0%b3%d0%be%d1%80%d0%b8%d0%b8-%d1%82%d0%be%d0%b2%d0%b0%d1%80%d0%be%d0%b2\/"},{"@type":"ListItem","position":3,"name":"TREECELL &#8211; Midnight Forest kolag\u0113na \u0161amp\u016bns"}]},{"@type":"WebSite","@id":"https:\/\/gohike.lv\/ru\/#website","url":"https:\/\/gohike.lv\/ru\/","name":"GoHike","description":"","publisher":{"@id":"https:\/\/gohike.lv\/ru\/#organization"},"potentialAction":[{"@type":"SearchAction","target":{"@type":"EntryPoint","urlTemplate":"https:\/\/gohike.lv\/ru\/?s={search_term_string}"},"query-input":{"@type":"PropertyValueSpecification","valueRequired":true,"valueName":"search_term_string"}}],"inLanguage":"ru-RU"},{"@type":"Organization","@id":"https:\/\/gohike.lv\/ru\/#organization","name":"GoHike","url":"https:\/\/gohike.lv\/ru\/","logo":{"@type":"ImageObject","inLanguage":"ru-RU","@id":"https:\/\/gohike.lv\/ru\/#\/schema\/logo\/image\/","url":"https:\/\/gohike.lv\/wp-content\/uploads\/2023\/08\/Logo_GoHike.webp","contentUrl":"https:\/\/gohike.lv\/wp-content\/uploads\/2023\/08\/Logo_GoHike.webp","width":512,"height":512,"caption":"GoHike"},"image":{"@id":"https:\/\/gohike.lv\/ru\/#\/schema\/logo\/image\/"},"sameAs":["https:\/\/www.facebook.com\/gohike.shop\/","https:\/\/www.instagram.com\/gohike.shop\/"]}]}},"jetpack_sharing_enabled":true,"_links":{"self":[{"href":"https:\/\/gohike.lv\/ru\/wp-json\/wp\/v2\/product\/63543","targetHints":{"allow":["GET"]}}],"collection":[{"href":"https:\/\/gohike.lv\/ru\/wp-json\/wp\/v2\/product"}],"about":[{"href":"https:\/\/gohike.lv\/ru\/wp-json\/wp\/v2\/types\/product"}],"version-history":[{"count":0,"href":"https:\/\/gohike.lv\/ru\/wp-json\/wp\/v2\/product\/63543\/revisions"}],"wp:featuredmedia":[{"embeddable":true,"href":"https:\/\/gohike.lv\/ru\/wp-json\/wp\/v2\/media\/63557"}],"wp:attachment":[{"href":"https:\/\/gohike.lv\/ru\/wp-json\/wp\/v2\/media?parent=63543"}],"wp:term":[{"taxonomy":"product_brand","embeddable":true,"href":"https:\/\/gohike.lv\/ru\/wp-json\/wp\/v2\/product_brand?post=63543"},{"taxonomy":"product_cat","embeddable":true,"href":"https:\/\/gohike.lv\/ru\/wp-json\/wp\/v2\/product_cat?post=63543"},{"taxonomy":"product_tag","embeddable":true,"href":"https:\/\/gohike.lv\/ru\/wp-json\/wp\/v2\/product_tag?post=63543"}],"curies":[{"name":"wp","href":"https:\/\/api.w.org\/{rel}","templated":true}]}}