{"id":63535,"date":"2024-10-14T20:57:06","date_gmt":"2024-10-14T17:57:06","guid":{"rendered":"https:\/\/gohike.lv\/produkts\/treecell-dienas-kolagena-sampuns-svetdienas-rits\/"},"modified":"2025-12-30T17:09:54","modified_gmt":"2025-12-30T14:09:54","slug":"treecell-dienas-kolagena-sampuns-svetdienas-rits","status":"publish","type":"product","link":"https:\/\/gohike.lv\/ru\/produkts\/treecell-dienas-kolagena-sampuns-svetdienas-rits\/","title":{"rendered":"TREECELL &#8212; Morning Of Resort kolag\u0113na \u0161amp\u016bns"},"content":{"rendered":"<p>Produkts satur kolag\u0113nu, salicilsk\u0101bi, fitoekstraktus un augu e\u013c\u013cas. \u0160ie komponenti saudz\u012bgi no\u0146em atmiru\u0161o epidermu, izl\u012bdzina, stiprina, baro, m\u012bkstina un atjauno strukt\u016bru, pie\u0161\u0137irot tai elast\u012bbu un apjomu.\u0160amp\u016bns pie\u0161\u0137ir matiem sp\u012bdumu, padara tos viegli kopjamus un paklaus\u012bgus, atvieglojot turpm\u0101ko veido\u0161anu.<br \/>\nLieto\u0161anas veids: uzkl\u0101jiet \u0161amp\u016bnu uz mitras galvas \u0101das, saputojiet, un p\u0113c tam noskalojiet atlikumus ar \u016bdeni.<br \/>\nSast\u0101vda\u013cas:Water, Disodium Laureth Sulfosuccinate, Glycerin, Cocamide MIPA, Lauryl Glucoside, Lauryl Betaine, Decyl Glucoside, Hydrolyzed Collagen (10,25ppm), Laureth-23, Caffeine, Cocamide Methyl MEA, Polyquaternium-10, Fragrance, Sodium Chloride, Citric Acid, Salicylic Acid, Dexpanthenol, Sodium Benzoate, Niacinamide, Butylene Glycol, Potassium Sorbate, Isopropanolamine, Echinacea Purpurea Callus Culture Extract, Daucus Carota Sativa (Carrot) Leaf Extract, Propylene Glycol, 1,2-Hexanediol, Hydrogenated Lecithin, Glyceryl Caprylate, Polysorbate 60, Hydrolyzed Silk, Hydrolyzed Keratin, Milk Protein Extract, Glyceryl Polymethacrylate, Macrocystis Pyrifera (Kelp) Extract, Caprylyl Glycol, Ethylhexylglycerin, Arginine, Ecklonia Cava Extract, Soluble Collagen, Glycine, Serine, Glutamic Acid, Sodium Lactate, Hizikia Fusiforme Extract, Sargassum Fulvellum Extract, Undaria Pinnatifida Extract, Aspartic Acid, Leucine, Alanine, Lysine, Helianthus Annuus (Sunflower) Seed Oil, Tyrosine, Phenylalanine, Valine, Threonine, Proline, Isoleucine, Histidine, Methionine, Cysteine, Codium Fragile Extract, Acetyl Hexapeptide-8, Palmitoyl Tripeptide-1<\/p>\n","protected":false},"excerpt":{"rendered":"<p>\u0160amp\u016bns ir paredz\u0113ts saudz\u012bgai jebkura tipa matu att\u012br\u012b\u0161anai. Koncentr\u0113t\u0101 formula ar maigiem virsmakt\u012bvajiem l\u012bdzek\u013ciem veido z\u012bdainas putas, kas saudz\u012bgi no\u0146em net\u012brumus. Produktam piem\u012bt citrusaug\u013cu arom\u0101ts.<\/p>\n","protected":false},"featured_media":63555,"template":"","meta":[],"product_brand":[],"product_cat":[1380],"product_tag":[],"class_list":{"0":"post-63535","1":"product","2":"type-product","3":"status-publish","4":"has-post-thumbnail","6":"product_cat-higiena","7":"pa_produkta-tips-kosmetika","8":"pa_tilpums-50ml","10":"first","11":"instock","12":"taxable","13":"shipping-taxable","14":"purchasable","15":"product-type-simple"},"raw_content":{"name":"TREECELL - Morning Of Resort kolag\u0113na \u0161amp\u016bns","description":"Produkts satur kolag\u0113nu, salicilsk\u0101bi, fitoekstraktus un augu e\u013c\u013cas. \u0160ie komponenti saudz\u012bgi no\u0146em atmiru\u0161o epidermu, izl\u012bdzina, stiprina, baro, m\u012bkstina un atjauno strukt\u016bru, pie\u0161\u0137irot tai elast\u012bbu un apjomu.\u0160amp\u016bns pie\u0161\u0137ir matiem sp\u012bdumu, padara tos viegli kopjamus un paklaus\u012bgus, atvieglojot turpm\u0101ko veido\u0161anu.\nLieto\u0161anas veids: uzkl\u0101jiet \u0161amp\u016bnu uz mitras galvas \u0101das, saputojiet, un p\u0113c tam noskalojiet atlikumus ar \u016bdeni.\nSast\u0101vda\u013cas:Water, Disodium Laureth Sulfosuccinate, Glycerin, Cocamide MIPA, Lauryl Glucoside, Lauryl Betaine, Decyl Glucoside, Hydrolyzed Collagen (10,25ppm), Laureth-23, Caffeine, Cocamide Methyl MEA, Polyquaternium-10, Fragrance, Sodium Chloride, Citric Acid, Salicylic Acid, Dexpanthenol, Sodium Benzoate, Niacinamide, Butylene Glycol, Potassium Sorbate, Isopropanolamine, Echinacea Purpurea Callus Culture Extract, Daucus Carota Sativa (Carrot) Leaf Extract, Propylene Glycol, 1,2-Hexanediol, Hydrogenated Lecithin, Glyceryl Caprylate, Polysorbate 60, Hydrolyzed Silk, Hydrolyzed Keratin, Milk Protein Extract, Glyceryl Polymethacrylate, Macrocystis Pyrifera (Kelp) Extract, Caprylyl Glycol, Ethylhexylglycerin, Arginine, Ecklonia Cava Extract, Soluble Collagen, Glycine, Serine, Glutamic Acid, Sodium Lactate, Hizikia Fusiforme Extract, Sargassum Fulvellum Extract, Undaria Pinnatifida Extract, Aspartic Acid, Leucine, Alanine, Lysine, Helianthus Annuus (Sunflower) Seed Oil, Tyrosine, Phenylalanine, Valine, Threonine, Proline, Isoleucine, Histidine, Methionine, Cysteine, Codium Fragile Extract, Acetyl Hexapeptide-8, Palmitoyl Tripeptide-1","short_description":"\u0160amp\u016bns ir paredz\u0113ts saudz\u012bgai jebkura tipa matu att\u012br\u012b\u0161anai. Koncentr\u0113t\u0101 formula ar maigiem virsmakt\u012bvajiem l\u012bdzek\u013ciem veido z\u012bdainas putas, kas saudz\u012bgi no\u0146em net\u012brumus. Produktam piem\u012bt citrusaug\u013cu arom\u0101ts.","status":"publish","sku":"trecell-day-1234","original":63535},"wpml":{"translation_type":1,"has_translations":true,"original":63535,"duplicates":[],"translations":{"lv":63535,"en":66955,"ru":null}},"supplier_id":null,"supplier_sku":"","barcode":null,"atum_controlled":true,"out_stock_date":null,"out_stock_threshold":null,"inheritable":false,"inbound_stock":0,"stock_on_hold":0,"sold_today":0,"sales_last_days":0,"reserved_stock":0,"customer_returns":0,"warehouse_damage":0,"lost_in_post":0,"other_logs":0,"out_stock_days":0,"lost_sales":0,"has_location":false,"update_date":"2025-12-30T14:13:26","atum_locations":[],"atum_stock_status":"instock","restock_status":false,"low_stock_amount":"","sales_update_date":"2025-11-13T14:07:39","calc_backorders":null,"yoast_head":"<!-- This site is optimized with the Yoast SEO plugin v27.3 - https:\/\/yoast.com\/product\/yoast-seo-wordpress\/ -->\n<title>TREECELL - Morning Of Resort kolag\u0113na \u0161amp\u016bns<\/title>\n<meta name=\"description\" content=\"\u0160amp\u016bns ir paredz\u0113ts saudz\u012bgai jebkura tipa matu att\u012br\u012b\u0161anai. Koncentr\u0113t\u0101 formula ar maigiem virsmakt\u012bvajiem l\u012bdzek\u013ciem veido z\u012bdainas putas, kas saudz\u012bgi no\u0146em net\u012brumus. Produktam piem\u012bt citrusaug\u013cu arom\u0101ts.\" \/>\n<meta name=\"robots\" content=\"index, follow, max-snippet:-1, max-image-preview:large, max-video-preview:-1\" \/>\n<link rel=\"canonical\" href=\"https:\/\/gohike.lv\/ru\/produkts\/treecell-dienas-kolagena-sampuns-svetdienas-rits\/\" \/>\n<meta property=\"og:locale\" content=\"ru_RU\" \/>\n<meta property=\"og:type\" content=\"article\" \/>\n<meta property=\"og:title\" content=\"TREECELL - Dienas Kolag\u0113na \u0161amp\u016bns (Sv\u0113tdienas r\u012bts)\" \/>\n<meta property=\"og:description\" content=\"\u0160amp\u016bns ir paredz\u0113ts saudz\u012bgai jebkura tipa matu att\u012br\u012b\u0161anai. Koncentr\u0113t\u0101 formula ar maigiem virsmakt\u012bvajiem l\u012bdzek\u013ciem veido z\u012bdainas putas, kas saudz\u012bgi no\u0146em net\u012brumus. Produktam piem\u012bt citrusaug\u013cu arom\u0101ts.\" \/>\n<meta property=\"og:url\" content=\"https:\/\/gohike.lv\/ru\/produkts\/treecell-dienas-kolagena-sampuns-svetdienas-rits\/\" \/>\n<meta property=\"og:site_name\" content=\"GoHike\" \/>\n<meta property=\"article:publisher\" content=\"https:\/\/www.facebook.com\/gohike.shop\/\" \/>\n<meta property=\"article:modified_time\" content=\"2025-12-30T14:09:54+00:00\" \/>\n<meta property=\"og:image\" content=\"https:\/\/gohike.lv\/wp-content\/uploads\/2024\/10\/TREECELL01-M-343215_900x.webp\" \/>\n\t<meta property=\"og:image:width\" content=\"900\" \/>\n\t<meta property=\"og:image:height\" content=\"900\" \/>\n\t<meta property=\"og:image:type\" content=\"image\/webp\" \/>\n<meta name=\"twitter:card\" content=\"summary_large_image\" \/>\n<meta name=\"twitter:title\" content=\"TREECELL - Dienas Kolag\u0113na \u0161amp\u016bns (Sv\u0113tdienas r\u012bts)\" \/>\n<meta name=\"twitter:label1\" content=\"\u041f\u0440\u0438\u043c\u0435\u0440\u043d\u043e\u0435 \u0432\u0440\u0435\u043c\u044f \u0434\u043b\u044f \u0447\u0442\u0435\u043d\u0438\u044f\" \/>\n\t<meta name=\"twitter:data1\" content=\"2 \u043c\u0438\u043d\u0443\u0442\u0430\" \/>\n<script type=\"application\/ld+json\" class=\"yoast-schema-graph\">{\"@context\":\"https:\\\/\\\/schema.org\",\"@graph\":[{\"@type\":[\"WebPage\",\"ItemPage\"],\"@id\":\"https:\\\/\\\/gohike.lv\\\/ru\\\/produkts\\\/treecell-dienas-kolagena-sampuns-svetdienas-rits\\\/\",\"url\":\"https:\\\/\\\/gohike.lv\\\/ru\\\/produkts\\\/treecell-dienas-kolagena-sampuns-svetdienas-rits\\\/\",\"name\":\"TREECELL - Morning Of Resort kolag\u0113na \u0161amp\u016bns\",\"isPartOf\":{\"@id\":\"https:\\\/\\\/gohike.lv\\\/ru\\\/#website\"},\"primaryImageOfPage\":{\"@id\":\"https:\\\/\\\/gohike.lv\\\/ru\\\/produkts\\\/treecell-dienas-kolagena-sampuns-svetdienas-rits\\\/#primaryimage\"},\"image\":{\"@id\":\"https:\\\/\\\/gohike.lv\\\/ru\\\/produkts\\\/treecell-dienas-kolagena-sampuns-svetdienas-rits\\\/#primaryimage\"},\"thumbnailUrl\":\"https:\\\/\\\/gohike.lv\\\/wp-content\\\/uploads\\\/2024\\\/10\\\/TREECELL01-M-343215_900x.webp\",\"datePublished\":\"2024-10-14T17:57:06+00:00\",\"dateModified\":\"2025-12-30T14:09:54+00:00\",\"description\":\"\u0160amp\u016bns ir paredz\u0113ts saudz\u012bgai jebkura tipa matu att\u012br\u012b\u0161anai. Koncentr\u0113t\u0101 formula ar maigiem virsmakt\u012bvajiem l\u012bdzek\u013ciem veido z\u012bdainas putas, kas saudz\u012bgi no\u0146em net\u012brumus. Produktam piem\u012bt citrusaug\u013cu arom\u0101ts.\",\"breadcrumb\":{\"@id\":\"https:\\\/\\\/gohike.lv\\\/ru\\\/produkts\\\/treecell-dienas-kolagena-sampuns-svetdienas-rits\\\/#breadcrumb\"},\"inLanguage\":\"ru-RU\",\"potentialAction\":[{\"@type\":\"ReadAction\",\"target\":[\"https:\\\/\\\/gohike.lv\\\/ru\\\/produkts\\\/treecell-dienas-kolagena-sampuns-svetdienas-rits\\\/\"]}]},{\"@type\":\"ImageObject\",\"inLanguage\":\"ru-RU\",\"@id\":\"https:\\\/\\\/gohike.lv\\\/ru\\\/produkts\\\/treecell-dienas-kolagena-sampuns-svetdienas-rits\\\/#primaryimage\",\"url\":\"https:\\\/\\\/gohike.lv\\\/wp-content\\\/uploads\\\/2024\\\/10\\\/TREECELL01-M-343215_900x.webp\",\"contentUrl\":\"https:\\\/\\\/gohike.lv\\\/wp-content\\\/uploads\\\/2024\\\/10\\\/TREECELL01-M-343215_900x.webp\",\"width\":900,\"height\":900},{\"@type\":\"BreadcrumbList\",\"@id\":\"https:\\\/\\\/gohike.lv\\\/ru\\\/produkts\\\/treecell-dienas-kolagena-sampuns-svetdienas-rits\\\/#breadcrumb\",\"itemListElement\":[{\"@type\":\"ListItem\",\"position\":1,\"name\":\"\u0413\u043b\u0430\u0432\u043d\u0430\u044f\",\"item\":\"https:\\\/\\\/gohike.lv\\\/ru\\\/\"},{\"@type\":\"ListItem\",\"position\":2,\"name\":\"\u041a\u0430\u0442\u0435\u0433\u043e\u0440\u0438\u0438 \u0442\u043e\u0432\u0430\u0440\u043e\u0432\",\"item\":\"https:\\\/\\\/gohike.lv\\\/%d0%ba%d0%b0%d1%82%d0%b5%d0%b3%d0%be%d1%80%d0%b8%d0%b8-%d1%82%d0%be%d0%b2%d0%b0%d1%80%d0%be%d0%b2\\\/\"},{\"@type\":\"ListItem\",\"position\":3,\"name\":\"TREECELL &#8211; Morning Of Resort kolag\u0113na \u0161amp\u016bns\"}]},{\"@type\":\"WebSite\",\"@id\":\"https:\\\/\\\/gohike.lv\\\/ru\\\/#website\",\"url\":\"https:\\\/\\\/gohike.lv\\\/ru\\\/\",\"name\":\"GoHike\",\"description\":\"\",\"publisher\":{\"@id\":\"https:\\\/\\\/gohike.lv\\\/ru\\\/#organization\"},\"potentialAction\":[{\"@type\":\"SearchAction\",\"target\":{\"@type\":\"EntryPoint\",\"urlTemplate\":\"https:\\\/\\\/gohike.lv\\\/ru\\\/?s={search_term_string}\"},\"query-input\":{\"@type\":\"PropertyValueSpecification\",\"valueRequired\":true,\"valueName\":\"search_term_string\"}}],\"inLanguage\":\"ru-RU\"},{\"@type\":\"Organization\",\"@id\":\"https:\\\/\\\/gohike.lv\\\/ru\\\/#organization\",\"name\":\"GoHike\",\"url\":\"https:\\\/\\\/gohike.lv\\\/ru\\\/\",\"logo\":{\"@type\":\"ImageObject\",\"inLanguage\":\"ru-RU\",\"@id\":\"https:\\\/\\\/gohike.lv\\\/ru\\\/#\\\/schema\\\/logo\\\/image\\\/\",\"url\":\"https:\\\/\\\/gohike.lv\\\/wp-content\\\/uploads\\\/2023\\\/08\\\/Logo_GoHike.webp\",\"contentUrl\":\"https:\\\/\\\/gohike.lv\\\/wp-content\\\/uploads\\\/2023\\\/08\\\/Logo_GoHike.webp\",\"width\":512,\"height\":512,\"caption\":\"GoHike\"},\"image\":{\"@id\":\"https:\\\/\\\/gohike.lv\\\/ru\\\/#\\\/schema\\\/logo\\\/image\\\/\"},\"sameAs\":[\"https:\\\/\\\/www.facebook.com\\\/gohike.shop\\\/\",\"https:\\\/\\\/www.instagram.com\\\/gohike.shop\\\/\"]}]}<\/script>\n<!-- \/ Yoast SEO plugin. -->","yoast_head_json":{"title":"TREECELL - Morning Of Resort kolag\u0113na \u0161amp\u016bns","description":"\u0160amp\u016bns ir paredz\u0113ts saudz\u012bgai jebkura tipa matu att\u012br\u012b\u0161anai. Koncentr\u0113t\u0101 formula ar maigiem virsmakt\u012bvajiem l\u012bdzek\u013ciem veido z\u012bdainas putas, kas saudz\u012bgi no\u0146em net\u012brumus. Produktam piem\u012bt citrusaug\u013cu arom\u0101ts.","robots":{"index":"index","follow":"follow","max-snippet":"max-snippet:-1","max-image-preview":"max-image-preview:large","max-video-preview":"max-video-preview:-1"},"canonical":"https:\/\/gohike.lv\/ru\/produkts\/treecell-dienas-kolagena-sampuns-svetdienas-rits\/","og_locale":"ru_RU","og_type":"article","og_title":"TREECELL - Dienas Kolag\u0113na \u0161amp\u016bns (Sv\u0113tdienas r\u012bts)","og_description":"\u0160amp\u016bns ir paredz\u0113ts saudz\u012bgai jebkura tipa matu att\u012br\u012b\u0161anai. Koncentr\u0113t\u0101 formula ar maigiem virsmakt\u012bvajiem l\u012bdzek\u013ciem veido z\u012bdainas putas, kas saudz\u012bgi no\u0146em net\u012brumus. Produktam piem\u012bt citrusaug\u013cu arom\u0101ts.","og_url":"https:\/\/gohike.lv\/ru\/produkts\/treecell-dienas-kolagena-sampuns-svetdienas-rits\/","og_site_name":"GoHike","article_publisher":"https:\/\/www.facebook.com\/gohike.shop\/","article_modified_time":"2025-12-30T14:09:54+00:00","og_image":[{"width":900,"height":900,"url":"https:\/\/gohike.lv\/wp-content\/uploads\/2024\/10\/TREECELL01-M-343215_900x.webp","type":"image\/webp"}],"twitter_card":"summary_large_image","twitter_title":"TREECELL - Dienas Kolag\u0113na \u0161amp\u016bns (Sv\u0113tdienas r\u012bts)","twitter_misc":{"\u041f\u0440\u0438\u043c\u0435\u0440\u043d\u043e\u0435 \u0432\u0440\u0435\u043c\u044f \u0434\u043b\u044f \u0447\u0442\u0435\u043d\u0438\u044f":"2 \u043c\u0438\u043d\u0443\u0442\u0430"},"schema":{"@context":"https:\/\/schema.org","@graph":[{"@type":["WebPage","ItemPage"],"@id":"https:\/\/gohike.lv\/ru\/produkts\/treecell-dienas-kolagena-sampuns-svetdienas-rits\/","url":"https:\/\/gohike.lv\/ru\/produkts\/treecell-dienas-kolagena-sampuns-svetdienas-rits\/","name":"TREECELL - Morning Of Resort kolag\u0113na \u0161amp\u016bns","isPartOf":{"@id":"https:\/\/gohike.lv\/ru\/#website"},"primaryImageOfPage":{"@id":"https:\/\/gohike.lv\/ru\/produkts\/treecell-dienas-kolagena-sampuns-svetdienas-rits\/#primaryimage"},"image":{"@id":"https:\/\/gohike.lv\/ru\/produkts\/treecell-dienas-kolagena-sampuns-svetdienas-rits\/#primaryimage"},"thumbnailUrl":"https:\/\/gohike.lv\/wp-content\/uploads\/2024\/10\/TREECELL01-M-343215_900x.webp","datePublished":"2024-10-14T17:57:06+00:00","dateModified":"2025-12-30T14:09:54+00:00","description":"\u0160amp\u016bns ir paredz\u0113ts saudz\u012bgai jebkura tipa matu att\u012br\u012b\u0161anai. Koncentr\u0113t\u0101 formula ar maigiem virsmakt\u012bvajiem l\u012bdzek\u013ciem veido z\u012bdainas putas, kas saudz\u012bgi no\u0146em net\u012brumus. Produktam piem\u012bt citrusaug\u013cu arom\u0101ts.","breadcrumb":{"@id":"https:\/\/gohike.lv\/ru\/produkts\/treecell-dienas-kolagena-sampuns-svetdienas-rits\/#breadcrumb"},"inLanguage":"ru-RU","potentialAction":[{"@type":"ReadAction","target":["https:\/\/gohike.lv\/ru\/produkts\/treecell-dienas-kolagena-sampuns-svetdienas-rits\/"]}]},{"@type":"ImageObject","inLanguage":"ru-RU","@id":"https:\/\/gohike.lv\/ru\/produkts\/treecell-dienas-kolagena-sampuns-svetdienas-rits\/#primaryimage","url":"https:\/\/gohike.lv\/wp-content\/uploads\/2024\/10\/TREECELL01-M-343215_900x.webp","contentUrl":"https:\/\/gohike.lv\/wp-content\/uploads\/2024\/10\/TREECELL01-M-343215_900x.webp","width":900,"height":900},{"@type":"BreadcrumbList","@id":"https:\/\/gohike.lv\/ru\/produkts\/treecell-dienas-kolagena-sampuns-svetdienas-rits\/#breadcrumb","itemListElement":[{"@type":"ListItem","position":1,"name":"\u0413\u043b\u0430\u0432\u043d\u0430\u044f","item":"https:\/\/gohike.lv\/ru\/"},{"@type":"ListItem","position":2,"name":"\u041a\u0430\u0442\u0435\u0433\u043e\u0440\u0438\u0438 \u0442\u043e\u0432\u0430\u0440\u043e\u0432","item":"https:\/\/gohike.lv\/%d0%ba%d0%b0%d1%82%d0%b5%d0%b3%d0%be%d1%80%d0%b8%d0%b8-%d1%82%d0%be%d0%b2%d0%b0%d1%80%d0%be%d0%b2\/"},{"@type":"ListItem","position":3,"name":"TREECELL &#8211; Morning Of Resort kolag\u0113na \u0161amp\u016bns"}]},{"@type":"WebSite","@id":"https:\/\/gohike.lv\/ru\/#website","url":"https:\/\/gohike.lv\/ru\/","name":"GoHike","description":"","publisher":{"@id":"https:\/\/gohike.lv\/ru\/#organization"},"potentialAction":[{"@type":"SearchAction","target":{"@type":"EntryPoint","urlTemplate":"https:\/\/gohike.lv\/ru\/?s={search_term_string}"},"query-input":{"@type":"PropertyValueSpecification","valueRequired":true,"valueName":"search_term_string"}}],"inLanguage":"ru-RU"},{"@type":"Organization","@id":"https:\/\/gohike.lv\/ru\/#organization","name":"GoHike","url":"https:\/\/gohike.lv\/ru\/","logo":{"@type":"ImageObject","inLanguage":"ru-RU","@id":"https:\/\/gohike.lv\/ru\/#\/schema\/logo\/image\/","url":"https:\/\/gohike.lv\/wp-content\/uploads\/2023\/08\/Logo_GoHike.webp","contentUrl":"https:\/\/gohike.lv\/wp-content\/uploads\/2023\/08\/Logo_GoHike.webp","width":512,"height":512,"caption":"GoHike"},"image":{"@id":"https:\/\/gohike.lv\/ru\/#\/schema\/logo\/image\/"},"sameAs":["https:\/\/www.facebook.com\/gohike.shop\/","https:\/\/www.instagram.com\/gohike.shop\/"]}]}},"jetpack_sharing_enabled":true,"_links":{"self":[{"href":"https:\/\/gohike.lv\/ru\/wp-json\/wp\/v2\/product\/63535","targetHints":{"allow":["GET"]}}],"collection":[{"href":"https:\/\/gohike.lv\/ru\/wp-json\/wp\/v2\/product"}],"about":[{"href":"https:\/\/gohike.lv\/ru\/wp-json\/wp\/v2\/types\/product"}],"version-history":[{"count":0,"href":"https:\/\/gohike.lv\/ru\/wp-json\/wp\/v2\/product\/63535\/revisions"}],"wp:featuredmedia":[{"embeddable":true,"href":"https:\/\/gohike.lv\/ru\/wp-json\/wp\/v2\/media\/63555"}],"wp:attachment":[{"href":"https:\/\/gohike.lv\/ru\/wp-json\/wp\/v2\/media?parent=63535"}],"wp:term":[{"taxonomy":"product_brand","embeddable":true,"href":"https:\/\/gohike.lv\/ru\/wp-json\/wp\/v2\/product_brand?post=63535"},{"taxonomy":"product_cat","embeddable":true,"href":"https:\/\/gohike.lv\/ru\/wp-json\/wp\/v2\/product_cat?post=63535"},{"taxonomy":"product_tag","embeddable":true,"href":"https:\/\/gohike.lv\/ru\/wp-json\/wp\/v2\/product_tag?post=63535"}],"curies":[{"name":"wp","href":"https:\/\/api.w.org\/{rel}","templated":true}]}}