{"id":63526,"date":"2024-10-14T20:57:06","date_gmt":"2024-10-14T17:57:06","guid":{"rendered":"https:\/\/gohike.lv\/produkts\/mezclar-maska-sejas-adas-mitrinasanai\/"},"modified":"2025-12-30T17:09:54","modified_gmt":"2025-12-30T14:09:54","slug":"mezclar-maska-sejas-adas-mitrinasanai","status":"publish","type":"product","link":"https:\/\/gohike.lv\/ru\/produkts\/mezclar-maska-sejas-adas-mitrinasanai\/","title":{"rendered":"Mezclar &#8212; Maska sejas \u0101das mitrin\u0101\u0161anai"},"content":{"rendered":"<p>Premium Double Action Sheet: Patent\u0113ta \u010detrus paaudzes maska ar divk\u0101r\u0161u p\u0101rkl\u0101jumu, kas satur hidrog\u0113lu ar \u0101das aizsardz\u012bbu + mitrino\u0161u risin\u0101jumu, Austr\u0101lijas VEOCEL \u2122 veg\u0101niski sertific\u0113ts Lenzing lapas (10 1296105)<br \/>\nFakti:<br \/>\nIzmantojot Antera 3D (Miravex Ltd., \u012arija), pier\u0101d\u012bta elast\u012bba 100 stundu laik\u0101 vienreiz\u0113jai lieto\u0161anai;<br \/>\nTMS (True Systems Co., SIA, Korejas Republika), pier\u0101d\u012bta \u0101das t\u012br\u012bba 100 stundu laik\u0101 p\u0113c vienreiz\u0113jas lieto\u0161anas;<br \/>\nEpsilon E100 (Biox Systems Ltd., Anglija), pier\u0101d\u012bja ilgsto\u0161u mitrin\u0101\u0161anu 100 stundu garum\u0101 vienreiz\u0113j\u0101 lieto\u0161an\u0101.<br \/>\nIzmanto\u0161ana: P\u0113c sejas mazg\u0101\u0161anas un \u0101das tekst\u016bras kori\u0123\u0113\u0161anas iz\u0146emiet lapu un vienm\u0113r\u012bgi uzkl\u0101jiet to uz visas sejas. No\u0146emiet to p\u0113c 10-20 min\u016bt\u0113m un ar viegl\u0101m d\u016brieniem izkl\u0101jiet atlikumus uz \u0101das, lai tie uzs\u016bktos.<br \/>\n\u203b Pirms lieto\u0161anas, l\u016bdzu, berz\u0113jiet maisi\u0146u ar ap\u013cveida kust\u012bb\u0101m no 3 l\u012bdz 5 reiz\u0113m.<br \/>\nSast\u0101vda\u013cas: Att\u012br\u012bts \u016bdens, glicer\u012bns, butil\u0113nglikols, niacinam\u012bds, 1,2-heksandiols, propolisa ekstrakts, n\u0101trija hialuron\u0101ta krustenisk\u0101 polim\u0113ra, pantenols, ekto\u012bns, bogeum kaktusa ekstrakts, etilheksilglicer\u012bns, tokoferols, ksant\u0101na gumija, Adenoz\u012bns, disodium EDTA, kolostrs, rozmar\u012bna lapu e\u013c\u013ca, hidrogen\u0113ts lecit\u012bns, shea sviests, ol\u012bve\u013c\u013ca, valerijana ekstrakts, Provansas rozes ekstrakts, hidroliz\u0113ts linu ekstrakts, fenhe\u013ca s\u0113klu ekstrakts, lecit\u012bns, akmens rokas ekstrakts, kolag\u0113na ekstrakts, poliglicer\u012bla-10 ole\u0101ts, glicolip\u012bds, retinila palmit\u0101ts, ceram\u012bds NP, Candida bombicola\/glikoze\/metilrap\u0161u datu ferment\u0101cija, saulespu\u0137u s\u0113klu e\u013c\u013ca, n\u0101trija hialuron\u0101ts, tokoferila acet\u0101ts, ksilitola glikoz\u012bds, anhidroksilitols, hidroksipropiltrimonija hialuron\u0101ts, hidroliz\u0113ta hialuronsk\u0101be, hialuronsk\u0101be, hidroliz\u0113ts n\u0101trija hialuron\u0101ts, k\u0101lija hialuron\u0101ts, ksilitols, PEG-60 hidrogen\u0113ta ric\u012bna e\u013c\u013ca, pentil\u0113nglikols, glikoze, karbomers, trometam\u012bns.<\/p>\n","protected":false},"excerpt":{"rendered":"<p>Hidras \u0123ener\u0113jo\u0161\u0101 maska mitrino\u0161a &#8212; maska ar propolisu un hialuronsk\u0101bi nodro\u0161ina bag\u0101t\u012bgu baro\u0161anu un mitrina \u0101du. Kolosu ekstrakts un multivitam\u012bni pie\u0161\u0137ir \u0101dai gludumu, elast\u012bbu un dab\u012bgu mirdzumu.<\/p>\n","protected":false},"featured_media":63528,"template":"","meta":[],"product_brand":[],"product_cat":[1380],"product_tag":[],"class_list":{"0":"post-63526","1":"product","2":"type-product","3":"status-publish","4":"has-post-thumbnail","6":"product_cat-higiena","7":"pa_produkta-tips-kosmetika","8":"pa_tilpums-25ml","10":"first","11":"instock","12":"taxable","13":"shipping-taxable","14":"purchasable","15":"product-type-simple"},"raw_content":{"name":"Mezclar - Maska sejas \u0101das mitrin\u0101\u0161anai","description":"Premium Double Action Sheet: Patent\u0113ta \u010detrus paaudzes maska ar divk\u0101r\u0161u p\u0101rkl\u0101jumu, kas satur hidrog\u0113lu ar \u0101das aizsardz\u012bbu + mitrino\u0161u risin\u0101jumu, Austr\u0101lijas VEOCEL \u2122 veg\u0101niski sertific\u0113ts Lenzing lapas (10 1296105)\nFakti:\nIzmantojot Antera 3D (Miravex Ltd., \u012arija), pier\u0101d\u012bta elast\u012bba 100 stundu laik\u0101 vienreiz\u0113jai lieto\u0161anai;\nTMS (True Systems Co., SIA, Korejas Republika), pier\u0101d\u012bta \u0101das t\u012br\u012bba 100 stundu laik\u0101 p\u0113c vienreiz\u0113jas lieto\u0161anas;\nEpsilon E100 (Biox Systems Ltd., Anglija), pier\u0101d\u012bja ilgsto\u0161u mitrin\u0101\u0161anu 100 stundu garum\u0101 vienreiz\u0113j\u0101 lieto\u0161an\u0101.\nIzmanto\u0161ana: P\u0113c sejas mazg\u0101\u0161anas un \u0101das tekst\u016bras kori\u0123\u0113\u0161anas iz\u0146emiet lapu un vienm\u0113r\u012bgi uzkl\u0101jiet to uz visas sejas. No\u0146emiet to p\u0113c 10-20 min\u016bt\u0113m un ar viegl\u0101m d\u016brieniem izkl\u0101jiet atlikumus uz \u0101das, lai tie uzs\u016bktos.\n\u203b Pirms lieto\u0161anas, l\u016bdzu, berz\u0113jiet maisi\u0146u ar ap\u013cveida kust\u012bb\u0101m no 3 l\u012bdz 5 reiz\u0113m.\nSast\u0101vda\u013cas: Att\u012br\u012bts \u016bdens, glicer\u012bns, butil\u0113nglikols, niacinam\u012bds, 1,2-heksandiols, propolisa ekstrakts, n\u0101trija hialuron\u0101ta krustenisk\u0101 polim\u0113ra, pantenols, ekto\u012bns, bogeum kaktusa ekstrakts, etilheksilglicer\u012bns, tokoferols, ksant\u0101na gumija, Adenoz\u012bns, disodium EDTA, kolostrs, rozmar\u012bna lapu e\u013c\u013ca, hidrogen\u0113ts lecit\u012bns, shea sviests, ol\u012bve\u013c\u013ca, valerijana ekstrakts, Provansas rozes ekstrakts, hidroliz\u0113ts linu ekstrakts, fenhe\u013ca s\u0113klu ekstrakts, lecit\u012bns, akmens rokas ekstrakts, kolag\u0113na ekstrakts, poliglicer\u012bla-10 ole\u0101ts, glicolip\u012bds, retinila palmit\u0101ts, ceram\u012bds NP, Candida bombicola\/glikoze\/metilrap\u0161u datu ferment\u0101cija, saulespu\u0137u s\u0113klu e\u013c\u013ca, n\u0101trija hialuron\u0101ts, tokoferila acet\u0101ts, ksilitola glikoz\u012bds, anhidroksilitols, hidroksipropiltrimonija hialuron\u0101ts, hidroliz\u0113ta hialuronsk\u0101be, hialuronsk\u0101be, hidroliz\u0113ts n\u0101trija hialuron\u0101ts, k\u0101lija hialuron\u0101ts, ksilitols, PEG-60 hidrogen\u0113ta ric\u012bna e\u013c\u013ca, pentil\u0113nglikols, glikoze, karbomers, trometam\u012bns.","short_description":"Hidras \u0123ener\u0113jo\u0161\u0101 maska mitrino\u0161a - maska ar propolisu un hialuronsk\u0101bi nodro\u0161ina bag\u0101t\u012bgu baro\u0161anu un mitrina \u0101du. Kolosu ekstrakts un multivitam\u012bni pie\u0161\u0137ir \u0101dai gludumu, elast\u012bbu un dab\u012bgu mirdzumu.","status":"publish","sku":"8809495898459","original":63526},"wpml":{"translation_type":1,"has_translations":true,"original":63526,"duplicates":[],"translations":{"lv":63526,"en":66958,"ru":null}},"supplier_id":null,"supplier_sku":"","barcode":null,"atum_controlled":true,"out_stock_date":null,"out_stock_threshold":null,"inheritable":false,"inbound_stock":0,"stock_on_hold":0,"sold_today":0,"sales_last_days":0,"reserved_stock":0,"customer_returns":0,"warehouse_damage":0,"lost_in_post":0,"other_logs":0,"out_stock_days":0,"lost_sales":0,"has_location":false,"update_date":"2025-12-30T14:13:26","atum_locations":[],"atum_stock_status":"instock","restock_status":false,"low_stock_amount":"","sales_update_date":"2025-11-13T14:07:39","calc_backorders":null,"yoast_head":"<!-- This site is optimized with the Yoast SEO plugin v27.3 - https:\/\/yoast.com\/product\/yoast-seo-wordpress\/ -->\n<title>Mezclar - Maska sejas \u0101das mitrin\u0101\u0161anai<\/title>\n<meta name=\"description\" content=\"Hidras \u0123ener\u0113jo\u0161\u0101 maska mitrino\u0161a - maska ar propolisu un hialuronsk\u0101bi nodro\u0161ina bag\u0101t\u012bgu baro\u0161anu un mitrina \u0101du. Kolosu ekstrakts un multivitam\u012bni pie\u0161\u0137ir \u0101dai gludumu, elast\u012bbu un dab\u012bgu mirdzumu.\" \/>\n<meta name=\"robots\" content=\"index, follow, max-snippet:-1, max-image-preview:large, max-video-preview:-1\" \/>\n<link rel=\"canonical\" href=\"https:\/\/gohike.lv\/ru\/produkts\/mezclar-maska-sejas-adas-mitrinasanai\/\" \/>\n<meta property=\"og:locale\" content=\"ru_RU\" \/>\n<meta property=\"og:type\" content=\"article\" \/>\n<meta property=\"og:title\" content=\"Mezclar - Maska sejas \u0101das mitrin\u0101\u0161anai\" \/>\n<meta property=\"og:description\" content=\"Hidras \u0123ener\u0113jo\u0161\u0101 maska mitrino\u0161a - maska ar propolisu un hialuronsk\u0101bi nodro\u0161ina bag\u0101t\u012bgu baro\u0161anu un mitrina \u0101du. Kolosu ekstrakts un multivitam\u012bni pie\u0161\u0137ir \u0101dai gludumu, elast\u012bbu un dab\u012bgu mirdzumu.\" \/>\n<meta property=\"og:url\" content=\"https:\/\/gohike.lv\/ru\/produkts\/mezclar-maska-sejas-adas-mitrinasanai\/\" \/>\n<meta property=\"og:site_name\" content=\"GoHike\" \/>\n<meta property=\"article:publisher\" content=\"https:\/\/www.facebook.com\/gohike.shop\/\" \/>\n<meta property=\"article:modified_time\" content=\"2025-12-30T14:09:54+00:00\" \/>\n<meta property=\"og:image\" content=\"https:\/\/gohike.lv\/wp-content\/uploads\/2024\/10\/GeneratingMask_.webp\" \/>\n\t<meta property=\"og:image:width\" content=\"1800\" \/>\n\t<meta property=\"og:image:height\" content=\"1800\" \/>\n\t<meta property=\"og:image:type\" content=\"image\/webp\" \/>\n<meta name=\"twitter:card\" content=\"summary_large_image\" \/>\n<meta name=\"twitter:title\" content=\"Mezclar - Maska sejas \u0101das mitrin\u0101\u0161anai\" \/>\n<meta name=\"twitter:label1\" content=\"\u041f\u0440\u0438\u043c\u0435\u0440\u043d\u043e\u0435 \u0432\u0440\u0435\u043c\u044f \u0434\u043b\u044f \u0447\u0442\u0435\u043d\u0438\u044f\" \/>\n\t<meta name=\"twitter:data1\" content=\"2 \u043c\u0438\u043d\u0443\u0442\u0430\" \/>\n<script type=\"application\/ld+json\" class=\"yoast-schema-graph\">{\"@context\":\"https:\\\/\\\/schema.org\",\"@graph\":[{\"@type\":[\"WebPage\",\"ItemPage\"],\"@id\":\"https:\\\/\\\/gohike.lv\\\/ru\\\/produkts\\\/mezclar-maska-sejas-adas-mitrinasanai\\\/\",\"url\":\"https:\\\/\\\/gohike.lv\\\/ru\\\/produkts\\\/mezclar-maska-sejas-adas-mitrinasanai\\\/\",\"name\":\"Mezclar - Maska sejas \u0101das mitrin\u0101\u0161anai\",\"isPartOf\":{\"@id\":\"https:\\\/\\\/gohike.lv\\\/ru\\\/#website\"},\"primaryImageOfPage\":{\"@id\":\"https:\\\/\\\/gohike.lv\\\/ru\\\/produkts\\\/mezclar-maska-sejas-adas-mitrinasanai\\\/#primaryimage\"},\"image\":{\"@id\":\"https:\\\/\\\/gohike.lv\\\/ru\\\/produkts\\\/mezclar-maska-sejas-adas-mitrinasanai\\\/#primaryimage\"},\"thumbnailUrl\":\"https:\\\/\\\/gohike.lv\\\/wp-content\\\/uploads\\\/2024\\\/10\\\/GeneratingMask_.webp\",\"datePublished\":\"2024-10-14T17:57:06+00:00\",\"dateModified\":\"2025-12-30T14:09:54+00:00\",\"description\":\"Hidras \u0123ener\u0113jo\u0161\u0101 maska mitrino\u0161a - maska ar propolisu un hialuronsk\u0101bi nodro\u0161ina bag\u0101t\u012bgu baro\u0161anu un mitrina \u0101du. Kolosu ekstrakts un multivitam\u012bni pie\u0161\u0137ir \u0101dai gludumu, elast\u012bbu un dab\u012bgu mirdzumu.\",\"breadcrumb\":{\"@id\":\"https:\\\/\\\/gohike.lv\\\/ru\\\/produkts\\\/mezclar-maska-sejas-adas-mitrinasanai\\\/#breadcrumb\"},\"inLanguage\":\"ru-RU\",\"potentialAction\":[{\"@type\":\"ReadAction\",\"target\":[\"https:\\\/\\\/gohike.lv\\\/ru\\\/produkts\\\/mezclar-maska-sejas-adas-mitrinasanai\\\/\"]}]},{\"@type\":\"ImageObject\",\"inLanguage\":\"ru-RU\",\"@id\":\"https:\\\/\\\/gohike.lv\\\/ru\\\/produkts\\\/mezclar-maska-sejas-adas-mitrinasanai\\\/#primaryimage\",\"url\":\"https:\\\/\\\/gohike.lv\\\/wp-content\\\/uploads\\\/2024\\\/10\\\/GeneratingMask_.webp\",\"contentUrl\":\"https:\\\/\\\/gohike.lv\\\/wp-content\\\/uploads\\\/2024\\\/10\\\/GeneratingMask_.webp\",\"width\":1800,\"height\":1800},{\"@type\":\"BreadcrumbList\",\"@id\":\"https:\\\/\\\/gohike.lv\\\/ru\\\/produkts\\\/mezclar-maska-sejas-adas-mitrinasanai\\\/#breadcrumb\",\"itemListElement\":[{\"@type\":\"ListItem\",\"position\":1,\"name\":\"\u0413\u043b\u0430\u0432\u043d\u0430\u044f\",\"item\":\"https:\\\/\\\/gohike.lv\\\/ru\\\/\"},{\"@type\":\"ListItem\",\"position\":2,\"name\":\"\u041a\u0430\u0442\u0435\u0433\u043e\u0440\u0438\u0438 \u0442\u043e\u0432\u0430\u0440\u043e\u0432\",\"item\":\"https:\\\/\\\/gohike.lv\\\/%d0%ba%d0%b0%d1%82%d0%b5%d0%b3%d0%be%d1%80%d0%b8%d0%b8-%d1%82%d0%be%d0%b2%d0%b0%d1%80%d0%be%d0%b2\\\/\"},{\"@type\":\"ListItem\",\"position\":3,\"name\":\"Mezclar &#8211; Maska sejas \u0101das mitrin\u0101\u0161anai\"}]},{\"@type\":\"WebSite\",\"@id\":\"https:\\\/\\\/gohike.lv\\\/ru\\\/#website\",\"url\":\"https:\\\/\\\/gohike.lv\\\/ru\\\/\",\"name\":\"GoHike\",\"description\":\"\",\"publisher\":{\"@id\":\"https:\\\/\\\/gohike.lv\\\/ru\\\/#organization\"},\"potentialAction\":[{\"@type\":\"SearchAction\",\"target\":{\"@type\":\"EntryPoint\",\"urlTemplate\":\"https:\\\/\\\/gohike.lv\\\/ru\\\/?s={search_term_string}\"},\"query-input\":{\"@type\":\"PropertyValueSpecification\",\"valueRequired\":true,\"valueName\":\"search_term_string\"}}],\"inLanguage\":\"ru-RU\"},{\"@type\":\"Organization\",\"@id\":\"https:\\\/\\\/gohike.lv\\\/ru\\\/#organization\",\"name\":\"GoHike\",\"url\":\"https:\\\/\\\/gohike.lv\\\/ru\\\/\",\"logo\":{\"@type\":\"ImageObject\",\"inLanguage\":\"ru-RU\",\"@id\":\"https:\\\/\\\/gohike.lv\\\/ru\\\/#\\\/schema\\\/logo\\\/image\\\/\",\"url\":\"https:\\\/\\\/gohike.lv\\\/wp-content\\\/uploads\\\/2023\\\/08\\\/Logo_GoHike.webp\",\"contentUrl\":\"https:\\\/\\\/gohike.lv\\\/wp-content\\\/uploads\\\/2023\\\/08\\\/Logo_GoHike.webp\",\"width\":512,\"height\":512,\"caption\":\"GoHike\"},\"image\":{\"@id\":\"https:\\\/\\\/gohike.lv\\\/ru\\\/#\\\/schema\\\/logo\\\/image\\\/\"},\"sameAs\":[\"https:\\\/\\\/www.facebook.com\\\/gohike.shop\\\/\",\"https:\\\/\\\/www.instagram.com\\\/gohike.shop\\\/\"]}]}<\/script>\n<!-- \/ Yoast SEO plugin. -->","yoast_head_json":{"title":"Mezclar - Maska sejas \u0101das mitrin\u0101\u0161anai","description":"Hidras \u0123ener\u0113jo\u0161\u0101 maska mitrino\u0161a - maska ar propolisu un hialuronsk\u0101bi nodro\u0161ina bag\u0101t\u012bgu baro\u0161anu un mitrina \u0101du. Kolosu ekstrakts un multivitam\u012bni pie\u0161\u0137ir \u0101dai gludumu, elast\u012bbu un dab\u012bgu mirdzumu.","robots":{"index":"index","follow":"follow","max-snippet":"max-snippet:-1","max-image-preview":"max-image-preview:large","max-video-preview":"max-video-preview:-1"},"canonical":"https:\/\/gohike.lv\/ru\/produkts\/mezclar-maska-sejas-adas-mitrinasanai\/","og_locale":"ru_RU","og_type":"article","og_title":"Mezclar - Maska sejas \u0101das mitrin\u0101\u0161anai","og_description":"Hidras \u0123ener\u0113jo\u0161\u0101 maska mitrino\u0161a - maska ar propolisu un hialuronsk\u0101bi nodro\u0161ina bag\u0101t\u012bgu baro\u0161anu un mitrina \u0101du. Kolosu ekstrakts un multivitam\u012bni pie\u0161\u0137ir \u0101dai gludumu, elast\u012bbu un dab\u012bgu mirdzumu.","og_url":"https:\/\/gohike.lv\/ru\/produkts\/mezclar-maska-sejas-adas-mitrinasanai\/","og_site_name":"GoHike","article_publisher":"https:\/\/www.facebook.com\/gohike.shop\/","article_modified_time":"2025-12-30T14:09:54+00:00","og_image":[{"width":1800,"height":1800,"url":"https:\/\/gohike.lv\/wp-content\/uploads\/2024\/10\/GeneratingMask_.webp","type":"image\/webp"}],"twitter_card":"summary_large_image","twitter_title":"Mezclar - Maska sejas \u0101das mitrin\u0101\u0161anai","twitter_misc":{"\u041f\u0440\u0438\u043c\u0435\u0440\u043d\u043e\u0435 \u0432\u0440\u0435\u043c\u044f \u0434\u043b\u044f \u0447\u0442\u0435\u043d\u0438\u044f":"2 \u043c\u0438\u043d\u0443\u0442\u0430"},"schema":{"@context":"https:\/\/schema.org","@graph":[{"@type":["WebPage","ItemPage"],"@id":"https:\/\/gohike.lv\/ru\/produkts\/mezclar-maska-sejas-adas-mitrinasanai\/","url":"https:\/\/gohike.lv\/ru\/produkts\/mezclar-maska-sejas-adas-mitrinasanai\/","name":"Mezclar - Maska sejas \u0101das mitrin\u0101\u0161anai","isPartOf":{"@id":"https:\/\/gohike.lv\/ru\/#website"},"primaryImageOfPage":{"@id":"https:\/\/gohike.lv\/ru\/produkts\/mezclar-maska-sejas-adas-mitrinasanai\/#primaryimage"},"image":{"@id":"https:\/\/gohike.lv\/ru\/produkts\/mezclar-maska-sejas-adas-mitrinasanai\/#primaryimage"},"thumbnailUrl":"https:\/\/gohike.lv\/wp-content\/uploads\/2024\/10\/GeneratingMask_.webp","datePublished":"2024-10-14T17:57:06+00:00","dateModified":"2025-12-30T14:09:54+00:00","description":"Hidras \u0123ener\u0113jo\u0161\u0101 maska mitrino\u0161a - maska ar propolisu un hialuronsk\u0101bi nodro\u0161ina bag\u0101t\u012bgu baro\u0161anu un mitrina \u0101du. Kolosu ekstrakts un multivitam\u012bni pie\u0161\u0137ir \u0101dai gludumu, elast\u012bbu un dab\u012bgu mirdzumu.","breadcrumb":{"@id":"https:\/\/gohike.lv\/ru\/produkts\/mezclar-maska-sejas-adas-mitrinasanai\/#breadcrumb"},"inLanguage":"ru-RU","potentialAction":[{"@type":"ReadAction","target":["https:\/\/gohike.lv\/ru\/produkts\/mezclar-maska-sejas-adas-mitrinasanai\/"]}]},{"@type":"ImageObject","inLanguage":"ru-RU","@id":"https:\/\/gohike.lv\/ru\/produkts\/mezclar-maska-sejas-adas-mitrinasanai\/#primaryimage","url":"https:\/\/gohike.lv\/wp-content\/uploads\/2024\/10\/GeneratingMask_.webp","contentUrl":"https:\/\/gohike.lv\/wp-content\/uploads\/2024\/10\/GeneratingMask_.webp","width":1800,"height":1800},{"@type":"BreadcrumbList","@id":"https:\/\/gohike.lv\/ru\/produkts\/mezclar-maska-sejas-adas-mitrinasanai\/#breadcrumb","itemListElement":[{"@type":"ListItem","position":1,"name":"\u0413\u043b\u0430\u0432\u043d\u0430\u044f","item":"https:\/\/gohike.lv\/ru\/"},{"@type":"ListItem","position":2,"name":"\u041a\u0430\u0442\u0435\u0433\u043e\u0440\u0438\u0438 \u0442\u043e\u0432\u0430\u0440\u043e\u0432","item":"https:\/\/gohike.lv\/%d0%ba%d0%b0%d1%82%d0%b5%d0%b3%d0%be%d1%80%d0%b8%d0%b8-%d1%82%d0%be%d0%b2%d0%b0%d1%80%d0%be%d0%b2\/"},{"@type":"ListItem","position":3,"name":"Mezclar &#8211; Maska sejas \u0101das mitrin\u0101\u0161anai"}]},{"@type":"WebSite","@id":"https:\/\/gohike.lv\/ru\/#website","url":"https:\/\/gohike.lv\/ru\/","name":"GoHike","description":"","publisher":{"@id":"https:\/\/gohike.lv\/ru\/#organization"},"potentialAction":[{"@type":"SearchAction","target":{"@type":"EntryPoint","urlTemplate":"https:\/\/gohike.lv\/ru\/?s={search_term_string}"},"query-input":{"@type":"PropertyValueSpecification","valueRequired":true,"valueName":"search_term_string"}}],"inLanguage":"ru-RU"},{"@type":"Organization","@id":"https:\/\/gohike.lv\/ru\/#organization","name":"GoHike","url":"https:\/\/gohike.lv\/ru\/","logo":{"@type":"ImageObject","inLanguage":"ru-RU","@id":"https:\/\/gohike.lv\/ru\/#\/schema\/logo\/image\/","url":"https:\/\/gohike.lv\/wp-content\/uploads\/2023\/08\/Logo_GoHike.webp","contentUrl":"https:\/\/gohike.lv\/wp-content\/uploads\/2023\/08\/Logo_GoHike.webp","width":512,"height":512,"caption":"GoHike"},"image":{"@id":"https:\/\/gohike.lv\/ru\/#\/schema\/logo\/image\/"},"sameAs":["https:\/\/www.facebook.com\/gohike.shop\/","https:\/\/www.instagram.com\/gohike.shop\/"]}]}},"jetpack_sharing_enabled":true,"_links":{"self":[{"href":"https:\/\/gohike.lv\/ru\/wp-json\/wp\/v2\/product\/63526","targetHints":{"allow":["GET"]}}],"collection":[{"href":"https:\/\/gohike.lv\/ru\/wp-json\/wp\/v2\/product"}],"about":[{"href":"https:\/\/gohike.lv\/ru\/wp-json\/wp\/v2\/types\/product"}],"version-history":[{"count":0,"href":"https:\/\/gohike.lv\/ru\/wp-json\/wp\/v2\/product\/63526\/revisions"}],"wp:featuredmedia":[{"embeddable":true,"href":"https:\/\/gohike.lv\/ru\/wp-json\/wp\/v2\/media\/63528"}],"wp:attachment":[{"href":"https:\/\/gohike.lv\/ru\/wp-json\/wp\/v2\/media?parent=63526"}],"wp:term":[{"taxonomy":"product_brand","embeddable":true,"href":"https:\/\/gohike.lv\/ru\/wp-json\/wp\/v2\/product_brand?post=63526"},{"taxonomy":"product_cat","embeddable":true,"href":"https:\/\/gohike.lv\/ru\/wp-json\/wp\/v2\/product_cat?post=63526"},{"taxonomy":"product_tag","embeddable":true,"href":"https:\/\/gohike.lv\/ru\/wp-json\/wp\/v2\/product_tag?post=63526"}],"curies":[{"name":"wp","href":"https:\/\/api.w.org\/{rel}","templated":true}]}}