{"id":63501,"date":"2024-10-14T20:56:50","date_gmt":"2024-10-14T17:56:50","guid":{"rendered":"https:\/\/gohike.lv\/produkts\/mezclar-outdoor-exclusive-patch\/"},"modified":"2025-12-30T17:09:54","modified_gmt":"2025-12-30T14:09:54","slug":"mezclar-outdoor-exclusive-patch","status":"publish","type":"product","link":"https:\/\/gohike.lv\/ru\/produkts\/mezclar-outdoor-exclusive-patch\/","title":{"rendered":"Mezclar &#8212; Outdoor exclusive patch"},"content":{"rendered":"<p>Lieto\u0161ana:<br \/>\n1.Atveriet iepakojumu un iz\u0146emiet pl\u0113vi.<br \/>\n2.P\u0113c e\u013c\u013cas no\u0146em\u0161anas cie\u0161i uzkl\u0101jiet l\u012bdzekli zem ac\u012bm l\u012bdz acu st\u016briem.<br \/>\n3.Regul\u0113jiet lieto\u0161anas laiku atkar\u012bb\u0101 no \u0101das tipa vai lieto\u0161anas apst\u0101k\u013ciem.<br \/>\nPadoms: ieteicams uzkl\u0101t 5-10 min\u016btes pirms aktivit\u0101tes.P\u0113c uzl\u012bm\u0113\u0161anas j\u016bs varat palielin\u0101t sa\u0137eri, viegli piespie\u017eot ar plaukstu 20-30 sekundes.(Var b\u016bt individu\u0101las at\u0161\u0137ir\u012bbas sa\u0137er\u0113 atkar\u012bb\u0101 no sviedriem un taukiem)<br \/>\nSast\u0101vda\u013cas: Att\u012br\u012bts \u016bdens, glicer\u012bns, n\u0101trija poliakril\u0101ts, sorbitols, niacinam\u012bds, celulozes sve\u0137i, poliakrilsk\u0101be, triethylhexanoin, r\u012bcine\u013c\u013ca, prop\u0101ndiols, butil\u0113nglikols, pentil\u0113nglikols, Kuju priedes lapu ekstrakts, Tata.Riks sk\u0101be, alum\u012bnija glicin\u0101ts, din\u0101trija EDTA, zvaig\u017e\u0146u an\u012bsa ekstrakts, kaprila glikols, adenoz\u012bns, mentols, dipotassium glycyrrhizate, etilheksilglicer\u012bns, mentoksiprop\u0101ndiols, mentila lakt\u0101ts, trehaloze, ksilitilglikoz\u012bds, anhidroksilitols, n\u0101trija cietes okt\u0113nil sukcin\u0101ts, maltodekstr\u012bns, kalcija pantoten\u0101ts, ksilitols, askorb\u012bnsk\u0101be, j\u016brasz\u0101\u013cu ekstrakts, Hypnea muskiformis ekstrakts, Spirulina platensis ekstrakts, j\u016brasz\u0101\u013cu ekstrakts, p\u0113r\u013cu ekstrakts, j\u016brasz\u0101\u013cu ekstrakts, plakano j\u016brasz\u0101\u013cu ekstrakts, hijiki ekstrakts, milzu j\u016brasz\u0101\u013cu ekstrakts, raga ekstrakts, kosas j\u016brasz\u0101\u013cu ekstrakts, n\u0101trija askorbilfosf\u0101ts, 1,2-heks\u0101ndiols, Bogeum kaktusa stumbra ekstrakts, piridoks\u012bna HCL, tokoferilacet\u0101ts, kapriliskapriltriglicer\u012bds, glikonsk\u0101be, ditiookt\u0101ndiols, n\u0101trija hialuron\u0101ts, oregano lapu ekstrakts, balt\u0101s v\u012btola mizas ekstrakts, ekto\u012bns, cipreses lapu ekstrakts, hidrogen\u0113ts lecit\u012bns, zelta ekstrakts, laktobacillus\/sojas pupi\u0146u ferment\u0101cijas ekstrakts, kasijas mizas ekstrakts, portulakas ekstrakts, sirtil\u0101ns, hidroksipropiltrimonium hialuron\u0101ts, sil\u012bcija dioks\u012bds, n\u0101trija acetil\u0113ts hialuron\u0101ts, hidroliz\u0113ta hialuronsk\u0101be, hialuronsk\u0101be, ceram\u012bds NP, glutatione, n\u0101trija hialuron\u0101ta krustpolim\u0113rs, hidroliz\u0113ts n\u0101trija hialuron\u0101ts, ubiquinone, hidroliz\u0113ts kolag\u0113ns, fitosteriloktildodecilauroilglutam\u0101ts, hidroksidecilubiquinone, beta-karot\u012bns, k\u0101lija hialuron\u0101ts, smar\u017eviela.<\/p>\n","protected":false},"excerpt":{"rendered":"<p>Mezclar Outdoor Exclusive Patch Original izgaismojo\u0161s un grumbu uzlabojo\u0161s pl\u0101ksteris, kas pal\u012bdz atbr\u012bvoties no \u0101das plankumiem un vasaras raibumiem, ar hidrog\u0113lu un elast\u012bgu audumu aizsarg\u0101 \u0101du no UV stariem, pal\u012bdzot tai att\u012br\u012bties.<\/p>\n","protected":false},"featured_media":63503,"template":"","meta":[],"product_brand":[],"product_cat":[1380],"product_tag":[],"class_list":{"0":"post-63501","1":"product","2":"type-product","3":"status-publish","4":"has-post-thumbnail","6":"product_cat-higiena","7":"pa_produkta-tips-kosmetika","9":"first","10":"outofstock","11":"taxable","12":"shipping-taxable","13":"purchasable","14":"product-type-simple"},"raw_content":{"name":"Mezclar - Outdoor exclusive patch","description":"Lieto\u0161ana:\n1.Atveriet iepakojumu un iz\u0146emiet pl\u0113vi.\n2.P\u0113c e\u013c\u013cas no\u0146em\u0161anas cie\u0161i uzkl\u0101jiet l\u012bdzekli zem ac\u012bm l\u012bdz acu st\u016briem.\n3.Regul\u0113jiet lieto\u0161anas laiku atkar\u012bb\u0101 no \u0101das tipa vai lieto\u0161anas apst\u0101k\u013ciem.\nPadoms: ieteicams uzkl\u0101t 5-10 min\u016btes pirms aktivit\u0101tes.P\u0113c uzl\u012bm\u0113\u0161anas j\u016bs varat palielin\u0101t sa\u0137eri, viegli piespie\u017eot ar plaukstu 20-30 sekundes.(Var b\u016bt individu\u0101las at\u0161\u0137ir\u012bbas sa\u0137er\u0113 atkar\u012bb\u0101 no sviedriem un taukiem)\nSast\u0101vda\u013cas: Att\u012br\u012bts \u016bdens, glicer\u012bns, n\u0101trija poliakril\u0101ts, sorbitols, niacinam\u012bds, celulozes sve\u0137i, poliakrilsk\u0101be, triethylhexanoin, r\u012bcine\u013c\u013ca, prop\u0101ndiols, butil\u0113nglikols, pentil\u0113nglikols, Kuju priedes lapu ekstrakts, Tata.Riks sk\u0101be, alum\u012bnija glicin\u0101ts, din\u0101trija EDTA, zvaig\u017e\u0146u an\u012bsa ekstrakts, kaprila glikols, adenoz\u012bns, mentols, dipotassium glycyrrhizate, etilheksilglicer\u012bns, mentoksiprop\u0101ndiols, mentila lakt\u0101ts, trehaloze, ksilitilglikoz\u012bds, anhidroksilitols, n\u0101trija cietes okt\u0113nil sukcin\u0101ts, maltodekstr\u012bns, kalcija pantoten\u0101ts, ksilitols, askorb\u012bnsk\u0101be, j\u016brasz\u0101\u013cu ekstrakts, Hypnea muskiformis ekstrakts, Spirulina platensis ekstrakts, j\u016brasz\u0101\u013cu ekstrakts, p\u0113r\u013cu ekstrakts, j\u016brasz\u0101\u013cu ekstrakts, plakano j\u016brasz\u0101\u013cu ekstrakts, hijiki ekstrakts, milzu j\u016brasz\u0101\u013cu ekstrakts, raga ekstrakts, kosas j\u016brasz\u0101\u013cu ekstrakts, n\u0101trija askorbilfosf\u0101ts, 1,2-heks\u0101ndiols, Bogeum kaktusa stumbra ekstrakts, piridoks\u012bna HCL, tokoferilacet\u0101ts, kapriliskapriltriglicer\u012bds, glikonsk\u0101be, ditiookt\u0101ndiols, n\u0101trija hialuron\u0101ts, oregano lapu ekstrakts, balt\u0101s v\u012btola mizas ekstrakts, ekto\u012bns, cipreses lapu ekstrakts, hidrogen\u0113ts lecit\u012bns, zelta ekstrakts, laktobacillus\/sojas pupi\u0146u ferment\u0101cijas ekstrakts, kasijas mizas ekstrakts, portulakas ekstrakts, sirtil\u0101ns, hidroksipropiltrimonium hialuron\u0101ts, sil\u012bcija dioks\u012bds, n\u0101trija acetil\u0113ts hialuron\u0101ts, hidroliz\u0113ta hialuronsk\u0101be, hialuronsk\u0101be, ceram\u012bds NP, glutatione, n\u0101trija hialuron\u0101ta krustpolim\u0113rs, hidroliz\u0113ts n\u0101trija hialuron\u0101ts, ubiquinone, hidroliz\u0113ts kolag\u0113ns, fitosteriloktildodecilauroilglutam\u0101ts, hidroksidecilubiquinone, beta-karot\u012bns, k\u0101lija hialuron\u0101ts, smar\u017eviela.","short_description":"Mezclar Outdoor Exclusive Patch Original izgaismojo\u0161s un grumbu uzlabojo\u0161s pl\u0101ksteris, kas pal\u012bdz atbr\u012bvoties no \u0101das plankumiem un vasaras raibumiem, ar hidrog\u0113lu un elast\u012bgu audumu aizsarg\u0101 \u0101du no UV stariem, pal\u012bdzot tai att\u012br\u012bties.","status":"publish","sku":"8809495898398","original":63501},"wpml":{"translation_type":1,"has_translations":true,"original":63501,"duplicates":[],"translations":{"lv":63501,"en":66941,"ru":null}},"supplier_id":null,"supplier_sku":"","barcode":null,"atum_controlled":true,"out_stock_date":null,"out_stock_threshold":null,"inheritable":false,"inbound_stock":0,"stock_on_hold":0,"sold_today":0,"sales_last_days":0,"reserved_stock":0,"customer_returns":0,"warehouse_damage":0,"lost_in_post":0,"other_logs":0,"out_stock_days":0,"lost_sales":0,"has_location":false,"update_date":"2025-12-30T14:13:26","atum_locations":[],"atum_stock_status":"outofstock","restock_status":false,"low_stock_amount":"","sales_update_date":"2025-11-13T14:07:39","calc_backorders":null,"yoast_head":"<!-- This site is optimized with the Yoast SEO plugin v27.3 - https:\/\/yoast.com\/product\/yoast-seo-wordpress\/ -->\n<title>Mezclar - Outdoor exclusive patch<\/title>\n<meta name=\"description\" content=\"Mezclar Outdoor Exclusive Patch Original izgaismojo\u0161s un grumbu uzlabojo\u0161s pl\u0101ksteris, kas pal\u012bdz atbr\u012bvoties no \u0101das plankumiem un vasaras raibumiem, ar hidrog\u0113lu un elast\u012bgu audumu aizsarg\u0101 \u0101du no UV stariem, pal\u012bdzot tai att\u012br\u012bties.\" \/>\n<meta name=\"robots\" content=\"index, follow, max-snippet:-1, max-image-preview:large, max-video-preview:-1\" \/>\n<link rel=\"canonical\" href=\"https:\/\/gohike.lv\/ru\/produkts\/mezclar-outdoor-exclusive-patch\/\" \/>\n<meta property=\"og:locale\" content=\"ru_RU\" \/>\n<meta property=\"og:type\" content=\"article\" \/>\n<meta property=\"og:title\" content=\"Mezclar - Outdoor exclusive patch\" \/>\n<meta property=\"og:description\" content=\"Mezclar Outdoor Exclusive Patch Original izgaismojo\u0161s un grumbu uzlabojo\u0161s pl\u0101ksteris, kas pal\u012bdz atbr\u012bvoties no \u0101das plankumiem un vasaras raibumiem, ar hidrog\u0113lu un elast\u012bgu audumu aizsarg\u0101 \u0101du no UV stariem, pal\u012bdzot tai att\u012br\u012bties.\" \/>\n<meta property=\"og:url\" content=\"https:\/\/gohike.lv\/ru\/produkts\/mezclar-outdoor-exclusive-patch\/\" \/>\n<meta property=\"og:site_name\" content=\"GoHike\" \/>\n<meta property=\"article:publisher\" content=\"https:\/\/www.facebook.com\/gohike.shop\/\" \/>\n<meta property=\"article:modified_time\" content=\"2025-12-30T14:09:54+00:00\" \/>\n<meta property=\"og:image\" content=\"https:\/\/gohike.lv\/wp-content\/uploads\/2024\/10\/Patch_.webp\" \/>\n\t<meta property=\"og:image:width\" content=\"1800\" \/>\n\t<meta property=\"og:image:height\" content=\"1800\" \/>\n\t<meta property=\"og:image:type\" content=\"image\/webp\" \/>\n<meta name=\"twitter:card\" content=\"summary_large_image\" \/>\n<meta name=\"twitter:title\" content=\"Mezclar - Outdoor exclusive patch\" \/>\n<meta name=\"twitter:label1\" content=\"\u041f\u0440\u0438\u043c\u0435\u0440\u043d\u043e\u0435 \u0432\u0440\u0435\u043c\u044f \u0434\u043b\u044f \u0447\u0442\u0435\u043d\u0438\u044f\" \/>\n\t<meta name=\"twitter:data1\" content=\"2 \u043c\u0438\u043d\u0443\u0442\u0430\" \/>\n<script type=\"application\/ld+json\" class=\"yoast-schema-graph\">{\"@context\":\"https:\\\/\\\/schema.org\",\"@graph\":[{\"@type\":[\"WebPage\",\"ItemPage\"],\"@id\":\"https:\\\/\\\/gohike.lv\\\/ru\\\/produkts\\\/mezclar-outdoor-exclusive-patch\\\/\",\"url\":\"https:\\\/\\\/gohike.lv\\\/ru\\\/produkts\\\/mezclar-outdoor-exclusive-patch\\\/\",\"name\":\"Mezclar - Outdoor exclusive patch\",\"isPartOf\":{\"@id\":\"https:\\\/\\\/gohike.lv\\\/ru\\\/#website\"},\"primaryImageOfPage\":{\"@id\":\"https:\\\/\\\/gohike.lv\\\/ru\\\/produkts\\\/mezclar-outdoor-exclusive-patch\\\/#primaryimage\"},\"image\":{\"@id\":\"https:\\\/\\\/gohike.lv\\\/ru\\\/produkts\\\/mezclar-outdoor-exclusive-patch\\\/#primaryimage\"},\"thumbnailUrl\":\"https:\\\/\\\/gohike.lv\\\/wp-content\\\/uploads\\\/2024\\\/10\\\/Patch_.webp\",\"datePublished\":\"2024-10-14T17:56:50+00:00\",\"dateModified\":\"2025-12-30T14:09:54+00:00\",\"description\":\"Mezclar Outdoor Exclusive Patch Original izgaismojo\u0161s un grumbu uzlabojo\u0161s pl\u0101ksteris, kas pal\u012bdz atbr\u012bvoties no \u0101das plankumiem un vasaras raibumiem, ar hidrog\u0113lu un elast\u012bgu audumu aizsarg\u0101 \u0101du no UV stariem, pal\u012bdzot tai att\u012br\u012bties.\",\"breadcrumb\":{\"@id\":\"https:\\\/\\\/gohike.lv\\\/ru\\\/produkts\\\/mezclar-outdoor-exclusive-patch\\\/#breadcrumb\"},\"inLanguage\":\"ru-RU\",\"potentialAction\":[{\"@type\":\"ReadAction\",\"target\":[\"https:\\\/\\\/gohike.lv\\\/ru\\\/produkts\\\/mezclar-outdoor-exclusive-patch\\\/\"]}]},{\"@type\":\"ImageObject\",\"inLanguage\":\"ru-RU\",\"@id\":\"https:\\\/\\\/gohike.lv\\\/ru\\\/produkts\\\/mezclar-outdoor-exclusive-patch\\\/#primaryimage\",\"url\":\"https:\\\/\\\/gohike.lv\\\/wp-content\\\/uploads\\\/2024\\\/10\\\/Patch_.webp\",\"contentUrl\":\"https:\\\/\\\/gohike.lv\\\/wp-content\\\/uploads\\\/2024\\\/10\\\/Patch_.webp\",\"width\":1800,\"height\":1800},{\"@type\":\"BreadcrumbList\",\"@id\":\"https:\\\/\\\/gohike.lv\\\/ru\\\/produkts\\\/mezclar-outdoor-exclusive-patch\\\/#breadcrumb\",\"itemListElement\":[{\"@type\":\"ListItem\",\"position\":1,\"name\":\"\u0413\u043b\u0430\u0432\u043d\u0430\u044f\",\"item\":\"https:\\\/\\\/gohike.lv\\\/ru\\\/\"},{\"@type\":\"ListItem\",\"position\":2,\"name\":\"\u041a\u0430\u0442\u0435\u0433\u043e\u0440\u0438\u0438 \u0442\u043e\u0432\u0430\u0440\u043e\u0432\",\"item\":\"https:\\\/\\\/gohike.lv\\\/%d0%ba%d0%b0%d1%82%d0%b5%d0%b3%d0%be%d1%80%d0%b8%d0%b8-%d1%82%d0%be%d0%b2%d0%b0%d1%80%d0%be%d0%b2\\\/\"},{\"@type\":\"ListItem\",\"position\":3,\"name\":\"Mezclar &#8211; Outdoor exclusive patch\"}]},{\"@type\":\"WebSite\",\"@id\":\"https:\\\/\\\/gohike.lv\\\/ru\\\/#website\",\"url\":\"https:\\\/\\\/gohike.lv\\\/ru\\\/\",\"name\":\"GoHike\",\"description\":\"\",\"publisher\":{\"@id\":\"https:\\\/\\\/gohike.lv\\\/ru\\\/#organization\"},\"potentialAction\":[{\"@type\":\"SearchAction\",\"target\":{\"@type\":\"EntryPoint\",\"urlTemplate\":\"https:\\\/\\\/gohike.lv\\\/ru\\\/?s={search_term_string}\"},\"query-input\":{\"@type\":\"PropertyValueSpecification\",\"valueRequired\":true,\"valueName\":\"search_term_string\"}}],\"inLanguage\":\"ru-RU\"},{\"@type\":\"Organization\",\"@id\":\"https:\\\/\\\/gohike.lv\\\/ru\\\/#organization\",\"name\":\"GoHike\",\"url\":\"https:\\\/\\\/gohike.lv\\\/ru\\\/\",\"logo\":{\"@type\":\"ImageObject\",\"inLanguage\":\"ru-RU\",\"@id\":\"https:\\\/\\\/gohike.lv\\\/ru\\\/#\\\/schema\\\/logo\\\/image\\\/\",\"url\":\"https:\\\/\\\/gohike.lv\\\/wp-content\\\/uploads\\\/2023\\\/08\\\/Logo_GoHike.webp\",\"contentUrl\":\"https:\\\/\\\/gohike.lv\\\/wp-content\\\/uploads\\\/2023\\\/08\\\/Logo_GoHike.webp\",\"width\":512,\"height\":512,\"caption\":\"GoHike\"},\"image\":{\"@id\":\"https:\\\/\\\/gohike.lv\\\/ru\\\/#\\\/schema\\\/logo\\\/image\\\/\"},\"sameAs\":[\"https:\\\/\\\/www.facebook.com\\\/gohike.shop\\\/\",\"https:\\\/\\\/www.instagram.com\\\/gohike.shop\\\/\"]}]}<\/script>\n<!-- \/ Yoast SEO plugin. -->","yoast_head_json":{"title":"Mezclar - Outdoor exclusive patch","description":"Mezclar Outdoor Exclusive Patch Original izgaismojo\u0161s un grumbu uzlabojo\u0161s pl\u0101ksteris, kas pal\u012bdz atbr\u012bvoties no \u0101das plankumiem un vasaras raibumiem, ar hidrog\u0113lu un elast\u012bgu audumu aizsarg\u0101 \u0101du no UV stariem, pal\u012bdzot tai att\u012br\u012bties.","robots":{"index":"index","follow":"follow","max-snippet":"max-snippet:-1","max-image-preview":"max-image-preview:large","max-video-preview":"max-video-preview:-1"},"canonical":"https:\/\/gohike.lv\/ru\/produkts\/mezclar-outdoor-exclusive-patch\/","og_locale":"ru_RU","og_type":"article","og_title":"Mezclar - Outdoor exclusive patch","og_description":"Mezclar Outdoor Exclusive Patch Original izgaismojo\u0161s un grumbu uzlabojo\u0161s pl\u0101ksteris, kas pal\u012bdz atbr\u012bvoties no \u0101das plankumiem un vasaras raibumiem, ar hidrog\u0113lu un elast\u012bgu audumu aizsarg\u0101 \u0101du no UV stariem, pal\u012bdzot tai att\u012br\u012bties.","og_url":"https:\/\/gohike.lv\/ru\/produkts\/mezclar-outdoor-exclusive-patch\/","og_site_name":"GoHike","article_publisher":"https:\/\/www.facebook.com\/gohike.shop\/","article_modified_time":"2025-12-30T14:09:54+00:00","og_image":[{"width":1800,"height":1800,"url":"https:\/\/gohike.lv\/wp-content\/uploads\/2024\/10\/Patch_.webp","type":"image\/webp"}],"twitter_card":"summary_large_image","twitter_title":"Mezclar - Outdoor exclusive patch","twitter_misc":{"\u041f\u0440\u0438\u043c\u0435\u0440\u043d\u043e\u0435 \u0432\u0440\u0435\u043c\u044f \u0434\u043b\u044f \u0447\u0442\u0435\u043d\u0438\u044f":"2 \u043c\u0438\u043d\u0443\u0442\u0430"},"schema":{"@context":"https:\/\/schema.org","@graph":[{"@type":["WebPage","ItemPage"],"@id":"https:\/\/gohike.lv\/ru\/produkts\/mezclar-outdoor-exclusive-patch\/","url":"https:\/\/gohike.lv\/ru\/produkts\/mezclar-outdoor-exclusive-patch\/","name":"Mezclar - Outdoor exclusive patch","isPartOf":{"@id":"https:\/\/gohike.lv\/ru\/#website"},"primaryImageOfPage":{"@id":"https:\/\/gohike.lv\/ru\/produkts\/mezclar-outdoor-exclusive-patch\/#primaryimage"},"image":{"@id":"https:\/\/gohike.lv\/ru\/produkts\/mezclar-outdoor-exclusive-patch\/#primaryimage"},"thumbnailUrl":"https:\/\/gohike.lv\/wp-content\/uploads\/2024\/10\/Patch_.webp","datePublished":"2024-10-14T17:56:50+00:00","dateModified":"2025-12-30T14:09:54+00:00","description":"Mezclar Outdoor Exclusive Patch Original izgaismojo\u0161s un grumbu uzlabojo\u0161s pl\u0101ksteris, kas pal\u012bdz atbr\u012bvoties no \u0101das plankumiem un vasaras raibumiem, ar hidrog\u0113lu un elast\u012bgu audumu aizsarg\u0101 \u0101du no UV stariem, pal\u012bdzot tai att\u012br\u012bties.","breadcrumb":{"@id":"https:\/\/gohike.lv\/ru\/produkts\/mezclar-outdoor-exclusive-patch\/#breadcrumb"},"inLanguage":"ru-RU","potentialAction":[{"@type":"ReadAction","target":["https:\/\/gohike.lv\/ru\/produkts\/mezclar-outdoor-exclusive-patch\/"]}]},{"@type":"ImageObject","inLanguage":"ru-RU","@id":"https:\/\/gohike.lv\/ru\/produkts\/mezclar-outdoor-exclusive-patch\/#primaryimage","url":"https:\/\/gohike.lv\/wp-content\/uploads\/2024\/10\/Patch_.webp","contentUrl":"https:\/\/gohike.lv\/wp-content\/uploads\/2024\/10\/Patch_.webp","width":1800,"height":1800},{"@type":"BreadcrumbList","@id":"https:\/\/gohike.lv\/ru\/produkts\/mezclar-outdoor-exclusive-patch\/#breadcrumb","itemListElement":[{"@type":"ListItem","position":1,"name":"\u0413\u043b\u0430\u0432\u043d\u0430\u044f","item":"https:\/\/gohike.lv\/ru\/"},{"@type":"ListItem","position":2,"name":"\u041a\u0430\u0442\u0435\u0433\u043e\u0440\u0438\u0438 \u0442\u043e\u0432\u0430\u0440\u043e\u0432","item":"https:\/\/gohike.lv\/%d0%ba%d0%b0%d1%82%d0%b5%d0%b3%d0%be%d1%80%d0%b8%d0%b8-%d1%82%d0%be%d0%b2%d0%b0%d1%80%d0%be%d0%b2\/"},{"@type":"ListItem","position":3,"name":"Mezclar &#8211; Outdoor exclusive patch"}]},{"@type":"WebSite","@id":"https:\/\/gohike.lv\/ru\/#website","url":"https:\/\/gohike.lv\/ru\/","name":"GoHike","description":"","publisher":{"@id":"https:\/\/gohike.lv\/ru\/#organization"},"potentialAction":[{"@type":"SearchAction","target":{"@type":"EntryPoint","urlTemplate":"https:\/\/gohike.lv\/ru\/?s={search_term_string}"},"query-input":{"@type":"PropertyValueSpecification","valueRequired":true,"valueName":"search_term_string"}}],"inLanguage":"ru-RU"},{"@type":"Organization","@id":"https:\/\/gohike.lv\/ru\/#organization","name":"GoHike","url":"https:\/\/gohike.lv\/ru\/","logo":{"@type":"ImageObject","inLanguage":"ru-RU","@id":"https:\/\/gohike.lv\/ru\/#\/schema\/logo\/image\/","url":"https:\/\/gohike.lv\/wp-content\/uploads\/2023\/08\/Logo_GoHike.webp","contentUrl":"https:\/\/gohike.lv\/wp-content\/uploads\/2023\/08\/Logo_GoHike.webp","width":512,"height":512,"caption":"GoHike"},"image":{"@id":"https:\/\/gohike.lv\/ru\/#\/schema\/logo\/image\/"},"sameAs":["https:\/\/www.facebook.com\/gohike.shop\/","https:\/\/www.instagram.com\/gohike.shop\/"]}]}},"jetpack_sharing_enabled":true,"_links":{"self":[{"href":"https:\/\/gohike.lv\/ru\/wp-json\/wp\/v2\/product\/63501","targetHints":{"allow":["GET"]}}],"collection":[{"href":"https:\/\/gohike.lv\/ru\/wp-json\/wp\/v2\/product"}],"about":[{"href":"https:\/\/gohike.lv\/ru\/wp-json\/wp\/v2\/types\/product"}],"version-history":[{"count":0,"href":"https:\/\/gohike.lv\/ru\/wp-json\/wp\/v2\/product\/63501\/revisions"}],"wp:featuredmedia":[{"embeddable":true,"href":"https:\/\/gohike.lv\/ru\/wp-json\/wp\/v2\/media\/63503"}],"wp:attachment":[{"href":"https:\/\/gohike.lv\/ru\/wp-json\/wp\/v2\/media?parent=63501"}],"wp:term":[{"taxonomy":"product_brand","embeddable":true,"href":"https:\/\/gohike.lv\/ru\/wp-json\/wp\/v2\/product_brand?post=63501"},{"taxonomy":"product_cat","embeddable":true,"href":"https:\/\/gohike.lv\/ru\/wp-json\/wp\/v2\/product_cat?post=63501"},{"taxonomy":"product_tag","embeddable":true,"href":"https:\/\/gohike.lv\/ru\/wp-json\/wp\/v2\/product_tag?post=63501"}],"curies":[{"name":"wp","href":"https:\/\/api.w.org\/{rel}","templated":true}]}}