{"id":63491,"date":"2024-10-14T20:56:50","date_gmt":"2024-10-14T17:56:50","guid":{"rendered":"https:\/\/gohike.lv\/produkts\/mezclar-dabigais-enzimu-pulverveida-tirisanas-lidzeklis\/"},"modified":"2025-12-30T17:09:54","modified_gmt":"2025-12-30T14:09:54","slug":"mezclar-dabigs-enzimu-pulverveida-tirisanas-lidzeklis","status":"publish","type":"product","link":"https:\/\/gohike.lv\/ru\/produkts\/mezclar-dabigs-enzimu-pulverveida-tirisanas-lidzeklis\/","title":{"rendered":"Mezclar &#8212; Dab\u012bgs, enz\u012bmu pulverveida t\u012br\u012b\u0161anas l\u012bdzeklis"},"content":{"rendered":"<p>T\u012br\u012b\u0161anas l\u012bdzeklis Powder to Bubble, kas izveidots, lai samazin\u0101tu \u0137\u012bmisko vielu ra\u017eo\u0161anu un tuvin\u0101tu izejvielu ener\u0123iju \u0101dai, izmantojot vienk\u0101r\u0161u sajauk\u0161anas un \u017e\u0101v\u0113\u0161anas procesu.<br \/>\n\u2022 Viss vien\u0101 t\u012br\u012b\u0161ana: smalkas putek\u013cu da\u013ci\u0146as \/ UV aizsardz\u012bba \/ \u016bdensiztur\u012bgi l\u012bdzeklis.<br \/>\n\u2022 Poru kop\u0161ana: poru att\u012br\u012b\u0161ana no net\u012brumiem \/ poru dzi\u013cuma samazin\u0101\u0161ana\/ poru samazin\u0101\u0161ana.<br \/>\n\u2022 Daudzpak\u0101pju p\u012blinga kop\u0161ana: pal\u012bdz atbr\u012bvoties no atmiru\u0161aj\u0101m \u0101das \u0161\u016bn\u0101m \/ uzlabo \u0101das tekst\u016bru (nel\u012bdzenumu).<br \/>\n\u2022 \u0100das kop\u0161ana: \u0101das toniz\u0113\u0161ana \/ balin\u0101\u0161ana \/ att\u012br\u012b\u0161ana \/ mirdzuma pie\u0161\u0137ir\u0161ana \/ 24 stundu mitrin\u0101\u0161ana.<br \/>\n\u2022 Pal\u012bdz uzlabot \u0101das kop\u0161anas l\u012bdzek\u013cu uzs\u016bk\u0161anos.<br \/>\n\u2022 1. dermatolo\u0123iskais tests pabeigts \/ tests par piem\u0113rot\u012bbu jut\u012bgai \u0101dai pabeigts.<br \/>\nGalven\u0101s sast\u0101vda\u013cas:<br \/>\n-Ekt\u012bns no Bitop, V\u0101cija: 11 valstis un vis\u0101 pasaul\u0113 patenti Possessed, Ecocert, Cosmos, veg\u0101nu sertifik\u0101ts. \u0160\u012b sast\u0101vda\u013ca aizsarg\u0101 mikroorganismus un augus n\u0101v\u0113jo\u0161i b\u012bstamos, ekstr\u0113mos apst\u0101k\u013cos.<br \/>\n-Proteol\u012btiskais ferments papains: r\u016bpes par atmiru\u0161aj\u0101m \u0101das \u0161\u016bn\u0101m.<br \/>\n-It\u0101\u013cu balt\u0101s trifeles: balto trife\u013cu ekstrakts, kas paz\u012bstams ar\u012b k\u0101 zemes dimants, nodro\u0161ina un pies\u0101tina \u0101du ar mitrumu un bar\u012bbas viel\u0101m, pal\u012bdz saglab\u0101t \u0101das elast\u012bbu.<br \/>\nLieto\u0161ana:<br \/>\nSOLIS 01 &#8212; pievienojiet nelielu daudzumu silta \u016bdens un uzman\u012bgi iz\u0161\u0137\u012bdiniet pulveri ar pirkstiem, lai par\u0101d\u012btos burbu\u013ci.<br \/>\nSOLIS 02 &#8212; uzkl\u0101jiet putas uz sejas, viegli t\u0101s izmas\u0113jot, un noskalojot seju ar siltu \u016bdeni.<br \/>\n\u012apa\u0161a kop\u0161ana: uzkl\u0101jiet putas uz sejas, izvairoties no acu un mutes apvidus, aptuveni 30 sekundes, un p\u0113c tam nomazg\u0101jiet seju &#8212; tas pal\u012bdz\u0113s nodro\u0161in\u0101t \u012bpa\u0161u kop\u0161anu atmiru\u0161aj\u0101m \u0101das \u0161\u016bn\u0101m.<br \/>\nSast\u0101vda\u013cas: saharoze, n\u0101trija hidrog\u0113nkarbon\u0101ts, n\u0101trija kokoylglutam\u0101ts, citronsk\u0101be, n\u0101trija lauroilglutam\u0101ts, sil\u012bcija dioks\u012bds, att\u012br\u012bts \u016bdens, limon\u0113ns, ksant\u0101na sve\u0137i, n\u0101trija hlor\u012bds, trehaloze, laima s\u0113klu e\u013c\u013ca, papains (1,012.5 ppm), betains, ekto\u012bns, balt\u0101 trifeles ekstrakts, butil\u0113nglikols, dipotassium glycyrrhizate, n\u0101trija hialuron\u0101ts, glikoze, citr\u0101ls, tom\u0101ts, galactomyces ferment\u0101cijas filtr\u0101ts.<\/p>\n","protected":false},"excerpt":{"rendered":"<p>Hipoaler\u0123isks daudzfunkcion\u0101ls t\u012br\u012b\u0161anas l\u012bdzeklis ar bag\u0101t\u012bg\u0101m put\u0101m, kas att\u012bra \u0101du no net\u012brumiem, atmiru\u0161aj\u0101m \u0161\u016bn\u0101m un kosm\u0113tikas atlikumiem, atst\u0101jot to starojo\u0161u un mitrin\u0101tu.<\/p>\n","protected":false},"featured_media":63493,"template":"","meta":[],"product_brand":[],"product_cat":[1380],"product_tag":[],"class_list":{"0":"post-63491","1":"product","2":"type-product","3":"status-publish","4":"has-post-thumbnail","6":"product_cat-higiena","7":"pa_produkta-tips-kosmetika","8":"pa_tilpums-5ml","10":"first","11":"instock","12":"taxable","13":"shipping-taxable","14":"purchasable","15":"product-type-simple"},"raw_content":{"name":"Mezclar - Dab\u012bgs, enz\u012bmu pulverveida t\u012br\u012b\u0161anas l\u012bdzeklis","description":"T\u012br\u012b\u0161anas l\u012bdzeklis Powder to Bubble, kas izveidots, lai samazin\u0101tu \u0137\u012bmisko vielu ra\u017eo\u0161anu un tuvin\u0101tu izejvielu ener\u0123iju \u0101dai, izmantojot vienk\u0101r\u0161u sajauk\u0161anas un \u017e\u0101v\u0113\u0161anas procesu.\n\u2022 Viss vien\u0101 t\u012br\u012b\u0161ana: smalkas putek\u013cu da\u013ci\u0146as \/ UV aizsardz\u012bba \/ \u016bdensiztur\u012bgi l\u012bdzeklis.\n\u2022 Poru kop\u0161ana: poru att\u012br\u012b\u0161ana no net\u012brumiem \/ poru dzi\u013cuma samazin\u0101\u0161ana\/ poru samazin\u0101\u0161ana.\n\u2022 Daudzpak\u0101pju p\u012blinga kop\u0161ana: pal\u012bdz atbr\u012bvoties no atmiru\u0161aj\u0101m \u0101das \u0161\u016bn\u0101m \/ uzlabo \u0101das tekst\u016bru (nel\u012bdzenumu).\n\u2022 \u0100das kop\u0161ana: \u0101das toniz\u0113\u0161ana \/ balin\u0101\u0161ana \/ att\u012br\u012b\u0161ana \/ mirdzuma pie\u0161\u0137ir\u0161ana \/ 24 stundu mitrin\u0101\u0161ana.\n\u2022 Pal\u012bdz uzlabot \u0101das kop\u0161anas l\u012bdzek\u013cu uzs\u016bk\u0161anos.\n\u2022 1. dermatolo\u0123iskais tests pabeigts \/ tests par piem\u0113rot\u012bbu jut\u012bgai \u0101dai pabeigts.\nGalven\u0101s sast\u0101vda\u013cas:\n-Ekt\u012bns no Bitop, V\u0101cija: 11 valstis un vis\u0101 pasaul\u0113 patenti Possessed, Ecocert, Cosmos, veg\u0101nu sertifik\u0101ts. \u0160\u012b sast\u0101vda\u013ca aizsarg\u0101 mikroorganismus un augus n\u0101v\u0113jo\u0161i b\u012bstamos, ekstr\u0113mos apst\u0101k\u013cos.\n-Proteol\u012btiskais ferments papains: r\u016bpes par atmiru\u0161aj\u0101m \u0101das \u0161\u016bn\u0101m.\n-It\u0101\u013cu balt\u0101s trifeles: balto trife\u013cu ekstrakts, kas paz\u012bstams ar\u012b k\u0101 zemes dimants, nodro\u0161ina un pies\u0101tina \u0101du ar mitrumu un bar\u012bbas viel\u0101m, pal\u012bdz saglab\u0101t \u0101das elast\u012bbu.\nLieto\u0161ana:\nSOLIS 01 - pievienojiet nelielu daudzumu silta \u016bdens un uzman\u012bgi iz\u0161\u0137\u012bdiniet pulveri ar pirkstiem, lai par\u0101d\u012btos burbu\u013ci.\nSOLIS 02 - uzkl\u0101jiet putas uz sejas, viegli t\u0101s izmas\u0113jot, un noskalojot seju ar siltu \u016bdeni.\n\u012apa\u0161a kop\u0161ana: uzkl\u0101jiet putas uz sejas, izvairoties no acu un mutes apvidus, aptuveni 30 sekundes, un p\u0113c tam nomazg\u0101jiet seju - tas pal\u012bdz\u0113s nodro\u0161in\u0101t \u012bpa\u0161u kop\u0161anu atmiru\u0161aj\u0101m \u0101das \u0161\u016bn\u0101m.\nSast\u0101vda\u013cas: saharoze, n\u0101trija hidrog\u0113nkarbon\u0101ts, n\u0101trija kokoylglutam\u0101ts, citronsk\u0101be, n\u0101trija lauroilglutam\u0101ts, sil\u012bcija dioks\u012bds, att\u012br\u012bts \u016bdens, limon\u0113ns, ksant\u0101na sve\u0137i, n\u0101trija hlor\u012bds, trehaloze, laima s\u0113klu e\u013c\u013ca, papains (1,012.5 ppm), betains, ekto\u012bns, balt\u0101 trifeles ekstrakts, butil\u0113nglikols, dipotassium glycyrrhizate, n\u0101trija hialuron\u0101ts, glikoze, citr\u0101ls, tom\u0101ts, galactomyces ferment\u0101cijas filtr\u0101ts.","short_description":"Hipoaler\u0123isks daudzfunkcion\u0101ls t\u012br\u012b\u0161anas l\u012bdzeklis ar bag\u0101t\u012bg\u0101m put\u0101m, kas att\u012bra \u0101du no net\u012brumiem, atmiru\u0161aj\u0101m \u0161\u016bn\u0101m un kosm\u0113tikas atlikumiem, atst\u0101jot to starojo\u0161u un mitrin\u0101tu.","status":"publish","sku":"8809495898381","original":63491},"wpml":{"translation_type":1,"has_translations":true,"original":63491,"duplicates":[],"translations":{"lv":63491,"en":66947,"ru":null}},"supplier_id":null,"supplier_sku":"","barcode":null,"atum_controlled":true,"out_stock_date":null,"out_stock_threshold":null,"inheritable":false,"inbound_stock":0,"stock_on_hold":0,"sold_today":0,"sales_last_days":0,"reserved_stock":0,"customer_returns":0,"warehouse_damage":0,"lost_in_post":0,"other_logs":0,"out_stock_days":0,"lost_sales":0,"has_location":false,"update_date":"2025-12-30T14:13:26","atum_locations":[],"atum_stock_status":"instock","restock_status":false,"low_stock_amount":"","sales_update_date":"2025-11-13T14:07:39","calc_backorders":null,"yoast_head":"<!-- This site is optimized with the Yoast SEO plugin v27.3 - https:\/\/yoast.com\/product\/yoast-seo-wordpress\/ -->\n<title>Mezclar - Dab\u012bgs, enz\u012bmu pulverveida t\u012br\u012b\u0161anas l\u012bdzeklis<\/title>\n<meta name=\"description\" content=\"Hipoaler\u0123isks daudzfunkcion\u0101ls t\u012br\u012b\u0161anas l\u012bdzeklis ar bag\u0101t\u012bg\u0101m put\u0101m, kas att\u012bra \u0101du no net\u012brumiem, atmiru\u0161aj\u0101m \u0161\u016bn\u0101m un kosm\u0113tikas atlikumiem, atst\u0101jot to starojo\u0161u un mitrin\u0101tu.\" \/>\n<meta name=\"robots\" content=\"index, follow, max-snippet:-1, max-image-preview:large, max-video-preview:-1\" \/>\n<link rel=\"canonical\" href=\"https:\/\/gohike.lv\/ru\/produkts\/mezclar-dabigs-enzimu-pulverveida-tirisanas-lidzeklis\/\" \/>\n<meta property=\"og:locale\" content=\"ru_RU\" \/>\n<meta property=\"og:type\" content=\"article\" \/>\n<meta property=\"og:title\" content=\"Mezclar - Dab\u012bgais enz\u012bmu pulverveida t\u012br\u012b\u0161anas l\u012bdzeklis\" \/>\n<meta property=\"og:description\" content=\"Hipoaler\u0123isks daudzfunkcion\u0101ls t\u012br\u012b\u0161anas l\u012bdzeklis ar bag\u0101t\u012bg\u0101m put\u0101m, kas att\u012bra \u0101du no net\u012brumiem, atmiru\u0161aj\u0101m \u0161\u016bn\u0101m un kosm\u0113tikas atlikumiem, atst\u0101jot to starojo\u0161u un mitrin\u0101tu.\" \/>\n<meta property=\"og:url\" content=\"https:\/\/gohike.lv\/ru\/produkts\/mezclar-dabigs-enzimu-pulverveida-tirisanas-lidzeklis\/\" \/>\n<meta property=\"og:site_name\" content=\"GoHike\" \/>\n<meta property=\"article:publisher\" content=\"https:\/\/www.facebook.com\/gohike.shop\/\" \/>\n<meta property=\"article:modified_time\" content=\"2025-12-30T14:09:54+00:00\" \/>\n<meta property=\"og:image\" content=\"https:\/\/gohike.lv\/wp-content\/uploads\/2024\/10\/Enzima_.webp\" \/>\n\t<meta property=\"og:image:width\" content=\"1800\" \/>\n\t<meta property=\"og:image:height\" content=\"1800\" \/>\n\t<meta property=\"og:image:type\" content=\"image\/webp\" \/>\n<meta name=\"twitter:card\" content=\"summary_large_image\" \/>\n<meta name=\"twitter:title\" content=\"Mezclar - Dab\u012bgais enz\u012bmu pulverveida t\u012br\u012b\u0161anas l\u012bdzeklis\" \/>\n<meta name=\"twitter:label1\" content=\"\u041f\u0440\u0438\u043c\u0435\u0440\u043d\u043e\u0435 \u0432\u0440\u0435\u043c\u044f \u0434\u043b\u044f \u0447\u0442\u0435\u043d\u0438\u044f\" \/>\n\t<meta name=\"twitter:data1\" content=\"2 \u043c\u0438\u043d\u0443\u0442\u0430\" \/>\n<script type=\"application\/ld+json\" class=\"yoast-schema-graph\">{\"@context\":\"https:\\\/\\\/schema.org\",\"@graph\":[{\"@type\":[\"WebPage\",\"ItemPage\"],\"@id\":\"https:\\\/\\\/gohike.lv\\\/ru\\\/produkts\\\/mezclar-dabigs-enzimu-pulverveida-tirisanas-lidzeklis\\\/\",\"url\":\"https:\\\/\\\/gohike.lv\\\/ru\\\/produkts\\\/mezclar-dabigs-enzimu-pulverveida-tirisanas-lidzeklis\\\/\",\"name\":\"Mezclar - Dab\u012bgs, enz\u012bmu pulverveida t\u012br\u012b\u0161anas l\u012bdzeklis\",\"isPartOf\":{\"@id\":\"https:\\\/\\\/gohike.lv\\\/ru\\\/#website\"},\"primaryImageOfPage\":{\"@id\":\"https:\\\/\\\/gohike.lv\\\/ru\\\/produkts\\\/mezclar-dabigs-enzimu-pulverveida-tirisanas-lidzeklis\\\/#primaryimage\"},\"image\":{\"@id\":\"https:\\\/\\\/gohike.lv\\\/ru\\\/produkts\\\/mezclar-dabigs-enzimu-pulverveida-tirisanas-lidzeklis\\\/#primaryimage\"},\"thumbnailUrl\":\"https:\\\/\\\/gohike.lv\\\/wp-content\\\/uploads\\\/2024\\\/10\\\/Enzima_.webp\",\"datePublished\":\"2024-10-14T17:56:50+00:00\",\"dateModified\":\"2025-12-30T14:09:54+00:00\",\"description\":\"Hipoaler\u0123isks daudzfunkcion\u0101ls t\u012br\u012b\u0161anas l\u012bdzeklis ar bag\u0101t\u012bg\u0101m put\u0101m, kas att\u012bra \u0101du no net\u012brumiem, atmiru\u0161aj\u0101m \u0161\u016bn\u0101m un kosm\u0113tikas atlikumiem, atst\u0101jot to starojo\u0161u un mitrin\u0101tu.\",\"breadcrumb\":{\"@id\":\"https:\\\/\\\/gohike.lv\\\/ru\\\/produkts\\\/mezclar-dabigs-enzimu-pulverveida-tirisanas-lidzeklis\\\/#breadcrumb\"},\"inLanguage\":\"ru-RU\",\"potentialAction\":[{\"@type\":\"ReadAction\",\"target\":[\"https:\\\/\\\/gohike.lv\\\/ru\\\/produkts\\\/mezclar-dabigs-enzimu-pulverveida-tirisanas-lidzeklis\\\/\"]}]},{\"@type\":\"ImageObject\",\"inLanguage\":\"ru-RU\",\"@id\":\"https:\\\/\\\/gohike.lv\\\/ru\\\/produkts\\\/mezclar-dabigs-enzimu-pulverveida-tirisanas-lidzeklis\\\/#primaryimage\",\"url\":\"https:\\\/\\\/gohike.lv\\\/wp-content\\\/uploads\\\/2024\\\/10\\\/Enzima_.webp\",\"contentUrl\":\"https:\\\/\\\/gohike.lv\\\/wp-content\\\/uploads\\\/2024\\\/10\\\/Enzima_.webp\",\"width\":1800,\"height\":1800},{\"@type\":\"BreadcrumbList\",\"@id\":\"https:\\\/\\\/gohike.lv\\\/ru\\\/produkts\\\/mezclar-dabigs-enzimu-pulverveida-tirisanas-lidzeklis\\\/#breadcrumb\",\"itemListElement\":[{\"@type\":\"ListItem\",\"position\":1,\"name\":\"\u0413\u043b\u0430\u0432\u043d\u0430\u044f\",\"item\":\"https:\\\/\\\/gohike.lv\\\/ru\\\/\"},{\"@type\":\"ListItem\",\"position\":2,\"name\":\"\u041a\u0430\u0442\u0435\u0433\u043e\u0440\u0438\u0438 \u0442\u043e\u0432\u0430\u0440\u043e\u0432\",\"item\":\"https:\\\/\\\/gohike.lv\\\/%d0%ba%d0%b0%d1%82%d0%b5%d0%b3%d0%be%d1%80%d0%b8%d0%b8-%d1%82%d0%be%d0%b2%d0%b0%d1%80%d0%be%d0%b2\\\/\"},{\"@type\":\"ListItem\",\"position\":3,\"name\":\"Mezclar &#8211; Dab\u012bgs, enz\u012bmu pulverveida t\u012br\u012b\u0161anas l\u012bdzeklis\"}]},{\"@type\":\"WebSite\",\"@id\":\"https:\\\/\\\/gohike.lv\\\/ru\\\/#website\",\"url\":\"https:\\\/\\\/gohike.lv\\\/ru\\\/\",\"name\":\"GoHike\",\"description\":\"\",\"publisher\":{\"@id\":\"https:\\\/\\\/gohike.lv\\\/ru\\\/#organization\"},\"potentialAction\":[{\"@type\":\"SearchAction\",\"target\":{\"@type\":\"EntryPoint\",\"urlTemplate\":\"https:\\\/\\\/gohike.lv\\\/ru\\\/?s={search_term_string}\"},\"query-input\":{\"@type\":\"PropertyValueSpecification\",\"valueRequired\":true,\"valueName\":\"search_term_string\"}}],\"inLanguage\":\"ru-RU\"},{\"@type\":\"Organization\",\"@id\":\"https:\\\/\\\/gohike.lv\\\/ru\\\/#organization\",\"name\":\"GoHike\",\"url\":\"https:\\\/\\\/gohike.lv\\\/ru\\\/\",\"logo\":{\"@type\":\"ImageObject\",\"inLanguage\":\"ru-RU\",\"@id\":\"https:\\\/\\\/gohike.lv\\\/ru\\\/#\\\/schema\\\/logo\\\/image\\\/\",\"url\":\"https:\\\/\\\/gohike.lv\\\/wp-content\\\/uploads\\\/2023\\\/08\\\/Logo_GoHike.webp\",\"contentUrl\":\"https:\\\/\\\/gohike.lv\\\/wp-content\\\/uploads\\\/2023\\\/08\\\/Logo_GoHike.webp\",\"width\":512,\"height\":512,\"caption\":\"GoHike\"},\"image\":{\"@id\":\"https:\\\/\\\/gohike.lv\\\/ru\\\/#\\\/schema\\\/logo\\\/image\\\/\"},\"sameAs\":[\"https:\\\/\\\/www.facebook.com\\\/gohike.shop\\\/\",\"https:\\\/\\\/www.instagram.com\\\/gohike.shop\\\/\"]}]}<\/script>\n<!-- \/ Yoast SEO plugin. -->","yoast_head_json":{"title":"Mezclar - Dab\u012bgs, enz\u012bmu pulverveida t\u012br\u012b\u0161anas l\u012bdzeklis","description":"Hipoaler\u0123isks daudzfunkcion\u0101ls t\u012br\u012b\u0161anas l\u012bdzeklis ar bag\u0101t\u012bg\u0101m put\u0101m, kas att\u012bra \u0101du no net\u012brumiem, atmiru\u0161aj\u0101m \u0161\u016bn\u0101m un kosm\u0113tikas atlikumiem, atst\u0101jot to starojo\u0161u un mitrin\u0101tu.","robots":{"index":"index","follow":"follow","max-snippet":"max-snippet:-1","max-image-preview":"max-image-preview:large","max-video-preview":"max-video-preview:-1"},"canonical":"https:\/\/gohike.lv\/ru\/produkts\/mezclar-dabigs-enzimu-pulverveida-tirisanas-lidzeklis\/","og_locale":"ru_RU","og_type":"article","og_title":"Mezclar - Dab\u012bgais enz\u012bmu pulverveida t\u012br\u012b\u0161anas l\u012bdzeklis","og_description":"Hipoaler\u0123isks daudzfunkcion\u0101ls t\u012br\u012b\u0161anas l\u012bdzeklis ar bag\u0101t\u012bg\u0101m put\u0101m, kas att\u012bra \u0101du no net\u012brumiem, atmiru\u0161aj\u0101m \u0161\u016bn\u0101m un kosm\u0113tikas atlikumiem, atst\u0101jot to starojo\u0161u un mitrin\u0101tu.","og_url":"https:\/\/gohike.lv\/ru\/produkts\/mezclar-dabigs-enzimu-pulverveida-tirisanas-lidzeklis\/","og_site_name":"GoHike","article_publisher":"https:\/\/www.facebook.com\/gohike.shop\/","article_modified_time":"2025-12-30T14:09:54+00:00","og_image":[{"width":1800,"height":1800,"url":"https:\/\/gohike.lv\/wp-content\/uploads\/2024\/10\/Enzima_.webp","type":"image\/webp"}],"twitter_card":"summary_large_image","twitter_title":"Mezclar - Dab\u012bgais enz\u012bmu pulverveida t\u012br\u012b\u0161anas l\u012bdzeklis","twitter_misc":{"\u041f\u0440\u0438\u043c\u0435\u0440\u043d\u043e\u0435 \u0432\u0440\u0435\u043c\u044f \u0434\u043b\u044f \u0447\u0442\u0435\u043d\u0438\u044f":"2 \u043c\u0438\u043d\u0443\u0442\u0430"},"schema":{"@context":"https:\/\/schema.org","@graph":[{"@type":["WebPage","ItemPage"],"@id":"https:\/\/gohike.lv\/ru\/produkts\/mezclar-dabigs-enzimu-pulverveida-tirisanas-lidzeklis\/","url":"https:\/\/gohike.lv\/ru\/produkts\/mezclar-dabigs-enzimu-pulverveida-tirisanas-lidzeklis\/","name":"Mezclar - Dab\u012bgs, enz\u012bmu pulverveida t\u012br\u012b\u0161anas l\u012bdzeklis","isPartOf":{"@id":"https:\/\/gohike.lv\/ru\/#website"},"primaryImageOfPage":{"@id":"https:\/\/gohike.lv\/ru\/produkts\/mezclar-dabigs-enzimu-pulverveida-tirisanas-lidzeklis\/#primaryimage"},"image":{"@id":"https:\/\/gohike.lv\/ru\/produkts\/mezclar-dabigs-enzimu-pulverveida-tirisanas-lidzeklis\/#primaryimage"},"thumbnailUrl":"https:\/\/gohike.lv\/wp-content\/uploads\/2024\/10\/Enzima_.webp","datePublished":"2024-10-14T17:56:50+00:00","dateModified":"2025-12-30T14:09:54+00:00","description":"Hipoaler\u0123isks daudzfunkcion\u0101ls t\u012br\u012b\u0161anas l\u012bdzeklis ar bag\u0101t\u012bg\u0101m put\u0101m, kas att\u012bra \u0101du no net\u012brumiem, atmiru\u0161aj\u0101m \u0161\u016bn\u0101m un kosm\u0113tikas atlikumiem, atst\u0101jot to starojo\u0161u un mitrin\u0101tu.","breadcrumb":{"@id":"https:\/\/gohike.lv\/ru\/produkts\/mezclar-dabigs-enzimu-pulverveida-tirisanas-lidzeklis\/#breadcrumb"},"inLanguage":"ru-RU","potentialAction":[{"@type":"ReadAction","target":["https:\/\/gohike.lv\/ru\/produkts\/mezclar-dabigs-enzimu-pulverveida-tirisanas-lidzeklis\/"]}]},{"@type":"ImageObject","inLanguage":"ru-RU","@id":"https:\/\/gohike.lv\/ru\/produkts\/mezclar-dabigs-enzimu-pulverveida-tirisanas-lidzeklis\/#primaryimage","url":"https:\/\/gohike.lv\/wp-content\/uploads\/2024\/10\/Enzima_.webp","contentUrl":"https:\/\/gohike.lv\/wp-content\/uploads\/2024\/10\/Enzima_.webp","width":1800,"height":1800},{"@type":"BreadcrumbList","@id":"https:\/\/gohike.lv\/ru\/produkts\/mezclar-dabigs-enzimu-pulverveida-tirisanas-lidzeklis\/#breadcrumb","itemListElement":[{"@type":"ListItem","position":1,"name":"\u0413\u043b\u0430\u0432\u043d\u0430\u044f","item":"https:\/\/gohike.lv\/ru\/"},{"@type":"ListItem","position":2,"name":"\u041a\u0430\u0442\u0435\u0433\u043e\u0440\u0438\u0438 \u0442\u043e\u0432\u0430\u0440\u043e\u0432","item":"https:\/\/gohike.lv\/%d0%ba%d0%b0%d1%82%d0%b5%d0%b3%d0%be%d1%80%d0%b8%d0%b8-%d1%82%d0%be%d0%b2%d0%b0%d1%80%d0%be%d0%b2\/"},{"@type":"ListItem","position":3,"name":"Mezclar &#8211; Dab\u012bgs, enz\u012bmu pulverveida t\u012br\u012b\u0161anas l\u012bdzeklis"}]},{"@type":"WebSite","@id":"https:\/\/gohike.lv\/ru\/#website","url":"https:\/\/gohike.lv\/ru\/","name":"GoHike","description":"","publisher":{"@id":"https:\/\/gohike.lv\/ru\/#organization"},"potentialAction":[{"@type":"SearchAction","target":{"@type":"EntryPoint","urlTemplate":"https:\/\/gohike.lv\/ru\/?s={search_term_string}"},"query-input":{"@type":"PropertyValueSpecification","valueRequired":true,"valueName":"search_term_string"}}],"inLanguage":"ru-RU"},{"@type":"Organization","@id":"https:\/\/gohike.lv\/ru\/#organization","name":"GoHike","url":"https:\/\/gohike.lv\/ru\/","logo":{"@type":"ImageObject","inLanguage":"ru-RU","@id":"https:\/\/gohike.lv\/ru\/#\/schema\/logo\/image\/","url":"https:\/\/gohike.lv\/wp-content\/uploads\/2023\/08\/Logo_GoHike.webp","contentUrl":"https:\/\/gohike.lv\/wp-content\/uploads\/2023\/08\/Logo_GoHike.webp","width":512,"height":512,"caption":"GoHike"},"image":{"@id":"https:\/\/gohike.lv\/ru\/#\/schema\/logo\/image\/"},"sameAs":["https:\/\/www.facebook.com\/gohike.shop\/","https:\/\/www.instagram.com\/gohike.shop\/"]}]}},"jetpack_sharing_enabled":true,"_links":{"self":[{"href":"https:\/\/gohike.lv\/ru\/wp-json\/wp\/v2\/product\/63491","targetHints":{"allow":["GET"]}}],"collection":[{"href":"https:\/\/gohike.lv\/ru\/wp-json\/wp\/v2\/product"}],"about":[{"href":"https:\/\/gohike.lv\/ru\/wp-json\/wp\/v2\/types\/product"}],"version-history":[{"count":0,"href":"https:\/\/gohike.lv\/ru\/wp-json\/wp\/v2\/product\/63491\/revisions"}],"wp:featuredmedia":[{"embeddable":true,"href":"https:\/\/gohike.lv\/ru\/wp-json\/wp\/v2\/media\/63493"}],"wp:attachment":[{"href":"https:\/\/gohike.lv\/ru\/wp-json\/wp\/v2\/media?parent=63491"}],"wp:term":[{"taxonomy":"product_brand","embeddable":true,"href":"https:\/\/gohike.lv\/ru\/wp-json\/wp\/v2\/product_brand?post=63491"},{"taxonomy":"product_cat","embeddable":true,"href":"https:\/\/gohike.lv\/ru\/wp-json\/wp\/v2\/product_cat?post=63491"},{"taxonomy":"product_tag","embeddable":true,"href":"https:\/\/gohike.lv\/ru\/wp-json\/wp\/v2\/product_tag?post=63491"}],"curies":[{"name":"wp","href":"https:\/\/api.w.org\/{rel}","templated":true}]}}