{"id":63483,"date":"2024-10-14T20:56:50","date_gmt":"2024-10-14T17:56:50","guid":{"rendered":"https:\/\/gohike.lv\/produkts\/rare-paris-exception-rosee-spray-izsmidzinams-lidzeklis-sejai\/"},"modified":"2025-12-30T17:09:54","modified_gmt":"2025-12-30T14:09:54","slug":"rare-paris-exception-rosee-spray-izsmidzinams-lidzeklis-sejai","status":"publish","type":"product","link":"https:\/\/gohike.lv\/ru\/produkts\/rare-paris-exception-rosee-spray-izsmidzinams-lidzeklis-sejai\/","title":{"rendered":"Rare Paris &#8212; Exception Rosee izsmidzin\u0101ms l\u012bdzeklis sejai"},"content":{"rendered":"<p>Multiakt\u012bv\u0101 formula bag\u0101tin\u0101ta ar v\u0113rt\u012bgajiem ceram\u012bdiem un Omega 3 un 6, kas balst\u012bta uz ro\u017e\u016bdens, atjauno pH l\u012bmeni p\u0113c mazg\u0101\u0161anas un \u0101das hidrolip\u012bdu sl\u0101ni, pie\u0161\u0137ir vesel\u012bgu, starojo\u0161u izskatu un aizsarg\u0101 no agres\u012bviem \u0101r\u0113jiem faktoriem. Izmanto to p\u0113c sejas mazg\u0101\u0161anas vai dienas laik\u0101, lai pie\u0161\u0137irtu papildu mirdzumu un baro\u0161anu: tas nesaboj\u0101s grimu un pie\u0161\u0137irs \u0101dai papildu elast\u012bbu!<br \/>\nLieto\u0161anas veids: izsmidziniet l\u012bdzekli uz sejas \u0101das, lai to mitrin\u0101tu un atsvaidzin\u0101tu p\u0113c mazg\u0101\u0161anas ar put\u0101m. P\u0113c uzkl\u0101\u0161anas viegli uzsitiet ar plaukst\u0101m pa \u0101du, lai pa\u0101trin\u0101tu l\u012bdzek\u013ca uzs\u016bk\u0161anos.Izmantojiet dienas laik\u0101, lai uztur\u0113tu \u0101das mitruma l\u012bmeni.<br \/>\nSast\u0101vda\u013cas: ROSA DAMASCENA ZIEDU \u016aDENS, AQUA, GLICER\u012aNS, 1,2 HEKSANEDIOLS, DIPOT\u0100SIJA GLICIRIZ\u0100TS, N\u0100TRIJA HIALURON\u0100TS, KAPRILHIDROKS\u0100MISK\u0100 SK\u0100BE, SKVAL\u0100NS, CERAM\u012aDS 3, PENTIL\u0112NA GLIKOLS, PLUKENETIA VOLUBILIS S\u0112KLU E\u013b\u013bA, POLIGLICER\u012aLS-10 LAUR\u0100TS, FOSFOLIP\u012aDI, TOKOFERILA ACET\u0100TS, CITRONSK\u0100BE, HOLESTER\u012aNS, N\u0100TRIJA BIKARBON\u0100TS<\/p>\n","protected":false},"excerpt":{"rendered":"<p>Atdz\u012bvina \u0101du, padarot to starojo\u0161u, veicina re\u0123ener\u0101ciju, saglab\u0101 mitrin\u0101\u0161anu, toniz\u0113 un nostiprina \u0101du, apvelt\u012b to ar maigu arom\u0101tu, pateicoties ro\u017eu \u016bdenim.<\/p>\n","protected":false},"featured_media":63485,"template":"","meta":[],"product_brand":[],"product_cat":[1380],"product_tag":[],"class_list":{"0":"post-63483","1":"product","2":"type-product","3":"status-publish","4":"has-post-thumbnail","6":"product_cat-higiena","7":"pa_produkta-tips-kosmetika","8":"pa_tilpums-50ml","10":"first","11":"instock","12":"taxable","13":"shipping-taxable","14":"purchasable","15":"product-type-simple"},"raw_content":{"name":"Rare Paris - Exception Rosee izsmidzin\u0101ms l\u012bdzeklis sejai","description":"Multiakt\u012bv\u0101 formula bag\u0101tin\u0101ta ar v\u0113rt\u012bgajiem ceram\u012bdiem un Omega 3 un 6, kas balst\u012bta uz ro\u017e\u016bdens, atjauno pH l\u012bmeni p\u0113c mazg\u0101\u0161anas un \u0101das hidrolip\u012bdu sl\u0101ni, pie\u0161\u0137ir vesel\u012bgu, starojo\u0161u izskatu un aizsarg\u0101 no agres\u012bviem \u0101r\u0113jiem faktoriem. Izmanto to p\u0113c sejas mazg\u0101\u0161anas vai dienas laik\u0101, lai pie\u0161\u0137irtu papildu mirdzumu un baro\u0161anu: tas nesaboj\u0101s grimu un pie\u0161\u0137irs \u0101dai papildu elast\u012bbu!\nLieto\u0161anas veids: izsmidziniet l\u012bdzekli uz sejas \u0101das, lai to mitrin\u0101tu un atsvaidzin\u0101tu p\u0113c mazg\u0101\u0161anas ar put\u0101m. P\u0113c uzkl\u0101\u0161anas viegli uzsitiet ar plaukst\u0101m pa \u0101du, lai pa\u0101trin\u0101tu l\u012bdzek\u013ca uzs\u016bk\u0161anos.Izmantojiet dienas laik\u0101, lai uztur\u0113tu \u0101das mitruma l\u012bmeni.\nSast\u0101vda\u013cas: ROSA DAMASCENA ZIEDU \u016aDENS, AQUA, GLICER\u012aNS, 1,2 HEKSANEDIOLS, DIPOT\u0100SIJA GLICIRIZ\u0100TS, N\u0100TRIJA HIALURON\u0100TS, KAPRILHIDROKS\u0100MISK\u0100 SK\u0100BE, SKVAL\u0100NS, CERAM\u012aDS 3, PENTIL\u0112NA GLIKOLS, PLUKENETIA VOLUBILIS S\u0112KLU E\u013b\u013bA, POLIGLICER\u012aLS-10 LAUR\u0100TS, FOSFOLIP\u012aDI, TOKOFERILA ACET\u0100TS, CITRONSK\u0100BE, HOLESTER\u012aNS, N\u0100TRIJA BIKARBON\u0100TS","short_description":"Atdz\u012bvina \u0101du, padarot to starojo\u0161u, veicina re\u0123ener\u0101ciju, saglab\u0101 mitrin\u0101\u0161anu, toniz\u0113 un nostiprina \u0101du, apvelt\u012b to ar maigu arom\u0101tu, pateicoties ro\u017eu \u016bdenim.","status":"publish","sku":"3701213800179","original":63483},"wpml":{"translation_type":1,"has_translations":true,"original":63483,"duplicates":[],"translations":{"lv":63483,"en":66954,"ru":null}},"supplier_id":null,"supplier_sku":"","barcode":null,"atum_controlled":true,"out_stock_date":null,"out_stock_threshold":null,"inheritable":false,"inbound_stock":0,"stock_on_hold":0,"sold_today":0,"sales_last_days":0,"reserved_stock":0,"customer_returns":0,"warehouse_damage":0,"lost_in_post":0,"other_logs":0,"out_stock_days":0,"lost_sales":0,"has_location":false,"update_date":"2025-12-30T14:13:26","atum_locations":[],"atum_stock_status":"instock","restock_status":false,"low_stock_amount":"","sales_update_date":"2025-11-13T14:07:39","calc_backorders":null,"yoast_head":"<!-- This site is optimized with the Yoast SEO plugin v27.3 - https:\/\/yoast.com\/product\/yoast-seo-wordpress\/ -->\n<title>Rare Paris - Exception Rosee izsmidzin\u0101ms l\u012bdzeklis sejai<\/title>\n<meta name=\"description\" content=\"Atdz\u012bvina \u0101du, padarot to starojo\u0161u, veicina re\u0123ener\u0101ciju, saglab\u0101 mitrin\u0101\u0161anu, toniz\u0113 un nostiprina \u0101du, apvelt\u012b to ar maigu arom\u0101tu, pateicoties ro\u017eu \u016bdenim.\" \/>\n<meta name=\"robots\" content=\"index, follow, max-snippet:-1, max-image-preview:large, max-video-preview:-1\" \/>\n<link rel=\"canonical\" href=\"https:\/\/gohike.lv\/ru\/produkts\/rare-paris-exception-rosee-spray-izsmidzinams-lidzeklis-sejai\/\" \/>\n<meta property=\"og:locale\" content=\"ru_RU\" \/>\n<meta property=\"og:type\" content=\"article\" \/>\n<meta property=\"og:title\" content=\"Rare Paris - Exception Rosee Spray izsmidzin\u0101ms l\u012bdzeklis sejai\" \/>\n<meta property=\"og:description\" content=\"Atdz\u012bvina \u0101du, padarot to starojo\u0161u, veicina re\u0123ener\u0101ciju, saglab\u0101 mitrin\u0101\u0161anu, toniz\u0113 un nostiprina \u0101du, apvelt\u012b to ar maigu arom\u0101tu, pateicoties ro\u017eu \u016bdenim.\" \/>\n<meta property=\"og:url\" content=\"https:\/\/gohike.lv\/ru\/produkts\/rare-paris-exception-rosee-spray-izsmidzinams-lidzeklis-sejai\/\" \/>\n<meta property=\"og:site_name\" content=\"GoHike\" \/>\n<meta property=\"article:publisher\" content=\"https:\/\/www.facebook.com\/gohike.shop\/\" \/>\n<meta property=\"article:modified_time\" content=\"2025-12-30T14:09:54+00:00\" \/>\n<meta property=\"og:image\" content=\"https:\/\/gohike.lv\/wp-content\/uploads\/2024\/10\/SprayRose.webp\" \/>\n\t<meta property=\"og:image:width\" content=\"1440\" \/>\n\t<meta property=\"og:image:height\" content=\"1440\" \/>\n\t<meta property=\"og:image:type\" content=\"image\/webp\" \/>\n<meta name=\"twitter:card\" content=\"summary_large_image\" \/>\n<meta name=\"twitter:title\" content=\"Rare Paris - Exception Rosee Spray izsmidzin\u0101ms l\u012bdzeklis sejai\" \/>\n<meta name=\"twitter:label1\" content=\"\u041f\u0440\u0438\u043c\u0435\u0440\u043d\u043e\u0435 \u0432\u0440\u0435\u043c\u044f \u0434\u043b\u044f \u0447\u0442\u0435\u043d\u0438\u044f\" \/>\n\t<meta name=\"twitter:data1\" content=\"1 \u043c\u0438\u043d\u0443\u0442\u0430\" \/>\n<script type=\"application\/ld+json\" class=\"yoast-schema-graph\">{\"@context\":\"https:\\\/\\\/schema.org\",\"@graph\":[{\"@type\":[\"WebPage\",\"ItemPage\"],\"@id\":\"https:\\\/\\\/gohike.lv\\\/ru\\\/produkts\\\/rare-paris-exception-rosee-spray-izsmidzinams-lidzeklis-sejai\\\/\",\"url\":\"https:\\\/\\\/gohike.lv\\\/ru\\\/produkts\\\/rare-paris-exception-rosee-spray-izsmidzinams-lidzeklis-sejai\\\/\",\"name\":\"Rare Paris - Exception Rosee izsmidzin\u0101ms l\u012bdzeklis sejai\",\"isPartOf\":{\"@id\":\"https:\\\/\\\/gohike.lv\\\/ru\\\/#website\"},\"primaryImageOfPage\":{\"@id\":\"https:\\\/\\\/gohike.lv\\\/ru\\\/produkts\\\/rare-paris-exception-rosee-spray-izsmidzinams-lidzeklis-sejai\\\/#primaryimage\"},\"image\":{\"@id\":\"https:\\\/\\\/gohike.lv\\\/ru\\\/produkts\\\/rare-paris-exception-rosee-spray-izsmidzinams-lidzeklis-sejai\\\/#primaryimage\"},\"thumbnailUrl\":\"https:\\\/\\\/gohike.lv\\\/wp-content\\\/uploads\\\/2024\\\/10\\\/SprayRose.webp\",\"datePublished\":\"2024-10-14T17:56:50+00:00\",\"dateModified\":\"2025-12-30T14:09:54+00:00\",\"description\":\"Atdz\u012bvina \u0101du, padarot to starojo\u0161u, veicina re\u0123ener\u0101ciju, saglab\u0101 mitrin\u0101\u0161anu, toniz\u0113 un nostiprina \u0101du, apvelt\u012b to ar maigu arom\u0101tu, pateicoties ro\u017eu \u016bdenim.\",\"breadcrumb\":{\"@id\":\"https:\\\/\\\/gohike.lv\\\/ru\\\/produkts\\\/rare-paris-exception-rosee-spray-izsmidzinams-lidzeklis-sejai\\\/#breadcrumb\"},\"inLanguage\":\"ru-RU\",\"potentialAction\":[{\"@type\":\"ReadAction\",\"target\":[\"https:\\\/\\\/gohike.lv\\\/ru\\\/produkts\\\/rare-paris-exception-rosee-spray-izsmidzinams-lidzeklis-sejai\\\/\"]}]},{\"@type\":\"ImageObject\",\"inLanguage\":\"ru-RU\",\"@id\":\"https:\\\/\\\/gohike.lv\\\/ru\\\/produkts\\\/rare-paris-exception-rosee-spray-izsmidzinams-lidzeklis-sejai\\\/#primaryimage\",\"url\":\"https:\\\/\\\/gohike.lv\\\/wp-content\\\/uploads\\\/2024\\\/10\\\/SprayRose.webp\",\"contentUrl\":\"https:\\\/\\\/gohike.lv\\\/wp-content\\\/uploads\\\/2024\\\/10\\\/SprayRose.webp\",\"width\":1440,\"height\":1440},{\"@type\":\"BreadcrumbList\",\"@id\":\"https:\\\/\\\/gohike.lv\\\/ru\\\/produkts\\\/rare-paris-exception-rosee-spray-izsmidzinams-lidzeklis-sejai\\\/#breadcrumb\",\"itemListElement\":[{\"@type\":\"ListItem\",\"position\":1,\"name\":\"\u0413\u043b\u0430\u0432\u043d\u0430\u044f\",\"item\":\"https:\\\/\\\/gohike.lv\\\/ru\\\/\"},{\"@type\":\"ListItem\",\"position\":2,\"name\":\"\u041a\u0430\u0442\u0435\u0433\u043e\u0440\u0438\u0438 \u0442\u043e\u0432\u0430\u0440\u043e\u0432\",\"item\":\"https:\\\/\\\/gohike.lv\\\/%d0%ba%d0%b0%d1%82%d0%b5%d0%b3%d0%be%d1%80%d0%b8%d0%b8-%d1%82%d0%be%d0%b2%d0%b0%d1%80%d0%be%d0%b2\\\/\"},{\"@type\":\"ListItem\",\"position\":3,\"name\":\"Rare Paris &#8211; Exception Rosee izsmidzin\u0101ms l\u012bdzeklis sejai\"}]},{\"@type\":\"WebSite\",\"@id\":\"https:\\\/\\\/gohike.lv\\\/ru\\\/#website\",\"url\":\"https:\\\/\\\/gohike.lv\\\/ru\\\/\",\"name\":\"GoHike\",\"description\":\"\",\"publisher\":{\"@id\":\"https:\\\/\\\/gohike.lv\\\/ru\\\/#organization\"},\"potentialAction\":[{\"@type\":\"SearchAction\",\"target\":{\"@type\":\"EntryPoint\",\"urlTemplate\":\"https:\\\/\\\/gohike.lv\\\/ru\\\/?s={search_term_string}\"},\"query-input\":{\"@type\":\"PropertyValueSpecification\",\"valueRequired\":true,\"valueName\":\"search_term_string\"}}],\"inLanguage\":\"ru-RU\"},{\"@type\":\"Organization\",\"@id\":\"https:\\\/\\\/gohike.lv\\\/ru\\\/#organization\",\"name\":\"GoHike\",\"url\":\"https:\\\/\\\/gohike.lv\\\/ru\\\/\",\"logo\":{\"@type\":\"ImageObject\",\"inLanguage\":\"ru-RU\",\"@id\":\"https:\\\/\\\/gohike.lv\\\/ru\\\/#\\\/schema\\\/logo\\\/image\\\/\",\"url\":\"https:\\\/\\\/gohike.lv\\\/wp-content\\\/uploads\\\/2023\\\/08\\\/Logo_GoHike.webp\",\"contentUrl\":\"https:\\\/\\\/gohike.lv\\\/wp-content\\\/uploads\\\/2023\\\/08\\\/Logo_GoHike.webp\",\"width\":512,\"height\":512,\"caption\":\"GoHike\"},\"image\":{\"@id\":\"https:\\\/\\\/gohike.lv\\\/ru\\\/#\\\/schema\\\/logo\\\/image\\\/\"},\"sameAs\":[\"https:\\\/\\\/www.facebook.com\\\/gohike.shop\\\/\",\"https:\\\/\\\/www.instagram.com\\\/gohike.shop\\\/\"]}]}<\/script>\n<!-- \/ Yoast SEO plugin. -->","yoast_head_json":{"title":"Rare Paris - Exception Rosee izsmidzin\u0101ms l\u012bdzeklis sejai","description":"Atdz\u012bvina \u0101du, padarot to starojo\u0161u, veicina re\u0123ener\u0101ciju, saglab\u0101 mitrin\u0101\u0161anu, toniz\u0113 un nostiprina \u0101du, apvelt\u012b to ar maigu arom\u0101tu, pateicoties ro\u017eu \u016bdenim.","robots":{"index":"index","follow":"follow","max-snippet":"max-snippet:-1","max-image-preview":"max-image-preview:large","max-video-preview":"max-video-preview:-1"},"canonical":"https:\/\/gohike.lv\/ru\/produkts\/rare-paris-exception-rosee-spray-izsmidzinams-lidzeklis-sejai\/","og_locale":"ru_RU","og_type":"article","og_title":"Rare Paris - Exception Rosee Spray izsmidzin\u0101ms l\u012bdzeklis sejai","og_description":"Atdz\u012bvina \u0101du, padarot to starojo\u0161u, veicina re\u0123ener\u0101ciju, saglab\u0101 mitrin\u0101\u0161anu, toniz\u0113 un nostiprina \u0101du, apvelt\u012b to ar maigu arom\u0101tu, pateicoties ro\u017eu \u016bdenim.","og_url":"https:\/\/gohike.lv\/ru\/produkts\/rare-paris-exception-rosee-spray-izsmidzinams-lidzeklis-sejai\/","og_site_name":"GoHike","article_publisher":"https:\/\/www.facebook.com\/gohike.shop\/","article_modified_time":"2025-12-30T14:09:54+00:00","og_image":[{"width":1440,"height":1440,"url":"https:\/\/gohike.lv\/wp-content\/uploads\/2024\/10\/SprayRose.webp","type":"image\/webp"}],"twitter_card":"summary_large_image","twitter_title":"Rare Paris - Exception Rosee Spray izsmidzin\u0101ms l\u012bdzeklis sejai","twitter_misc":{"\u041f\u0440\u0438\u043c\u0435\u0440\u043d\u043e\u0435 \u0432\u0440\u0435\u043c\u044f \u0434\u043b\u044f \u0447\u0442\u0435\u043d\u0438\u044f":"1 \u043c\u0438\u043d\u0443\u0442\u0430"},"schema":{"@context":"https:\/\/schema.org","@graph":[{"@type":["WebPage","ItemPage"],"@id":"https:\/\/gohike.lv\/ru\/produkts\/rare-paris-exception-rosee-spray-izsmidzinams-lidzeklis-sejai\/","url":"https:\/\/gohike.lv\/ru\/produkts\/rare-paris-exception-rosee-spray-izsmidzinams-lidzeklis-sejai\/","name":"Rare Paris - Exception Rosee izsmidzin\u0101ms l\u012bdzeklis sejai","isPartOf":{"@id":"https:\/\/gohike.lv\/ru\/#website"},"primaryImageOfPage":{"@id":"https:\/\/gohike.lv\/ru\/produkts\/rare-paris-exception-rosee-spray-izsmidzinams-lidzeklis-sejai\/#primaryimage"},"image":{"@id":"https:\/\/gohike.lv\/ru\/produkts\/rare-paris-exception-rosee-spray-izsmidzinams-lidzeklis-sejai\/#primaryimage"},"thumbnailUrl":"https:\/\/gohike.lv\/wp-content\/uploads\/2024\/10\/SprayRose.webp","datePublished":"2024-10-14T17:56:50+00:00","dateModified":"2025-12-30T14:09:54+00:00","description":"Atdz\u012bvina \u0101du, padarot to starojo\u0161u, veicina re\u0123ener\u0101ciju, saglab\u0101 mitrin\u0101\u0161anu, toniz\u0113 un nostiprina \u0101du, apvelt\u012b to ar maigu arom\u0101tu, pateicoties ro\u017eu \u016bdenim.","breadcrumb":{"@id":"https:\/\/gohike.lv\/ru\/produkts\/rare-paris-exception-rosee-spray-izsmidzinams-lidzeklis-sejai\/#breadcrumb"},"inLanguage":"ru-RU","potentialAction":[{"@type":"ReadAction","target":["https:\/\/gohike.lv\/ru\/produkts\/rare-paris-exception-rosee-spray-izsmidzinams-lidzeklis-sejai\/"]}]},{"@type":"ImageObject","inLanguage":"ru-RU","@id":"https:\/\/gohike.lv\/ru\/produkts\/rare-paris-exception-rosee-spray-izsmidzinams-lidzeklis-sejai\/#primaryimage","url":"https:\/\/gohike.lv\/wp-content\/uploads\/2024\/10\/SprayRose.webp","contentUrl":"https:\/\/gohike.lv\/wp-content\/uploads\/2024\/10\/SprayRose.webp","width":1440,"height":1440},{"@type":"BreadcrumbList","@id":"https:\/\/gohike.lv\/ru\/produkts\/rare-paris-exception-rosee-spray-izsmidzinams-lidzeklis-sejai\/#breadcrumb","itemListElement":[{"@type":"ListItem","position":1,"name":"\u0413\u043b\u0430\u0432\u043d\u0430\u044f","item":"https:\/\/gohike.lv\/ru\/"},{"@type":"ListItem","position":2,"name":"\u041a\u0430\u0442\u0435\u0433\u043e\u0440\u0438\u0438 \u0442\u043e\u0432\u0430\u0440\u043e\u0432","item":"https:\/\/gohike.lv\/%d0%ba%d0%b0%d1%82%d0%b5%d0%b3%d0%be%d1%80%d0%b8%d0%b8-%d1%82%d0%be%d0%b2%d0%b0%d1%80%d0%be%d0%b2\/"},{"@type":"ListItem","position":3,"name":"Rare Paris &#8211; Exception Rosee izsmidzin\u0101ms l\u012bdzeklis sejai"}]},{"@type":"WebSite","@id":"https:\/\/gohike.lv\/ru\/#website","url":"https:\/\/gohike.lv\/ru\/","name":"GoHike","description":"","publisher":{"@id":"https:\/\/gohike.lv\/ru\/#organization"},"potentialAction":[{"@type":"SearchAction","target":{"@type":"EntryPoint","urlTemplate":"https:\/\/gohike.lv\/ru\/?s={search_term_string}"},"query-input":{"@type":"PropertyValueSpecification","valueRequired":true,"valueName":"search_term_string"}}],"inLanguage":"ru-RU"},{"@type":"Organization","@id":"https:\/\/gohike.lv\/ru\/#organization","name":"GoHike","url":"https:\/\/gohike.lv\/ru\/","logo":{"@type":"ImageObject","inLanguage":"ru-RU","@id":"https:\/\/gohike.lv\/ru\/#\/schema\/logo\/image\/","url":"https:\/\/gohike.lv\/wp-content\/uploads\/2023\/08\/Logo_GoHike.webp","contentUrl":"https:\/\/gohike.lv\/wp-content\/uploads\/2023\/08\/Logo_GoHike.webp","width":512,"height":512,"caption":"GoHike"},"image":{"@id":"https:\/\/gohike.lv\/ru\/#\/schema\/logo\/image\/"},"sameAs":["https:\/\/www.facebook.com\/gohike.shop\/","https:\/\/www.instagram.com\/gohike.shop\/"]}]}},"jetpack_sharing_enabled":true,"_links":{"self":[{"href":"https:\/\/gohike.lv\/ru\/wp-json\/wp\/v2\/product\/63483","targetHints":{"allow":["GET"]}}],"collection":[{"href":"https:\/\/gohike.lv\/ru\/wp-json\/wp\/v2\/product"}],"about":[{"href":"https:\/\/gohike.lv\/ru\/wp-json\/wp\/v2\/types\/product"}],"version-history":[{"count":0,"href":"https:\/\/gohike.lv\/ru\/wp-json\/wp\/v2\/product\/63483\/revisions"}],"wp:featuredmedia":[{"embeddable":true,"href":"https:\/\/gohike.lv\/ru\/wp-json\/wp\/v2\/media\/63485"}],"wp:attachment":[{"href":"https:\/\/gohike.lv\/ru\/wp-json\/wp\/v2\/media?parent=63483"}],"wp:term":[{"taxonomy":"product_brand","embeddable":true,"href":"https:\/\/gohike.lv\/ru\/wp-json\/wp\/v2\/product_brand?post=63483"},{"taxonomy":"product_cat","embeddable":true,"href":"https:\/\/gohike.lv\/ru\/wp-json\/wp\/v2\/product_cat?post=63483"},{"taxonomy":"product_tag","embeddable":true,"href":"https:\/\/gohike.lv\/ru\/wp-json\/wp\/v2\/product_tag?post=63483"}],"curies":[{"name":"wp","href":"https:\/\/api.w.org\/{rel}","templated":true}]}}