{"id":63176,"date":"2024-10-11T13:17:39","date_gmt":"2024-10-11T10:17:39","guid":{"rendered":"https:\/\/gohike.lv\/produkts\/nordic-grip-easy-apavu-radzes\/"},"modified":"2026-01-28T19:59:44","modified_gmt":"2026-01-28T16:59:44","slug":"nordic-grip-easy-apavu-radzes","status":"publish","type":"product","link":"https:\/\/gohike.lv\/ru\/produkts\/nordic-grip-easy-apavu-radzes\/","title":{"rendered":"Nordic Grip &#8212; Easy apavu radzes"},"content":{"rendered":"<p>Nordic Easy apavu radzes ir viegli uzvelkamas risin\u0101jums, kas pasarg\u0101s no sl\u012bd\u0113\u0161anas uz apledoju\u0161\u0101m un sniegot\u0101m virsm\u0101m.<br \/>\n\u0160ie apavu radzes ir ide\u0101li piem\u0113roti vis\u0101m iecien\u012btaj\u0101m aktivit\u0101t\u0113m ziem\u0101 \u2013 bez probl\u0113m\u0101m p\u0101rvietosities pa sniega un sala kl\u0101t\u0101m viet\u0101m. Radzes viegli uzvelkamas ar vienu roku uz apavu pap\u0113\u017ea, t\u0101p\u0113c t\u0101s sauc par &#171;easy&#187; (viegls).<br \/>\nApkausts sast\u0101v no div\u0101m da\u013c\u0101m \u2013 siksni\u0146as un pap\u0113\u017ea ievalka ar 5 volframa spike\u013ciem, kas nodro\u0161ina izcilu sa\u0137eri uz slideniem virsmiem.<br \/>\nIzv\u0113lieties Nordic Easy apavu radzes un dro\u0161i izbaudiet ziemas pastaigas!<\/p>\n","protected":false},"excerpt":{"rendered":"<p>Nordic Easy apavu radzes ir viegli uzvelkamas risin\u0101jums, kas pasarg\u0101s no sl\u012bd\u0113\u0161anas uz apledoju\u0161\u0101m un sniegot\u0101m virsm\u0101m.<\/p>\n","protected":false},"featured_media":63178,"template":"","meta":[],"product_brand":[9794],"product_cat":[4278],"product_tag":[],"class_list":{"0":"post-63176","1":"product","2":"type-product","3":"status-publish","4":"has-post-thumbnail","6":"product_brand-nordic-grip","7":"product_cat-apavi","8":"pa_izmers-l41-44","9":"pa_izmers-m37-41","10":"pa_izmers-s35-37","11":"pa_produkta-tips-apavu-radzes","13":"first","14":"instock","15":"taxable","16":"shipping-taxable","17":"purchasable","18":"product-type-variable"},"raw_content":{"name":"Nordic Grip - Easy apavu radzes","description":"Nordic Easy apavu radzes ir viegli uzvelkamas risin\u0101jums, kas pasarg\u0101s no sl\u012bd\u0113\u0161anas uz apledoju\u0161\u0101m un sniegot\u0101m virsm\u0101m.\n\u0160ie apavu radzes ir ide\u0101li piem\u0113roti vis\u0101m iecien\u012btaj\u0101m aktivit\u0101t\u0113m ziem\u0101 \u2013 bez probl\u0113m\u0101m p\u0101rvietosities pa sniega un sala kl\u0101t\u0101m viet\u0101m. Radzes viegli uzvelkamas ar vienu roku uz apavu pap\u0113\u017ea, t\u0101p\u0113c t\u0101s sauc par \"easy\" (viegls).\nApkausts sast\u0101v no div\u0101m da\u013c\u0101m \u2013 siksni\u0146as un pap\u0113\u017ea ievalka ar 5 volframa spike\u013ciem, kas nodro\u0161ina izcilu sa\u0137eri uz slideniem virsmiem.\nIzv\u0113lieties Nordic Easy apavu radzes un dro\u0161i izbaudiet ziemas pastaigas!","short_description":"Nordic Easy apavu radzes ir viegli uzvelkamas risin\u0101jums, kas pasarg\u0101s no sl\u012bd\u0113\u0161anas uz apledoju\u0161\u0101m un sniegot\u0101m virsm\u0101m.","status":"publish","sku":"nordicgrip0003","original":63176},"wpml":{"translation_type":1,"has_translations":true,"original":63176,"duplicates":[],"translations":{"lv":63176,"en":66930,"ru":null}},"supplier_id":null,"supplier_sku":"","barcode":null,"atum_controlled":true,"out_stock_date":null,"out_stock_threshold":null,"inheritable":true,"inbound_stock":0,"stock_on_hold":0,"sold_today":0,"sales_last_days":0,"reserved_stock":0,"customer_returns":0,"warehouse_damage":0,"lost_in_post":0,"other_logs":0,"out_stock_days":0,"lost_sales":0,"has_location":false,"update_date":"2025-12-31T16:55:30","atum_locations":[],"atum_stock_status":"instock","restock_status":false,"low_stock_amount":"","sales_update_date":"2025-11-13T14:07:05","calc_backorders":null,"yoast_head":"<!-- This site is optimized with the Yoast SEO plugin v27.3 - https:\/\/yoast.com\/product\/yoast-seo-wordpress\/ -->\n<title>Nordic Grip - Easy apavu radzes<\/title>\n<meta name=\"description\" content=\"Nordic Easy apavu radzes ir viegli uzvelkamas risin\u0101jums, kas pasarg\u0101s no sl\u012bd\u0113\u0161anas uz apledoju\u0161\u0101m un sniegot\u0101m virsm\u0101m.\" \/>\n<meta name=\"robots\" content=\"index, follow, max-snippet:-1, max-image-preview:large, max-video-preview:-1\" \/>\n<link rel=\"canonical\" href=\"https:\/\/gohike.lv\/ru\/produkts\/nordic-grip-easy-apavu-radzes\/\" \/>\n<meta property=\"og:locale\" content=\"ru_RU\" \/>\n<meta property=\"og:type\" content=\"article\" \/>\n<meta property=\"og:title\" content=\"Apavi Nordic Grip Easy apavu radzes\" \/>\n<meta property=\"og:description\" content=\"Nordic Easy apavu radzes ir viegli uzvelkamas risin\u0101jums, kas pasarg\u0101s no sl\u012bd\u0113\u0161anas uz apledoju\u0161\u0101m un sniegot\u0101m virsm\u0101m.\" \/>\n<meta property=\"og:url\" content=\"https:\/\/gohike.lv\/ru\/produkts\/nordic-grip-easy-apavu-radzes\/\" \/>\n<meta property=\"og:site_name\" content=\"GoHike\" \/>\n<meta property=\"article:publisher\" content=\"https:\/\/www.facebook.com\/gohike.shop\/\" \/>\n<meta property=\"article:modified_time\" content=\"2026-01-28T16:59:44+00:00\" \/>\n<meta property=\"og:image\" content=\"https:\/\/gohike.lv\/wp-content\/uploads\/2024\/10\/NordicEasy_.jpg\" \/>\n\t<meta property=\"og:image:width\" content=\"1440\" \/>\n\t<meta property=\"og:image:height\" content=\"1440\" \/>\n\t<meta property=\"og:image:type\" content=\"image\/jpeg\" \/>\n<meta name=\"twitter:card\" content=\"summary_large_image\" \/>\n<meta name=\"twitter:title\" content=\"Apavi Nordic Grip Easy apavu radzes\" \/>\n<meta name=\"twitter:label1\" content=\"\u041f\u0440\u0438\u043c\u0435\u0440\u043d\u043e\u0435 \u0432\u0440\u0435\u043c\u044f \u0434\u043b\u044f \u0447\u0442\u0435\u043d\u0438\u044f\" \/>\n\t<meta name=\"twitter:data1\" content=\"1 \u043c\u0438\u043d\u0443\u0442\u0430\" \/>\n<script type=\"application\/ld+json\" class=\"yoast-schema-graph\">{\"@context\":\"https:\\\/\\\/schema.org\",\"@graph\":[{\"@type\":[\"WebPage\",\"ItemPage\"],\"@id\":\"https:\\\/\\\/gohike.lv\\\/ru\\\/produkts\\\/nordic-grip-easy-apavu-radzes\\\/\",\"url\":\"https:\\\/\\\/gohike.lv\\\/ru\\\/produkts\\\/nordic-grip-easy-apavu-radzes\\\/\",\"name\":\"Nordic Grip - Easy apavu radzes\",\"isPartOf\":{\"@id\":\"https:\\\/\\\/gohike.lv\\\/ru\\\/#website\"},\"primaryImageOfPage\":{\"@id\":\"https:\\\/\\\/gohike.lv\\\/ru\\\/produkts\\\/nordic-grip-easy-apavu-radzes\\\/#primaryimage\"},\"image\":{\"@id\":\"https:\\\/\\\/gohike.lv\\\/ru\\\/produkts\\\/nordic-grip-easy-apavu-radzes\\\/#primaryimage\"},\"thumbnailUrl\":\"https:\\\/\\\/gohike.lv\\\/wp-content\\\/uploads\\\/2024\\\/10\\\/NordicEasy_.jpg\",\"datePublished\":\"2024-10-11T10:17:39+00:00\",\"dateModified\":\"2026-01-28T16:59:44+00:00\",\"description\":\"Nordic Easy apavu radzes ir viegli uzvelkamas risin\u0101jums, kas pasarg\u0101s no sl\u012bd\u0113\u0161anas uz apledoju\u0161\u0101m un sniegot\u0101m virsm\u0101m.\",\"breadcrumb\":{\"@id\":\"https:\\\/\\\/gohike.lv\\\/ru\\\/produkts\\\/nordic-grip-easy-apavu-radzes\\\/#breadcrumb\"},\"inLanguage\":\"ru-RU\",\"potentialAction\":[{\"@type\":\"ReadAction\",\"target\":[\"https:\\\/\\\/gohike.lv\\\/ru\\\/produkts\\\/nordic-grip-easy-apavu-radzes\\\/\"]}]},{\"@type\":\"ImageObject\",\"inLanguage\":\"ru-RU\",\"@id\":\"https:\\\/\\\/gohike.lv\\\/ru\\\/produkts\\\/nordic-grip-easy-apavu-radzes\\\/#primaryimage\",\"url\":\"https:\\\/\\\/gohike.lv\\\/wp-content\\\/uploads\\\/2024\\\/10\\\/NordicEasy_.jpg\",\"contentUrl\":\"https:\\\/\\\/gohike.lv\\\/wp-content\\\/uploads\\\/2024\\\/10\\\/NordicEasy_.jpg\",\"width\":1440,\"height\":1440},{\"@type\":\"BreadcrumbList\",\"@id\":\"https:\\\/\\\/gohike.lv\\\/ru\\\/produkts\\\/nordic-grip-easy-apavu-radzes\\\/#breadcrumb\",\"itemListElement\":[{\"@type\":\"ListItem\",\"position\":1,\"name\":\"\u0413\u043b\u0430\u0432\u043d\u0430\u044f\",\"item\":\"https:\\\/\\\/gohike.lv\\\/ru\\\/\"},{\"@type\":\"ListItem\",\"position\":2,\"name\":\"\u041a\u0430\u0442\u0435\u0433\u043e\u0440\u0438\u0438 \u0442\u043e\u0432\u0430\u0440\u043e\u0432\",\"item\":\"https:\\\/\\\/gohike.lv\\\/%d0%ba%d0%b0%d1%82%d0%b5%d0%b3%d0%be%d1%80%d0%b8%d0%b8-%d1%82%d0%be%d0%b2%d0%b0%d1%80%d0%be%d0%b2\\\/\"},{\"@type\":\"ListItem\",\"position\":3,\"name\":\"Nordic Grip &#8211; Easy apavu radzes\"}]},{\"@type\":\"WebSite\",\"@id\":\"https:\\\/\\\/gohike.lv\\\/ru\\\/#website\",\"url\":\"https:\\\/\\\/gohike.lv\\\/ru\\\/\",\"name\":\"GoHike\",\"description\":\"\",\"publisher\":{\"@id\":\"https:\\\/\\\/gohike.lv\\\/ru\\\/#organization\"},\"potentialAction\":[{\"@type\":\"SearchAction\",\"target\":{\"@type\":\"EntryPoint\",\"urlTemplate\":\"https:\\\/\\\/gohike.lv\\\/ru\\\/?s={search_term_string}\"},\"query-input\":{\"@type\":\"PropertyValueSpecification\",\"valueRequired\":true,\"valueName\":\"search_term_string\"}}],\"inLanguage\":\"ru-RU\"},{\"@type\":\"Organization\",\"@id\":\"https:\\\/\\\/gohike.lv\\\/ru\\\/#organization\",\"name\":\"GoHike\",\"url\":\"https:\\\/\\\/gohike.lv\\\/ru\\\/\",\"logo\":{\"@type\":\"ImageObject\",\"inLanguage\":\"ru-RU\",\"@id\":\"https:\\\/\\\/gohike.lv\\\/ru\\\/#\\\/schema\\\/logo\\\/image\\\/\",\"url\":\"https:\\\/\\\/gohike.lv\\\/wp-content\\\/uploads\\\/2023\\\/08\\\/Logo_GoHike.webp\",\"contentUrl\":\"https:\\\/\\\/gohike.lv\\\/wp-content\\\/uploads\\\/2023\\\/08\\\/Logo_GoHike.webp\",\"width\":512,\"height\":512,\"caption\":\"GoHike\"},\"image\":{\"@id\":\"https:\\\/\\\/gohike.lv\\\/ru\\\/#\\\/schema\\\/logo\\\/image\\\/\"},\"sameAs\":[\"https:\\\/\\\/www.facebook.com\\\/gohike.shop\\\/\",\"https:\\\/\\\/www.instagram.com\\\/gohike.shop\\\/\"]}]}<\/script>\n<!-- \/ Yoast SEO plugin. -->","yoast_head_json":{"title":"Nordic Grip - Easy apavu radzes","description":"Nordic Easy apavu radzes ir viegli uzvelkamas risin\u0101jums, kas pasarg\u0101s no sl\u012bd\u0113\u0161anas uz apledoju\u0161\u0101m un sniegot\u0101m virsm\u0101m.","robots":{"index":"index","follow":"follow","max-snippet":"max-snippet:-1","max-image-preview":"max-image-preview:large","max-video-preview":"max-video-preview:-1"},"canonical":"https:\/\/gohike.lv\/ru\/produkts\/nordic-grip-easy-apavu-radzes\/","og_locale":"ru_RU","og_type":"article","og_title":"Apavi Nordic Grip Easy apavu radzes","og_description":"Nordic Easy apavu radzes ir viegli uzvelkamas risin\u0101jums, kas pasarg\u0101s no sl\u012bd\u0113\u0161anas uz apledoju\u0161\u0101m un sniegot\u0101m virsm\u0101m.","og_url":"https:\/\/gohike.lv\/ru\/produkts\/nordic-grip-easy-apavu-radzes\/","og_site_name":"GoHike","article_publisher":"https:\/\/www.facebook.com\/gohike.shop\/","article_modified_time":"2026-01-28T16:59:44+00:00","og_image":[{"width":1440,"height":1440,"url":"https:\/\/gohike.lv\/wp-content\/uploads\/2024\/10\/NordicEasy_.jpg","type":"image\/jpeg"}],"twitter_card":"summary_large_image","twitter_title":"Apavi Nordic Grip Easy apavu radzes","twitter_misc":{"\u041f\u0440\u0438\u043c\u0435\u0440\u043d\u043e\u0435 \u0432\u0440\u0435\u043c\u044f \u0434\u043b\u044f \u0447\u0442\u0435\u043d\u0438\u044f":"1 \u043c\u0438\u043d\u0443\u0442\u0430"},"schema":{"@context":"https:\/\/schema.org","@graph":[{"@type":["WebPage","ItemPage"],"@id":"https:\/\/gohike.lv\/ru\/produkts\/nordic-grip-easy-apavu-radzes\/","url":"https:\/\/gohike.lv\/ru\/produkts\/nordic-grip-easy-apavu-radzes\/","name":"Nordic Grip - Easy apavu radzes","isPartOf":{"@id":"https:\/\/gohike.lv\/ru\/#website"},"primaryImageOfPage":{"@id":"https:\/\/gohike.lv\/ru\/produkts\/nordic-grip-easy-apavu-radzes\/#primaryimage"},"image":{"@id":"https:\/\/gohike.lv\/ru\/produkts\/nordic-grip-easy-apavu-radzes\/#primaryimage"},"thumbnailUrl":"https:\/\/gohike.lv\/wp-content\/uploads\/2024\/10\/NordicEasy_.jpg","datePublished":"2024-10-11T10:17:39+00:00","dateModified":"2026-01-28T16:59:44+00:00","description":"Nordic Easy apavu radzes ir viegli uzvelkamas risin\u0101jums, kas pasarg\u0101s no sl\u012bd\u0113\u0161anas uz apledoju\u0161\u0101m un sniegot\u0101m virsm\u0101m.","breadcrumb":{"@id":"https:\/\/gohike.lv\/ru\/produkts\/nordic-grip-easy-apavu-radzes\/#breadcrumb"},"inLanguage":"ru-RU","potentialAction":[{"@type":"ReadAction","target":["https:\/\/gohike.lv\/ru\/produkts\/nordic-grip-easy-apavu-radzes\/"]}]},{"@type":"ImageObject","inLanguage":"ru-RU","@id":"https:\/\/gohike.lv\/ru\/produkts\/nordic-grip-easy-apavu-radzes\/#primaryimage","url":"https:\/\/gohike.lv\/wp-content\/uploads\/2024\/10\/NordicEasy_.jpg","contentUrl":"https:\/\/gohike.lv\/wp-content\/uploads\/2024\/10\/NordicEasy_.jpg","width":1440,"height":1440},{"@type":"BreadcrumbList","@id":"https:\/\/gohike.lv\/ru\/produkts\/nordic-grip-easy-apavu-radzes\/#breadcrumb","itemListElement":[{"@type":"ListItem","position":1,"name":"\u0413\u043b\u0430\u0432\u043d\u0430\u044f","item":"https:\/\/gohike.lv\/ru\/"},{"@type":"ListItem","position":2,"name":"\u041a\u0430\u0442\u0435\u0433\u043e\u0440\u0438\u0438 \u0442\u043e\u0432\u0430\u0440\u043e\u0432","item":"https:\/\/gohike.lv\/%d0%ba%d0%b0%d1%82%d0%b5%d0%b3%d0%be%d1%80%d0%b8%d0%b8-%d1%82%d0%be%d0%b2%d0%b0%d1%80%d0%be%d0%b2\/"},{"@type":"ListItem","position":3,"name":"Nordic Grip &#8211; Easy apavu radzes"}]},{"@type":"WebSite","@id":"https:\/\/gohike.lv\/ru\/#website","url":"https:\/\/gohike.lv\/ru\/","name":"GoHike","description":"","publisher":{"@id":"https:\/\/gohike.lv\/ru\/#organization"},"potentialAction":[{"@type":"SearchAction","target":{"@type":"EntryPoint","urlTemplate":"https:\/\/gohike.lv\/ru\/?s={search_term_string}"},"query-input":{"@type":"PropertyValueSpecification","valueRequired":true,"valueName":"search_term_string"}}],"inLanguage":"ru-RU"},{"@type":"Organization","@id":"https:\/\/gohike.lv\/ru\/#organization","name":"GoHike","url":"https:\/\/gohike.lv\/ru\/","logo":{"@type":"ImageObject","inLanguage":"ru-RU","@id":"https:\/\/gohike.lv\/ru\/#\/schema\/logo\/image\/","url":"https:\/\/gohike.lv\/wp-content\/uploads\/2023\/08\/Logo_GoHike.webp","contentUrl":"https:\/\/gohike.lv\/wp-content\/uploads\/2023\/08\/Logo_GoHike.webp","width":512,"height":512,"caption":"GoHike"},"image":{"@id":"https:\/\/gohike.lv\/ru\/#\/schema\/logo\/image\/"},"sameAs":["https:\/\/www.facebook.com\/gohike.shop\/","https:\/\/www.instagram.com\/gohike.shop\/"]}]}},"jetpack_sharing_enabled":true,"_links":{"self":[{"href":"https:\/\/gohike.lv\/ru\/wp-json\/wp\/v2\/product\/63176","targetHints":{"allow":["GET"]}}],"collection":[{"href":"https:\/\/gohike.lv\/ru\/wp-json\/wp\/v2\/product"}],"about":[{"href":"https:\/\/gohike.lv\/ru\/wp-json\/wp\/v2\/types\/product"}],"version-history":[{"count":1,"href":"https:\/\/gohike.lv\/ru\/wp-json\/wp\/v2\/product\/63176\/revisions"}],"predecessor-version":[{"id":119167,"href":"https:\/\/gohike.lv\/ru\/wp-json\/wp\/v2\/product\/63176\/revisions\/119167"}],"wp:featuredmedia":[{"embeddable":true,"href":"https:\/\/gohike.lv\/ru\/wp-json\/wp\/v2\/media\/63178"}],"wp:attachment":[{"href":"https:\/\/gohike.lv\/ru\/wp-json\/wp\/v2\/media?parent=63176"}],"wp:term":[{"taxonomy":"product_brand","embeddable":true,"href":"https:\/\/gohike.lv\/ru\/wp-json\/wp\/v2\/product_brand?post=63176"},{"taxonomy":"product_cat","embeddable":true,"href":"https:\/\/gohike.lv\/ru\/wp-json\/wp\/v2\/product_cat?post=63176"},{"taxonomy":"product_tag","embeddable":true,"href":"https:\/\/gohike.lv\/ru\/wp-json\/wp\/v2\/product_tag?post=63176"}],"curies":[{"name":"wp","href":"https:\/\/api.w.org\/{rel}","templated":true}]}}