{"id":63137,"date":"2024-10-11T13:17:39","date_gmt":"2024-10-11T10:17:39","guid":{"rendered":"https:\/\/gohike.lv\/produkts\/nordic-grip-walking-apavu-radzes\/"},"modified":"2026-01-31T20:11:01","modified_gmt":"2026-01-31T17:11:01","slug":"nordic-grip-walking-apavu-radzes","status":"publish","type":"product","link":"https:\/\/gohike.lv\/ru\/produkts\/nordic-grip-walking-apavu-radzes\/","title":{"rendered":"Nordic Grip &#8212; Walking apavu radzes"},"content":{"rendered":"<p>Nordic Grip radzes stingri piegu\u013c apaviem, ir viegli uzliekamas un no\u0146emamas, ieejot telp\u0101s. To iztur\u012bgie spike\u013ci garant\u0113 stabilu gaitu gan pils\u0113t\u0101, gan laukos. \u0160is modelis ir paz\u012bstams ar augsto kvalit\u0101ti un sa\u0146\u0113mis atzin\u012bbu Norv\u0113\u0123ij\u0101 2013. gad\u0101.<br \/>\nR\u016bp\u0113jieties par savu dro\u0161\u012bbu un izbaudiet ziemas pastaigas ar Nordic Grip radz\u0113m!<\/p>\n","protected":false},"excerpt":{"rendered":"<p>Nordic Grip apavu radzes \u2013 lielisks risin\u0101jums, lai nodro\u0161in\u0101tu stabilit\u0101ti ziem\u0101.<\/p>\n","protected":false},"featured_media":63139,"template":"","meta":[],"product_brand":[9794],"product_cat":[4278],"product_tag":[],"class_list":{"0":"post-63137","1":"product","2":"type-product","3":"status-publish","4":"has-post-thumbnail","6":"product_brand-nordic-grip","7":"product_cat-apavi","8":"pa_izmers-l41-45","9":"pa_izmers-m37-41","10":"pa_izmers-s35-37","11":"pa_izmers-xl45-47","12":"pa_produkta-tips-apavu-radzes","14":"first","15":"instock","16":"taxable","17":"shipping-taxable","18":"purchasable","19":"product-type-variable"},"raw_content":{"name":"Nordic Grip - Walking apavu radzes","description":"Nordic Grip radzes stingri piegu\u013c apaviem, ir viegli uzliekamas un no\u0146emamas, ieejot telp\u0101s. To iztur\u012bgie spike\u013ci garant\u0113 stabilu gaitu gan pils\u0113t\u0101, gan laukos. \u0160is modelis ir paz\u012bstams ar augsto kvalit\u0101ti un sa\u0146\u0113mis atzin\u012bbu Norv\u0113\u0123ij\u0101 2013. gad\u0101.\nR\u016bp\u0113jieties par savu dro\u0161\u012bbu un izbaudiet ziemas pastaigas ar Nordic Grip radz\u0113m!","short_description":"Nordic Grip apavu radzes \u2013 lielisks risin\u0101jums, lai nodro\u0161in\u0101tu stabilit\u0101ti ziem\u0101.","status":"publish","sku":"8465-066929","original":63137},"wpml":{"translation_type":1,"has_translations":true,"original":63137,"duplicates":[],"translations":{"lv":63137,"en":66942,"ru":null}},"supplier_id":null,"supplier_sku":"","barcode":null,"atum_controlled":true,"out_stock_date":null,"out_stock_threshold":null,"inheritable":true,"inbound_stock":0,"stock_on_hold":0,"sold_today":0,"sales_last_days":3,"reserved_stock":0,"customer_returns":0,"warehouse_damage":0,"lost_in_post":0,"other_logs":0,"out_stock_days":0,"lost_sales":0,"has_location":false,"update_date":"2025-12-31T16:50:51","atum_locations":[],"atum_stock_status":"instock","restock_status":false,"low_stock_amount":"","sales_update_date":"2025-11-13T14:07:05","calc_backorders":null,"yoast_head":"<!-- This site is optimized with the Yoast SEO plugin v27.3 - https:\/\/yoast.com\/product\/yoast-seo-wordpress\/ -->\n<title>Nordic Grip - Walking apavu radzes<\/title>\n<meta name=\"description\" content=\"Nordic Grip apavu radzes \u2013 lielisks risin\u0101jums, lai nodro\u0161in\u0101tu stabilit\u0101ti ziem\u0101.\" \/>\n<meta name=\"robots\" content=\"index, follow, max-snippet:-1, max-image-preview:large, max-video-preview:-1\" \/>\n<link rel=\"canonical\" href=\"https:\/\/gohike.lv\/ru\/produkts\/nordic-grip-walking-apavu-radzes\/\" \/>\n<meta property=\"og:locale\" content=\"ru_RU\" \/>\n<meta property=\"og:type\" content=\"article\" \/>\n<meta property=\"og:title\" content=\"Apavi Nordic Grip Walking apavu radzes\" \/>\n<meta property=\"og:description\" content=\"Nordic Grip apavu radzes \u2013 lielisks risin\u0101jums, lai nodro\u0161in\u0101tu stabilit\u0101ti ziem\u0101.\" \/>\n<meta property=\"og:url\" content=\"https:\/\/gohike.lv\/ru\/produkts\/nordic-grip-walking-apavu-radzes\/\" \/>\n<meta property=\"og:site_name\" content=\"GoHike\" \/>\n<meta property=\"article:publisher\" content=\"https:\/\/www.facebook.com\/gohike.shop\/\" \/>\n<meta property=\"article:modified_time\" content=\"2026-01-31T17:11:01+00:00\" \/>\n<meta property=\"og:image\" content=\"https:\/\/gohike.lv\/wp-content\/uploads\/2024\/10\/NordicGripWalking_.jpg\" \/>\n\t<meta property=\"og:image:width\" content=\"1440\" \/>\n\t<meta property=\"og:image:height\" content=\"1440\" \/>\n\t<meta property=\"og:image:type\" content=\"image\/jpeg\" \/>\n<meta name=\"twitter:card\" content=\"summary_large_image\" \/>\n<meta name=\"twitter:title\" content=\"Apavi Nordic Grip Walking apavu radzes\" \/>\n<meta name=\"twitter:label1\" content=\"\u041f\u0440\u0438\u043c\u0435\u0440\u043d\u043e\u0435 \u0432\u0440\u0435\u043c\u044f \u0434\u043b\u044f \u0447\u0442\u0435\u043d\u0438\u044f\" \/>\n\t<meta name=\"twitter:data1\" content=\"1 \u043c\u0438\u043d\u0443\u0442\u0430\" \/>\n<script type=\"application\/ld+json\" class=\"yoast-schema-graph\">{\"@context\":\"https:\\\/\\\/schema.org\",\"@graph\":[{\"@type\":[\"WebPage\",\"ItemPage\"],\"@id\":\"https:\\\/\\\/gohike.lv\\\/ru\\\/produkts\\\/nordic-grip-walking-apavu-radzes\\\/\",\"url\":\"https:\\\/\\\/gohike.lv\\\/ru\\\/produkts\\\/nordic-grip-walking-apavu-radzes\\\/\",\"name\":\"Nordic Grip - Walking apavu radzes\",\"isPartOf\":{\"@id\":\"https:\\\/\\\/gohike.lv\\\/ru\\\/#website\"},\"primaryImageOfPage\":{\"@id\":\"https:\\\/\\\/gohike.lv\\\/ru\\\/produkts\\\/nordic-grip-walking-apavu-radzes\\\/#primaryimage\"},\"image\":{\"@id\":\"https:\\\/\\\/gohike.lv\\\/ru\\\/produkts\\\/nordic-grip-walking-apavu-radzes\\\/#primaryimage\"},\"thumbnailUrl\":\"https:\\\/\\\/gohike.lv\\\/wp-content\\\/uploads\\\/2024\\\/10\\\/NordicGripWalking_.jpg\",\"datePublished\":\"2024-10-11T10:17:39+00:00\",\"dateModified\":\"2026-01-31T17:11:01+00:00\",\"description\":\"Nordic Grip apavu radzes \u2013 lielisks risin\u0101jums, lai nodro\u0161in\u0101tu stabilit\u0101ti ziem\u0101.\",\"breadcrumb\":{\"@id\":\"https:\\\/\\\/gohike.lv\\\/ru\\\/produkts\\\/nordic-grip-walking-apavu-radzes\\\/#breadcrumb\"},\"inLanguage\":\"ru-RU\",\"potentialAction\":[{\"@type\":\"ReadAction\",\"target\":[\"https:\\\/\\\/gohike.lv\\\/ru\\\/produkts\\\/nordic-grip-walking-apavu-radzes\\\/\"]}]},{\"@type\":\"ImageObject\",\"inLanguage\":\"ru-RU\",\"@id\":\"https:\\\/\\\/gohike.lv\\\/ru\\\/produkts\\\/nordic-grip-walking-apavu-radzes\\\/#primaryimage\",\"url\":\"https:\\\/\\\/gohike.lv\\\/wp-content\\\/uploads\\\/2024\\\/10\\\/NordicGripWalking_.jpg\",\"contentUrl\":\"https:\\\/\\\/gohike.lv\\\/wp-content\\\/uploads\\\/2024\\\/10\\\/NordicGripWalking_.jpg\",\"width\":1440,\"height\":1440},{\"@type\":\"BreadcrumbList\",\"@id\":\"https:\\\/\\\/gohike.lv\\\/ru\\\/produkts\\\/nordic-grip-walking-apavu-radzes\\\/#breadcrumb\",\"itemListElement\":[{\"@type\":\"ListItem\",\"position\":1,\"name\":\"\u0413\u043b\u0430\u0432\u043d\u0430\u044f\",\"item\":\"https:\\\/\\\/gohike.lv\\\/ru\\\/\"},{\"@type\":\"ListItem\",\"position\":2,\"name\":\"\u041a\u0430\u0442\u0435\u0433\u043e\u0440\u0438\u0438 \u0442\u043e\u0432\u0430\u0440\u043e\u0432\",\"item\":\"https:\\\/\\\/gohike.lv\\\/%d0%ba%d0%b0%d1%82%d0%b5%d0%b3%d0%be%d1%80%d0%b8%d0%b8-%d1%82%d0%be%d0%b2%d0%b0%d1%80%d0%be%d0%b2\\\/\"},{\"@type\":\"ListItem\",\"position\":3,\"name\":\"Nordic Grip &#8211; Walking apavu radzes\"}]},{\"@type\":\"WebSite\",\"@id\":\"https:\\\/\\\/gohike.lv\\\/ru\\\/#website\",\"url\":\"https:\\\/\\\/gohike.lv\\\/ru\\\/\",\"name\":\"GoHike\",\"description\":\"\",\"publisher\":{\"@id\":\"https:\\\/\\\/gohike.lv\\\/ru\\\/#organization\"},\"potentialAction\":[{\"@type\":\"SearchAction\",\"target\":{\"@type\":\"EntryPoint\",\"urlTemplate\":\"https:\\\/\\\/gohike.lv\\\/ru\\\/?s={search_term_string}\"},\"query-input\":{\"@type\":\"PropertyValueSpecification\",\"valueRequired\":true,\"valueName\":\"search_term_string\"}}],\"inLanguage\":\"ru-RU\"},{\"@type\":\"Organization\",\"@id\":\"https:\\\/\\\/gohike.lv\\\/ru\\\/#organization\",\"name\":\"GoHike\",\"url\":\"https:\\\/\\\/gohike.lv\\\/ru\\\/\",\"logo\":{\"@type\":\"ImageObject\",\"inLanguage\":\"ru-RU\",\"@id\":\"https:\\\/\\\/gohike.lv\\\/ru\\\/#\\\/schema\\\/logo\\\/image\\\/\",\"url\":\"https:\\\/\\\/gohike.lv\\\/wp-content\\\/uploads\\\/2023\\\/08\\\/Logo_GoHike.webp\",\"contentUrl\":\"https:\\\/\\\/gohike.lv\\\/wp-content\\\/uploads\\\/2023\\\/08\\\/Logo_GoHike.webp\",\"width\":512,\"height\":512,\"caption\":\"GoHike\"},\"image\":{\"@id\":\"https:\\\/\\\/gohike.lv\\\/ru\\\/#\\\/schema\\\/logo\\\/image\\\/\"},\"sameAs\":[\"https:\\\/\\\/www.facebook.com\\\/gohike.shop\\\/\",\"https:\\\/\\\/www.instagram.com\\\/gohike.shop\\\/\"]}]}<\/script>\n<!-- \/ Yoast SEO plugin. -->","yoast_head_json":{"title":"Nordic Grip - Walking apavu radzes","description":"Nordic Grip apavu radzes \u2013 lielisks risin\u0101jums, lai nodro\u0161in\u0101tu stabilit\u0101ti ziem\u0101.","robots":{"index":"index","follow":"follow","max-snippet":"max-snippet:-1","max-image-preview":"max-image-preview:large","max-video-preview":"max-video-preview:-1"},"canonical":"https:\/\/gohike.lv\/ru\/produkts\/nordic-grip-walking-apavu-radzes\/","og_locale":"ru_RU","og_type":"article","og_title":"Apavi Nordic Grip Walking apavu radzes","og_description":"Nordic Grip apavu radzes \u2013 lielisks risin\u0101jums, lai nodro\u0161in\u0101tu stabilit\u0101ti ziem\u0101.","og_url":"https:\/\/gohike.lv\/ru\/produkts\/nordic-grip-walking-apavu-radzes\/","og_site_name":"GoHike","article_publisher":"https:\/\/www.facebook.com\/gohike.shop\/","article_modified_time":"2026-01-31T17:11:01+00:00","og_image":[{"width":1440,"height":1440,"url":"https:\/\/gohike.lv\/wp-content\/uploads\/2024\/10\/NordicGripWalking_.jpg","type":"image\/jpeg"}],"twitter_card":"summary_large_image","twitter_title":"Apavi Nordic Grip Walking apavu radzes","twitter_misc":{"\u041f\u0440\u0438\u043c\u0435\u0440\u043d\u043e\u0435 \u0432\u0440\u0435\u043c\u044f \u0434\u043b\u044f \u0447\u0442\u0435\u043d\u0438\u044f":"1 \u043c\u0438\u043d\u0443\u0442\u0430"},"schema":{"@context":"https:\/\/schema.org","@graph":[{"@type":["WebPage","ItemPage"],"@id":"https:\/\/gohike.lv\/ru\/produkts\/nordic-grip-walking-apavu-radzes\/","url":"https:\/\/gohike.lv\/ru\/produkts\/nordic-grip-walking-apavu-radzes\/","name":"Nordic Grip - Walking apavu radzes","isPartOf":{"@id":"https:\/\/gohike.lv\/ru\/#website"},"primaryImageOfPage":{"@id":"https:\/\/gohike.lv\/ru\/produkts\/nordic-grip-walking-apavu-radzes\/#primaryimage"},"image":{"@id":"https:\/\/gohike.lv\/ru\/produkts\/nordic-grip-walking-apavu-radzes\/#primaryimage"},"thumbnailUrl":"https:\/\/gohike.lv\/wp-content\/uploads\/2024\/10\/NordicGripWalking_.jpg","datePublished":"2024-10-11T10:17:39+00:00","dateModified":"2026-01-31T17:11:01+00:00","description":"Nordic Grip apavu radzes \u2013 lielisks risin\u0101jums, lai nodro\u0161in\u0101tu stabilit\u0101ti ziem\u0101.","breadcrumb":{"@id":"https:\/\/gohike.lv\/ru\/produkts\/nordic-grip-walking-apavu-radzes\/#breadcrumb"},"inLanguage":"ru-RU","potentialAction":[{"@type":"ReadAction","target":["https:\/\/gohike.lv\/ru\/produkts\/nordic-grip-walking-apavu-radzes\/"]}]},{"@type":"ImageObject","inLanguage":"ru-RU","@id":"https:\/\/gohike.lv\/ru\/produkts\/nordic-grip-walking-apavu-radzes\/#primaryimage","url":"https:\/\/gohike.lv\/wp-content\/uploads\/2024\/10\/NordicGripWalking_.jpg","contentUrl":"https:\/\/gohike.lv\/wp-content\/uploads\/2024\/10\/NordicGripWalking_.jpg","width":1440,"height":1440},{"@type":"BreadcrumbList","@id":"https:\/\/gohike.lv\/ru\/produkts\/nordic-grip-walking-apavu-radzes\/#breadcrumb","itemListElement":[{"@type":"ListItem","position":1,"name":"\u0413\u043b\u0430\u0432\u043d\u0430\u044f","item":"https:\/\/gohike.lv\/ru\/"},{"@type":"ListItem","position":2,"name":"\u041a\u0430\u0442\u0435\u0433\u043e\u0440\u0438\u0438 \u0442\u043e\u0432\u0430\u0440\u043e\u0432","item":"https:\/\/gohike.lv\/%d0%ba%d0%b0%d1%82%d0%b5%d0%b3%d0%be%d1%80%d0%b8%d0%b8-%d1%82%d0%be%d0%b2%d0%b0%d1%80%d0%be%d0%b2\/"},{"@type":"ListItem","position":3,"name":"Nordic Grip &#8211; Walking apavu radzes"}]},{"@type":"WebSite","@id":"https:\/\/gohike.lv\/ru\/#website","url":"https:\/\/gohike.lv\/ru\/","name":"GoHike","description":"","publisher":{"@id":"https:\/\/gohike.lv\/ru\/#organization"},"potentialAction":[{"@type":"SearchAction","target":{"@type":"EntryPoint","urlTemplate":"https:\/\/gohike.lv\/ru\/?s={search_term_string}"},"query-input":{"@type":"PropertyValueSpecification","valueRequired":true,"valueName":"search_term_string"}}],"inLanguage":"ru-RU"},{"@type":"Organization","@id":"https:\/\/gohike.lv\/ru\/#organization","name":"GoHike","url":"https:\/\/gohike.lv\/ru\/","logo":{"@type":"ImageObject","inLanguage":"ru-RU","@id":"https:\/\/gohike.lv\/ru\/#\/schema\/logo\/image\/","url":"https:\/\/gohike.lv\/wp-content\/uploads\/2023\/08\/Logo_GoHike.webp","contentUrl":"https:\/\/gohike.lv\/wp-content\/uploads\/2023\/08\/Logo_GoHike.webp","width":512,"height":512,"caption":"GoHike"},"image":{"@id":"https:\/\/gohike.lv\/ru\/#\/schema\/logo\/image\/"},"sameAs":["https:\/\/www.facebook.com\/gohike.shop\/","https:\/\/www.instagram.com\/gohike.shop\/"]}]}},"jetpack_sharing_enabled":true,"_links":{"self":[{"href":"https:\/\/gohike.lv\/ru\/wp-json\/wp\/v2\/product\/63137","targetHints":{"allow":["GET"]}}],"collection":[{"href":"https:\/\/gohike.lv\/ru\/wp-json\/wp\/v2\/product"}],"about":[{"href":"https:\/\/gohike.lv\/ru\/wp-json\/wp\/v2\/types\/product"}],"version-history":[{"count":2,"href":"https:\/\/gohike.lv\/ru\/wp-json\/wp\/v2\/product\/63137\/revisions"}],"predecessor-version":[{"id":119165,"href":"https:\/\/gohike.lv\/ru\/wp-json\/wp\/v2\/product\/63137\/revisions\/119165"}],"wp:featuredmedia":[{"embeddable":true,"href":"https:\/\/gohike.lv\/ru\/wp-json\/wp\/v2\/media\/63139"}],"wp:attachment":[{"href":"https:\/\/gohike.lv\/ru\/wp-json\/wp\/v2\/media?parent=63137"}],"wp:term":[{"taxonomy":"product_brand","embeddable":true,"href":"https:\/\/gohike.lv\/ru\/wp-json\/wp\/v2\/product_brand?post=63137"},{"taxonomy":"product_cat","embeddable":true,"href":"https:\/\/gohike.lv\/ru\/wp-json\/wp\/v2\/product_cat?post=63137"},{"taxonomy":"product_tag","embeddable":true,"href":"https:\/\/gohike.lv\/ru\/wp-json\/wp\/v2\/product_tag?post=63137"}],"curies":[{"name":"wp","href":"https:\/\/api.w.org\/{rel}","templated":true}]}}