{"id":63129,"date":"2024-10-11T13:17:39","date_gmt":"2024-10-11T10:17:39","guid":{"rendered":"https:\/\/gohike.lv\/produkts\/cocoon-air-core-utralight-spilvens\/"},"modified":"2025-12-30T17:25:02","modified_gmt":"2025-12-30T14:25:02","slug":"cocoon-air-core-utralight-spilvens","status":"publish","type":"product","link":"https:\/\/gohike.lv\/ru\/produkts\/cocoon-air-core-utralight-spilvens\/","title":{"rendered":"Cocoon &#8212; Air-Core Utralight spilvens"},"content":{"rendered":"<p>Air-Core Pillow Ultralight ir uzlabota versija popul\u0101rajam COCOON Air-Core Pillow, pieejams tr\u012bs da\u017e\u0101dos izm\u0113ros.<br \/>\nMateri\u0101ls: apvalks izgatavots no 100% poliestera mikro\u0161\u0137iedras (aug\u0161da\u013ca) un 20 Denier nylon (apak\u0161da\u013ca).<br \/>\nPiep\u016b\u0161amais gaisa kodols atrodas zem augstas kvalit\u0101tes sint\u0113tisk\u0101 pild\u012bjuma k\u0101rtas.<br \/>\nKop\u0161ana: mazg\u0101t ar rok\u0101m silt\u0101 \u016bden\u012b, nebalin\u0101t, neizgriezt, net\u012br\u012bt \u0137\u012bmiskaj\u0101 t\u012br\u012btav\u0101, ne\u017e\u0101v\u0113t ve\u013cas \u017e\u0101v\u0113t\u0101j\u0101, negludin\u0101t, mazg\u0101t kr\u0101sas atsevi\u0161\u0137i, pirms mazg\u0101\u0161anas no\u0146emt gaisa kameru!<br \/>\nSpilvens nodro\u0161in\u0101s komfortu un atbalstu, lai var\u0113tu piln\u012bb\u0101 izbaud\u012bt dabu un piedz\u012bvojumus!<\/p>\n","protected":false},"excerpt":{"rendered":"<p>Ultra viegls, kompakts ce\u013cojumu spilvens ar piep\u016b\u0161amu, apmain\u0101mu gaisa kodolu zem sint\u0113tisk\u0101 pild\u012bjuma k\u0101rtas un mikro\u0161\u0137iedras\/nylon apvalku.<\/p>\n","protected":false},"featured_media":63131,"template":"","meta":[],"product_brand":[15062],"product_cat":[1510],"product_tag":[],"class_list":{"0":"post-63129","1":"product","2":"type-product","3":"status-publish","4":"has-post-thumbnail","6":"product_brand-cooon","7":"product_cat-paklajini-un-spilveni","8":"pa_izmeriscm-9919","9":"pa_izmeriscm-9924","10":"pa_izmeriscm-14974","11":"pa_izmers-9791","12":"pa_izmers-9788","13":"pa_izmers-14975","14":"pa_produkta-tips-spilveni","15":"pa_saliktas-preces-izmerscm-117-5","16":"pa_saliktas-preces-izmerscm-9790","17":"pa_saliktas-preces-izmerscm-14976","19":"first","20":"instock","21":"taxable","22":"shipping-taxable","23":"purchasable","24":"product-type-variable"},"raw_content":{"name":"Cocoon - Air-Core Utralight spilvens","description":"Air-Core Pillow Ultralight ir uzlabota versija popul\u0101rajam COCOON Air-Core Pillow, pieejams tr\u012bs da\u017e\u0101dos izm\u0113ros.\nMateri\u0101ls: apvalks izgatavots no 100% poliestera mikro\u0161\u0137iedras (aug\u0161da\u013ca) un 20 Denier nylon (apak\u0161da\u013ca).\nPiep\u016b\u0161amais gaisa kodols atrodas zem augstas kvalit\u0101tes sint\u0113tisk\u0101 pild\u012bjuma k\u0101rtas.\nKop\u0161ana: mazg\u0101t ar rok\u0101m silt\u0101 \u016bden\u012b, nebalin\u0101t, neizgriezt, net\u012br\u012bt \u0137\u012bmiskaj\u0101 t\u012br\u012btav\u0101, ne\u017e\u0101v\u0113t ve\u013cas \u017e\u0101v\u0113t\u0101j\u0101, negludin\u0101t, mazg\u0101t kr\u0101sas atsevi\u0161\u0137i, pirms mazg\u0101\u0161anas no\u0146emt gaisa kameru!\nSpilvens nodro\u0161in\u0101s komfortu un atbalstu, lai var\u0113tu piln\u012bb\u0101 izbaud\u012bt dabu un piedz\u012bvojumus!","short_description":"Ultra viegls, kompakts ce\u013cojumu spilvens ar piep\u016b\u0161amu, apmain\u0101mu gaisa kodolu zem sint\u0113tisk\u0101 pild\u012bjuma k\u0101rtas un mikro\u0161\u0137iedras\/nylon apvalku.","status":"publish","sku":"BBDD-7B5466","original":63129},"wpml":{"translation_type":1,"has_translations":true,"original":63129,"duplicates":[],"translations":{"lv":63129,"en":66948,"ru":null}},"supplier_id":null,"supplier_sku":"","barcode":null,"atum_controlled":true,"out_stock_date":null,"out_stock_threshold":null,"inheritable":true,"inbound_stock":0,"stock_on_hold":0,"sold_today":0,"sales_last_days":0,"reserved_stock":0,"customer_returns":0,"warehouse_damage":0,"lost_in_post":0,"other_logs":0,"out_stock_days":0,"lost_sales":0,"has_location":false,"update_date":"2025-12-30T14:30:30","atum_locations":[],"atum_stock_status":"instock","restock_status":false,"low_stock_amount":"","sales_update_date":"2025-11-13T14:07:26","calc_backorders":null,"yoast_head":"<!-- This site is optimized with the Yoast SEO plugin v27.3 - https:\/\/yoast.com\/product\/yoast-seo-wordpress\/ -->\n<title>Cocoon - Air-Core Utralight spilvens<\/title>\n<meta name=\"description\" content=\"Ultra vieglais, kompaktais ce\u013cojumu spilvens ar piep\u016b\u0161amu, apmain\u0101mu gaisa kodolu zem sint\u0113tisk\u0101 pild\u012bjuma k\u0101rtas un mikro\u0161\u0137iedras\/nylon apvalku.\" \/>\n<meta name=\"robots\" content=\"index, follow, max-snippet:-1, max-image-preview:large, max-video-preview:-1\" \/>\n<link rel=\"canonical\" href=\"https:\/\/gohike.lv\/ru\/produkts\/cocoon-air-core-utralight-spilvens\/\" \/>\n<meta property=\"og:locale\" content=\"ru_RU\" \/>\n<meta property=\"og:type\" content=\"article\" \/>\n<meta property=\"og:title\" content=\"Pakl\u0101ji\u0146i Cocoon Air-Core Utralight spilvens\" \/>\n<meta property=\"og:description\" content=\"Ultra vieglais, kompaktais ce\u013cojumu spilvens ar piep\u016b\u0161amu, apmain\u0101mu gaisa kodolu zem sint\u0113tisk\u0101 pild\u012bjuma k\u0101rtas un mikro\u0161\u0137iedras\/nylon apvalku.\" \/>\n<meta property=\"og:url\" content=\"https:\/\/gohike.lv\/ru\/produkts\/cocoon-air-core-utralight-spilvens\/\" \/>\n<meta property=\"og:site_name\" content=\"GoHike\" \/>\n<meta property=\"article:publisher\" content=\"https:\/\/www.facebook.com\/gohike.shop\/\" \/>\n<meta property=\"article:modified_time\" content=\"2025-12-30T14:25:02+00:00\" \/>\n<meta property=\"og:image\" content=\"https:\/\/gohike.lv\/wp-content\/uploads\/2024\/10\/AirCoreUltralight_wasabi_.jpg\" \/>\n\t<meta property=\"og:image:width\" content=\"800\" \/>\n\t<meta property=\"og:image:height\" content=\"800\" \/>\n\t<meta property=\"og:image:type\" content=\"image\/jpeg\" \/>\n<meta name=\"twitter:card\" content=\"summary_large_image\" \/>\n<meta name=\"twitter:title\" content=\"Pakl\u0101ji\u0146i Cocoon Air-Core Utralight spilvens\" \/>\n<meta name=\"twitter:label1\" content=\"\u041f\u0440\u0438\u043c\u0435\u0440\u043d\u043e\u0435 \u0432\u0440\u0435\u043c\u044f \u0434\u043b\u044f \u0447\u0442\u0435\u043d\u0438\u044f\" \/>\n\t<meta name=\"twitter:data1\" content=\"1 \u043c\u0438\u043d\u0443\u0442\u0430\" \/>\n<script type=\"application\/ld+json\" class=\"yoast-schema-graph\">{\"@context\":\"https:\\\/\\\/schema.org\",\"@graph\":[{\"@type\":[\"WebPage\",\"ItemPage\"],\"@id\":\"https:\\\/\\\/gohike.lv\\\/ru\\\/produkts\\\/cocoon-air-core-utralight-spilvens\\\/\",\"url\":\"https:\\\/\\\/gohike.lv\\\/ru\\\/produkts\\\/cocoon-air-core-utralight-spilvens\\\/\",\"name\":\"Cocoon - Air-Core Utralight spilvens\",\"isPartOf\":{\"@id\":\"https:\\\/\\\/gohike.lv\\\/ru\\\/#website\"},\"primaryImageOfPage\":{\"@id\":\"https:\\\/\\\/gohike.lv\\\/ru\\\/produkts\\\/cocoon-air-core-utralight-spilvens\\\/#primaryimage\"},\"image\":{\"@id\":\"https:\\\/\\\/gohike.lv\\\/ru\\\/produkts\\\/cocoon-air-core-utralight-spilvens\\\/#primaryimage\"},\"thumbnailUrl\":\"https:\\\/\\\/gohike.lv\\\/wp-content\\\/uploads\\\/2024\\\/10\\\/AirCoreUltralight_wasabi_.jpg\",\"datePublished\":\"2024-10-11T10:17:39+00:00\",\"dateModified\":\"2025-12-30T14:25:02+00:00\",\"description\":\"Ultra vieglais, kompaktais ce\u013cojumu spilvens ar piep\u016b\u0161amu, apmain\u0101mu gaisa kodolu zem sint\u0113tisk\u0101 pild\u012bjuma k\u0101rtas un mikro\u0161\u0137iedras\\\/nylon apvalku.\",\"breadcrumb\":{\"@id\":\"https:\\\/\\\/gohike.lv\\\/ru\\\/produkts\\\/cocoon-air-core-utralight-spilvens\\\/#breadcrumb\"},\"inLanguage\":\"ru-RU\",\"potentialAction\":[{\"@type\":\"ReadAction\",\"target\":[\"https:\\\/\\\/gohike.lv\\\/ru\\\/produkts\\\/cocoon-air-core-utralight-spilvens\\\/\"]}]},{\"@type\":\"ImageObject\",\"inLanguage\":\"ru-RU\",\"@id\":\"https:\\\/\\\/gohike.lv\\\/ru\\\/produkts\\\/cocoon-air-core-utralight-spilvens\\\/#primaryimage\",\"url\":\"https:\\\/\\\/gohike.lv\\\/wp-content\\\/uploads\\\/2024\\\/10\\\/AirCoreUltralight_wasabi_.jpg\",\"contentUrl\":\"https:\\\/\\\/gohike.lv\\\/wp-content\\\/uploads\\\/2024\\\/10\\\/AirCoreUltralight_wasabi_.jpg\",\"width\":800,\"height\":800},{\"@type\":\"BreadcrumbList\",\"@id\":\"https:\\\/\\\/gohike.lv\\\/ru\\\/produkts\\\/cocoon-air-core-utralight-spilvens\\\/#breadcrumb\",\"itemListElement\":[{\"@type\":\"ListItem\",\"position\":1,\"name\":\"\u0413\u043b\u0430\u0432\u043d\u0430\u044f\",\"item\":\"https:\\\/\\\/gohike.lv\\\/ru\\\/\"},{\"@type\":\"ListItem\",\"position\":2,\"name\":\"\u041a\u0430\u0442\u0435\u0433\u043e\u0440\u0438\u0438 \u0442\u043e\u0432\u0430\u0440\u043e\u0432\",\"item\":\"https:\\\/\\\/gohike.lv\\\/%d0%ba%d0%b0%d1%82%d0%b5%d0%b3%d0%be%d1%80%d0%b8%d0%b8-%d1%82%d0%be%d0%b2%d0%b0%d1%80%d0%be%d0%b2\\\/\"},{\"@type\":\"ListItem\",\"position\":3,\"name\":\"Cocoon &#8211; Air-Core Utralight spilvens\"}]},{\"@type\":\"WebSite\",\"@id\":\"https:\\\/\\\/gohike.lv\\\/ru\\\/#website\",\"url\":\"https:\\\/\\\/gohike.lv\\\/ru\\\/\",\"name\":\"GoHike\",\"description\":\"\",\"publisher\":{\"@id\":\"https:\\\/\\\/gohike.lv\\\/ru\\\/#organization\"},\"potentialAction\":[{\"@type\":\"SearchAction\",\"target\":{\"@type\":\"EntryPoint\",\"urlTemplate\":\"https:\\\/\\\/gohike.lv\\\/ru\\\/?s={search_term_string}\"},\"query-input\":{\"@type\":\"PropertyValueSpecification\",\"valueRequired\":true,\"valueName\":\"search_term_string\"}}],\"inLanguage\":\"ru-RU\"},{\"@type\":\"Organization\",\"@id\":\"https:\\\/\\\/gohike.lv\\\/ru\\\/#organization\",\"name\":\"GoHike\",\"url\":\"https:\\\/\\\/gohike.lv\\\/ru\\\/\",\"logo\":{\"@type\":\"ImageObject\",\"inLanguage\":\"ru-RU\",\"@id\":\"https:\\\/\\\/gohike.lv\\\/ru\\\/#\\\/schema\\\/logo\\\/image\\\/\",\"url\":\"https:\\\/\\\/gohike.lv\\\/wp-content\\\/uploads\\\/2023\\\/08\\\/Logo_GoHike.webp\",\"contentUrl\":\"https:\\\/\\\/gohike.lv\\\/wp-content\\\/uploads\\\/2023\\\/08\\\/Logo_GoHike.webp\",\"width\":512,\"height\":512,\"caption\":\"GoHike\"},\"image\":{\"@id\":\"https:\\\/\\\/gohike.lv\\\/ru\\\/#\\\/schema\\\/logo\\\/image\\\/\"},\"sameAs\":[\"https:\\\/\\\/www.facebook.com\\\/gohike.shop\\\/\",\"https:\\\/\\\/www.instagram.com\\\/gohike.shop\\\/\"]}]}<\/script>\n<!-- \/ Yoast SEO plugin. -->","yoast_head_json":{"title":"Cocoon - Air-Core Utralight spilvens","description":"Ultra vieglais, kompaktais ce\u013cojumu spilvens ar piep\u016b\u0161amu, apmain\u0101mu gaisa kodolu zem sint\u0113tisk\u0101 pild\u012bjuma k\u0101rtas un mikro\u0161\u0137iedras\/nylon apvalku.","robots":{"index":"index","follow":"follow","max-snippet":"max-snippet:-1","max-image-preview":"max-image-preview:large","max-video-preview":"max-video-preview:-1"},"canonical":"https:\/\/gohike.lv\/ru\/produkts\/cocoon-air-core-utralight-spilvens\/","og_locale":"ru_RU","og_type":"article","og_title":"Pakl\u0101ji\u0146i Cocoon Air-Core Utralight spilvens","og_description":"Ultra vieglais, kompaktais ce\u013cojumu spilvens ar piep\u016b\u0161amu, apmain\u0101mu gaisa kodolu zem sint\u0113tisk\u0101 pild\u012bjuma k\u0101rtas un mikro\u0161\u0137iedras\/nylon apvalku.","og_url":"https:\/\/gohike.lv\/ru\/produkts\/cocoon-air-core-utralight-spilvens\/","og_site_name":"GoHike","article_publisher":"https:\/\/www.facebook.com\/gohike.shop\/","article_modified_time":"2025-12-30T14:25:02+00:00","og_image":[{"width":800,"height":800,"url":"https:\/\/gohike.lv\/wp-content\/uploads\/2024\/10\/AirCoreUltralight_wasabi_.jpg","type":"image\/jpeg"}],"twitter_card":"summary_large_image","twitter_title":"Pakl\u0101ji\u0146i Cocoon Air-Core Utralight spilvens","twitter_misc":{"\u041f\u0440\u0438\u043c\u0435\u0440\u043d\u043e\u0435 \u0432\u0440\u0435\u043c\u044f \u0434\u043b\u044f \u0447\u0442\u0435\u043d\u0438\u044f":"1 \u043c\u0438\u043d\u0443\u0442\u0430"},"schema":{"@context":"https:\/\/schema.org","@graph":[{"@type":["WebPage","ItemPage"],"@id":"https:\/\/gohike.lv\/ru\/produkts\/cocoon-air-core-utralight-spilvens\/","url":"https:\/\/gohike.lv\/ru\/produkts\/cocoon-air-core-utralight-spilvens\/","name":"Cocoon - Air-Core Utralight spilvens","isPartOf":{"@id":"https:\/\/gohike.lv\/ru\/#website"},"primaryImageOfPage":{"@id":"https:\/\/gohike.lv\/ru\/produkts\/cocoon-air-core-utralight-spilvens\/#primaryimage"},"image":{"@id":"https:\/\/gohike.lv\/ru\/produkts\/cocoon-air-core-utralight-spilvens\/#primaryimage"},"thumbnailUrl":"https:\/\/gohike.lv\/wp-content\/uploads\/2024\/10\/AirCoreUltralight_wasabi_.jpg","datePublished":"2024-10-11T10:17:39+00:00","dateModified":"2025-12-30T14:25:02+00:00","description":"Ultra vieglais, kompaktais ce\u013cojumu spilvens ar piep\u016b\u0161amu, apmain\u0101mu gaisa kodolu zem sint\u0113tisk\u0101 pild\u012bjuma k\u0101rtas un mikro\u0161\u0137iedras\/nylon apvalku.","breadcrumb":{"@id":"https:\/\/gohike.lv\/ru\/produkts\/cocoon-air-core-utralight-spilvens\/#breadcrumb"},"inLanguage":"ru-RU","potentialAction":[{"@type":"ReadAction","target":["https:\/\/gohike.lv\/ru\/produkts\/cocoon-air-core-utralight-spilvens\/"]}]},{"@type":"ImageObject","inLanguage":"ru-RU","@id":"https:\/\/gohike.lv\/ru\/produkts\/cocoon-air-core-utralight-spilvens\/#primaryimage","url":"https:\/\/gohike.lv\/wp-content\/uploads\/2024\/10\/AirCoreUltralight_wasabi_.jpg","contentUrl":"https:\/\/gohike.lv\/wp-content\/uploads\/2024\/10\/AirCoreUltralight_wasabi_.jpg","width":800,"height":800},{"@type":"BreadcrumbList","@id":"https:\/\/gohike.lv\/ru\/produkts\/cocoon-air-core-utralight-spilvens\/#breadcrumb","itemListElement":[{"@type":"ListItem","position":1,"name":"\u0413\u043b\u0430\u0432\u043d\u0430\u044f","item":"https:\/\/gohike.lv\/ru\/"},{"@type":"ListItem","position":2,"name":"\u041a\u0430\u0442\u0435\u0433\u043e\u0440\u0438\u0438 \u0442\u043e\u0432\u0430\u0440\u043e\u0432","item":"https:\/\/gohike.lv\/%d0%ba%d0%b0%d1%82%d0%b5%d0%b3%d0%be%d1%80%d0%b8%d0%b8-%d1%82%d0%be%d0%b2%d0%b0%d1%80%d0%be%d0%b2\/"},{"@type":"ListItem","position":3,"name":"Cocoon &#8211; Air-Core Utralight spilvens"}]},{"@type":"WebSite","@id":"https:\/\/gohike.lv\/ru\/#website","url":"https:\/\/gohike.lv\/ru\/","name":"GoHike","description":"","publisher":{"@id":"https:\/\/gohike.lv\/ru\/#organization"},"potentialAction":[{"@type":"SearchAction","target":{"@type":"EntryPoint","urlTemplate":"https:\/\/gohike.lv\/ru\/?s={search_term_string}"},"query-input":{"@type":"PropertyValueSpecification","valueRequired":true,"valueName":"search_term_string"}}],"inLanguage":"ru-RU"},{"@type":"Organization","@id":"https:\/\/gohike.lv\/ru\/#organization","name":"GoHike","url":"https:\/\/gohike.lv\/ru\/","logo":{"@type":"ImageObject","inLanguage":"ru-RU","@id":"https:\/\/gohike.lv\/ru\/#\/schema\/logo\/image\/","url":"https:\/\/gohike.lv\/wp-content\/uploads\/2023\/08\/Logo_GoHike.webp","contentUrl":"https:\/\/gohike.lv\/wp-content\/uploads\/2023\/08\/Logo_GoHike.webp","width":512,"height":512,"caption":"GoHike"},"image":{"@id":"https:\/\/gohike.lv\/ru\/#\/schema\/logo\/image\/"},"sameAs":["https:\/\/www.facebook.com\/gohike.shop\/","https:\/\/www.instagram.com\/gohike.shop\/"]}]}},"jetpack_sharing_enabled":true,"_links":{"self":[{"href":"https:\/\/gohike.lv\/ru\/wp-json\/wp\/v2\/product\/63129","targetHints":{"allow":["GET"]}}],"collection":[{"href":"https:\/\/gohike.lv\/ru\/wp-json\/wp\/v2\/product"}],"about":[{"href":"https:\/\/gohike.lv\/ru\/wp-json\/wp\/v2\/types\/product"}],"version-history":[{"count":0,"href":"https:\/\/gohike.lv\/ru\/wp-json\/wp\/v2\/product\/63129\/revisions"}],"wp:featuredmedia":[{"embeddable":true,"href":"https:\/\/gohike.lv\/ru\/wp-json\/wp\/v2\/media\/63131"}],"wp:attachment":[{"href":"https:\/\/gohike.lv\/ru\/wp-json\/wp\/v2\/media?parent=63129"}],"wp:term":[{"taxonomy":"product_brand","embeddable":true,"href":"https:\/\/gohike.lv\/ru\/wp-json\/wp\/v2\/product_brand?post=63129"},{"taxonomy":"product_cat","embeddable":true,"href":"https:\/\/gohike.lv\/ru\/wp-json\/wp\/v2\/product_cat?post=63129"},{"taxonomy":"product_tag","embeddable":true,"href":"https:\/\/gohike.lv\/ru\/wp-json\/wp\/v2\/product_tag?post=63129"}],"curies":[{"name":"wp","href":"https:\/\/api.w.org\/{rel}","templated":true}]}}