{"id":63099,"date":"2024-10-11T13:09:11","date_gmt":"2024-10-11T10:09:11","guid":{"rendered":"https:\/\/gohike.lv\/produkts\/highlander-nap-pak-kempinga-gaisa-spilvens\/"},"modified":"2026-01-12T20:01:08","modified_gmt":"2026-01-12T17:01:08","slug":"highlander-nap-pak-kempinga-gaisa-spilvens","status":"publish","type":"product","link":"https:\/\/gohike.lv\/ru\/produkts\/highlander-nap-pak-kempinga-gaisa-spilvens\/","title":{"rendered":"Highlander &#8212; Nap Pak kempinga gaisa spilvens"},"content":{"rendered":"<p>\u0160im spilvenam ir divk\u0101r\u0161\u0101s sl\u0101\u0146a v\u0101rsts, kas \u013cauj viegli to piep\u016bst un izp\u016bst. Izgatavots no ripstop neilona, tas ir iztur\u012bgs un ilgm\u016b\u017e\u012bgs, k\u0101 ar\u012b \u0113rts un silts. Kad tas nav nepiecie\u0161ams, spilvens saloc\u0101s un iepakojas iek\u013cautaj\u0101 maisi\u0146\u0101, kas nodro\u0161ina \u0113rtu uzglab\u0101\u0161anu un transport\u0113\u0161anu.<br \/>\nTehnisk\u0101 inform\u0101cija:<br \/>\n\u2022 Svars: 100 g;<br \/>\n\u2022 Izm\u0113rs: 42 x 28 x 11 cm;<br \/>\n\u2022 Materi\u0101ls: 100% poliestera persika audums ar TPU;<br \/>\n\u2022 V\u0101rsts: TPU;<br \/>\n\u2022 Viegli piep\u016b\u0161ams un izp\u016b\u0161ams;<br \/>\n\u2022 Divk\u0101r\u0161\u0101s sl\u0101\u0146a v\u0101rsts;<br \/>\n\u2022 Ultraviegls un \u013coti kompakts;<br \/>\n\u2022 Salok\u0101s un iepakojas iek\u013cautaj\u0101 maisi\u0146\u0101;<br \/>\n\u2022 Tikai s\u016bk\u0161anai t\u012br\u0101ms.<\/p>\n","protected":false},"excerpt":{"rendered":"<p>Ja mekl\u0113jat iesp\u0113ju ce\u013cot viegli un kompakt\u0101 veid\u0101, Highlander Nap Pak kempinga gaisa spilvens &#8212; ol\u012bvu kr\u0101s\u0101 ir lieliska izv\u0113le, lai nodro\u0161in\u0101tu labu miegu.<\/p>\n","protected":false},"featured_media":63101,"template":"","meta":[],"product_brand":[9652],"product_cat":[1510],"product_tag":[],"class_list":{"0":"post-63099","1":"product","2":"type-product","3":"status-publish","4":"has-post-thumbnail","6":"product_brand-highlander","7":"product_cat-paklajini-un-spilveni","8":"pa_izmeriscm-9922","9":"pa_produkta-tips-spilveni","11":"first","12":"outofstock","13":"taxable","14":"shipping-taxable","15":"purchasable","16":"product-type-simple"},"raw_content":{"name":"Highlander - Nap Pak kempinga gaisa spilvens","description":"\u0160im spilvenam ir divk\u0101r\u0161\u0101s sl\u0101\u0146a v\u0101rsts, kas \u013cauj viegli to piep\u016bst un izp\u016bst. Izgatavots no ripstop neilona, tas ir iztur\u012bgs un ilgm\u016b\u017e\u012bgs, k\u0101 ar\u012b \u0113rts un silts. Kad tas nav nepiecie\u0161ams, spilvens saloc\u0101s un iepakojas iek\u013cautaj\u0101 maisi\u0146\u0101, kas nodro\u0161ina \u0113rtu uzglab\u0101\u0161anu un transport\u0113\u0161anu.\nTehnisk\u0101 inform\u0101cija:\n\u2022 Svars: 100 g;\n\u2022 Izm\u0113rs: 42 x 28 x 11 cm;\n\u2022 Materi\u0101ls: 100% poliestera persika audums ar TPU;\n\u2022 V\u0101rsts: TPU;\n\u2022 Viegli piep\u016b\u0161ams un izp\u016b\u0161ams;\n\u2022 Divk\u0101r\u0161\u0101s sl\u0101\u0146a v\u0101rsts;\n\u2022 Ultraviegls un \u013coti kompakts;\n\u2022 Salok\u0101s un iepakojas iek\u013cautaj\u0101 maisi\u0146\u0101;\n\u2022 Tikai s\u016bk\u0161anai t\u012br\u0101ms.","short_description":"Ja mekl\u0113jat iesp\u0113ju ce\u013cot viegli un kompakt\u0101 veid\u0101, Highlander Nap Pak kempinga gaisa spilvens - ol\u012bvu kr\u0101s\u0101 ir lieliska izv\u0113le, lai nodro\u0161in\u0101tu labu miegu.","status":"publish","sku":"5034358880514","original":63099},"wpml":{"translation_type":1,"has_translations":true,"original":63099,"duplicates":[],"translations":{"lv":63099,"en":66923,"ru":null}},"supplier_id":null,"supplier_sku":"","barcode":null,"atum_controlled":true,"out_stock_date":"2026-01-12 11:20:43","out_stock_threshold":null,"inheritable":false,"inbound_stock":0,"stock_on_hold":0,"sold_today":0,"sales_last_days":1,"reserved_stock":0,"customer_returns":0,"warehouse_damage":0,"lost_in_post":0,"other_logs":0,"out_stock_days":2,"lost_sales":8,"has_location":false,"update_date":"2026-01-15T09:49:22","atum_locations":[],"atum_stock_status":"outofstock","restock_status":false,"low_stock_amount":"","sales_update_date":"2026-01-15T09:49:22","calc_backorders":null,"yoast_head":"<!-- This site is optimized with the Yoast SEO plugin v27.3 - https:\/\/yoast.com\/product\/yoast-seo-wordpress\/ -->\n<title>Highlander - Nap Pak kempinga gaisa spilvens<\/title>\n<meta name=\"description\" content=\"Ja mekl\u0113jat iesp\u0113ju ce\u013cot viegli un kompakt\u0101 veid\u0101, Highlander Nap Pak kempinga gaisa spilvens \u2013 ol\u012bvu kr\u0101s\u0101 ir lieliska izv\u0113le, lai nodro\u0161in\u0101tu labu miegu.\" \/>\n<meta name=\"robots\" content=\"index, follow, max-snippet:-1, max-image-preview:large, max-video-preview:-1\" \/>\n<link rel=\"canonical\" href=\"https:\/\/gohike.lv\/ru\/produkts\/highlander-nap-pak-kempinga-gaisa-spilvens\/\" \/>\n<meta property=\"og:locale\" content=\"ru_RU\" \/>\n<meta property=\"og:type\" content=\"article\" \/>\n<meta property=\"og:title\" content=\"Highlander - Nap Pak kempinga gaisa spilvens\" \/>\n<meta property=\"og:description\" content=\"Ja mekl\u0113jat iesp\u0113ju ce\u013cot viegli un kompakt\u0101 veid\u0101, Highlander Nap Pak kempinga gaisa spilvens \u2013 ol\u012bvu kr\u0101s\u0101 ir lieliska izv\u0113le, lai nodro\u0161in\u0101tu labu miegu.\" \/>\n<meta property=\"og:url\" content=\"https:\/\/gohike.lv\/ru\/produkts\/highlander-nap-pak-kempinga-gaisa-spilvens\/\" \/>\n<meta property=\"og:site_name\" content=\"GoHike\" \/>\n<meta property=\"article:publisher\" content=\"https:\/\/www.facebook.com\/gohike.shop\/\" \/>\n<meta property=\"article:modified_time\" content=\"2026-01-12T17:01:08+00:00\" \/>\n<meta property=\"og:image\" content=\"https:\/\/gohike.lv\/wp-content\/uploads\/2024\/10\/NapPak_.png\" \/>\n\t<meta property=\"og:image:width\" content=\"1276\" \/>\n\t<meta property=\"og:image:height\" content=\"1260\" \/>\n\t<meta property=\"og:image:type\" content=\"image\/png\" \/>\n<meta name=\"twitter:card\" content=\"summary_large_image\" \/>\n<meta name=\"twitter:title\" content=\"Highlander - Nap Pak kempinga gaisa spilvens\" \/>\n<meta name=\"twitter:label1\" content=\"\u041f\u0440\u0438\u043c\u0435\u0440\u043d\u043e\u0435 \u0432\u0440\u0435\u043c\u044f \u0434\u043b\u044f \u0447\u0442\u0435\u043d\u0438\u044f\" \/>\n\t<meta name=\"twitter:data1\" content=\"1 \u043c\u0438\u043d\u0443\u0442\u0430\" \/>\n<script type=\"application\/ld+json\" class=\"yoast-schema-graph\">{\"@context\":\"https:\\\/\\\/schema.org\",\"@graph\":[{\"@type\":[\"WebPage\",\"ItemPage\"],\"@id\":\"https:\\\/\\\/gohike.lv\\\/ru\\\/produkts\\\/highlander-nap-pak-kempinga-gaisa-spilvens\\\/\",\"url\":\"https:\\\/\\\/gohike.lv\\\/ru\\\/produkts\\\/highlander-nap-pak-kempinga-gaisa-spilvens\\\/\",\"name\":\"Highlander - Nap Pak kempinga gaisa spilvens\",\"isPartOf\":{\"@id\":\"https:\\\/\\\/gohike.lv\\\/ru\\\/#website\"},\"primaryImageOfPage\":{\"@id\":\"https:\\\/\\\/gohike.lv\\\/ru\\\/produkts\\\/highlander-nap-pak-kempinga-gaisa-spilvens\\\/#primaryimage\"},\"image\":{\"@id\":\"https:\\\/\\\/gohike.lv\\\/ru\\\/produkts\\\/highlander-nap-pak-kempinga-gaisa-spilvens\\\/#primaryimage\"},\"thumbnailUrl\":\"https:\\\/\\\/gohike.lv\\\/wp-content\\\/uploads\\\/2024\\\/10\\\/NapPak_.png\",\"datePublished\":\"2024-10-11T10:09:11+00:00\",\"dateModified\":\"2026-01-12T17:01:08+00:00\",\"description\":\"Ja mekl\u0113jat iesp\u0113ju ce\u013cot viegli un kompakt\u0101 veid\u0101, Highlander Nap Pak kempinga gaisa spilvens \u2013 ol\u012bvu kr\u0101s\u0101 ir lieliska izv\u0113le, lai nodro\u0161in\u0101tu labu miegu.\",\"breadcrumb\":{\"@id\":\"https:\\\/\\\/gohike.lv\\\/ru\\\/produkts\\\/highlander-nap-pak-kempinga-gaisa-spilvens\\\/#breadcrumb\"},\"inLanguage\":\"ru-RU\",\"potentialAction\":[{\"@type\":\"ReadAction\",\"target\":[\"https:\\\/\\\/gohike.lv\\\/ru\\\/produkts\\\/highlander-nap-pak-kempinga-gaisa-spilvens\\\/\"]}]},{\"@type\":\"ImageObject\",\"inLanguage\":\"ru-RU\",\"@id\":\"https:\\\/\\\/gohike.lv\\\/ru\\\/produkts\\\/highlander-nap-pak-kempinga-gaisa-spilvens\\\/#primaryimage\",\"url\":\"https:\\\/\\\/gohike.lv\\\/wp-content\\\/uploads\\\/2024\\\/10\\\/NapPak_.png\",\"contentUrl\":\"https:\\\/\\\/gohike.lv\\\/wp-content\\\/uploads\\\/2024\\\/10\\\/NapPak_.png\",\"width\":1276,\"height\":1260},{\"@type\":\"BreadcrumbList\",\"@id\":\"https:\\\/\\\/gohike.lv\\\/ru\\\/produkts\\\/highlander-nap-pak-kempinga-gaisa-spilvens\\\/#breadcrumb\",\"itemListElement\":[{\"@type\":\"ListItem\",\"position\":1,\"name\":\"\u0413\u043b\u0430\u0432\u043d\u0430\u044f\",\"item\":\"https:\\\/\\\/gohike.lv\\\/ru\\\/\"},{\"@type\":\"ListItem\",\"position\":2,\"name\":\"\u041a\u0430\u0442\u0435\u0433\u043e\u0440\u0438\u0438 \u0442\u043e\u0432\u0430\u0440\u043e\u0432\",\"item\":\"https:\\\/\\\/gohike.lv\\\/%d0%ba%d0%b0%d1%82%d0%b5%d0%b3%d0%be%d1%80%d0%b8%d0%b8-%d1%82%d0%be%d0%b2%d0%b0%d1%80%d0%be%d0%b2\\\/\"},{\"@type\":\"ListItem\",\"position\":3,\"name\":\"Highlander &#8211; Nap Pak kempinga gaisa spilvens\"}]},{\"@type\":\"WebSite\",\"@id\":\"https:\\\/\\\/gohike.lv\\\/ru\\\/#website\",\"url\":\"https:\\\/\\\/gohike.lv\\\/ru\\\/\",\"name\":\"GoHike\",\"description\":\"\",\"publisher\":{\"@id\":\"https:\\\/\\\/gohike.lv\\\/ru\\\/#organization\"},\"potentialAction\":[{\"@type\":\"SearchAction\",\"target\":{\"@type\":\"EntryPoint\",\"urlTemplate\":\"https:\\\/\\\/gohike.lv\\\/ru\\\/?s={search_term_string}\"},\"query-input\":{\"@type\":\"PropertyValueSpecification\",\"valueRequired\":true,\"valueName\":\"search_term_string\"}}],\"inLanguage\":\"ru-RU\"},{\"@type\":\"Organization\",\"@id\":\"https:\\\/\\\/gohike.lv\\\/ru\\\/#organization\",\"name\":\"GoHike\",\"url\":\"https:\\\/\\\/gohike.lv\\\/ru\\\/\",\"logo\":{\"@type\":\"ImageObject\",\"inLanguage\":\"ru-RU\",\"@id\":\"https:\\\/\\\/gohike.lv\\\/ru\\\/#\\\/schema\\\/logo\\\/image\\\/\",\"url\":\"https:\\\/\\\/gohike.lv\\\/wp-content\\\/uploads\\\/2023\\\/08\\\/Logo_GoHike.webp\",\"contentUrl\":\"https:\\\/\\\/gohike.lv\\\/wp-content\\\/uploads\\\/2023\\\/08\\\/Logo_GoHike.webp\",\"width\":512,\"height\":512,\"caption\":\"GoHike\"},\"image\":{\"@id\":\"https:\\\/\\\/gohike.lv\\\/ru\\\/#\\\/schema\\\/logo\\\/image\\\/\"},\"sameAs\":[\"https:\\\/\\\/www.facebook.com\\\/gohike.shop\\\/\",\"https:\\\/\\\/www.instagram.com\\\/gohike.shop\\\/\"]}]}<\/script>\n<!-- \/ Yoast SEO plugin. -->","yoast_head_json":{"title":"Highlander - Nap Pak kempinga gaisa spilvens","description":"Ja mekl\u0113jat iesp\u0113ju ce\u013cot viegli un kompakt\u0101 veid\u0101, Highlander Nap Pak kempinga gaisa spilvens \u2013 ol\u012bvu kr\u0101s\u0101 ir lieliska izv\u0113le, lai nodro\u0161in\u0101tu labu miegu.","robots":{"index":"index","follow":"follow","max-snippet":"max-snippet:-1","max-image-preview":"max-image-preview:large","max-video-preview":"max-video-preview:-1"},"canonical":"https:\/\/gohike.lv\/ru\/produkts\/highlander-nap-pak-kempinga-gaisa-spilvens\/","og_locale":"ru_RU","og_type":"article","og_title":"Highlander - Nap Pak kempinga gaisa spilvens","og_description":"Ja mekl\u0113jat iesp\u0113ju ce\u013cot viegli un kompakt\u0101 veid\u0101, Highlander Nap Pak kempinga gaisa spilvens \u2013 ol\u012bvu kr\u0101s\u0101 ir lieliska izv\u0113le, lai nodro\u0161in\u0101tu labu miegu.","og_url":"https:\/\/gohike.lv\/ru\/produkts\/highlander-nap-pak-kempinga-gaisa-spilvens\/","og_site_name":"GoHike","article_publisher":"https:\/\/www.facebook.com\/gohike.shop\/","article_modified_time":"2026-01-12T17:01:08+00:00","og_image":[{"width":1276,"height":1260,"url":"https:\/\/gohike.lv\/wp-content\/uploads\/2024\/10\/NapPak_.png","type":"image\/png"}],"twitter_card":"summary_large_image","twitter_title":"Highlander - Nap Pak kempinga gaisa spilvens","twitter_misc":{"\u041f\u0440\u0438\u043c\u0435\u0440\u043d\u043e\u0435 \u0432\u0440\u0435\u043c\u044f \u0434\u043b\u044f \u0447\u0442\u0435\u043d\u0438\u044f":"1 \u043c\u0438\u043d\u0443\u0442\u0430"},"schema":{"@context":"https:\/\/schema.org","@graph":[{"@type":["WebPage","ItemPage"],"@id":"https:\/\/gohike.lv\/ru\/produkts\/highlander-nap-pak-kempinga-gaisa-spilvens\/","url":"https:\/\/gohike.lv\/ru\/produkts\/highlander-nap-pak-kempinga-gaisa-spilvens\/","name":"Highlander - Nap Pak kempinga gaisa spilvens","isPartOf":{"@id":"https:\/\/gohike.lv\/ru\/#website"},"primaryImageOfPage":{"@id":"https:\/\/gohike.lv\/ru\/produkts\/highlander-nap-pak-kempinga-gaisa-spilvens\/#primaryimage"},"image":{"@id":"https:\/\/gohike.lv\/ru\/produkts\/highlander-nap-pak-kempinga-gaisa-spilvens\/#primaryimage"},"thumbnailUrl":"https:\/\/gohike.lv\/wp-content\/uploads\/2024\/10\/NapPak_.png","datePublished":"2024-10-11T10:09:11+00:00","dateModified":"2026-01-12T17:01:08+00:00","description":"Ja mekl\u0113jat iesp\u0113ju ce\u013cot viegli un kompakt\u0101 veid\u0101, Highlander Nap Pak kempinga gaisa spilvens \u2013 ol\u012bvu kr\u0101s\u0101 ir lieliska izv\u0113le, lai nodro\u0161in\u0101tu labu miegu.","breadcrumb":{"@id":"https:\/\/gohike.lv\/ru\/produkts\/highlander-nap-pak-kempinga-gaisa-spilvens\/#breadcrumb"},"inLanguage":"ru-RU","potentialAction":[{"@type":"ReadAction","target":["https:\/\/gohike.lv\/ru\/produkts\/highlander-nap-pak-kempinga-gaisa-spilvens\/"]}]},{"@type":"ImageObject","inLanguage":"ru-RU","@id":"https:\/\/gohike.lv\/ru\/produkts\/highlander-nap-pak-kempinga-gaisa-spilvens\/#primaryimage","url":"https:\/\/gohike.lv\/wp-content\/uploads\/2024\/10\/NapPak_.png","contentUrl":"https:\/\/gohike.lv\/wp-content\/uploads\/2024\/10\/NapPak_.png","width":1276,"height":1260},{"@type":"BreadcrumbList","@id":"https:\/\/gohike.lv\/ru\/produkts\/highlander-nap-pak-kempinga-gaisa-spilvens\/#breadcrumb","itemListElement":[{"@type":"ListItem","position":1,"name":"\u0413\u043b\u0430\u0432\u043d\u0430\u044f","item":"https:\/\/gohike.lv\/ru\/"},{"@type":"ListItem","position":2,"name":"\u041a\u0430\u0442\u0435\u0433\u043e\u0440\u0438\u0438 \u0442\u043e\u0432\u0430\u0440\u043e\u0432","item":"https:\/\/gohike.lv\/%d0%ba%d0%b0%d1%82%d0%b5%d0%b3%d0%be%d1%80%d0%b8%d0%b8-%d1%82%d0%be%d0%b2%d0%b0%d1%80%d0%be%d0%b2\/"},{"@type":"ListItem","position":3,"name":"Highlander &#8211; Nap Pak kempinga gaisa spilvens"}]},{"@type":"WebSite","@id":"https:\/\/gohike.lv\/ru\/#website","url":"https:\/\/gohike.lv\/ru\/","name":"GoHike","description":"","publisher":{"@id":"https:\/\/gohike.lv\/ru\/#organization"},"potentialAction":[{"@type":"SearchAction","target":{"@type":"EntryPoint","urlTemplate":"https:\/\/gohike.lv\/ru\/?s={search_term_string}"},"query-input":{"@type":"PropertyValueSpecification","valueRequired":true,"valueName":"search_term_string"}}],"inLanguage":"ru-RU"},{"@type":"Organization","@id":"https:\/\/gohike.lv\/ru\/#organization","name":"GoHike","url":"https:\/\/gohike.lv\/ru\/","logo":{"@type":"ImageObject","inLanguage":"ru-RU","@id":"https:\/\/gohike.lv\/ru\/#\/schema\/logo\/image\/","url":"https:\/\/gohike.lv\/wp-content\/uploads\/2023\/08\/Logo_GoHike.webp","contentUrl":"https:\/\/gohike.lv\/wp-content\/uploads\/2023\/08\/Logo_GoHike.webp","width":512,"height":512,"caption":"GoHike"},"image":{"@id":"https:\/\/gohike.lv\/ru\/#\/schema\/logo\/image\/"},"sameAs":["https:\/\/www.facebook.com\/gohike.shop\/","https:\/\/www.instagram.com\/gohike.shop\/"]}]}},"jetpack_sharing_enabled":true,"_links":{"self":[{"href":"https:\/\/gohike.lv\/ru\/wp-json\/wp\/v2\/product\/63099","targetHints":{"allow":["GET"]}}],"collection":[{"href":"https:\/\/gohike.lv\/ru\/wp-json\/wp\/v2\/product"}],"about":[{"href":"https:\/\/gohike.lv\/ru\/wp-json\/wp\/v2\/types\/product"}],"version-history":[{"count":0,"href":"https:\/\/gohike.lv\/ru\/wp-json\/wp\/v2\/product\/63099\/revisions"}],"wp:featuredmedia":[{"embeddable":true,"href":"https:\/\/gohike.lv\/ru\/wp-json\/wp\/v2\/media\/63101"}],"wp:attachment":[{"href":"https:\/\/gohike.lv\/ru\/wp-json\/wp\/v2\/media?parent=63099"}],"wp:term":[{"taxonomy":"product_brand","embeddable":true,"href":"https:\/\/gohike.lv\/ru\/wp-json\/wp\/v2\/product_brand?post=63099"},{"taxonomy":"product_cat","embeddable":true,"href":"https:\/\/gohike.lv\/ru\/wp-json\/wp\/v2\/product_cat?post=63099"},{"taxonomy":"product_tag","embeddable":true,"href":"https:\/\/gohike.lv\/ru\/wp-json\/wp\/v2\/product_tag?post=63099"}],"curies":[{"name":"wp","href":"https:\/\/api.w.org\/{rel}","templated":true}]}}