{"id":63085,"date":"2024-10-11T13:09:11","date_gmt":"2024-10-11T10:09:11","guid":{"rendered":"https:\/\/gohike.lv\/produkts\/lifeventure-piepusams-spilvens\/"},"modified":"2025-12-30T17:24:28","modified_gmt":"2025-12-30T14:24:28","slug":"lifeventure-piepusams-spilvens","status":"publish","type":"product","link":"https:\/\/gohike.lv\/ru\/produkts\/lifeventure-piepusams-spilvens\/","title":{"rendered":"Lifeventure &#8212; Piep\u016b\u0161ams spilvens"},"content":{"rendered":"<p>Divk\u0101r\u0161\u0101s darb\u012bbas v\u0101rsts \u013cauj Jums \u0101tri piep\u016bst vai izp\u016bst spilvenu da\u017eu sekun\u017eu laik\u0101. Tagad J\u016bs varat atp\u016btin\u0101t galvu un uzl\u0101d\u0113t baterijas, kur vien atrodaties. Ide\u0101li piem\u0113rots galvas vai jostas atbalstam.<br \/>\nCe\u013cojuma padoms: L\u016bdzu, skatiet att\u0113lus, k\u0101 piep\u016bst un izp\u016bst.<br \/>\nRaksturlielumi:<br \/>\n\u2022 Poliestera un TPU saist\u012bt\u0101 auduma;<br \/>\n\u2022 \u0100tra piep\u016b\u0161anas\/izp\u016b\u0161anas v\u0101rsts;<br \/>\n\u2022 Ergonomiski veidots;<br \/>\n\u2022 Ar iztur\u012bgu ripstop n\u0113s\u0101\u0161anas maisi\u0146u.<\/p>\n","protected":false},"excerpt":{"rendered":"<p>M\u0113s zin\u0101m, ka lielums un svars ir svar\u012bgi faktori, izv\u0113loties, ko \u0146emt l\u012bdzi un ko atst\u0101t. Ar \u0161o gaisa spilvenu, kas izgatavots no m\u012bkstiem, iztur\u012bgiem materi\u0101liem, J\u016bs varat izbaud\u012bt komfortu bez kompromisiem &#8212; tas ir viegls un kompakts.<\/p>\n","protected":false},"featured_media":63087,"template":"","meta":[],"product_brand":[1308],"product_cat":[1510],"product_tag":[],"class_list":{"0":"post-63085","1":"product","2":"type-product","3":"status-publish","4":"has-post-thumbnail","6":"product_brand-lifeventure-lv","7":"product_cat-paklajini-un-spilveni","8":"pa_izmeriscm-9923","9":"pa_produkta-tips-spilveni","11":"first","12":"instock","13":"taxable","14":"shipping-taxable","15":"purchasable","16":"product-type-simple"},"raw_content":{"name":"Lifeventure - Piep\u016b\u0161ams spilvens","description":"Divk\u0101r\u0161\u0101s darb\u012bbas v\u0101rsts \u013cauj Jums \u0101tri piep\u016bst vai izp\u016bst spilvenu da\u017eu sekun\u017eu laik\u0101. Tagad J\u016bs varat atp\u016btin\u0101t galvu un uzl\u0101d\u0113t baterijas, kur vien atrodaties. Ide\u0101li piem\u0113rots galvas vai jostas atbalstam.\nCe\u013cojuma padoms: L\u016bdzu, skatiet att\u0113lus, k\u0101 piep\u016bst un izp\u016bst.\nRaksturlielumi:\n\u2022 Poliestera un TPU saist\u012bt\u0101 auduma;\n\u2022 \u0100tra piep\u016b\u0161anas\/izp\u016b\u0161anas v\u0101rsts;\n\u2022 Ergonomiski veidots;\n\u2022 Ar iztur\u012bgu ripstop n\u0113s\u0101\u0161anas maisi\u0146u.","short_description":"M\u0113s zin\u0101m, ka lielums un svars ir svar\u012bgi faktori, izv\u0113loties, ko \u0146emt l\u012bdzi un ko atst\u0101t. Ar \u0161o gaisa spilvenu, kas izgatavots no m\u012bkstiem, iztur\u012bgiem materi\u0101liem, J\u016bs varat izbaud\u012bt komfortu bez kompromisiem - tas ir viegls un kompakts.","status":"publish","sku":"5031863653909","original":63085},"wpml":{"translation_type":1,"has_translations":true,"original":63085,"duplicates":[],"translations":{"lv":63085,"en":66926,"ru":null}},"supplier_id":null,"supplier_sku":"","barcode":null,"atum_controlled":true,"out_stock_date":null,"out_stock_threshold":null,"inheritable":false,"inbound_stock":0,"stock_on_hold":0,"sold_today":0,"sales_last_days":0,"reserved_stock":0,"customer_returns":0,"warehouse_damage":0,"lost_in_post":0,"other_logs":0,"out_stock_days":0,"lost_sales":0,"has_location":false,"update_date":"2025-12-30T14:30:31","atum_locations":[],"atum_stock_status":"instock","restock_status":false,"low_stock_amount":"","sales_update_date":"2025-11-13T14:07:49","calc_backorders":null,"yoast_head":"<!-- This site is optimized with the Yoast SEO plugin v27.3 - https:\/\/yoast.com\/product\/yoast-seo-wordpress\/ -->\n<title>Lifeventure - Piep\u016b\u0161ams spilvens<\/title>\n<meta name=\"description\" content=\"M\u0113s zin\u0101m, ka telpa un svars ir svar\u012bgi faktori, izv\u0113loties, ko \u0146emt l\u012bdzi un ko atst\u0101t. Ar \u0161o gaisa spilvenu, kas izgatavots no m\u012bkstiem, iztur\u012bgiem materi\u0101liem, j\u016bs varat izbaud\u012bt komfortu bez kompromisiem \u2013 tas ir viegls un kompakts.\" \/>\n<meta name=\"robots\" content=\"index, follow, max-snippet:-1, max-image-preview:large, max-video-preview:-1\" \/>\n<link rel=\"canonical\" href=\"https:\/\/gohike.lv\/ru\/produkts\/lifeventure-piepusams-spilvens\/\" \/>\n<meta property=\"og:locale\" content=\"ru_RU\" \/>\n<meta property=\"og:type\" content=\"article\" \/>\n<meta property=\"og:title\" content=\"Lifeventure - Piep\u016b\u0161ams spilvens\" \/>\n<meta property=\"og:description\" content=\"M\u0113s zin\u0101m, ka telpa un svars ir svar\u012bgi faktori, izv\u0113loties, ko \u0146emt l\u012bdzi un ko atst\u0101t. Ar \u0161o gaisa spilvenu, kas izgatavots no m\u012bkstiem, iztur\u012bgiem materi\u0101liem, j\u016bs varat izbaud\u012bt komfortu bez kompromisiem \u2013 tas ir viegls un kompakts.\" \/>\n<meta property=\"og:url\" content=\"https:\/\/gohike.lv\/ru\/produkts\/lifeventure-piepusams-spilvens\/\" \/>\n<meta property=\"og:site_name\" content=\"GoHike\" \/>\n<meta property=\"article:publisher\" content=\"https:\/\/www.facebook.com\/gohike.shop\/\" \/>\n<meta property=\"article:modified_time\" content=\"2025-12-30T14:24:28+00:00\" \/>\n<meta property=\"og:image\" content=\"https:\/\/gohike.lv\/wp-content\/uploads\/2024\/10\/InflatedPillow_.webp\" \/>\n\t<meta property=\"og:image:width\" content=\"900\" \/>\n\t<meta property=\"og:image:height\" content=\"900\" \/>\n\t<meta property=\"og:image:type\" content=\"image\/webp\" \/>\n<meta name=\"twitter:card\" content=\"summary_large_image\" \/>\n<meta name=\"twitter:title\" content=\"Lifeventure - Piep\u016b\u0161ams spilvens\" \/>\n<meta name=\"twitter:label1\" content=\"\u041f\u0440\u0438\u043c\u0435\u0440\u043d\u043e\u0435 \u0432\u0440\u0435\u043c\u044f \u0434\u043b\u044f \u0447\u0442\u0435\u043d\u0438\u044f\" \/>\n\t<meta name=\"twitter:data1\" content=\"1 \u043c\u0438\u043d\u0443\u0442\u0430\" \/>\n<script type=\"application\/ld+json\" class=\"yoast-schema-graph\">{\"@context\":\"https:\\\/\\\/schema.org\",\"@graph\":[{\"@type\":[\"WebPage\",\"ItemPage\"],\"@id\":\"https:\\\/\\\/gohike.lv\\\/ru\\\/produkts\\\/lifeventure-piepusams-spilvens\\\/\",\"url\":\"https:\\\/\\\/gohike.lv\\\/ru\\\/produkts\\\/lifeventure-piepusams-spilvens\\\/\",\"name\":\"Lifeventure - Piep\u016b\u0161ams spilvens\",\"isPartOf\":{\"@id\":\"https:\\\/\\\/gohike.lv\\\/ru\\\/#website\"},\"primaryImageOfPage\":{\"@id\":\"https:\\\/\\\/gohike.lv\\\/ru\\\/produkts\\\/lifeventure-piepusams-spilvens\\\/#primaryimage\"},\"image\":{\"@id\":\"https:\\\/\\\/gohike.lv\\\/ru\\\/produkts\\\/lifeventure-piepusams-spilvens\\\/#primaryimage\"},\"thumbnailUrl\":\"https:\\\/\\\/gohike.lv\\\/wp-content\\\/uploads\\\/2024\\\/10\\\/InflatedPillow_.webp\",\"datePublished\":\"2024-10-11T10:09:11+00:00\",\"dateModified\":\"2025-12-30T14:24:28+00:00\",\"description\":\"M\u0113s zin\u0101m, ka telpa un svars ir svar\u012bgi faktori, izv\u0113loties, ko \u0146emt l\u012bdzi un ko atst\u0101t. Ar \u0161o gaisa spilvenu, kas izgatavots no m\u012bkstiem, iztur\u012bgiem materi\u0101liem, j\u016bs varat izbaud\u012bt komfortu bez kompromisiem \u2013 tas ir viegls un kompakts.\",\"breadcrumb\":{\"@id\":\"https:\\\/\\\/gohike.lv\\\/ru\\\/produkts\\\/lifeventure-piepusams-spilvens\\\/#breadcrumb\"},\"inLanguage\":\"ru-RU\",\"potentialAction\":[{\"@type\":\"ReadAction\",\"target\":[\"https:\\\/\\\/gohike.lv\\\/ru\\\/produkts\\\/lifeventure-piepusams-spilvens\\\/\"]}]},{\"@type\":\"ImageObject\",\"inLanguage\":\"ru-RU\",\"@id\":\"https:\\\/\\\/gohike.lv\\\/ru\\\/produkts\\\/lifeventure-piepusams-spilvens\\\/#primaryimage\",\"url\":\"https:\\\/\\\/gohike.lv\\\/wp-content\\\/uploads\\\/2024\\\/10\\\/InflatedPillow_.webp\",\"contentUrl\":\"https:\\\/\\\/gohike.lv\\\/wp-content\\\/uploads\\\/2024\\\/10\\\/InflatedPillow_.webp\",\"width\":900,\"height\":900},{\"@type\":\"BreadcrumbList\",\"@id\":\"https:\\\/\\\/gohike.lv\\\/ru\\\/produkts\\\/lifeventure-piepusams-spilvens\\\/#breadcrumb\",\"itemListElement\":[{\"@type\":\"ListItem\",\"position\":1,\"name\":\"\u0413\u043b\u0430\u0432\u043d\u0430\u044f\",\"item\":\"https:\\\/\\\/gohike.lv\\\/ru\\\/\"},{\"@type\":\"ListItem\",\"position\":2,\"name\":\"\u041a\u0430\u0442\u0435\u0433\u043e\u0440\u0438\u0438 \u0442\u043e\u0432\u0430\u0440\u043e\u0432\",\"item\":\"https:\\\/\\\/gohike.lv\\\/%d0%ba%d0%b0%d1%82%d0%b5%d0%b3%d0%be%d1%80%d0%b8%d0%b8-%d1%82%d0%be%d0%b2%d0%b0%d1%80%d0%be%d0%b2\\\/\"},{\"@type\":\"ListItem\",\"position\":3,\"name\":\"Lifeventure &#8211; Piep\u016b\u0161ams spilvens\"}]},{\"@type\":\"WebSite\",\"@id\":\"https:\\\/\\\/gohike.lv\\\/ru\\\/#website\",\"url\":\"https:\\\/\\\/gohike.lv\\\/ru\\\/\",\"name\":\"GoHike\",\"description\":\"\",\"publisher\":{\"@id\":\"https:\\\/\\\/gohike.lv\\\/ru\\\/#organization\"},\"potentialAction\":[{\"@type\":\"SearchAction\",\"target\":{\"@type\":\"EntryPoint\",\"urlTemplate\":\"https:\\\/\\\/gohike.lv\\\/ru\\\/?s={search_term_string}\"},\"query-input\":{\"@type\":\"PropertyValueSpecification\",\"valueRequired\":true,\"valueName\":\"search_term_string\"}}],\"inLanguage\":\"ru-RU\"},{\"@type\":\"Organization\",\"@id\":\"https:\\\/\\\/gohike.lv\\\/ru\\\/#organization\",\"name\":\"GoHike\",\"url\":\"https:\\\/\\\/gohike.lv\\\/ru\\\/\",\"logo\":{\"@type\":\"ImageObject\",\"inLanguage\":\"ru-RU\",\"@id\":\"https:\\\/\\\/gohike.lv\\\/ru\\\/#\\\/schema\\\/logo\\\/image\\\/\",\"url\":\"https:\\\/\\\/gohike.lv\\\/wp-content\\\/uploads\\\/2023\\\/08\\\/Logo_GoHike.webp\",\"contentUrl\":\"https:\\\/\\\/gohike.lv\\\/wp-content\\\/uploads\\\/2023\\\/08\\\/Logo_GoHike.webp\",\"width\":512,\"height\":512,\"caption\":\"GoHike\"},\"image\":{\"@id\":\"https:\\\/\\\/gohike.lv\\\/ru\\\/#\\\/schema\\\/logo\\\/image\\\/\"},\"sameAs\":[\"https:\\\/\\\/www.facebook.com\\\/gohike.shop\\\/\",\"https:\\\/\\\/www.instagram.com\\\/gohike.shop\\\/\"]}]}<\/script>\n<!-- \/ Yoast SEO plugin. -->","yoast_head_json":{"title":"Lifeventure - Piep\u016b\u0161ams spilvens","description":"M\u0113s zin\u0101m, ka telpa un svars ir svar\u012bgi faktori, izv\u0113loties, ko \u0146emt l\u012bdzi un ko atst\u0101t. Ar \u0161o gaisa spilvenu, kas izgatavots no m\u012bkstiem, iztur\u012bgiem materi\u0101liem, j\u016bs varat izbaud\u012bt komfortu bez kompromisiem \u2013 tas ir viegls un kompakts.","robots":{"index":"index","follow":"follow","max-snippet":"max-snippet:-1","max-image-preview":"max-image-preview:large","max-video-preview":"max-video-preview:-1"},"canonical":"https:\/\/gohike.lv\/ru\/produkts\/lifeventure-piepusams-spilvens\/","og_locale":"ru_RU","og_type":"article","og_title":"Lifeventure - Piep\u016b\u0161ams spilvens","og_description":"M\u0113s zin\u0101m, ka telpa un svars ir svar\u012bgi faktori, izv\u0113loties, ko \u0146emt l\u012bdzi un ko atst\u0101t. Ar \u0161o gaisa spilvenu, kas izgatavots no m\u012bkstiem, iztur\u012bgiem materi\u0101liem, j\u016bs varat izbaud\u012bt komfortu bez kompromisiem \u2013 tas ir viegls un kompakts.","og_url":"https:\/\/gohike.lv\/ru\/produkts\/lifeventure-piepusams-spilvens\/","og_site_name":"GoHike","article_publisher":"https:\/\/www.facebook.com\/gohike.shop\/","article_modified_time":"2025-12-30T14:24:28+00:00","og_image":[{"width":900,"height":900,"url":"https:\/\/gohike.lv\/wp-content\/uploads\/2024\/10\/InflatedPillow_.webp","type":"image\/webp"}],"twitter_card":"summary_large_image","twitter_title":"Lifeventure - Piep\u016b\u0161ams spilvens","twitter_misc":{"\u041f\u0440\u0438\u043c\u0435\u0440\u043d\u043e\u0435 \u0432\u0440\u0435\u043c\u044f \u0434\u043b\u044f \u0447\u0442\u0435\u043d\u0438\u044f":"1 \u043c\u0438\u043d\u0443\u0442\u0430"},"schema":{"@context":"https:\/\/schema.org","@graph":[{"@type":["WebPage","ItemPage"],"@id":"https:\/\/gohike.lv\/ru\/produkts\/lifeventure-piepusams-spilvens\/","url":"https:\/\/gohike.lv\/ru\/produkts\/lifeventure-piepusams-spilvens\/","name":"Lifeventure - Piep\u016b\u0161ams spilvens","isPartOf":{"@id":"https:\/\/gohike.lv\/ru\/#website"},"primaryImageOfPage":{"@id":"https:\/\/gohike.lv\/ru\/produkts\/lifeventure-piepusams-spilvens\/#primaryimage"},"image":{"@id":"https:\/\/gohike.lv\/ru\/produkts\/lifeventure-piepusams-spilvens\/#primaryimage"},"thumbnailUrl":"https:\/\/gohike.lv\/wp-content\/uploads\/2024\/10\/InflatedPillow_.webp","datePublished":"2024-10-11T10:09:11+00:00","dateModified":"2025-12-30T14:24:28+00:00","description":"M\u0113s zin\u0101m, ka telpa un svars ir svar\u012bgi faktori, izv\u0113loties, ko \u0146emt l\u012bdzi un ko atst\u0101t. Ar \u0161o gaisa spilvenu, kas izgatavots no m\u012bkstiem, iztur\u012bgiem materi\u0101liem, j\u016bs varat izbaud\u012bt komfortu bez kompromisiem \u2013 tas ir viegls un kompakts.","breadcrumb":{"@id":"https:\/\/gohike.lv\/ru\/produkts\/lifeventure-piepusams-spilvens\/#breadcrumb"},"inLanguage":"ru-RU","potentialAction":[{"@type":"ReadAction","target":["https:\/\/gohike.lv\/ru\/produkts\/lifeventure-piepusams-spilvens\/"]}]},{"@type":"ImageObject","inLanguage":"ru-RU","@id":"https:\/\/gohike.lv\/ru\/produkts\/lifeventure-piepusams-spilvens\/#primaryimage","url":"https:\/\/gohike.lv\/wp-content\/uploads\/2024\/10\/InflatedPillow_.webp","contentUrl":"https:\/\/gohike.lv\/wp-content\/uploads\/2024\/10\/InflatedPillow_.webp","width":900,"height":900},{"@type":"BreadcrumbList","@id":"https:\/\/gohike.lv\/ru\/produkts\/lifeventure-piepusams-spilvens\/#breadcrumb","itemListElement":[{"@type":"ListItem","position":1,"name":"\u0413\u043b\u0430\u0432\u043d\u0430\u044f","item":"https:\/\/gohike.lv\/ru\/"},{"@type":"ListItem","position":2,"name":"\u041a\u0430\u0442\u0435\u0433\u043e\u0440\u0438\u0438 \u0442\u043e\u0432\u0430\u0440\u043e\u0432","item":"https:\/\/gohike.lv\/%d0%ba%d0%b0%d1%82%d0%b5%d0%b3%d0%be%d1%80%d0%b8%d0%b8-%d1%82%d0%be%d0%b2%d0%b0%d1%80%d0%be%d0%b2\/"},{"@type":"ListItem","position":3,"name":"Lifeventure &#8211; Piep\u016b\u0161ams spilvens"}]},{"@type":"WebSite","@id":"https:\/\/gohike.lv\/ru\/#website","url":"https:\/\/gohike.lv\/ru\/","name":"GoHike","description":"","publisher":{"@id":"https:\/\/gohike.lv\/ru\/#organization"},"potentialAction":[{"@type":"SearchAction","target":{"@type":"EntryPoint","urlTemplate":"https:\/\/gohike.lv\/ru\/?s={search_term_string}"},"query-input":{"@type":"PropertyValueSpecification","valueRequired":true,"valueName":"search_term_string"}}],"inLanguage":"ru-RU"},{"@type":"Organization","@id":"https:\/\/gohike.lv\/ru\/#organization","name":"GoHike","url":"https:\/\/gohike.lv\/ru\/","logo":{"@type":"ImageObject","inLanguage":"ru-RU","@id":"https:\/\/gohike.lv\/ru\/#\/schema\/logo\/image\/","url":"https:\/\/gohike.lv\/wp-content\/uploads\/2023\/08\/Logo_GoHike.webp","contentUrl":"https:\/\/gohike.lv\/wp-content\/uploads\/2023\/08\/Logo_GoHike.webp","width":512,"height":512,"caption":"GoHike"},"image":{"@id":"https:\/\/gohike.lv\/ru\/#\/schema\/logo\/image\/"},"sameAs":["https:\/\/www.facebook.com\/gohike.shop\/","https:\/\/www.instagram.com\/gohike.shop\/"]}]}},"jetpack_sharing_enabled":true,"_links":{"self":[{"href":"https:\/\/gohike.lv\/ru\/wp-json\/wp\/v2\/product\/63085","targetHints":{"allow":["GET"]}}],"collection":[{"href":"https:\/\/gohike.lv\/ru\/wp-json\/wp\/v2\/product"}],"about":[{"href":"https:\/\/gohike.lv\/ru\/wp-json\/wp\/v2\/types\/product"}],"version-history":[{"count":0,"href":"https:\/\/gohike.lv\/ru\/wp-json\/wp\/v2\/product\/63085\/revisions"}],"wp:featuredmedia":[{"embeddable":true,"href":"https:\/\/gohike.lv\/ru\/wp-json\/wp\/v2\/media\/63087"}],"wp:attachment":[{"href":"https:\/\/gohike.lv\/ru\/wp-json\/wp\/v2\/media?parent=63085"}],"wp:term":[{"taxonomy":"product_brand","embeddable":true,"href":"https:\/\/gohike.lv\/ru\/wp-json\/wp\/v2\/product_brand?post=63085"},{"taxonomy":"product_cat","embeddable":true,"href":"https:\/\/gohike.lv\/ru\/wp-json\/wp\/v2\/product_cat?post=63085"},{"taxonomy":"product_tag","embeddable":true,"href":"https:\/\/gohike.lv\/ru\/wp-json\/wp\/v2\/product_tag?post=63085"}],"curies":[{"name":"wp","href":"https:\/\/api.w.org\/{rel}","templated":true}]}}