{"id":62986,"date":"2024-10-09T19:47:40","date_gmt":"2024-10-09T16:47:40","guid":{"rendered":"https:\/\/gohike.lv\/produkts\/gregory-jostas-soma-rhune\/"},"modified":"2025-12-30T17:25:02","modified_gmt":"2025-12-30T14:25:02","slug":"gregory-rhune-jostas-soma","status":"publish","type":"product","link":"https:\/\/gohike.lv\/ru\/produkts\/gregory-rhune-jostas-soma\/","title":{"rendered":"Gregory &#8212; Rhune jostas soma"},"content":{"rendered":"<p>Vides ilgtsp\u0113j\u012bba: visas auduma sast\u0101vda\u013cas izgatavotas no p\u0101rstr\u0101d\u0101ta satura, nodro\u0161inot 46% samazin\u0101jumu oglek\u013ca p\u0113das nospiedum\u0101 sal\u012bdzin\u0101jum\u0101 ar parastu neilona somu.<br \/>\nGalven\u0101s \u012bpa\u0161\u012bbas:<br \/>\n\u2022 Siksna: Plata 1.5&#8243;\/38 mm ar dro\u0161u spr\u0101dzi un spriegojumu, lai nov\u0113rstu siksnas kar\u0101\u0161anos.<br \/>\n\u2022 Kabatas: liela zipa galven\u0101 kabata ar iek\u0161\u0113jo sieta nodal\u012bjumu. Aizmugur\u0113j\u0101 zipa kabata, kas ide\u0101li piem\u0113rota telefonam.<br \/>\n\u2022 Aizmugures dizains: m\u012bksts aizmugur\u0113jais spilventi\u0146\u0161 ar iztur\u012bgu audumu. Atstarojo\u0161a auduma siksnas piestiprin\u0101\u0161anas cilpas.<br \/>\n\u2022 Zipa tur\u0113t\u0101ji: piel\u0101goti ComfortGrip formas zipa tur\u0113t\u0101ji.<br \/>\nRaksturlielumi:<br \/>\n\u2022 Produkta izm\u0113ri: 13 cm H x 28 cm L x 8 cm W;<br \/>\n\u2022 Svars: 0.2 kg;<br \/>\n\u2022 Tilpums: 1 L;<br \/>\n\u2022 Galven\u0101s \u0137erme\u0146a piek\u013cuves iesp\u0113jas: aizmugur\u0113j\u0101 pane\u013ca piek\u013cuve;<br \/>\n\u2022 Atbilst gurnu\/jostas izm\u0113ram: l\u012bdz 122 cm;<br \/>\n\u2022 \u0100r\u0113jo kabatu skaits: 1;<br \/>\n\u2022 \u0100r\u0113jais materi\u0101ls: 75% p\u0101rstr\u0101d\u0101ta poliestera \/ 25% p\u0101rstr\u0101d\u0101ta neilona;<br \/>\n\u2022 Mugursomas korpuss: 100% p\u0101rstr\u0101d\u0101ta 300D poliestera ripstop ar C0 DWR: izstr\u0101d\u0101ta bez PFAS;<br \/>\n\u2022 Mugursomas apak\u0161a: 100% p\u0101rstr\u0101d\u0101ta 300D poliestera ripstop ar C0 DWR: izstr\u0101d\u0101ta bez PFAS;<br \/>\n\u2022 Oder\u0113jums: 40% p\u0113c pat\u0113r\u0113t\u0101ja p\u0101rstr\u0101d\u0101ta 135D poliestera ar C0 DWR: izstr\u0101d\u0101ta bez PFAS;<br \/>\n\u2022 Piekare: Lifespan EVA putas un AirCushion siets.<\/p>\n","protected":false},"excerpt":{"rendered":"<p>Ar vair\u0101k\u0101m kabat\u0101m, m\u012bkstiem materi\u0101liem komfortam un vienk\u0101r\u0161u dizainu, \u0161\u012b soma ir ide\u0101li piem\u0113rota festiv\u0101liem, koncertiem vai p\u0101rg\u0101jieniem.<\/p>\n","protected":false},"featured_media":62989,"template":"","meta":[],"product_brand":[9717],"product_cat":[1463],"product_tag":[],"class_list":{"0":"post-62986","1":"product","2":"type-product","3":"status-publish","4":"has-post-thumbnail","6":"product_brand-gregory","7":"product_cat-somas-un-maki","8":"pa_izmerscm-12856","9":"pa_produkta-tips-somas-celosanai","10":"pa_spalva-zils","11":"pa_tilpums-1000ml","13":"first","14":"instock","15":"taxable","16":"shipping-taxable","17":"purchasable","18":"product-type-variable"},"raw_content":{"name":"Gregory - Rhune jostas soma","description":"Vides ilgtsp\u0113j\u012bba: visas auduma sast\u0101vda\u013cas izgatavotas no p\u0101rstr\u0101d\u0101ta satura, nodro\u0161inot 46% samazin\u0101jumu oglek\u013ca p\u0113das nospiedum\u0101 sal\u012bdzin\u0101jum\u0101 ar parastu neilona somu.\nGalven\u0101s \u012bpa\u0161\u012bbas:\n\u2022 Siksna: Plata 1.5\"\/38 mm ar dro\u0161u spr\u0101dzi un spriegojumu, lai nov\u0113rstu siksnas kar\u0101\u0161anos.\n\u2022 Kabatas: liela zipa galven\u0101 kabata ar iek\u0161\u0113jo sieta nodal\u012bjumu. Aizmugur\u0113j\u0101 zipa kabata, kas ide\u0101li piem\u0113rota telefonam.\n\u2022 Aizmugures dizains: m\u012bksts aizmugur\u0113jais spilventi\u0146\u0161 ar iztur\u012bgu audumu. Atstarojo\u0161a auduma siksnas piestiprin\u0101\u0161anas cilpas.\n\u2022 Zipa tur\u0113t\u0101ji: piel\u0101goti ComfortGrip formas zipa tur\u0113t\u0101ji.\nRaksturlielumi:\n\u2022 Produkta izm\u0113ri: 13 cm H x 28 cm L x 8 cm W;\n\u2022 Svars: 0.2 kg;\n\u2022 Tilpums: 1 L;\n\u2022 Galven\u0101s \u0137erme\u0146a piek\u013cuves iesp\u0113jas: aizmugur\u0113j\u0101 pane\u013ca piek\u013cuve;\n\u2022 Atbilst gurnu\/jostas izm\u0113ram: l\u012bdz 122 cm;\n\u2022 \u0100r\u0113jo kabatu skaits: 1;\n\u2022 \u0100r\u0113jais materi\u0101ls: 75% p\u0101rstr\u0101d\u0101ta poliestera \/ 25% p\u0101rstr\u0101d\u0101ta neilona;\n\u2022 Mugursomas korpuss: 100% p\u0101rstr\u0101d\u0101ta 300D poliestera ripstop ar C0 DWR: izstr\u0101d\u0101ta bez PFAS;\n\u2022 Mugursomas apak\u0161a: 100% p\u0101rstr\u0101d\u0101ta 300D poliestera ripstop ar C0 DWR: izstr\u0101d\u0101ta bez PFAS;\n\u2022 Oder\u0113jums: 40% p\u0113c pat\u0113r\u0113t\u0101ja p\u0101rstr\u0101d\u0101ta 135D poliestera ar C0 DWR: izstr\u0101d\u0101ta bez PFAS;\n\u2022 Piekare: Lifespan EVA putas un AirCushion siets.","short_description":"Ar vair\u0101k\u0101m kabat\u0101m, m\u012bkstiem materi\u0101liem komfortam un vienk\u0101r\u0161u dizainu, \u0161\u012b soma ir ide\u0101li piem\u0113rota festiv\u0101liem, koncertiem vai p\u0101rg\u0101jieniem.","status":"publish","sku":"greg0019","original":62986},"wpml":{"translation_type":1,"has_translations":true,"original":62986,"duplicates":[],"translations":{"lv":62986,"en":66924,"ru":null}},"supplier_id":null,"supplier_sku":"","barcode":null,"atum_controlled":true,"out_stock_date":null,"out_stock_threshold":null,"inheritable":false,"inbound_stock":0,"stock_on_hold":0,"sold_today":0,"sales_last_days":0,"reserved_stock":0,"customer_returns":0,"warehouse_damage":0,"lost_in_post":0,"other_logs":0,"out_stock_days":0,"lost_sales":0,"has_location":false,"update_date":"2025-12-30T14:30:31","atum_locations":[],"atum_stock_status":"instock","restock_status":false,"low_stock_amount":"","sales_update_date":"2025-11-13T14:07:31","calc_backorders":null,"yoast_head":"<!-- This site is optimized with the Yoast SEO plugin v27.3 - https:\/\/yoast.com\/product\/yoast-seo-wordpress\/ -->\n<title>Gregory - Rhune jostas soma<\/title>\n<meta name=\"description\" content=\"Ar vair\u0101k\u0101m kabat\u0101m, m\u012bkstiem materi\u0101liem komfortam un vienk\u0101r\u0161u dizainu, \u0161\u012b soma ir ide\u0101li piem\u0113rota festiv\u0101liem, koncertiem vai p\u0101rg\u0101jieniem.\u00a0\" \/>\n<meta name=\"robots\" content=\"index, follow, max-snippet:-1, max-image-preview:large, max-video-preview:-1\" \/>\n<link rel=\"canonical\" href=\"https:\/\/gohike.lv\/ru\/produkts\/gregory-rhune-jostas-soma\/\" \/>\n<meta property=\"og:locale\" content=\"ru_RU\" \/>\n<meta property=\"og:type\" content=\"article\" \/>\n<meta property=\"og:title\" content=\"Jostas soma Rhune\" \/>\n<meta property=\"og:description\" content=\"Ar vair\u0101k\u0101m kabat\u0101m, m\u012bkstiem materi\u0101liem komfortam un vienk\u0101r\u0161u dizainu, \u0161\u012b soma ir ide\u0101li piem\u0113rota festiv\u0101liem, koncertiem vai p\u0101rg\u0101jieniem.\u00a0\" \/>\n<meta property=\"og:url\" content=\"https:\/\/gohike.lv\/ru\/produkts\/gregory-rhune-jostas-soma\/\" \/>\n<meta property=\"og:site_name\" content=\"GoHike\" \/>\n<meta property=\"article:publisher\" content=\"https:\/\/www.facebook.com\/gohike.shop\/\" \/>\n<meta property=\"article:modified_time\" content=\"2025-12-30T14:25:02+00:00\" \/>\n<meta property=\"og:image\" content=\"https:\/\/gohike.lv\/wp-content\/uploads\/2024\/10\/RhuneBeltBlue_-scaled.jpg\" \/>\n\t<meta property=\"og:image:width\" content=\"2560\" \/>\n\t<meta property=\"og:image:height\" content=\"2560\" \/>\n\t<meta property=\"og:image:type\" content=\"image\/jpeg\" \/>\n<meta name=\"twitter:card\" content=\"summary_large_image\" \/>\n<meta name=\"twitter:title\" content=\"Jostas soma Rhune\" \/>\n<meta name=\"twitter:label1\" content=\"\u041f\u0440\u0438\u043c\u0435\u0440\u043d\u043e\u0435 \u0432\u0440\u0435\u043c\u044f \u0434\u043b\u044f \u0447\u0442\u0435\u043d\u0438\u044f\" \/>\n\t<meta name=\"twitter:data1\" content=\"2 \u043c\u0438\u043d\u0443\u0442\u0430\" \/>\n<script type=\"application\/ld+json\" class=\"yoast-schema-graph\">{\"@context\":\"https:\\\/\\\/schema.org\",\"@graph\":[{\"@type\":[\"WebPage\",\"ItemPage\"],\"@id\":\"https:\\\/\\\/gohike.lv\\\/ru\\\/produkts\\\/gregory-rhune-jostas-soma\\\/\",\"url\":\"https:\\\/\\\/gohike.lv\\\/ru\\\/produkts\\\/gregory-rhune-jostas-soma\\\/\",\"name\":\"Gregory - Rhune jostas soma\",\"isPartOf\":{\"@id\":\"https:\\\/\\\/gohike.lv\\\/ru\\\/#website\"},\"primaryImageOfPage\":{\"@id\":\"https:\\\/\\\/gohike.lv\\\/ru\\\/produkts\\\/gregory-rhune-jostas-soma\\\/#primaryimage\"},\"image\":{\"@id\":\"https:\\\/\\\/gohike.lv\\\/ru\\\/produkts\\\/gregory-rhune-jostas-soma\\\/#primaryimage\"},\"thumbnailUrl\":\"https:\\\/\\\/gohike.lv\\\/wp-content\\\/uploads\\\/2024\\\/10\\\/RhuneBeltBlue_-scaled.jpg\",\"datePublished\":\"2024-10-09T16:47:40+00:00\",\"dateModified\":\"2025-12-30T14:25:02+00:00\",\"description\":\"Ar vair\u0101k\u0101m kabat\u0101m, m\u012bkstiem materi\u0101liem komfortam un vienk\u0101r\u0161u dizainu, \u0161\u012b soma ir ide\u0101li piem\u0113rota festiv\u0101liem, koncertiem vai p\u0101rg\u0101jieniem.\u00a0\",\"breadcrumb\":{\"@id\":\"https:\\\/\\\/gohike.lv\\\/ru\\\/produkts\\\/gregory-rhune-jostas-soma\\\/#breadcrumb\"},\"inLanguage\":\"ru-RU\",\"potentialAction\":[{\"@type\":\"ReadAction\",\"target\":[\"https:\\\/\\\/gohike.lv\\\/ru\\\/produkts\\\/gregory-rhune-jostas-soma\\\/\"]}]},{\"@type\":\"ImageObject\",\"inLanguage\":\"ru-RU\",\"@id\":\"https:\\\/\\\/gohike.lv\\\/ru\\\/produkts\\\/gregory-rhune-jostas-soma\\\/#primaryimage\",\"url\":\"https:\\\/\\\/gohike.lv\\\/wp-content\\\/uploads\\\/2024\\\/10\\\/RhuneBeltBlue_-scaled.jpg\",\"contentUrl\":\"https:\\\/\\\/gohike.lv\\\/wp-content\\\/uploads\\\/2024\\\/10\\\/RhuneBeltBlue_-scaled.jpg\",\"width\":2560,\"height\":2560},{\"@type\":\"BreadcrumbList\",\"@id\":\"https:\\\/\\\/gohike.lv\\\/ru\\\/produkts\\\/gregory-rhune-jostas-soma\\\/#breadcrumb\",\"itemListElement\":[{\"@type\":\"ListItem\",\"position\":1,\"name\":\"\u0413\u043b\u0430\u0432\u043d\u0430\u044f\",\"item\":\"https:\\\/\\\/gohike.lv\\\/ru\\\/\"},{\"@type\":\"ListItem\",\"position\":2,\"name\":\"\u041a\u0430\u0442\u0435\u0433\u043e\u0440\u0438\u0438 \u0442\u043e\u0432\u0430\u0440\u043e\u0432\",\"item\":\"https:\\\/\\\/gohike.lv\\\/%d0%ba%d0%b0%d1%82%d0%b5%d0%b3%d0%be%d1%80%d0%b8%d0%b8-%d1%82%d0%be%d0%b2%d0%b0%d1%80%d0%be%d0%b2\\\/\"},{\"@type\":\"ListItem\",\"position\":3,\"name\":\"Gregory &#8211; Rhune jostas soma\"}]},{\"@type\":\"WebSite\",\"@id\":\"https:\\\/\\\/gohike.lv\\\/ru\\\/#website\",\"url\":\"https:\\\/\\\/gohike.lv\\\/ru\\\/\",\"name\":\"GoHike\",\"description\":\"\",\"publisher\":{\"@id\":\"https:\\\/\\\/gohike.lv\\\/ru\\\/#organization\"},\"potentialAction\":[{\"@type\":\"SearchAction\",\"target\":{\"@type\":\"EntryPoint\",\"urlTemplate\":\"https:\\\/\\\/gohike.lv\\\/ru\\\/?s={search_term_string}\"},\"query-input\":{\"@type\":\"PropertyValueSpecification\",\"valueRequired\":true,\"valueName\":\"search_term_string\"}}],\"inLanguage\":\"ru-RU\"},{\"@type\":\"Organization\",\"@id\":\"https:\\\/\\\/gohike.lv\\\/ru\\\/#organization\",\"name\":\"GoHike\",\"url\":\"https:\\\/\\\/gohike.lv\\\/ru\\\/\",\"logo\":{\"@type\":\"ImageObject\",\"inLanguage\":\"ru-RU\",\"@id\":\"https:\\\/\\\/gohike.lv\\\/ru\\\/#\\\/schema\\\/logo\\\/image\\\/\",\"url\":\"https:\\\/\\\/gohike.lv\\\/wp-content\\\/uploads\\\/2023\\\/08\\\/Logo_GoHike.webp\",\"contentUrl\":\"https:\\\/\\\/gohike.lv\\\/wp-content\\\/uploads\\\/2023\\\/08\\\/Logo_GoHike.webp\",\"width\":512,\"height\":512,\"caption\":\"GoHike\"},\"image\":{\"@id\":\"https:\\\/\\\/gohike.lv\\\/ru\\\/#\\\/schema\\\/logo\\\/image\\\/\"},\"sameAs\":[\"https:\\\/\\\/www.facebook.com\\\/gohike.shop\\\/\",\"https:\\\/\\\/www.instagram.com\\\/gohike.shop\\\/\"]}]}<\/script>\n<!-- \/ Yoast SEO plugin. -->","yoast_head_json":{"title":"Gregory - Rhune jostas soma","description":"Ar vair\u0101k\u0101m kabat\u0101m, m\u012bkstiem materi\u0101liem komfortam un vienk\u0101r\u0161u dizainu, \u0161\u012b soma ir ide\u0101li piem\u0113rota festiv\u0101liem, koncertiem vai p\u0101rg\u0101jieniem.\u00a0","robots":{"index":"index","follow":"follow","max-snippet":"max-snippet:-1","max-image-preview":"max-image-preview:large","max-video-preview":"max-video-preview:-1"},"canonical":"https:\/\/gohike.lv\/ru\/produkts\/gregory-rhune-jostas-soma\/","og_locale":"ru_RU","og_type":"article","og_title":"Jostas soma Rhune","og_description":"Ar vair\u0101k\u0101m kabat\u0101m, m\u012bkstiem materi\u0101liem komfortam un vienk\u0101r\u0161u dizainu, \u0161\u012b soma ir ide\u0101li piem\u0113rota festiv\u0101liem, koncertiem vai p\u0101rg\u0101jieniem.\u00a0","og_url":"https:\/\/gohike.lv\/ru\/produkts\/gregory-rhune-jostas-soma\/","og_site_name":"GoHike","article_publisher":"https:\/\/www.facebook.com\/gohike.shop\/","article_modified_time":"2025-12-30T14:25:02+00:00","og_image":[{"width":2560,"height":2560,"url":"https:\/\/gohike.lv\/wp-content\/uploads\/2024\/10\/RhuneBeltBlue_-scaled.jpg","type":"image\/jpeg"}],"twitter_card":"summary_large_image","twitter_title":"Jostas soma Rhune","twitter_misc":{"\u041f\u0440\u0438\u043c\u0435\u0440\u043d\u043e\u0435 \u0432\u0440\u0435\u043c\u044f \u0434\u043b\u044f \u0447\u0442\u0435\u043d\u0438\u044f":"2 \u043c\u0438\u043d\u0443\u0442\u0430"},"schema":{"@context":"https:\/\/schema.org","@graph":[{"@type":["WebPage","ItemPage"],"@id":"https:\/\/gohike.lv\/ru\/produkts\/gregory-rhune-jostas-soma\/","url":"https:\/\/gohike.lv\/ru\/produkts\/gregory-rhune-jostas-soma\/","name":"Gregory - Rhune jostas soma","isPartOf":{"@id":"https:\/\/gohike.lv\/ru\/#website"},"primaryImageOfPage":{"@id":"https:\/\/gohike.lv\/ru\/produkts\/gregory-rhune-jostas-soma\/#primaryimage"},"image":{"@id":"https:\/\/gohike.lv\/ru\/produkts\/gregory-rhune-jostas-soma\/#primaryimage"},"thumbnailUrl":"https:\/\/gohike.lv\/wp-content\/uploads\/2024\/10\/RhuneBeltBlue_-scaled.jpg","datePublished":"2024-10-09T16:47:40+00:00","dateModified":"2025-12-30T14:25:02+00:00","description":"Ar vair\u0101k\u0101m kabat\u0101m, m\u012bkstiem materi\u0101liem komfortam un vienk\u0101r\u0161u dizainu, \u0161\u012b soma ir ide\u0101li piem\u0113rota festiv\u0101liem, koncertiem vai p\u0101rg\u0101jieniem.\u00a0","breadcrumb":{"@id":"https:\/\/gohike.lv\/ru\/produkts\/gregory-rhune-jostas-soma\/#breadcrumb"},"inLanguage":"ru-RU","potentialAction":[{"@type":"ReadAction","target":["https:\/\/gohike.lv\/ru\/produkts\/gregory-rhune-jostas-soma\/"]}]},{"@type":"ImageObject","inLanguage":"ru-RU","@id":"https:\/\/gohike.lv\/ru\/produkts\/gregory-rhune-jostas-soma\/#primaryimage","url":"https:\/\/gohike.lv\/wp-content\/uploads\/2024\/10\/RhuneBeltBlue_-scaled.jpg","contentUrl":"https:\/\/gohike.lv\/wp-content\/uploads\/2024\/10\/RhuneBeltBlue_-scaled.jpg","width":2560,"height":2560},{"@type":"BreadcrumbList","@id":"https:\/\/gohike.lv\/ru\/produkts\/gregory-rhune-jostas-soma\/#breadcrumb","itemListElement":[{"@type":"ListItem","position":1,"name":"\u0413\u043b\u0430\u0432\u043d\u0430\u044f","item":"https:\/\/gohike.lv\/ru\/"},{"@type":"ListItem","position":2,"name":"\u041a\u0430\u0442\u0435\u0433\u043e\u0440\u0438\u0438 \u0442\u043e\u0432\u0430\u0440\u043e\u0432","item":"https:\/\/gohike.lv\/%d0%ba%d0%b0%d1%82%d0%b5%d0%b3%d0%be%d1%80%d0%b8%d0%b8-%d1%82%d0%be%d0%b2%d0%b0%d1%80%d0%be%d0%b2\/"},{"@type":"ListItem","position":3,"name":"Gregory &#8211; Rhune jostas soma"}]},{"@type":"WebSite","@id":"https:\/\/gohike.lv\/ru\/#website","url":"https:\/\/gohike.lv\/ru\/","name":"GoHike","description":"","publisher":{"@id":"https:\/\/gohike.lv\/ru\/#organization"},"potentialAction":[{"@type":"SearchAction","target":{"@type":"EntryPoint","urlTemplate":"https:\/\/gohike.lv\/ru\/?s={search_term_string}"},"query-input":{"@type":"PropertyValueSpecification","valueRequired":true,"valueName":"search_term_string"}}],"inLanguage":"ru-RU"},{"@type":"Organization","@id":"https:\/\/gohike.lv\/ru\/#organization","name":"GoHike","url":"https:\/\/gohike.lv\/ru\/","logo":{"@type":"ImageObject","inLanguage":"ru-RU","@id":"https:\/\/gohike.lv\/ru\/#\/schema\/logo\/image\/","url":"https:\/\/gohike.lv\/wp-content\/uploads\/2023\/08\/Logo_GoHike.webp","contentUrl":"https:\/\/gohike.lv\/wp-content\/uploads\/2023\/08\/Logo_GoHike.webp","width":512,"height":512,"caption":"GoHike"},"image":{"@id":"https:\/\/gohike.lv\/ru\/#\/schema\/logo\/image\/"},"sameAs":["https:\/\/www.facebook.com\/gohike.shop\/","https:\/\/www.instagram.com\/gohike.shop\/"]}]}},"jetpack_sharing_enabled":true,"_links":{"self":[{"href":"https:\/\/gohike.lv\/ru\/wp-json\/wp\/v2\/product\/62986","targetHints":{"allow":["GET"]}}],"collection":[{"href":"https:\/\/gohike.lv\/ru\/wp-json\/wp\/v2\/product"}],"about":[{"href":"https:\/\/gohike.lv\/ru\/wp-json\/wp\/v2\/types\/product"}],"version-history":[{"count":0,"href":"https:\/\/gohike.lv\/ru\/wp-json\/wp\/v2\/product\/62986\/revisions"}],"wp:featuredmedia":[{"embeddable":true,"href":"https:\/\/gohike.lv\/ru\/wp-json\/wp\/v2\/media\/62989"}],"wp:attachment":[{"href":"https:\/\/gohike.lv\/ru\/wp-json\/wp\/v2\/media?parent=62986"}],"wp:term":[{"taxonomy":"product_brand","embeddable":true,"href":"https:\/\/gohike.lv\/ru\/wp-json\/wp\/v2\/product_brand?post=62986"},{"taxonomy":"product_cat","embeddable":true,"href":"https:\/\/gohike.lv\/ru\/wp-json\/wp\/v2\/product_cat?post=62986"},{"taxonomy":"product_tag","embeddable":true,"href":"https:\/\/gohike.lv\/ru\/wp-json\/wp\/v2\/product_tag?post=62986"}],"curies":[{"name":"wp","href":"https:\/\/api.w.org\/{rel}","templated":true}]}}