{"id":62970,"date":"2024-10-09T19:47:14","date_gmt":"2024-10-09T16:47:14","guid":{"rendered":"https:\/\/gohike.lv\/produkts\/gregory-dzersanas-sistema-gregory-3d-hydro-reservoir\/"},"modified":"2025-12-30T17:25:02","modified_gmt":"2025-12-30T14:25:02","slug":"gregory-dzersanas-sistema-gregory-3d-hydro-reservoir","status":"publish","type":"product","link":"https:\/\/gohike.lv\/ru\/produkts\/gregory-dzersanas-sistema-gregory-3d-hydro-reservoir\/","title":{"rendered":"Gregory &#8212; 3D Hydro Reservoir dzer\u0161anas sist\u0113ma"},"content":{"rendered":"<p>Galven\u0101s \u012bpa\u0161\u012bbas:<br \/>\n\u2022 Dzer\u0161anas sist\u0113ma ar magn\u0113tisko klipsi \u013cauj \u0113rti piestiprin\u0101t trubi\u0146u pie plecu lences. Iek\u013cauta magn\u0113tisk\u0101 deta\u013ca, ko var piestiprin\u0101t pie jebkura ra\u017eot\u0101ja mugursomu plecu lences;<br \/>\n\u2022 \u0112rts rokturis \u013cauj viegli piepild\u012bt rezervu\u0101ru, bet stingrais vidus \u013cauj to viegl\u0101k ievietot mugursom\u0101;<br \/>\n\u2022 3D-QuickDry: Unik\u0101l\u0101 3D forma nov\u0113r\u0161 rezervu\u0101ra sienu salip\u0161anu, t\u0101d\u0113j\u0101di \u013caujot tam \u0101tr\u0101k iz\u017e\u016bt un nov\u0113r\u0161 bakt\u0113riju vairo\u0161anos;<br \/>\n\u2022 QuickDry hanger: integr\u0113ts pakaramais;<br \/>\n\u2022 SpeedClip Attachment System: pakaramais, kas savienojas ar Gregory mugursom\u0101m;<br \/>\n\u2022 Anatomical Fit: 3D dizains un pilna garuma sadal\u012bt\u0101js nodro\u0161ina, ka dzer\u0161anas sist\u0113mas rezervu\u0101rs nesaplok, bet gan st\u0101v taisni mugursomas kabat\u0101, nov\u0113r\u0161ot saspie\u0161anos ar citiem priek\u0161metiem mugursom\u0101, k\u0101 ar\u012b notur \u016bdens svaru vienm\u0113r\u012bgi sadal\u012btu tuv\u0101k muguras vidusda\u013cai;<br \/>\n\u2022 Quick Disconnect: \u0101tri atvienojama trubi\u0146a \u013cauj piepild\u012bt rezervu\u0101ru bez nepiecie\u0161am\u012bbas trubi\u0146u vilkt \u0101r\u0101 no mugursomas;<br \/>\n\u2022 Soft pour bite valve: trubi\u0146as dzer\u0161anas v\u0101rsts ar nosl\u0113dzo\u0161u sviru nov\u0113r\u0161 nopl\u016bdes.<br \/>\nRaksturlielumi:<br \/>\n\u2022 2 Litru rezervu\u0101rs:<br \/>\nSvars: 185 grami, Izm\u0113rs: 37H x 18W x 8D cm;<br \/>\n\u2022 3 Litru rezervu\u0101rs:<br \/>\nSvars: 200 grami, Izm\u0113rs: 44H x 18W x 8D cm.<\/p>\n","protected":false},"excerpt":{"rendered":"<p>Dzer\u0161anas sist\u0113ma ar magn\u0113tisko trubi\u0146as klipsi.<\/p>\n","protected":false},"featured_media":62973,"template":"","meta":[],"product_brand":[9717],"product_cat":[1827],"product_tag":[],"class_list":{"0":"post-62970","1":"product","2":"type-product","3":"status-publish","4":"has-post-thumbnail","6":"product_brand-gregory","7":"product_cat-mugursomas","8":"pa_izmers-2l","9":"pa_izmers-3l","10":"pa_izmerscm-12857","11":"pa_izmerscm-12858","12":"pa_produkta-tips-dzersanas-sistemas","14":"first","15":"instock","16":"taxable","17":"shipping-taxable","18":"purchasable","19":"product-type-variable"},"raw_content":{"name":"Gregory - 3D Hydro Reservoir dzer\u0161anas sist\u0113ma","description":"Galven\u0101s \u012bpa\u0161\u012bbas:\n\u2022 Dzer\u0161anas sist\u0113ma ar magn\u0113tisko klipsi \u013cauj \u0113rti piestiprin\u0101t trubi\u0146u pie plecu lences. Iek\u013cauta magn\u0113tisk\u0101 deta\u013ca, ko var piestiprin\u0101t pie jebkura ra\u017eot\u0101ja mugursomu plecu lences;\n\u2022 \u0112rts rokturis \u013cauj viegli piepild\u012bt rezervu\u0101ru, bet stingrais vidus \u013cauj to viegl\u0101k ievietot mugursom\u0101;\n\u2022 3D-QuickDry: Unik\u0101l\u0101 3D forma nov\u0113r\u0161 rezervu\u0101ra sienu salip\u0161anu, t\u0101d\u0113j\u0101di \u013caujot tam \u0101tr\u0101k iz\u017e\u016bt un nov\u0113r\u0161 bakt\u0113riju vairo\u0161anos;\n\u2022 QuickDry hanger: integr\u0113ts pakaramais;\n\u2022 SpeedClip Attachment System: pakaramais, kas savienojas ar Gregory mugursom\u0101m;\n\u2022 Anatomical Fit: 3D dizains un pilna garuma sadal\u012bt\u0101js nodro\u0161ina, ka dzer\u0161anas sist\u0113mas rezervu\u0101rs nesaplok, bet gan st\u0101v taisni mugursomas kabat\u0101, nov\u0113r\u0161ot saspie\u0161anos ar citiem priek\u0161metiem mugursom\u0101, k\u0101 ar\u012b notur \u016bdens svaru vienm\u0113r\u012bgi sadal\u012btu tuv\u0101k muguras vidusda\u013cai;\n\u2022 Quick Disconnect: \u0101tri atvienojama trubi\u0146a \u013cauj piepild\u012bt rezervu\u0101ru bez nepiecie\u0161am\u012bbas trubi\u0146u vilkt \u0101r\u0101 no mugursomas;\n\u2022 Soft pour bite valve: trubi\u0146as dzer\u0161anas v\u0101rsts ar nosl\u0113dzo\u0161u sviru nov\u0113r\u0161 nopl\u016bdes.\nRaksturlielumi:\n\u2022 2 Litru rezervu\u0101rs:\nSvars: 185 grami, Izm\u0113rs: 37H x 18W x 8D cm;\n\u2022 3 Litru rezervu\u0101rs:\nSvars: 200 grami, Izm\u0113rs: 44H x 18W x 8D cm.","short_description":"Dzer\u0161anas sist\u0113ma ar magn\u0113tisko trubi\u0146as klipsi.","status":"publish","sku":"greg0018","original":62970},"wpml":{"translation_type":1,"has_translations":true,"original":62970,"duplicates":[],"translations":{"lv":62970,"en":67054,"ru":null}},"supplier_id":null,"supplier_sku":"","barcode":null,"atum_controlled":true,"out_stock_date":null,"out_stock_threshold":null,"inheritable":false,"inbound_stock":0,"stock_on_hold":0,"sold_today":0,"sales_last_days":0,"reserved_stock":0,"customer_returns":0,"warehouse_damage":0,"lost_in_post":0,"other_logs":0,"out_stock_days":0,"lost_sales":0,"has_location":false,"update_date":"2025-12-30T14:30:31","atum_locations":[],"atum_stock_status":"instock","restock_status":false,"low_stock_amount":"","sales_update_date":"2025-11-13T14:07:26","calc_backorders":null,"yoast_head":"<!-- This site is optimized with the Yoast SEO plugin v27.3 - https:\/\/yoast.com\/product\/yoast-seo-wordpress\/ -->\n<title>Gregory - 3D Hydro Reservoir dzer\u0161anas sist\u0113ma<\/title>\n<meta name=\"description\" content=\"Dzer\u0161anas sist\u0113ma ar magn\u0113tisko trubi\u0146as klipsi.\" \/>\n<meta name=\"robots\" content=\"index, follow, max-snippet:-1, max-image-preview:large, max-video-preview:-1\" \/>\n<link rel=\"canonical\" href=\"https:\/\/gohike.lv\/ru\/produkts\/gregory-dzersanas-sistema-gregory-3d-hydro-reservoir\/\" \/>\n<meta property=\"og:locale\" content=\"ru_RU\" \/>\n<meta property=\"og:type\" content=\"article\" \/>\n<meta property=\"og:title\" content=\"Dzer\u0161anas sist\u0113ma Gregory 3D Hydro Reservoir\" \/>\n<meta property=\"og:description\" content=\"Dzer\u0161anas sist\u0113ma ar magn\u0113tisko trubi\u0146as klipsi.\" \/>\n<meta property=\"og:url\" content=\"https:\/\/gohike.lv\/ru\/produkts\/gregory-dzersanas-sistema-gregory-3d-hydro-reservoir\/\" \/>\n<meta property=\"og:site_name\" content=\"GoHike\" \/>\n<meta property=\"article:publisher\" content=\"https:\/\/www.facebook.com\/gohike.shop\/\" \/>\n<meta property=\"article:modified_time\" content=\"2025-12-30T14:25:02+00:00\" \/>\n<meta property=\"og:image\" content=\"https:\/\/gohike.lv\/wp-content\/uploads\/2024\/10\/HydroReservoir2L_.webp\" \/>\n\t<meta property=\"og:image:width\" content=\"600\" \/>\n\t<meta property=\"og:image:height\" content=\"631\" \/>\n\t<meta property=\"og:image:type\" content=\"image\/webp\" \/>\n<meta name=\"twitter:card\" content=\"summary_large_image\" \/>\n<meta name=\"twitter:title\" content=\"Dzer\u0161anas sist\u0113ma Gregory 3D Hydro Reservoir\" \/>\n<meta name=\"twitter:label1\" content=\"\u041f\u0440\u0438\u043c\u0435\u0440\u043d\u043e\u0435 \u0432\u0440\u0435\u043c\u044f \u0434\u043b\u044f \u0447\u0442\u0435\u043d\u0438\u044f\" \/>\n\t<meta name=\"twitter:data1\" content=\"2 \u043c\u0438\u043d\u0443\u0442\u0430\" \/>\n<script type=\"application\/ld+json\" class=\"yoast-schema-graph\">{\"@context\":\"https:\\\/\\\/schema.org\",\"@graph\":[{\"@type\":[\"WebPage\",\"ItemPage\"],\"@id\":\"https:\\\/\\\/gohike.lv\\\/ru\\\/produkts\\\/gregory-dzersanas-sistema-gregory-3d-hydro-reservoir\\\/\",\"url\":\"https:\\\/\\\/gohike.lv\\\/ru\\\/produkts\\\/gregory-dzersanas-sistema-gregory-3d-hydro-reservoir\\\/\",\"name\":\"Gregory - 3D Hydro Reservoir dzer\u0161anas sist\u0113ma\",\"isPartOf\":{\"@id\":\"https:\\\/\\\/gohike.lv\\\/ru\\\/#website\"},\"primaryImageOfPage\":{\"@id\":\"https:\\\/\\\/gohike.lv\\\/ru\\\/produkts\\\/gregory-dzersanas-sistema-gregory-3d-hydro-reservoir\\\/#primaryimage\"},\"image\":{\"@id\":\"https:\\\/\\\/gohike.lv\\\/ru\\\/produkts\\\/gregory-dzersanas-sistema-gregory-3d-hydro-reservoir\\\/#primaryimage\"},\"thumbnailUrl\":\"https:\\\/\\\/gohike.lv\\\/wp-content\\\/uploads\\\/2024\\\/10\\\/HydroReservoir2L_.webp\",\"datePublished\":\"2024-10-09T16:47:14+00:00\",\"dateModified\":\"2025-12-30T14:25:02+00:00\",\"description\":\"Dzer\u0161anas sist\u0113ma ar magn\u0113tisko trubi\u0146as klipsi.\",\"breadcrumb\":{\"@id\":\"https:\\\/\\\/gohike.lv\\\/ru\\\/produkts\\\/gregory-dzersanas-sistema-gregory-3d-hydro-reservoir\\\/#breadcrumb\"},\"inLanguage\":\"ru-RU\",\"potentialAction\":[{\"@type\":\"ReadAction\",\"target\":[\"https:\\\/\\\/gohike.lv\\\/ru\\\/produkts\\\/gregory-dzersanas-sistema-gregory-3d-hydro-reservoir\\\/\"]}]},{\"@type\":\"ImageObject\",\"inLanguage\":\"ru-RU\",\"@id\":\"https:\\\/\\\/gohike.lv\\\/ru\\\/produkts\\\/gregory-dzersanas-sistema-gregory-3d-hydro-reservoir\\\/#primaryimage\",\"url\":\"https:\\\/\\\/gohike.lv\\\/wp-content\\\/uploads\\\/2024\\\/10\\\/HydroReservoir2L_.webp\",\"contentUrl\":\"https:\\\/\\\/gohike.lv\\\/wp-content\\\/uploads\\\/2024\\\/10\\\/HydroReservoir2L_.webp\",\"width\":600,\"height\":631},{\"@type\":\"BreadcrumbList\",\"@id\":\"https:\\\/\\\/gohike.lv\\\/ru\\\/produkts\\\/gregory-dzersanas-sistema-gregory-3d-hydro-reservoir\\\/#breadcrumb\",\"itemListElement\":[{\"@type\":\"ListItem\",\"position\":1,\"name\":\"\u0413\u043b\u0430\u0432\u043d\u0430\u044f\",\"item\":\"https:\\\/\\\/gohike.lv\\\/ru\\\/\"},{\"@type\":\"ListItem\",\"position\":2,\"name\":\"\u041a\u0430\u0442\u0435\u0433\u043e\u0440\u0438\u0438 \u0442\u043e\u0432\u0430\u0440\u043e\u0432\",\"item\":\"https:\\\/\\\/gohike.lv\\\/%d0%ba%d0%b0%d1%82%d0%b5%d0%b3%d0%be%d1%80%d0%b8%d0%b8-%d1%82%d0%be%d0%b2%d0%b0%d1%80%d0%be%d0%b2\\\/\"},{\"@type\":\"ListItem\",\"position\":3,\"name\":\"Gregory &#8211; 3D Hydro Reservoir dzer\u0161anas sist\u0113ma\"}]},{\"@type\":\"WebSite\",\"@id\":\"https:\\\/\\\/gohike.lv\\\/ru\\\/#website\",\"url\":\"https:\\\/\\\/gohike.lv\\\/ru\\\/\",\"name\":\"GoHike\",\"description\":\"\",\"publisher\":{\"@id\":\"https:\\\/\\\/gohike.lv\\\/ru\\\/#organization\"},\"potentialAction\":[{\"@type\":\"SearchAction\",\"target\":{\"@type\":\"EntryPoint\",\"urlTemplate\":\"https:\\\/\\\/gohike.lv\\\/ru\\\/?s={search_term_string}\"},\"query-input\":{\"@type\":\"PropertyValueSpecification\",\"valueRequired\":true,\"valueName\":\"search_term_string\"}}],\"inLanguage\":\"ru-RU\"},{\"@type\":\"Organization\",\"@id\":\"https:\\\/\\\/gohike.lv\\\/ru\\\/#organization\",\"name\":\"GoHike\",\"url\":\"https:\\\/\\\/gohike.lv\\\/ru\\\/\",\"logo\":{\"@type\":\"ImageObject\",\"inLanguage\":\"ru-RU\",\"@id\":\"https:\\\/\\\/gohike.lv\\\/ru\\\/#\\\/schema\\\/logo\\\/image\\\/\",\"url\":\"https:\\\/\\\/gohike.lv\\\/wp-content\\\/uploads\\\/2023\\\/08\\\/Logo_GoHike.webp\",\"contentUrl\":\"https:\\\/\\\/gohike.lv\\\/wp-content\\\/uploads\\\/2023\\\/08\\\/Logo_GoHike.webp\",\"width\":512,\"height\":512,\"caption\":\"GoHike\"},\"image\":{\"@id\":\"https:\\\/\\\/gohike.lv\\\/ru\\\/#\\\/schema\\\/logo\\\/image\\\/\"},\"sameAs\":[\"https:\\\/\\\/www.facebook.com\\\/gohike.shop\\\/\",\"https:\\\/\\\/www.instagram.com\\\/gohike.shop\\\/\"]}]}<\/script>\n<!-- \/ Yoast SEO plugin. -->","yoast_head_json":{"title":"Gregory - 3D Hydro Reservoir dzer\u0161anas sist\u0113ma","description":"Dzer\u0161anas sist\u0113ma ar magn\u0113tisko trubi\u0146as klipsi.","robots":{"index":"index","follow":"follow","max-snippet":"max-snippet:-1","max-image-preview":"max-image-preview:large","max-video-preview":"max-video-preview:-1"},"canonical":"https:\/\/gohike.lv\/ru\/produkts\/gregory-dzersanas-sistema-gregory-3d-hydro-reservoir\/","og_locale":"ru_RU","og_type":"article","og_title":"Dzer\u0161anas sist\u0113ma Gregory 3D Hydro Reservoir","og_description":"Dzer\u0161anas sist\u0113ma ar magn\u0113tisko trubi\u0146as klipsi.","og_url":"https:\/\/gohike.lv\/ru\/produkts\/gregory-dzersanas-sistema-gregory-3d-hydro-reservoir\/","og_site_name":"GoHike","article_publisher":"https:\/\/www.facebook.com\/gohike.shop\/","article_modified_time":"2025-12-30T14:25:02+00:00","og_image":[{"width":600,"height":631,"url":"https:\/\/gohike.lv\/wp-content\/uploads\/2024\/10\/HydroReservoir2L_.webp","type":"image\/webp"}],"twitter_card":"summary_large_image","twitter_title":"Dzer\u0161anas sist\u0113ma Gregory 3D Hydro Reservoir","twitter_misc":{"\u041f\u0440\u0438\u043c\u0435\u0440\u043d\u043e\u0435 \u0432\u0440\u0435\u043c\u044f \u0434\u043b\u044f \u0447\u0442\u0435\u043d\u0438\u044f":"2 \u043c\u0438\u043d\u0443\u0442\u0430"},"schema":{"@context":"https:\/\/schema.org","@graph":[{"@type":["WebPage","ItemPage"],"@id":"https:\/\/gohike.lv\/ru\/produkts\/gregory-dzersanas-sistema-gregory-3d-hydro-reservoir\/","url":"https:\/\/gohike.lv\/ru\/produkts\/gregory-dzersanas-sistema-gregory-3d-hydro-reservoir\/","name":"Gregory - 3D Hydro Reservoir dzer\u0161anas sist\u0113ma","isPartOf":{"@id":"https:\/\/gohike.lv\/ru\/#website"},"primaryImageOfPage":{"@id":"https:\/\/gohike.lv\/ru\/produkts\/gregory-dzersanas-sistema-gregory-3d-hydro-reservoir\/#primaryimage"},"image":{"@id":"https:\/\/gohike.lv\/ru\/produkts\/gregory-dzersanas-sistema-gregory-3d-hydro-reservoir\/#primaryimage"},"thumbnailUrl":"https:\/\/gohike.lv\/wp-content\/uploads\/2024\/10\/HydroReservoir2L_.webp","datePublished":"2024-10-09T16:47:14+00:00","dateModified":"2025-12-30T14:25:02+00:00","description":"Dzer\u0161anas sist\u0113ma ar magn\u0113tisko trubi\u0146as klipsi.","breadcrumb":{"@id":"https:\/\/gohike.lv\/ru\/produkts\/gregory-dzersanas-sistema-gregory-3d-hydro-reservoir\/#breadcrumb"},"inLanguage":"ru-RU","potentialAction":[{"@type":"ReadAction","target":["https:\/\/gohike.lv\/ru\/produkts\/gregory-dzersanas-sistema-gregory-3d-hydro-reservoir\/"]}]},{"@type":"ImageObject","inLanguage":"ru-RU","@id":"https:\/\/gohike.lv\/ru\/produkts\/gregory-dzersanas-sistema-gregory-3d-hydro-reservoir\/#primaryimage","url":"https:\/\/gohike.lv\/wp-content\/uploads\/2024\/10\/HydroReservoir2L_.webp","contentUrl":"https:\/\/gohike.lv\/wp-content\/uploads\/2024\/10\/HydroReservoir2L_.webp","width":600,"height":631},{"@type":"BreadcrumbList","@id":"https:\/\/gohike.lv\/ru\/produkts\/gregory-dzersanas-sistema-gregory-3d-hydro-reservoir\/#breadcrumb","itemListElement":[{"@type":"ListItem","position":1,"name":"\u0413\u043b\u0430\u0432\u043d\u0430\u044f","item":"https:\/\/gohike.lv\/ru\/"},{"@type":"ListItem","position":2,"name":"\u041a\u0430\u0442\u0435\u0433\u043e\u0440\u0438\u0438 \u0442\u043e\u0432\u0430\u0440\u043e\u0432","item":"https:\/\/gohike.lv\/%d0%ba%d0%b0%d1%82%d0%b5%d0%b3%d0%be%d1%80%d0%b8%d0%b8-%d1%82%d0%be%d0%b2%d0%b0%d1%80%d0%be%d0%b2\/"},{"@type":"ListItem","position":3,"name":"Gregory &#8211; 3D Hydro Reservoir dzer\u0161anas sist\u0113ma"}]},{"@type":"WebSite","@id":"https:\/\/gohike.lv\/ru\/#website","url":"https:\/\/gohike.lv\/ru\/","name":"GoHike","description":"","publisher":{"@id":"https:\/\/gohike.lv\/ru\/#organization"},"potentialAction":[{"@type":"SearchAction","target":{"@type":"EntryPoint","urlTemplate":"https:\/\/gohike.lv\/ru\/?s={search_term_string}"},"query-input":{"@type":"PropertyValueSpecification","valueRequired":true,"valueName":"search_term_string"}}],"inLanguage":"ru-RU"},{"@type":"Organization","@id":"https:\/\/gohike.lv\/ru\/#organization","name":"GoHike","url":"https:\/\/gohike.lv\/ru\/","logo":{"@type":"ImageObject","inLanguage":"ru-RU","@id":"https:\/\/gohike.lv\/ru\/#\/schema\/logo\/image\/","url":"https:\/\/gohike.lv\/wp-content\/uploads\/2023\/08\/Logo_GoHike.webp","contentUrl":"https:\/\/gohike.lv\/wp-content\/uploads\/2023\/08\/Logo_GoHike.webp","width":512,"height":512,"caption":"GoHike"},"image":{"@id":"https:\/\/gohike.lv\/ru\/#\/schema\/logo\/image\/"},"sameAs":["https:\/\/www.facebook.com\/gohike.shop\/","https:\/\/www.instagram.com\/gohike.shop\/"]}]}},"jetpack_sharing_enabled":true,"_links":{"self":[{"href":"https:\/\/gohike.lv\/ru\/wp-json\/wp\/v2\/product\/62970","targetHints":{"allow":["GET"]}}],"collection":[{"href":"https:\/\/gohike.lv\/ru\/wp-json\/wp\/v2\/product"}],"about":[{"href":"https:\/\/gohike.lv\/ru\/wp-json\/wp\/v2\/types\/product"}],"version-history":[{"count":0,"href":"https:\/\/gohike.lv\/ru\/wp-json\/wp\/v2\/product\/62970\/revisions"}],"wp:featuredmedia":[{"embeddable":true,"href":"https:\/\/gohike.lv\/ru\/wp-json\/wp\/v2\/media\/62973"}],"wp:attachment":[{"href":"https:\/\/gohike.lv\/ru\/wp-json\/wp\/v2\/media?parent=62970"}],"wp:term":[{"taxonomy":"product_brand","embeddable":true,"href":"https:\/\/gohike.lv\/ru\/wp-json\/wp\/v2\/product_brand?post=62970"},{"taxonomy":"product_cat","embeddable":true,"href":"https:\/\/gohike.lv\/ru\/wp-json\/wp\/v2\/product_cat?post=62970"},{"taxonomy":"product_tag","embeddable":true,"href":"https:\/\/gohike.lv\/ru\/wp-json\/wp\/v2\/product_tag?post=62970"}],"curies":[{"name":"wp","href":"https:\/\/api.w.org\/{rel}","templated":true}]}}