{"id":62948,"date":"2024-10-09T19:46:49","date_gmt":"2024-10-09T16:46:49","guid":{"rendered":"https:\/\/gohike.lv\/produkts\/gregory-pargajienu-mugursoma-gregory-facet-45-rc-sieviesu\/"},"modified":"2025-12-30T17:25:02","modified_gmt":"2025-12-30T14:25:02","slug":"gregory-facet-45-rc-pargajienu-mugursoma-sieviesu","status":"publish","type":"product","link":"https:\/\/gohike.lv\/ru\/produkts\/gregory-facet-45-rc-pargajienu-mugursoma-sieviesu\/","title":{"rendered":"Gregory &#8212; FACET 45 RC p\u0101rg\u0101jienu mugursoma, sievie\u0161u"},"content":{"rendered":"<p>Galven\u0101s \u012bpa\u0161\u012bbas:<br \/>\n\u2022 FreeFloat \u012bpa\u0161i viegls r\u0101mis ar elast\u012bgiem pane\u013ciem, kas kustas l\u012bdzi \u0137erme\u0146a dabiskaj\u0101m kust\u012bb\u0101m;<br \/>\n\u2022 Ventil\u0113jams sieta aizmugures panelis ar Polygiene\u00ae Stays Fresh tehnolo\u0123iju (smakas kontroles auduma apstr\u0101de, kas kav\u0113 smaku izraiso\u0161o bakt\u0113riju vairo\u0161anos);<br \/>\n\u2022 ComfortCradle gurnu josta ar 3D konstrukciju, lai nodro\u0161in\u0101tu vienm\u0113r\u012bgu piegul\u0161anu, kas nov\u0113r\u0161 spiediena punktus;<br \/>\n\u2022 Liela izm\u0113ra gurnu jostas kabatas ar r\u0101v\u0113jsl\u0113dz\u0113ju ar pietiekami daudz vietas, lai taj\u0101s ietilptu mobilais telefons un citi svar\u012bgi s\u012bkumi;<br \/>\n\u2022 \u012apa\u0161i viegls, perimetra alum\u012bnija r\u0101mis un stikla \u0161\u0137iedras \u0161\u0137\u0113rssvira nodro\u0161ina izcilu vieglu kravnes\u012bbu;<br \/>\n\u2022 Anatomiskas, elpojo\u0161as plecu lences ar kr\u016b\u0161u siksnu, integr\u0113tu dro\u0161\u012bbas svilpi un dzer\u0161anas sist\u0113mas trubi\u0146as klipsi;<br \/>\n\u2022 Iek\u0161\u0113j\u0101 kabata dzer\u0161anas sist\u0113mai ar SpeedClip pakaramo, kas sader\u012bgs ar Gregory 3D Hydro rezervu\u0101riem (rezervu\u0101rs nav iek\u013cauts);<br \/>\n\u2022 No\u0146emama, pace\u013cama aug\u0161\u0113j\u0101 kabata ar lielu nodal\u012bjumu ar r\u0101v\u0113jsl\u0113dz\u0113ju un apak\u0161\u0113jo kabatu ar r\u0101v\u0113jsl\u0113dz\u0113ju, atstarojo\u0161iem stiprin\u0101juma punktiem un atsl\u0113gas klipsi;<br \/>\n\u2022 S\u0101nos elast\u012bgas sieta kabatas ar piek\u013cuvi \u016bdens pudelei no s\u0101na. Savilk\u0161anas siksnas iesp\u0113jams stiprin\u0101t virs vai zem kabat\u0101m;<br \/>\n\u2022 Priek\u0161\u0113j\u0101 lielizm\u0113ra elast\u012bga t\u012bkla kabata ar dro\u0161u spr\u0101dzes aizdari un priek\u0161\u0113jo auduma paneli papildu iztur\u012bbai;<br \/>\n\u2022 \u0100tri pavelkama auklas aizdare un aug\u0161\u0113j\u0101s siksnas saspie\u0161ana;<br \/>\n\u2022 Atstarojo\u0161a apak\u0161\u0113j\u0101 cilpa un aug\u0161\u0113j\u0101 amortizatora fiksators trekinga n\u016bj\u0101m vai ledus cirtnim;<br \/>\n\u2022 Piel\u0101gotas ComfortGrip formas r\u0101v\u0113jsl\u0113dz\u0113ja \u013cipi\u0146as un atstarojo\u0161as priek\u0161\u0113j\u0101s stiprin\u0101juma cilpas;<br \/>\n\u2022 Iek\u013cauts individu\u0101li piel\u0101gots lietus p\u0101rvalks.<br \/>\nRaksturlielumi:<br \/>\n\u2022 Tilpums: 45 Litri;<br \/>\n\u2022 Muguras garums: XS 35-40 cm\/S 40-45cm;<br \/>\n\u2022 Svars: 1.08\/1.13 kg;<br \/>\n\u2022 Izm\u0113rs: 64H x 36W x 31D cm;<br \/>\n\u2022 Ieteicamais maksim\u0101lais ne\u0161anas svars: 14 kg;<br \/>\n\u2022 Galvenais audums: 100D High Density 40% Recycled Nylon &amp; 210D High Density 45% Recycled Nylon with PFC-Free DWR<br \/>\n\u2022 Pamatnes audums 210D High Density 45% Recycled Nylon with C0 DWR: designed without PFAS<br \/>\n\u2022 Gurnu josta\/plecu lences: Lifespan EVA putas \/ vair\u0101ku bl\u012bvumu putas;<br \/>\n\u2022 R\u0101mis: TUBULAR ALUMINIUM &amp; FIBERGLASS ANTI-BARRELING CROSS-STAY &amp; HDPE<br \/>\n\u2022 Odere: 40% p\u0113c pat\u0113ri\u0146a p\u0101rstr\u0101d\u0101ts 135D poliesters ar C0 DWR: izstr\u0101d\u0101ts bez PFAS;<br \/>\n\u2022 Bluesign apstiprin\u0101tas spr\u0101dzes;<br \/>\n\u2022 Lietus p\u0101rvalks komplekt\u0101.<br \/>\n<iframe title=\"How to Fit Your Backpack | Gregory Mountain Products\" width=\"1200\" height=\"675\" src=\"https:\/\/www.youtube.com\/embed\/iCG6C_a5NIE?feature=oembed\" frameborder=\"0\" allow=\"accelerometer; autoplay; clipboard-write; encrypted-media; gyroscope; picture-in-picture; web-share\" referrerpolicy=\"strict-origin-when-cross-origin\" allowfullscreen><\/iframe><\/p>\n","protected":false},"excerpt":{"rendered":"<p>Facet 45 ir par \u012bpa\u0161i vieglu veiktsp\u0113ju ar dinamisku komfortu, ko nodro\u0161ina FreeFloat gurnu josta. Elast\u012bg\u0101, ta\u010du atbalsto\u0161\u0101 sist\u0113ma \u013cauj piln\u012bb\u0101 polster\u0113tai gurnu jostai (ar antibakteri\u0101lu Polygiene\u00ae sietu) kust\u0113ties l\u012bdzi \u0137ermenim, nodro\u0161inot efekt\u012bv\u0101kas kust\u012bbas, veicot kilometru p\u0113c kilometra.<\/p>\n","protected":false},"featured_media":62951,"template":"","meta":[],"product_brand":[13403],"product_cat":[13404],"product_tag":[],"class_list":{"0":"post-62948","1":"product","2":"type-product","3":"status-publish","4":"has-post-thumbnail","6":"product_brand-gregory-ru","7":"product_cat-13404","8":"pa_izmers-sm","9":"pa_izmers-xs","10":"pa_spalva-peleks","12":"first","13":"instock","14":"taxable","15":"shipping-taxable","16":"purchasable","17":"product-type-variable"},"raw_content":{"name":"Gregory - FACET 45 RC p\u0101rg\u0101jienu mugursoma, sievie\u0161u","description":"Galven\u0101s \u012bpa\u0161\u012bbas:\n\u2022 FreeFloat \u012bpa\u0161i viegls r\u0101mis ar elast\u012bgiem pane\u013ciem, kas kustas l\u012bdzi \u0137erme\u0146a dabiskaj\u0101m kust\u012bb\u0101m;\n\u2022 Ventil\u0113jams sieta aizmugures panelis ar Polygiene\u00ae Stays Fresh tehnolo\u0123iju (smakas kontroles auduma apstr\u0101de, kas kav\u0113 smaku izraiso\u0161o bakt\u0113riju vairo\u0161anos);\n\u2022 ComfortCradle gurnu josta ar 3D konstrukciju, lai nodro\u0161in\u0101tu vienm\u0113r\u012bgu piegul\u0161anu, kas nov\u0113r\u0161 spiediena punktus;\n\u2022 Liela izm\u0113ra gurnu jostas kabatas ar r\u0101v\u0113jsl\u0113dz\u0113ju ar pietiekami daudz vietas, lai taj\u0101s ietilptu mobilais telefons un citi svar\u012bgi s\u012bkumi;\n\u2022 \u012apa\u0161i viegls, perimetra alum\u012bnija r\u0101mis un stikla \u0161\u0137iedras \u0161\u0137\u0113rssvira nodro\u0161ina izcilu vieglu kravnes\u012bbu;\n\u2022 Anatomiskas, elpojo\u0161as plecu lences ar kr\u016b\u0161u siksnu, integr\u0113tu dro\u0161\u012bbas svilpi un dzer\u0161anas sist\u0113mas trubi\u0146as klipsi;\n\u2022 Iek\u0161\u0113j\u0101 kabata dzer\u0161anas sist\u0113mai ar SpeedClip pakaramo, kas sader\u012bgs ar Gregory 3D Hydro rezervu\u0101riem (rezervu\u0101rs nav iek\u013cauts);\n\u2022 No\u0146emama, pace\u013cama aug\u0161\u0113j\u0101 kabata ar lielu nodal\u012bjumu ar r\u0101v\u0113jsl\u0113dz\u0113ju un apak\u0161\u0113jo kabatu ar r\u0101v\u0113jsl\u0113dz\u0113ju, atstarojo\u0161iem stiprin\u0101juma punktiem un atsl\u0113gas klipsi;\n\u2022 S\u0101nos elast\u012bgas sieta kabatas ar piek\u013cuvi \u016bdens pudelei no s\u0101na. Savilk\u0161anas siksnas iesp\u0113jams stiprin\u0101t virs vai zem kabat\u0101m;\n\u2022 Priek\u0161\u0113j\u0101 lielizm\u0113ra elast\u012bga t\u012bkla kabata ar dro\u0161u spr\u0101dzes aizdari un priek\u0161\u0113jo auduma paneli papildu iztur\u012bbai;\n\u2022 \u0100tri pavelkama auklas aizdare un aug\u0161\u0113j\u0101s siksnas saspie\u0161ana;\n\u2022 Atstarojo\u0161a apak\u0161\u0113j\u0101 cilpa un aug\u0161\u0113j\u0101 amortizatora fiksators trekinga n\u016bj\u0101m vai ledus cirtnim;\n\u2022 Piel\u0101gotas ComfortGrip formas r\u0101v\u0113jsl\u0113dz\u0113ja \u013cipi\u0146as un atstarojo\u0161as priek\u0161\u0113j\u0101s stiprin\u0101juma cilpas;\n\u2022 Iek\u013cauts individu\u0101li piel\u0101gots lietus p\u0101rvalks.\nRaksturlielumi:\n\u2022 Tilpums: 45 Litri;\n\u2022 Muguras garums: XS 35-40 cm\/S 40-45cm;\n\u2022 Svars: 1.08\/1.13 kg;\n\u2022 Izm\u0113rs: 64H x 36W x 31D cm;\n\u2022 Ieteicamais maksim\u0101lais ne\u0161anas svars: 14 kg;\n\u2022 Galvenais audums: 100D High Density 40% Recycled Nylon &amp; 210D High Density 45% Recycled Nylon with PFC-Free DWR\n\u2022 Pamatnes audums 210D High Density 45% Recycled Nylon with C0 DWR: designed without PFAS\n\u2022 Gurnu josta\/plecu lences: Lifespan EVA putas \/ vair\u0101ku bl\u012bvumu putas;\n\u2022 R\u0101mis: TUBULAR ALUMINIUM &amp; FIBERGLASS ANTI-BARRELING CROSS-STAY &amp; HDPE\n\u2022 Odere: 40% p\u0113c pat\u0113ri\u0146a p\u0101rstr\u0101d\u0101ts 135D poliesters ar C0 DWR: izstr\u0101d\u0101ts bez PFAS;\n\u2022 Bluesign apstiprin\u0101tas spr\u0101dzes;\n\u2022 Lietus p\u0101rvalks komplekt\u0101.\nhttps:\/\/www.youtube.com\/watch?v=iCG6C_a5NIE","short_description":"Facet 45 ir par \u012bpa\u0161i vieglu veiktsp\u0113ju ar dinamisku komfortu, ko nodro\u0161ina FreeFloat gurnu josta. Elast\u012bg\u0101, ta\u010du atbalsto\u0161\u0101 sist\u0113ma \u013cauj piln\u012bb\u0101 polster\u0113tai gurnu jostai (ar antibakteri\u0101lu Polygiene\u00ae sietu) kust\u0113ties l\u012bdzi \u0137ermenim, nodro\u0161inot efekt\u012bv\u0101kas kust\u012bbas, veicot kilometru p\u0113c kilometra.","status":"publish","sku":"greg0017","original":62948},"wpml":{"translation_type":1,"has_translations":true,"original":62948,"duplicates":[],"translations":{"lv":62948,"en":67051,"ru":null}},"supplier_id":null,"supplier_sku":"","barcode":null,"atum_controlled":true,"out_stock_date":null,"out_stock_threshold":null,"inheritable":false,"inbound_stock":0,"stock_on_hold":0,"sold_today":0,"sales_last_days":0,"reserved_stock":0,"customer_returns":0,"warehouse_damage":0,"lost_in_post":0,"other_logs":0,"out_stock_days":0,"lost_sales":0,"has_location":false,"update_date":"2025-12-30T14:30:31","atum_locations":[],"atum_stock_status":"instock","restock_status":false,"low_stock_amount":"","sales_update_date":"2025-11-13T14:07:26","calc_backorders":null,"yoast_head":"<!-- This site is optimized with the Yoast SEO plugin v27.3 - https:\/\/yoast.com\/product\/yoast-seo-wordpress\/ -->\n<title>Gregory - FACET 45 RC p\u0101rg\u0101jienu mugursoma, sievie\u0161u<\/title>\n<meta name=\"description\" content=\"Facet 45 ir par \u012bpa\u0161i vieglu veiktsp\u0113ju ar dinamisku komfortu, ko nodro\u0161ina FreeFloat gurnu josta. Elast\u012bg\u0101, ta\u010du atbalsto\u0161\u0101 sist\u0113ma \u013cauj piln\u012bb\u0101 polster\u0113tai gurnu jostai (ar antibakteri\u0101lu Polygiene\u00ae sietu) kust\u0113ties l\u012bdzi \u0137ermenim, nodro\u0161inot efekt\u012bv\u0101kas kust\u012bbas, veicot kilometru p\u0113c kilometra.\" \/>\n<meta name=\"robots\" content=\"index, follow, max-snippet:-1, max-image-preview:large, max-video-preview:-1\" \/>\n<link rel=\"canonical\" href=\"https:\/\/gohike.lv\/ru\/produkts\/gregory-facet-45-rc-pargajienu-mugursoma-sieviesu\/\" \/>\n<meta property=\"og:locale\" content=\"ru_RU\" \/>\n<meta property=\"og:type\" content=\"article\" \/>\n<meta property=\"og:title\" content=\"P\u0101rg\u0101jienu mugursoma Gregory FACET 45 RC sievie\u0161u\" \/>\n<meta property=\"og:description\" content=\"Facet 45 ir par \u012bpa\u0161i vieglu veiktsp\u0113ju ar dinamisku komfortu, ko nodro\u0161ina FreeFloat gurnu josta. Elast\u012bg\u0101, ta\u010du atbalsto\u0161\u0101 sist\u0113ma \u013cauj piln\u012bb\u0101 polster\u0113tai gurnu jostai (ar antibakteri\u0101lu Polygiene\u00ae sietu) kust\u0113ties l\u012bdzi \u0137ermenim, nodro\u0161inot efekt\u012bv\u0101kas kust\u012bbas, veicot kilometru p\u0113c kilometra.\" \/>\n<meta property=\"og:url\" content=\"https:\/\/gohike.lv\/ru\/produkts\/gregory-facet-45-rc-pargajienu-mugursoma-sieviesu\/\" \/>\n<meta property=\"og:site_name\" content=\"GoHike\" \/>\n<meta property=\"article:publisher\" content=\"https:\/\/www.facebook.com\/gohike.shop\/\" \/>\n<meta property=\"article:modified_time\" content=\"2025-12-30T14:25:02+00:00\" \/>\n<meta property=\"og:image\" content=\"https:\/\/gohike.lv\/wp-content\/uploads\/2024\/10\/Pacet45grey_.webp\" \/>\n\t<meta property=\"og:image:width\" content=\"600\" \/>\n\t<meta property=\"og:image:height\" content=\"600\" \/>\n\t<meta property=\"og:image:type\" content=\"image\/webp\" \/>\n<meta name=\"twitter:card\" content=\"summary_large_image\" \/>\n<meta name=\"twitter:title\" content=\"P\u0101rg\u0101jienu mugursoma Gregory FACET 45 RC sievie\u0161u\" \/>\n<meta name=\"twitter:label1\" content=\"\u041f\u0440\u0438\u043c\u0435\u0440\u043d\u043e\u0435 \u0432\u0440\u0435\u043c\u044f \u0434\u043b\u044f \u0447\u0442\u0435\u043d\u0438\u044f\" \/>\n\t<meta name=\"twitter:data1\" content=\"2 \u043c\u0438\u043d\u0443\u0442\u0430\" \/>\n<script type=\"application\/ld+json\" class=\"yoast-schema-graph\">{\"@context\":\"https:\\\/\\\/schema.org\",\"@graph\":[{\"@type\":[\"WebPage\",\"ItemPage\"],\"@id\":\"https:\\\/\\\/gohike.lv\\\/ru\\\/produkts\\\/gregory-facet-45-rc-pargajienu-mugursoma-sieviesu\\\/\",\"url\":\"https:\\\/\\\/gohike.lv\\\/ru\\\/produkts\\\/gregory-facet-45-rc-pargajienu-mugursoma-sieviesu\\\/\",\"name\":\"Gregory - FACET 45 RC p\u0101rg\u0101jienu mugursoma, sievie\u0161u\",\"isPartOf\":{\"@id\":\"https:\\\/\\\/gohike.lv\\\/ru\\\/#website\"},\"primaryImageOfPage\":{\"@id\":\"https:\\\/\\\/gohike.lv\\\/ru\\\/produkts\\\/gregory-facet-45-rc-pargajienu-mugursoma-sieviesu\\\/#primaryimage\"},\"image\":{\"@id\":\"https:\\\/\\\/gohike.lv\\\/ru\\\/produkts\\\/gregory-facet-45-rc-pargajienu-mugursoma-sieviesu\\\/#primaryimage\"},\"thumbnailUrl\":\"https:\\\/\\\/gohike.lv\\\/wp-content\\\/uploads\\\/2024\\\/10\\\/Pacet45grey_.webp\",\"datePublished\":\"2024-10-09T16:46:49+00:00\",\"dateModified\":\"2025-12-30T14:25:02+00:00\",\"description\":\"Facet 45 ir par \u012bpa\u0161i vieglu veiktsp\u0113ju ar dinamisku komfortu, ko nodro\u0161ina FreeFloat gurnu josta. Elast\u012bg\u0101, ta\u010du atbalsto\u0161\u0101 sist\u0113ma \u013cauj piln\u012bb\u0101 polster\u0113tai gurnu jostai (ar antibakteri\u0101lu Polygiene\u00ae sietu) kust\u0113ties l\u012bdzi \u0137ermenim, nodro\u0161inot efekt\u012bv\u0101kas kust\u012bbas, veicot kilometru p\u0113c kilometra.\",\"breadcrumb\":{\"@id\":\"https:\\\/\\\/gohike.lv\\\/ru\\\/produkts\\\/gregory-facet-45-rc-pargajienu-mugursoma-sieviesu\\\/#breadcrumb\"},\"inLanguage\":\"ru-RU\",\"potentialAction\":[{\"@type\":\"ReadAction\",\"target\":[\"https:\\\/\\\/gohike.lv\\\/ru\\\/produkts\\\/gregory-facet-45-rc-pargajienu-mugursoma-sieviesu\\\/\"]}]},{\"@type\":\"ImageObject\",\"inLanguage\":\"ru-RU\",\"@id\":\"https:\\\/\\\/gohike.lv\\\/ru\\\/produkts\\\/gregory-facet-45-rc-pargajienu-mugursoma-sieviesu\\\/#primaryimage\",\"url\":\"https:\\\/\\\/gohike.lv\\\/wp-content\\\/uploads\\\/2024\\\/10\\\/Pacet45grey_.webp\",\"contentUrl\":\"https:\\\/\\\/gohike.lv\\\/wp-content\\\/uploads\\\/2024\\\/10\\\/Pacet45grey_.webp\",\"width\":600,\"height\":600},{\"@type\":\"BreadcrumbList\",\"@id\":\"https:\\\/\\\/gohike.lv\\\/ru\\\/produkts\\\/gregory-facet-45-rc-pargajienu-mugursoma-sieviesu\\\/#breadcrumb\",\"itemListElement\":[{\"@type\":\"ListItem\",\"position\":1,\"name\":\"\u0413\u043b\u0430\u0432\u043d\u0430\u044f\",\"item\":\"https:\\\/\\\/gohike.lv\\\/ru\\\/\"},{\"@type\":\"ListItem\",\"position\":2,\"name\":\"\u041a\u0430\u0442\u0435\u0433\u043e\u0440\u0438\u0438 \u0442\u043e\u0432\u0430\u0440\u043e\u0432\",\"item\":\"https:\\\/\\\/gohike.lv\\\/%d0%ba%d0%b0%d1%82%d0%b5%d0%b3%d0%be%d1%80%d0%b8%d0%b8-%d1%82%d0%be%d0%b2%d0%b0%d1%80%d0%be%d0%b2\\\/\"},{\"@type\":\"ListItem\",\"position\":3,\"name\":\"Gregory &#8211; FACET 45 RC p\u0101rg\u0101jienu mugursoma, sievie\u0161u\"}]},{\"@type\":\"WebSite\",\"@id\":\"https:\\\/\\\/gohike.lv\\\/ru\\\/#website\",\"url\":\"https:\\\/\\\/gohike.lv\\\/ru\\\/\",\"name\":\"GoHike\",\"description\":\"\",\"publisher\":{\"@id\":\"https:\\\/\\\/gohike.lv\\\/ru\\\/#organization\"},\"potentialAction\":[{\"@type\":\"SearchAction\",\"target\":{\"@type\":\"EntryPoint\",\"urlTemplate\":\"https:\\\/\\\/gohike.lv\\\/ru\\\/?s={search_term_string}\"},\"query-input\":{\"@type\":\"PropertyValueSpecification\",\"valueRequired\":true,\"valueName\":\"search_term_string\"}}],\"inLanguage\":\"ru-RU\"},{\"@type\":\"Organization\",\"@id\":\"https:\\\/\\\/gohike.lv\\\/ru\\\/#organization\",\"name\":\"GoHike\",\"url\":\"https:\\\/\\\/gohike.lv\\\/ru\\\/\",\"logo\":{\"@type\":\"ImageObject\",\"inLanguage\":\"ru-RU\",\"@id\":\"https:\\\/\\\/gohike.lv\\\/ru\\\/#\\\/schema\\\/logo\\\/image\\\/\",\"url\":\"https:\\\/\\\/gohike.lv\\\/wp-content\\\/uploads\\\/2023\\\/08\\\/Logo_GoHike.webp\",\"contentUrl\":\"https:\\\/\\\/gohike.lv\\\/wp-content\\\/uploads\\\/2023\\\/08\\\/Logo_GoHike.webp\",\"width\":512,\"height\":512,\"caption\":\"GoHike\"},\"image\":{\"@id\":\"https:\\\/\\\/gohike.lv\\\/ru\\\/#\\\/schema\\\/logo\\\/image\\\/\"},\"sameAs\":[\"https:\\\/\\\/www.facebook.com\\\/gohike.shop\\\/\",\"https:\\\/\\\/www.instagram.com\\\/gohike.shop\\\/\"]}]}<\/script>\n<!-- \/ Yoast SEO plugin. -->","yoast_head_json":{"title":"Gregory - FACET 45 RC p\u0101rg\u0101jienu mugursoma, sievie\u0161u","description":"Facet 45 ir par \u012bpa\u0161i vieglu veiktsp\u0113ju ar dinamisku komfortu, ko nodro\u0161ina FreeFloat gurnu josta. Elast\u012bg\u0101, ta\u010du atbalsto\u0161\u0101 sist\u0113ma \u013cauj piln\u012bb\u0101 polster\u0113tai gurnu jostai (ar antibakteri\u0101lu Polygiene\u00ae sietu) kust\u0113ties l\u012bdzi \u0137ermenim, nodro\u0161inot efekt\u012bv\u0101kas kust\u012bbas, veicot kilometru p\u0113c kilometra.","robots":{"index":"index","follow":"follow","max-snippet":"max-snippet:-1","max-image-preview":"max-image-preview:large","max-video-preview":"max-video-preview:-1"},"canonical":"https:\/\/gohike.lv\/ru\/produkts\/gregory-facet-45-rc-pargajienu-mugursoma-sieviesu\/","og_locale":"ru_RU","og_type":"article","og_title":"P\u0101rg\u0101jienu mugursoma Gregory FACET 45 RC sievie\u0161u","og_description":"Facet 45 ir par \u012bpa\u0161i vieglu veiktsp\u0113ju ar dinamisku komfortu, ko nodro\u0161ina FreeFloat gurnu josta. Elast\u012bg\u0101, ta\u010du atbalsto\u0161\u0101 sist\u0113ma \u013cauj piln\u012bb\u0101 polster\u0113tai gurnu jostai (ar antibakteri\u0101lu Polygiene\u00ae sietu) kust\u0113ties l\u012bdzi \u0137ermenim, nodro\u0161inot efekt\u012bv\u0101kas kust\u012bbas, veicot kilometru p\u0113c kilometra.","og_url":"https:\/\/gohike.lv\/ru\/produkts\/gregory-facet-45-rc-pargajienu-mugursoma-sieviesu\/","og_site_name":"GoHike","article_publisher":"https:\/\/www.facebook.com\/gohike.shop\/","article_modified_time":"2025-12-30T14:25:02+00:00","og_image":[{"width":600,"height":600,"url":"https:\/\/gohike.lv\/wp-content\/uploads\/2024\/10\/Pacet45grey_.webp","type":"image\/webp"}],"twitter_card":"summary_large_image","twitter_title":"P\u0101rg\u0101jienu mugursoma Gregory FACET 45 RC sievie\u0161u","twitter_misc":{"\u041f\u0440\u0438\u043c\u0435\u0440\u043d\u043e\u0435 \u0432\u0440\u0435\u043c\u044f \u0434\u043b\u044f \u0447\u0442\u0435\u043d\u0438\u044f":"2 \u043c\u0438\u043d\u0443\u0442\u0430"},"schema":{"@context":"https:\/\/schema.org","@graph":[{"@type":["WebPage","ItemPage"],"@id":"https:\/\/gohike.lv\/ru\/produkts\/gregory-facet-45-rc-pargajienu-mugursoma-sieviesu\/","url":"https:\/\/gohike.lv\/ru\/produkts\/gregory-facet-45-rc-pargajienu-mugursoma-sieviesu\/","name":"Gregory - FACET 45 RC p\u0101rg\u0101jienu mugursoma, sievie\u0161u","isPartOf":{"@id":"https:\/\/gohike.lv\/ru\/#website"},"primaryImageOfPage":{"@id":"https:\/\/gohike.lv\/ru\/produkts\/gregory-facet-45-rc-pargajienu-mugursoma-sieviesu\/#primaryimage"},"image":{"@id":"https:\/\/gohike.lv\/ru\/produkts\/gregory-facet-45-rc-pargajienu-mugursoma-sieviesu\/#primaryimage"},"thumbnailUrl":"https:\/\/gohike.lv\/wp-content\/uploads\/2024\/10\/Pacet45grey_.webp","datePublished":"2024-10-09T16:46:49+00:00","dateModified":"2025-12-30T14:25:02+00:00","description":"Facet 45 ir par \u012bpa\u0161i vieglu veiktsp\u0113ju ar dinamisku komfortu, ko nodro\u0161ina FreeFloat gurnu josta. Elast\u012bg\u0101, ta\u010du atbalsto\u0161\u0101 sist\u0113ma \u013cauj piln\u012bb\u0101 polster\u0113tai gurnu jostai (ar antibakteri\u0101lu Polygiene\u00ae sietu) kust\u0113ties l\u012bdzi \u0137ermenim, nodro\u0161inot efekt\u012bv\u0101kas kust\u012bbas, veicot kilometru p\u0113c kilometra.","breadcrumb":{"@id":"https:\/\/gohike.lv\/ru\/produkts\/gregory-facet-45-rc-pargajienu-mugursoma-sieviesu\/#breadcrumb"},"inLanguage":"ru-RU","potentialAction":[{"@type":"ReadAction","target":["https:\/\/gohike.lv\/ru\/produkts\/gregory-facet-45-rc-pargajienu-mugursoma-sieviesu\/"]}]},{"@type":"ImageObject","inLanguage":"ru-RU","@id":"https:\/\/gohike.lv\/ru\/produkts\/gregory-facet-45-rc-pargajienu-mugursoma-sieviesu\/#primaryimage","url":"https:\/\/gohike.lv\/wp-content\/uploads\/2024\/10\/Pacet45grey_.webp","contentUrl":"https:\/\/gohike.lv\/wp-content\/uploads\/2024\/10\/Pacet45grey_.webp","width":600,"height":600},{"@type":"BreadcrumbList","@id":"https:\/\/gohike.lv\/ru\/produkts\/gregory-facet-45-rc-pargajienu-mugursoma-sieviesu\/#breadcrumb","itemListElement":[{"@type":"ListItem","position":1,"name":"\u0413\u043b\u0430\u0432\u043d\u0430\u044f","item":"https:\/\/gohike.lv\/ru\/"},{"@type":"ListItem","position":2,"name":"\u041a\u0430\u0442\u0435\u0433\u043e\u0440\u0438\u0438 \u0442\u043e\u0432\u0430\u0440\u043e\u0432","item":"https:\/\/gohike.lv\/%d0%ba%d0%b0%d1%82%d0%b5%d0%b3%d0%be%d1%80%d0%b8%d0%b8-%d1%82%d0%be%d0%b2%d0%b0%d1%80%d0%be%d0%b2\/"},{"@type":"ListItem","position":3,"name":"Gregory &#8211; FACET 45 RC p\u0101rg\u0101jienu mugursoma, sievie\u0161u"}]},{"@type":"WebSite","@id":"https:\/\/gohike.lv\/ru\/#website","url":"https:\/\/gohike.lv\/ru\/","name":"GoHike","description":"","publisher":{"@id":"https:\/\/gohike.lv\/ru\/#organization"},"potentialAction":[{"@type":"SearchAction","target":{"@type":"EntryPoint","urlTemplate":"https:\/\/gohike.lv\/ru\/?s={search_term_string}"},"query-input":{"@type":"PropertyValueSpecification","valueRequired":true,"valueName":"search_term_string"}}],"inLanguage":"ru-RU"},{"@type":"Organization","@id":"https:\/\/gohike.lv\/ru\/#organization","name":"GoHike","url":"https:\/\/gohike.lv\/ru\/","logo":{"@type":"ImageObject","inLanguage":"ru-RU","@id":"https:\/\/gohike.lv\/ru\/#\/schema\/logo\/image\/","url":"https:\/\/gohike.lv\/wp-content\/uploads\/2023\/08\/Logo_GoHike.webp","contentUrl":"https:\/\/gohike.lv\/wp-content\/uploads\/2023\/08\/Logo_GoHike.webp","width":512,"height":512,"caption":"GoHike"},"image":{"@id":"https:\/\/gohike.lv\/ru\/#\/schema\/logo\/image\/"},"sameAs":["https:\/\/www.facebook.com\/gohike.shop\/","https:\/\/www.instagram.com\/gohike.shop\/"]}]}},"jetpack_sharing_enabled":true,"_links":{"self":[{"href":"https:\/\/gohike.lv\/ru\/wp-json\/wp\/v2\/product\/62948","targetHints":{"allow":["GET"]}}],"collection":[{"href":"https:\/\/gohike.lv\/ru\/wp-json\/wp\/v2\/product"}],"about":[{"href":"https:\/\/gohike.lv\/ru\/wp-json\/wp\/v2\/types\/product"}],"version-history":[{"count":0,"href":"https:\/\/gohike.lv\/ru\/wp-json\/wp\/v2\/product\/62948\/revisions"}],"wp:featuredmedia":[{"embeddable":true,"href":"https:\/\/gohike.lv\/ru\/wp-json\/wp\/v2\/media\/62951"}],"wp:attachment":[{"href":"https:\/\/gohike.lv\/ru\/wp-json\/wp\/v2\/media?parent=62948"}],"wp:term":[{"taxonomy":"product_brand","embeddable":true,"href":"https:\/\/gohike.lv\/ru\/wp-json\/wp\/v2\/product_brand?post=62948"},{"taxonomy":"product_cat","embeddable":true,"href":"https:\/\/gohike.lv\/ru\/wp-json\/wp\/v2\/product_cat?post=62948"},{"taxonomy":"product_tag","embeddable":true,"href":"https:\/\/gohike.lv\/ru\/wp-json\/wp\/v2\/product_tag?post=62948"}],"curies":[{"name":"wp","href":"https:\/\/api.w.org\/{rel}","templated":true}]}}