{"id":62942,"date":"2024-10-09T19:46:39","date_gmt":"2024-10-09T16:46:39","guid":{"rendered":"https:\/\/gohike.lv\/produkts\/gregory-pargajienu-mugursoma-gregory-maven-55-sieviesu\/"},"modified":"2025-12-30T17:25:02","modified_gmt":"2025-12-30T14:25:02","slug":"gregory-maven-55-pargajienu-mugursoma-sieviesu","status":"publish","type":"product","link":"https:\/\/gohike.lv\/ru\/produkts\/gregory-maven-55-pargajienu-mugursoma-sieviesu\/","title":{"rendered":"Gregory &#8212; Maven 55 p\u0101rg\u0101jienu mugursoma, sievie\u0161u"},"content":{"rendered":"<p>Galven\u0101s \u012bpa\u0161\u012bbas:<br \/>\n\u2022 FreeFloat elpojo\u0161as konstrukcijas r\u0101mis ar dinamiskiem elast\u012bgiem pane\u013ciem, kas kustas l\u012bdzi \u0137erme\u0146a dabiskaj\u0101m kust\u012bb\u0101m;<br \/>\n\u2022 Regul\u0113jams muguras garums ar 3D perfor\u0113tu putu elpojo\u0161u aizmugur\u0113jo paneli;<br \/>\n\u2022 Gurnu josta ar 3D konstrukciju, lai nodro\u0161in\u0101tu komfortu bez spiediena punktiem, vienm\u0113r\u012bgi piegu\u013cot \u0137ermenim;<br \/>\n\u2022 Pilna garuma s\u0101nu r\u0101v\u0113jsl\u0113dz\u0113ji \u013cauj \u0113rti piek\u013c\u016bt mugursomas saturam;<br \/>\n\u2022 Ventil\u0113jo\u0161as plecu lences;<br \/>\n\u2022 Lietus p\u0101rvalks iek\u013cauts speci\u0101l\u0101 kabat\u0101 ar r\u0101v\u0113jsl\u0113dz\u0113ju zem aug\u0161\u0113j\u0101 v\u0101ka;<br \/>\n\u2022 Saulesbri\u013c\u013cu QuickStow sist\u0113ma uz plecu lences, lai \u0101tri, dro\u0161i un bez skr\u0101p\u0113jumiem novietotu saulesbrilles;<br \/>\n\u2022 Iek\u0161\u0113j\u0101 kabata dzer\u0161anas sist\u0113mai ar SpeedClip pakaramo, kas ir sader\u012bgs ar Gregory&#8217;s 3D Hydro dzer\u0161anas sist\u0113mu (nav iek\u013cauta);<br \/>\n\u2022 Pagarin\u0101ma aug\u0161\u0113j\u0101 kabata ar lielu nodal\u012bjumu ar r\u0101v\u0113jsl\u0113dz\u0113ju un iek\u0161\u0113jo kabatu ar r\u0101v\u0113jsl\u0113dz\u0113ju, atstarojo\u0161iem stiprin\u0101juma punktiem un klipsi astl\u0113g\u0101m;<br \/>\n\u2022 Elast\u012bgas s\u0101nu sieta kabatas, viena ar piek\u013cuvi no s\u0101na, lai var\u0113tu \u0113rti piek\u013c\u016bt \u016bdens pudelei nenovelkot mugursomu;<br \/>\n\u2022 Liela priek\u0161\u0113j\u0101 kabata no elast\u012bga t\u012bkla;<br \/>\n\u2022 Gu\u013cammaisa apak\u0161\u0113jais nodal\u012bjums ar r\u0101v\u0113jsl\u0113dz\u0113ju ar no\u0146emamu sadal\u012bt\u0101ju;<br \/>\n\u2022 Regul\u0113jama stiprin\u0101juma cilpa un aug\u0161\u0113j\u0101 amortizatora fiksators trekinga n\u016bj\u0101m vai ledus cirtnim.<br \/>\nRaksturlielumi:<br \/>\n\u2022 Tilpums: 55 litri;<br \/>\n\u2022 Svars: 1.55 kg (XS\/S) | 1.57 kg (S\/M);<br \/>\n\u2022 Izm\u0113rs XS\/S 68H x 37W x 26D cm | S\/M 74H x 37W x 26D cm;<br \/>\n\u2022 Maksim\u0101lais ieteicamais ne\u0161anas svars: 23 kg;<br \/>\n\u2022 Galvenais audums: 100D High Density Nylon &amp; 210D High Density Nylon;<br \/>\n\u2022 Pamatnes audums 420D neilons ar C0 DWR;<br \/>\n\u2022 Gurnu josta\/plecu lences: Lifespan EVA putas \/ vair\u0101ku bl\u012bvumu putas;<br \/>\n\u2022 R\u0101mis: Support Alloy Steel Frame &amp; Fiberglass Anti-barreling Cross-stay &amp; Hdpe;<br \/>\n\u2022 Odere: 40% p\u0113c pat\u0113ri\u0146a p\u0101rstr\u0101d\u0101ts 135D poliesters ar C0 DWR: izstr\u0101d\u0101ts bez PFAS;<br \/>\n\u2022 Bluesign apstiprin\u0101tas spr\u0101dzes.<br \/>\n<iframe title=\"How To Pick Your Next Backpacking Pack | Gregory Mountain Products\" width=\"1200\" height=\"675\" src=\"https:\/\/www.youtube.com\/embed\/_HzuzQ-lq44?feature=oembed\" frameborder=\"0\" allow=\"accelerometer; autoplay; clipboard-write; encrypted-media; gyroscope; picture-in-picture; web-share\" referrerpolicy=\"strict-origin-when-cross-origin\" allowfullscreen><\/iframe><br \/>\n<iframe title=\"How to Fit Your Backpack | Gregory Mountain Products\" width=\"1200\" height=\"675\" src=\"https:\/\/www.youtube.com\/embed\/iCG6C_a5NIE?feature=oembed\" frameborder=\"0\" allow=\"accelerometer; autoplay; clipboard-write; encrypted-media; gyroscope; picture-in-picture; web-share\" referrerpolicy=\"strict-origin-when-cross-origin\" allowfullscreen><\/iframe><\/p>\n","protected":false},"excerpt":{"rendered":"<p>Gregoy Maven ir \u012bpa\u0161i sieviet\u0113m izstr\u0101d\u0101ta p\u0101rg\u0101jienu mugursoma, kur\u0101 padom\u0101ts par vis\u0101m deta\u013c\u0101m, kas nepiecie\u0161amas, dodoties vair\u0101ku dienu p\u0101rg\u0101jien\u0101. Ar 55 litru ietilp\u012bbu, \u0113rtu FreeFloat ne\u0161anas sist\u0113mu un regul\u0113jamu muguras izm\u0113ru, t\u0101 b\u016bs univers\u0101l\u0101 mugursoma jebkuram piedz\u012bvojumam.<\/p>\n","protected":false},"featured_media":62945,"template":"","meta":[],"product_brand":[9717],"product_cat":[1827],"product_tag":[],"class_list":{"0":"post-62942","1":"product","2":"type-product","3":"status-publish","4":"has-post-thumbnail","6":"product_brand-gregory","7":"product_cat-mugursomas","8":"pa_izmers-sm-md","9":"pa_izmerscm-14876","10":"pa_produkta-tips-pargajienu-mugursomas","11":"pa_spalva-sarkans","12":"pa_tilpums-55l","14":"first","15":"outofstock","16":"taxable","17":"shipping-taxable","18":"purchasable","19":"product-type-variable"},"raw_content":{"name":"Gregory - Maven 55 p\u0101rg\u0101jienu mugursoma, sievie\u0161u","description":"Galven\u0101s \u012bpa\u0161\u012bbas:\n\u2022 FreeFloat elpojo\u0161as konstrukcijas r\u0101mis ar dinamiskiem elast\u012bgiem pane\u013ciem, kas kustas l\u012bdzi \u0137erme\u0146a dabiskaj\u0101m kust\u012bb\u0101m;\n\u2022 Regul\u0113jams muguras garums ar 3D perfor\u0113tu putu elpojo\u0161u aizmugur\u0113jo paneli;\n\u2022 Gurnu josta ar 3D konstrukciju, lai nodro\u0161in\u0101tu komfortu bez spiediena punktiem, vienm\u0113r\u012bgi piegu\u013cot \u0137ermenim;\n\u2022 Pilna garuma s\u0101nu r\u0101v\u0113jsl\u0113dz\u0113ji \u013cauj \u0113rti piek\u013c\u016bt mugursomas saturam;\n\u2022 Ventil\u0113jo\u0161as plecu lences;\n\u2022 Lietus p\u0101rvalks iek\u013cauts speci\u0101l\u0101 kabat\u0101 ar r\u0101v\u0113jsl\u0113dz\u0113ju zem aug\u0161\u0113j\u0101 v\u0101ka;\n\u2022 Saulesbri\u013c\u013cu QuickStow sist\u0113ma uz plecu lences, lai \u0101tri, dro\u0161i un bez skr\u0101p\u0113jumiem novietotu saulesbrilles;\n\u2022 Iek\u0161\u0113j\u0101 kabata dzer\u0161anas sist\u0113mai ar SpeedClip pakaramo, kas ir sader\u012bgs ar Gregory's 3D Hydro dzer\u0161anas sist\u0113mu (nav iek\u013cauta);\n\u2022 Pagarin\u0101ma aug\u0161\u0113j\u0101 kabata ar lielu nodal\u012bjumu ar r\u0101v\u0113jsl\u0113dz\u0113ju un iek\u0161\u0113jo kabatu ar r\u0101v\u0113jsl\u0113dz\u0113ju, atstarojo\u0161iem stiprin\u0101juma punktiem un klipsi astl\u0113g\u0101m;\n\u2022 Elast\u012bgas s\u0101nu sieta kabatas, viena ar piek\u013cuvi no s\u0101na, lai var\u0113tu \u0113rti piek\u013c\u016bt \u016bdens pudelei nenovelkot mugursomu;\n\u2022 Liela priek\u0161\u0113j\u0101 kabata no elast\u012bga t\u012bkla;\n\u2022 Gu\u013cammaisa apak\u0161\u0113jais nodal\u012bjums ar r\u0101v\u0113jsl\u0113dz\u0113ju ar no\u0146emamu sadal\u012bt\u0101ju;\n\u2022 Regul\u0113jama stiprin\u0101juma cilpa un aug\u0161\u0113j\u0101 amortizatora fiksators trekinga n\u016bj\u0101m vai ledus cirtnim.\nRaksturlielumi:\n\u2022 Tilpums: 55 litri;\n\u2022 Svars: 1.55 kg (XS\/S) | 1.57 kg (S\/M);\n\u2022 Izm\u0113rs XS\/S 68H x 37W x 26D cm | S\/M 74H x 37W x 26D cm;\n\u2022 Maksim\u0101lais ieteicamais ne\u0161anas svars: 23 kg;\n\u2022 Galvenais audums: 100D High Density Nylon &amp; 210D High Density Nylon;\n\u2022 Pamatnes audums 420D neilons ar C0 DWR;\n\u2022 Gurnu josta\/plecu lences: Lifespan EVA putas \/ vair\u0101ku bl\u012bvumu putas;\n\u2022 R\u0101mis: Support Alloy Steel Frame &amp; Fiberglass Anti-barreling Cross-stay &amp; Hdpe;\n\u2022 Odere: 40% p\u0113c pat\u0113ri\u0146a p\u0101rstr\u0101d\u0101ts 135D poliesters ar C0 DWR: izstr\u0101d\u0101ts bez PFAS;\n\u2022 Bluesign apstiprin\u0101tas spr\u0101dzes.\nhttps:\/\/www.youtube.com\/watch?v=_HzuzQ-lq44\nhttps:\/\/www.youtube.com\/watch?v=iCG6C_a5NIE","short_description":"Gregoy Maven ir \u012bpa\u0161i sieviet\u0113m izstr\u0101d\u0101ta p\u0101rg\u0101jienu mugursoma, kur\u0101 padom\u0101ts par vis\u0101m deta\u013c\u0101m, kas nepiecie\u0161amas, dodoties vair\u0101ku dienu p\u0101rg\u0101jien\u0101. Ar 55 litru ietilp\u012bbu, \u0113rtu FreeFloat ne\u0161anas sist\u0113mu un regul\u0113jamu muguras izm\u0113ru, t\u0101 b\u016bs univers\u0101l\u0101 mugursoma jebkuram piedz\u012bvojumam.","status":"publish","sku":"greg0016","original":62942},"wpml":{"translation_type":1,"has_translations":true,"original":62942,"duplicates":[],"translations":{"lv":62942,"en":67048,"ru":null}},"supplier_id":null,"supplier_sku":"","barcode":null,"atum_controlled":true,"out_stock_date":null,"out_stock_threshold":null,"inheritable":true,"inbound_stock":0,"stock_on_hold":0,"sold_today":0,"sales_last_days":0,"reserved_stock":0,"customer_returns":0,"warehouse_damage":0,"lost_in_post":0,"other_logs":0,"out_stock_days":0,"lost_sales":0,"has_location":false,"update_date":"2025-12-30T14:30:31","atum_locations":[],"atum_stock_status":"outofstock","restock_status":false,"low_stock_amount":"","sales_update_date":"2025-11-13T14:07:26","calc_backorders":null,"yoast_head":"<!-- This site is optimized with the Yoast SEO plugin v27.3 - https:\/\/yoast.com\/product\/yoast-seo-wordpress\/ -->\n<title>Gregory - Maven 55 p\u0101rg\u0101jienu mugursoma, sievie\u0161u<\/title>\n<meta name=\"description\" content=\"Gregoy Maven ir \u012bpa\u0161i sieviet\u0113m izstr\u0101d\u0101ta p\u0101rg\u0101jienu mugursoma, kur\u0101 padom\u0101ts par vis\u0101m deta\u013c\u0101m, kas nepiecie\u0161amas, dodoties vair\u0101ku dienu p\u0101rg\u0101jien\u0101.\" \/>\n<meta name=\"robots\" content=\"index, follow, max-snippet:-1, max-image-preview:large, max-video-preview:-1\" \/>\n<link rel=\"canonical\" href=\"https:\/\/gohike.lv\/ru\/produkts\/gregory-maven-55-pargajienu-mugursoma-sieviesu\/\" \/>\n<meta property=\"og:locale\" content=\"ru_RU\" \/>\n<meta property=\"og:type\" content=\"article\" \/>\n<meta property=\"og:title\" content=\"P\u0101rg\u0101jienu mugursoma Gregory Maven 55 sievie\u0161u\" \/>\n<meta property=\"og:description\" content=\"Gregoy Maven ir \u012bpa\u0161i sieviet\u0113m izstr\u0101d\u0101ta p\u0101rg\u0101jienu mugursoma, kur\u0101 padom\u0101ts par vis\u0101m deta\u013c\u0101m, kas nepiecie\u0161amas, dodoties vair\u0101ku dienu p\u0101rg\u0101jien\u0101.\" \/>\n<meta property=\"og:url\" content=\"https:\/\/gohike.lv\/ru\/produkts\/gregory-maven-55-pargajienu-mugursoma-sieviesu\/\" \/>\n<meta property=\"og:site_name\" content=\"GoHike\" \/>\n<meta property=\"article:publisher\" content=\"https:\/\/www.facebook.com\/gohike.shop\/\" \/>\n<meta property=\"article:modified_time\" content=\"2025-12-30T14:25:02+00:00\" \/>\n<meta property=\"og:image\" content=\"https:\/\/gohike.lv\/wp-content\/uploads\/2024\/10\/Maven55red.webp\" \/>\n\t<meta property=\"og:image:width\" content=\"600\" \/>\n\t<meta property=\"og:image:height\" content=\"600\" \/>\n\t<meta property=\"og:image:type\" content=\"image\/webp\" \/>\n<meta name=\"twitter:card\" content=\"summary_large_image\" \/>\n<meta name=\"twitter:title\" content=\"P\u0101rg\u0101jienu mugursoma Gregory Maven 55 sievie\u0161u\" \/>\n<meta name=\"twitter:label1\" content=\"\u041f\u0440\u0438\u043c\u0435\u0440\u043d\u043e\u0435 \u0432\u0440\u0435\u043c\u044f \u0434\u043b\u044f \u0447\u0442\u0435\u043d\u0438\u044f\" \/>\n\t<meta name=\"twitter:data1\" content=\"2 \u043c\u0438\u043d\u0443\u0442\u0430\" \/>\n<script type=\"application\/ld+json\" class=\"yoast-schema-graph\">{\"@context\":\"https:\\\/\\\/schema.org\",\"@graph\":[{\"@type\":[\"WebPage\",\"ItemPage\"],\"@id\":\"https:\\\/\\\/gohike.lv\\\/ru\\\/produkts\\\/gregory-maven-55-pargajienu-mugursoma-sieviesu\\\/\",\"url\":\"https:\\\/\\\/gohike.lv\\\/ru\\\/produkts\\\/gregory-maven-55-pargajienu-mugursoma-sieviesu\\\/\",\"name\":\"Gregory - Maven 55 p\u0101rg\u0101jienu mugursoma, sievie\u0161u\",\"isPartOf\":{\"@id\":\"https:\\\/\\\/gohike.lv\\\/ru\\\/#website\"},\"primaryImageOfPage\":{\"@id\":\"https:\\\/\\\/gohike.lv\\\/ru\\\/produkts\\\/gregory-maven-55-pargajienu-mugursoma-sieviesu\\\/#primaryimage\"},\"image\":{\"@id\":\"https:\\\/\\\/gohike.lv\\\/ru\\\/produkts\\\/gregory-maven-55-pargajienu-mugursoma-sieviesu\\\/#primaryimage\"},\"thumbnailUrl\":\"https:\\\/\\\/gohike.lv\\\/wp-content\\\/uploads\\\/2024\\\/10\\\/Maven55red.webp\",\"datePublished\":\"2024-10-09T16:46:39+00:00\",\"dateModified\":\"2025-12-30T14:25:02+00:00\",\"description\":\"Gregoy Maven ir \u012bpa\u0161i sieviet\u0113m izstr\u0101d\u0101ta p\u0101rg\u0101jienu mugursoma, kur\u0101 padom\u0101ts par vis\u0101m deta\u013c\u0101m, kas nepiecie\u0161amas, dodoties vair\u0101ku dienu p\u0101rg\u0101jien\u0101.\",\"breadcrumb\":{\"@id\":\"https:\\\/\\\/gohike.lv\\\/ru\\\/produkts\\\/gregory-maven-55-pargajienu-mugursoma-sieviesu\\\/#breadcrumb\"},\"inLanguage\":\"ru-RU\",\"potentialAction\":[{\"@type\":\"ReadAction\",\"target\":[\"https:\\\/\\\/gohike.lv\\\/ru\\\/produkts\\\/gregory-maven-55-pargajienu-mugursoma-sieviesu\\\/\"]}]},{\"@type\":\"ImageObject\",\"inLanguage\":\"ru-RU\",\"@id\":\"https:\\\/\\\/gohike.lv\\\/ru\\\/produkts\\\/gregory-maven-55-pargajienu-mugursoma-sieviesu\\\/#primaryimage\",\"url\":\"https:\\\/\\\/gohike.lv\\\/wp-content\\\/uploads\\\/2024\\\/10\\\/Maven55red.webp\",\"contentUrl\":\"https:\\\/\\\/gohike.lv\\\/wp-content\\\/uploads\\\/2024\\\/10\\\/Maven55red.webp\",\"width\":600,\"height\":600},{\"@type\":\"BreadcrumbList\",\"@id\":\"https:\\\/\\\/gohike.lv\\\/ru\\\/produkts\\\/gregory-maven-55-pargajienu-mugursoma-sieviesu\\\/#breadcrumb\",\"itemListElement\":[{\"@type\":\"ListItem\",\"position\":1,\"name\":\"\u0413\u043b\u0430\u0432\u043d\u0430\u044f\",\"item\":\"https:\\\/\\\/gohike.lv\\\/ru\\\/\"},{\"@type\":\"ListItem\",\"position\":2,\"name\":\"\u041a\u0430\u0442\u0435\u0433\u043e\u0440\u0438\u0438 \u0442\u043e\u0432\u0430\u0440\u043e\u0432\",\"item\":\"https:\\\/\\\/gohike.lv\\\/%d0%ba%d0%b0%d1%82%d0%b5%d0%b3%d0%be%d1%80%d0%b8%d0%b8-%d1%82%d0%be%d0%b2%d0%b0%d1%80%d0%be%d0%b2\\\/\"},{\"@type\":\"ListItem\",\"position\":3,\"name\":\"Gregory &#8211; Maven 55 p\u0101rg\u0101jienu mugursoma, sievie\u0161u\"}]},{\"@type\":\"WebSite\",\"@id\":\"https:\\\/\\\/gohike.lv\\\/ru\\\/#website\",\"url\":\"https:\\\/\\\/gohike.lv\\\/ru\\\/\",\"name\":\"GoHike\",\"description\":\"\",\"publisher\":{\"@id\":\"https:\\\/\\\/gohike.lv\\\/ru\\\/#organization\"},\"potentialAction\":[{\"@type\":\"SearchAction\",\"target\":{\"@type\":\"EntryPoint\",\"urlTemplate\":\"https:\\\/\\\/gohike.lv\\\/ru\\\/?s={search_term_string}\"},\"query-input\":{\"@type\":\"PropertyValueSpecification\",\"valueRequired\":true,\"valueName\":\"search_term_string\"}}],\"inLanguage\":\"ru-RU\"},{\"@type\":\"Organization\",\"@id\":\"https:\\\/\\\/gohike.lv\\\/ru\\\/#organization\",\"name\":\"GoHike\",\"url\":\"https:\\\/\\\/gohike.lv\\\/ru\\\/\",\"logo\":{\"@type\":\"ImageObject\",\"inLanguage\":\"ru-RU\",\"@id\":\"https:\\\/\\\/gohike.lv\\\/ru\\\/#\\\/schema\\\/logo\\\/image\\\/\",\"url\":\"https:\\\/\\\/gohike.lv\\\/wp-content\\\/uploads\\\/2023\\\/08\\\/Logo_GoHike.webp\",\"contentUrl\":\"https:\\\/\\\/gohike.lv\\\/wp-content\\\/uploads\\\/2023\\\/08\\\/Logo_GoHike.webp\",\"width\":512,\"height\":512,\"caption\":\"GoHike\"},\"image\":{\"@id\":\"https:\\\/\\\/gohike.lv\\\/ru\\\/#\\\/schema\\\/logo\\\/image\\\/\"},\"sameAs\":[\"https:\\\/\\\/www.facebook.com\\\/gohike.shop\\\/\",\"https:\\\/\\\/www.instagram.com\\\/gohike.shop\\\/\"]}]}<\/script>\n<!-- \/ Yoast SEO plugin. -->","yoast_head_json":{"title":"Gregory - Maven 55 p\u0101rg\u0101jienu mugursoma, sievie\u0161u","description":"Gregoy Maven ir \u012bpa\u0161i sieviet\u0113m izstr\u0101d\u0101ta p\u0101rg\u0101jienu mugursoma, kur\u0101 padom\u0101ts par vis\u0101m deta\u013c\u0101m, kas nepiecie\u0161amas, dodoties vair\u0101ku dienu p\u0101rg\u0101jien\u0101.","robots":{"index":"index","follow":"follow","max-snippet":"max-snippet:-1","max-image-preview":"max-image-preview:large","max-video-preview":"max-video-preview:-1"},"canonical":"https:\/\/gohike.lv\/ru\/produkts\/gregory-maven-55-pargajienu-mugursoma-sieviesu\/","og_locale":"ru_RU","og_type":"article","og_title":"P\u0101rg\u0101jienu mugursoma Gregory Maven 55 sievie\u0161u","og_description":"Gregoy Maven ir \u012bpa\u0161i sieviet\u0113m izstr\u0101d\u0101ta p\u0101rg\u0101jienu mugursoma, kur\u0101 padom\u0101ts par vis\u0101m deta\u013c\u0101m, kas nepiecie\u0161amas, dodoties vair\u0101ku dienu p\u0101rg\u0101jien\u0101.","og_url":"https:\/\/gohike.lv\/ru\/produkts\/gregory-maven-55-pargajienu-mugursoma-sieviesu\/","og_site_name":"GoHike","article_publisher":"https:\/\/www.facebook.com\/gohike.shop\/","article_modified_time":"2025-12-30T14:25:02+00:00","og_image":[{"width":600,"height":600,"url":"https:\/\/gohike.lv\/wp-content\/uploads\/2024\/10\/Maven55red.webp","type":"image\/webp"}],"twitter_card":"summary_large_image","twitter_title":"P\u0101rg\u0101jienu mugursoma Gregory Maven 55 sievie\u0161u","twitter_misc":{"\u041f\u0440\u0438\u043c\u0435\u0440\u043d\u043e\u0435 \u0432\u0440\u0435\u043c\u044f \u0434\u043b\u044f \u0447\u0442\u0435\u043d\u0438\u044f":"2 \u043c\u0438\u043d\u0443\u0442\u0430"},"schema":{"@context":"https:\/\/schema.org","@graph":[{"@type":["WebPage","ItemPage"],"@id":"https:\/\/gohike.lv\/ru\/produkts\/gregory-maven-55-pargajienu-mugursoma-sieviesu\/","url":"https:\/\/gohike.lv\/ru\/produkts\/gregory-maven-55-pargajienu-mugursoma-sieviesu\/","name":"Gregory - Maven 55 p\u0101rg\u0101jienu mugursoma, sievie\u0161u","isPartOf":{"@id":"https:\/\/gohike.lv\/ru\/#website"},"primaryImageOfPage":{"@id":"https:\/\/gohike.lv\/ru\/produkts\/gregory-maven-55-pargajienu-mugursoma-sieviesu\/#primaryimage"},"image":{"@id":"https:\/\/gohike.lv\/ru\/produkts\/gregory-maven-55-pargajienu-mugursoma-sieviesu\/#primaryimage"},"thumbnailUrl":"https:\/\/gohike.lv\/wp-content\/uploads\/2024\/10\/Maven55red.webp","datePublished":"2024-10-09T16:46:39+00:00","dateModified":"2025-12-30T14:25:02+00:00","description":"Gregoy Maven ir \u012bpa\u0161i sieviet\u0113m izstr\u0101d\u0101ta p\u0101rg\u0101jienu mugursoma, kur\u0101 padom\u0101ts par vis\u0101m deta\u013c\u0101m, kas nepiecie\u0161amas, dodoties vair\u0101ku dienu p\u0101rg\u0101jien\u0101.","breadcrumb":{"@id":"https:\/\/gohike.lv\/ru\/produkts\/gregory-maven-55-pargajienu-mugursoma-sieviesu\/#breadcrumb"},"inLanguage":"ru-RU","potentialAction":[{"@type":"ReadAction","target":["https:\/\/gohike.lv\/ru\/produkts\/gregory-maven-55-pargajienu-mugursoma-sieviesu\/"]}]},{"@type":"ImageObject","inLanguage":"ru-RU","@id":"https:\/\/gohike.lv\/ru\/produkts\/gregory-maven-55-pargajienu-mugursoma-sieviesu\/#primaryimage","url":"https:\/\/gohike.lv\/wp-content\/uploads\/2024\/10\/Maven55red.webp","contentUrl":"https:\/\/gohike.lv\/wp-content\/uploads\/2024\/10\/Maven55red.webp","width":600,"height":600},{"@type":"BreadcrumbList","@id":"https:\/\/gohike.lv\/ru\/produkts\/gregory-maven-55-pargajienu-mugursoma-sieviesu\/#breadcrumb","itemListElement":[{"@type":"ListItem","position":1,"name":"\u0413\u043b\u0430\u0432\u043d\u0430\u044f","item":"https:\/\/gohike.lv\/ru\/"},{"@type":"ListItem","position":2,"name":"\u041a\u0430\u0442\u0435\u0433\u043e\u0440\u0438\u0438 \u0442\u043e\u0432\u0430\u0440\u043e\u0432","item":"https:\/\/gohike.lv\/%d0%ba%d0%b0%d1%82%d0%b5%d0%b3%d0%be%d1%80%d0%b8%d0%b8-%d1%82%d0%be%d0%b2%d0%b0%d1%80%d0%be%d0%b2\/"},{"@type":"ListItem","position":3,"name":"Gregory &#8211; Maven 55 p\u0101rg\u0101jienu mugursoma, sievie\u0161u"}]},{"@type":"WebSite","@id":"https:\/\/gohike.lv\/ru\/#website","url":"https:\/\/gohike.lv\/ru\/","name":"GoHike","description":"","publisher":{"@id":"https:\/\/gohike.lv\/ru\/#organization"},"potentialAction":[{"@type":"SearchAction","target":{"@type":"EntryPoint","urlTemplate":"https:\/\/gohike.lv\/ru\/?s={search_term_string}"},"query-input":{"@type":"PropertyValueSpecification","valueRequired":true,"valueName":"search_term_string"}}],"inLanguage":"ru-RU"},{"@type":"Organization","@id":"https:\/\/gohike.lv\/ru\/#organization","name":"GoHike","url":"https:\/\/gohike.lv\/ru\/","logo":{"@type":"ImageObject","inLanguage":"ru-RU","@id":"https:\/\/gohike.lv\/ru\/#\/schema\/logo\/image\/","url":"https:\/\/gohike.lv\/wp-content\/uploads\/2023\/08\/Logo_GoHike.webp","contentUrl":"https:\/\/gohike.lv\/wp-content\/uploads\/2023\/08\/Logo_GoHike.webp","width":512,"height":512,"caption":"GoHike"},"image":{"@id":"https:\/\/gohike.lv\/ru\/#\/schema\/logo\/image\/"},"sameAs":["https:\/\/www.facebook.com\/gohike.shop\/","https:\/\/www.instagram.com\/gohike.shop\/"]}]}},"jetpack_sharing_enabled":true,"_links":{"self":[{"href":"https:\/\/gohike.lv\/ru\/wp-json\/wp\/v2\/product\/62942","targetHints":{"allow":["GET"]}}],"collection":[{"href":"https:\/\/gohike.lv\/ru\/wp-json\/wp\/v2\/product"}],"about":[{"href":"https:\/\/gohike.lv\/ru\/wp-json\/wp\/v2\/types\/product"}],"version-history":[{"count":0,"href":"https:\/\/gohike.lv\/ru\/wp-json\/wp\/v2\/product\/62942\/revisions"}],"wp:featuredmedia":[{"embeddable":true,"href":"https:\/\/gohike.lv\/ru\/wp-json\/wp\/v2\/media\/62945"}],"wp:attachment":[{"href":"https:\/\/gohike.lv\/ru\/wp-json\/wp\/v2\/media?parent=62942"}],"wp:term":[{"taxonomy":"product_brand","embeddable":true,"href":"https:\/\/gohike.lv\/ru\/wp-json\/wp\/v2\/product_brand?post=62942"},{"taxonomy":"product_cat","embeddable":true,"href":"https:\/\/gohike.lv\/ru\/wp-json\/wp\/v2\/product_cat?post=62942"},{"taxonomy":"product_tag","embeddable":true,"href":"https:\/\/gohike.lv\/ru\/wp-json\/wp\/v2\/product_tag?post=62942"}],"curies":[{"name":"wp","href":"https:\/\/api.w.org\/{rel}","templated":true}]}}