{"id":62844,"date":"2024-10-09T17:54:06","date_gmt":"2024-10-09T14:54:06","guid":{"rendered":"https:\/\/gohike.lv\/produkts\/gregory-pargajienu-mugursoma-gregory-jade-33-rc-sieviesu\/"},"modified":"2025-12-30T17:25:02","modified_gmt":"2025-12-30T14:25:02","slug":"gregory-jade-33-rc-pargajienu-mugursoma-sieviesu","status":"publish","type":"product","link":"https:\/\/gohike.lv\/ru\/produkts\/gregory-jade-33-rc-pargajienu-mugursoma-sieviesu\/","title":{"rendered":"Gregory &#8212; Jade 33 RC p\u0101rg\u0101jienu mugursoma, sievie\u0161u"},"content":{"rendered":"<p>\u012apa\u0161\u012bbas:<br \/>\n\u2022 VaporSpan ventil\u0113jams aizmugures panelis ar specializ\u0113tiem sieta pane\u013ciem, lai nodro\u0161in\u0101tu anatomisku atbalstu;<br \/>\n\u2022 \u0160\u016bpu\u013ca dizaina gurnu josta ar bez\u0161uvju dizainu komfortam, kas vienm\u0113r\u012bgi sadala slodzi un nov\u0113r\u0161 spiediena punktus;<br \/>\n\u2022 Pietiekami lielas gurnu jostas kabatas ar r\u0101v\u0113jsl\u0113dz\u0113ju, lai ietilptu liel\u0101k\u0101 da\u013ca viedt\u0101lru\u0146u;<br \/>\n\u2022 Polster\u0113tas plecu siksnas ar gludu, elpojo\u0161u virsmu, kas nodro\u0161ina \u0101das komfortu;<br \/>\n\u2022 Iek\u0161\u0113j\u0101 dzer\u0161anas sist\u0113mas kabata ar Speedclip stiprin\u0101juma sist\u0113mu, kas ir sader\u012bga ar Gregory Hydro, k\u0101 ar\u012b citu ra\u017eot\u0101ju rezervu\u0101riem (rezervu\u0101rs nav iek\u013cauts);<br \/>\n\u2022 Priek\u0161pus\u0113 \u0101tri pieejama kabata ar r\u0101v\u0113jsl\u0113dz\u0113ju;<br \/>\n\u2022 Elast\u012bga t\u012bkla auduma s\u0101nu kabatas, kas ir pietiekami lielas, lai ievietotu liela izm\u0113ra \u016bdens pudeles;<br \/>\n\u2022 P\u0101rg\u0101jienu n\u016bju sist\u0113ma ar regul\u0113jamu gumijas stiprin\u0101jumu un apak\u0161\u0113j\u0101m cilp\u0101m;<br \/>\n\u2022 Izstr\u0101d\u0101ts, izmantojot Gregory dz\u012bves cikla anal\u012bzes r\u012bku, k\u0101 rezult\u0101t\u0101 par 25% tiek samazin\u0101ta oglek\u013ca ietekme, izmantojot jauktu, p\u0101rstr\u0101d\u0101tu poliestera audumu;<br \/>\n\u2022 Komplekt\u0101 lietus p\u0101rvalks, kas glab\u0101jas kabat\u0101 ar r\u0101v\u0113jsl\u0113dz\u0113ju.<br \/>\nTehniskie dati:<br \/>\n\u2022 Tilpums: 33 litri;<br \/>\n\u2022 Muguras izm\u0113rs XS\/SM 35 &#8212; 43 cm | SM\/MD 40-51 cm;<br \/>\n\u2022 Izm\u0113rs: XS\/SM 61H x 32W x 27D cm;<br \/>\n\u2022 Svars: 1.46 kg (XS\/SM);<br \/>\n\u2022 Maksim\u0101l\u0101 slodze: 18 kg;<br \/>\n\u2022 Galvenais audums: 40% p\u0101rstr\u0101d\u0101ta 400D poliestera Ripstop ar C0 DWR: izstr\u0101d\u0101ts bez PFAS;<br \/>\n\u2022 Pamatnes audums: 420D neilons ar C0 DWR: izstr\u0101d\u0101ts bez PFAS;<br \/>\n\u2022 Gurnu josta\/plecu lences: Lifespan EVA putas \/ vair\u0101ku bl\u012bvumu putas;<br \/>\n\u2022 R\u0101mis: t\u0113rauda sakaus\u0113jums;<br \/>\n\u2022 Odere: 40% p\u0113c pat\u0113ri\u0146a p\u0101rstr\u0101d\u0101ts 135D poliesters ar C0 DWR: izstr\u0101d\u0101ts bez PFAS;<br \/>\n\u2022 Bluesign apstiprin\u0101tas spr\u0101dzes;<br \/>\n\u2022 Lietus p\u0101rvalks komplekt\u0101.<br \/>\n<iframe title=\"How To Pick Your Next Backpacking Pack | Gregory Mountain Products\" width=\"1200\" height=\"675\" src=\"https:\/\/www.youtube.com\/embed\/_HzuzQ-lq44?feature=oembed\" frameborder=\"0\" allow=\"accelerometer; autoplay; clipboard-write; encrypted-media; gyroscope; picture-in-picture; web-share\" referrerpolicy=\"strict-origin-when-cross-origin\" allowfullscreen><\/iframe><br \/>\n<iframe title=\"How to Fit Your Backpack | Gregory Mountain Products\" width=\"1200\" height=\"675\" src=\"https:\/\/www.youtube.com\/embed\/iCG6C_a5NIE?feature=oembed\" frameborder=\"0\" allow=\"accelerometer; autoplay; clipboard-write; encrypted-media; gyroscope; picture-in-picture; web-share\" referrerpolicy=\"strict-origin-when-cross-origin\" allowfullscreen><\/iframe><\/p>\n","protected":false},"excerpt":{"rendered":"<p>Jade ir sievie\u0161u augumam izstr\u0101d\u0101ta mugursoma ar regul\u0113jamu muguras garumu un bag\u0101t\u012bgi polster\u0113tu gurnu jostu. Anatomiski piegulo\u0161s, ventil\u0113jo\u0161s muguras panelis. Liela U veida atv\u0113r\u0161ana ar r\u0101v\u0113jsl\u0113dz\u0113ju priek\u0161pus\u0113 \u013cauj \u0113rti p\u0101rskat\u012bt mugursomas saturu.<\/p>\n","protected":false},"featured_media":62847,"template":"","meta":[],"product_brand":[9717],"product_cat":[1827],"product_tag":[],"class_list":{"0":"post-62844","1":"product","2":"type-product","3":"status-publish","4":"has-post-thumbnail","6":"product_brand-gregory","7":"product_cat-mugursomas","8":"pa_izmers-s-m","9":"pa_izmerscm-14952","10":"pa_produkta-tips-pargajienu-mugursomas","11":"pa_spalva-peleks","12":"pa_spalva-sarkans","13":"pa_tilpums-33l","15":"first","16":"instock","17":"taxable","18":"shipping-taxable","19":"purchasable","20":"product-type-variable"},"raw_content":{"name":"Gregory - Jade 33 RC p\u0101rg\u0101jienu mugursoma, sievie\u0161u","description":"\u012apa\u0161\u012bbas:\n\u2022 VaporSpan ventil\u0113jams aizmugures panelis ar specializ\u0113tiem sieta pane\u013ciem, lai nodro\u0161in\u0101tu anatomisku atbalstu;\n\u2022 \u0160\u016bpu\u013ca dizaina gurnu josta ar bez\u0161uvju dizainu komfortam, kas vienm\u0113r\u012bgi sadala slodzi un nov\u0113r\u0161 spiediena punktus;\n\u2022 Pietiekami lielas gurnu jostas kabatas ar r\u0101v\u0113jsl\u0113dz\u0113ju, lai ietilptu liel\u0101k\u0101 da\u013ca viedt\u0101lru\u0146u;\n\u2022 Polster\u0113tas plecu siksnas ar gludu, elpojo\u0161u virsmu, kas nodro\u0161ina \u0101das komfortu;\n\u2022 Iek\u0161\u0113j\u0101 dzer\u0161anas sist\u0113mas kabata ar Speedclip stiprin\u0101juma sist\u0113mu, kas ir sader\u012bga ar Gregory Hydro, k\u0101 ar\u012b citu ra\u017eot\u0101ju rezervu\u0101riem (rezervu\u0101rs nav iek\u013cauts);\n\u2022 Priek\u0161pus\u0113 \u0101tri pieejama kabata ar r\u0101v\u0113jsl\u0113dz\u0113ju;\n\u2022 Elast\u012bga t\u012bkla auduma s\u0101nu kabatas, kas ir pietiekami lielas, lai ievietotu liela izm\u0113ra \u016bdens pudeles;\n\u2022 P\u0101rg\u0101jienu n\u016bju sist\u0113ma ar regul\u0113jamu gumijas stiprin\u0101jumu un apak\u0161\u0113j\u0101m cilp\u0101m;\n\u2022 Izstr\u0101d\u0101ts, izmantojot Gregory dz\u012bves cikla anal\u012bzes r\u012bku, k\u0101 rezult\u0101t\u0101 par 25% tiek samazin\u0101ta oglek\u013ca ietekme, izmantojot jauktu, p\u0101rstr\u0101d\u0101tu poliestera audumu;\n\u2022 Komplekt\u0101 lietus p\u0101rvalks, kas glab\u0101jas kabat\u0101 ar r\u0101v\u0113jsl\u0113dz\u0113ju.\nTehniskie dati:\n\u2022 Tilpums: 33 litri;\n\u2022 Muguras izm\u0113rs XS\/SM 35 - 43 cm | SM\/MD 40-51 cm;\n\u2022 Izm\u0113rs: XS\/SM 61H x 32W x 27D cm;\n\u2022 Svars: 1.46 kg (XS\/SM);\n\u2022 Maksim\u0101l\u0101 slodze: 18 kg;\n\u2022 Galvenais audums: 40% p\u0101rstr\u0101d\u0101ta 400D poliestera Ripstop ar C0 DWR: izstr\u0101d\u0101ts bez PFAS;\n\u2022 Pamatnes audums: 420D neilons ar C0 DWR: izstr\u0101d\u0101ts bez PFAS;\n\u2022 Gurnu josta\/plecu lences: Lifespan EVA putas \/ vair\u0101ku bl\u012bvumu putas;\n\u2022 R\u0101mis: t\u0113rauda sakaus\u0113jums;\n\u2022 Odere: 40% p\u0113c pat\u0113ri\u0146a p\u0101rstr\u0101d\u0101ts 135D poliesters ar C0 DWR: izstr\u0101d\u0101ts bez PFAS;\n\u2022 Bluesign apstiprin\u0101tas spr\u0101dzes;\n\u2022 Lietus p\u0101rvalks komplekt\u0101.\nhttps:\/\/www.youtube.com\/watch?v=_HzuzQ-lq44\nhttps:\/\/www.youtube.com\/watch?v=iCG6C_a5NIE","short_description":"Jade ir sievie\u0161u augumam izstr\u0101d\u0101ta mugursoma ar regul\u0113jamu muguras garumu un bag\u0101t\u012bgi polster\u0113tu gurnu jostu. Anatomiski piegulo\u0161s, ventil\u0113jo\u0161s muguras panelis. Liela U veida atv\u0113r\u0161ana ar r\u0101v\u0113jsl\u0113dz\u0113ju priek\u0161pus\u0113 \u013cauj \u0113rti p\u0101rskat\u012bt mugursomas saturu.","status":"publish","sku":"greg0012","original":62844},"wpml":{"translation_type":1,"has_translations":true,"original":62844,"duplicates":[],"translations":{"lv":62844,"en":67028,"ru":null}},"supplier_id":null,"supplier_sku":"","barcode":null,"atum_controlled":true,"out_stock_date":null,"out_stock_threshold":null,"inheritable":false,"inbound_stock":0,"stock_on_hold":0,"sold_today":0,"sales_last_days":0,"reserved_stock":0,"customer_returns":0,"warehouse_damage":0,"lost_in_post":0,"other_logs":0,"out_stock_days":0,"lost_sales":0,"has_location":false,"update_date":"2025-12-30T14:30:31","atum_locations":[],"atum_stock_status":"instock","restock_status":false,"low_stock_amount":"","sales_update_date":"2025-11-13T14:07:26","calc_backorders":null,"yoast_head":"<!-- This site is optimized with the Yoast SEO plugin v27.3 - https:\/\/yoast.com\/product\/yoast-seo-wordpress\/ -->\n<title>Gregory - Jade 33 RC p\u0101rg\u0101jienu mugursoma, sievie\u0161u<\/title>\n<meta name=\"description\" content=\"Jade ir sievie\u0161u augumam izstr\u0101d\u0101ta mugursoma ar regul\u0113jamu muguras garumu un bag\u0101t\u012bgi polster\u0113tu gurnu jostu. Anatomiski piegulo\u0161s, ventil\u0113jo\u0161s muguras panelis. Liela U veida atv\u0113r\u0161ana ar r\u0101v\u0113jsl\u0113dz\u0113ju priek\u0161pus\u0113 \u013cauj \u0113rti p\u0101rskat\u012bt mugursomas saturu.\" \/>\n<meta name=\"robots\" content=\"index, follow, max-snippet:-1, max-image-preview:large, max-video-preview:-1\" \/>\n<link rel=\"canonical\" href=\"https:\/\/gohike.lv\/ru\/produkts\/gregory-jade-33-rc-pargajienu-mugursoma-sieviesu\/\" \/>\n<meta property=\"og:locale\" content=\"ru_RU\" \/>\n<meta property=\"og:type\" content=\"article\" \/>\n<meta property=\"og:title\" content=\"P\u0101rg\u0101jienu mugursoma Gregory Jade 33 RC sievie\u0161u\" \/>\n<meta property=\"og:description\" content=\"Jade ir sievie\u0161u augumam izstr\u0101d\u0101ta mugursoma ar regul\u0113jamu muguras garumu un bag\u0101t\u012bgi polster\u0113tu gurnu jostu. Anatomiski piegulo\u0161s, ventil\u0113jo\u0161s muguras panelis. Liela U veida atv\u0113r\u0161ana ar r\u0101v\u0113jsl\u0113dz\u0113ju priek\u0161pus\u0113 \u013cauj \u0113rti p\u0101rskat\u012bt mugursomas saturu.\" \/>\n<meta property=\"og:url\" content=\"https:\/\/gohike.lv\/ru\/produkts\/gregory-jade-33-rc-pargajienu-mugursoma-sieviesu\/\" \/>\n<meta property=\"og:site_name\" content=\"GoHike\" \/>\n<meta property=\"article:publisher\" content=\"https:\/\/www.facebook.com\/gohike.shop\/\" \/>\n<meta property=\"article:modified_time\" content=\"2025-12-30T14:25:02+00:00\" \/>\n<meta property=\"og:image\" content=\"https:\/\/gohike.lv\/wp-content\/uploads\/2024\/10\/Jade33red_-1.webp\" \/>\n\t<meta property=\"og:image:width\" content=\"1500\" \/>\n\t<meta property=\"og:image:height\" content=\"1493\" \/>\n\t<meta property=\"og:image:type\" content=\"image\/webp\" \/>\n<meta name=\"twitter:card\" content=\"summary_large_image\" \/>\n<meta name=\"twitter:title\" content=\"P\u0101rg\u0101jienu mugursoma Gregory Jade 33 RC sievie\u0161u\" \/>\n<meta name=\"twitter:label1\" content=\"\u041f\u0440\u0438\u043c\u0435\u0440\u043d\u043e\u0435 \u0432\u0440\u0435\u043c\u044f \u0434\u043b\u044f \u0447\u0442\u0435\u043d\u0438\u044f\" \/>\n\t<meta name=\"twitter:data1\" content=\"2 \u043c\u0438\u043d\u0443\u0442\u0430\" \/>\n<script type=\"application\/ld+json\" class=\"yoast-schema-graph\">{\"@context\":\"https:\\\/\\\/schema.org\",\"@graph\":[{\"@type\":[\"WebPage\",\"ItemPage\"],\"@id\":\"https:\\\/\\\/gohike.lv\\\/ru\\\/produkts\\\/gregory-jade-33-rc-pargajienu-mugursoma-sieviesu\\\/\",\"url\":\"https:\\\/\\\/gohike.lv\\\/ru\\\/produkts\\\/gregory-jade-33-rc-pargajienu-mugursoma-sieviesu\\\/\",\"name\":\"Gregory - Jade 33 RC p\u0101rg\u0101jienu mugursoma, sievie\u0161u\",\"isPartOf\":{\"@id\":\"https:\\\/\\\/gohike.lv\\\/ru\\\/#website\"},\"primaryImageOfPage\":{\"@id\":\"https:\\\/\\\/gohike.lv\\\/ru\\\/produkts\\\/gregory-jade-33-rc-pargajienu-mugursoma-sieviesu\\\/#primaryimage\"},\"image\":{\"@id\":\"https:\\\/\\\/gohike.lv\\\/ru\\\/produkts\\\/gregory-jade-33-rc-pargajienu-mugursoma-sieviesu\\\/#primaryimage\"},\"thumbnailUrl\":\"https:\\\/\\\/gohike.lv\\\/wp-content\\\/uploads\\\/2024\\\/10\\\/Jade33red_-1.webp\",\"datePublished\":\"2024-10-09T14:54:06+00:00\",\"dateModified\":\"2025-12-30T14:25:02+00:00\",\"description\":\"Jade ir sievie\u0161u augumam izstr\u0101d\u0101ta mugursoma ar regul\u0113jamu muguras garumu un bag\u0101t\u012bgi polster\u0113tu gurnu jostu. Anatomiski piegulo\u0161s, ventil\u0113jo\u0161s muguras panelis. Liela U veida atv\u0113r\u0161ana ar r\u0101v\u0113jsl\u0113dz\u0113ju priek\u0161pus\u0113 \u013cauj \u0113rti p\u0101rskat\u012bt mugursomas saturu.\",\"breadcrumb\":{\"@id\":\"https:\\\/\\\/gohike.lv\\\/ru\\\/produkts\\\/gregory-jade-33-rc-pargajienu-mugursoma-sieviesu\\\/#breadcrumb\"},\"inLanguage\":\"ru-RU\",\"potentialAction\":[{\"@type\":\"ReadAction\",\"target\":[\"https:\\\/\\\/gohike.lv\\\/ru\\\/produkts\\\/gregory-jade-33-rc-pargajienu-mugursoma-sieviesu\\\/\"]}]},{\"@type\":\"ImageObject\",\"inLanguage\":\"ru-RU\",\"@id\":\"https:\\\/\\\/gohike.lv\\\/ru\\\/produkts\\\/gregory-jade-33-rc-pargajienu-mugursoma-sieviesu\\\/#primaryimage\",\"url\":\"https:\\\/\\\/gohike.lv\\\/wp-content\\\/uploads\\\/2024\\\/10\\\/Jade33red_-1.webp\",\"contentUrl\":\"https:\\\/\\\/gohike.lv\\\/wp-content\\\/uploads\\\/2024\\\/10\\\/Jade33red_-1.webp\",\"width\":1500,\"height\":1493},{\"@type\":\"BreadcrumbList\",\"@id\":\"https:\\\/\\\/gohike.lv\\\/ru\\\/produkts\\\/gregory-jade-33-rc-pargajienu-mugursoma-sieviesu\\\/#breadcrumb\",\"itemListElement\":[{\"@type\":\"ListItem\",\"position\":1,\"name\":\"\u0413\u043b\u0430\u0432\u043d\u0430\u044f\",\"item\":\"https:\\\/\\\/gohike.lv\\\/ru\\\/\"},{\"@type\":\"ListItem\",\"position\":2,\"name\":\"\u041a\u0430\u0442\u0435\u0433\u043e\u0440\u0438\u0438 \u0442\u043e\u0432\u0430\u0440\u043e\u0432\",\"item\":\"https:\\\/\\\/gohike.lv\\\/%d0%ba%d0%b0%d1%82%d0%b5%d0%b3%d0%be%d1%80%d0%b8%d0%b8-%d1%82%d0%be%d0%b2%d0%b0%d1%80%d0%be%d0%b2\\\/\"},{\"@type\":\"ListItem\",\"position\":3,\"name\":\"Gregory &#8211; Jade 33 RC p\u0101rg\u0101jienu mugursoma, sievie\u0161u\"}]},{\"@type\":\"WebSite\",\"@id\":\"https:\\\/\\\/gohike.lv\\\/ru\\\/#website\",\"url\":\"https:\\\/\\\/gohike.lv\\\/ru\\\/\",\"name\":\"GoHike\",\"description\":\"\",\"publisher\":{\"@id\":\"https:\\\/\\\/gohike.lv\\\/ru\\\/#organization\"},\"potentialAction\":[{\"@type\":\"SearchAction\",\"target\":{\"@type\":\"EntryPoint\",\"urlTemplate\":\"https:\\\/\\\/gohike.lv\\\/ru\\\/?s={search_term_string}\"},\"query-input\":{\"@type\":\"PropertyValueSpecification\",\"valueRequired\":true,\"valueName\":\"search_term_string\"}}],\"inLanguage\":\"ru-RU\"},{\"@type\":\"Organization\",\"@id\":\"https:\\\/\\\/gohike.lv\\\/ru\\\/#organization\",\"name\":\"GoHike\",\"url\":\"https:\\\/\\\/gohike.lv\\\/ru\\\/\",\"logo\":{\"@type\":\"ImageObject\",\"inLanguage\":\"ru-RU\",\"@id\":\"https:\\\/\\\/gohike.lv\\\/ru\\\/#\\\/schema\\\/logo\\\/image\\\/\",\"url\":\"https:\\\/\\\/gohike.lv\\\/wp-content\\\/uploads\\\/2023\\\/08\\\/Logo_GoHike.webp\",\"contentUrl\":\"https:\\\/\\\/gohike.lv\\\/wp-content\\\/uploads\\\/2023\\\/08\\\/Logo_GoHike.webp\",\"width\":512,\"height\":512,\"caption\":\"GoHike\"},\"image\":{\"@id\":\"https:\\\/\\\/gohike.lv\\\/ru\\\/#\\\/schema\\\/logo\\\/image\\\/\"},\"sameAs\":[\"https:\\\/\\\/www.facebook.com\\\/gohike.shop\\\/\",\"https:\\\/\\\/www.instagram.com\\\/gohike.shop\\\/\"]}]}<\/script>\n<!-- \/ Yoast SEO plugin. -->","yoast_head_json":{"title":"Gregory - Jade 33 RC p\u0101rg\u0101jienu mugursoma, sievie\u0161u","description":"Jade ir sievie\u0161u augumam izstr\u0101d\u0101ta mugursoma ar regul\u0113jamu muguras garumu un bag\u0101t\u012bgi polster\u0113tu gurnu jostu. Anatomiski piegulo\u0161s, ventil\u0113jo\u0161s muguras panelis. Liela U veida atv\u0113r\u0161ana ar r\u0101v\u0113jsl\u0113dz\u0113ju priek\u0161pus\u0113 \u013cauj \u0113rti p\u0101rskat\u012bt mugursomas saturu.","robots":{"index":"index","follow":"follow","max-snippet":"max-snippet:-1","max-image-preview":"max-image-preview:large","max-video-preview":"max-video-preview:-1"},"canonical":"https:\/\/gohike.lv\/ru\/produkts\/gregory-jade-33-rc-pargajienu-mugursoma-sieviesu\/","og_locale":"ru_RU","og_type":"article","og_title":"P\u0101rg\u0101jienu mugursoma Gregory Jade 33 RC sievie\u0161u","og_description":"Jade ir sievie\u0161u augumam izstr\u0101d\u0101ta mugursoma ar regul\u0113jamu muguras garumu un bag\u0101t\u012bgi polster\u0113tu gurnu jostu. Anatomiski piegulo\u0161s, ventil\u0113jo\u0161s muguras panelis. Liela U veida atv\u0113r\u0161ana ar r\u0101v\u0113jsl\u0113dz\u0113ju priek\u0161pus\u0113 \u013cauj \u0113rti p\u0101rskat\u012bt mugursomas saturu.","og_url":"https:\/\/gohike.lv\/ru\/produkts\/gregory-jade-33-rc-pargajienu-mugursoma-sieviesu\/","og_site_name":"GoHike","article_publisher":"https:\/\/www.facebook.com\/gohike.shop\/","article_modified_time":"2025-12-30T14:25:02+00:00","og_image":[{"width":1500,"height":1493,"url":"https:\/\/gohike.lv\/wp-content\/uploads\/2024\/10\/Jade33red_-1.webp","type":"image\/webp"}],"twitter_card":"summary_large_image","twitter_title":"P\u0101rg\u0101jienu mugursoma Gregory Jade 33 RC sievie\u0161u","twitter_misc":{"\u041f\u0440\u0438\u043c\u0435\u0440\u043d\u043e\u0435 \u0432\u0440\u0435\u043c\u044f \u0434\u043b\u044f \u0447\u0442\u0435\u043d\u0438\u044f":"2 \u043c\u0438\u043d\u0443\u0442\u0430"},"schema":{"@context":"https:\/\/schema.org","@graph":[{"@type":["WebPage","ItemPage"],"@id":"https:\/\/gohike.lv\/ru\/produkts\/gregory-jade-33-rc-pargajienu-mugursoma-sieviesu\/","url":"https:\/\/gohike.lv\/ru\/produkts\/gregory-jade-33-rc-pargajienu-mugursoma-sieviesu\/","name":"Gregory - Jade 33 RC p\u0101rg\u0101jienu mugursoma, sievie\u0161u","isPartOf":{"@id":"https:\/\/gohike.lv\/ru\/#website"},"primaryImageOfPage":{"@id":"https:\/\/gohike.lv\/ru\/produkts\/gregory-jade-33-rc-pargajienu-mugursoma-sieviesu\/#primaryimage"},"image":{"@id":"https:\/\/gohike.lv\/ru\/produkts\/gregory-jade-33-rc-pargajienu-mugursoma-sieviesu\/#primaryimage"},"thumbnailUrl":"https:\/\/gohike.lv\/wp-content\/uploads\/2024\/10\/Jade33red_-1.webp","datePublished":"2024-10-09T14:54:06+00:00","dateModified":"2025-12-30T14:25:02+00:00","description":"Jade ir sievie\u0161u augumam izstr\u0101d\u0101ta mugursoma ar regul\u0113jamu muguras garumu un bag\u0101t\u012bgi polster\u0113tu gurnu jostu. Anatomiski piegulo\u0161s, ventil\u0113jo\u0161s muguras panelis. Liela U veida atv\u0113r\u0161ana ar r\u0101v\u0113jsl\u0113dz\u0113ju priek\u0161pus\u0113 \u013cauj \u0113rti p\u0101rskat\u012bt mugursomas saturu.","breadcrumb":{"@id":"https:\/\/gohike.lv\/ru\/produkts\/gregory-jade-33-rc-pargajienu-mugursoma-sieviesu\/#breadcrumb"},"inLanguage":"ru-RU","potentialAction":[{"@type":"ReadAction","target":["https:\/\/gohike.lv\/ru\/produkts\/gregory-jade-33-rc-pargajienu-mugursoma-sieviesu\/"]}]},{"@type":"ImageObject","inLanguage":"ru-RU","@id":"https:\/\/gohike.lv\/ru\/produkts\/gregory-jade-33-rc-pargajienu-mugursoma-sieviesu\/#primaryimage","url":"https:\/\/gohike.lv\/wp-content\/uploads\/2024\/10\/Jade33red_-1.webp","contentUrl":"https:\/\/gohike.lv\/wp-content\/uploads\/2024\/10\/Jade33red_-1.webp","width":1500,"height":1493},{"@type":"BreadcrumbList","@id":"https:\/\/gohike.lv\/ru\/produkts\/gregory-jade-33-rc-pargajienu-mugursoma-sieviesu\/#breadcrumb","itemListElement":[{"@type":"ListItem","position":1,"name":"\u0413\u043b\u0430\u0432\u043d\u0430\u044f","item":"https:\/\/gohike.lv\/ru\/"},{"@type":"ListItem","position":2,"name":"\u041a\u0430\u0442\u0435\u0433\u043e\u0440\u0438\u0438 \u0442\u043e\u0432\u0430\u0440\u043e\u0432","item":"https:\/\/gohike.lv\/%d0%ba%d0%b0%d1%82%d0%b5%d0%b3%d0%be%d1%80%d0%b8%d0%b8-%d1%82%d0%be%d0%b2%d0%b0%d1%80%d0%be%d0%b2\/"},{"@type":"ListItem","position":3,"name":"Gregory &#8211; Jade 33 RC p\u0101rg\u0101jienu mugursoma, sievie\u0161u"}]},{"@type":"WebSite","@id":"https:\/\/gohike.lv\/ru\/#website","url":"https:\/\/gohike.lv\/ru\/","name":"GoHike","description":"","publisher":{"@id":"https:\/\/gohike.lv\/ru\/#organization"},"potentialAction":[{"@type":"SearchAction","target":{"@type":"EntryPoint","urlTemplate":"https:\/\/gohike.lv\/ru\/?s={search_term_string}"},"query-input":{"@type":"PropertyValueSpecification","valueRequired":true,"valueName":"search_term_string"}}],"inLanguage":"ru-RU"},{"@type":"Organization","@id":"https:\/\/gohike.lv\/ru\/#organization","name":"GoHike","url":"https:\/\/gohike.lv\/ru\/","logo":{"@type":"ImageObject","inLanguage":"ru-RU","@id":"https:\/\/gohike.lv\/ru\/#\/schema\/logo\/image\/","url":"https:\/\/gohike.lv\/wp-content\/uploads\/2023\/08\/Logo_GoHike.webp","contentUrl":"https:\/\/gohike.lv\/wp-content\/uploads\/2023\/08\/Logo_GoHike.webp","width":512,"height":512,"caption":"GoHike"},"image":{"@id":"https:\/\/gohike.lv\/ru\/#\/schema\/logo\/image\/"},"sameAs":["https:\/\/www.facebook.com\/gohike.shop\/","https:\/\/www.instagram.com\/gohike.shop\/"]}]}},"jetpack_sharing_enabled":true,"_links":{"self":[{"href":"https:\/\/gohike.lv\/ru\/wp-json\/wp\/v2\/product\/62844","targetHints":{"allow":["GET"]}}],"collection":[{"href":"https:\/\/gohike.lv\/ru\/wp-json\/wp\/v2\/product"}],"about":[{"href":"https:\/\/gohike.lv\/ru\/wp-json\/wp\/v2\/types\/product"}],"version-history":[{"count":0,"href":"https:\/\/gohike.lv\/ru\/wp-json\/wp\/v2\/product\/62844\/revisions"}],"wp:featuredmedia":[{"embeddable":true,"href":"https:\/\/gohike.lv\/ru\/wp-json\/wp\/v2\/media\/62847"}],"wp:attachment":[{"href":"https:\/\/gohike.lv\/ru\/wp-json\/wp\/v2\/media?parent=62844"}],"wp:term":[{"taxonomy":"product_brand","embeddable":true,"href":"https:\/\/gohike.lv\/ru\/wp-json\/wp\/v2\/product_brand?post=62844"},{"taxonomy":"product_cat","embeddable":true,"href":"https:\/\/gohike.lv\/ru\/wp-json\/wp\/v2\/product_cat?post=62844"},{"taxonomy":"product_tag","embeddable":true,"href":"https:\/\/gohike.lv\/ru\/wp-json\/wp\/v2\/product_tag?post=62844"}],"curies":[{"name":"wp","href":"https:\/\/api.w.org\/{rel}","templated":true}]}}