{"id":62786,"date":"2024-10-09T17:50:34","date_gmt":"2024-10-09T14:50:34","guid":{"rendered":"https:\/\/gohike.lv\/produkts\/gregory-pargajienu-mugursoma-stout-35\/"},"modified":"2025-12-30T17:25:02","modified_gmt":"2025-12-30T14:25:02","slug":"gregory-stout-35-pargajienu-mugursoma","status":"publish","type":"product","link":"https:\/\/gohike.lv\/ru\/produkts\/gregory-stout-35-pargajienu-mugursoma\/","title":{"rendered":"Gregory &#8212; STOUT 35 p\u0101rg\u0101jienu mugursoma"},"content":{"rendered":"<p>Galven\u0101s pa\u0161\u012bbas:<br \/>\n\u2022 Lielas gurnu jostas kabatas viedt\u0101lrunim un s\u012bkumiem;<br \/>\n\u2022 VersaFit regul\u0113jams muguras garums 40 &#8212; 53 cm garai mugurai;<br \/>\n\u2022 Perfor\u0113tu 3D putu muguras panelis nov\u0113r\u0161 sv\u012b\u0161anu;<br \/>\n\u2022 Perfor\u0113tu putu, elpojo\u0161as plecu lences;<br \/>\n\u2022 Integr\u0113ta svilp\u012btie plecu savilk\u0161ans lences spr\u0101dz\u0113;<br \/>\n\u2022 Alum\u012bnija r\u0101mis stabilai svara sadalei;<br \/>\n\u2022 Apak\u0161\u0113jais gu\u013cammaisa nodal\u012bjums ar r\u0101v\u0113jsl\u0113dz\u0113ju;<br \/>\n\u2022 Aug\u0161\u0113j\u0101 kabata ar iek\u0161\u0113jo kabati\u0146u ar integr\u0113tu atsl\u0113gu cilpu;<br \/>\n\u2022 S\u0101nu t\u012bkla kabatas;<br \/>\n\u2022 Liela priek\u0161\u0113j\u0101 kabata;<br \/>\n\u2022 Aug\u0161\u0113j\u0101 aizv\u0113r\u0161ana ar auklu;<br \/>\n\u2022 Dzer\u0161anas sist\u0113mas kabata ar Speedclip stiprin\u0101jumu sader\u012bga ar Gregory Hydro rezervu\u0101riem, k\u0101 ar\u012b citu ra\u017eot\u0101ju dzer\u0161ans sist\u0113m\u0101m (dzer\u0161anas sist\u0113ma nav komplekt\u0101);<br \/>\n\u2022 Trekinga n\u016bju stiprin\u0101jumi;<br \/>\n\u2022 Pastiprin\u0101ts apak\u0161\u0113jais panelis ar dubultsl\u0101\u0146u konstrukciju;<br \/>\n\u2022 Iek\u013cauts lietus p\u0101rvalks.<br \/>\nRaksturlielumi:<br \/>\n\u2022 Tilpums 35 L;<br \/>\n\u2022 Svars 1.31 kg;<br \/>\n\u2022 Muguras garums: 40 &#8212; 53 cm;<br \/>\n\u2022 Gurnu jostas izm\u0113rs: 71-122 cm;<br \/>\n\u2022 Izm\u0113rs: 68x33x25 cm;<br \/>\n\u2022 Rekomend\u0113tais maksim\u0101lais svars: 16 kg;<br \/>\n\u2022 Virs\u0113jais audums: 40% p\u0101rstr\u0101d\u0101ts 210D neilons \/ 420D augsta bl\u012bvuma neilons ar C0 DWR: ra\u017eots bez PFC;<br \/>\n\u2022 Pamatnes adumus: 420D neilons ar C0 DWR: ra\u017eots bez PFC;<br \/>\n\u2022 R\u0101mis: alum\u012bnija sakaus\u0113jums;<br \/>\n\u2022 Odere 40% P\u0101rstr\u0101d\u0101ts 135D poliesters ar C0 DWR: ra\u017eots bez PFC.<br \/>\n<iframe title=\"How To Pick Your Next Backpacking Pack | Gregory Mountain Products\" width=\"1200\" height=\"675\" src=\"https:\/\/www.youtube.com\/embed\/_HzuzQ-lq44?feature=oembed\" frameborder=\"0\" allow=\"accelerometer; autoplay; clipboard-write; encrypted-media; gyroscope; picture-in-picture; web-share\" referrerpolicy=\"strict-origin-when-cross-origin\" allowfullscreen><\/iframe><br \/>\n<iframe title=\"How to Fit Your Backpack | Gregory Mountain Products\" width=\"1200\" height=\"675\" src=\"https:\/\/www.youtube.com\/embed\/iCG6C_a5NIE?feature=oembed\" frameborder=\"0\" allow=\"accelerometer; autoplay; clipboard-write; encrypted-media; gyroscope; picture-in-picture; web-share\" referrerpolicy=\"strict-origin-when-cross-origin\" allowfullscreen><\/iframe><\/p>\n","protected":false},"excerpt":{"rendered":"<p>Gregory Stout ar individu\u0101li regul\u0113jamu muguras garumu, piegulo\u0161u 3D gurnu jostu un elpojo\u0161u muguras paneli, ir lieliski piem\u0113rota p\u0101rg\u0101jieniem.<\/p>\n","protected":false},"featured_media":62789,"template":"","meta":[],"product_brand":[9717],"product_cat":[1827],"product_tag":[],"class_list":{"0":"post-62786","1":"product","2":"type-product","3":"status-publish","4":"has-post-thumbnail","6":"product_brand-gregory","7":"product_cat-mugursomas","8":"pa_izmerscm-14950","9":"pa_produkta-tips-pargajienu-mugursomas","10":"pa_spalva-melns","11":"pa_spalva-oranzs","12":"pa_spalva-zils","13":"pa_tilpums-45l","15":"first","16":"instock","17":"taxable","18":"shipping-taxable","19":"purchasable","20":"product-type-variable"},"raw_content":{"name":"Gregory - STOUT 35 p\u0101rg\u0101jienu mugursoma","description":"Galven\u0101s pa\u0161\u012bbas:\r\n\u2022 Lielas gurnu jostas kabatas viedt\u0101lrunim un s\u012bkumiem;\r\n\u2022 VersaFit regul\u0113jams muguras garums 40 - 53 cm garai mugurai;\r\n\u2022 Perfor\u0113tu 3D putu muguras panelis nov\u0113r\u0161 sv\u012b\u0161anu;\r\n\u2022 Perfor\u0113tu putu, elpojo\u0161as plecu lences;\r\n\u2022 Integr\u0113ta svilp\u012btie plecu savilk\u0161ans lences spr\u0101dz\u0113;\r\n\u2022 Alum\u012bnija r\u0101mis stabilai svara sadalei;\r\n\u2022 Apak\u0161\u0113jais gu\u013cammaisa nodal\u012bjums ar r\u0101v\u0113jsl\u0113dz\u0113ju;\r\n\u2022 Aug\u0161\u0113j\u0101 kabata ar iek\u0161\u0113jo kabati\u0146u ar integr\u0113tu atsl\u0113gu cilpu;\r\n\u2022 S\u0101nu t\u012bkla kabatas;\r\n\u2022 Liela priek\u0161\u0113j\u0101 kabata;\r\n\u2022 Aug\u0161\u0113j\u0101 aizv\u0113r\u0161ana ar auklu;\r\n\u2022 Dzer\u0161anas sist\u0113mas kabata ar Speedclip stiprin\u0101jumu sader\u012bga ar Gregory Hydro rezervu\u0101riem, k\u0101 ar\u012b citu ra\u017eot\u0101ju dzer\u0161ans sist\u0113m\u0101m (dzer\u0161anas sist\u0113ma nav komplekt\u0101);\r\n\u2022 Trekinga n\u016bju stiprin\u0101jumi;\r\n\u2022 Pastiprin\u0101ts apak\u0161\u0113jais panelis ar dubultsl\u0101\u0146u konstrukciju;\r\n\u2022 Iek\u013cauts lietus p\u0101rvalks.\r\nRaksturlielumi:\r\n\u2022 Tilpums 35 L;\r\n\u2022 Svars 1.31 kg;\r\n\u2022 Muguras garums: 40 - 53 cm;\r\n\u2022 Gurnu jostas izm\u0113rs: 71-122 cm;\r\n\u2022 Izm\u0113rs: 68x33x25 cm;\r\n\u2022 Rekomend\u0113tais maksim\u0101lais svars: 16 kg;\r\n\u2022 Virs\u0113jais audums: 40% p\u0101rstr\u0101d\u0101ts 210D neilons \/ 420D augsta bl\u012bvuma neilons ar C0 DWR: ra\u017eots bez PFC;\r\n\u2022 Pamatnes adumus: 420D neilons ar C0 DWR: ra\u017eots bez PFC;\r\n\u2022 R\u0101mis: alum\u012bnija sakaus\u0113jums;\r\n\u2022 Odere 40% P\u0101rstr\u0101d\u0101ts 135D poliesters ar C0 DWR: ra\u017eots bez PFC.\r\nhttps:\/\/www.youtube.com\/watch?v=_HzuzQ-lq44\r\nhttps:\/\/www.youtube.com\/watch?v=iCG6C_a5NIE","short_description":"Gregory Stout ar individu\u0101li regul\u0113jamu muguras garumu, piegulo\u0161u 3D gurnu jostu un elpojo\u0161u muguras paneli, ir lieliski piem\u0113rota p\u0101rg\u0101jieniem.","status":"publish","sku":"greg0009","original":62786},"wpml":{"translation_type":1,"has_translations":true,"original":62786,"duplicates":[],"translations":{"lv":62786,"en":67099,"ru":null}},"supplier_id":null,"supplier_sku":"","barcode":null,"atum_controlled":true,"out_stock_date":null,"out_stock_threshold":null,"inheritable":true,"inbound_stock":0,"stock_on_hold":0,"sold_today":0,"sales_last_days":0,"reserved_stock":0,"customer_returns":0,"warehouse_damage":0,"lost_in_post":0,"other_logs":0,"out_stock_days":0,"lost_sales":0,"has_location":false,"update_date":"2025-12-30T14:30:31","atum_locations":[],"atum_stock_status":"instock","restock_status":false,"low_stock_amount":"","sales_update_date":"2025-11-13T14:08:51","calc_backorders":null,"yoast_head":"<!-- This site is optimized with the Yoast SEO plugin v27.3 - https:\/\/yoast.com\/product\/yoast-seo-wordpress\/ -->\n<title>Gregory - STOUT 35 p\u0101rg\u0101jienu mugursoma<\/title>\n<meta name=\"description\" content=\"Gregory Stout ar individu\u0101li regul\u0113jamu muguras garumu, piegulo\u0161u 3D gurnu jostu un elpojo\u0161u muguras paneli, ir lieliski piem\u0113rota p\u0101rg\u0101jieniem.\" \/>\n<meta name=\"robots\" content=\"index, follow, max-snippet:-1, max-image-preview:large, max-video-preview:-1\" \/>\n<link rel=\"canonical\" href=\"https:\/\/gohike.lv\/ru\/produkts\/gregory-stout-35-pargajienu-mugursoma\/\" \/>\n<meta property=\"og:locale\" content=\"ru_RU\" \/>\n<meta property=\"og:type\" content=\"article\" \/>\n<meta property=\"og:title\" content=\"P\u0101rg\u0101jienu mugursoma STOUT 35\" \/>\n<meta property=\"og:description\" content=\"Gregory Stout ar individu\u0101li regul\u0113jamu muguras garumu, piegulo\u0161u 3D gurnu jostu un elpojo\u0161u muguras paneli, ir lieliski piem\u0113rota p\u0101rg\u0101jieniem.\" \/>\n<meta property=\"og:url\" content=\"https:\/\/gohike.lv\/ru\/produkts\/gregory-stout-35-pargajienu-mugursoma\/\" \/>\n<meta property=\"og:site_name\" content=\"GoHike\" \/>\n<meta property=\"article:publisher\" content=\"https:\/\/www.facebook.com\/gohike.shop\/\" \/>\n<meta property=\"article:modified_time\" content=\"2025-12-30T14:25:02+00:00\" \/>\n<meta property=\"og:image\" content=\"https:\/\/gohike.lv\/wp-content\/uploads\/2024\/10\/Stout35blue_-1-scaled.jpg\" \/>\n\t<meta property=\"og:image:width\" content=\"2560\" \/>\n\t<meta property=\"og:image:height\" content=\"2560\" \/>\n\t<meta property=\"og:image:type\" content=\"image\/jpeg\" \/>\n<meta name=\"twitter:card\" content=\"summary_large_image\" \/>\n<meta name=\"twitter:title\" content=\"P\u0101rg\u0101jienu mugursoma STOUT 35\" \/>\n<meta name=\"twitter:label1\" content=\"\u041f\u0440\u0438\u043c\u0435\u0440\u043d\u043e\u0435 \u0432\u0440\u0435\u043c\u044f \u0434\u043b\u044f \u0447\u0442\u0435\u043d\u0438\u044f\" \/>\n\t<meta name=\"twitter:data1\" content=\"2 \u043c\u0438\u043d\u0443\u0442\u0430\" \/>\n<script type=\"application\/ld+json\" class=\"yoast-schema-graph\">{\"@context\":\"https:\\\/\\\/schema.org\",\"@graph\":[{\"@type\":[\"WebPage\",\"ItemPage\"],\"@id\":\"https:\\\/\\\/gohike.lv\\\/ru\\\/produkts\\\/gregory-stout-35-pargajienu-mugursoma\\\/\",\"url\":\"https:\\\/\\\/gohike.lv\\\/ru\\\/produkts\\\/gregory-stout-35-pargajienu-mugursoma\\\/\",\"name\":\"Gregory - STOUT 35 p\u0101rg\u0101jienu mugursoma\",\"isPartOf\":{\"@id\":\"https:\\\/\\\/gohike.lv\\\/ru\\\/#website\"},\"primaryImageOfPage\":{\"@id\":\"https:\\\/\\\/gohike.lv\\\/ru\\\/produkts\\\/gregory-stout-35-pargajienu-mugursoma\\\/#primaryimage\"},\"image\":{\"@id\":\"https:\\\/\\\/gohike.lv\\\/ru\\\/produkts\\\/gregory-stout-35-pargajienu-mugursoma\\\/#primaryimage\"},\"thumbnailUrl\":\"https:\\\/\\\/gohike.lv\\\/wp-content\\\/uploads\\\/2024\\\/10\\\/Stout35blue_-1-scaled.jpg\",\"datePublished\":\"2024-10-09T14:50:34+00:00\",\"dateModified\":\"2025-12-30T14:25:02+00:00\",\"description\":\"Gregory Stout ar individu\u0101li regul\u0113jamu muguras garumu, piegulo\u0161u 3D gurnu jostu un elpojo\u0161u muguras paneli, ir lieliski piem\u0113rota p\u0101rg\u0101jieniem.\",\"breadcrumb\":{\"@id\":\"https:\\\/\\\/gohike.lv\\\/ru\\\/produkts\\\/gregory-stout-35-pargajienu-mugursoma\\\/#breadcrumb\"},\"inLanguage\":\"ru-RU\",\"potentialAction\":[{\"@type\":\"ReadAction\",\"target\":[\"https:\\\/\\\/gohike.lv\\\/ru\\\/produkts\\\/gregory-stout-35-pargajienu-mugursoma\\\/\"]}]},{\"@type\":\"ImageObject\",\"inLanguage\":\"ru-RU\",\"@id\":\"https:\\\/\\\/gohike.lv\\\/ru\\\/produkts\\\/gregory-stout-35-pargajienu-mugursoma\\\/#primaryimage\",\"url\":\"https:\\\/\\\/gohike.lv\\\/wp-content\\\/uploads\\\/2024\\\/10\\\/Stout35blue_-1-scaled.jpg\",\"contentUrl\":\"https:\\\/\\\/gohike.lv\\\/wp-content\\\/uploads\\\/2024\\\/10\\\/Stout35blue_-1-scaled.jpg\",\"width\":2560,\"height\":2560},{\"@type\":\"BreadcrumbList\",\"@id\":\"https:\\\/\\\/gohike.lv\\\/ru\\\/produkts\\\/gregory-stout-35-pargajienu-mugursoma\\\/#breadcrumb\",\"itemListElement\":[{\"@type\":\"ListItem\",\"position\":1,\"name\":\"\u0413\u043b\u0430\u0432\u043d\u0430\u044f\",\"item\":\"https:\\\/\\\/gohike.lv\\\/ru\\\/\"},{\"@type\":\"ListItem\",\"position\":2,\"name\":\"\u041a\u0430\u0442\u0435\u0433\u043e\u0440\u0438\u0438 \u0442\u043e\u0432\u0430\u0440\u043e\u0432\",\"item\":\"https:\\\/\\\/gohike.lv\\\/%d0%ba%d0%b0%d1%82%d0%b5%d0%b3%d0%be%d1%80%d0%b8%d0%b8-%d1%82%d0%be%d0%b2%d0%b0%d1%80%d0%be%d0%b2\\\/\"},{\"@type\":\"ListItem\",\"position\":3,\"name\":\"Gregory &#8211; STOUT 35 p\u0101rg\u0101jienu mugursoma\"}]},{\"@type\":\"WebSite\",\"@id\":\"https:\\\/\\\/gohike.lv\\\/ru\\\/#website\",\"url\":\"https:\\\/\\\/gohike.lv\\\/ru\\\/\",\"name\":\"GoHike\",\"description\":\"\",\"publisher\":{\"@id\":\"https:\\\/\\\/gohike.lv\\\/ru\\\/#organization\"},\"potentialAction\":[{\"@type\":\"SearchAction\",\"target\":{\"@type\":\"EntryPoint\",\"urlTemplate\":\"https:\\\/\\\/gohike.lv\\\/ru\\\/?s={search_term_string}\"},\"query-input\":{\"@type\":\"PropertyValueSpecification\",\"valueRequired\":true,\"valueName\":\"search_term_string\"}}],\"inLanguage\":\"ru-RU\"},{\"@type\":\"Organization\",\"@id\":\"https:\\\/\\\/gohike.lv\\\/ru\\\/#organization\",\"name\":\"GoHike\",\"url\":\"https:\\\/\\\/gohike.lv\\\/ru\\\/\",\"logo\":{\"@type\":\"ImageObject\",\"inLanguage\":\"ru-RU\",\"@id\":\"https:\\\/\\\/gohike.lv\\\/ru\\\/#\\\/schema\\\/logo\\\/image\\\/\",\"url\":\"https:\\\/\\\/gohike.lv\\\/wp-content\\\/uploads\\\/2023\\\/08\\\/Logo_GoHike.webp\",\"contentUrl\":\"https:\\\/\\\/gohike.lv\\\/wp-content\\\/uploads\\\/2023\\\/08\\\/Logo_GoHike.webp\",\"width\":512,\"height\":512,\"caption\":\"GoHike\"},\"image\":{\"@id\":\"https:\\\/\\\/gohike.lv\\\/ru\\\/#\\\/schema\\\/logo\\\/image\\\/\"},\"sameAs\":[\"https:\\\/\\\/www.facebook.com\\\/gohike.shop\\\/\",\"https:\\\/\\\/www.instagram.com\\\/gohike.shop\\\/\"]}]}<\/script>\n<!-- \/ Yoast SEO plugin. -->","yoast_head_json":{"title":"Gregory - STOUT 35 p\u0101rg\u0101jienu mugursoma","description":"Gregory Stout ar individu\u0101li regul\u0113jamu muguras garumu, piegulo\u0161u 3D gurnu jostu un elpojo\u0161u muguras paneli, ir lieliski piem\u0113rota p\u0101rg\u0101jieniem.","robots":{"index":"index","follow":"follow","max-snippet":"max-snippet:-1","max-image-preview":"max-image-preview:large","max-video-preview":"max-video-preview:-1"},"canonical":"https:\/\/gohike.lv\/ru\/produkts\/gregory-stout-35-pargajienu-mugursoma\/","og_locale":"ru_RU","og_type":"article","og_title":"P\u0101rg\u0101jienu mugursoma STOUT 35","og_description":"Gregory Stout ar individu\u0101li regul\u0113jamu muguras garumu, piegulo\u0161u 3D gurnu jostu un elpojo\u0161u muguras paneli, ir lieliski piem\u0113rota p\u0101rg\u0101jieniem.","og_url":"https:\/\/gohike.lv\/ru\/produkts\/gregory-stout-35-pargajienu-mugursoma\/","og_site_name":"GoHike","article_publisher":"https:\/\/www.facebook.com\/gohike.shop\/","article_modified_time":"2025-12-30T14:25:02+00:00","og_image":[{"width":2560,"height":2560,"url":"https:\/\/gohike.lv\/wp-content\/uploads\/2024\/10\/Stout35blue_-1-scaled.jpg","type":"image\/jpeg"}],"twitter_card":"summary_large_image","twitter_title":"P\u0101rg\u0101jienu mugursoma STOUT 35","twitter_misc":{"\u041f\u0440\u0438\u043c\u0435\u0440\u043d\u043e\u0435 \u0432\u0440\u0435\u043c\u044f \u0434\u043b\u044f \u0447\u0442\u0435\u043d\u0438\u044f":"2 \u043c\u0438\u043d\u0443\u0442\u0430"},"schema":{"@context":"https:\/\/schema.org","@graph":[{"@type":["WebPage","ItemPage"],"@id":"https:\/\/gohike.lv\/ru\/produkts\/gregory-stout-35-pargajienu-mugursoma\/","url":"https:\/\/gohike.lv\/ru\/produkts\/gregory-stout-35-pargajienu-mugursoma\/","name":"Gregory - STOUT 35 p\u0101rg\u0101jienu mugursoma","isPartOf":{"@id":"https:\/\/gohike.lv\/ru\/#website"},"primaryImageOfPage":{"@id":"https:\/\/gohike.lv\/ru\/produkts\/gregory-stout-35-pargajienu-mugursoma\/#primaryimage"},"image":{"@id":"https:\/\/gohike.lv\/ru\/produkts\/gregory-stout-35-pargajienu-mugursoma\/#primaryimage"},"thumbnailUrl":"https:\/\/gohike.lv\/wp-content\/uploads\/2024\/10\/Stout35blue_-1-scaled.jpg","datePublished":"2024-10-09T14:50:34+00:00","dateModified":"2025-12-30T14:25:02+00:00","description":"Gregory Stout ar individu\u0101li regul\u0113jamu muguras garumu, piegulo\u0161u 3D gurnu jostu un elpojo\u0161u muguras paneli, ir lieliski piem\u0113rota p\u0101rg\u0101jieniem.","breadcrumb":{"@id":"https:\/\/gohike.lv\/ru\/produkts\/gregory-stout-35-pargajienu-mugursoma\/#breadcrumb"},"inLanguage":"ru-RU","potentialAction":[{"@type":"ReadAction","target":["https:\/\/gohike.lv\/ru\/produkts\/gregory-stout-35-pargajienu-mugursoma\/"]}]},{"@type":"ImageObject","inLanguage":"ru-RU","@id":"https:\/\/gohike.lv\/ru\/produkts\/gregory-stout-35-pargajienu-mugursoma\/#primaryimage","url":"https:\/\/gohike.lv\/wp-content\/uploads\/2024\/10\/Stout35blue_-1-scaled.jpg","contentUrl":"https:\/\/gohike.lv\/wp-content\/uploads\/2024\/10\/Stout35blue_-1-scaled.jpg","width":2560,"height":2560},{"@type":"BreadcrumbList","@id":"https:\/\/gohike.lv\/ru\/produkts\/gregory-stout-35-pargajienu-mugursoma\/#breadcrumb","itemListElement":[{"@type":"ListItem","position":1,"name":"\u0413\u043b\u0430\u0432\u043d\u0430\u044f","item":"https:\/\/gohike.lv\/ru\/"},{"@type":"ListItem","position":2,"name":"\u041a\u0430\u0442\u0435\u0433\u043e\u0440\u0438\u0438 \u0442\u043e\u0432\u0430\u0440\u043e\u0432","item":"https:\/\/gohike.lv\/%d0%ba%d0%b0%d1%82%d0%b5%d0%b3%d0%be%d1%80%d0%b8%d0%b8-%d1%82%d0%be%d0%b2%d0%b0%d1%80%d0%be%d0%b2\/"},{"@type":"ListItem","position":3,"name":"Gregory &#8211; STOUT 35 p\u0101rg\u0101jienu mugursoma"}]},{"@type":"WebSite","@id":"https:\/\/gohike.lv\/ru\/#website","url":"https:\/\/gohike.lv\/ru\/","name":"GoHike","description":"","publisher":{"@id":"https:\/\/gohike.lv\/ru\/#organization"},"potentialAction":[{"@type":"SearchAction","target":{"@type":"EntryPoint","urlTemplate":"https:\/\/gohike.lv\/ru\/?s={search_term_string}"},"query-input":{"@type":"PropertyValueSpecification","valueRequired":true,"valueName":"search_term_string"}}],"inLanguage":"ru-RU"},{"@type":"Organization","@id":"https:\/\/gohike.lv\/ru\/#organization","name":"GoHike","url":"https:\/\/gohike.lv\/ru\/","logo":{"@type":"ImageObject","inLanguage":"ru-RU","@id":"https:\/\/gohike.lv\/ru\/#\/schema\/logo\/image\/","url":"https:\/\/gohike.lv\/wp-content\/uploads\/2023\/08\/Logo_GoHike.webp","contentUrl":"https:\/\/gohike.lv\/wp-content\/uploads\/2023\/08\/Logo_GoHike.webp","width":512,"height":512,"caption":"GoHike"},"image":{"@id":"https:\/\/gohike.lv\/ru\/#\/schema\/logo\/image\/"},"sameAs":["https:\/\/www.facebook.com\/gohike.shop\/","https:\/\/www.instagram.com\/gohike.shop\/"]}]}},"jetpack_sharing_enabled":true,"_links":{"self":[{"href":"https:\/\/gohike.lv\/ru\/wp-json\/wp\/v2\/product\/62786","targetHints":{"allow":["GET"]}}],"collection":[{"href":"https:\/\/gohike.lv\/ru\/wp-json\/wp\/v2\/product"}],"about":[{"href":"https:\/\/gohike.lv\/ru\/wp-json\/wp\/v2\/types\/product"}],"version-history":[{"count":1,"href":"https:\/\/gohike.lv\/ru\/wp-json\/wp\/v2\/product\/62786\/revisions"}],"predecessor-version":[{"id":118682,"href":"https:\/\/gohike.lv\/ru\/wp-json\/wp\/v2\/product\/62786\/revisions\/118682"}],"wp:featuredmedia":[{"embeddable":true,"href":"https:\/\/gohike.lv\/ru\/wp-json\/wp\/v2\/media\/62789"}],"wp:attachment":[{"href":"https:\/\/gohike.lv\/ru\/wp-json\/wp\/v2\/media?parent=62786"}],"wp:term":[{"taxonomy":"product_brand","embeddable":true,"href":"https:\/\/gohike.lv\/ru\/wp-json\/wp\/v2\/product_brand?post=62786"},{"taxonomy":"product_cat","embeddable":true,"href":"https:\/\/gohike.lv\/ru\/wp-json\/wp\/v2\/product_cat?post=62786"},{"taxonomy":"product_tag","embeddable":true,"href":"https:\/\/gohike.lv\/ru\/wp-json\/wp\/v2\/product_tag?post=62786"}],"curies":[{"name":"wp","href":"https:\/\/api.w.org\/{rel}","templated":true}]}}