{"id":62773,"date":"2024-10-09T17:44:26","date_gmt":"2024-10-09T14:44:26","guid":{"rendered":"https:\/\/gohike.lv\/produkts\/gregory-pargajienu-mugursoma-zulu-40\/"},"modified":"2026-02-04T20:29:28","modified_gmt":"2026-02-04T17:29:28","slug":"gregory-zulu-40-pargajienu-mugursoma","status":"publish","type":"product","link":"https:\/\/gohike.lv\/ru\/produkts\/gregory-zulu-40-pargajienu-mugursoma\/","title":{"rendered":"Gregory &#8212; Zulu 40 p\u0101rg\u0101jienu mugursoma"},"content":{"rendered":"<p>Ipa\u0161\u012bbas:<br \/>\n\u2022 FreeFloat elast\u012bg\u0101, bag\u0101t\u012bgi polster\u0113t\u0101 gurnu josta piegu\u013c muguras lejasda\u013cai un gurniem, nodro\u0161inot atbalstu, kas piem\u0113rots l\u012bdz pat 18 kg svaram.<br \/>\n\u2022 \u012apa\u0161i liel\u0101s gurnu jostas kabatas \u013cauj viegli piek\u013c\u016bt s\u012bkumiem un viedt\u0101lrunim.<br \/>\n\u2022 Nospriegotais siets rada br\u012bvu vietu starp muguru un somu, t\u0101d\u0113j\u0101di maksim\u0101li palielinot ventil\u0101ciju.<br \/>\n\u2022 Regul\u0113jamais muguras izm\u0113rs \u013cauj piel\u0101got mugursomu augumam, nodro\u0161inot maksim\u0101lu ne\u0161anas komfortu, k\u0101 ar\u012b iesp\u0113ju mugursomu izmantot vair\u0101kiem \u0123imenes locek\u013ciem vai draugiem.<br \/>\n\u2022 U veida pla\u0161\u0101 priek\u0161\u0113j\u0101 r\u0101v\u0113jsl\u0113dz\u0113ja atvere nodro\u0161ina \u0113rtu piek\u013cuvi visam mugursomas saturam.<br \/>\n\u2022 Gregory patent\u0113t\u0101 FreeFloat dinamisk\u0101 gurnu josta savieno gurnu jostu ar r\u0101mi ar paneli, kas \u013cauj tam kust\u0113ties un loc\u012bties kop\u0101 ar \u0137ermeni.<br \/>\n\u2022 Gurnu josta un plecu lences izgatavotas no Lifespan put\u0101m, lai nodro\u0161in\u0101tu ilgu kalpo\u0161anu, nezaud\u0113jot amortizejo\u0161\u0101s \u012bpa\u0161\u012bbas.<br \/>\n\u2022 Perfor\u0113tas materi\u0101la plecu lences \u013cauj cirkul\u0113t gaisam un nov\u0113r\u0161 sv\u012b\u0161anu.<br \/>\n\u2022 Komplekt\u0101 lietus p\u0101rvalks, kas iek\u013cauts speci\u0101l\u0101 kabat\u0101 ar r\u0101v\u0113jsl\u0113dz\u0113ju.<br \/>\n\u2022 Gu\u013cammaisa apak\u0161\u0113jais nodal\u012bjums ar r\u0101v\u0113jsl\u0113dz\u0113ju un no\u0146emamu sadal\u012bt\u0101ju.<br \/>\n\u2022 Nodal\u012bjums dzer\u0161anas sist\u0113mai ar SpeedClip pakaramo, kas ir sader\u012bga ar Gregory 3D Hydro dzer\u0161anas sist\u0113mu (dzer\u0161anas sist\u0113ma nav iek\u013cauta komplekt\u0101cij\u0101).<br \/>\n\u2022 Pace\u013cama aug\u0161\u0113j\u0101 kabata ar r\u0101v\u0113jsl\u0113dz\u0113ja nodal\u012bjumu un apak\u0161\u0113jo kabatu ar r\u0101v\u0113jsl\u0113dz\u0113ju, atstarojo\u0161iem stiprin\u0101juma punktiem un atsl\u0113gas klipsi.<br \/>\n\u2022 Divas s\u0101nu kabatas no elast\u012bga t\u012bkla veidotas t\u0101, lai nospriego\u0161anas siksnas netrauc\u0113tu piek\u013c\u016bt s\u0101nu kabat\u0101s eso\u0161aj\u0101m mant\u0101m.<br \/>\n\u2022 Priek\u0161\u0113j\u0101 elast\u012bga t\u012bkla kabata ar iztur\u012bga auduma priek\u0161\u0113jo paneli un spr\u0101dzes aizdari.<br \/>\n\u2022 Regul\u0113jama stiprin\u0101juma cilpa un aug\u0161\u0113jais fiksators trekinga n\u016bj\u0101m vai ledus cirtnim.<br \/>\n\u2022 \u012apa\u0161a dizaina \u0113rti satveramas r\u0101v\u0113jsl\u0113d\u017eu \u013cipi\u0146as.<br \/>\n\u2022 Kr\u016b\u0161u lences klips\u012b integr\u0113ta svilp\u012bte uzman\u012bbas piesaist\u012b\u0161anai av\u0101rijas situ\u0101cij\u0101s.<br \/>\nTehniskie dati:<br \/>\n\u2022 S\/M 64H x 32W x 31D cm | 1.52 kg;<br \/>\n\u2022 M\/L 66H x 32W x 31D cm | 1.57 kg;<br \/>\n\u2022 40% p\u0101rstr\u0101d\u0101ta 400D poliestera Ripstop ar C0 DWR: izstr\u0101d\u0101ts bez PFAS;<br \/>\n\u2022 420D neilons ar C0 DWR: izstr\u0101d\u0101ts bez PFAS;<br \/>\n\u2022 Odere 40% p\u0113c pat\u0113ri\u0146a p\u0101rstr\u0101d\u0101ts 135d poliesters ar C0 DWR: izstr\u0101d\u0101ts bez PFAS;<br \/>\n\u2022 SM\/MD muguras garumam 38 &#8212; 48 cm;<br \/>\n\u2022 MD\/LG muguras garumam 45 &#8212; 55 cm;<br \/>\n\u2022 Ieteicamais maksim\u0101lais svars: 18 kg.<br \/>\n<iframe title=\"How to Fit Your Backpack | Gregory Mountain Products\" width=\"1200\" height=\"675\" src=\"https:\/\/www.youtube.com\/embed\/iCG6C_a5NIE?feature=oembed\" frameborder=\"0\" allow=\"accelerometer; autoplay; clipboard-write; encrypted-media; gyroscope; picture-in-picture; web-share\" referrerpolicy=\"strict-origin-when-cross-origin\" allowfullscreen><\/iframe><\/p>\n","protected":false},"excerpt":{"rendered":"<p>Pietiekami liela p\u0101rg\u0101jieniem ar nak\u0161\u0146o\u0161anu telt\u012b, pietiekami viegla vienas dienas p\u0101rg\u0101jieniem. Starp cit\u0101m Gregory p\u0101rg\u0101jienu mugursom\u0101m Zulu izce\u013cas ar lielu U veida priek\u0161\u0113jo atv\u0113r\u0161anu, kas \u013cauj piek\u013c\u016bt visam mugursomas saturam.<\/p>\n","protected":false},"featured_media":62776,"template":"","meta":[],"product_brand":[9717],"product_cat":[1827],"product_tag":[],"class_list":{"0":"post-62773","1":"product","2":"type-product","3":"status-publish","4":"has-post-thumbnail","6":"product_brand-gregory","7":"product_cat-mugursomas","8":"pa_izmers-m-l","9":"pa_izmers-s-m","10":"pa_izmerscm-14948","11":"pa_izmerscm-14949","12":"pa_produkta-tips-pargajienu-mugursomas","13":"pa_spalva-armijas-zals","14":"pa_spalva-melns","15":"pa_spalva-zils","16":"pa_tilpums-40l","18":"first","19":"instock","20":"taxable","21":"shipping-taxable","22":"purchasable","23":"product-type-variable"},"raw_content":{"name":"Gregory - Zulu 40 p\u0101rg\u0101jienu mugursoma","description":"Ipa\u0161\u012bbas:\r\n\u2022 FreeFloat elast\u012bg\u0101, bag\u0101t\u012bgi polster\u0113t\u0101 gurnu josta piegu\u013c muguras lejasda\u013cai un gurniem, nodro\u0161inot atbalstu, kas piem\u0113rots l\u012bdz pat 18 kg svaram.\r\n\u2022 \u012apa\u0161i liel\u0101s gurnu jostas kabatas \u013cauj viegli piek\u013c\u016bt s\u012bkumiem un viedt\u0101lrunim.\r\n\u2022 Nospriegotais siets rada br\u012bvu vietu starp muguru un somu, t\u0101d\u0113j\u0101di maksim\u0101li palielinot ventil\u0101ciju.\r\n\u2022 Regul\u0113jamais muguras izm\u0113rs \u013cauj piel\u0101got mugursomu augumam, nodro\u0161inot maksim\u0101lu ne\u0161anas komfortu, k\u0101 ar\u012b iesp\u0113ju mugursomu izmantot vair\u0101kiem \u0123imenes locek\u013ciem vai draugiem.\r\n\u2022 U veida pla\u0161\u0101 priek\u0161\u0113j\u0101 r\u0101v\u0113jsl\u0113dz\u0113ja atvere nodro\u0161ina \u0113rtu piek\u013cuvi visam mugursomas saturam.\r\n\u2022 Gregory patent\u0113t\u0101 FreeFloat dinamisk\u0101 gurnu josta savieno gurnu jostu ar r\u0101mi ar paneli, kas \u013cauj tam kust\u0113ties un loc\u012bties kop\u0101 ar \u0137ermeni.\r\n\u2022 Gurnu josta un plecu lences izgatavotas no Lifespan put\u0101m, lai nodro\u0161in\u0101tu ilgu kalpo\u0161anu, nezaud\u0113jot amortizejo\u0161\u0101s \u012bpa\u0161\u012bbas.\r\n\u2022 Perfor\u0113tas materi\u0101la plecu lences \u013cauj cirkul\u0113t gaisam un nov\u0113r\u0161 sv\u012b\u0161anu.\r\n\u2022 Komplekt\u0101 lietus p\u0101rvalks, kas iek\u013cauts speci\u0101l\u0101 kabat\u0101 ar r\u0101v\u0113jsl\u0113dz\u0113ju.\r\n\u2022 Gu\u013cammaisa apak\u0161\u0113jais nodal\u012bjums ar r\u0101v\u0113jsl\u0113dz\u0113ju un no\u0146emamu sadal\u012bt\u0101ju.\r\n\u2022 Nodal\u012bjums dzer\u0161anas sist\u0113mai ar SpeedClip pakaramo, kas ir sader\u012bga ar Gregory 3D Hydro dzer\u0161anas sist\u0113mu (dzer\u0161anas sist\u0113ma nav iek\u013cauta komplekt\u0101cij\u0101).\r\n\u2022 Pace\u013cama aug\u0161\u0113j\u0101 kabata ar r\u0101v\u0113jsl\u0113dz\u0113ja nodal\u012bjumu un apak\u0161\u0113jo kabatu ar r\u0101v\u0113jsl\u0113dz\u0113ju, atstarojo\u0161iem stiprin\u0101juma punktiem un atsl\u0113gas klipsi.\r\n\u2022 Divas s\u0101nu kabatas no elast\u012bga t\u012bkla veidotas t\u0101, lai nospriego\u0161anas siksnas netrauc\u0113tu piek\u013c\u016bt s\u0101nu kabat\u0101s eso\u0161aj\u0101m mant\u0101m.\r\n\u2022 Priek\u0161\u0113j\u0101 elast\u012bga t\u012bkla kabata ar iztur\u012bga auduma priek\u0161\u0113jo paneli un spr\u0101dzes aizdari.\r\n\u2022 Regul\u0113jama stiprin\u0101juma cilpa un aug\u0161\u0113jais fiksators trekinga n\u016bj\u0101m vai ledus cirtnim.\r\n\u2022 \u012apa\u0161a dizaina \u0113rti satveramas r\u0101v\u0113jsl\u0113d\u017eu \u013cipi\u0146as.\r\n\u2022 Kr\u016b\u0161u lences klips\u012b integr\u0113ta svilp\u012bte uzman\u012bbas piesaist\u012b\u0161anai av\u0101rijas situ\u0101cij\u0101s.\r\nTehniskie dati:\r\n\u2022 S\/M 64H x 32W x 31D cm | 1.52 kg;\r\n\u2022 M\/L 66H x 32W x 31D cm | 1.57 kg;\r\n\u2022 40% p\u0101rstr\u0101d\u0101ta 400D poliestera Ripstop ar C0 DWR: izstr\u0101d\u0101ts bez PFAS;\r\n\u2022 420D neilons ar C0 DWR: izstr\u0101d\u0101ts bez PFAS;\r\n\u2022 Odere 40% p\u0113c pat\u0113ri\u0146a p\u0101rstr\u0101d\u0101ts 135d poliesters ar C0 DWR: izstr\u0101d\u0101ts bez PFAS;\r\n\u2022 SM\/MD muguras garumam 38 - 48 cm;\r\n\u2022 MD\/LG muguras garumam 45 - 55 cm;\r\n\u2022 Ieteicamais maksim\u0101lais svars: 18 kg.\r\nhttps:\/\/www.youtube.com\/watch?v=iCG6C_a5NIE","short_description":"Pietiekami liela p\u0101rg\u0101jieniem ar nak\u0161\u0146o\u0161anu telt\u012b, pietiekami viegla vienas dienas p\u0101rg\u0101jieniem. Starp cit\u0101m Gregory p\u0101rg\u0101jienu mugursom\u0101m Zulu izce\u013cas ar lielu U veida priek\u0161\u0113jo atv\u0113r\u0161anu, kas \u013cauj piek\u013c\u016bt visam mugursomas saturam.","status":"publish","sku":"greg0008","original":62773},"wpml":{"translation_type":1,"has_translations":true,"original":62773,"duplicates":[],"translations":{"lv":62773,"en":67093,"ru":null}},"supplier_id":null,"supplier_sku":"","barcode":null,"atum_controlled":true,"out_stock_date":null,"out_stock_threshold":null,"inheritable":true,"inbound_stock":0,"stock_on_hold":0,"sold_today":0,"sales_last_days":0,"reserved_stock":0,"customer_returns":0,"warehouse_damage":0,"lost_in_post":0,"other_logs":0,"out_stock_days":0,"lost_sales":0,"has_location":false,"update_date":"2025-12-30T14:30:31","atum_locations":[],"atum_stock_status":"instock","restock_status":false,"low_stock_amount":"","sales_update_date":"2025-11-13T14:08:04","calc_backorders":null,"yoast_head":"<!-- This site is optimized with the Yoast SEO plugin v27.3 - https:\/\/yoast.com\/product\/yoast-seo-wordpress\/ -->\n<title>Gregory - Zulu 40 p\u0101rg\u0101jienu mugursoma<\/title>\n<meta name=\"description\" content=\"Pietiekami liela p\u0101rg\u0101jieniem ar nak\u0161\u0146o\u0161anu telt\u012b, pietiekami viegla vienas dienas p\u0101rg\u0101jieniem. Starp cit\u0101m Gregory p\u0101rg\u0101jienu mugursom\u0101m Zulu izce\u013cas ar lielu U veida priek\u0161\u0113jo atv\u0113r\u0161anu, kas \u013cauj piek\u013c\u016bt visam mugursomas saturam.\" \/>\n<meta name=\"robots\" content=\"index, follow, max-snippet:-1, max-image-preview:large, max-video-preview:-1\" \/>\n<link rel=\"canonical\" href=\"https:\/\/gohike.lv\/ru\/produkts\/gregory-zulu-40-pargajienu-mugursoma\/\" \/>\n<meta property=\"og:locale\" content=\"ru_RU\" \/>\n<meta property=\"og:type\" content=\"article\" \/>\n<meta property=\"og:title\" content=\"P\u0101rg\u0101jienu mugursoma Zulu 40\" \/>\n<meta property=\"og:description\" content=\"Pietiekami liela p\u0101rg\u0101jieniem ar nak\u0161\u0146o\u0161anu telt\u012b, pietiekami viegla vienas dienas p\u0101rg\u0101jieniem. Starp cit\u0101m Gregory p\u0101rg\u0101jienu mugursom\u0101m Zulu izce\u013cas ar lielu U veida priek\u0161\u0113jo atv\u0113r\u0161anu, kas \u013cauj piek\u013c\u016bt visam mugursomas saturam.\" \/>\n<meta property=\"og:url\" content=\"https:\/\/gohike.lv\/ru\/produkts\/gregory-zulu-40-pargajienu-mugursoma\/\" \/>\n<meta property=\"og:site_name\" content=\"GoHike\" \/>\n<meta property=\"article:publisher\" content=\"https:\/\/www.facebook.com\/gohike.shop\/\" \/>\n<meta property=\"article:modified_time\" content=\"2026-02-04T17:29:28+00:00\" \/>\n<meta property=\"og:image\" content=\"https:\/\/gohike.lv\/wp-content\/uploads\/2024\/10\/Zulu_green_-1.webp\" \/>\n\t<meta property=\"og:image:width\" content=\"600\" \/>\n\t<meta property=\"og:image:height\" content=\"605\" \/>\n\t<meta property=\"og:image:type\" content=\"image\/webp\" \/>\n<meta name=\"twitter:card\" content=\"summary_large_image\" \/>\n<meta name=\"twitter:title\" content=\"P\u0101rg\u0101jienu mugursoma Zulu 40\" \/>\n<meta name=\"twitter:label1\" content=\"\u041f\u0440\u0438\u043c\u0435\u0440\u043d\u043e\u0435 \u0432\u0440\u0435\u043c\u044f \u0434\u043b\u044f \u0447\u0442\u0435\u043d\u0438\u044f\" \/>\n\t<meta name=\"twitter:data1\" content=\"3 \u043c\u0438\u043d\u0443\u0442\u0430\" \/>\n<script type=\"application\/ld+json\" class=\"yoast-schema-graph\">{\"@context\":\"https:\\\/\\\/schema.org\",\"@graph\":[{\"@type\":[\"WebPage\",\"ItemPage\"],\"@id\":\"https:\\\/\\\/gohike.lv\\\/ru\\\/produkts\\\/gregory-zulu-40-pargajienu-mugursoma\\\/\",\"url\":\"https:\\\/\\\/gohike.lv\\\/ru\\\/produkts\\\/gregory-zulu-40-pargajienu-mugursoma\\\/\",\"name\":\"Gregory - Zulu 40 p\u0101rg\u0101jienu mugursoma\",\"isPartOf\":{\"@id\":\"https:\\\/\\\/gohike.lv\\\/ru\\\/#website\"},\"primaryImageOfPage\":{\"@id\":\"https:\\\/\\\/gohike.lv\\\/ru\\\/produkts\\\/gregory-zulu-40-pargajienu-mugursoma\\\/#primaryimage\"},\"image\":{\"@id\":\"https:\\\/\\\/gohike.lv\\\/ru\\\/produkts\\\/gregory-zulu-40-pargajienu-mugursoma\\\/#primaryimage\"},\"thumbnailUrl\":\"https:\\\/\\\/gohike.lv\\\/wp-content\\\/uploads\\\/2024\\\/10\\\/Zulu_green_-1.webp\",\"datePublished\":\"2024-10-09T14:44:26+00:00\",\"dateModified\":\"2026-02-04T17:29:28+00:00\",\"description\":\"Pietiekami liela p\u0101rg\u0101jieniem ar nak\u0161\u0146o\u0161anu telt\u012b, pietiekami viegla vienas dienas p\u0101rg\u0101jieniem. Starp cit\u0101m Gregory p\u0101rg\u0101jienu mugursom\u0101m Zulu izce\u013cas ar lielu U veida priek\u0161\u0113jo atv\u0113r\u0161anu, kas \u013cauj piek\u013c\u016bt visam mugursomas saturam.\",\"breadcrumb\":{\"@id\":\"https:\\\/\\\/gohike.lv\\\/ru\\\/produkts\\\/gregory-zulu-40-pargajienu-mugursoma\\\/#breadcrumb\"},\"inLanguage\":\"ru-RU\",\"potentialAction\":[{\"@type\":\"ReadAction\",\"target\":[\"https:\\\/\\\/gohike.lv\\\/ru\\\/produkts\\\/gregory-zulu-40-pargajienu-mugursoma\\\/\"]}]},{\"@type\":\"ImageObject\",\"inLanguage\":\"ru-RU\",\"@id\":\"https:\\\/\\\/gohike.lv\\\/ru\\\/produkts\\\/gregory-zulu-40-pargajienu-mugursoma\\\/#primaryimage\",\"url\":\"https:\\\/\\\/gohike.lv\\\/wp-content\\\/uploads\\\/2024\\\/10\\\/Zulu_green_-1.webp\",\"contentUrl\":\"https:\\\/\\\/gohike.lv\\\/wp-content\\\/uploads\\\/2024\\\/10\\\/Zulu_green_-1.webp\",\"width\":600,\"height\":605},{\"@type\":\"BreadcrumbList\",\"@id\":\"https:\\\/\\\/gohike.lv\\\/ru\\\/produkts\\\/gregory-zulu-40-pargajienu-mugursoma\\\/#breadcrumb\",\"itemListElement\":[{\"@type\":\"ListItem\",\"position\":1,\"name\":\"\u0413\u043b\u0430\u0432\u043d\u0430\u044f\",\"item\":\"https:\\\/\\\/gohike.lv\\\/ru\\\/\"},{\"@type\":\"ListItem\",\"position\":2,\"name\":\"\u041a\u0430\u0442\u0435\u0433\u043e\u0440\u0438\u0438 \u0442\u043e\u0432\u0430\u0440\u043e\u0432\",\"item\":\"https:\\\/\\\/gohike.lv\\\/%d0%ba%d0%b0%d1%82%d0%b5%d0%b3%d0%be%d1%80%d0%b8%d0%b8-%d1%82%d0%be%d0%b2%d0%b0%d1%80%d0%be%d0%b2\\\/\"},{\"@type\":\"ListItem\",\"position\":3,\"name\":\"Gregory &#8211; Zulu 40 p\u0101rg\u0101jienu mugursoma\"}]},{\"@type\":\"WebSite\",\"@id\":\"https:\\\/\\\/gohike.lv\\\/ru\\\/#website\",\"url\":\"https:\\\/\\\/gohike.lv\\\/ru\\\/\",\"name\":\"GoHike\",\"description\":\"\",\"publisher\":{\"@id\":\"https:\\\/\\\/gohike.lv\\\/ru\\\/#organization\"},\"potentialAction\":[{\"@type\":\"SearchAction\",\"target\":{\"@type\":\"EntryPoint\",\"urlTemplate\":\"https:\\\/\\\/gohike.lv\\\/ru\\\/?s={search_term_string}\"},\"query-input\":{\"@type\":\"PropertyValueSpecification\",\"valueRequired\":true,\"valueName\":\"search_term_string\"}}],\"inLanguage\":\"ru-RU\"},{\"@type\":\"Organization\",\"@id\":\"https:\\\/\\\/gohike.lv\\\/ru\\\/#organization\",\"name\":\"GoHike\",\"url\":\"https:\\\/\\\/gohike.lv\\\/ru\\\/\",\"logo\":{\"@type\":\"ImageObject\",\"inLanguage\":\"ru-RU\",\"@id\":\"https:\\\/\\\/gohike.lv\\\/ru\\\/#\\\/schema\\\/logo\\\/image\\\/\",\"url\":\"https:\\\/\\\/gohike.lv\\\/wp-content\\\/uploads\\\/2023\\\/08\\\/Logo_GoHike.webp\",\"contentUrl\":\"https:\\\/\\\/gohike.lv\\\/wp-content\\\/uploads\\\/2023\\\/08\\\/Logo_GoHike.webp\",\"width\":512,\"height\":512,\"caption\":\"GoHike\"},\"image\":{\"@id\":\"https:\\\/\\\/gohike.lv\\\/ru\\\/#\\\/schema\\\/logo\\\/image\\\/\"},\"sameAs\":[\"https:\\\/\\\/www.facebook.com\\\/gohike.shop\\\/\",\"https:\\\/\\\/www.instagram.com\\\/gohike.shop\\\/\"]}]}<\/script>\n<!-- \/ Yoast SEO plugin. -->","yoast_head_json":{"title":"Gregory - Zulu 40 p\u0101rg\u0101jienu mugursoma","description":"Pietiekami liela p\u0101rg\u0101jieniem ar nak\u0161\u0146o\u0161anu telt\u012b, pietiekami viegla vienas dienas p\u0101rg\u0101jieniem. Starp cit\u0101m Gregory p\u0101rg\u0101jienu mugursom\u0101m Zulu izce\u013cas ar lielu U veida priek\u0161\u0113jo atv\u0113r\u0161anu, kas \u013cauj piek\u013c\u016bt visam mugursomas saturam.","robots":{"index":"index","follow":"follow","max-snippet":"max-snippet:-1","max-image-preview":"max-image-preview:large","max-video-preview":"max-video-preview:-1"},"canonical":"https:\/\/gohike.lv\/ru\/produkts\/gregory-zulu-40-pargajienu-mugursoma\/","og_locale":"ru_RU","og_type":"article","og_title":"P\u0101rg\u0101jienu mugursoma Zulu 40","og_description":"Pietiekami liela p\u0101rg\u0101jieniem ar nak\u0161\u0146o\u0161anu telt\u012b, pietiekami viegla vienas dienas p\u0101rg\u0101jieniem. Starp cit\u0101m Gregory p\u0101rg\u0101jienu mugursom\u0101m Zulu izce\u013cas ar lielu U veida priek\u0161\u0113jo atv\u0113r\u0161anu, kas \u013cauj piek\u013c\u016bt visam mugursomas saturam.","og_url":"https:\/\/gohike.lv\/ru\/produkts\/gregory-zulu-40-pargajienu-mugursoma\/","og_site_name":"GoHike","article_publisher":"https:\/\/www.facebook.com\/gohike.shop\/","article_modified_time":"2026-02-04T17:29:28+00:00","og_image":[{"width":600,"height":605,"url":"https:\/\/gohike.lv\/wp-content\/uploads\/2024\/10\/Zulu_green_-1.webp","type":"image\/webp"}],"twitter_card":"summary_large_image","twitter_title":"P\u0101rg\u0101jienu mugursoma Zulu 40","twitter_misc":{"\u041f\u0440\u0438\u043c\u0435\u0440\u043d\u043e\u0435 \u0432\u0440\u0435\u043c\u044f \u0434\u043b\u044f \u0447\u0442\u0435\u043d\u0438\u044f":"3 \u043c\u0438\u043d\u0443\u0442\u0430"},"schema":{"@context":"https:\/\/schema.org","@graph":[{"@type":["WebPage","ItemPage"],"@id":"https:\/\/gohike.lv\/ru\/produkts\/gregory-zulu-40-pargajienu-mugursoma\/","url":"https:\/\/gohike.lv\/ru\/produkts\/gregory-zulu-40-pargajienu-mugursoma\/","name":"Gregory - Zulu 40 p\u0101rg\u0101jienu mugursoma","isPartOf":{"@id":"https:\/\/gohike.lv\/ru\/#website"},"primaryImageOfPage":{"@id":"https:\/\/gohike.lv\/ru\/produkts\/gregory-zulu-40-pargajienu-mugursoma\/#primaryimage"},"image":{"@id":"https:\/\/gohike.lv\/ru\/produkts\/gregory-zulu-40-pargajienu-mugursoma\/#primaryimage"},"thumbnailUrl":"https:\/\/gohike.lv\/wp-content\/uploads\/2024\/10\/Zulu_green_-1.webp","datePublished":"2024-10-09T14:44:26+00:00","dateModified":"2026-02-04T17:29:28+00:00","description":"Pietiekami liela p\u0101rg\u0101jieniem ar nak\u0161\u0146o\u0161anu telt\u012b, pietiekami viegla vienas dienas p\u0101rg\u0101jieniem. Starp cit\u0101m Gregory p\u0101rg\u0101jienu mugursom\u0101m Zulu izce\u013cas ar lielu U veida priek\u0161\u0113jo atv\u0113r\u0161anu, kas \u013cauj piek\u013c\u016bt visam mugursomas saturam.","breadcrumb":{"@id":"https:\/\/gohike.lv\/ru\/produkts\/gregory-zulu-40-pargajienu-mugursoma\/#breadcrumb"},"inLanguage":"ru-RU","potentialAction":[{"@type":"ReadAction","target":["https:\/\/gohike.lv\/ru\/produkts\/gregory-zulu-40-pargajienu-mugursoma\/"]}]},{"@type":"ImageObject","inLanguage":"ru-RU","@id":"https:\/\/gohike.lv\/ru\/produkts\/gregory-zulu-40-pargajienu-mugursoma\/#primaryimage","url":"https:\/\/gohike.lv\/wp-content\/uploads\/2024\/10\/Zulu_green_-1.webp","contentUrl":"https:\/\/gohike.lv\/wp-content\/uploads\/2024\/10\/Zulu_green_-1.webp","width":600,"height":605},{"@type":"BreadcrumbList","@id":"https:\/\/gohike.lv\/ru\/produkts\/gregory-zulu-40-pargajienu-mugursoma\/#breadcrumb","itemListElement":[{"@type":"ListItem","position":1,"name":"\u0413\u043b\u0430\u0432\u043d\u0430\u044f","item":"https:\/\/gohike.lv\/ru\/"},{"@type":"ListItem","position":2,"name":"\u041a\u0430\u0442\u0435\u0433\u043e\u0440\u0438\u0438 \u0442\u043e\u0432\u0430\u0440\u043e\u0432","item":"https:\/\/gohike.lv\/%d0%ba%d0%b0%d1%82%d0%b5%d0%b3%d0%be%d1%80%d0%b8%d0%b8-%d1%82%d0%be%d0%b2%d0%b0%d1%80%d0%be%d0%b2\/"},{"@type":"ListItem","position":3,"name":"Gregory &#8211; Zulu 40 p\u0101rg\u0101jienu mugursoma"}]},{"@type":"WebSite","@id":"https:\/\/gohike.lv\/ru\/#website","url":"https:\/\/gohike.lv\/ru\/","name":"GoHike","description":"","publisher":{"@id":"https:\/\/gohike.lv\/ru\/#organization"},"potentialAction":[{"@type":"SearchAction","target":{"@type":"EntryPoint","urlTemplate":"https:\/\/gohike.lv\/ru\/?s={search_term_string}"},"query-input":{"@type":"PropertyValueSpecification","valueRequired":true,"valueName":"search_term_string"}}],"inLanguage":"ru-RU"},{"@type":"Organization","@id":"https:\/\/gohike.lv\/ru\/#organization","name":"GoHike","url":"https:\/\/gohike.lv\/ru\/","logo":{"@type":"ImageObject","inLanguage":"ru-RU","@id":"https:\/\/gohike.lv\/ru\/#\/schema\/logo\/image\/","url":"https:\/\/gohike.lv\/wp-content\/uploads\/2023\/08\/Logo_GoHike.webp","contentUrl":"https:\/\/gohike.lv\/wp-content\/uploads\/2023\/08\/Logo_GoHike.webp","width":512,"height":512,"caption":"GoHike"},"image":{"@id":"https:\/\/gohike.lv\/ru\/#\/schema\/logo\/image\/"},"sameAs":["https:\/\/www.facebook.com\/gohike.shop\/","https:\/\/www.instagram.com\/gohike.shop\/"]}]}},"jetpack_sharing_enabled":true,"_links":{"self":[{"href":"https:\/\/gohike.lv\/ru\/wp-json\/wp\/v2\/product\/62773","targetHints":{"allow":["GET"]}}],"collection":[{"href":"https:\/\/gohike.lv\/ru\/wp-json\/wp\/v2\/product"}],"about":[{"href":"https:\/\/gohike.lv\/ru\/wp-json\/wp\/v2\/types\/product"}],"version-history":[{"count":0,"href":"https:\/\/gohike.lv\/ru\/wp-json\/wp\/v2\/product\/62773\/revisions"}],"wp:featuredmedia":[{"embeddable":true,"href":"https:\/\/gohike.lv\/ru\/wp-json\/wp\/v2\/media\/62776"}],"wp:attachment":[{"href":"https:\/\/gohike.lv\/ru\/wp-json\/wp\/v2\/media?parent=62773"}],"wp:term":[{"taxonomy":"product_brand","embeddable":true,"href":"https:\/\/gohike.lv\/ru\/wp-json\/wp\/v2\/product_brand?post=62773"},{"taxonomy":"product_cat","embeddable":true,"href":"https:\/\/gohike.lv\/ru\/wp-json\/wp\/v2\/product_cat?post=62773"},{"taxonomy":"product_tag","embeddable":true,"href":"https:\/\/gohike.lv\/ru\/wp-json\/wp\/v2\/product_tag?post=62773"}],"curies":[{"name":"wp","href":"https:\/\/api.w.org\/{rel}","templated":true}]}}