{"id":62748,"date":"2024-10-09T17:43:49","date_gmt":"2024-10-09T14:43:49","guid":{"rendered":"https:\/\/gohike.lv\/produkts\/gregory-pargajienu-mugursoma-zulu-55\/"},"modified":"2025-12-30T17:25:02","modified_gmt":"2025-12-30T14:25:02","slug":"gregory-zulu-55-pargajienu-mugursoma","status":"publish","type":"product","link":"https:\/\/gohike.lv\/ru\/produkts\/gregory-zulu-55-pargajienu-mugursoma\/","title":{"rendered":"Gregory &#8212;  Zulu 55 p\u0101rg\u0101jienu mugursoma"},"content":{"rendered":"<p>Galven\u0101s \u012bpa\u0161\u012bbas:<br \/>\nStarp cit\u0101m Gregory p\u0101rg\u0101jienu mugursom\u0101m Zulu izce\u013cas ar lielu U veida priek\u0161\u0113jo atv\u0113r\u0161anu, kas \u013cauj \u0113rti piek\u013c\u016bt visam mugursomas saturam;<br \/>\nAugst\u0101k\u0101s kvalit\u0101tes materi\u0101li un p\u0101rdom\u0101tas deta\u013cas nodro\u0161ina nep\u0101rsp\u0113jamu p\u0101rg\u0101jiena pieredzi, \u013caujot doties t\u0101l\u0101k nezin\u0101maj\u0101;<br \/>\nFreeFloat elast\u012bg\u0101, bag\u0101t\u012bgi polster\u0113t\u0101 gurnu josta piegu\u013c muguras lejasda\u013cai un gurniem, nodro\u0161inot atbalstu, kas piem\u0113rots l\u012bdz pat 23 kg svaram;<br \/>\n\u012apa\u0161i liel\u0101s gurnu jostas kabatas \u013cauj viegli piek\u013c\u016bt s\u012bkumiem un viedt\u0101lrunim;<br \/>\nNospriegotais siets rada br\u012bvu vietu starp muguru un somu, t\u0101d\u0113j\u0101di maksim\u0101li palielinot ventil\u0101ciju;<br \/>\nRegul\u0113jamais muguras izm\u0113rs \u013cauj piel\u0101got mugursomu augumam, nodro\u0161inot maksim\u0101lu ne\u0161anas komfortu, k\u0101 ar\u012b iesp\u0113ju mugursomu izmantot vair\u0101kiem \u0123imenes locek\u013ciem vai draugiem;<br \/>\nU veida pla\u0161\u0101 priek\u0161\u0113j\u0101 r\u0101v\u0113jsl\u0113dz\u0113ja atvere nodro\u0161ina \u0113rtu piek\u013cuvi visam mugursomas saturam;<br \/>\nGregory patent\u0113t\u0101 FreeFloat dinamisk\u0101 gurnu josta savieno gurnu jostu ar r\u0101mi ar paneli, kas \u013cauj tam kust\u0113ties un loc\u012bties kop\u0101 ar \u0137ermeni;<br \/>\nGurnu josta un plecu lences izgatavotas no Lifespan put\u0101m, lai nodro\u0161in\u0101tu ilgu kalpo\u0161anu, nezaud\u0113jot amortizejo\u0161\u0101s \u012bpa\u0161\u012bbas;<br \/>\nPerfor\u0113tas materi\u0101la plecu lences \u013cauj cirkul\u0113t gaisam un nov\u0113r\u0161 sv\u012b\u0161anu;<br \/>\nKomplekt\u0101 lietus p\u0101rvalks, kas iek\u013cauts speci\u0101l\u0101 kabat\u0101 ar r\u0101v\u0113jsl\u0113dz\u0113ju;<br \/>\nGu\u013cammaisa apak\u0161\u0113jais nodal\u012bjums ar r\u0101v\u0113jsl\u0113dz\u0113ju un no\u0146emamu sadal\u012bt\u0101ju;<br \/>\nNodal\u012bjums dzer\u0161anas sist\u0113mai ar SpeedClip pakaramo, kas ir sader\u012bga ar Gregory 3D Hydro dzer\u0161anas sist\u0113mu (dzer\u0161anas sist\u0113ma nav iek\u013cauta komplekt\u0101cij\u0101);<br \/>\nPace\u013cama aug\u0161\u0113j\u0101 kabata ar r\u0101v\u0113jsl\u0113dz\u0113ja nodal\u012bjumu un apak\u0161\u0113jo kabatu ar r\u0101v\u0113jsl\u0113dz\u0113ju, atstarojo\u0161iem stiprin\u0101juma punktiem un atsl\u0113gas klipsi;<br \/>\nDivas s\u0101nu kabatas no elast\u012bga t\u012bkla veidotas t\u0101, lai nospriego\u0161anas siksnas netrauc\u0113tu piek\u013c\u016bt s\u0101nu kabat\u0101s eso\u0161aj\u0101m mant\u0101m;<br \/>\nPriek\u0161\u0113j\u0101 elast\u012bga t\u012bkla kabata ar iztur\u012bga auduma priek\u0161\u0113jo paneli un spr\u0101dzes aizdari;<br \/>\nRegul\u0113jama stiprin\u0101juma cilpa un aug\u0161\u0113jais fiksators trekinga n\u016bj\u0101m vai ledus cirtnim;<br \/>\n\u012apa\u0161a dizaina \u0113rti satveramas r\u0101v\u0113jsl\u0113d\u017eu \u013cipi\u0146as.<br \/>\nSpecifik\u0101cija:<br \/>\n\u2022 S\/M 74H x 35W x 33D cm | 1.86 kg;<br \/>\n\u2022 M\/L 76H x 35W x 33D cm | 1.9 kg;<br \/>\n\u2022 40% p\u0101rstr\u0101d\u0101ta 400D poliestera Ripstop ar C0 DWR: izstr\u0101d\u0101ts bez PFAS;<br \/>\n\u2022 Ieteicamais maksim\u0101lais svars: 23 kg<br \/>\n\u2022 420D neilons ar C0 DWR: izstr\u0101d\u0101ts bez PFAS;;<br \/>\n\u2022 Odere 40% p\u0113c pat\u0113ri\u0146a p\u0101rstr\u0101d\u0101ts 135d poliesters ar C0 DWR: izstr\u0101d\u0101ts bez PFAS;<br \/>\n\u2022 SM\/MD muguras garumam 38 &#8212; 48 cm<br \/>\n\u2022 MD\/LG muguras garumam 45 &#8212; 55 cm.;<br \/>\n<iframe title=\"How to Fit Your Backpack | Gregory Mountain Products\" width=\"1200\" height=\"675\" src=\"https:\/\/www.youtube.com\/embed\/iCG6C_a5NIE?feature=oembed\" frameborder=\"0\" allow=\"accelerometer; autoplay; clipboard-write; encrypted-media; gyroscope; picture-in-picture; web-share\" referrerpolicy=\"strict-origin-when-cross-origin\" allowfullscreen><\/iframe><\/p>\n","protected":false},"excerpt":{"rendered":"<p>Dinamiskais FreeFloat r\u0101mis, muguras regul\u0113\u0161ana, elpojo\u0161s aizmugures panelis un vieglie materi\u0101li padara Zulu 55 par lieliski piem\u0113rotu mugursomu p\u0101rg\u0101jieniem ar nak\u0161\u0146o\u0161anu telt\u012b.<\/p>\n","protected":false},"featured_media":62751,"template":"","meta":[],"product_brand":[9717],"product_cat":[1827],"product_tag":[],"class_list":{"0":"post-62748","1":"product","2":"type-product","3":"status-publish","4":"has-post-thumbnail","6":"product_brand-gregory","7":"product_cat-mugursomas","8":"pa_izmers-m-l","9":"pa_izmers-s-m","10":"pa_izmerscm-14946","11":"pa_izmerscm-14947","12":"pa_produkta-tips-pargajienu-mugursomas","13":"pa_spalva-zils","14":"pa_tilpums-55l","16":"first","17":"instock","18":"taxable","19":"shipping-taxable","20":"purchasable","21":"product-type-variable"},"raw_content":{"name":"Gregory -  Zulu 55 p\u0101rg\u0101jienu mugursoma","description":"Galven\u0101s \u012bpa\u0161\u012bbas:\nStarp cit\u0101m Gregory p\u0101rg\u0101jienu mugursom\u0101m Zulu izce\u013cas ar lielu U veida priek\u0161\u0113jo atv\u0113r\u0161anu, kas \u013cauj \u0113rti piek\u013c\u016bt visam mugursomas saturam;\nAugst\u0101k\u0101s kvalit\u0101tes materi\u0101li un p\u0101rdom\u0101tas deta\u013cas nodro\u0161ina nep\u0101rsp\u0113jamu p\u0101rg\u0101jiena pieredzi, \u013caujot doties t\u0101l\u0101k nezin\u0101maj\u0101;\nFreeFloat elast\u012bg\u0101, bag\u0101t\u012bgi polster\u0113t\u0101 gurnu josta piegu\u013c muguras lejasda\u013cai un gurniem, nodro\u0161inot atbalstu, kas piem\u0113rots l\u012bdz pat 23 kg svaram;\n\u012apa\u0161i liel\u0101s gurnu jostas kabatas \u013cauj viegli piek\u013c\u016bt s\u012bkumiem un viedt\u0101lrunim;\nNospriegotais siets rada br\u012bvu vietu starp muguru un somu, t\u0101d\u0113j\u0101di maksim\u0101li palielinot ventil\u0101ciju;\nRegul\u0113jamais muguras izm\u0113rs \u013cauj piel\u0101got mugursomu augumam, nodro\u0161inot maksim\u0101lu ne\u0161anas komfortu, k\u0101 ar\u012b iesp\u0113ju mugursomu izmantot vair\u0101kiem \u0123imenes locek\u013ciem vai draugiem;\nU veida pla\u0161\u0101 priek\u0161\u0113j\u0101 r\u0101v\u0113jsl\u0113dz\u0113ja atvere nodro\u0161ina \u0113rtu piek\u013cuvi visam mugursomas saturam;\nGregory patent\u0113t\u0101 FreeFloat dinamisk\u0101 gurnu josta savieno gurnu jostu ar r\u0101mi ar paneli, kas \u013cauj tam kust\u0113ties un loc\u012bties kop\u0101 ar \u0137ermeni;\nGurnu josta un plecu lences izgatavotas no Lifespan put\u0101m, lai nodro\u0161in\u0101tu ilgu kalpo\u0161anu, nezaud\u0113jot amortizejo\u0161\u0101s \u012bpa\u0161\u012bbas;\nPerfor\u0113tas materi\u0101la plecu lences \u013cauj cirkul\u0113t gaisam un nov\u0113r\u0161 sv\u012b\u0161anu;\nKomplekt\u0101 lietus p\u0101rvalks, kas iek\u013cauts speci\u0101l\u0101 kabat\u0101 ar r\u0101v\u0113jsl\u0113dz\u0113ju;\nGu\u013cammaisa apak\u0161\u0113jais nodal\u012bjums ar r\u0101v\u0113jsl\u0113dz\u0113ju un no\u0146emamu sadal\u012bt\u0101ju;\nNodal\u012bjums dzer\u0161anas sist\u0113mai ar SpeedClip pakaramo, kas ir sader\u012bga ar Gregory 3D Hydro dzer\u0161anas sist\u0113mu (dzer\u0161anas sist\u0113ma nav iek\u013cauta komplekt\u0101cij\u0101);\nPace\u013cama aug\u0161\u0113j\u0101 kabata ar r\u0101v\u0113jsl\u0113dz\u0113ja nodal\u012bjumu un apak\u0161\u0113jo kabatu ar r\u0101v\u0113jsl\u0113dz\u0113ju, atstarojo\u0161iem stiprin\u0101juma punktiem un atsl\u0113gas klipsi;\nDivas s\u0101nu kabatas no elast\u012bga t\u012bkla veidotas t\u0101, lai nospriego\u0161anas siksnas netrauc\u0113tu piek\u013c\u016bt s\u0101nu kabat\u0101s eso\u0161aj\u0101m mant\u0101m;\nPriek\u0161\u0113j\u0101 elast\u012bga t\u012bkla kabata ar iztur\u012bga auduma priek\u0161\u0113jo paneli un spr\u0101dzes aizdari;\nRegul\u0113jama stiprin\u0101juma cilpa un aug\u0161\u0113jais fiksators trekinga n\u016bj\u0101m vai ledus cirtnim;\n\u012apa\u0161a dizaina \u0113rti satveramas r\u0101v\u0113jsl\u0113d\u017eu \u013cipi\u0146as.\nSpecifik\u0101cija:\n\u2022 S\/M 74H x 35W x 33D cm | 1.86 kg;\n\u2022 M\/L 76H x 35W x 33D cm | 1.9 kg;\n\u2022 40% p\u0101rstr\u0101d\u0101ta 400D poliestera Ripstop ar C0 DWR: izstr\u0101d\u0101ts bez PFAS;\n\u2022 Ieteicamais maksim\u0101lais svars: 23 kg\n\u2022 420D neilons ar C0 DWR: izstr\u0101d\u0101ts bez PFAS;;\n\u2022 Odere 40% p\u0113c pat\u0113ri\u0146a p\u0101rstr\u0101d\u0101ts 135d poliesters ar C0 DWR: izstr\u0101d\u0101ts bez PFAS;\n\u2022 SM\/MD muguras garumam 38 - 48 cm\n\u2022 MD\/LG muguras garumam 45 - 55 cm.;\nhttps:\/\/www.youtube.com\/watch?v=iCG6C_a5NIE","short_description":"Dinamiskais FreeFloat r\u0101mis, muguras regul\u0113\u0161ana, elpojo\u0161s aizmugures panelis un vieglie materi\u0101li padara Zulu 55 par lieliski piem\u0113rotu mugursomu p\u0101rg\u0101jieniem ar nak\u0161\u0146o\u0161anu telt\u012b.","status":"publish","sku":"greg0007","original":62748},"wpml":{"translation_type":1,"has_translations":true,"original":62748,"duplicates":[],"translations":{"lv":62748,"en":67087,"ru":null}},"supplier_id":null,"supplier_sku":"","barcode":null,"atum_controlled":true,"out_stock_date":null,"out_stock_threshold":null,"inheritable":true,"inbound_stock":0,"stock_on_hold":0,"sold_today":0,"sales_last_days":0,"reserved_stock":0,"customer_returns":0,"warehouse_damage":0,"lost_in_post":0,"other_logs":0,"out_stock_days":0,"lost_sales":0,"has_location":false,"update_date":"2025-12-30T14:30:31","atum_locations":[],"atum_stock_status":"instock","restock_status":false,"low_stock_amount":"","sales_update_date":"2025-11-13T14:07:27","calc_backorders":null,"yoast_head":"<!-- This site is optimized with the Yoast SEO plugin v27.3 - https:\/\/yoast.com\/product\/yoast-seo-wordpress\/ -->\n<title>Gregory - Zulu 55 p\u0101rg\u0101jienu mugursoma<\/title>\n<meta name=\"description\" content=\"Dinamiskais FreeFloat r\u0101mis, muguras regul\u0113\u0161ana, elpojo\u0161s aizmugures panelis un vieglie materi\u0101li padara Zulu 55 par lieliski piem\u0113rotu mugursomu p\u0101rg\u0101jieniem ar nak\u0161\u0146o\u0161anu telt\u012b.\" \/>\n<meta name=\"robots\" content=\"index, follow, max-snippet:-1, max-image-preview:large, max-video-preview:-1\" \/>\n<link rel=\"canonical\" href=\"https:\/\/gohike.lv\/ru\/produkts\/gregory-zulu-55-pargajienu-mugursoma\/\" \/>\n<meta property=\"og:locale\" content=\"ru_RU\" \/>\n<meta property=\"og:type\" content=\"article\" \/>\n<meta property=\"og:title\" content=\"P\u0101rg\u0101jienu mugursoma Zulu 55\" \/>\n<meta property=\"og:description\" content=\"Dinamiskais FreeFloat r\u0101mis, muguras regul\u0113\u0161ana, elpojo\u0161s aizmugures panelis un vieglie materi\u0101li padara Zulu 55 par lieliski piem\u0113rotu mugursomu p\u0101rg\u0101jieniem ar nak\u0161\u0146o\u0161anu telt\u012b.\" \/>\n<meta property=\"og:url\" content=\"https:\/\/gohike.lv\/ru\/produkts\/gregory-zulu-55-pargajienu-mugursoma\/\" \/>\n<meta property=\"og:site_name\" content=\"GoHike\" \/>\n<meta property=\"article:publisher\" content=\"https:\/\/www.facebook.com\/gohike.shop\/\" \/>\n<meta property=\"article:modified_time\" content=\"2025-12-30T14:25:02+00:00\" \/>\n<meta property=\"og:image\" content=\"https:\/\/gohike.lv\/wp-content\/uploads\/2024\/10\/ZULU_blue_-1.webp\" \/>\n\t<meta property=\"og:image:width\" content=\"1349\" \/>\n\t<meta property=\"og:image:height\" content=\"1345\" \/>\n\t<meta property=\"og:image:type\" content=\"image\/webp\" \/>\n<meta name=\"twitter:card\" content=\"summary_large_image\" \/>\n<meta name=\"twitter:title\" content=\"P\u0101rg\u0101jienu mugursoma Zulu 55\" \/>\n<meta name=\"twitter:label1\" content=\"\u041f\u0440\u0438\u043c\u0435\u0440\u043d\u043e\u0435 \u0432\u0440\u0435\u043c\u044f \u0434\u043b\u044f \u0447\u0442\u0435\u043d\u0438\u044f\" \/>\n\t<meta name=\"twitter:data1\" content=\"3 \u043c\u0438\u043d\u0443\u0442\u0430\" \/>\n<script type=\"application\/ld+json\" class=\"yoast-schema-graph\">{\"@context\":\"https:\\\/\\\/schema.org\",\"@graph\":[{\"@type\":[\"WebPage\",\"ItemPage\"],\"@id\":\"https:\\\/\\\/gohike.lv\\\/ru\\\/produkts\\\/gregory-zulu-55-pargajienu-mugursoma\\\/\",\"url\":\"https:\\\/\\\/gohike.lv\\\/ru\\\/produkts\\\/gregory-zulu-55-pargajienu-mugursoma\\\/\",\"name\":\"Gregory - Zulu 55 p\u0101rg\u0101jienu mugursoma\",\"isPartOf\":{\"@id\":\"https:\\\/\\\/gohike.lv\\\/ru\\\/#website\"},\"primaryImageOfPage\":{\"@id\":\"https:\\\/\\\/gohike.lv\\\/ru\\\/produkts\\\/gregory-zulu-55-pargajienu-mugursoma\\\/#primaryimage\"},\"image\":{\"@id\":\"https:\\\/\\\/gohike.lv\\\/ru\\\/produkts\\\/gregory-zulu-55-pargajienu-mugursoma\\\/#primaryimage\"},\"thumbnailUrl\":\"https:\\\/\\\/gohike.lv\\\/wp-content\\\/uploads\\\/2024\\\/10\\\/ZULU_blue_-1.webp\",\"datePublished\":\"2024-10-09T14:43:49+00:00\",\"dateModified\":\"2025-12-30T14:25:02+00:00\",\"description\":\"Dinamiskais FreeFloat r\u0101mis, muguras regul\u0113\u0161ana, elpojo\u0161s aizmugures panelis un vieglie materi\u0101li padara Zulu 55 par lieliski piem\u0113rotu mugursomu p\u0101rg\u0101jieniem ar nak\u0161\u0146o\u0161anu telt\u012b.\",\"breadcrumb\":{\"@id\":\"https:\\\/\\\/gohike.lv\\\/ru\\\/produkts\\\/gregory-zulu-55-pargajienu-mugursoma\\\/#breadcrumb\"},\"inLanguage\":\"ru-RU\",\"potentialAction\":[{\"@type\":\"ReadAction\",\"target\":[\"https:\\\/\\\/gohike.lv\\\/ru\\\/produkts\\\/gregory-zulu-55-pargajienu-mugursoma\\\/\"]}]},{\"@type\":\"ImageObject\",\"inLanguage\":\"ru-RU\",\"@id\":\"https:\\\/\\\/gohike.lv\\\/ru\\\/produkts\\\/gregory-zulu-55-pargajienu-mugursoma\\\/#primaryimage\",\"url\":\"https:\\\/\\\/gohike.lv\\\/wp-content\\\/uploads\\\/2024\\\/10\\\/ZULU_blue_-1.webp\",\"contentUrl\":\"https:\\\/\\\/gohike.lv\\\/wp-content\\\/uploads\\\/2024\\\/10\\\/ZULU_blue_-1.webp\",\"width\":1349,\"height\":1345},{\"@type\":\"BreadcrumbList\",\"@id\":\"https:\\\/\\\/gohike.lv\\\/ru\\\/produkts\\\/gregory-zulu-55-pargajienu-mugursoma\\\/#breadcrumb\",\"itemListElement\":[{\"@type\":\"ListItem\",\"position\":1,\"name\":\"\u0413\u043b\u0430\u0432\u043d\u0430\u044f\",\"item\":\"https:\\\/\\\/gohike.lv\\\/ru\\\/\"},{\"@type\":\"ListItem\",\"position\":2,\"name\":\"\u041a\u0430\u0442\u0435\u0433\u043e\u0440\u0438\u0438 \u0442\u043e\u0432\u0430\u0440\u043e\u0432\",\"item\":\"https:\\\/\\\/gohike.lv\\\/%d0%ba%d0%b0%d1%82%d0%b5%d0%b3%d0%be%d1%80%d0%b8%d0%b8-%d1%82%d0%be%d0%b2%d0%b0%d1%80%d0%be%d0%b2\\\/\"},{\"@type\":\"ListItem\",\"position\":3,\"name\":\"Gregory &#8211; Zulu 55 p\u0101rg\u0101jienu mugursoma\"}]},{\"@type\":\"WebSite\",\"@id\":\"https:\\\/\\\/gohike.lv\\\/ru\\\/#website\",\"url\":\"https:\\\/\\\/gohike.lv\\\/ru\\\/\",\"name\":\"GoHike\",\"description\":\"\",\"publisher\":{\"@id\":\"https:\\\/\\\/gohike.lv\\\/ru\\\/#organization\"},\"potentialAction\":[{\"@type\":\"SearchAction\",\"target\":{\"@type\":\"EntryPoint\",\"urlTemplate\":\"https:\\\/\\\/gohike.lv\\\/ru\\\/?s={search_term_string}\"},\"query-input\":{\"@type\":\"PropertyValueSpecification\",\"valueRequired\":true,\"valueName\":\"search_term_string\"}}],\"inLanguage\":\"ru-RU\"},{\"@type\":\"Organization\",\"@id\":\"https:\\\/\\\/gohike.lv\\\/ru\\\/#organization\",\"name\":\"GoHike\",\"url\":\"https:\\\/\\\/gohike.lv\\\/ru\\\/\",\"logo\":{\"@type\":\"ImageObject\",\"inLanguage\":\"ru-RU\",\"@id\":\"https:\\\/\\\/gohike.lv\\\/ru\\\/#\\\/schema\\\/logo\\\/image\\\/\",\"url\":\"https:\\\/\\\/gohike.lv\\\/wp-content\\\/uploads\\\/2023\\\/08\\\/Logo_GoHike.webp\",\"contentUrl\":\"https:\\\/\\\/gohike.lv\\\/wp-content\\\/uploads\\\/2023\\\/08\\\/Logo_GoHike.webp\",\"width\":512,\"height\":512,\"caption\":\"GoHike\"},\"image\":{\"@id\":\"https:\\\/\\\/gohike.lv\\\/ru\\\/#\\\/schema\\\/logo\\\/image\\\/\"},\"sameAs\":[\"https:\\\/\\\/www.facebook.com\\\/gohike.shop\\\/\",\"https:\\\/\\\/www.instagram.com\\\/gohike.shop\\\/\"]}]}<\/script>\n<!-- \/ Yoast SEO plugin. -->","yoast_head_json":{"title":"Gregory - Zulu 55 p\u0101rg\u0101jienu mugursoma","description":"Dinamiskais FreeFloat r\u0101mis, muguras regul\u0113\u0161ana, elpojo\u0161s aizmugures panelis un vieglie materi\u0101li padara Zulu 55 par lieliski piem\u0113rotu mugursomu p\u0101rg\u0101jieniem ar nak\u0161\u0146o\u0161anu telt\u012b.","robots":{"index":"index","follow":"follow","max-snippet":"max-snippet:-1","max-image-preview":"max-image-preview:large","max-video-preview":"max-video-preview:-1"},"canonical":"https:\/\/gohike.lv\/ru\/produkts\/gregory-zulu-55-pargajienu-mugursoma\/","og_locale":"ru_RU","og_type":"article","og_title":"P\u0101rg\u0101jienu mugursoma Zulu 55","og_description":"Dinamiskais FreeFloat r\u0101mis, muguras regul\u0113\u0161ana, elpojo\u0161s aizmugures panelis un vieglie materi\u0101li padara Zulu 55 par lieliski piem\u0113rotu mugursomu p\u0101rg\u0101jieniem ar nak\u0161\u0146o\u0161anu telt\u012b.","og_url":"https:\/\/gohike.lv\/ru\/produkts\/gregory-zulu-55-pargajienu-mugursoma\/","og_site_name":"GoHike","article_publisher":"https:\/\/www.facebook.com\/gohike.shop\/","article_modified_time":"2025-12-30T14:25:02+00:00","og_image":[{"width":1349,"height":1345,"url":"https:\/\/gohike.lv\/wp-content\/uploads\/2024\/10\/ZULU_blue_-1.webp","type":"image\/webp"}],"twitter_card":"summary_large_image","twitter_title":"P\u0101rg\u0101jienu mugursoma Zulu 55","twitter_misc":{"\u041f\u0440\u0438\u043c\u0435\u0440\u043d\u043e\u0435 \u0432\u0440\u0435\u043c\u044f \u0434\u043b\u044f \u0447\u0442\u0435\u043d\u0438\u044f":"3 \u043c\u0438\u043d\u0443\u0442\u0430"},"schema":{"@context":"https:\/\/schema.org","@graph":[{"@type":["WebPage","ItemPage"],"@id":"https:\/\/gohike.lv\/ru\/produkts\/gregory-zulu-55-pargajienu-mugursoma\/","url":"https:\/\/gohike.lv\/ru\/produkts\/gregory-zulu-55-pargajienu-mugursoma\/","name":"Gregory - Zulu 55 p\u0101rg\u0101jienu mugursoma","isPartOf":{"@id":"https:\/\/gohike.lv\/ru\/#website"},"primaryImageOfPage":{"@id":"https:\/\/gohike.lv\/ru\/produkts\/gregory-zulu-55-pargajienu-mugursoma\/#primaryimage"},"image":{"@id":"https:\/\/gohike.lv\/ru\/produkts\/gregory-zulu-55-pargajienu-mugursoma\/#primaryimage"},"thumbnailUrl":"https:\/\/gohike.lv\/wp-content\/uploads\/2024\/10\/ZULU_blue_-1.webp","datePublished":"2024-10-09T14:43:49+00:00","dateModified":"2025-12-30T14:25:02+00:00","description":"Dinamiskais FreeFloat r\u0101mis, muguras regul\u0113\u0161ana, elpojo\u0161s aizmugures panelis un vieglie materi\u0101li padara Zulu 55 par lieliski piem\u0113rotu mugursomu p\u0101rg\u0101jieniem ar nak\u0161\u0146o\u0161anu telt\u012b.","breadcrumb":{"@id":"https:\/\/gohike.lv\/ru\/produkts\/gregory-zulu-55-pargajienu-mugursoma\/#breadcrumb"},"inLanguage":"ru-RU","potentialAction":[{"@type":"ReadAction","target":["https:\/\/gohike.lv\/ru\/produkts\/gregory-zulu-55-pargajienu-mugursoma\/"]}]},{"@type":"ImageObject","inLanguage":"ru-RU","@id":"https:\/\/gohike.lv\/ru\/produkts\/gregory-zulu-55-pargajienu-mugursoma\/#primaryimage","url":"https:\/\/gohike.lv\/wp-content\/uploads\/2024\/10\/ZULU_blue_-1.webp","contentUrl":"https:\/\/gohike.lv\/wp-content\/uploads\/2024\/10\/ZULU_blue_-1.webp","width":1349,"height":1345},{"@type":"BreadcrumbList","@id":"https:\/\/gohike.lv\/ru\/produkts\/gregory-zulu-55-pargajienu-mugursoma\/#breadcrumb","itemListElement":[{"@type":"ListItem","position":1,"name":"\u0413\u043b\u0430\u0432\u043d\u0430\u044f","item":"https:\/\/gohike.lv\/ru\/"},{"@type":"ListItem","position":2,"name":"\u041a\u0430\u0442\u0435\u0433\u043e\u0440\u0438\u0438 \u0442\u043e\u0432\u0430\u0440\u043e\u0432","item":"https:\/\/gohike.lv\/%d0%ba%d0%b0%d1%82%d0%b5%d0%b3%d0%be%d1%80%d0%b8%d0%b8-%d1%82%d0%be%d0%b2%d0%b0%d1%80%d0%be%d0%b2\/"},{"@type":"ListItem","position":3,"name":"Gregory &#8211; Zulu 55 p\u0101rg\u0101jienu mugursoma"}]},{"@type":"WebSite","@id":"https:\/\/gohike.lv\/ru\/#website","url":"https:\/\/gohike.lv\/ru\/","name":"GoHike","description":"","publisher":{"@id":"https:\/\/gohike.lv\/ru\/#organization"},"potentialAction":[{"@type":"SearchAction","target":{"@type":"EntryPoint","urlTemplate":"https:\/\/gohike.lv\/ru\/?s={search_term_string}"},"query-input":{"@type":"PropertyValueSpecification","valueRequired":true,"valueName":"search_term_string"}}],"inLanguage":"ru-RU"},{"@type":"Organization","@id":"https:\/\/gohike.lv\/ru\/#organization","name":"GoHike","url":"https:\/\/gohike.lv\/ru\/","logo":{"@type":"ImageObject","inLanguage":"ru-RU","@id":"https:\/\/gohike.lv\/ru\/#\/schema\/logo\/image\/","url":"https:\/\/gohike.lv\/wp-content\/uploads\/2023\/08\/Logo_GoHike.webp","contentUrl":"https:\/\/gohike.lv\/wp-content\/uploads\/2023\/08\/Logo_GoHike.webp","width":512,"height":512,"caption":"GoHike"},"image":{"@id":"https:\/\/gohike.lv\/ru\/#\/schema\/logo\/image\/"},"sameAs":["https:\/\/www.facebook.com\/gohike.shop\/","https:\/\/www.instagram.com\/gohike.shop\/"]}]}},"jetpack_sharing_enabled":true,"_links":{"self":[{"href":"https:\/\/gohike.lv\/ru\/wp-json\/wp\/v2\/product\/62748","targetHints":{"allow":["GET"]}}],"collection":[{"href":"https:\/\/gohike.lv\/ru\/wp-json\/wp\/v2\/product"}],"about":[{"href":"https:\/\/gohike.lv\/ru\/wp-json\/wp\/v2\/types\/product"}],"version-history":[{"count":0,"href":"https:\/\/gohike.lv\/ru\/wp-json\/wp\/v2\/product\/62748\/revisions"}],"wp:featuredmedia":[{"embeddable":true,"href":"https:\/\/gohike.lv\/ru\/wp-json\/wp\/v2\/media\/62751"}],"wp:attachment":[{"href":"https:\/\/gohike.lv\/ru\/wp-json\/wp\/v2\/media?parent=62748"}],"wp:term":[{"taxonomy":"product_brand","embeddable":true,"href":"https:\/\/gohike.lv\/ru\/wp-json\/wp\/v2\/product_brand?post=62748"},{"taxonomy":"product_cat","embeddable":true,"href":"https:\/\/gohike.lv\/ru\/wp-json\/wp\/v2\/product_cat?post=62748"},{"taxonomy":"product_tag","embeddable":true,"href":"https:\/\/gohike.lv\/ru\/wp-json\/wp\/v2\/product_tag?post=62748"}],"curies":[{"name":"wp","href":"https:\/\/api.w.org\/{rel}","templated":true}]}}