{"id":62743,"date":"2024-10-09T17:43:32","date_gmt":"2024-10-09T14:43:32","guid":{"rendered":"https:\/\/gohike.lv\/produkts\/gregory-pargajienu-mugursoma-gregory-baltoro-75\/"},"modified":"2025-12-30T17:25:02","modified_gmt":"2025-12-30T14:25:02","slug":"gregory-baltoro-75-pargajienu-mugursoma","status":"publish","type":"product","link":"https:\/\/gohike.lv\/ru\/produkts\/gregory-baltoro-75-pargajienu-mugursoma\/","title":{"rendered":"Gregory &#8212; Baltoro 75 p\u0101rg\u0101jienu mugursoma"},"content":{"rendered":"<p>Freefloat A3 dinamisk\u0101 sist\u0113ma nodro\u0161ina maksim\u0101lu komfortu pat ar smag\u0101m krav\u0101m. Smaku mazino\u0161ais siets un ventil\u0113ts AirCushion muguras panelis nodro\u0161ina v\u0113s\u0101ku un svaig\u0101ku mugursomu ilgsto\u0161iem p\u0101rg\u0101jieniem t\u0101lu dzi\u013c\u0101 dab\u0101.<br \/>\nGalven\u0101s \u012bpa\u0161\u012bbas:<br \/>\n\u2022 FreeFloat A3 piekares sist\u0113ma ar dinamiskajiem elast\u012bgajiem pane\u013ciem un autom\u0101tiski rot\u0113jo\u0161\u0101m plecu siksn\u0101m, kas piel\u0101gojas \u0137erme\u0146a dabiskaj\u0101m kust\u012bb\u0101m;<br \/>\n\u2022 AirCushion muguras panelis bez put\u0101m nodro\u0161ina elpojam\u012bbu, likvid\u0113 spiediena punktus un mitrumu uzs\u016bco\u0161as dzes\u0113\u0161anas priek\u0161roc\u012bbas;<br \/>\n\u2022 3D plecu siksnu un gurnu jostas konstrukcija nov\u0113r\u0161 krokas;<br \/>\n\u2022 Visas piekares sast\u0101vda\u013cas apstr\u0101d\u0101tas ar Polygiene\u00ae Stays Fresh Technology (smaku kontrol\u0113jo\u0161u auduma apstr\u0101di, kas kav\u0113 smakas izraiso\u0161u mikrobu att\u012bst\u012bbu);<br \/>\n\u2022 Autom\u0101tiski rot\u0113jo\u0161a, divu bl\u012bvumu plecu siksna ar kr\u016b\u0161u siksnu, kas apr\u012bkota ar integr\u0113tu dro\u0161\u012bbas svilpi un hidr\u0101cijas klipsi;<br \/>\n\u2022 ComfortGrip muguras spilventi\u0146\u0161 pal\u012bdz nov\u0113rst mugursomas sl\u012bd\u0113\u0161anu un notur to augstu uz gurniem;<br \/>\n\u2022 Perimetra sakaus\u0113juma r\u0101mis un stikla \u0161\u0137iedras \u0161\u0137\u0113rssija stabilai slodzes p\u0101rvald\u012bbai;<br \/>\n\u2022 Priek\u0161\u0113j\u0101 U-veida r\u0101v\u0113jsl\u0113dz\u0113ja piek\u013cuve somas galvenajam nodal\u012bjumam;<br \/>\n\u2022 Divas priek\u0161\u0113j\u0101s kabatas ar r\u0101v\u0113jsl\u0113dz\u0113ju un peldo\u0161u nodal\u012bjumu;<br \/>\n\u2022 Sunglass QuickStow sist\u0113ma uz plecu siksn\u0101m \u0101trai un dro\u0161ai piek\u013cuvei saulesbrill\u0113m;<br \/>\n\u2022 Iek\u0161\u0113jais hidr\u0101cijas piedurknes nodal\u012bjums ar SpeedClip stiprin\u0101jumu, sader\u012bgs ar Gregory 3D Hydro Trek rezervu\u0101ru (rezervu\u0101rs nav iek\u013cauts);<br \/>\n\u2022 Peldo\u0161s aug\u0161\u0113jais nodal\u012bjums ar lielu r\u0101v\u0113jsl\u0113dz\u0113ja kabatu, mazu \u0101tr\u0101s piek\u013cuves kabatu un apak\u0161\u0113jo r\u0101v\u0113jsl\u0113dz\u0113ja kabatu, atstarojo\u0161iem stiprin\u0101juma punktiem un atsl\u0113gu klipsi;<br \/>\n\u2022 SideWinder pudeles tur\u0113t\u0101js vienk\u0101r\u0161ai piek\u013cuvei \u016bdens pudelei ar vienu roku \u2013 kad tas netiek izmantots, tas ir nosl\u0113pts;<br \/>\n\u2022 Lielas r\u0101v\u0113jsl\u0113dz\u0113ja kabatas uz gurnu jostas ar pietiekamu vietu mobilajam telefonam un svar\u012bg\u0101kaj\u0101m liet\u0101m;<br \/>\n\u2022 S\u0101nu izstiepjam\u0101 kabata ar kompresijas sist\u0113mu;<br \/>\n\u2022 Priek\u0161\u0113j\u0101 liela izstiepjam\u0101 kabata ar dro\u0161u spr\u0101dzes aizdari;<br \/>\n\u2022 \u0100tri nosl\u0113dzams auklas aizdare un aug\u0161\u0113j\u0101 siksnas kompresija<br \/>\n\u2022 R\u0101v\u0113jsl\u0113dz\u0113ja apak\u0161\u0113jais gu\u013cammaisa nodal\u012bjums ar no\u0146emamu nodal\u012bjumu;<br \/>\n\u2022 Piederumu stiprin\u0101jumu sist\u0113ma pieejama uz gurnu jostas;<br \/>\n\u2022 Regul\u0113jami stiprin\u0101jumu cilpas un aug\u0161\u0113jie trieciena aizsargi trekinga n\u016bj\u0101m vai ledus cirtnim;<br \/>\n\u2022 Custom ComfortGrip veidotas r\u0101v\u0113jsl\u0113dz\u0113ju cilpas un siksnu tur\u0113t\u0101ji siksnu p\u0101rvald\u012bbai;<br \/>\n\u2022 NANO CONNECT \u2013 Iek\u013cautas iek\u0161\u0113j\u0101s cilpas Nano 14 dienas somas pievieno\u0161anai.<br \/>\nRaksturlielumi:<br \/>\nBaltoro 75 kr\u0101s\u0101 &#8212; Alaska Blue.<br \/>\nPreces numurs:1413021002;<br \/>\nIde\u0101li piem\u0113rots: V\u012brie\u0161iem;<br \/>\nAktivit\u0101te: P\u0101rg\u0101jieni;<br \/>\nProdukta izm\u0113ri: 85,6 cm augstums x 35 cm garums x 34 cm platums;<br \/>\nSvars: 2,45 kg;<br \/>\nTilpums: 80 litri;<br \/>\nMaksim\u0101l\u0101 slodze: 25 kg;<br \/>\nPiek\u013cuve galvenajam nodal\u012bjumam: No aug\u0161as \/ U-veida r\u0101v\u0113jsl\u0113dz\u0113js \/ No apak\u0161as;<br \/>\nRumpja izm\u0113rs: 46 l\u012bdz 53 cm;;<br \/>\nGurnu\/Viduk\u013ca izm\u0113rs: 76 l\u012bdz 132 cm;<br \/>\nIek\u0161\u0113jais r\u0101mis: J\u0101;<br \/>\nR\u0101mja tips: Perimetra stieple;<br \/>\n\u0100r\u0113jo kabatu skaits: 9;<br \/>\nAizdares tips: Auklas\/r\u0101v\u0113jsl\u0113dz\u0113ja aizdare;<br \/>\nSader\u012bba ar hidr\u0101ciju: J\u0101;<br \/>\nIek\u013cauta gurnu josta: J\u0101;<br \/>\nGurnu jostas kabatas: J\u0101;<br \/>\nGu\u013cammaisa nodal\u012bjums: J\u0101;<br \/>\nTrekinga n\u016bju stiprin\u0101jumi: J\u0101;<br \/>\nR\u0101mja materi\u0101li: Sakaus\u0113juma t\u0113rauda r\u0101mis un stikla \u0161\u0137iedras \u0161\u0137\u0113rssija ar HDPE;<br \/>\n\u0100r\u0113jais materi\u0101ls: 100% neilons;<br \/>\nSomu korpuss: 210D augsta bl\u012bvuma 40% p\u0101rstr\u0101d\u0101ts neilons un 420D augsta bl\u012bvuma 45% p\u0101rstr\u0101d\u0101ts neilons ar C0 DWR (nesatur PFAS);<br \/>\nSomu apak\u0161a: 630D augsta bl\u012bvuma neilons ar C0 DWR (nesatur PFAS);<br \/>\nOdere: 40% p\u0101rstr\u0101d\u0101ts 135D poliesters ar C0 DWR (nesatur PFAS);<br \/>\nPiekares sist\u0113ma: Lifespan EVA putas un AirCushion siets.<br \/>\n<iframe title=\"How to Fit Your Backpack | Gregory Mountain Products\" width=\"1200\" height=\"675\" src=\"https:\/\/www.youtube.com\/embed\/iCG6C_a5NIE?feature=oembed\" frameborder=\"0\" allow=\"accelerometer; autoplay; clipboard-write; encrypted-media; gyroscope; picture-in-picture; web-share\" referrerpolicy=\"strict-origin-when-cross-origin\" allowfullscreen><\/iframe><\/p>\n","protected":false},"excerpt":{"rendered":"<p>Baltoro 75 ietilp\u012bg\u0101 soma nodro\u0161in\u0101s vietu visiem svar\u012bg\u0101k\u0101jiem p\u0101rg\u0101jienu piederumiem.<\/p>\n","protected":false},"featured_media":62710,"template":"","meta":[],"product_brand":[9717],"product_cat":[1827],"product_tag":[],"class_list":{"0":"post-62743","1":"product","2":"type-product","3":"status-publish","4":"has-post-thumbnail","6":"product_brand-gregory","7":"product_cat-mugursomas","8":"pa_izmers-l","9":"pa_izmers-m","10":"pa_izmerscm-14943","11":"pa_izmerscm-14945","12":"pa_izmerscm-14944","13":"pa_produkta-tips-pargajienu-mugursomas","14":"pa_spalva-melns","15":"pa_spalva-zils","16":"pa_tilpums-75l","17":"pa_tilpums-80l","19":"first","20":"outofstock","21":"taxable","22":"shipping-taxable","23":"purchasable","24":"product-type-variable"},"raw_content":{"name":"Gregory - Baltoro 75 p\u0101rg\u0101jienu mugursoma","description":"Freefloat A3 dinamisk\u0101 sist\u0113ma nodro\u0161ina maksim\u0101lu komfortu pat ar smag\u0101m krav\u0101m. Smaku mazino\u0161ais siets un ventil\u0113ts AirCushion muguras panelis nodro\u0161ina v\u0113s\u0101ku un svaig\u0101ku mugursomu ilgsto\u0161iem p\u0101rg\u0101jieniem t\u0101lu dzi\u013c\u0101 dab\u0101.\nGalven\u0101s \u012bpa\u0161\u012bbas:\n\u2022 FreeFloat A3 piekares sist\u0113ma ar dinamiskajiem elast\u012bgajiem pane\u013ciem un autom\u0101tiski rot\u0113jo\u0161\u0101m plecu siksn\u0101m, kas piel\u0101gojas \u0137erme\u0146a dabiskaj\u0101m kust\u012bb\u0101m;\n\u2022 AirCushion muguras panelis bez put\u0101m nodro\u0161ina elpojam\u012bbu, likvid\u0113 spiediena punktus un mitrumu uzs\u016bco\u0161as dzes\u0113\u0161anas priek\u0161roc\u012bbas;\n\u2022 3D plecu siksnu un gurnu jostas konstrukcija nov\u0113r\u0161 krokas;\n\u2022 Visas piekares sast\u0101vda\u013cas apstr\u0101d\u0101tas ar Polygiene\u00ae Stays Fresh Technology (smaku kontrol\u0113jo\u0161u auduma apstr\u0101di, kas kav\u0113 smakas izraiso\u0161u mikrobu att\u012bst\u012bbu);\n\u2022 Autom\u0101tiski rot\u0113jo\u0161a, divu bl\u012bvumu plecu siksna ar kr\u016b\u0161u siksnu, kas apr\u012bkota ar integr\u0113tu dro\u0161\u012bbas svilpi un hidr\u0101cijas klipsi;\n\u2022 ComfortGrip muguras spilventi\u0146\u0161 pal\u012bdz nov\u0113rst mugursomas sl\u012bd\u0113\u0161anu un notur to augstu uz gurniem;\n\u2022 Perimetra sakaus\u0113juma r\u0101mis un stikla \u0161\u0137iedras \u0161\u0137\u0113rssija stabilai slodzes p\u0101rvald\u012bbai;\n\u2022 Priek\u0161\u0113j\u0101 U-veida r\u0101v\u0113jsl\u0113dz\u0113ja piek\u013cuve somas galvenajam nodal\u012bjumam;\n\u2022 Divas priek\u0161\u0113j\u0101s kabatas ar r\u0101v\u0113jsl\u0113dz\u0113ju un peldo\u0161u nodal\u012bjumu;\n\u2022 Sunglass QuickStow sist\u0113ma uz plecu siksn\u0101m \u0101trai un dro\u0161ai piek\u013cuvei saulesbrill\u0113m;\n\u2022 Iek\u0161\u0113jais hidr\u0101cijas piedurknes nodal\u012bjums ar SpeedClip stiprin\u0101jumu, sader\u012bgs ar Gregory 3D Hydro Trek rezervu\u0101ru (rezervu\u0101rs nav iek\u013cauts);\n\u2022 Peldo\u0161s aug\u0161\u0113jais nodal\u012bjums ar lielu r\u0101v\u0113jsl\u0113dz\u0113ja kabatu, mazu \u0101tr\u0101s piek\u013cuves kabatu un apak\u0161\u0113jo r\u0101v\u0113jsl\u0113dz\u0113ja kabatu, atstarojo\u0161iem stiprin\u0101juma punktiem un atsl\u0113gu klipsi;\n\u2022 SideWinder pudeles tur\u0113t\u0101js vienk\u0101r\u0161ai piek\u013cuvei \u016bdens pudelei ar vienu roku \u2013 kad tas netiek izmantots, tas ir nosl\u0113pts;\n\u2022 Lielas r\u0101v\u0113jsl\u0113dz\u0113ja kabatas uz gurnu jostas ar pietiekamu vietu mobilajam telefonam un svar\u012bg\u0101kaj\u0101m liet\u0101m;\n\u2022 S\u0101nu izstiepjam\u0101 kabata ar kompresijas sist\u0113mu;\n\u2022 Priek\u0161\u0113j\u0101 liela izstiepjam\u0101 kabata ar dro\u0161u spr\u0101dzes aizdari;\n\u2022 \u0100tri nosl\u0113dzams auklas aizdare un aug\u0161\u0113j\u0101 siksnas kompresija\n\u2022 R\u0101v\u0113jsl\u0113dz\u0113ja apak\u0161\u0113jais gu\u013cammaisa nodal\u012bjums ar no\u0146emamu nodal\u012bjumu;\n\u2022 Piederumu stiprin\u0101jumu sist\u0113ma pieejama uz gurnu jostas;\n\u2022 Regul\u0113jami stiprin\u0101jumu cilpas un aug\u0161\u0113jie trieciena aizsargi trekinga n\u016bj\u0101m vai ledus cirtnim;\n\u2022 Custom ComfortGrip veidotas r\u0101v\u0113jsl\u0113dz\u0113ju cilpas un siksnu tur\u0113t\u0101ji siksnu p\u0101rvald\u012bbai;\n\u2022 NANO CONNECT \u2013 Iek\u013cautas iek\u0161\u0113j\u0101s cilpas Nano 14 dienas somas pievieno\u0161anai.\nRaksturlielumi:\nBaltoro 75 kr\u0101s\u0101 - Alaska Blue.\nPreces numurs:1413021002;\nIde\u0101li piem\u0113rots: V\u012brie\u0161iem;\nAktivit\u0101te: P\u0101rg\u0101jieni;\nProdukta izm\u0113ri: 85,6 cm augstums x 35 cm garums x 34 cm platums;\nSvars: 2,45 kg;\nTilpums: 80 litri;\nMaksim\u0101l\u0101 slodze: 25 kg;\nPiek\u013cuve galvenajam nodal\u012bjumam: No aug\u0161as \/ U-veida r\u0101v\u0113jsl\u0113dz\u0113js \/ No apak\u0161as;\nRumpja izm\u0113rs: 46 l\u012bdz 53 cm;;\nGurnu\/Viduk\u013ca izm\u0113rs: 76 l\u012bdz 132 cm;\nIek\u0161\u0113jais r\u0101mis: J\u0101;\nR\u0101mja tips: Perimetra stieple;\n\u0100r\u0113jo kabatu skaits: 9;\nAizdares tips: Auklas\/r\u0101v\u0113jsl\u0113dz\u0113ja aizdare;\nSader\u012bba ar hidr\u0101ciju: J\u0101;\nIek\u013cauta gurnu josta: J\u0101;\nGurnu jostas kabatas: J\u0101;\nGu\u013cammaisa nodal\u012bjums: J\u0101;\nTrekinga n\u016bju stiprin\u0101jumi: J\u0101;\nR\u0101mja materi\u0101li: Sakaus\u0113juma t\u0113rauda r\u0101mis un stikla \u0161\u0137iedras \u0161\u0137\u0113rssija ar HDPE;\n\u0100r\u0113jais materi\u0101ls: 100% neilons;\nSomu korpuss: 210D augsta bl\u012bvuma 40% p\u0101rstr\u0101d\u0101ts neilons un 420D augsta bl\u012bvuma 45% p\u0101rstr\u0101d\u0101ts neilons ar C0 DWR (nesatur PFAS);\nSomu apak\u0161a: 630D augsta bl\u012bvuma neilons ar C0 DWR (nesatur PFAS);\nOdere: 40% p\u0101rstr\u0101d\u0101ts 135D poliesters ar C0 DWR (nesatur PFAS);\nPiekares sist\u0113ma: Lifespan EVA putas un AirCushion siets.\nhttps:\/\/www.youtube.com\/watch?v=iCG6C_a5NIE","short_description":"Baltoro 75 ietilp\u012bg\u0101 soma nodro\u0161in\u0101s vietu visiem svar\u012bg\u0101k\u0101jiem p\u0101rg\u0101jienu piederumiem.","status":"publish","sku":"greg0006","original":62743},"wpml":{"translation_type":1,"has_translations":true,"original":62743,"duplicates":[],"translations":{"lv":62743,"en":67108,"ru":null}},"supplier_id":null,"supplier_sku":"","barcode":null,"atum_controlled":true,"out_stock_date":null,"out_stock_threshold":null,"inheritable":false,"inbound_stock":0,"stock_on_hold":0,"sold_today":0,"sales_last_days":0,"reserved_stock":0,"customer_returns":0,"warehouse_damage":0,"lost_in_post":0,"other_logs":0,"out_stock_days":0,"lost_sales":0,"has_location":false,"update_date":"2025-12-30T14:30:31","atum_locations":[],"atum_stock_status":"outofstock","restock_status":false,"low_stock_amount":"","sales_update_date":"2025-11-13T14:07:27","calc_backorders":null,"yoast_head":"<!-- This site is optimized with the Yoast SEO plugin v27.3 - https:\/\/yoast.com\/product\/yoast-seo-wordpress\/ -->\n<title>Gregory - Baltoro 75 p\u0101rg\u0101jienu mugursoma<\/title>\n<meta name=\"description\" content=\"Baltoro 75 ietilp\u012bg\u0101 soma nodro\u0161in\u0101s vietu visiem svar\u012bg\u0101k\u0101jiem p\u0101rg\u0101jienu piederumiem.\u00a0\" \/>\n<meta name=\"robots\" content=\"index, follow, max-snippet:-1, max-image-preview:large, max-video-preview:-1\" \/>\n<link rel=\"canonical\" href=\"https:\/\/gohike.lv\/ru\/produkts\/gregory-baltoro-75-pargajienu-mugursoma\/\" \/>\n<meta property=\"og:locale\" content=\"ru_RU\" \/>\n<meta property=\"og:type\" content=\"article\" \/>\n<meta property=\"og:title\" content=\"P\u0101rg\u0101jienu mugursoma Gregory Baltoro 75\" \/>\n<meta property=\"og:description\" content=\"Baltoro 75 ietilp\u012bg\u0101 soma nodro\u0161in\u0101s vietu visiem svar\u012bg\u0101k\u0101jiem p\u0101rg\u0101jienu piederumiem.\u00a0\" \/>\n<meta property=\"og:url\" content=\"https:\/\/gohike.lv\/ru\/produkts\/gregory-baltoro-75-pargajienu-mugursoma\/\" \/>\n<meta property=\"og:site_name\" content=\"GoHike\" \/>\n<meta property=\"article:publisher\" content=\"https:\/\/www.facebook.com\/gohike.shop\/\" \/>\n<meta property=\"article:modified_time\" content=\"2025-12-30T14:25:02+00:00\" \/>\n<meta property=\"og:image\" content=\"https:\/\/gohike.lv\/wp-content\/uploads\/2024\/10\/Baltoro_blue_-1-scaled.jpg\" \/>\n\t<meta property=\"og:image:width\" content=\"2560\" \/>\n\t<meta property=\"og:image:height\" content=\"2560\" \/>\n\t<meta property=\"og:image:type\" content=\"image\/jpeg\" \/>\n<meta name=\"twitter:card\" content=\"summary_large_image\" \/>\n<meta name=\"twitter:title\" content=\"P\u0101rg\u0101jienu mugursoma Gregory Baltoro 75\" \/>\n<meta name=\"twitter:label1\" content=\"\u041f\u0440\u0438\u043c\u0435\u0440\u043d\u043e\u0435 \u0432\u0440\u0435\u043c\u044f \u0434\u043b\u044f \u0447\u0442\u0435\u043d\u0438\u044f\" \/>\n\t<meta name=\"twitter:data1\" content=\"3 \u043c\u0438\u043d\u0443\u0442\u0430\" \/>\n<script type=\"application\/ld+json\" class=\"yoast-schema-graph\">{\"@context\":\"https:\\\/\\\/schema.org\",\"@graph\":[{\"@type\":[\"WebPage\",\"ItemPage\"],\"@id\":\"https:\\\/\\\/gohike.lv\\\/ru\\\/produkts\\\/gregory-baltoro-75-pargajienu-mugursoma\\\/\",\"url\":\"https:\\\/\\\/gohike.lv\\\/ru\\\/produkts\\\/gregory-baltoro-75-pargajienu-mugursoma\\\/\",\"name\":\"Gregory - Baltoro 75 p\u0101rg\u0101jienu mugursoma\",\"isPartOf\":{\"@id\":\"https:\\\/\\\/gohike.lv\\\/ru\\\/#website\"},\"primaryImageOfPage\":{\"@id\":\"https:\\\/\\\/gohike.lv\\\/ru\\\/produkts\\\/gregory-baltoro-75-pargajienu-mugursoma\\\/#primaryimage\"},\"image\":{\"@id\":\"https:\\\/\\\/gohike.lv\\\/ru\\\/produkts\\\/gregory-baltoro-75-pargajienu-mugursoma\\\/#primaryimage\"},\"thumbnailUrl\":\"https:\\\/\\\/gohike.lv\\\/wp-content\\\/uploads\\\/2024\\\/10\\\/Baltoro_blue_-1-scaled.jpg\",\"datePublished\":\"2024-10-09T14:43:32+00:00\",\"dateModified\":\"2025-12-30T14:25:02+00:00\",\"description\":\"Baltoro 75 ietilp\u012bg\u0101 soma nodro\u0161in\u0101s vietu visiem svar\u012bg\u0101k\u0101jiem p\u0101rg\u0101jienu piederumiem.\u00a0\",\"breadcrumb\":{\"@id\":\"https:\\\/\\\/gohike.lv\\\/ru\\\/produkts\\\/gregory-baltoro-75-pargajienu-mugursoma\\\/#breadcrumb\"},\"inLanguage\":\"ru-RU\",\"potentialAction\":[{\"@type\":\"ReadAction\",\"target\":[\"https:\\\/\\\/gohike.lv\\\/ru\\\/produkts\\\/gregory-baltoro-75-pargajienu-mugursoma\\\/\"]}]},{\"@type\":\"ImageObject\",\"inLanguage\":\"ru-RU\",\"@id\":\"https:\\\/\\\/gohike.lv\\\/ru\\\/produkts\\\/gregory-baltoro-75-pargajienu-mugursoma\\\/#primaryimage\",\"url\":\"https:\\\/\\\/gohike.lv\\\/wp-content\\\/uploads\\\/2024\\\/10\\\/Baltoro_blue_-1-scaled.jpg\",\"contentUrl\":\"https:\\\/\\\/gohike.lv\\\/wp-content\\\/uploads\\\/2024\\\/10\\\/Baltoro_blue_-1-scaled.jpg\",\"width\":2560,\"height\":2560},{\"@type\":\"BreadcrumbList\",\"@id\":\"https:\\\/\\\/gohike.lv\\\/ru\\\/produkts\\\/gregory-baltoro-75-pargajienu-mugursoma\\\/#breadcrumb\",\"itemListElement\":[{\"@type\":\"ListItem\",\"position\":1,\"name\":\"\u0413\u043b\u0430\u0432\u043d\u0430\u044f\",\"item\":\"https:\\\/\\\/gohike.lv\\\/ru\\\/\"},{\"@type\":\"ListItem\",\"position\":2,\"name\":\"\u041a\u0430\u0442\u0435\u0433\u043e\u0440\u0438\u0438 \u0442\u043e\u0432\u0430\u0440\u043e\u0432\",\"item\":\"https:\\\/\\\/gohike.lv\\\/%d0%ba%d0%b0%d1%82%d0%b5%d0%b3%d0%be%d1%80%d0%b8%d0%b8-%d1%82%d0%be%d0%b2%d0%b0%d1%80%d0%be%d0%b2\\\/\"},{\"@type\":\"ListItem\",\"position\":3,\"name\":\"Gregory &#8211; Baltoro 75 p\u0101rg\u0101jienu mugursoma\"}]},{\"@type\":\"WebSite\",\"@id\":\"https:\\\/\\\/gohike.lv\\\/ru\\\/#website\",\"url\":\"https:\\\/\\\/gohike.lv\\\/ru\\\/\",\"name\":\"GoHike\",\"description\":\"\",\"publisher\":{\"@id\":\"https:\\\/\\\/gohike.lv\\\/ru\\\/#organization\"},\"potentialAction\":[{\"@type\":\"SearchAction\",\"target\":{\"@type\":\"EntryPoint\",\"urlTemplate\":\"https:\\\/\\\/gohike.lv\\\/ru\\\/?s={search_term_string}\"},\"query-input\":{\"@type\":\"PropertyValueSpecification\",\"valueRequired\":true,\"valueName\":\"search_term_string\"}}],\"inLanguage\":\"ru-RU\"},{\"@type\":\"Organization\",\"@id\":\"https:\\\/\\\/gohike.lv\\\/ru\\\/#organization\",\"name\":\"GoHike\",\"url\":\"https:\\\/\\\/gohike.lv\\\/ru\\\/\",\"logo\":{\"@type\":\"ImageObject\",\"inLanguage\":\"ru-RU\",\"@id\":\"https:\\\/\\\/gohike.lv\\\/ru\\\/#\\\/schema\\\/logo\\\/image\\\/\",\"url\":\"https:\\\/\\\/gohike.lv\\\/wp-content\\\/uploads\\\/2023\\\/08\\\/Logo_GoHike.webp\",\"contentUrl\":\"https:\\\/\\\/gohike.lv\\\/wp-content\\\/uploads\\\/2023\\\/08\\\/Logo_GoHike.webp\",\"width\":512,\"height\":512,\"caption\":\"GoHike\"},\"image\":{\"@id\":\"https:\\\/\\\/gohike.lv\\\/ru\\\/#\\\/schema\\\/logo\\\/image\\\/\"},\"sameAs\":[\"https:\\\/\\\/www.facebook.com\\\/gohike.shop\\\/\",\"https:\\\/\\\/www.instagram.com\\\/gohike.shop\\\/\"]}]}<\/script>\n<!-- \/ Yoast SEO plugin. -->","yoast_head_json":{"title":"Gregory - Baltoro 75 p\u0101rg\u0101jienu mugursoma","description":"Baltoro 75 ietilp\u012bg\u0101 soma nodro\u0161in\u0101s vietu visiem svar\u012bg\u0101k\u0101jiem p\u0101rg\u0101jienu piederumiem.\u00a0","robots":{"index":"index","follow":"follow","max-snippet":"max-snippet:-1","max-image-preview":"max-image-preview:large","max-video-preview":"max-video-preview:-1"},"canonical":"https:\/\/gohike.lv\/ru\/produkts\/gregory-baltoro-75-pargajienu-mugursoma\/","og_locale":"ru_RU","og_type":"article","og_title":"P\u0101rg\u0101jienu mugursoma Gregory Baltoro 75","og_description":"Baltoro 75 ietilp\u012bg\u0101 soma nodro\u0161in\u0101s vietu visiem svar\u012bg\u0101k\u0101jiem p\u0101rg\u0101jienu piederumiem.\u00a0","og_url":"https:\/\/gohike.lv\/ru\/produkts\/gregory-baltoro-75-pargajienu-mugursoma\/","og_site_name":"GoHike","article_publisher":"https:\/\/www.facebook.com\/gohike.shop\/","article_modified_time":"2025-12-30T14:25:02+00:00","og_image":[{"width":2560,"height":2560,"url":"https:\/\/gohike.lv\/wp-content\/uploads\/2024\/10\/Baltoro_blue_-1-scaled.jpg","type":"image\/jpeg"}],"twitter_card":"summary_large_image","twitter_title":"P\u0101rg\u0101jienu mugursoma Gregory Baltoro 75","twitter_misc":{"\u041f\u0440\u0438\u043c\u0435\u0440\u043d\u043e\u0435 \u0432\u0440\u0435\u043c\u044f \u0434\u043b\u044f \u0447\u0442\u0435\u043d\u0438\u044f":"3 \u043c\u0438\u043d\u0443\u0442\u0430"},"schema":{"@context":"https:\/\/schema.org","@graph":[{"@type":["WebPage","ItemPage"],"@id":"https:\/\/gohike.lv\/ru\/produkts\/gregory-baltoro-75-pargajienu-mugursoma\/","url":"https:\/\/gohike.lv\/ru\/produkts\/gregory-baltoro-75-pargajienu-mugursoma\/","name":"Gregory - Baltoro 75 p\u0101rg\u0101jienu mugursoma","isPartOf":{"@id":"https:\/\/gohike.lv\/ru\/#website"},"primaryImageOfPage":{"@id":"https:\/\/gohike.lv\/ru\/produkts\/gregory-baltoro-75-pargajienu-mugursoma\/#primaryimage"},"image":{"@id":"https:\/\/gohike.lv\/ru\/produkts\/gregory-baltoro-75-pargajienu-mugursoma\/#primaryimage"},"thumbnailUrl":"https:\/\/gohike.lv\/wp-content\/uploads\/2024\/10\/Baltoro_blue_-1-scaled.jpg","datePublished":"2024-10-09T14:43:32+00:00","dateModified":"2025-12-30T14:25:02+00:00","description":"Baltoro 75 ietilp\u012bg\u0101 soma nodro\u0161in\u0101s vietu visiem svar\u012bg\u0101k\u0101jiem p\u0101rg\u0101jienu piederumiem.\u00a0","breadcrumb":{"@id":"https:\/\/gohike.lv\/ru\/produkts\/gregory-baltoro-75-pargajienu-mugursoma\/#breadcrumb"},"inLanguage":"ru-RU","potentialAction":[{"@type":"ReadAction","target":["https:\/\/gohike.lv\/ru\/produkts\/gregory-baltoro-75-pargajienu-mugursoma\/"]}]},{"@type":"ImageObject","inLanguage":"ru-RU","@id":"https:\/\/gohike.lv\/ru\/produkts\/gregory-baltoro-75-pargajienu-mugursoma\/#primaryimage","url":"https:\/\/gohike.lv\/wp-content\/uploads\/2024\/10\/Baltoro_blue_-1-scaled.jpg","contentUrl":"https:\/\/gohike.lv\/wp-content\/uploads\/2024\/10\/Baltoro_blue_-1-scaled.jpg","width":2560,"height":2560},{"@type":"BreadcrumbList","@id":"https:\/\/gohike.lv\/ru\/produkts\/gregory-baltoro-75-pargajienu-mugursoma\/#breadcrumb","itemListElement":[{"@type":"ListItem","position":1,"name":"\u0413\u043b\u0430\u0432\u043d\u0430\u044f","item":"https:\/\/gohike.lv\/ru\/"},{"@type":"ListItem","position":2,"name":"\u041a\u0430\u0442\u0435\u0433\u043e\u0440\u0438\u0438 \u0442\u043e\u0432\u0430\u0440\u043e\u0432","item":"https:\/\/gohike.lv\/%d0%ba%d0%b0%d1%82%d0%b5%d0%b3%d0%be%d1%80%d0%b8%d0%b8-%d1%82%d0%be%d0%b2%d0%b0%d1%80%d0%be%d0%b2\/"},{"@type":"ListItem","position":3,"name":"Gregory &#8211; Baltoro 75 p\u0101rg\u0101jienu mugursoma"}]},{"@type":"WebSite","@id":"https:\/\/gohike.lv\/ru\/#website","url":"https:\/\/gohike.lv\/ru\/","name":"GoHike","description":"","publisher":{"@id":"https:\/\/gohike.lv\/ru\/#organization"},"potentialAction":[{"@type":"SearchAction","target":{"@type":"EntryPoint","urlTemplate":"https:\/\/gohike.lv\/ru\/?s={search_term_string}"},"query-input":{"@type":"PropertyValueSpecification","valueRequired":true,"valueName":"search_term_string"}}],"inLanguage":"ru-RU"},{"@type":"Organization","@id":"https:\/\/gohike.lv\/ru\/#organization","name":"GoHike","url":"https:\/\/gohike.lv\/ru\/","logo":{"@type":"ImageObject","inLanguage":"ru-RU","@id":"https:\/\/gohike.lv\/ru\/#\/schema\/logo\/image\/","url":"https:\/\/gohike.lv\/wp-content\/uploads\/2023\/08\/Logo_GoHike.webp","contentUrl":"https:\/\/gohike.lv\/wp-content\/uploads\/2023\/08\/Logo_GoHike.webp","width":512,"height":512,"caption":"GoHike"},"image":{"@id":"https:\/\/gohike.lv\/ru\/#\/schema\/logo\/image\/"},"sameAs":["https:\/\/www.facebook.com\/gohike.shop\/","https:\/\/www.instagram.com\/gohike.shop\/"]}]}},"jetpack_sharing_enabled":true,"_links":{"self":[{"href":"https:\/\/gohike.lv\/ru\/wp-json\/wp\/v2\/product\/62743","targetHints":{"allow":["GET"]}}],"collection":[{"href":"https:\/\/gohike.lv\/ru\/wp-json\/wp\/v2\/product"}],"about":[{"href":"https:\/\/gohike.lv\/ru\/wp-json\/wp\/v2\/types\/product"}],"version-history":[{"count":0,"href":"https:\/\/gohike.lv\/ru\/wp-json\/wp\/v2\/product\/62743\/revisions"}],"wp:featuredmedia":[{"embeddable":true,"href":"https:\/\/gohike.lv\/ru\/wp-json\/wp\/v2\/media\/62710"}],"wp:attachment":[{"href":"https:\/\/gohike.lv\/ru\/wp-json\/wp\/v2\/media?parent=62743"}],"wp:term":[{"taxonomy":"product_brand","embeddable":true,"href":"https:\/\/gohike.lv\/ru\/wp-json\/wp\/v2\/product_brand?post=62743"},{"taxonomy":"product_cat","embeddable":true,"href":"https:\/\/gohike.lv\/ru\/wp-json\/wp\/v2\/product_cat?post=62743"},{"taxonomy":"product_tag","embeddable":true,"href":"https:\/\/gohike.lv\/ru\/wp-json\/wp\/v2\/product_tag?post=62743"}],"curies":[{"name":"wp","href":"https:\/\/api.w.org\/{rel}","templated":true}]}}