{"id":62707,"date":"2024-10-09T17:41:04","date_gmt":"2024-10-09T14:41:04","guid":{"rendered":"https:\/\/gohike.lv\/produkts\/gregory-pargajienu-mugursoma-gregory-baltoro-65\/"},"modified":"2026-02-05T20:42:40","modified_gmt":"2026-02-05T17:42:40","slug":"gregory-baltoro-65-pargajienu-mugursoma","status":"publish","type":"product","link":"https:\/\/gohike.lv\/ru\/produkts\/gregory-baltoro-65-pargajienu-mugursoma\/","title":{"rendered":"Gregory &#8212; Baltoro 65 p\u0101rg\u0101jienu mugursoma"},"content":{"rendered":"<p>Rot\u0113jo\u0161\u0101 plecu siksna un dinamisk\u0101 gurnu josta nodro\u0161ina nep\u0101rsp\u0113jamu komfortu, un regul\u0113jamais gurnu jostas garums \u013cauj piel\u0101got mugursomu \u0137erme\u0146a form\u0101m.<br \/>\nGalven\u0101s \u012bpa\u0161\u012bbas:<br \/>\n\u2022 FreeFloat A3 piekares sist\u0113ma ar elast\u012bgiem pane\u013ciem un autom\u0101tiski rot\u0113jo\u0161\u0101m plecu siksn\u0101m, kas kustas l\u012bdz ar \u0137erme\u0146a dabiskaj\u0101m kust\u012bb\u0101m;<br \/>\n\u2022 AirCushion bezputu muguras panelis nodro\u0161ina elpojam\u012bbu, nov\u0113r\u0161 spiediena punktus un sniedz mitruma absorb\u0113jo\u0161u dzes\u0113\u0161anas efektu;<br \/>\n\u2022 3D plecu siksnu un gurnu jostas konstrukcija nov\u0113r\u0161 grumbu\u013cus un karstuma punktus, kas nodro\u0161ina \u0113rtu piegul\u0113\u0161anu un komfortu;<br \/>\n\u2022 Visi piekares komponenti ir apstr\u0101d\u0101ti ar Polygiene\u00ae Stays Fresh Technology (smakas kontroles auduma apstr\u0101de, kas kav\u0113 smaku izraiso\u0161o mikrobu aug\u0161anu);<br \/>\n\u2022 Autom\u0101tiski rot\u0113jo\u0161a, divu bl\u012bvumu plecu siksna ar kr\u016b\u0161u siksnu, kur\u0101 iek\u013cauta dro\u0161\u012bbas svilpe un hidr\u0101cijas klipsis;<br \/>\n\u2022 ComfortGrip jostas spilventi\u0146\u0161 pal\u012bdz nov\u0113rst mugursomas sl\u012bd\u0113\u0161anu un uztur to augstu uz gurniem, neprasot p\u0101rm\u0113r\u012bgu jostas pievilk\u0161anu;<br \/>\n\u2022 Perimetra alum\u012bnija r\u0101mis un \u0161\u0137iedru stikla \u0161\u0137\u0113rssija stabilai slodzes p\u0101rvald\u012bbai;<br \/>\n\u2022 Priek\u0161\u0113j\u0101 U-veida r\u0101v\u0113jsl\u0113dz\u0113ja piek\u013cuve galvenajam nodal\u012bjumam;<br \/>\n\u2022 Divi priek\u0161\u0113jie nodal\u012bjumi ar r\u0101v\u0113jsl\u0113dz\u0113ju un peldo\u0161u starpsienu;<br \/>\n\u2022 Sunglass QuickStow sist\u0113ma uz plecu siksnas dro\u0161ai un \u0101trai piek\u013cuvei saulesbrill\u0113m;<br \/>\n\u2022 Iek\u0161\u0113j\u0101 hidr\u0101cijas kabata ar SpeedClip stiprin\u0101jumu, kas sader\u012bgs ar Gregory&#8217;s 3D Hydro Trek rezervu\u0101ru (rezervu\u0101rs nav iek\u013cauts).<br \/>\n\u2022 Peldo\u0161s aug\u0161\u0113jais nodal\u012bjums ar lielu r\u0101v\u0113jsl\u0113dz\u0113ja nodal\u012bjumu, mazu \u0101tr\u0101s piek\u013cuves kabatu un apak\u0161\u0113jo r\u0101v\u0113jsl\u0113dz\u0113ja kabatu, atstarojo\u0161i stiprin\u0101juma punkti un atsl\u0113gu klipsis;<br \/>\n\u2022 SideWinder pudeles tur\u0113t\u0101js \u0113rtai piek\u013cuvei ar vienu roku, kas nolok\u0101s, kad netiek lietots;<br \/>\n\u2022 Lielas r\u0101v\u0113jsl\u0113dz\u0113ja kabatas uz gurnu jostas, kas ir pietiekami lielas, lai ietilptu mobilais t\u0101lrunis un takas b\u016btisk\u0101k\u0101s lietas;<br \/>\n\u2022 S\u0101nu elast\u012bg\u0101 sieta kabata ar iesp\u0113ju saspiest apr\u012bkojumu virs vai zem t\u0101s;<br \/>\n\u2022 Priek\u0161\u0113j\u0101 liela elast\u012bg\u0101 sieta kabata ar dro\u0161u spr\u0101dzes aizdari;<br \/>\n\u2022 \u0100tras piek\u013cuves auklu aizdare un aug\u0161\u0113j\u0101 siksnas kompresija;<br \/>\n\u2022 Apak\u0161\u0113jais gu\u013cammaisa nodal\u012bjums ar no\u0146emamu starpsienu;<br \/>\n\u2022 Piederumu stiprin\u0101jumu sist\u0113ma, kas atrodas \u0113rti pieejam\u0101 viet\u0101 pie gurnu jostas, piem\u0113ram, l\u0101\u010du aerosola vai citu piederumu kabat\u0101m;<br \/>\n\u2022 Regul\u0113jamas stiprin\u0101jumu cilpas un aug\u0161\u0113j\u0101s amortiz\u0101cijas sl\u0113dzenes trekinga n\u016bj\u0101m vai leduscirt\u0146iem;<br \/>\n\u2022 Custom ComfortGrip veidoti r\u0101v\u0113jsl\u0113dz\u0113ja rokturi un veidotas siksnu tur\u0113t\u0101jas siksnu p\u0101rvald\u012bbai;<br \/>\n\u2022 NANO CONNECT \u2013 iek\u013cauti iek\u0161\u0113jie stiprin\u0101jumi, lai pievienotu Nano 14 Daypack.<br \/>\nRaksturlielumi:<br \/>\nKr\u0101sa: Baltoro 65, Alaska Blue.<br \/>\nIde\u0101li piem\u0113rots: V\u012brie\u0161iem;<br \/>\nAktivit\u0101te: P\u0101rg\u0101jieni;<br \/>\nProdukta izm\u0113ri: 83,6 cm augstums x 34 cm garums x 34 cm platums;<br \/>\nSvars: 2,4 kg;<br \/>\nTilpums: 70 litri;<br \/>\nMaksim\u0101l\u0101 slodze: 23 kg;<br \/>\nPiek\u013cuve galvenajam nodal\u012bjumam: No aug\u0161as \/ U-veida r\u0101v\u0113jsl\u0113dz\u0113js \/ Apak\u0161a;<br \/>\nRumpja izm\u0113rs: 46 l\u012bdz 53 cm;<br \/>\nGurnu\/Viduk\u013ca izm\u0113rs: 76 l\u012bdz 132 cm;<br \/>\nIek\u0161\u0113jais r\u0101mis: J\u0101;<br \/>\nR\u0101mja tips: Perimetra stieple;<br \/>\n\u0100r\u0113jo kabatu skaits: 9;<br \/>\nAizdares tips: Auklas\/r\u0101v\u0113jsl\u0113dz\u0113ja aizdare;<br \/>\nSader\u012bba ar hidr\u0101ciju: J\u0101;<br \/>\nIek\u013cauta gurnu josta: J\u0101;<br \/>\nGurnu jostas kabatas: J\u0101;<br \/>\nGu\u013cammaisa nodal\u012bjums: J\u0101;<br \/>\nTrekinga n\u016bju stiprin\u0101jumi: J\u0101.<br \/>\n<iframe title=\"How to Fit Your Backpack | Gregory Mountain Products\" width=\"1200\" height=\"675\" src=\"https:\/\/www.youtube.com\/embed\/iCG6C_a5NIE?feature=oembed\" frameborder=\"0\" allow=\"accelerometer; autoplay; clipboard-write; encrypted-media; gyroscope; picture-in-picture; web-share\" referrerpolicy=\"strict-origin-when-cross-origin\" allowfullscreen><\/iframe><\/p>\n","protected":false},"excerpt":{"rendered":"<p>Komforts un veiktsp\u0113ja ir galvenie virz\u012bt\u0101jsp\u0113ki Baltoro 65 un FreeFloat A3 piekares sist\u0113mai.<\/p>\n","protected":false},"featured_media":62710,"template":"","meta":[],"product_brand":[9717],"product_cat":[1827],"product_tag":[],"class_list":{"0":"post-62707","1":"product","2":"type-product","3":"status-publish","4":"has-post-thumbnail","6":"product_brand-gregory","7":"product_cat-mugursomas","8":"pa_izmers-l","9":"pa_izmers-m","10":"pa_spalva-melns","11":"pa_spalva-sarkans","12":"pa_spalva-zils","14":"first","15":"instock","16":"taxable","17":"shipping-taxable","18":"purchasable","19":"product-type-variable"},"raw_content":{"name":"Gregory - Baltoro 65 p\u0101rg\u0101jienu mugursoma","description":"Rot\u0113jo\u0161\u0101 plecu siksna un dinamisk\u0101 gurnu josta nodro\u0161ina nep\u0101rsp\u0113jamu komfortu, un regul\u0113jamais gurnu jostas garums \u013cauj piel\u0101got mugursomu \u0137erme\u0146a form\u0101m.\nGalven\u0101s \u012bpa\u0161\u012bbas:\n\u2022 FreeFloat A3 piekares sist\u0113ma ar elast\u012bgiem pane\u013ciem un autom\u0101tiski rot\u0113jo\u0161\u0101m plecu siksn\u0101m, kas kustas l\u012bdz ar \u0137erme\u0146a dabiskaj\u0101m kust\u012bb\u0101m;\n\u2022 AirCushion bezputu muguras panelis nodro\u0161ina elpojam\u012bbu, nov\u0113r\u0161 spiediena punktus un sniedz mitruma absorb\u0113jo\u0161u dzes\u0113\u0161anas efektu;\n\u2022 3D plecu siksnu un gurnu jostas konstrukcija nov\u0113r\u0161 grumbu\u013cus un karstuma punktus, kas nodro\u0161ina \u0113rtu piegul\u0113\u0161anu un komfortu;\n\u2022 Visi piekares komponenti ir apstr\u0101d\u0101ti ar Polygiene\u00ae Stays Fresh Technology (smakas kontroles auduma apstr\u0101de, kas kav\u0113 smaku izraiso\u0161o mikrobu aug\u0161anu);\n\u2022 Autom\u0101tiski rot\u0113jo\u0161a, divu bl\u012bvumu plecu siksna ar kr\u016b\u0161u siksnu, kur\u0101 iek\u013cauta dro\u0161\u012bbas svilpe un hidr\u0101cijas klipsis;\n\u2022 ComfortGrip jostas spilventi\u0146\u0161 pal\u012bdz nov\u0113rst mugursomas sl\u012bd\u0113\u0161anu un uztur to augstu uz gurniem, neprasot p\u0101rm\u0113r\u012bgu jostas pievilk\u0161anu;\n\u2022 Perimetra alum\u012bnija r\u0101mis un \u0161\u0137iedru stikla \u0161\u0137\u0113rssija stabilai slodzes p\u0101rvald\u012bbai;\n\u2022 Priek\u0161\u0113j\u0101 U-veida r\u0101v\u0113jsl\u0113dz\u0113ja piek\u013cuve galvenajam nodal\u012bjumam;\n\u2022 Divi priek\u0161\u0113jie nodal\u012bjumi ar r\u0101v\u0113jsl\u0113dz\u0113ju un peldo\u0161u starpsienu;\n\u2022 Sunglass QuickStow sist\u0113ma uz plecu siksnas dro\u0161ai un \u0101trai piek\u013cuvei saulesbrill\u0113m;\n\u2022 Iek\u0161\u0113j\u0101 hidr\u0101cijas kabata ar SpeedClip stiprin\u0101jumu, kas sader\u012bgs ar Gregory's 3D Hydro Trek rezervu\u0101ru (rezervu\u0101rs nav iek\u013cauts).\n\u2022 Peldo\u0161s aug\u0161\u0113jais nodal\u012bjums ar lielu r\u0101v\u0113jsl\u0113dz\u0113ja nodal\u012bjumu, mazu \u0101tr\u0101s piek\u013cuves kabatu un apak\u0161\u0113jo r\u0101v\u0113jsl\u0113dz\u0113ja kabatu, atstarojo\u0161i stiprin\u0101juma punkti un atsl\u0113gu klipsis;\n\u2022 SideWinder pudeles tur\u0113t\u0101js \u0113rtai piek\u013cuvei ar vienu roku, kas nolok\u0101s, kad netiek lietots;\n\u2022 Lielas r\u0101v\u0113jsl\u0113dz\u0113ja kabatas uz gurnu jostas, kas ir pietiekami lielas, lai ietilptu mobilais t\u0101lrunis un takas b\u016btisk\u0101k\u0101s lietas;\n\u2022 S\u0101nu elast\u012bg\u0101 sieta kabata ar iesp\u0113ju saspiest apr\u012bkojumu virs vai zem t\u0101s;\n\u2022 Priek\u0161\u0113j\u0101 liela elast\u012bg\u0101 sieta kabata ar dro\u0161u spr\u0101dzes aizdari;\n\u2022 \u0100tras piek\u013cuves auklu aizdare un aug\u0161\u0113j\u0101 siksnas kompresija;\n\u2022 Apak\u0161\u0113jais gu\u013cammaisa nodal\u012bjums ar no\u0146emamu starpsienu;\n\u2022 Piederumu stiprin\u0101jumu sist\u0113ma, kas atrodas \u0113rti pieejam\u0101 viet\u0101 pie gurnu jostas, piem\u0113ram, l\u0101\u010du aerosola vai citu piederumu kabat\u0101m;\n\u2022 Regul\u0113jamas stiprin\u0101jumu cilpas un aug\u0161\u0113j\u0101s amortiz\u0101cijas sl\u0113dzenes trekinga n\u016bj\u0101m vai leduscirt\u0146iem;\n\u2022 Custom ComfortGrip veidoti r\u0101v\u0113jsl\u0113dz\u0113ja rokturi un veidotas siksnu tur\u0113t\u0101jas siksnu p\u0101rvald\u012bbai;\n\u2022 NANO CONNECT \u2013 iek\u013cauti iek\u0161\u0113jie stiprin\u0101jumi, lai pievienotu Nano 14 Daypack.\nRaksturlielumi:\nKr\u0101sa: Baltoro 65, Alaska Blue.\nIde\u0101li piem\u0113rots: V\u012brie\u0161iem;\nAktivit\u0101te: P\u0101rg\u0101jieni;\nProdukta izm\u0113ri: 83,6 cm augstums x 34 cm garums x 34 cm platums;\nSvars: 2,4 kg;\nTilpums: 70 litri;\nMaksim\u0101l\u0101 slodze: 23 kg;\nPiek\u013cuve galvenajam nodal\u012bjumam: No aug\u0161as \/ U-veida r\u0101v\u0113jsl\u0113dz\u0113js \/ Apak\u0161a;\nRumpja izm\u0113rs: 46 l\u012bdz 53 cm;\nGurnu\/Viduk\u013ca izm\u0113rs: 76 l\u012bdz 132 cm;\nIek\u0161\u0113jais r\u0101mis: J\u0101;\nR\u0101mja tips: Perimetra stieple;\n\u0100r\u0113jo kabatu skaits: 9;\nAizdares tips: Auklas\/r\u0101v\u0113jsl\u0113dz\u0113ja aizdare;\nSader\u012bba ar hidr\u0101ciju: J\u0101;\nIek\u013cauta gurnu josta: J\u0101;\nGurnu jostas kabatas: J\u0101;\nGu\u013cammaisa nodal\u012bjums: J\u0101;\nTrekinga n\u016bju stiprin\u0101jumi: J\u0101.\nhttps:\/\/www.youtube.com\/watch?v=iCG6C_a5NIE","short_description":"Komforts un veiktsp\u0113ja ir galvenie virz\u012bt\u0101jsp\u0113ki Baltoro 65 un FreeFloat A3 piekares sist\u0113mai.","status":"publish","sku":"greg0005","original":62707},"wpml":{"translation_type":1,"has_translations":true,"original":62707,"duplicates":[],"translations":{"lv":62707,"en":67104,"ru":null}},"supplier_id":null,"supplier_sku":"","barcode":null,"atum_controlled":true,"out_stock_date":null,"out_stock_threshold":null,"inheritable":true,"inbound_stock":0,"stock_on_hold":0,"sold_today":0,"sales_last_days":0,"reserved_stock":0,"customer_returns":0,"warehouse_damage":0,"lost_in_post":0,"other_logs":0,"out_stock_days":0,"lost_sales":0,"has_location":false,"update_date":"2026-02-05T17:42:42","atum_locations":[],"atum_stock_status":"instock","restock_status":false,"low_stock_amount":"","sales_update_date":"2025-11-13T14:07:27","calc_backorders":null,"yoast_head":"<!-- This site is optimized with the Yoast SEO plugin v27.3 - https:\/\/yoast.com\/product\/yoast-seo-wordpress\/ -->\n<title>Gregory - Baltoro 65 p\u0101rg\u0101jienu mugursoma<\/title>\n<meta name=\"description\" content=\"Komforts un veiktsp\u0113ja ir galvenie virz\u012bt\u0101jsp\u0113ki Baltoro 65 un FreeFloat A3 piekares sist\u0113mai.\" \/>\n<meta name=\"robots\" content=\"index, follow, max-snippet:-1, max-image-preview:large, max-video-preview:-1\" \/>\n<link rel=\"canonical\" href=\"https:\/\/gohike.lv\/ru\/produkts\/gregory-baltoro-65-pargajienu-mugursoma\/\" \/>\n<meta property=\"og:locale\" content=\"ru_RU\" \/>\n<meta property=\"og:type\" content=\"article\" \/>\n<meta property=\"og:title\" content=\"P\u0101rg\u0101jienu mugursoma Gregory Baltoro 65\" \/>\n<meta property=\"og:description\" content=\"Komforts un veiktsp\u0113ja ir galvenie virz\u012bt\u0101jsp\u0113ki Baltoro 65 un FreeFloat A3 piekares sist\u0113mai.\" \/>\n<meta property=\"og:url\" content=\"https:\/\/gohike.lv\/ru\/produkts\/gregory-baltoro-65-pargajienu-mugursoma\/\" \/>\n<meta property=\"og:site_name\" content=\"GoHike\" \/>\n<meta property=\"article:publisher\" content=\"https:\/\/www.facebook.com\/gohike.shop\/\" \/>\n<meta property=\"article:modified_time\" content=\"2026-02-05T17:42:40+00:00\" \/>\n<meta property=\"og:image\" content=\"https:\/\/gohike.lv\/wp-content\/uploads\/2024\/10\/Baltoro_blue_-1-scaled.jpg\" \/>\n\t<meta property=\"og:image:width\" content=\"2560\" \/>\n\t<meta property=\"og:image:height\" content=\"2560\" \/>\n\t<meta property=\"og:image:type\" content=\"image\/jpeg\" \/>\n<meta name=\"twitter:card\" content=\"summary_large_image\" \/>\n<meta name=\"twitter:title\" content=\"P\u0101rg\u0101jienu mugursoma Gregory Baltoro 65\" \/>\n<meta name=\"twitter:label1\" content=\"\u041f\u0440\u0438\u043c\u0435\u0440\u043d\u043e\u0435 \u0432\u0440\u0435\u043c\u044f \u0434\u043b\u044f \u0447\u0442\u0435\u043d\u0438\u044f\" \/>\n\t<meta name=\"twitter:data1\" content=\"3 \u043c\u0438\u043d\u0443\u0442\u0430\" \/>\n<script type=\"application\/ld+json\" class=\"yoast-schema-graph\">{\"@context\":\"https:\\\/\\\/schema.org\",\"@graph\":[{\"@type\":[\"WebPage\",\"ItemPage\"],\"@id\":\"https:\\\/\\\/gohike.lv\\\/ru\\\/produkts\\\/gregory-baltoro-65-pargajienu-mugursoma\\\/\",\"url\":\"https:\\\/\\\/gohike.lv\\\/ru\\\/produkts\\\/gregory-baltoro-65-pargajienu-mugursoma\\\/\",\"name\":\"Gregory - Baltoro 65 p\u0101rg\u0101jienu mugursoma\",\"isPartOf\":{\"@id\":\"https:\\\/\\\/gohike.lv\\\/ru\\\/#website\"},\"primaryImageOfPage\":{\"@id\":\"https:\\\/\\\/gohike.lv\\\/ru\\\/produkts\\\/gregory-baltoro-65-pargajienu-mugursoma\\\/#primaryimage\"},\"image\":{\"@id\":\"https:\\\/\\\/gohike.lv\\\/ru\\\/produkts\\\/gregory-baltoro-65-pargajienu-mugursoma\\\/#primaryimage\"},\"thumbnailUrl\":\"https:\\\/\\\/gohike.lv\\\/wp-content\\\/uploads\\\/2024\\\/10\\\/Baltoro_blue_-1-scaled.jpg\",\"datePublished\":\"2024-10-09T14:41:04+00:00\",\"dateModified\":\"2026-02-05T17:42:40+00:00\",\"description\":\"Komforts un veiktsp\u0113ja ir galvenie virz\u012bt\u0101jsp\u0113ki Baltoro 65 un FreeFloat A3 piekares sist\u0113mai.\",\"breadcrumb\":{\"@id\":\"https:\\\/\\\/gohike.lv\\\/ru\\\/produkts\\\/gregory-baltoro-65-pargajienu-mugursoma\\\/#breadcrumb\"},\"inLanguage\":\"ru-RU\",\"potentialAction\":[{\"@type\":\"ReadAction\",\"target\":[\"https:\\\/\\\/gohike.lv\\\/ru\\\/produkts\\\/gregory-baltoro-65-pargajienu-mugursoma\\\/\"]}]},{\"@type\":\"ImageObject\",\"inLanguage\":\"ru-RU\",\"@id\":\"https:\\\/\\\/gohike.lv\\\/ru\\\/produkts\\\/gregory-baltoro-65-pargajienu-mugursoma\\\/#primaryimage\",\"url\":\"https:\\\/\\\/gohike.lv\\\/wp-content\\\/uploads\\\/2024\\\/10\\\/Baltoro_blue_-1-scaled.jpg\",\"contentUrl\":\"https:\\\/\\\/gohike.lv\\\/wp-content\\\/uploads\\\/2024\\\/10\\\/Baltoro_blue_-1-scaled.jpg\",\"width\":2560,\"height\":2560},{\"@type\":\"BreadcrumbList\",\"@id\":\"https:\\\/\\\/gohike.lv\\\/ru\\\/produkts\\\/gregory-baltoro-65-pargajienu-mugursoma\\\/#breadcrumb\",\"itemListElement\":[{\"@type\":\"ListItem\",\"position\":1,\"name\":\"\u0413\u043b\u0430\u0432\u043d\u0430\u044f\",\"item\":\"https:\\\/\\\/gohike.lv\\\/ru\\\/\"},{\"@type\":\"ListItem\",\"position\":2,\"name\":\"\u041a\u0430\u0442\u0435\u0433\u043e\u0440\u0438\u0438 \u0442\u043e\u0432\u0430\u0440\u043e\u0432\",\"item\":\"https:\\\/\\\/gohike.lv\\\/%d0%ba%d0%b0%d1%82%d0%b5%d0%b3%d0%be%d1%80%d0%b8%d0%b8-%d1%82%d0%be%d0%b2%d0%b0%d1%80%d0%be%d0%b2\\\/\"},{\"@type\":\"ListItem\",\"position\":3,\"name\":\"Gregory &#8211; Baltoro 65 p\u0101rg\u0101jienu mugursoma\"}]},{\"@type\":\"WebSite\",\"@id\":\"https:\\\/\\\/gohike.lv\\\/ru\\\/#website\",\"url\":\"https:\\\/\\\/gohike.lv\\\/ru\\\/\",\"name\":\"GoHike\",\"description\":\"\",\"publisher\":{\"@id\":\"https:\\\/\\\/gohike.lv\\\/ru\\\/#organization\"},\"potentialAction\":[{\"@type\":\"SearchAction\",\"target\":{\"@type\":\"EntryPoint\",\"urlTemplate\":\"https:\\\/\\\/gohike.lv\\\/ru\\\/?s={search_term_string}\"},\"query-input\":{\"@type\":\"PropertyValueSpecification\",\"valueRequired\":true,\"valueName\":\"search_term_string\"}}],\"inLanguage\":\"ru-RU\"},{\"@type\":\"Organization\",\"@id\":\"https:\\\/\\\/gohike.lv\\\/ru\\\/#organization\",\"name\":\"GoHike\",\"url\":\"https:\\\/\\\/gohike.lv\\\/ru\\\/\",\"logo\":{\"@type\":\"ImageObject\",\"inLanguage\":\"ru-RU\",\"@id\":\"https:\\\/\\\/gohike.lv\\\/ru\\\/#\\\/schema\\\/logo\\\/image\\\/\",\"url\":\"https:\\\/\\\/gohike.lv\\\/wp-content\\\/uploads\\\/2023\\\/08\\\/Logo_GoHike.webp\",\"contentUrl\":\"https:\\\/\\\/gohike.lv\\\/wp-content\\\/uploads\\\/2023\\\/08\\\/Logo_GoHike.webp\",\"width\":512,\"height\":512,\"caption\":\"GoHike\"},\"image\":{\"@id\":\"https:\\\/\\\/gohike.lv\\\/ru\\\/#\\\/schema\\\/logo\\\/image\\\/\"},\"sameAs\":[\"https:\\\/\\\/www.facebook.com\\\/gohike.shop\\\/\",\"https:\\\/\\\/www.instagram.com\\\/gohike.shop\\\/\"]}]}<\/script>\n<!-- \/ Yoast SEO plugin. -->","yoast_head_json":{"title":"Gregory - Baltoro 65 p\u0101rg\u0101jienu mugursoma","description":"Komforts un veiktsp\u0113ja ir galvenie virz\u012bt\u0101jsp\u0113ki Baltoro 65 un FreeFloat A3 piekares sist\u0113mai.","robots":{"index":"index","follow":"follow","max-snippet":"max-snippet:-1","max-image-preview":"max-image-preview:large","max-video-preview":"max-video-preview:-1"},"canonical":"https:\/\/gohike.lv\/ru\/produkts\/gregory-baltoro-65-pargajienu-mugursoma\/","og_locale":"ru_RU","og_type":"article","og_title":"P\u0101rg\u0101jienu mugursoma Gregory Baltoro 65","og_description":"Komforts un veiktsp\u0113ja ir galvenie virz\u012bt\u0101jsp\u0113ki Baltoro 65 un FreeFloat A3 piekares sist\u0113mai.","og_url":"https:\/\/gohike.lv\/ru\/produkts\/gregory-baltoro-65-pargajienu-mugursoma\/","og_site_name":"GoHike","article_publisher":"https:\/\/www.facebook.com\/gohike.shop\/","article_modified_time":"2026-02-05T17:42:40+00:00","og_image":[{"width":2560,"height":2560,"url":"https:\/\/gohike.lv\/wp-content\/uploads\/2024\/10\/Baltoro_blue_-1-scaled.jpg","type":"image\/jpeg"}],"twitter_card":"summary_large_image","twitter_title":"P\u0101rg\u0101jienu mugursoma Gregory Baltoro 65","twitter_misc":{"\u041f\u0440\u0438\u043c\u0435\u0440\u043d\u043e\u0435 \u0432\u0440\u0435\u043c\u044f \u0434\u043b\u044f \u0447\u0442\u0435\u043d\u0438\u044f":"3 \u043c\u0438\u043d\u0443\u0442\u0430"},"schema":{"@context":"https:\/\/schema.org","@graph":[{"@type":["WebPage","ItemPage"],"@id":"https:\/\/gohike.lv\/ru\/produkts\/gregory-baltoro-65-pargajienu-mugursoma\/","url":"https:\/\/gohike.lv\/ru\/produkts\/gregory-baltoro-65-pargajienu-mugursoma\/","name":"Gregory - Baltoro 65 p\u0101rg\u0101jienu mugursoma","isPartOf":{"@id":"https:\/\/gohike.lv\/ru\/#website"},"primaryImageOfPage":{"@id":"https:\/\/gohike.lv\/ru\/produkts\/gregory-baltoro-65-pargajienu-mugursoma\/#primaryimage"},"image":{"@id":"https:\/\/gohike.lv\/ru\/produkts\/gregory-baltoro-65-pargajienu-mugursoma\/#primaryimage"},"thumbnailUrl":"https:\/\/gohike.lv\/wp-content\/uploads\/2024\/10\/Baltoro_blue_-1-scaled.jpg","datePublished":"2024-10-09T14:41:04+00:00","dateModified":"2026-02-05T17:42:40+00:00","description":"Komforts un veiktsp\u0113ja ir galvenie virz\u012bt\u0101jsp\u0113ki Baltoro 65 un FreeFloat A3 piekares sist\u0113mai.","breadcrumb":{"@id":"https:\/\/gohike.lv\/ru\/produkts\/gregory-baltoro-65-pargajienu-mugursoma\/#breadcrumb"},"inLanguage":"ru-RU","potentialAction":[{"@type":"ReadAction","target":["https:\/\/gohike.lv\/ru\/produkts\/gregory-baltoro-65-pargajienu-mugursoma\/"]}]},{"@type":"ImageObject","inLanguage":"ru-RU","@id":"https:\/\/gohike.lv\/ru\/produkts\/gregory-baltoro-65-pargajienu-mugursoma\/#primaryimage","url":"https:\/\/gohike.lv\/wp-content\/uploads\/2024\/10\/Baltoro_blue_-1-scaled.jpg","contentUrl":"https:\/\/gohike.lv\/wp-content\/uploads\/2024\/10\/Baltoro_blue_-1-scaled.jpg","width":2560,"height":2560},{"@type":"BreadcrumbList","@id":"https:\/\/gohike.lv\/ru\/produkts\/gregory-baltoro-65-pargajienu-mugursoma\/#breadcrumb","itemListElement":[{"@type":"ListItem","position":1,"name":"\u0413\u043b\u0430\u0432\u043d\u0430\u044f","item":"https:\/\/gohike.lv\/ru\/"},{"@type":"ListItem","position":2,"name":"\u041a\u0430\u0442\u0435\u0433\u043e\u0440\u0438\u0438 \u0442\u043e\u0432\u0430\u0440\u043e\u0432","item":"https:\/\/gohike.lv\/%d0%ba%d0%b0%d1%82%d0%b5%d0%b3%d0%be%d1%80%d0%b8%d0%b8-%d1%82%d0%be%d0%b2%d0%b0%d1%80%d0%be%d0%b2\/"},{"@type":"ListItem","position":3,"name":"Gregory &#8211; Baltoro 65 p\u0101rg\u0101jienu mugursoma"}]},{"@type":"WebSite","@id":"https:\/\/gohike.lv\/ru\/#website","url":"https:\/\/gohike.lv\/ru\/","name":"GoHike","description":"","publisher":{"@id":"https:\/\/gohike.lv\/ru\/#organization"},"potentialAction":[{"@type":"SearchAction","target":{"@type":"EntryPoint","urlTemplate":"https:\/\/gohike.lv\/ru\/?s={search_term_string}"},"query-input":{"@type":"PropertyValueSpecification","valueRequired":true,"valueName":"search_term_string"}}],"inLanguage":"ru-RU"},{"@type":"Organization","@id":"https:\/\/gohike.lv\/ru\/#organization","name":"GoHike","url":"https:\/\/gohike.lv\/ru\/","logo":{"@type":"ImageObject","inLanguage":"ru-RU","@id":"https:\/\/gohike.lv\/ru\/#\/schema\/logo\/image\/","url":"https:\/\/gohike.lv\/wp-content\/uploads\/2023\/08\/Logo_GoHike.webp","contentUrl":"https:\/\/gohike.lv\/wp-content\/uploads\/2023\/08\/Logo_GoHike.webp","width":512,"height":512,"caption":"GoHike"},"image":{"@id":"https:\/\/gohike.lv\/ru\/#\/schema\/logo\/image\/"},"sameAs":["https:\/\/www.facebook.com\/gohike.shop\/","https:\/\/www.instagram.com\/gohike.shop\/"]}]}},"jetpack_sharing_enabled":true,"_links":{"self":[{"href":"https:\/\/gohike.lv\/ru\/wp-json\/wp\/v2\/product\/62707","targetHints":{"allow":["GET"]}}],"collection":[{"href":"https:\/\/gohike.lv\/ru\/wp-json\/wp\/v2\/product"}],"about":[{"href":"https:\/\/gohike.lv\/ru\/wp-json\/wp\/v2\/types\/product"}],"version-history":[{"count":1,"href":"https:\/\/gohike.lv\/ru\/wp-json\/wp\/v2\/product\/62707\/revisions"}],"predecessor-version":[{"id":119388,"href":"https:\/\/gohike.lv\/ru\/wp-json\/wp\/v2\/product\/62707\/revisions\/119388"}],"wp:featuredmedia":[{"embeddable":true,"href":"https:\/\/gohike.lv\/ru\/wp-json\/wp\/v2\/media\/62710"}],"wp:attachment":[{"href":"https:\/\/gohike.lv\/ru\/wp-json\/wp\/v2\/media?parent=62707"}],"wp:term":[{"taxonomy":"product_brand","embeddable":true,"href":"https:\/\/gohike.lv\/ru\/wp-json\/wp\/v2\/product_brand?post=62707"},{"taxonomy":"product_cat","embeddable":true,"href":"https:\/\/gohike.lv\/ru\/wp-json\/wp\/v2\/product_cat?post=62707"},{"taxonomy":"product_tag","embeddable":true,"href":"https:\/\/gohike.lv\/ru\/wp-json\/wp\/v2\/product_tag?post=62707"}],"curies":[{"name":"wp","href":"https:\/\/api.w.org\/{rel}","templated":true}]}}