{"id":62674,"date":"2024-10-09T17:35:29","date_gmt":"2024-10-09T14:35:29","guid":{"rendered":"https:\/\/gohike.lv\/produkts\/gregory-pargajienu-mugursoma-gregory-katmai-55\/"},"modified":"2025-12-30T17:25:02","modified_gmt":"2025-12-30T14:25:02","slug":"gregory-katmai-55-pargajienu-mugursoma","status":"publish","type":"product","link":"https:\/\/gohike.lv\/ru\/produkts\/gregory-katmai-55-pargajienu-mugursoma\/","title":{"rendered":"Gregory &#8212; Katmai 55 p\u0101rg\u0101jienu mugursoma"},"content":{"rendered":"<p>M\u016bsu FreeFloat 360 piekares sist\u0113ma, apvienojum\u0101 ar viegliem un iztur\u012bgiem materi\u0101liem, nodro\u0161in\u0101s sausumu un komfortu kilometru p\u0113c kilometra.<br \/>\n\u012apa\u0161\u012bbas:<br \/>\n\u2022 FreeFloat 360 ventil\u0113jamais muguras panelis ar elast\u012bgiem pane\u013ciem un autom\u0101tiski rot\u0113jo\u0161\u0101m plecu siksn\u0101m, kas piel\u0101gojas dabiskaj\u0101m \u0137erme\u0146a kust\u012bb\u0101m;<br \/>\n\u2022 Mitrumu absorb\u0113jo\u0161s ventil\u0113jams muguras panelis ar Polygiene\u00ae Stays Fresh Technology \u2013 gaisa sieta apstr\u0101de, kas nov\u0113r\u0161 smakas izraiso\u0161o bakt\u0113riju aug\u0161anu;<br \/>\n\u2022 Perimetra alum\u012bnija r\u0101mis un \u0161\u0137iedru stikla \u0161\u0137\u0113rssija stabilai slodzes p\u0101rvald\u012bbai;<br \/>\n\u2022 Pilna garuma s\u0101nu r\u0101v\u0113jsl\u0113dz\u0113ja piek\u013cuve apr\u012bkojuma organiz\u0113\u0161anai un iz\u0146em\u0161anai;<br \/>\n\u2022 Lielais priek\u0161\u0113jais nodal\u012bjums ar r\u0101v\u0113jsl\u0113dz\u0113ju un sieta sadal\u012bt\u0101ju priek\u0161metu k\u0101rt\u012bbai;<br \/>\n\u2022 \u0100tr\u0101s piek\u013cuves sist\u0113ma Sunglass QuickStow uz plecu siksnas dro\u0161ai un skr\u0101p\u0113jumiem dro\u0161ai saulesbrilles glab\u0101\u0161anai;<br \/>\n\u2022 Iek\u0161\u0113j\u0101 hidr\u0101cijas kabata ar SpeedClip stiprin\u0101jumu, kas sader\u012bgs ar Gregory&#8217;s 3D Hydro Trek Reservoir (hidr\u0101cijas sist\u0113ma nav iek\u013cauta);<br \/>\n\u2022 Peldo\u0161s aug\u0161\u0113jais kabatas nodal\u012bjums ar lielu r\u0101v\u0113jsl\u0113dz\u0113ju, maza \u0101tr\u0101s piek\u013cuves kabata, apak\u0161\u0113j\u0101 r\u0101v\u0113jsl\u0113dz\u0113ja kabata ar atstarojo\u0161iem stiprin\u0101juma punktiem un atsl\u0113gu klipsi;<br \/>\n\u2022 SideWinder pudeles tur\u0113t\u0101js \u0113rtai \u016bdens pudeles piek\u013cuvei ar vienu roku, kad esat ce\u013c\u0101; kad netiek lietots, to var \u0113rti noloc\u012bt;<br \/>\n\u2022 S\u0101nu izstiepjam\u0101 sieta kabata ar caurumu kompresijas stiprin\u0101jumiem no apak\u0161as vai virspuses;<br \/>\n\u2022 Priek\u0161\u0113j\u0101 liela izstiepjam\u0101 sieta kabata ar dro\u0161u spr\u0101dzes aizdari;<br \/>\n\u2022 \u0100tras piek\u013cuves auklu aizdare un aug\u0161\u0113j\u0101 kompresijas siksna;<br \/>\n\u2022 Apak\u0161\u0113j\u0101 r\u0101v\u0113jsl\u0113dz\u0113ja gu\u013cammaisa nodal\u012bjums ar no\u0146emamu starpsienu;<br \/>\n\u2022 Regul\u0113jami stiprin\u0101jumu cilpas un aug\u0161\u0113jie amortizatori trekinga n\u016bj\u0101m vai leduscirt\u0146iem;<br \/>\n\u2022 Custom ComfortGrip veidoti r\u0101v\u0113jsl\u0113dz\u0113ja rokturi un veidoti siksnu tur\u0113t\u0101ji siksnu p\u0101rvald\u012bbai;<br \/>\n\u2022 Nano Connect \u2013 iek\u013cauti iek\u0161\u0113jie stiprin\u0101jumi, lai pievienotu Nano 14 Daypack;<br \/>\n\u2022 Regul\u0113jami plecu siksnas un torsas garums, k\u0101 ar\u012b piel\u0101gojama gurnu jostas piegul\u0161ana un 3D Comfort Cradle \u0113rt\u012bbai bez berz\u0113\u0161anas, kas piegu\u013c \u0137ermenim;<br \/>\n\u2022 Autom\u0101tiski rot\u0113jo\u0161as divu bl\u012bvumu plecu siksnas ar kr\u016b\u0161u siksnu, kur\u0101 integr\u0113ta dro\u0161\u012bbas svilpe un hidr\u0101cijas klipsis.<br \/>\nSpecifik\u0101cijas:<br \/>\n\u2022 Korpuss: 210D augsta bl\u012bvuma 40% p\u0101rstr\u0101d\u0101ts neilons un 420D augsta bl\u012bvuma 45% p\u0101rstr\u0101d\u0101ts neilons ar C0 DWR: izgatavots bez PFAS;<br \/>\n\u2022 Pamatne: 420D augsta bl\u012bvuma 45% p\u0101rstr\u0101d\u0101ts neilons ar C0 DWR: izgatavots bez PFAS;<br \/>\n\u2022 Plecu siksnas\/gurnu josta\/jostas da\u013ca: Lifespan Eva Foam un Polygiene\u00ae Stays Fresh Technology;<br \/>\n\u2022 \u0160asijas atbalsts: Sakaus\u0113juma t\u0113rauda r\u0101mis un \u0161\u0137iedru stikla \u0161\u0137\u0113rssija, HDPE;<br \/>\n\u2022 Odere: 40% p\u0101rstr\u0101d\u0101ts 135D poliesters ar C0 DWR: izgatavots bez PFAS;<br \/>\n\u2022 Iepakojuma aparat\u016bra: Bluesign apstiprin\u0101tas spr\u0101dzes;<br \/>\n\u2022 Maksim\u0101l\u0101 slodze: 23 kg.<br \/>\n<iframe title=\"How to Fit Your Backpack | Gregory Mountain Products\" width=\"1200\" height=\"675\" src=\"https:\/\/www.youtube.com\/embed\/iCG6C_a5NIE?feature=oembed\" frameborder=\"0\" allow=\"accelerometer; autoplay; clipboard-write; encrypted-media; gyroscope; picture-in-picture; web-share\" referrerpolicy=\"strict-origin-when-cross-origin\" allowfullscreen><\/iframe><\/p>\n","protected":false},"excerpt":{"rendered":"<p>Ir daudz da\u017e\u0101du iesp\u0113ju no kur\u0101m izv\u0113l\u0113ties, ta\u010du Katmai izce\u013cas ar izcilu komfortu un lielisku manevr\u0113tsp\u0113ju.<\/p>\n","protected":false},"featured_media":62677,"template":"","meta":[],"product_brand":[9717],"product_cat":[1827],"product_tag":[],"class_list":{"0":"post-62674","1":"product","2":"type-product","3":"status-publish","4":"has-post-thumbnail","6":"product_brand-gregory","7":"product_cat-mugursomas","8":"pa_izmers-m-l","9":"pa_izmers-s-m","10":"pa_izmerscm-14022","11":"pa_izmerscm-14023","12":"pa_produkta-tips-pargajienu-mugursomas","13":"pa_spalva-zals","14":"pa_tilpums-55l","16":"first","17":"outofstock","18":"taxable","19":"shipping-taxable","20":"purchasable","21":"product-type-variable"},"raw_content":{"name":"Gregory - Katmai 55 p\u0101rg\u0101jienu mugursoma","description":"M\u016bsu FreeFloat 360 piekares sist\u0113ma, apvienojum\u0101 ar viegliem un iztur\u012bgiem materi\u0101liem, nodro\u0161in\u0101s sausumu un komfortu kilometru p\u0113c kilometra.\n\u012apa\u0161\u012bbas:\n\u2022 FreeFloat 360 ventil\u0113jamais muguras panelis ar elast\u012bgiem pane\u013ciem un autom\u0101tiski rot\u0113jo\u0161\u0101m plecu siksn\u0101m, kas piel\u0101gojas dabiskaj\u0101m \u0137erme\u0146a kust\u012bb\u0101m;\n\u2022 Mitrumu absorb\u0113jo\u0161s ventil\u0113jams muguras panelis ar Polygiene\u00ae Stays Fresh Technology \u2013 gaisa sieta apstr\u0101de, kas nov\u0113r\u0161 smakas izraiso\u0161o bakt\u0113riju aug\u0161anu;\n\u2022 Perimetra alum\u012bnija r\u0101mis un \u0161\u0137iedru stikla \u0161\u0137\u0113rssija stabilai slodzes p\u0101rvald\u012bbai;\n\u2022 Pilna garuma s\u0101nu r\u0101v\u0113jsl\u0113dz\u0113ja piek\u013cuve apr\u012bkojuma organiz\u0113\u0161anai un iz\u0146em\u0161anai;\n\u2022 Lielais priek\u0161\u0113jais nodal\u012bjums ar r\u0101v\u0113jsl\u0113dz\u0113ju un sieta sadal\u012bt\u0101ju priek\u0161metu k\u0101rt\u012bbai;\n\u2022 \u0100tr\u0101s piek\u013cuves sist\u0113ma Sunglass QuickStow uz plecu siksnas dro\u0161ai un skr\u0101p\u0113jumiem dro\u0161ai saulesbrilles glab\u0101\u0161anai;\n\u2022 Iek\u0161\u0113j\u0101 hidr\u0101cijas kabata ar SpeedClip stiprin\u0101jumu, kas sader\u012bgs ar Gregory's 3D Hydro Trek Reservoir (hidr\u0101cijas sist\u0113ma nav iek\u013cauta);\n\u2022 Peldo\u0161s aug\u0161\u0113jais kabatas nodal\u012bjums ar lielu r\u0101v\u0113jsl\u0113dz\u0113ju, maza \u0101tr\u0101s piek\u013cuves kabata, apak\u0161\u0113j\u0101 r\u0101v\u0113jsl\u0113dz\u0113ja kabata ar atstarojo\u0161iem stiprin\u0101juma punktiem un atsl\u0113gu klipsi;\n\u2022 SideWinder pudeles tur\u0113t\u0101js \u0113rtai \u016bdens pudeles piek\u013cuvei ar vienu roku, kad esat ce\u013c\u0101; kad netiek lietots, to var \u0113rti noloc\u012bt;\n\u2022 S\u0101nu izstiepjam\u0101 sieta kabata ar caurumu kompresijas stiprin\u0101jumiem no apak\u0161as vai virspuses;\n\u2022 Priek\u0161\u0113j\u0101 liela izstiepjam\u0101 sieta kabata ar dro\u0161u spr\u0101dzes aizdari;\n\u2022 \u0100tras piek\u013cuves auklu aizdare un aug\u0161\u0113j\u0101 kompresijas siksna;\n\u2022 Apak\u0161\u0113j\u0101 r\u0101v\u0113jsl\u0113dz\u0113ja gu\u013cammaisa nodal\u012bjums ar no\u0146emamu starpsienu;\n\u2022 Regul\u0113jami stiprin\u0101jumu cilpas un aug\u0161\u0113jie amortizatori trekinga n\u016bj\u0101m vai leduscirt\u0146iem;\n\u2022 Custom ComfortGrip veidoti r\u0101v\u0113jsl\u0113dz\u0113ja rokturi un veidoti siksnu tur\u0113t\u0101ji siksnu p\u0101rvald\u012bbai;\n\u2022 Nano Connect \u2013 iek\u013cauti iek\u0161\u0113jie stiprin\u0101jumi, lai pievienotu Nano 14 Daypack;\n\u2022 Regul\u0113jami plecu siksnas un torsas garums, k\u0101 ar\u012b piel\u0101gojama gurnu jostas piegul\u0161ana un 3D Comfort Cradle \u0113rt\u012bbai bez berz\u0113\u0161anas, kas piegu\u013c \u0137ermenim;\n\u2022 Autom\u0101tiski rot\u0113jo\u0161as divu bl\u012bvumu plecu siksnas ar kr\u016b\u0161u siksnu, kur\u0101 integr\u0113ta dro\u0161\u012bbas svilpe un hidr\u0101cijas klipsis.\nSpecifik\u0101cijas:\n\u2022 Korpuss: 210D augsta bl\u012bvuma 40% p\u0101rstr\u0101d\u0101ts neilons un 420D augsta bl\u012bvuma 45% p\u0101rstr\u0101d\u0101ts neilons ar C0 DWR: izgatavots bez PFAS;\n\u2022 Pamatne: 420D augsta bl\u012bvuma 45% p\u0101rstr\u0101d\u0101ts neilons ar C0 DWR: izgatavots bez PFAS;\n\u2022 Plecu siksnas\/gurnu josta\/jostas da\u013ca: Lifespan Eva Foam un Polygiene\u00ae Stays Fresh Technology;\n\u2022 \u0160asijas atbalsts: Sakaus\u0113juma t\u0113rauda r\u0101mis un \u0161\u0137iedru stikla \u0161\u0137\u0113rssija, HDPE;\n\u2022 Odere: 40% p\u0101rstr\u0101d\u0101ts 135D poliesters ar C0 DWR: izgatavots bez PFAS;\n\u2022 Iepakojuma aparat\u016bra: Bluesign apstiprin\u0101tas spr\u0101dzes;\n\u2022 Maksim\u0101l\u0101 slodze: 23 kg.\nhttps:\/\/www.youtube.com\/watch?v=iCG6C_a5NIE","short_description":"Ir daudz da\u017e\u0101du iesp\u0113ju no kur\u0101m izv\u0113l\u0113ties, ta\u010du Katmai izce\u013cas ar izcilu komfortu un lielisku manevr\u0113tsp\u0113ju.","status":"publish","sku":"greg0003","original":62674},"wpml":{"translation_type":1,"has_translations":true,"original":62674,"duplicates":[],"translations":{"lv":62674,"en":67094,"ru":null}},"supplier_id":null,"supplier_sku":"","barcode":null,"atum_controlled":true,"out_stock_date":null,"out_stock_threshold":null,"inheritable":true,"inbound_stock":0,"stock_on_hold":0,"sold_today":0,"sales_last_days":0,"reserved_stock":0,"customer_returns":0,"warehouse_damage":0,"lost_in_post":0,"other_logs":0,"out_stock_days":0,"lost_sales":0,"has_location":false,"update_date":"2025-12-30T14:30:31","atum_locations":[],"atum_stock_status":"outofstock","restock_status":false,"low_stock_amount":"","sales_update_date":"2025-11-13T14:07:27","calc_backorders":null,"yoast_head":"<!-- This site is optimized with the Yoast SEO plugin v27.3 - https:\/\/yoast.com\/product\/yoast-seo-wordpress\/ -->\n<title>Gregory - Katmai 55 p\u0101rg\u0101jienu mugursoma<\/title>\n<meta name=\"description\" content=\"Ir daudz da\u017e\u0101du iesp\u0113ju no kur\u0101m izv\u0113l\u0113ties, ta\u010du Katmai izce\u013cas ar izcilu komfortu un lielisku manevr\u0113tsp\u0113ju.\" \/>\n<meta name=\"robots\" content=\"index, follow, max-snippet:-1, max-image-preview:large, max-video-preview:-1\" \/>\n<link rel=\"canonical\" href=\"https:\/\/gohike.lv\/ru\/produkts\/gregory-katmai-55-pargajienu-mugursoma\/\" \/>\n<meta property=\"og:locale\" content=\"ru_RU\" \/>\n<meta property=\"og:type\" content=\"article\" \/>\n<meta property=\"og:title\" content=\"P\u0101rg\u0101jienu mugursoma Gregory Katmai 55\" \/>\n<meta property=\"og:description\" content=\"Ir daudz da\u017e\u0101du iesp\u0113ju no kur\u0101m izv\u0113l\u0113ties, ta\u010du Katmai izce\u013cas ar izcilu komfortu un lielisku manevr\u0113tsp\u0113ju.\" \/>\n<meta property=\"og:url\" content=\"https:\/\/gohike.lv\/ru\/produkts\/gregory-katmai-55-pargajienu-mugursoma\/\" \/>\n<meta property=\"og:site_name\" content=\"GoHike\" \/>\n<meta property=\"article:publisher\" content=\"https:\/\/www.facebook.com\/gohike.shop\/\" \/>\n<meta property=\"article:modified_time\" content=\"2025-12-30T14:25:02+00:00\" \/>\n<meta property=\"og:image\" content=\"https:\/\/gohike.lv\/wp-content\/uploads\/2024\/10\/Katmai55_green_-1-scaled.jpg\" \/>\n\t<meta property=\"og:image:width\" content=\"2560\" \/>\n\t<meta property=\"og:image:height\" content=\"2560\" \/>\n\t<meta property=\"og:image:type\" content=\"image\/jpeg\" \/>\n<meta name=\"twitter:card\" content=\"summary_large_image\" \/>\n<meta name=\"twitter:title\" content=\"P\u0101rg\u0101jienu mugursoma Gregory Katmai 55\" \/>\n<meta name=\"twitter:label1\" content=\"\u041f\u0440\u0438\u043c\u0435\u0440\u043d\u043e\u0435 \u0432\u0440\u0435\u043c\u044f \u0434\u043b\u044f \u0447\u0442\u0435\u043d\u0438\u044f\" \/>\n\t<meta name=\"twitter:data1\" content=\"3 \u043c\u0438\u043d\u0443\u0442\u0430\" \/>\n<script type=\"application\/ld+json\" class=\"yoast-schema-graph\">{\"@context\":\"https:\\\/\\\/schema.org\",\"@graph\":[{\"@type\":[\"WebPage\",\"ItemPage\"],\"@id\":\"https:\\\/\\\/gohike.lv\\\/ru\\\/produkts\\\/gregory-katmai-55-pargajienu-mugursoma\\\/\",\"url\":\"https:\\\/\\\/gohike.lv\\\/ru\\\/produkts\\\/gregory-katmai-55-pargajienu-mugursoma\\\/\",\"name\":\"Gregory - Katmai 55 p\u0101rg\u0101jienu mugursoma\",\"isPartOf\":{\"@id\":\"https:\\\/\\\/gohike.lv\\\/ru\\\/#website\"},\"primaryImageOfPage\":{\"@id\":\"https:\\\/\\\/gohike.lv\\\/ru\\\/produkts\\\/gregory-katmai-55-pargajienu-mugursoma\\\/#primaryimage\"},\"image\":{\"@id\":\"https:\\\/\\\/gohike.lv\\\/ru\\\/produkts\\\/gregory-katmai-55-pargajienu-mugursoma\\\/#primaryimage\"},\"thumbnailUrl\":\"https:\\\/\\\/gohike.lv\\\/wp-content\\\/uploads\\\/2024\\\/10\\\/Katmai55_green_-1-scaled.jpg\",\"datePublished\":\"2024-10-09T14:35:29+00:00\",\"dateModified\":\"2025-12-30T14:25:02+00:00\",\"description\":\"Ir daudz da\u017e\u0101du iesp\u0113ju no kur\u0101m izv\u0113l\u0113ties, ta\u010du Katmai izce\u013cas ar izcilu komfortu un lielisku manevr\u0113tsp\u0113ju.\",\"breadcrumb\":{\"@id\":\"https:\\\/\\\/gohike.lv\\\/ru\\\/produkts\\\/gregory-katmai-55-pargajienu-mugursoma\\\/#breadcrumb\"},\"inLanguage\":\"ru-RU\",\"potentialAction\":[{\"@type\":\"ReadAction\",\"target\":[\"https:\\\/\\\/gohike.lv\\\/ru\\\/produkts\\\/gregory-katmai-55-pargajienu-mugursoma\\\/\"]}]},{\"@type\":\"ImageObject\",\"inLanguage\":\"ru-RU\",\"@id\":\"https:\\\/\\\/gohike.lv\\\/ru\\\/produkts\\\/gregory-katmai-55-pargajienu-mugursoma\\\/#primaryimage\",\"url\":\"https:\\\/\\\/gohike.lv\\\/wp-content\\\/uploads\\\/2024\\\/10\\\/Katmai55_green_-1-scaled.jpg\",\"contentUrl\":\"https:\\\/\\\/gohike.lv\\\/wp-content\\\/uploads\\\/2024\\\/10\\\/Katmai55_green_-1-scaled.jpg\",\"width\":2560,\"height\":2560},{\"@type\":\"BreadcrumbList\",\"@id\":\"https:\\\/\\\/gohike.lv\\\/ru\\\/produkts\\\/gregory-katmai-55-pargajienu-mugursoma\\\/#breadcrumb\",\"itemListElement\":[{\"@type\":\"ListItem\",\"position\":1,\"name\":\"\u0413\u043b\u0430\u0432\u043d\u0430\u044f\",\"item\":\"https:\\\/\\\/gohike.lv\\\/ru\\\/\"},{\"@type\":\"ListItem\",\"position\":2,\"name\":\"\u041a\u0430\u0442\u0435\u0433\u043e\u0440\u0438\u0438 \u0442\u043e\u0432\u0430\u0440\u043e\u0432\",\"item\":\"https:\\\/\\\/gohike.lv\\\/%d0%ba%d0%b0%d1%82%d0%b5%d0%b3%d0%be%d1%80%d0%b8%d0%b8-%d1%82%d0%be%d0%b2%d0%b0%d1%80%d0%be%d0%b2\\\/\"},{\"@type\":\"ListItem\",\"position\":3,\"name\":\"Gregory &#8211; Katmai 55 p\u0101rg\u0101jienu mugursoma\"}]},{\"@type\":\"WebSite\",\"@id\":\"https:\\\/\\\/gohike.lv\\\/ru\\\/#website\",\"url\":\"https:\\\/\\\/gohike.lv\\\/ru\\\/\",\"name\":\"GoHike\",\"description\":\"\",\"publisher\":{\"@id\":\"https:\\\/\\\/gohike.lv\\\/ru\\\/#organization\"},\"potentialAction\":[{\"@type\":\"SearchAction\",\"target\":{\"@type\":\"EntryPoint\",\"urlTemplate\":\"https:\\\/\\\/gohike.lv\\\/ru\\\/?s={search_term_string}\"},\"query-input\":{\"@type\":\"PropertyValueSpecification\",\"valueRequired\":true,\"valueName\":\"search_term_string\"}}],\"inLanguage\":\"ru-RU\"},{\"@type\":\"Organization\",\"@id\":\"https:\\\/\\\/gohike.lv\\\/ru\\\/#organization\",\"name\":\"GoHike\",\"url\":\"https:\\\/\\\/gohike.lv\\\/ru\\\/\",\"logo\":{\"@type\":\"ImageObject\",\"inLanguage\":\"ru-RU\",\"@id\":\"https:\\\/\\\/gohike.lv\\\/ru\\\/#\\\/schema\\\/logo\\\/image\\\/\",\"url\":\"https:\\\/\\\/gohike.lv\\\/wp-content\\\/uploads\\\/2023\\\/08\\\/Logo_GoHike.webp\",\"contentUrl\":\"https:\\\/\\\/gohike.lv\\\/wp-content\\\/uploads\\\/2023\\\/08\\\/Logo_GoHike.webp\",\"width\":512,\"height\":512,\"caption\":\"GoHike\"},\"image\":{\"@id\":\"https:\\\/\\\/gohike.lv\\\/ru\\\/#\\\/schema\\\/logo\\\/image\\\/\"},\"sameAs\":[\"https:\\\/\\\/www.facebook.com\\\/gohike.shop\\\/\",\"https:\\\/\\\/www.instagram.com\\\/gohike.shop\\\/\"]}]}<\/script>\n<!-- \/ Yoast SEO plugin. -->","yoast_head_json":{"title":"Gregory - Katmai 55 p\u0101rg\u0101jienu mugursoma","description":"Ir daudz da\u017e\u0101du iesp\u0113ju no kur\u0101m izv\u0113l\u0113ties, ta\u010du Katmai izce\u013cas ar izcilu komfortu un lielisku manevr\u0113tsp\u0113ju.","robots":{"index":"index","follow":"follow","max-snippet":"max-snippet:-1","max-image-preview":"max-image-preview:large","max-video-preview":"max-video-preview:-1"},"canonical":"https:\/\/gohike.lv\/ru\/produkts\/gregory-katmai-55-pargajienu-mugursoma\/","og_locale":"ru_RU","og_type":"article","og_title":"P\u0101rg\u0101jienu mugursoma Gregory Katmai 55","og_description":"Ir daudz da\u017e\u0101du iesp\u0113ju no kur\u0101m izv\u0113l\u0113ties, ta\u010du Katmai izce\u013cas ar izcilu komfortu un lielisku manevr\u0113tsp\u0113ju.","og_url":"https:\/\/gohike.lv\/ru\/produkts\/gregory-katmai-55-pargajienu-mugursoma\/","og_site_name":"GoHike","article_publisher":"https:\/\/www.facebook.com\/gohike.shop\/","article_modified_time":"2025-12-30T14:25:02+00:00","og_image":[{"width":2560,"height":2560,"url":"https:\/\/gohike.lv\/wp-content\/uploads\/2024\/10\/Katmai55_green_-1-scaled.jpg","type":"image\/jpeg"}],"twitter_card":"summary_large_image","twitter_title":"P\u0101rg\u0101jienu mugursoma Gregory Katmai 55","twitter_misc":{"\u041f\u0440\u0438\u043c\u0435\u0440\u043d\u043e\u0435 \u0432\u0440\u0435\u043c\u044f \u0434\u043b\u044f \u0447\u0442\u0435\u043d\u0438\u044f":"3 \u043c\u0438\u043d\u0443\u0442\u0430"},"schema":{"@context":"https:\/\/schema.org","@graph":[{"@type":["WebPage","ItemPage"],"@id":"https:\/\/gohike.lv\/ru\/produkts\/gregory-katmai-55-pargajienu-mugursoma\/","url":"https:\/\/gohike.lv\/ru\/produkts\/gregory-katmai-55-pargajienu-mugursoma\/","name":"Gregory - Katmai 55 p\u0101rg\u0101jienu mugursoma","isPartOf":{"@id":"https:\/\/gohike.lv\/ru\/#website"},"primaryImageOfPage":{"@id":"https:\/\/gohike.lv\/ru\/produkts\/gregory-katmai-55-pargajienu-mugursoma\/#primaryimage"},"image":{"@id":"https:\/\/gohike.lv\/ru\/produkts\/gregory-katmai-55-pargajienu-mugursoma\/#primaryimage"},"thumbnailUrl":"https:\/\/gohike.lv\/wp-content\/uploads\/2024\/10\/Katmai55_green_-1-scaled.jpg","datePublished":"2024-10-09T14:35:29+00:00","dateModified":"2025-12-30T14:25:02+00:00","description":"Ir daudz da\u017e\u0101du iesp\u0113ju no kur\u0101m izv\u0113l\u0113ties, ta\u010du Katmai izce\u013cas ar izcilu komfortu un lielisku manevr\u0113tsp\u0113ju.","breadcrumb":{"@id":"https:\/\/gohike.lv\/ru\/produkts\/gregory-katmai-55-pargajienu-mugursoma\/#breadcrumb"},"inLanguage":"ru-RU","potentialAction":[{"@type":"ReadAction","target":["https:\/\/gohike.lv\/ru\/produkts\/gregory-katmai-55-pargajienu-mugursoma\/"]}]},{"@type":"ImageObject","inLanguage":"ru-RU","@id":"https:\/\/gohike.lv\/ru\/produkts\/gregory-katmai-55-pargajienu-mugursoma\/#primaryimage","url":"https:\/\/gohike.lv\/wp-content\/uploads\/2024\/10\/Katmai55_green_-1-scaled.jpg","contentUrl":"https:\/\/gohike.lv\/wp-content\/uploads\/2024\/10\/Katmai55_green_-1-scaled.jpg","width":2560,"height":2560},{"@type":"BreadcrumbList","@id":"https:\/\/gohike.lv\/ru\/produkts\/gregory-katmai-55-pargajienu-mugursoma\/#breadcrumb","itemListElement":[{"@type":"ListItem","position":1,"name":"\u0413\u043b\u0430\u0432\u043d\u0430\u044f","item":"https:\/\/gohike.lv\/ru\/"},{"@type":"ListItem","position":2,"name":"\u041a\u0430\u0442\u0435\u0433\u043e\u0440\u0438\u0438 \u0442\u043e\u0432\u0430\u0440\u043e\u0432","item":"https:\/\/gohike.lv\/%d0%ba%d0%b0%d1%82%d0%b5%d0%b3%d0%be%d1%80%d0%b8%d0%b8-%d1%82%d0%be%d0%b2%d0%b0%d1%80%d0%be%d0%b2\/"},{"@type":"ListItem","position":3,"name":"Gregory &#8211; Katmai 55 p\u0101rg\u0101jienu mugursoma"}]},{"@type":"WebSite","@id":"https:\/\/gohike.lv\/ru\/#website","url":"https:\/\/gohike.lv\/ru\/","name":"GoHike","description":"","publisher":{"@id":"https:\/\/gohike.lv\/ru\/#organization"},"potentialAction":[{"@type":"SearchAction","target":{"@type":"EntryPoint","urlTemplate":"https:\/\/gohike.lv\/ru\/?s={search_term_string}"},"query-input":{"@type":"PropertyValueSpecification","valueRequired":true,"valueName":"search_term_string"}}],"inLanguage":"ru-RU"},{"@type":"Organization","@id":"https:\/\/gohike.lv\/ru\/#organization","name":"GoHike","url":"https:\/\/gohike.lv\/ru\/","logo":{"@type":"ImageObject","inLanguage":"ru-RU","@id":"https:\/\/gohike.lv\/ru\/#\/schema\/logo\/image\/","url":"https:\/\/gohike.lv\/wp-content\/uploads\/2023\/08\/Logo_GoHike.webp","contentUrl":"https:\/\/gohike.lv\/wp-content\/uploads\/2023\/08\/Logo_GoHike.webp","width":512,"height":512,"caption":"GoHike"},"image":{"@id":"https:\/\/gohike.lv\/ru\/#\/schema\/logo\/image\/"},"sameAs":["https:\/\/www.facebook.com\/gohike.shop\/","https:\/\/www.instagram.com\/gohike.shop\/"]}]}},"jetpack_sharing_enabled":true,"_links":{"self":[{"href":"https:\/\/gohike.lv\/ru\/wp-json\/wp\/v2\/product\/62674","targetHints":{"allow":["GET"]}}],"collection":[{"href":"https:\/\/gohike.lv\/ru\/wp-json\/wp\/v2\/product"}],"about":[{"href":"https:\/\/gohike.lv\/ru\/wp-json\/wp\/v2\/types\/product"}],"version-history":[{"count":0,"href":"https:\/\/gohike.lv\/ru\/wp-json\/wp\/v2\/product\/62674\/revisions"}],"wp:featuredmedia":[{"embeddable":true,"href":"https:\/\/gohike.lv\/ru\/wp-json\/wp\/v2\/media\/62677"}],"wp:attachment":[{"href":"https:\/\/gohike.lv\/ru\/wp-json\/wp\/v2\/media?parent=62674"}],"wp:term":[{"taxonomy":"product_brand","embeddable":true,"href":"https:\/\/gohike.lv\/ru\/wp-json\/wp\/v2\/product_brand?post=62674"},{"taxonomy":"product_cat","embeddable":true,"href":"https:\/\/gohike.lv\/ru\/wp-json\/wp\/v2\/product_cat?post=62674"},{"taxonomy":"product_tag","embeddable":true,"href":"https:\/\/gohike.lv\/ru\/wp-json\/wp\/v2\/product_tag?post=62674"}],"curies":[{"name":"wp","href":"https:\/\/api.w.org\/{rel}","templated":true}]}}